{"id":4961,"date":"2024-10-31T10:56:17","date_gmt":"2024-10-31T10:56:17","guid":{"rendered":"https:\/\/eurorxdrugs.cc\/cs\/?post_type=product&#038;p=4961"},"modified":"2024-10-31T11:04:11","modified_gmt":"2024-10-31T11:04:11","slug":"nizoral-ketoconazole-cream-2","status":"publish","type":"product","link":"https:\/\/eurorxdrugs.cc\/cs\/product\/nizoral-ketoconazole-cream-2\/","title":{"rendered":"Nizoral (Ketoconazole) Cream 2%"},"content":{"rendered":"<div class=\"pro-description_name\">Beschreibung<\/div>\n<div class=\"pro-description_content\">\n<div><b>Indikation :<\/b><\/div>\n<div>-Das Arzneimittel ist ein pilzt\u00f6tendes Arzneimittel zur \u00e4u\u00dferlichen Behandlung von Pilzerkrankungen der Haut (Antimykotikum).<\/div>\n<div>-Es wird bei entz\u00fcndlichen Hautver\u00e4nderungen mit Schuppen und Juckreiz (seborrhoischer Dermatitis oder seborrhoisches Ekzem) und Kleienpilzflechte (Pityriasis versicolor) angewendet.<\/div>\n<div>Kontraindikation:<\/div>\n<ul>\n<li>Das Arzneimittel darf nicht angewendet werden, wenn Sie \u00fcberempfindlich (allergisch) gegen Ketoconazol oder einen der sonstigen Bestandteile des Arzneimittels sind.<\/li>\n<\/ul>\n<div><\/div>\n<div><b>Nebenwirkungen:<\/b><\/div>\n<div>&#8211; Wie alle Arzneimittel kann das Arzneimittel Nebenwirkungen haben, die aber nicht bei jedem auftreten m\u00fcssen.<\/div>\n<div><\/div>\n<div>&#8211; Bei den H\u00e4ufigkeitsangaben zu Nebenwirkungen werden folgende Kategorien zugrunde gelegt:<\/div>\n<div><\/div>\n<ul>\n<li>Hautr\u00f6tung (Erythem), Juckreiz am Verabreichungsort<\/li>\n<li>Bl\u00e4schenbildung, Entz\u00fcndung der Haut, Ausschlag, Hautschuppung Wassereinlagerungen in der Haut (\u00d6dem)<\/li>\n<li>Hautreaktionen am Verabreichungsort: Blutungen, leichte Schmerzen, trockene Haut, Entz\u00fcndungen, Hautreizungen, Missempfindungen<\/li>\n<li>Nesselsucht<\/li>\n<\/ul>\n<div><\/div>\n<div><b>Patientenhinweise:<\/b><\/div>\n<div>&#8211; Das Arzneimittel darf nicht ins Auge gelangen.<\/div>\n<div><\/div>\n<div>&#8211; Sollten Sie zur Zeit aufgrund Ihrer Beschwerden gleichzeitig \u00e4u\u00dferlich anzuwendende kortisonhaltige Arzneimittel benutzen, dann befragen Sie Ihren Arzt oder Apotheker. Sie k\u00f6nnen mit der Anwendung des Arzneimittels sofort beginnen, sollten aber die Anwendung des kortisonhaltigen Arzneimittels nicht von einem auf den anderen Tag beenden. Ihre Haut k\u00f6nnte mit R\u00f6tung oder Juckreiz reagieren. Folgen Sie dem Behandlungsschema:<\/div>\n<div><\/div>\n<ul>\n<li>Wenden Sie f\u00fcr eine Woche das kortisonhaltige Arzneimittel am Morgen und dieses Arzneimittel am Abend an.<\/li>\n<li>Danach, tragen Sie f\u00fcr eine bis zwei weitere Wochen das kortisonhaltige Arzneimittel alle 2 bis 3 Tage am Morgen und dieses Arzneimittel jeden Abend auf.<\/li>\n<li>Dann beenden Sie die Anwendung des kortisonhaltigen Arzneimittels und wenden, falls n\u00f6tig, nur noch dieses Arzneimittel an.<\/li>\n<\/ul>\n<div>&#8211; Bitte fragen Sie bei Ihrem Arzt oder Apotheker nach, wenn Sie sich nicht ganz sicher sind.<\/div>\n<div><\/div>\n<div>-Verkehrst\u00fcchtigkeit und das Bedienen von Maschinen:<\/div>\n<ul>\n<li>Es sind keine besonderen Vorsichtsma\u00dfnahmen erforderlich.<\/li>\n<\/ul>\n<div>-Arzneimittel f\u00fcr Kinder unzug\u00e4nglich aufbewahren!<\/div>\n<\/div>\n","protected":false},"excerpt":{"rendered":"<div>Handelsname:\u00a0Nizoral<\/div>\n<div>Hauptbestandteil:\u00a0Ketoconazol<\/div>\n<div>Anwendung:\u00a0Das Arzneimittel ist ein pilzt\u00f6tendes Arzneimittel zur \u00e4u\u00dferlichen Behandlung von Pilzerkrankungen der Haut (Antimykotikum).<\/div>\n<div>Verf\u00fcgbare Dosierung: 2mg,\u00a015mg<\/div>\n","protected":false},"featured_media":4962,"comment_status":"open","ping_status":"closed","template":"","meta":[],"product_cat":[32],"product_tag":[],"class_list":{"0":"post-4961","1":"product","2":"type-product","3":"status-publish","4":"has-post-thumbnail","6":"product_cat-antifungal","8":"first","9":"instock","10":"shipping-taxable","11":"product-type-grouped"},"yoast_head":"<!-- This site is optimized with the Yoast SEO plugin v20.0 - https:\/\/yoast.com\/wordpress\/plugins\/seo\/ -->\n<title>Objednejte Nizoral (Ketoconazole) Cream 2% bez receptu za n\u00edzkou cenu | Eurorxdrugs<\/title>\n<meta name=\"description\" content=\"Kupte Nizoral (Ketoconazole) Cream 2% nyn\u00ed! Origin\u00e1ln\u00ed l\u00e9ky a rychl\u00e9 doru\u010den\u00ed v cen\u011b. 100% diskr\u00e9tn\u00ed a d\u016fv\u011brn\u00fd servis pro v\u0161echny na\u0161e z\u00e1kazn\u00edky na Eurorxdrugs\" \/>\n<meta name=\"robots\" content=\"index, follow, max-snippet:-1, max-image-preview:large, max-video-preview:-1\" \/>\n<link rel=\"canonical\" href=\"https:\/\/eurorxdrugs.cc\/cs\/product\/nizoral-ketoconazole-cream-2\/\" \/>\n<meta property=\"og:locale\" content=\"cs_CZ\" \/>\n<meta property=\"og:type\" content=\"article\" \/>\n<meta property=\"og:title\" content=\"Objednejte Nizoral (Ketoconazole) Cream 2% bez receptu za n\u00edzkou cenu | Eurorxdrugs\" \/>\n<meta property=\"og:description\" content=\"Kupte Nizoral (Ketoconazole) Cream 2% nyn\u00ed! Origin\u00e1ln\u00ed l\u00e9ky a rychl\u00e9 doru\u010den\u00ed v cen\u011b. 100% diskr\u00e9tn\u00ed a d\u016fv\u011brn\u00fd servis pro v\u0161echny na\u0161e z\u00e1kazn\u00edky na Eurorxdrugs\" \/>\n<meta property=\"og:url\" content=\"https:\/\/eurorxdrugs.cc\/cs\/product\/nizoral-ketoconazole-cream-2\/\" \/>\n<meta property=\"og:site_name\" content=\"eurorxdrugs\" \/>\n<meta property=\"article:modified_time\" content=\"2024-10-31T11:04:11+00:00\" \/>\n<meta property=\"og:image\" content=\"https:\/\/eurorxdrugs.cc\/cs\/wp-content\/uploads\/2024\/10\/228-min.jpg\" \/>\n\t<meta property=\"og:image:width\" content=\"270\" \/>\n\t<meta property=\"og:image:height\" content=\"300\" \/>\n\t<meta property=\"og:image:type\" content=\"image\/jpeg\" \/>\n<meta name=\"twitter:card\" content=\"summary_large_image\" \/>\n<meta name=\"twitter:label1\" content=\"Odhadovan\u00e1 doba \u010dten\u00ed\" \/>\n\t<meta name=\"twitter:data1\" content=\"2 minuty\" \/>\n<script type=\"application\/ld+json\" class=\"yoast-schema-graph\">{\"@context\":\"https:\/\/schema.org\",\"@graph\":[{\"@type\":\"WebPage\",\"@id\":\"https:\/\/eurorxdrugs.cc\/cs\/product\/nizoral-ketoconazole-cream-2\/\",\"url\":\"https:\/\/eurorxdrugs.cc\/cs\/product\/nizoral-ketoconazole-cream-2\/\",\"name\":\"Objednejte Nizoral (Ketoconazole) Cream 2% bez receptu za n\u00edzkou cenu | Eurorxdrugs\",\"isPartOf\":{\"@id\":\"https:\/\/eurorxdrugs.cc\/cs\/#website\"},\"datePublished\":\"2024-10-31T10:56:17+00:00\",\"dateModified\":\"2024-10-31T11:04:11+00:00\",\"description\":\"Kupte Nizoral (Ketoconazole) Cream 2% nyn\u00ed! Origin\u00e1ln\u00ed l\u00e9ky a rychl\u00e9 doru\u010den\u00ed v cen\u011b. 100% diskr\u00e9tn\u00ed a d\u016fv\u011brn\u00fd servis pro v\u0161echny na\u0161e z\u00e1kazn\u00edky na Eurorxdrugs\",\"breadcrumb\":{\"@id\":\"https:\/\/eurorxdrugs.cc\/cs\/product\/nizoral-ketoconazole-cream-2\/#breadcrumb\"},\"inLanguage\":\"cs\",\"potentialAction\":[{\"@type\":\"ReadAction\",\"target\":[\"https:\/\/eurorxdrugs.cc\/cs\/product\/nizoral-ketoconazole-cream-2\/\"]}]},{\"@type\":\"BreadcrumbList\",\"@id\":\"https:\/\/eurorxdrugs.cc\/cs\/product\/nizoral-ketoconazole-cream-2\/#breadcrumb\",\"itemListElement\":[{\"@type\":\"ListItem\",\"position\":1,\"name\":\"Home\",\"item\":\"https:\/\/eurorxdrugs.cc\/cs\/\"},{\"@type\":\"ListItem\",\"position\":2,\"name\":\"Products\",\"item\":\"https:\/\/eurorxdrugs.cc\/cs\/shop\/\"},{\"@type\":\"ListItem\",\"position\":3,\"name\":\"Nizoral (Ketoconazole) Cream 2%\"}]},{\"@type\":\"WebSite\",\"@id\":\"https:\/\/eurorxdrugs.cc\/cs\/#website\",\"url\":\"https:\/\/eurorxdrugs.cc\/cs\/\",\"name\":\"eurorxdrugs\",\"description\":\"\",\"publisher\":{\"@id\":\"https:\/\/eurorxdrugs.cc\/cs\/#organization\"},\"potentialAction\":[{\"@type\":\"SearchAction\",\"target\":{\"@type\":\"EntryPoint\",\"urlTemplate\":\"https:\/\/eurorxdrugs.cc\/cs\/?s={search_term_string}\"},\"query-input\":\"required name=search_term_string\"}],\"inLanguage\":\"cs\"},{\"@type\":\"Organization\",\"@id\":\"https:\/\/eurorxdrugs.cc\/cs\/#organization\",\"name\":\"eurorxdrugs\",\"url\":\"https:\/\/eurorxdrugs.cc\/cs\/\",\"logo\":{\"@type\":\"ImageObject\",\"inLanguage\":\"cs\",\"@id\":\"https:\/\/eurorxdrugs.cc\/cs\/#\/schema\/logo\/image\/\",\"url\":\"https:\/\/eurorxdrugs.cc\/cs\/wp-content\/uploads\/2024\/09\/logo-1-1.png\",\"contentUrl\":\"https:\/\/eurorxdrugs.cc\/cs\/wp-content\/uploads\/2024\/09\/logo-1-1.png\",\"width\":233,\"height\":54,\"caption\":\"eurorxdrugs\"},\"image\":{\"@id\":\"https:\/\/eurorxdrugs.cc\/cs\/#\/schema\/logo\/image\/\"}}]}<\/script>\n<!-- \/ Yoast SEO plugin. -->","yoast_head_json":{"title":"Objednejte Nizoral (Ketoconazole) Cream 2% bez receptu za n\u00edzkou cenu | Eurorxdrugs","description":"Kupte Nizoral (Ketoconazole) Cream 2% nyn\u00ed! Origin\u00e1ln\u00ed l\u00e9ky a rychl\u00e9 doru\u010den\u00ed v cen\u011b. 100% diskr\u00e9tn\u00ed a d\u016fv\u011brn\u00fd servis pro v\u0161echny na\u0161e z\u00e1kazn\u00edky na Eurorxdrugs","robots":{"index":"index","follow":"follow","max-snippet":"max-snippet:-1","max-image-preview":"max-image-preview:large","max-video-preview":"max-video-preview:-1"},"canonical":"https:\/\/eurorxdrugs.cc\/cs\/product\/nizoral-ketoconazole-cream-2\/","og_locale":"cs_CZ","og_type":"article","og_title":"Objednejte Nizoral (Ketoconazole) Cream 2% bez receptu za n\u00edzkou cenu | Eurorxdrugs","og_description":"Kupte Nizoral (Ketoconazole) Cream 2% nyn\u00ed! Origin\u00e1ln\u00ed l\u00e9ky a rychl\u00e9 doru\u010den\u00ed v cen\u011b. 100% diskr\u00e9tn\u00ed a d\u016fv\u011brn\u00fd servis pro v\u0161echny na\u0161e z\u00e1kazn\u00edky na Eurorxdrugs","og_url":"https:\/\/eurorxdrugs.cc\/cs\/product\/nizoral-ketoconazole-cream-2\/","og_site_name":"eurorxdrugs","article_modified_time":"2024-10-31T11:04:11+00:00","og_image":[{"width":270,"height":300,"url":"https:\/\/eurorxdrugs.cc\/cs\/wp-content\/uploads\/2024\/10\/228-min.jpg","type":"image\/jpeg"}],"twitter_card":"summary_large_image","twitter_misc":{"Odhadovan\u00e1 doba \u010dten\u00ed":"2 minuty"},"schema":{"@context":"https:\/\/schema.org","@graph":[{"@type":"WebPage","@id":"https:\/\/eurorxdrugs.cc\/cs\/product\/nizoral-ketoconazole-cream-2\/","url":"https:\/\/eurorxdrugs.cc\/cs\/product\/nizoral-ketoconazole-cream-2\/","name":"Objednejte Nizoral (Ketoconazole) Cream 2% bez receptu za n\u00edzkou cenu | Eurorxdrugs","isPartOf":{"@id":"https:\/\/eurorxdrugs.cc\/cs\/#website"},"datePublished":"2024-10-31T10:56:17+00:00","dateModified":"2024-10-31T11:04:11+00:00","description":"Kupte Nizoral (Ketoconazole) Cream 2% nyn\u00ed! Origin\u00e1ln\u00ed l\u00e9ky a rychl\u00e9 doru\u010den\u00ed v cen\u011b. 100% diskr\u00e9tn\u00ed a d\u016fv\u011brn\u00fd servis pro v\u0161echny na\u0161e z\u00e1kazn\u00edky na Eurorxdrugs","breadcrumb":{"@id":"https:\/\/eurorxdrugs.cc\/cs\/product\/nizoral-ketoconazole-cream-2\/#breadcrumb"},"inLanguage":"cs","potentialAction":[{"@type":"ReadAction","target":["https:\/\/eurorxdrugs.cc\/cs\/product\/nizoral-ketoconazole-cream-2\/"]}]},{"@type":"BreadcrumbList","@id":"https:\/\/eurorxdrugs.cc\/cs\/product\/nizoral-ketoconazole-cream-2\/#breadcrumb","itemListElement":[{"@type":"ListItem","position":1,"name":"Home","item":"https:\/\/eurorxdrugs.cc\/cs\/"},{"@type":"ListItem","position":2,"name":"Products","item":"https:\/\/eurorxdrugs.cc\/cs\/shop\/"},{"@type":"ListItem","position":3,"name":"Nizoral (Ketoconazole) Cream 2%"}]},{"@type":"WebSite","@id":"https:\/\/eurorxdrugs.cc\/cs\/#website","url":"https:\/\/eurorxdrugs.cc\/cs\/","name":"eurorxdrugs","description":"","publisher":{"@id":"https:\/\/eurorxdrugs.cc\/cs\/#organization"},"potentialAction":[{"@type":"SearchAction","target":{"@type":"EntryPoint","urlTemplate":"https:\/\/eurorxdrugs.cc\/cs\/?s={search_term_string}"},"query-input":"required name=search_term_string"}],"inLanguage":"cs"},{"@type":"Organization","@id":"https:\/\/eurorxdrugs.cc\/cs\/#organization","name":"eurorxdrugs","url":"https:\/\/eurorxdrugs.cc\/cs\/","logo":{"@type":"ImageObject","inLanguage":"cs","@id":"https:\/\/eurorxdrugs.cc\/cs\/#\/schema\/logo\/image\/","url":"https:\/\/eurorxdrugs.cc\/cs\/wp-content\/uploads\/2024\/09\/logo-1-1.png","contentUrl":"https:\/\/eurorxdrugs.cc\/cs\/wp-content\/uploads\/2024\/09\/logo-1-1.png","width":233,"height":54,"caption":"eurorxdrugs"},"image":{"@id":"https:\/\/eurorxdrugs.cc\/cs\/#\/schema\/logo\/image\/"}}]}},"_links":{"self":[{"href":"https:\/\/eurorxdrugs.cc\/cs\/wp-json\/wp\/v2\/product\/4961","targetHints":{"allow":["GET"]}}],"collection":[{"href":"https:\/\/eurorxdrugs.cc\/cs\/wp-json\/wp\/v2\/product"}],"about":[{"href":"https:\/\/eurorxdrugs.cc\/cs\/wp-json\/wp\/v2\/types\/product"}],"replies":[{"embeddable":true,"href":"https:\/\/eurorxdrugs.cc\/cs\/wp-json\/wp\/v2\/comments?post=4961"}],"wp:featuredmedia":[{"embeddable":true,"href":"https:\/\/eurorxdrugs.cc\/cs\/wp-json\/wp\/v2\/media\/4962"}],"wp:attachment":[{"href":"https:\/\/eurorxdrugs.cc\/cs\/wp-json\/wp\/v2\/media?parent=4961"}],"wp:term":[{"taxonomy":"product_cat","embeddable":true,"href":"https:\/\/eurorxdrugs.cc\/cs\/wp-json\/wp\/v2\/product_cat?post=4961"},{"taxonomy":"product_tag","embeddable":true,"href":"https:\/\/eurorxdrugs.cc\/cs\/wp-json\/wp\/v2\/product_tag?post=4961"}],"curies":[{"name":"wp","href":"https:\/\/api.w.org\/{rel}","templated":true}]}}