{"id":4975,"date":"2024-10-31T11:18:33","date_gmt":"2024-10-31T11:18:33","guid":{"rendered":"https:\/\/eurorxdrugs.cc\/cs\/?post_type=product&#038;p=4975"},"modified":"2024-10-31T11:40:21","modified_gmt":"2024-10-31T11:40:21","slug":"synthroid-levothyroxin","status":"publish","type":"product","link":"https:\/\/eurorxdrugs.cc\/cs\/product\/synthroid-levothyroxin\/","title":{"rendered":"Synthroid (Levothyroxin)"},"content":{"rendered":"<div class=\"pro-description_name\">Beschreibung<\/div>\n<div class=\"pro-description_content\">\n<div>Allgemeine Anwendung<\/div>\n<div>\u00a0\u00a0\u00a0\u00a0\u00a0\u00a0\u00a0\u00a0Synthroid\u00a0ist ein Medikament auf Levothyroxin-Basis, das zur Behandlung niedriger Schilddr\u00fcsenhormone und bestimmter Kropfarten verwendet wird. Es kann f\u00fcr chirurgische Eingriffe oder als Teil der Schilddr\u00fcsenkrebstherapie verschrieben werden, da es ein Schilddr\u00fcsenhormon ist, das das k\u00f6rpereigene ersetzt.<\/div>\n<div><\/div>\n<div>Nebenwirkungen von <b>Synthroid <\/b>k\u00f6nnten sein:<\/div>\n<div>\u2022 leichter Haarausfall zu Beginn der Behandlung (muss bei anhaltendem Auftreten Ihrem Arzt mitgeteilt werden);<\/div>\n<div>\u2022 erh\u00f6htes oder verringertes Wachstum bei Kindern und Jugendlichen;<\/div>\n<div>\u2022 schwere allergische Reaktionen, z. Hautausschlag, Nesselsucht, geschwollener Mund, Gesicht, Lippen oder Zunge, Atemnot;<\/div>\n<div>\u2022 Brust- \/ Bauch- \/ Gelenk- \/ Beinschmerzen;<\/div>\n<div>\u2022 vermehrtes Schwitzen;<\/div>\n<div>\u2022 Stimmungs\u00e4nderungen, z. Nervosit\u00e4t, Reizbarkeit, Angstzust\u00e4nde;<\/div>\n<div>\u2022 Muskelschw\u00e4che, Anf\u00e4lle;<\/div>\n<div>\u2022 Menstruationsver\u00e4nderungen;<\/div>\n<div>\u2022 Appetit\u00e4nderungen und \/ oder Gewichtszunahme oder -abnahme;<\/div>\n<div>\u2022 Tachykardie;<\/div>\n<div>\u2022 Anf\u00e4lle, Tremor;<\/div>\n<div>\u2022 Erbrechen, Durchfall;<\/div>\n<div>\u2022 Fieber;<\/div>\n<div>\u2022 Kopfschmerzen<\/div>\n<div><\/div>\n<div>Um das Risiko der Entwicklung von Nebenwirkungen zu verringern, muss Ihr Arzt die Behandlung mit <b>Synthroid <\/b>genehmigt haben, wenn Sie:<\/div>\n<div>\u2022 schwanger sind, stillen oder planen, ein Baby zu bekommen;<\/div>\n<div>\u2022 allergisch oder \u00fcberempfindlich gegen Levothyroxin oder andere Substanzen sind;<\/div>\n<div>\u2022 vor kurzem einen Herzinfarkt oder eine Operation hatte oder geplant hatte, sich einer Operation zu unterziehen;<\/div>\n<div>\u2022 an Diabetes leiden oder eine Vorgeschichte von Diabetes, einem hohen Schilddr\u00fcsenhormonspiegel, Bluthochdruck, Herz-Kreislauf-Erkrankungen \/ Nebenniere \/ Knochen \/ Blut \/ Fruchtbarkeit \/ Hypophyse \/ N\u00e4hrstoffaufnahme oder Schluckbeschwerden haben;<\/div>\n<div>\u2022 Sie nehmen alle verschreibungspflichtigen oder nicht verschreibungspflichtigen Medikamente, Multivitamine oder Nahrungserg\u00e4nzungsmittel, einschlie\u00dflich Depressionen, Diabetes, Sodbrennen, Krebs, Infektionen, Asthma, verstopfte Nase, Krampfanf\u00e4lle, Schmerzen, Hepatitis, Hormonersatztherapie, Schilddr\u00fcse \/ Blut \/ Herz \/ Kreislauf \/ Geisteszustand Bedingungen oder Geburtenkontrolle;<\/div>\n<div>\u2022 Ihre t\u00e4gliche Ern\u00e4hrung umfasst Sojabohnenmehl, Waln\u00fcsse, Ballaststoffe oder Baumwollsamenmehl.<\/div>\n<div><\/div>\n<div>\u00a0\u00a0\u00a0\u00a0\u00a0\u00a0\u00a0\u00a0hr Arzt muss sich dar\u00fcber im Klaren sein, dass Sie Synthroid\u00a0einnehmen, wenn Sie w\u00e4hrend der Behandlung mit Synthroid\u00a0eine \u00e4rztliche Behandlung (Notfallbehandlung), eine Zahnbehandlung oder eine Operation erhalten.<\/div>\n<\/div>\n","protected":false},"excerpt":{"rendered":"<div>Handelsname:\u00a0Synthroid<\/div>\n<div>Hauptbestandteil:\u00a0Levothyroxin<\/div>\n<div>Produktionsform:\u00a0Pillen<\/div>\n<div>Verwendung:\u00a0Lindert: Behandelt Erkrankungen der Schilddr\u00fcse<\/div>\n<div>Verf\u00fcgbare Dosierung:\u00a025 mg, 50 mg,100mg , 200mg<\/div>\n","protected":false},"featured_media":4976,"comment_status":"open","ping_status":"closed","template":"","meta":[],"product_cat":[91],"product_tag":[],"class_list":{"0":"post-4975","1":"product","2":"type-product","3":"status-publish","4":"has-post-thumbnail","6":"product_cat-schilddrusenmedikamente","8":"first","9":"instock","10":"shipping-taxable","11":"product-type-grouped"},"yoast_head":"<!-- This site is optimized with the Yoast SEO plugin v20.0 - https:\/\/yoast.com\/wordpress\/plugins\/seo\/ -->\n<title>Objednejte Synthroid (Levothyroxin) bez receptu za n\u00edzkou cenu | Eurorxdrugs<\/title>\n<meta name=\"description\" content=\"Kupte Synthroid (Levothyroxin) nyn\u00ed! Origin\u00e1ln\u00ed l\u00e9ky a rychl\u00e9 doru\u010den\u00ed v cen\u011b. 100% diskr\u00e9tn\u00ed a d\u016fv\u011brn\u00fd servis pro v\u0161echny na\u0161e z\u00e1kazn\u00edky na Eurorxdrugs\" \/>\n<meta name=\"robots\" content=\"index, follow, max-snippet:-1, max-image-preview:large, max-video-preview:-1\" \/>\n<link rel=\"canonical\" href=\"https:\/\/eurorxdrugs.cc\/cs\/product\/synthroid-levothyroxin\/\" \/>\n<meta property=\"og:locale\" content=\"cs_CZ\" \/>\n<meta property=\"og:type\" content=\"article\" \/>\n<meta property=\"og:title\" content=\"Objednejte Synthroid (Levothyroxin) bez receptu za n\u00edzkou cenu | Eurorxdrugs\" \/>\n<meta property=\"og:description\" content=\"Kupte Synthroid (Levothyroxin) nyn\u00ed! Origin\u00e1ln\u00ed l\u00e9ky a rychl\u00e9 doru\u010den\u00ed v cen\u011b. 100% diskr\u00e9tn\u00ed a d\u016fv\u011brn\u00fd servis pro v\u0161echny na\u0161e z\u00e1kazn\u00edky na Eurorxdrugs\" \/>\n<meta property=\"og:url\" content=\"https:\/\/eurorxdrugs.cc\/cs\/product\/synthroid-levothyroxin\/\" \/>\n<meta property=\"og:site_name\" content=\"eurorxdrugs\" \/>\n<meta property=\"article:modified_time\" content=\"2024-10-31T11:40:21+00:00\" \/>\n<meta property=\"og:image\" content=\"https:\/\/eurorxdrugs.cc\/cs\/wp-content\/uploads\/2024\/10\/114-min.jpg\" \/>\n\t<meta property=\"og:image:width\" content=\"270\" \/>\n\t<meta property=\"og:image:height\" content=\"300\" \/>\n\t<meta property=\"og:image:type\" content=\"image\/jpeg\" \/>\n<meta name=\"twitter:card\" content=\"summary_large_image\" \/>\n<meta name=\"twitter:label1\" content=\"Odhadovan\u00e1 doba \u010dten\u00ed\" \/>\n\t<meta name=\"twitter:data1\" content=\"2 minuty\" \/>\n<script type=\"application\/ld+json\" class=\"yoast-schema-graph\">{\"@context\":\"https:\/\/schema.org\",\"@graph\":[{\"@type\":\"WebPage\",\"@id\":\"https:\/\/eurorxdrugs.cc\/cs\/product\/synthroid-levothyroxin\/\",\"url\":\"https:\/\/eurorxdrugs.cc\/cs\/product\/synthroid-levothyroxin\/\",\"name\":\"Objednejte Synthroid (Levothyroxin) bez receptu za n\u00edzkou cenu | Eurorxdrugs\",\"isPartOf\":{\"@id\":\"https:\/\/eurorxdrugs.cc\/cs\/#website\"},\"datePublished\":\"2024-10-31T11:18:33+00:00\",\"dateModified\":\"2024-10-31T11:40:21+00:00\",\"description\":\"Kupte Synthroid (Levothyroxin) nyn\u00ed! Origin\u00e1ln\u00ed l\u00e9ky a rychl\u00e9 doru\u010den\u00ed v cen\u011b. 100% diskr\u00e9tn\u00ed a d\u016fv\u011brn\u00fd servis pro v\u0161echny na\u0161e z\u00e1kazn\u00edky na Eurorxdrugs\",\"breadcrumb\":{\"@id\":\"https:\/\/eurorxdrugs.cc\/cs\/product\/synthroid-levothyroxin\/#breadcrumb\"},\"inLanguage\":\"cs\",\"potentialAction\":[{\"@type\":\"ReadAction\",\"target\":[\"https:\/\/eurorxdrugs.cc\/cs\/product\/synthroid-levothyroxin\/\"]}]},{\"@type\":\"BreadcrumbList\",\"@id\":\"https:\/\/eurorxdrugs.cc\/cs\/product\/synthroid-levothyroxin\/#breadcrumb\",\"itemListElement\":[{\"@type\":\"ListItem\",\"position\":1,\"name\":\"Home\",\"item\":\"https:\/\/eurorxdrugs.cc\/cs\/\"},{\"@type\":\"ListItem\",\"position\":2,\"name\":\"Products\",\"item\":\"https:\/\/eurorxdrugs.cc\/cs\/shop\/\"},{\"@type\":\"ListItem\",\"position\":3,\"name\":\"Synthroid (Levothyroxin)\"}]},{\"@type\":\"WebSite\",\"@id\":\"https:\/\/eurorxdrugs.cc\/cs\/#website\",\"url\":\"https:\/\/eurorxdrugs.cc\/cs\/\",\"name\":\"eurorxdrugs\",\"description\":\"\",\"publisher\":{\"@id\":\"https:\/\/eurorxdrugs.cc\/cs\/#organization\"},\"potentialAction\":[{\"@type\":\"SearchAction\",\"target\":{\"@type\":\"EntryPoint\",\"urlTemplate\":\"https:\/\/eurorxdrugs.cc\/cs\/?s={search_term_string}\"},\"query-input\":\"required name=search_term_string\"}],\"inLanguage\":\"cs\"},{\"@type\":\"Organization\",\"@id\":\"https:\/\/eurorxdrugs.cc\/cs\/#organization\",\"name\":\"eurorxdrugs\",\"url\":\"https:\/\/eurorxdrugs.cc\/cs\/\",\"logo\":{\"@type\":\"ImageObject\",\"inLanguage\":\"cs\",\"@id\":\"https:\/\/eurorxdrugs.cc\/cs\/#\/schema\/logo\/image\/\",\"url\":\"https:\/\/eurorxdrugs.cc\/cs\/wp-content\/uploads\/2024\/09\/logo-1-1.png\",\"contentUrl\":\"https:\/\/eurorxdrugs.cc\/cs\/wp-content\/uploads\/2024\/09\/logo-1-1.png\",\"width\":233,\"height\":54,\"caption\":\"eurorxdrugs\"},\"image\":{\"@id\":\"https:\/\/eurorxdrugs.cc\/cs\/#\/schema\/logo\/image\/\"}}]}<\/script>\n<!-- \/ Yoast SEO plugin. -->","yoast_head_json":{"title":"Objednejte Synthroid (Levothyroxin) bez receptu za n\u00edzkou cenu | Eurorxdrugs","description":"Kupte Synthroid (Levothyroxin) nyn\u00ed! Origin\u00e1ln\u00ed l\u00e9ky a rychl\u00e9 doru\u010den\u00ed v cen\u011b. 100% diskr\u00e9tn\u00ed a d\u016fv\u011brn\u00fd servis pro v\u0161echny na\u0161e z\u00e1kazn\u00edky na Eurorxdrugs","robots":{"index":"index","follow":"follow","max-snippet":"max-snippet:-1","max-image-preview":"max-image-preview:large","max-video-preview":"max-video-preview:-1"},"canonical":"https:\/\/eurorxdrugs.cc\/cs\/product\/synthroid-levothyroxin\/","og_locale":"cs_CZ","og_type":"article","og_title":"Objednejte Synthroid (Levothyroxin) bez receptu za n\u00edzkou cenu | Eurorxdrugs","og_description":"Kupte Synthroid (Levothyroxin) nyn\u00ed! Origin\u00e1ln\u00ed l\u00e9ky a rychl\u00e9 doru\u010den\u00ed v cen\u011b. 100% diskr\u00e9tn\u00ed a d\u016fv\u011brn\u00fd servis pro v\u0161echny na\u0161e z\u00e1kazn\u00edky na Eurorxdrugs","og_url":"https:\/\/eurorxdrugs.cc\/cs\/product\/synthroid-levothyroxin\/","og_site_name":"eurorxdrugs","article_modified_time":"2024-10-31T11:40:21+00:00","og_image":[{"width":270,"height":300,"url":"https:\/\/eurorxdrugs.cc\/cs\/wp-content\/uploads\/2024\/10\/114-min.jpg","type":"image\/jpeg"}],"twitter_card":"summary_large_image","twitter_misc":{"Odhadovan\u00e1 doba \u010dten\u00ed":"2 minuty"},"schema":{"@context":"https:\/\/schema.org","@graph":[{"@type":"WebPage","@id":"https:\/\/eurorxdrugs.cc\/cs\/product\/synthroid-levothyroxin\/","url":"https:\/\/eurorxdrugs.cc\/cs\/product\/synthroid-levothyroxin\/","name":"Objednejte Synthroid (Levothyroxin) bez receptu za n\u00edzkou cenu | Eurorxdrugs","isPartOf":{"@id":"https:\/\/eurorxdrugs.cc\/cs\/#website"},"datePublished":"2024-10-31T11:18:33+00:00","dateModified":"2024-10-31T11:40:21+00:00","description":"Kupte Synthroid (Levothyroxin) nyn\u00ed! Origin\u00e1ln\u00ed l\u00e9ky a rychl\u00e9 doru\u010den\u00ed v cen\u011b. 100% diskr\u00e9tn\u00ed a d\u016fv\u011brn\u00fd servis pro v\u0161echny na\u0161e z\u00e1kazn\u00edky na Eurorxdrugs","breadcrumb":{"@id":"https:\/\/eurorxdrugs.cc\/cs\/product\/synthroid-levothyroxin\/#breadcrumb"},"inLanguage":"cs","potentialAction":[{"@type":"ReadAction","target":["https:\/\/eurorxdrugs.cc\/cs\/product\/synthroid-levothyroxin\/"]}]},{"@type":"BreadcrumbList","@id":"https:\/\/eurorxdrugs.cc\/cs\/product\/synthroid-levothyroxin\/#breadcrumb","itemListElement":[{"@type":"ListItem","position":1,"name":"Home","item":"https:\/\/eurorxdrugs.cc\/cs\/"},{"@type":"ListItem","position":2,"name":"Products","item":"https:\/\/eurorxdrugs.cc\/cs\/shop\/"},{"@type":"ListItem","position":3,"name":"Synthroid (Levothyroxin)"}]},{"@type":"WebSite","@id":"https:\/\/eurorxdrugs.cc\/cs\/#website","url":"https:\/\/eurorxdrugs.cc\/cs\/","name":"eurorxdrugs","description":"","publisher":{"@id":"https:\/\/eurorxdrugs.cc\/cs\/#organization"},"potentialAction":[{"@type":"SearchAction","target":{"@type":"EntryPoint","urlTemplate":"https:\/\/eurorxdrugs.cc\/cs\/?s={search_term_string}"},"query-input":"required name=search_term_string"}],"inLanguage":"cs"},{"@type":"Organization","@id":"https:\/\/eurorxdrugs.cc\/cs\/#organization","name":"eurorxdrugs","url":"https:\/\/eurorxdrugs.cc\/cs\/","logo":{"@type":"ImageObject","inLanguage":"cs","@id":"https:\/\/eurorxdrugs.cc\/cs\/#\/schema\/logo\/image\/","url":"https:\/\/eurorxdrugs.cc\/cs\/wp-content\/uploads\/2024\/09\/logo-1-1.png","contentUrl":"https:\/\/eurorxdrugs.cc\/cs\/wp-content\/uploads\/2024\/09\/logo-1-1.png","width":233,"height":54,"caption":"eurorxdrugs"},"image":{"@id":"https:\/\/eurorxdrugs.cc\/cs\/#\/schema\/logo\/image\/"}}]}},"_links":{"self":[{"href":"https:\/\/eurorxdrugs.cc\/cs\/wp-json\/wp\/v2\/product\/4975","targetHints":{"allow":["GET"]}}],"collection":[{"href":"https:\/\/eurorxdrugs.cc\/cs\/wp-json\/wp\/v2\/product"}],"about":[{"href":"https:\/\/eurorxdrugs.cc\/cs\/wp-json\/wp\/v2\/types\/product"}],"replies":[{"embeddable":true,"href":"https:\/\/eurorxdrugs.cc\/cs\/wp-json\/wp\/v2\/comments?post=4975"}],"wp:featuredmedia":[{"embeddable":true,"href":"https:\/\/eurorxdrugs.cc\/cs\/wp-json\/wp\/v2\/media\/4976"}],"wp:attachment":[{"href":"https:\/\/eurorxdrugs.cc\/cs\/wp-json\/wp\/v2\/media?parent=4975"}],"wp:term":[{"taxonomy":"product_cat","embeddable":true,"href":"https:\/\/eurorxdrugs.cc\/cs\/wp-json\/wp\/v2\/product_cat?post=4975"},{"taxonomy":"product_tag","embeddable":true,"href":"https:\/\/eurorxdrugs.cc\/cs\/wp-json\/wp\/v2\/product_tag?post=4975"}],"curies":[{"name":"wp","href":"https:\/\/api.w.org\/{rel}","templated":true}]}}