{"id":5019,"date":"2024-10-31T11:44:04","date_gmt":"2024-10-31T11:44:04","guid":{"rendered":"https:\/\/eurorxdrugs.cc\/cs\/?post_type=product&#038;p=5019"},"modified":"2024-10-31T11:50:49","modified_gmt":"2024-10-31T11:50:49","slug":"celebrex-celecoxib","status":"publish","type":"product","link":"https:\/\/eurorxdrugs.cc\/cs\/product\/celebrex-celecoxib\/","title":{"rendered":"Celebrex (Celecoxib)"},"content":{"rendered":"<div class=\"pro-description_name\">Beschreibung<\/div>\n<div class=\"pro-description_content\">\n<h2><b>Gebrauch<\/b><\/h2>\n<p><b>Celecoxib<\/b> geh\u00f6rt zu einer Gruppe von nicht-steroidalen entz\u00fcndungshemmenden Medikamenten (NSAIDs). Dieses Medikament wird zur Behandlung von Osteoarthritis, rheumatoider Arthritis, akuten Schmerzen, schmerzhafter Menstruation und Menstruationssymptomen verwendet. Es hilft auch, die Anzahl der Polypen im Dickdarm und Rektum bei Patienten mit famili\u00e4rer adenomat\u00f6ser Polyposis zu reduzieren.<\/p>\n<h3><b>Dosierung und Anwendung<\/b><\/h3>\n<p>Nehmen Sie <b>Celebrex<\/b> oral mit einem Glas Wasser ein, mit oder ohne Nahrung. Nehmen Sie das Medikament nur wie verschrieben ein, da Dosierung und Zeitplan je nach Zustand und anderen Faktoren variieren k\u00f6nnen. Vermeiden Sie es, dieses Medikament zu zerschneiden, zu zerdr\u00fccken oder zu kauen. Nehmen Sie das Medikament nicht h\u00e4ufiger als verschrieben ein. H\u00f6ren Sie nicht auf, es zu nehmen, au\u00dfer auf Anraten Ihres Arztes. Es kann einige Zeit dauern, bis das Medikament hilft. Konsultieren Sie Ihren Arzt bez\u00fcglich der richtigen Dosis f\u00fcr Sie.<\/p>\n<h3><b>Vorsichtsma\u00dfnahmen<\/b><\/h3>\n<p>Informieren Sie vor der Einnahme von <b>Celebrex<\/b> Ihren Arzt oder Apotheker, wenn Sie allergisch darauf reagieren oder wenn Sie andere Allergien haben. Informieren Sie Ihren Arzt oder Apotheker, wenn Sie Herz-, Leber- oder Nierenprobleme haben. Vermeiden Sie den Konsum von Alkohol und Rauchen w\u00e4hrend der Behandlung mit diesem Medikament. Vorsicht ist geboten bei der Anwendung von <b>Celebrex<\/b> bei schwangeren oder stillenden Frauen oder Kindern. \u00c4ltere Menschen k\u00f6nnen empfindlicher auf die Nebenwirkungen des Medikaments reagieren. W\u00e4hrend der Schwangerschaft sollte diese Behandlung nur dann angewendet werden, wenn sie unbedingt notwendig ist. Da dieses Medikament \u00fcber die Haut aufgenommen werden kann, sollten schwangere Frauen oder Frauen, die schwanger werden k\u00f6nnten, dieses Medikament nicht handhaben.<\/p>\n<h3><b>Kontraindikationen<\/b><\/h3>\n<p><b>Celebrex<\/b> sollte nicht bei Patienten angewendet werden, die eine \u00dcberempfindlichkeitsreaktion auf Baclofen gezeigt haben.<\/p>\n<h3><b>M\u00f6gliche Nebenwirkungen<\/b><\/h3>\n<p>Die h\u00e4ufigsten Nebenwirkungen sind Hautausschlag, Juckreiz oder Nesselsucht, Brustschmerzen, Kopfschmerzen, \u00dcbelkeit usw. Eine sehr schwere allergische Reaktion tritt selten auf. Viele Menschen, die dieses Medikament verwenden, haben keine schweren Nebenwirkungen. Kontaktieren Sie Ihren Arzt oder Apotheker f\u00fcr weitere Details. Wenn Sie Effekte bemerken, die hier nicht aufgef\u00fchrt sind, wenden Sie sich an Ihren Arzt oder Apotheker.<\/p>\n<h3><b>Wechselwirkungen<\/b><\/h3>\n<p>Informieren Sie Ihren Arzt oder Apotheker \u00fcber alle verschreibungspflichtigen und nicht verschreibungspflichtigen\/krautigen Produkte, die Sie vor der Einnahme dieses Medikaments verwendet haben. <b>Celebrex<\/b> kann interagieren mit:<\/p>\n<ul>\n<li>Medikamenten gegen Bluthochdruck<\/li>\n<li>Anderen NSAIDs, Medikamenten gegen Schmerzen und Entz\u00fcndungen, wie Ibuprofen oder Naproxen<\/li>\n<li>Aspirin und aspirin\u00e4hnlichen Medikamenten<\/li>\n<li>Warfarin<\/li>\n<\/ul>\n<p>Konsultieren Sie Ihren Arzt oder Apotheker f\u00fcr weitere Details.<\/p>\n<h3><b>Vergessene Dosis<\/b><\/h3>\n<p>Wenn Sie eine Dosis vergessen haben, nehmen Sie sie, sobald Sie sich daran erinnern. Wenn es fast Zeit f\u00fcr die n\u00e4chste Dosis ist, \u00fcberspringen Sie die vergessene Dosis und setzen Sie Ihren normalen Dosierungsplan fort. Nehmen Sie Ihre Dosis nicht doppelt.<\/p>\n<h3><b>\u00dcberdosierung<\/b><\/h3>\n<p>Wenn Sie glauben, dass Sie zu viel von diesem Medikament verwendet haben, suchen Sie sofort einen Notarzt auf. Symptome einer \u00dcberdosierung sind in der Regel Brustschmerzen, \u00dcbelkeit, unregelm\u00e4\u00dfiger Herzschlag und Schwindel oder Ohnmacht.<\/p>\n<h3><b>Aufbewahrung<\/b><\/h3>\n<p>Bewahren Sie Ihre Medikamente bei Raumtemperatur zwischen 20-25 Grad C (68-77 Grad F) fern von Licht und Feuchtigkeit auf. Bewahren Sie Ihre Medikamente nicht im Badezimmer auf. Halten Sie alle Medikamente au\u00dferhalb der Reichweite von Kindern und Haustieren.<\/p>\n<\/div>\n","protected":false},"excerpt":{"rendered":"<div><b>Handelsname:<\/b> Celebrex<\/div>\n<div><b>Hauptbestandteil: <\/b>Celecoxib<\/div>\n<div><b>Produktionsform:<\/b> Pillen<\/div>\n<div><b>Anwendung:<\/b> Behandelt Schmerzen und Schwellungen, die durch mehrere Faktoren verursacht werden<\/div>\n<div><b>Verf\u00fcgbare Dosierung:<\/b> 100 mg und 200 mg<\/div>\n","protected":false},"featured_media":5020,"comment_status":"open","ping_status":"closed","template":"","meta":[],"product_cat":[85,36],"product_tag":[],"class_list":{"0":"post-5019","1":"product","2":"type-product","3":"status-publish","4":"has-post-thumbnail","6":"product_cat-alkoholentwohnung","7":"product_cat-pain-management","9":"first","10":"instock","11":"shipping-taxable","12":"product-type-grouped"},"yoast_head":"<!-- This site is optimized with the Yoast SEO plugin v20.0 - https:\/\/yoast.com\/wordpress\/plugins\/seo\/ -->\n<title>Objednejte Celebrex (Celecoxib) bez receptu za n\u00edzkou cenu | Eurorxdrugs<\/title>\n<meta name=\"description\" content=\"Kupte Celebrex (Celecoxib) nyn\u00ed! Origin\u00e1ln\u00ed l\u00e9ky a rychl\u00e9 doru\u010den\u00ed v cen\u011b. 100% diskr\u00e9tn\u00ed a d\u016fv\u011brn\u00fd servis pro v\u0161echny na\u0161e z\u00e1kazn\u00edky na Eurorxdrugs\" \/>\n<meta name=\"robots\" content=\"index, follow, max-snippet:-1, max-image-preview:large, max-video-preview:-1\" \/>\n<link rel=\"canonical\" href=\"https:\/\/eurorxdrugs.cc\/cs\/product\/celebrex-celecoxib\/\" \/>\n<meta property=\"og:locale\" content=\"cs_CZ\" \/>\n<meta property=\"og:type\" content=\"article\" \/>\n<meta property=\"og:title\" content=\"Objednejte Celebrex (Celecoxib) bez receptu za n\u00edzkou cenu | Eurorxdrugs\" \/>\n<meta property=\"og:description\" content=\"Kupte Celebrex (Celecoxib) nyn\u00ed! Origin\u00e1ln\u00ed l\u00e9ky a rychl\u00e9 doru\u010den\u00ed v cen\u011b. 100% diskr\u00e9tn\u00ed a d\u016fv\u011brn\u00fd servis pro v\u0161echny na\u0161e z\u00e1kazn\u00edky na Eurorxdrugs\" \/>\n<meta property=\"og:url\" content=\"https:\/\/eurorxdrugs.cc\/cs\/product\/celebrex-celecoxib\/\" \/>\n<meta property=\"og:site_name\" content=\"eurorxdrugs\" \/>\n<meta property=\"article:modified_time\" content=\"2024-10-31T11:50:49+00:00\" \/>\n<meta property=\"og:image\" content=\"https:\/\/eurorxdrugs.cc\/cs\/wp-content\/uploads\/2024\/10\/101-min.jpg\" \/>\n\t<meta property=\"og:image:width\" content=\"270\" \/>\n\t<meta property=\"og:image:height\" content=\"300\" \/>\n\t<meta property=\"og:image:type\" content=\"image\/jpeg\" \/>\n<meta name=\"twitter:card\" content=\"summary_large_image\" \/>\n<meta name=\"twitter:label1\" content=\"Odhadovan\u00e1 doba \u010dten\u00ed\" \/>\n\t<meta name=\"twitter:data1\" content=\"3 minuty\" \/>\n<script type=\"application\/ld+json\" class=\"yoast-schema-graph\">{\"@context\":\"https:\/\/schema.org\",\"@graph\":[{\"@type\":\"WebPage\",\"@id\":\"https:\/\/eurorxdrugs.cc\/cs\/product\/celebrex-celecoxib\/\",\"url\":\"https:\/\/eurorxdrugs.cc\/cs\/product\/celebrex-celecoxib\/\",\"name\":\"Objednejte Celebrex (Celecoxib) bez receptu za n\u00edzkou cenu | Eurorxdrugs\",\"isPartOf\":{\"@id\":\"https:\/\/eurorxdrugs.cc\/cs\/#website\"},\"datePublished\":\"2024-10-31T11:44:04+00:00\",\"dateModified\":\"2024-10-31T11:50:49+00:00\",\"description\":\"Kupte Celebrex (Celecoxib) nyn\u00ed! Origin\u00e1ln\u00ed l\u00e9ky a rychl\u00e9 doru\u010den\u00ed v cen\u011b. 100% diskr\u00e9tn\u00ed a d\u016fv\u011brn\u00fd servis pro v\u0161echny na\u0161e z\u00e1kazn\u00edky na Eurorxdrugs\",\"breadcrumb\":{\"@id\":\"https:\/\/eurorxdrugs.cc\/cs\/product\/celebrex-celecoxib\/#breadcrumb\"},\"inLanguage\":\"cs\",\"potentialAction\":[{\"@type\":\"ReadAction\",\"target\":[\"https:\/\/eurorxdrugs.cc\/cs\/product\/celebrex-celecoxib\/\"]}]},{\"@type\":\"BreadcrumbList\",\"@id\":\"https:\/\/eurorxdrugs.cc\/cs\/product\/celebrex-celecoxib\/#breadcrumb\",\"itemListElement\":[{\"@type\":\"ListItem\",\"position\":1,\"name\":\"Home\",\"item\":\"https:\/\/eurorxdrugs.cc\/cs\/\"},{\"@type\":\"ListItem\",\"position\":2,\"name\":\"Products\",\"item\":\"https:\/\/eurorxdrugs.cc\/cs\/shop\/\"},{\"@type\":\"ListItem\",\"position\":3,\"name\":\"Celebrex (Celecoxib)\"}]},{\"@type\":\"WebSite\",\"@id\":\"https:\/\/eurorxdrugs.cc\/cs\/#website\",\"url\":\"https:\/\/eurorxdrugs.cc\/cs\/\",\"name\":\"eurorxdrugs\",\"description\":\"\",\"publisher\":{\"@id\":\"https:\/\/eurorxdrugs.cc\/cs\/#organization\"},\"potentialAction\":[{\"@type\":\"SearchAction\",\"target\":{\"@type\":\"EntryPoint\",\"urlTemplate\":\"https:\/\/eurorxdrugs.cc\/cs\/?s={search_term_string}\"},\"query-input\":\"required name=search_term_string\"}],\"inLanguage\":\"cs\"},{\"@type\":\"Organization\",\"@id\":\"https:\/\/eurorxdrugs.cc\/cs\/#organization\",\"name\":\"eurorxdrugs\",\"url\":\"https:\/\/eurorxdrugs.cc\/cs\/\",\"logo\":{\"@type\":\"ImageObject\",\"inLanguage\":\"cs\",\"@id\":\"https:\/\/eurorxdrugs.cc\/cs\/#\/schema\/logo\/image\/\",\"url\":\"https:\/\/eurorxdrugs.cc\/cs\/wp-content\/uploads\/2024\/09\/logo-1-1.png\",\"contentUrl\":\"https:\/\/eurorxdrugs.cc\/cs\/wp-content\/uploads\/2024\/09\/logo-1-1.png\",\"width\":233,\"height\":54,\"caption\":\"eurorxdrugs\"},\"image\":{\"@id\":\"https:\/\/eurorxdrugs.cc\/cs\/#\/schema\/logo\/image\/\"}}]}<\/script>\n<!-- \/ Yoast SEO plugin. -->","yoast_head_json":{"title":"Objednejte Celebrex (Celecoxib) bez receptu za n\u00edzkou cenu | Eurorxdrugs","description":"Kupte Celebrex (Celecoxib) nyn\u00ed! Origin\u00e1ln\u00ed l\u00e9ky a rychl\u00e9 doru\u010den\u00ed v cen\u011b. 100% diskr\u00e9tn\u00ed a d\u016fv\u011brn\u00fd servis pro v\u0161echny na\u0161e z\u00e1kazn\u00edky na Eurorxdrugs","robots":{"index":"index","follow":"follow","max-snippet":"max-snippet:-1","max-image-preview":"max-image-preview:large","max-video-preview":"max-video-preview:-1"},"canonical":"https:\/\/eurorxdrugs.cc\/cs\/product\/celebrex-celecoxib\/","og_locale":"cs_CZ","og_type":"article","og_title":"Objednejte Celebrex (Celecoxib) bez receptu za n\u00edzkou cenu | Eurorxdrugs","og_description":"Kupte Celebrex (Celecoxib) nyn\u00ed! Origin\u00e1ln\u00ed l\u00e9ky a rychl\u00e9 doru\u010den\u00ed v cen\u011b. 100% diskr\u00e9tn\u00ed a d\u016fv\u011brn\u00fd servis pro v\u0161echny na\u0161e z\u00e1kazn\u00edky na Eurorxdrugs","og_url":"https:\/\/eurorxdrugs.cc\/cs\/product\/celebrex-celecoxib\/","og_site_name":"eurorxdrugs","article_modified_time":"2024-10-31T11:50:49+00:00","og_image":[{"width":270,"height":300,"url":"https:\/\/eurorxdrugs.cc\/cs\/wp-content\/uploads\/2024\/10\/101-min.jpg","type":"image\/jpeg"}],"twitter_card":"summary_large_image","twitter_misc":{"Odhadovan\u00e1 doba \u010dten\u00ed":"3 minuty"},"schema":{"@context":"https:\/\/schema.org","@graph":[{"@type":"WebPage","@id":"https:\/\/eurorxdrugs.cc\/cs\/product\/celebrex-celecoxib\/","url":"https:\/\/eurorxdrugs.cc\/cs\/product\/celebrex-celecoxib\/","name":"Objednejte Celebrex (Celecoxib) bez receptu za n\u00edzkou cenu | Eurorxdrugs","isPartOf":{"@id":"https:\/\/eurorxdrugs.cc\/cs\/#website"},"datePublished":"2024-10-31T11:44:04+00:00","dateModified":"2024-10-31T11:50:49+00:00","description":"Kupte Celebrex (Celecoxib) nyn\u00ed! Origin\u00e1ln\u00ed l\u00e9ky a rychl\u00e9 doru\u010den\u00ed v cen\u011b. 100% diskr\u00e9tn\u00ed a d\u016fv\u011brn\u00fd servis pro v\u0161echny na\u0161e z\u00e1kazn\u00edky na Eurorxdrugs","breadcrumb":{"@id":"https:\/\/eurorxdrugs.cc\/cs\/product\/celebrex-celecoxib\/#breadcrumb"},"inLanguage":"cs","potentialAction":[{"@type":"ReadAction","target":["https:\/\/eurorxdrugs.cc\/cs\/product\/celebrex-celecoxib\/"]}]},{"@type":"BreadcrumbList","@id":"https:\/\/eurorxdrugs.cc\/cs\/product\/celebrex-celecoxib\/#breadcrumb","itemListElement":[{"@type":"ListItem","position":1,"name":"Home","item":"https:\/\/eurorxdrugs.cc\/cs\/"},{"@type":"ListItem","position":2,"name":"Products","item":"https:\/\/eurorxdrugs.cc\/cs\/shop\/"},{"@type":"ListItem","position":3,"name":"Celebrex (Celecoxib)"}]},{"@type":"WebSite","@id":"https:\/\/eurorxdrugs.cc\/cs\/#website","url":"https:\/\/eurorxdrugs.cc\/cs\/","name":"eurorxdrugs","description":"","publisher":{"@id":"https:\/\/eurorxdrugs.cc\/cs\/#organization"},"potentialAction":[{"@type":"SearchAction","target":{"@type":"EntryPoint","urlTemplate":"https:\/\/eurorxdrugs.cc\/cs\/?s={search_term_string}"},"query-input":"required name=search_term_string"}],"inLanguage":"cs"},{"@type":"Organization","@id":"https:\/\/eurorxdrugs.cc\/cs\/#organization","name":"eurorxdrugs","url":"https:\/\/eurorxdrugs.cc\/cs\/","logo":{"@type":"ImageObject","inLanguage":"cs","@id":"https:\/\/eurorxdrugs.cc\/cs\/#\/schema\/logo\/image\/","url":"https:\/\/eurorxdrugs.cc\/cs\/wp-content\/uploads\/2024\/09\/logo-1-1.png","contentUrl":"https:\/\/eurorxdrugs.cc\/cs\/wp-content\/uploads\/2024\/09\/logo-1-1.png","width":233,"height":54,"caption":"eurorxdrugs"},"image":{"@id":"https:\/\/eurorxdrugs.cc\/cs\/#\/schema\/logo\/image\/"}}]}},"_links":{"self":[{"href":"https:\/\/eurorxdrugs.cc\/cs\/wp-json\/wp\/v2\/product\/5019","targetHints":{"allow":["GET"]}}],"collection":[{"href":"https:\/\/eurorxdrugs.cc\/cs\/wp-json\/wp\/v2\/product"}],"about":[{"href":"https:\/\/eurorxdrugs.cc\/cs\/wp-json\/wp\/v2\/types\/product"}],"replies":[{"embeddable":true,"href":"https:\/\/eurorxdrugs.cc\/cs\/wp-json\/wp\/v2\/comments?post=5019"}],"wp:featuredmedia":[{"embeddable":true,"href":"https:\/\/eurorxdrugs.cc\/cs\/wp-json\/wp\/v2\/media\/5020"}],"wp:attachment":[{"href":"https:\/\/eurorxdrugs.cc\/cs\/wp-json\/wp\/v2\/media?parent=5019"}],"wp:term":[{"taxonomy":"product_cat","embeddable":true,"href":"https:\/\/eurorxdrugs.cc\/cs\/wp-json\/wp\/v2\/product_cat?post=5019"},{"taxonomy":"product_tag","embeddable":true,"href":"https:\/\/eurorxdrugs.cc\/cs\/wp-json\/wp\/v2\/product_tag?post=5019"}],"curies":[{"name":"wp","href":"https:\/\/api.w.org\/{rel}","templated":true}]}}