{"id":5039,"date":"2024-10-31T11:54:42","date_gmt":"2024-10-31T11:54:42","guid":{"rendered":"https:\/\/eurorxdrugs.cc\/cs\/?post_type=product&#038;p=5039"},"modified":"2024-10-31T12:02:33","modified_gmt":"2024-10-31T12:02:33","slug":"mobic-meloxicam","status":"publish","type":"product","link":"https:\/\/eurorxdrugs.cc\/cs\/product\/mobic-meloxicam\/","title":{"rendered":"Mobic (Meloxicam)"},"content":{"rendered":"<div class=\"pro-description_name\">\n<div class=\"pro-description_name\">Beschreibung<\/div>\n<div class=\"pro-description_content\">\n<div><b>Allgemeine Anwendung<\/b><\/div>\n<div>\u00a0\u00a0\u00a0\u00a0\u00a0\u00a0\u00a0\u00a0Mobic ist ein nicht-steroidales entz\u00fcndungshemmendes Pr\u00e4parat mit haupt Wirkstoff Meloxicam und zur Behandlung von Schmerzen und Steifheit, die durch Osteoarthritis und rheumatoide Arthritis verursacht werden.<\/div>\n<div><\/div>\n<div><b>Nebenwirkungen von Mobic k\u00f6nnen sich ausdrucken in folgende Wege:<\/b><\/div>\n<div>\u2022 allergische Reaktionen (z. B. geschwollenes Gesicht, Lippen, Mund oder Zunge, Atemnot, Engegef\u00fchl in der Brust, Hautreaktionen wie Hautausschlag \/ Nesselsucht \/ Juckreiz, Hautr\u00f6tung, Abbl\u00e4ttern oder Blasenbildung usw.);<\/div>\n<div>\u2022 geschwollene Beine, H\u00e4nde oder F\u00fc\u00dfe;<\/div>\n<div>\u2022 Gelenk \/ Muskel \/ Brust Taubheit oder Schmerz;<\/div>\n<div>\u2022 ungew\u00f6hnliche Blutungen oder Bluterg\u00fcsse;<\/div>\n<div>\u2022 Sehst\u00f6rung oder Sprechst\u00f6rung;<\/div>\n<div>\u2022 Klingeln in den Ohren;<\/div>\n<div>\u2022 M\u00fcdigkeit \/ Schw\u00e4che, Schwindel, Ohnmacht;<\/div>\n<div>\u2022 schwarzer, blutiger, teeriger Stuhlgang, Durchfall, Verstopfung;<\/div>\n<div>\u2022 \u00c4nderungen beim Wasserlassen (dunkler Urin oder \u00c4nderung der Menge);<\/div>\n<div>\u2022 \u00dcbelkeit, Magenverstimmung, Erbrechen mit &#8222;Kaffeesatz&#8220;, Sodbrennen;<\/div>\n<div>\u2022 Verwirrung, Depression, Stimmung und Schlaf ver\u00e4ndern sich;<\/div>\n<div>\u2022 Tachykardie, Atemnot;<\/div>\n<div>\u2022 Gewichtszunahme;<\/div>\n<div>\u2022 Gelbsucht;<\/div>\n<div>\u2022 Grippesymptome, als Sch\u00fcttelfrost, Fieber, hartn\u00e4ckige Halsschmerzen usw.<\/div>\n<div><\/div>\n<div><b>Um das Risiko von Nebenwirkungen zu verringern, muss Ihr Arzt in Vormerkung behalten, bevor die Behandlung mit Mobic verschreiben,\u00a0 wenn Sie:<\/b><\/div>\n<div>\u2022 allergisch oder \u00fcberempfindlich gegen NSAIDs (z. B. Aspirin) oder Meloxicam sind, einschlie\u00dflich Atemnot w\u00e4hrend der Behandlung mit Mobic;<\/div>\n<div>\u2022 leiden oder unter Asthma, Ulcus pepticum leiden;<\/div>\n<div>\u2022 schwanger sind (insbesondere in den letzten 3 Monaten der Schwangerschaft) oder stillen;<\/div>\n<div>\u2022 vor kurzem hatten oder planen, eine Bypass-Herzoperation durchzuf\u00fchren.<\/div>\n<div>\u2022 Es ist verboten, w\u00e4hrend der Behandlung mit Mobic zu rauchen, alkoholische Getr\u00e4nke zu trinken oder andere steroidale Mittel einzunehmen.<\/div>\n<div>\u00a0\u00a0\u00a0\u00a0\u00a0\u00a0\u00a0\u00a0Falls Patient \u00e4lter ist oder ein Kind ist, muss seine Verwendung mit einem Arzt verifiziert werden, da er h\u00e4ufiger schwere Nebenwirkungen entwickelt. Vermeiden Sie das Bedienen von Maschinen oder Fahren, bis Sie sicher sind, welche Auswirkungen Mobic auf Sie hat. Symptome einer \u00dcberdosierung sind schweres Erbrechen, Bauchschmerzen, \u00dcbelkeit und Blutungen. Wenn es wahrscheinlich, dass Sie eine zus\u00e4tzliche oder doppelte Dosis eingenommen haben, suchen Sie sofort einen Arzt auf, da Symptome einer \u00dcberdosierung zu einem Herzinfarkt oder Koma f\u00fchren k\u00f6nnen.<\/div>\n<\/div>\n<\/div>\n","protected":false},"excerpt":{"rendered":"<div><b>Handelsname: <\/b>Mobic<\/div>\n<div><b>Hauptbestandteil: <\/b>Meloxicam<\/div>\n<div><b>Produktionsform:<\/b> Pillen<\/div>\n<div><b>Anwendung: <\/b>Behandelt chronische Gelenkerkrankungen<\/div>\n<div><b>Verf\u00fcgbare Dosierung:\u00a0<\/b>7.5mg, 15mg<\/div>\n","protected":false},"featured_media":5040,"comment_status":"open","ping_status":"closed","template":"","meta":[],"product_cat":[36],"product_tag":[],"class_list":{"0":"post-5039","1":"product","2":"type-product","3":"status-publish","4":"has-post-thumbnail","6":"product_cat-pain-management","8":"first","9":"instock","10":"shipping-taxable","11":"product-type-grouped"},"yoast_head":"<!-- This site is optimized with the Yoast SEO plugin v20.0 - https:\/\/yoast.com\/wordpress\/plugins\/seo\/ -->\n<title>Objednejte Mobic (Meloxicam) bez receptu za n\u00edzkou cenu | Eurorxdrugs<\/title>\n<meta name=\"description\" content=\"Kupte Mobic (Meloxicam) nyn\u00ed! Origin\u00e1ln\u00ed l\u00e9ky a rychl\u00e9 doru\u010den\u00ed v cen\u011b. 100% diskr\u00e9tn\u00ed a d\u016fv\u011brn\u00fd servis pro v\u0161echny na\u0161e z\u00e1kazn\u00edky na Eurorxdrugs\" \/>\n<meta name=\"robots\" content=\"index, follow, max-snippet:-1, max-image-preview:large, max-video-preview:-1\" \/>\n<link rel=\"canonical\" href=\"https:\/\/eurorxdrugs.cc\/cs\/product\/mobic-meloxicam\/\" \/>\n<meta property=\"og:locale\" content=\"cs_CZ\" \/>\n<meta property=\"og:type\" content=\"article\" \/>\n<meta property=\"og:title\" content=\"Objednejte Mobic (Meloxicam) bez receptu za n\u00edzkou cenu | Eurorxdrugs\" \/>\n<meta property=\"og:description\" content=\"Kupte Mobic (Meloxicam) nyn\u00ed! Origin\u00e1ln\u00ed l\u00e9ky a rychl\u00e9 doru\u010den\u00ed v cen\u011b. 100% diskr\u00e9tn\u00ed a d\u016fv\u011brn\u00fd servis pro v\u0161echny na\u0161e z\u00e1kazn\u00edky na Eurorxdrugs\" \/>\n<meta property=\"og:url\" content=\"https:\/\/eurorxdrugs.cc\/cs\/product\/mobic-meloxicam\/\" \/>\n<meta property=\"og:site_name\" content=\"eurorxdrugs\" \/>\n<meta property=\"article:modified_time\" content=\"2024-10-31T12:02:33+00:00\" \/>\n<meta property=\"og:image\" content=\"https:\/\/eurorxdrugs.cc\/cs\/wp-content\/uploads\/2024\/10\/104-min.jpg\" \/>\n\t<meta property=\"og:image:width\" content=\"270\" \/>\n\t<meta property=\"og:image:height\" content=\"300\" \/>\n\t<meta property=\"og:image:type\" content=\"image\/jpeg\" \/>\n<meta name=\"twitter:card\" content=\"summary_large_image\" \/>\n<meta name=\"twitter:label1\" content=\"Odhadovan\u00e1 doba \u010dten\u00ed\" \/>\n\t<meta name=\"twitter:data1\" content=\"2 minuty\" \/>\n<script type=\"application\/ld+json\" class=\"yoast-schema-graph\">{\"@context\":\"https:\/\/schema.org\",\"@graph\":[{\"@type\":\"WebPage\",\"@id\":\"https:\/\/eurorxdrugs.cc\/cs\/product\/mobic-meloxicam\/\",\"url\":\"https:\/\/eurorxdrugs.cc\/cs\/product\/mobic-meloxicam\/\",\"name\":\"Objednejte Mobic (Meloxicam) bez receptu za n\u00edzkou cenu | Eurorxdrugs\",\"isPartOf\":{\"@id\":\"https:\/\/eurorxdrugs.cc\/cs\/#website\"},\"datePublished\":\"2024-10-31T11:54:42+00:00\",\"dateModified\":\"2024-10-31T12:02:33+00:00\",\"description\":\"Kupte Mobic (Meloxicam) nyn\u00ed! Origin\u00e1ln\u00ed l\u00e9ky a rychl\u00e9 doru\u010den\u00ed v cen\u011b. 100% diskr\u00e9tn\u00ed a d\u016fv\u011brn\u00fd servis pro v\u0161echny na\u0161e z\u00e1kazn\u00edky na Eurorxdrugs\",\"breadcrumb\":{\"@id\":\"https:\/\/eurorxdrugs.cc\/cs\/product\/mobic-meloxicam\/#breadcrumb\"},\"inLanguage\":\"cs\",\"potentialAction\":[{\"@type\":\"ReadAction\",\"target\":[\"https:\/\/eurorxdrugs.cc\/cs\/product\/mobic-meloxicam\/\"]}]},{\"@type\":\"BreadcrumbList\",\"@id\":\"https:\/\/eurorxdrugs.cc\/cs\/product\/mobic-meloxicam\/#breadcrumb\",\"itemListElement\":[{\"@type\":\"ListItem\",\"position\":1,\"name\":\"Home\",\"item\":\"https:\/\/eurorxdrugs.cc\/cs\/\"},{\"@type\":\"ListItem\",\"position\":2,\"name\":\"Products\",\"item\":\"https:\/\/eurorxdrugs.cc\/cs\/shop\/\"},{\"@type\":\"ListItem\",\"position\":3,\"name\":\"Mobic (Meloxicam)\"}]},{\"@type\":\"WebSite\",\"@id\":\"https:\/\/eurorxdrugs.cc\/cs\/#website\",\"url\":\"https:\/\/eurorxdrugs.cc\/cs\/\",\"name\":\"eurorxdrugs\",\"description\":\"\",\"publisher\":{\"@id\":\"https:\/\/eurorxdrugs.cc\/cs\/#organization\"},\"potentialAction\":[{\"@type\":\"SearchAction\",\"target\":{\"@type\":\"EntryPoint\",\"urlTemplate\":\"https:\/\/eurorxdrugs.cc\/cs\/?s={search_term_string}\"},\"query-input\":\"required name=search_term_string\"}],\"inLanguage\":\"cs\"},{\"@type\":\"Organization\",\"@id\":\"https:\/\/eurorxdrugs.cc\/cs\/#organization\",\"name\":\"eurorxdrugs\",\"url\":\"https:\/\/eurorxdrugs.cc\/cs\/\",\"logo\":{\"@type\":\"ImageObject\",\"inLanguage\":\"cs\",\"@id\":\"https:\/\/eurorxdrugs.cc\/cs\/#\/schema\/logo\/image\/\",\"url\":\"https:\/\/eurorxdrugs.cc\/cs\/wp-content\/uploads\/2024\/09\/logo-1-1.png\",\"contentUrl\":\"https:\/\/eurorxdrugs.cc\/cs\/wp-content\/uploads\/2024\/09\/logo-1-1.png\",\"width\":233,\"height\":54,\"caption\":\"eurorxdrugs\"},\"image\":{\"@id\":\"https:\/\/eurorxdrugs.cc\/cs\/#\/schema\/logo\/image\/\"}}]}<\/script>\n<!-- \/ Yoast SEO plugin. -->","yoast_head_json":{"title":"Objednejte Mobic (Meloxicam) bez receptu za n\u00edzkou cenu | Eurorxdrugs","description":"Kupte Mobic (Meloxicam) nyn\u00ed! Origin\u00e1ln\u00ed l\u00e9ky a rychl\u00e9 doru\u010den\u00ed v cen\u011b. 100% diskr\u00e9tn\u00ed a d\u016fv\u011brn\u00fd servis pro v\u0161echny na\u0161e z\u00e1kazn\u00edky na Eurorxdrugs","robots":{"index":"index","follow":"follow","max-snippet":"max-snippet:-1","max-image-preview":"max-image-preview:large","max-video-preview":"max-video-preview:-1"},"canonical":"https:\/\/eurorxdrugs.cc\/cs\/product\/mobic-meloxicam\/","og_locale":"cs_CZ","og_type":"article","og_title":"Objednejte Mobic (Meloxicam) bez receptu za n\u00edzkou cenu | Eurorxdrugs","og_description":"Kupte Mobic (Meloxicam) nyn\u00ed! Origin\u00e1ln\u00ed l\u00e9ky a rychl\u00e9 doru\u010den\u00ed v cen\u011b. 100% diskr\u00e9tn\u00ed a d\u016fv\u011brn\u00fd servis pro v\u0161echny na\u0161e z\u00e1kazn\u00edky na Eurorxdrugs","og_url":"https:\/\/eurorxdrugs.cc\/cs\/product\/mobic-meloxicam\/","og_site_name":"eurorxdrugs","article_modified_time":"2024-10-31T12:02:33+00:00","og_image":[{"width":270,"height":300,"url":"https:\/\/eurorxdrugs.cc\/cs\/wp-content\/uploads\/2024\/10\/104-min.jpg","type":"image\/jpeg"}],"twitter_card":"summary_large_image","twitter_misc":{"Odhadovan\u00e1 doba \u010dten\u00ed":"2 minuty"},"schema":{"@context":"https:\/\/schema.org","@graph":[{"@type":"WebPage","@id":"https:\/\/eurorxdrugs.cc\/cs\/product\/mobic-meloxicam\/","url":"https:\/\/eurorxdrugs.cc\/cs\/product\/mobic-meloxicam\/","name":"Objednejte Mobic (Meloxicam) bez receptu za n\u00edzkou cenu | Eurorxdrugs","isPartOf":{"@id":"https:\/\/eurorxdrugs.cc\/cs\/#website"},"datePublished":"2024-10-31T11:54:42+00:00","dateModified":"2024-10-31T12:02:33+00:00","description":"Kupte Mobic (Meloxicam) nyn\u00ed! Origin\u00e1ln\u00ed l\u00e9ky a rychl\u00e9 doru\u010den\u00ed v cen\u011b. 100% diskr\u00e9tn\u00ed a d\u016fv\u011brn\u00fd servis pro v\u0161echny na\u0161e z\u00e1kazn\u00edky na Eurorxdrugs","breadcrumb":{"@id":"https:\/\/eurorxdrugs.cc\/cs\/product\/mobic-meloxicam\/#breadcrumb"},"inLanguage":"cs","potentialAction":[{"@type":"ReadAction","target":["https:\/\/eurorxdrugs.cc\/cs\/product\/mobic-meloxicam\/"]}]},{"@type":"BreadcrumbList","@id":"https:\/\/eurorxdrugs.cc\/cs\/product\/mobic-meloxicam\/#breadcrumb","itemListElement":[{"@type":"ListItem","position":1,"name":"Home","item":"https:\/\/eurorxdrugs.cc\/cs\/"},{"@type":"ListItem","position":2,"name":"Products","item":"https:\/\/eurorxdrugs.cc\/cs\/shop\/"},{"@type":"ListItem","position":3,"name":"Mobic (Meloxicam)"}]},{"@type":"WebSite","@id":"https:\/\/eurorxdrugs.cc\/cs\/#website","url":"https:\/\/eurorxdrugs.cc\/cs\/","name":"eurorxdrugs","description":"","publisher":{"@id":"https:\/\/eurorxdrugs.cc\/cs\/#organization"},"potentialAction":[{"@type":"SearchAction","target":{"@type":"EntryPoint","urlTemplate":"https:\/\/eurorxdrugs.cc\/cs\/?s={search_term_string}"},"query-input":"required name=search_term_string"}],"inLanguage":"cs"},{"@type":"Organization","@id":"https:\/\/eurorxdrugs.cc\/cs\/#organization","name":"eurorxdrugs","url":"https:\/\/eurorxdrugs.cc\/cs\/","logo":{"@type":"ImageObject","inLanguage":"cs","@id":"https:\/\/eurorxdrugs.cc\/cs\/#\/schema\/logo\/image\/","url":"https:\/\/eurorxdrugs.cc\/cs\/wp-content\/uploads\/2024\/09\/logo-1-1.png","contentUrl":"https:\/\/eurorxdrugs.cc\/cs\/wp-content\/uploads\/2024\/09\/logo-1-1.png","width":233,"height":54,"caption":"eurorxdrugs"},"image":{"@id":"https:\/\/eurorxdrugs.cc\/cs\/#\/schema\/logo\/image\/"}}]}},"_links":{"self":[{"href":"https:\/\/eurorxdrugs.cc\/cs\/wp-json\/wp\/v2\/product\/5039","targetHints":{"allow":["GET"]}}],"collection":[{"href":"https:\/\/eurorxdrugs.cc\/cs\/wp-json\/wp\/v2\/product"}],"about":[{"href":"https:\/\/eurorxdrugs.cc\/cs\/wp-json\/wp\/v2\/types\/product"}],"replies":[{"embeddable":true,"href":"https:\/\/eurorxdrugs.cc\/cs\/wp-json\/wp\/v2\/comments?post=5039"}],"wp:featuredmedia":[{"embeddable":true,"href":"https:\/\/eurorxdrugs.cc\/cs\/wp-json\/wp\/v2\/media\/5040"}],"wp:attachment":[{"href":"https:\/\/eurorxdrugs.cc\/cs\/wp-json\/wp\/v2\/media?parent=5039"}],"wp:term":[{"taxonomy":"product_cat","embeddable":true,"href":"https:\/\/eurorxdrugs.cc\/cs\/wp-json\/wp\/v2\/product_cat?post=5039"},{"taxonomy":"product_tag","embeddable":true,"href":"https:\/\/eurorxdrugs.cc\/cs\/wp-json\/wp\/v2\/product_tag?post=5039"}],"curies":[{"name":"wp","href":"https:\/\/api.w.org\/{rel}","templated":true}]}}