{"id":5059,"date":"2024-10-31T12:05:32","date_gmt":"2024-10-31T12:05:32","guid":{"rendered":"https:\/\/eurorxdrugs.cc\/cs\/?post_type=product&#038;p=5059"},"modified":"2024-10-31T12:10:29","modified_gmt":"2024-10-31T12:10:29","slug":"motrin-ibuprofen","status":"publish","type":"product","link":"https:\/\/eurorxdrugs.cc\/cs\/product\/motrin-ibuprofen\/","title":{"rendered":"Motrin (Ibuprofen)"},"content":{"rendered":"<div class=\"pro-description_name\">Beschreibung<\/div>\n<div class=\"pro-description_content\">\n<div><b>Allgemeine Anwendung<\/b><\/div>\n<div>\u00a0\u00a0\u00a0\u00a0\u00a0\u00a0\u00a0\u00a0Motrin ist ein nicht steroidal hergestelltes Medikament, das schmerzlindernd, beruhigend und fiebersenkend wirkt. Das dynamische Wirkstoff der Medikation ist Ibuprofen, eine Tochter von \u00e4tzenden Stoffen. Motrin eignet sich am besten f\u00fcr Brandopfer. Die antipyretische Wirkung ist sehr nahe an Acetylsalicyl-\u00c4tzmitteln. Es hemmt die Blutpl\u00e4ttchenbindung, verbessert die Mikrozirkulation und verringert die Erh\u00f6hungskraft. Wenn Motrin angeschlossen ist,\u00a0 reduziert es einen soliden Schmerz, der die Wirkung lindert und Hyper\u00e4mie, Morgen-Stanhaftigkeit und Schwellung verringert. Das Medikament ist in der Liste der wichtigsten Arzneimittel der Weltgesundheitsorganisation enthalten, seine Wirksamkeit und Unbedenklichkeit wurden untersucht und klinisch getestet.<\/div>\n<div><\/div>\n<div><b>Anweisungen f\u00fcr Motrin<\/b><\/div>\n<div>\u00a0\u00a0\u00a0\u00a0\u00a0\u00a0\u00a0\u00a0Nach den Anweisungen sollte Motrin nach dem Essen eingenommen werden. Die t\u00e4gliche Dosis des Medikaments h\u00e4ngt von der Krankheit ab. Erwachsenen werden 400-600 mg 3-4-mal t\u00e4glich verschrieben. Bei Weichteilverletzungen und Verstauchungen werden Motrin-Tabletten mit verl\u00e4ngerter Wirkung einmal t\u00e4glich zwischen 1600 und 2400 mg angewendet, vorzugsweise vor dem Zubettgehen. Bei m\u00e4\u00dfigen Schmerzen sollten Sie 1200 mg pro Tag einnehmen.<\/div>\n<div><\/div>\n<div><b>Nebenwirkungen von Motrin<\/b><\/div>\n<div>Nach den Anweisungen ist Motrin ein sicheres Medikament und wird normalerweise gut vertragen.<\/div>\n<div>Bei der Verwendung k\u00f6nnen einige Nebenwirkungen auftreten<\/div>\n<div><\/div>\n<div><b>Verdauungssystem:<\/b><\/div>\n<div>\u2022 Durchfall,<\/div>\n<div>\u2022 Erbrechen,<\/div>\n<div>\u2022 \u00dcbelkeit,<\/div>\n<div>\u2022 Anorexie,<\/div>\n<div>\u2022 epigastrische Beschwerden,<\/div>\n<div>\u2022 erosive und ulzerative L\u00e4sionen des Magen-Darm-Trakt sind h\u00e4ufiger und signifikant weniger abnormale Leberfunktion oder Blutungen aus dem Gastrointestinaltrakt.<\/div>\n<div><\/div>\n<div><b>Nervensystem:\u00a0<\/b><\/div>\n<div>\u2022 Kopfschmerzen oder Schwindel,<\/div>\n<div>\u2022 Schlafst\u00f6rungen oder Erregung sowie Sehst\u00f6rungen k\u00f6nnen auftreten.<\/div>\n<div><\/div>\n<div><b>Kreislaufsystem:<\/b><\/div>\n<div>\u2022 Nebenwirkungen werden nur bei langfristiger Anwendung des Arzneimittels beobachtet &#8211; Thrombozytopenie,<\/div>\n<div>\u2022 An\u00e4mie,<\/div>\n<div>\u2022 Agranulozytose.<\/div>\n<div><\/div>\n<div><b>Harnsystem:<\/b><\/div>\n<div>\u2022 l\u00e4ngerer Anwendung von Motrin kann es zu Nierenfunktionsst\u00f6rungen f\u00fchren.<\/div>\n<\/div>\n","protected":false},"excerpt":{"rendered":"<div><b>Handelsname:<\/b>\u00a0Motrin<\/div>\n<div><b>Hauptbestandteil:<\/b> Ibuprofen<\/div>\n<div><b>Produktionsform:<\/b> Pillen<\/div>\n<div><b>Anwendung:<\/b> Behandelt\u00a0 Schmerzen<\/div>\n<div><b>Verf\u00fcgbare Dosierung:<\/b>\u00a0400mg<\/div>\n","protected":false},"featured_media":5060,"comment_status":"open","ping_status":"closed","template":"","meta":[],"product_cat":[36],"product_tag":[],"class_list":{"0":"post-5059","1":"product","2":"type-product","3":"status-publish","4":"has-post-thumbnail","6":"product_cat-pain-management","8":"first","9":"instock","10":"shipping-taxable","11":"product-type-grouped"},"yoast_head":"<!-- This site is optimized with the Yoast SEO plugin v20.0 - https:\/\/yoast.com\/wordpress\/plugins\/seo\/ -->\n<title>Objednejte Motrin (Ibuprofen) bez receptu za n\u00edzkou cenu | Eurorxdrugs<\/title>\n<meta name=\"description\" content=\"Kupte Motrin (Ibuprofen) nyn\u00ed! Origin\u00e1ln\u00ed l\u00e9ky a rychl\u00e9 doru\u010den\u00ed v cen\u011b. 100% diskr\u00e9tn\u00ed a d\u016fv\u011brn\u00fd servis pro v\u0161echny na\u0161e z\u00e1kazn\u00edky na Eurorxdrugs\" \/>\n<meta name=\"robots\" content=\"index, follow, max-snippet:-1, max-image-preview:large, max-video-preview:-1\" \/>\n<link rel=\"canonical\" href=\"https:\/\/eurorxdrugs.cc\/cs\/product\/motrin-ibuprofen\/\" \/>\n<meta property=\"og:locale\" content=\"cs_CZ\" \/>\n<meta property=\"og:type\" content=\"article\" \/>\n<meta property=\"og:title\" content=\"Objednejte Motrin (Ibuprofen) bez receptu za n\u00edzkou cenu | Eurorxdrugs\" \/>\n<meta property=\"og:description\" content=\"Kupte Motrin (Ibuprofen) nyn\u00ed! Origin\u00e1ln\u00ed l\u00e9ky a rychl\u00e9 doru\u010den\u00ed v cen\u011b. 100% diskr\u00e9tn\u00ed a d\u016fv\u011brn\u00fd servis pro v\u0161echny na\u0161e z\u00e1kazn\u00edky na Eurorxdrugs\" \/>\n<meta property=\"og:url\" content=\"https:\/\/eurorxdrugs.cc\/cs\/product\/motrin-ibuprofen\/\" \/>\n<meta property=\"og:site_name\" content=\"eurorxdrugs\" \/>\n<meta property=\"article:modified_time\" content=\"2024-10-31T12:10:29+00:00\" \/>\n<meta property=\"og:image\" content=\"https:\/\/eurorxdrugs.cc\/cs\/wp-content\/uploads\/2024\/10\/105-min.jpg\" \/>\n\t<meta property=\"og:image:width\" content=\"270\" \/>\n\t<meta property=\"og:image:height\" content=\"300\" \/>\n\t<meta property=\"og:image:type\" content=\"image\/jpeg\" \/>\n<meta name=\"twitter:card\" content=\"summary_large_image\" \/>\n<meta name=\"twitter:label1\" content=\"Odhadovan\u00e1 doba \u010dten\u00ed\" \/>\n\t<meta name=\"twitter:data1\" content=\"2 minuty\" \/>\n<script type=\"application\/ld+json\" class=\"yoast-schema-graph\">{\"@context\":\"https:\/\/schema.org\",\"@graph\":[{\"@type\":\"WebPage\",\"@id\":\"https:\/\/eurorxdrugs.cc\/cs\/product\/motrin-ibuprofen\/\",\"url\":\"https:\/\/eurorxdrugs.cc\/cs\/product\/motrin-ibuprofen\/\",\"name\":\"Objednejte Motrin (Ibuprofen) bez receptu za n\u00edzkou cenu | Eurorxdrugs\",\"isPartOf\":{\"@id\":\"https:\/\/eurorxdrugs.cc\/cs\/#website\"},\"datePublished\":\"2024-10-31T12:05:32+00:00\",\"dateModified\":\"2024-10-31T12:10:29+00:00\",\"description\":\"Kupte Motrin (Ibuprofen) nyn\u00ed! Origin\u00e1ln\u00ed l\u00e9ky a rychl\u00e9 doru\u010den\u00ed v cen\u011b. 100% diskr\u00e9tn\u00ed a d\u016fv\u011brn\u00fd servis pro v\u0161echny na\u0161e z\u00e1kazn\u00edky na Eurorxdrugs\",\"breadcrumb\":{\"@id\":\"https:\/\/eurorxdrugs.cc\/cs\/product\/motrin-ibuprofen\/#breadcrumb\"},\"inLanguage\":\"cs\",\"potentialAction\":[{\"@type\":\"ReadAction\",\"target\":[\"https:\/\/eurorxdrugs.cc\/cs\/product\/motrin-ibuprofen\/\"]}]},{\"@type\":\"BreadcrumbList\",\"@id\":\"https:\/\/eurorxdrugs.cc\/cs\/product\/motrin-ibuprofen\/#breadcrumb\",\"itemListElement\":[{\"@type\":\"ListItem\",\"position\":1,\"name\":\"Home\",\"item\":\"https:\/\/eurorxdrugs.cc\/cs\/\"},{\"@type\":\"ListItem\",\"position\":2,\"name\":\"Products\",\"item\":\"https:\/\/eurorxdrugs.cc\/cs\/shop\/\"},{\"@type\":\"ListItem\",\"position\":3,\"name\":\"Motrin (Ibuprofen)\"}]},{\"@type\":\"WebSite\",\"@id\":\"https:\/\/eurorxdrugs.cc\/cs\/#website\",\"url\":\"https:\/\/eurorxdrugs.cc\/cs\/\",\"name\":\"eurorxdrugs\",\"description\":\"\",\"publisher\":{\"@id\":\"https:\/\/eurorxdrugs.cc\/cs\/#organization\"},\"potentialAction\":[{\"@type\":\"SearchAction\",\"target\":{\"@type\":\"EntryPoint\",\"urlTemplate\":\"https:\/\/eurorxdrugs.cc\/cs\/?s={search_term_string}\"},\"query-input\":\"required name=search_term_string\"}],\"inLanguage\":\"cs\"},{\"@type\":\"Organization\",\"@id\":\"https:\/\/eurorxdrugs.cc\/cs\/#organization\",\"name\":\"eurorxdrugs\",\"url\":\"https:\/\/eurorxdrugs.cc\/cs\/\",\"logo\":{\"@type\":\"ImageObject\",\"inLanguage\":\"cs\",\"@id\":\"https:\/\/eurorxdrugs.cc\/cs\/#\/schema\/logo\/image\/\",\"url\":\"https:\/\/eurorxdrugs.cc\/cs\/wp-content\/uploads\/2024\/09\/logo-1-1.png\",\"contentUrl\":\"https:\/\/eurorxdrugs.cc\/cs\/wp-content\/uploads\/2024\/09\/logo-1-1.png\",\"width\":233,\"height\":54,\"caption\":\"eurorxdrugs\"},\"image\":{\"@id\":\"https:\/\/eurorxdrugs.cc\/cs\/#\/schema\/logo\/image\/\"}}]}<\/script>\n<!-- \/ Yoast SEO plugin. -->","yoast_head_json":{"title":"Objednejte Motrin (Ibuprofen) bez receptu za n\u00edzkou cenu | Eurorxdrugs","description":"Kupte Motrin (Ibuprofen) nyn\u00ed! Origin\u00e1ln\u00ed l\u00e9ky a rychl\u00e9 doru\u010den\u00ed v cen\u011b. 100% diskr\u00e9tn\u00ed a d\u016fv\u011brn\u00fd servis pro v\u0161echny na\u0161e z\u00e1kazn\u00edky na Eurorxdrugs","robots":{"index":"index","follow":"follow","max-snippet":"max-snippet:-1","max-image-preview":"max-image-preview:large","max-video-preview":"max-video-preview:-1"},"canonical":"https:\/\/eurorxdrugs.cc\/cs\/product\/motrin-ibuprofen\/","og_locale":"cs_CZ","og_type":"article","og_title":"Objednejte Motrin (Ibuprofen) bez receptu za n\u00edzkou cenu | Eurorxdrugs","og_description":"Kupte Motrin (Ibuprofen) nyn\u00ed! Origin\u00e1ln\u00ed l\u00e9ky a rychl\u00e9 doru\u010den\u00ed v cen\u011b. 100% diskr\u00e9tn\u00ed a d\u016fv\u011brn\u00fd servis pro v\u0161echny na\u0161e z\u00e1kazn\u00edky na Eurorxdrugs","og_url":"https:\/\/eurorxdrugs.cc\/cs\/product\/motrin-ibuprofen\/","og_site_name":"eurorxdrugs","article_modified_time":"2024-10-31T12:10:29+00:00","og_image":[{"width":270,"height":300,"url":"https:\/\/eurorxdrugs.cc\/cs\/wp-content\/uploads\/2024\/10\/105-min.jpg","type":"image\/jpeg"}],"twitter_card":"summary_large_image","twitter_misc":{"Odhadovan\u00e1 doba \u010dten\u00ed":"2 minuty"},"schema":{"@context":"https:\/\/schema.org","@graph":[{"@type":"WebPage","@id":"https:\/\/eurorxdrugs.cc\/cs\/product\/motrin-ibuprofen\/","url":"https:\/\/eurorxdrugs.cc\/cs\/product\/motrin-ibuprofen\/","name":"Objednejte Motrin (Ibuprofen) bez receptu za n\u00edzkou cenu | Eurorxdrugs","isPartOf":{"@id":"https:\/\/eurorxdrugs.cc\/cs\/#website"},"datePublished":"2024-10-31T12:05:32+00:00","dateModified":"2024-10-31T12:10:29+00:00","description":"Kupte Motrin (Ibuprofen) nyn\u00ed! Origin\u00e1ln\u00ed l\u00e9ky a rychl\u00e9 doru\u010den\u00ed v cen\u011b. 100% diskr\u00e9tn\u00ed a d\u016fv\u011brn\u00fd servis pro v\u0161echny na\u0161e z\u00e1kazn\u00edky na Eurorxdrugs","breadcrumb":{"@id":"https:\/\/eurorxdrugs.cc\/cs\/product\/motrin-ibuprofen\/#breadcrumb"},"inLanguage":"cs","potentialAction":[{"@type":"ReadAction","target":["https:\/\/eurorxdrugs.cc\/cs\/product\/motrin-ibuprofen\/"]}]},{"@type":"BreadcrumbList","@id":"https:\/\/eurorxdrugs.cc\/cs\/product\/motrin-ibuprofen\/#breadcrumb","itemListElement":[{"@type":"ListItem","position":1,"name":"Home","item":"https:\/\/eurorxdrugs.cc\/cs\/"},{"@type":"ListItem","position":2,"name":"Products","item":"https:\/\/eurorxdrugs.cc\/cs\/shop\/"},{"@type":"ListItem","position":3,"name":"Motrin (Ibuprofen)"}]},{"@type":"WebSite","@id":"https:\/\/eurorxdrugs.cc\/cs\/#website","url":"https:\/\/eurorxdrugs.cc\/cs\/","name":"eurorxdrugs","description":"","publisher":{"@id":"https:\/\/eurorxdrugs.cc\/cs\/#organization"},"potentialAction":[{"@type":"SearchAction","target":{"@type":"EntryPoint","urlTemplate":"https:\/\/eurorxdrugs.cc\/cs\/?s={search_term_string}"},"query-input":"required name=search_term_string"}],"inLanguage":"cs"},{"@type":"Organization","@id":"https:\/\/eurorxdrugs.cc\/cs\/#organization","name":"eurorxdrugs","url":"https:\/\/eurorxdrugs.cc\/cs\/","logo":{"@type":"ImageObject","inLanguage":"cs","@id":"https:\/\/eurorxdrugs.cc\/cs\/#\/schema\/logo\/image\/","url":"https:\/\/eurorxdrugs.cc\/cs\/wp-content\/uploads\/2024\/09\/logo-1-1.png","contentUrl":"https:\/\/eurorxdrugs.cc\/cs\/wp-content\/uploads\/2024\/09\/logo-1-1.png","width":233,"height":54,"caption":"eurorxdrugs"},"image":{"@id":"https:\/\/eurorxdrugs.cc\/cs\/#\/schema\/logo\/image\/"}}]}},"_links":{"self":[{"href":"https:\/\/eurorxdrugs.cc\/cs\/wp-json\/wp\/v2\/product\/5059","targetHints":{"allow":["GET"]}}],"collection":[{"href":"https:\/\/eurorxdrugs.cc\/cs\/wp-json\/wp\/v2\/product"}],"about":[{"href":"https:\/\/eurorxdrugs.cc\/cs\/wp-json\/wp\/v2\/types\/product"}],"replies":[{"embeddable":true,"href":"https:\/\/eurorxdrugs.cc\/cs\/wp-json\/wp\/v2\/comments?post=5059"}],"wp:featuredmedia":[{"embeddable":true,"href":"https:\/\/eurorxdrugs.cc\/cs\/wp-json\/wp\/v2\/media\/5060"}],"wp:attachment":[{"href":"https:\/\/eurorxdrugs.cc\/cs\/wp-json\/wp\/v2\/media?parent=5059"}],"wp:term":[{"taxonomy":"product_cat","embeddable":true,"href":"https:\/\/eurorxdrugs.cc\/cs\/wp-json\/wp\/v2\/product_cat?post=5059"},{"taxonomy":"product_tag","embeddable":true,"href":"https:\/\/eurorxdrugs.cc\/cs\/wp-json\/wp\/v2\/product_tag?post=5059"}],"curies":[{"name":"wp","href":"https:\/\/api.w.org\/{rel}","templated":true}]}}