{"id":5175,"date":"2024-10-31T16:55:52","date_gmt":"2024-10-31T16:55:52","guid":{"rendered":"https:\/\/eurorxdrugs.cc\/cs\/?post_type=product&#038;p=5175"},"modified":"2024-10-31T17:07:17","modified_gmt":"2024-10-31T17:07:17","slug":"modafinil","status":"publish","type":"product","link":"https:\/\/eurorxdrugs.cc\/cs\/product\/modafinil\/","title":{"rendered":"Modafinil"},"content":{"rendered":"<div class=\"pro-description_name\">Beschreibung<\/div>\n<div class=\"pro-description_content\">\n<h2><b>Informationen zu Modafinil<\/b><\/h2>\n<h3><b>Wof\u00fcr wird Modafinil verwendet?<\/b><\/h3>\n<p><b>Modafinil<\/b> wird zur Behandlung von Narkolepsie eingesetzt, einer Erkrankung, die \u00fcberm\u00e4\u00dfige Tagesm\u00fcdigkeit und pl\u00f6tzliche Schlafattacken in ungeeigneten Situationen verursacht. Es kann helfen, die Wahrscheinlichkeit solcher Schlafattacken zu reduzieren. Modafinil wurde auch zur Behandlung von Schichtarbeitsst\u00f6rungen und Schlafapnoe verwendet.<\/p>\n<p>Obwohl die genaue Wirkungsweise unbekannt ist, wird angenommen, dass <b>Modafinil<\/b> wirkt, indem es die Aufnahme eines Neurotransmitters namens Dopamin hemmt, obwohl auch andere Mechanismen eine Rolle spielen k\u00f6nnen.<\/p>\n<h3><b>Wie wird Modafinil eingenommen?<\/b><\/h3>\n<p><b>Modafinil<\/b> wird normalerweise einmal t\u00e4glich morgens eingenommen, kann jedoch in zwei Dosen aufgeteilt werden, wenn es Ihr Arzt f\u00fcr angemessen h\u00e4lt. Es kann mit oder ohne Nahrung eingenommen werden. <b>Tabletten sollten ganz mit Wasser geschluckt werden.<\/b><\/p>\n<h3><b>Warnhinweise<\/b><\/h3>\n<p>Wie alle Medikamente kann <b>Modafinil<\/b> Nebenwirkungen verursachen, die jedoch nicht jeder versp\u00fcrt. Beenden Sie die Einnahme dieses Medikaments und informieren Sie sofort Ihren Arzt, wenn Sie eine der folgenden Nebenwirkungen bemerken:<\/p>\n<ul>\n<li><b>Pl\u00f6tzliche Anzeichen einer allergischen Reaktion<\/b> wie Hautausschlag, Juckreiz oder Quaddeln, Atembeschwerden oder Keuchen, Schwellung im Gesicht, Mund oder Rachen, oder Lymphknotenerkrankungen (z. B. schmerzhafte, warme, rote Beulen unter der Haut, Fieber oder ungew\u00f6hnliche M\u00fcdigkeit).<\/li>\n<li><b>Hautausschlag oder Juckreiz<\/b> (insbesondere wenn er den gesamten K\u00f6rper betrifft). Schwere Ausschl\u00e4ge k\u00f6nnen Blasenbildung oder Hautabl\u00f6sung, Geschw\u00fcre im Mund, den Augen, der Nase oder den Genitalien verursachen. Sie k\u00f6nnen auch hohes Fieber und abnormale Bluttestergebnisse haben.<\/li>\n<li><b>Diabetes<\/b> mit erh\u00f6htem Blutzucker (Symptome k\u00f6nnen h\u00e4ufiges Wasserlassen, \u00fcberm\u00e4\u00dfiger Durst, unerkl\u00e4rlicher Gewichtsverlust, extreme Hunger, pl\u00f6tzliche Sehver\u00e4nderungen, M\u00fcdigkeit umfassen).<\/li>\n<li><b>\u00c4nderungen der psychischen Gesundheit und des Wohlbefindens<\/b> wie Stimmungsschwankungen, abnormale Gedanken, Aggression, Vergesslichkeit, extreme Gl\u00fccklichkeit, \u00dcbererregung, Angst, Depression, suizidale Gedanken oder Verhalten, Agitation, Psychose oder Pers\u00f6nlichkeitsst\u00f6rung.<\/li>\n<\/ul>\n<h3><b>Nebenwirkungen<\/b><\/h3>\n<p><b>Sehr h\u00e4ufig<\/b> (kann mehr als 1 von 10 Personen betreffen):<\/p>\n<ul>\n<li><b>Kopfschmerzen<\/b><\/li>\n<\/ul>\n<p><b>H\u00e4ufig<\/b> (kann bis zu 1 von 10 Personen betreffen):<\/p>\n<ul>\n<li><b>Schwindel<\/b>, Reizbarkeit<\/li>\n<li><b>Schl\u00e4frigkeit<\/b>, extreme M\u00fcdigkeit oder Schlafst\u00f6rungen (Insomnie)<\/li>\n<li><b>Bewusstsein f\u00fcr Ihren Herzschlag<\/b>, der schneller als normal sein kann<\/li>\n<li><b>Brustschmerzen<\/b><\/li>\n<li><b>Hitzewallungen<\/b><\/li>\n<li><b>Trockener Mund<\/b><\/li>\n<li><b>Appetitlosigkeit<\/b>, \u00dcbelkeit, Bauchschmerzen, Verdauungsst\u00f6rungen, Durchfall oder Verstopfung<\/li>\n<li><b>Schw\u00e4che<\/b>, Taubheit oder Kribbeln in H\u00e4nden oder F\u00fc\u00dfen (&#8218;Ameisenlaufen&#8216;)<\/li>\n<li><b>Verschwommenes Sehen<\/b><\/li>\n<li><b>Abnormale Bluttestergebnisse<\/b>, die erh\u00f6hte Leberenzyme zeigen<\/li>\n<\/ul>\n<p><b>Selten<\/b> (kann bis zu 1 von 100 Personen betreffen):<\/p>\n<ul>\n<li><b>R\u00fcckenschmerzen<\/b>, Nackenschmerzen, Muskelschmerzen, Muskelschw\u00e4che, Wadenkr\u00e4mpfe, Gelenkschmerzen, Zittern oder Tremor<\/li>\n<li><b>Vermindertes Gef\u00fchl<\/b><\/li>\n<li><b>Schwindel<\/b> (Drehgef\u00fchl)<\/li>\n<li><b>Schwierigkeiten beim glatten Bewegen der Muskeln<\/b> oder andere Bewegungsprobleme, Muskelzucken, Koordinationsprobleme<\/li>\n<li><b>Heuschnupfensymptome<\/b> wie juckende oder laufende Nase oder tr\u00e4nende Augen<\/li>\n<li><b>Erh\u00f6hter Husten<\/b>, Asthma oder Kurzatmigkeit<\/li>\n<li><b>Hautausschlag<\/b>, Akne oder juckende Haut<\/li>\n<li><b>Schwitzen<\/b><\/li>\n<li><b>\u00c4nderungen des Blutdrucks<\/b> (hoch oder niedrig), abnormales Herz-EKG und unregelm\u00e4\u00dfiger oder ungew\u00f6hnlich langsamer Herzschlag<\/li>\n<li><b>Schwierigkeiten beim Schlucken<\/b>, geschwollene Zunge oder Mundgeschw\u00fcre<\/li>\n<li><b>Bl\u00e4hungen<\/b>, Reflux, erh\u00f6htes Verlangen nach Essen, Gewichtsver\u00e4nderungen, Durst oder Geschmacksver\u00e4nderungen<\/li>\n<li><b>Erbrechen<\/b><\/li>\n<li><b>Migr\u00e4ne<\/b><\/li>\n<li><b>Sprachprobleme<\/b><\/li>\n<li><b>Hoher Cholesterinspiegel<\/b><\/li>\n<li><b>Geschwollene H\u00e4nde und F\u00fc\u00dfe<\/b><\/li>\n<li><b>Gest\u00f6rter Schlaf<\/b> oder abnormale Tr\u00e4ume<\/li>\n<li><b>Verlust des Sexualtriebs<\/b><\/li>\n<li><b>Nasenbluten<\/b>, Halsschmerzen oder entz\u00fcndete Nasenwege (Sinusitis)<\/li>\n<li><b>Abnormale Sicht<\/b> oder trockene Augen<\/li>\n<li><b>Abnormaler Urin<\/b> oder h\u00e4ufigeres Wasserlassen<\/li>\n<li><b>Abnormale Menstruation<\/b><\/li>\n<li><b>Abnormale Bluttestergebnisse<\/b>, die Ver\u00e4nderungen in der Anzahl der wei\u00dfen Blutk\u00f6rperchen zeigen<\/li>\n<\/ul>\n<\/div>\n","protected":false},"excerpt":{"rendered":"<div><b>Handelsname:<\/b> Modafinil<\/div>\n<div><b>Wirkstoff:<\/b> Modafinil<\/div>\n<div><b>Produktionsform:<\/b> Pillen<\/div>\n<div><b>Anwendungsgebiet: <\/b>ADHS<\/div>\n<div><b>Verf\u00fcgbare Dosierungen:\u00a0<\/b>100mg\u00a0200mg<\/div>\n","protected":false},"featured_media":5176,"comment_status":"open","ping_status":"closed","template":"","meta":[],"product_cat":[44],"product_tag":[],"class_list":{"0":"post-5175","1":"product","2":"type-product","3":"status-publish","4":"has-post-thumbnail","6":"product_cat-adhd","8":"first","9":"instock","10":"shipping-taxable","11":"product-type-grouped"},"yoast_head":"<!-- This site is optimized with the Yoast SEO plugin v20.0 - https:\/\/yoast.com\/wordpress\/plugins\/seo\/ -->\n<title>Objednejte Modafinil bez receptu za n\u00edzkou cenu | Eurorxdrugs<\/title>\n<meta name=\"description\" content=\"Kupte Modafinil nyn\u00ed! Origin\u00e1ln\u00ed l\u00e9ky a rychl\u00e9 doru\u010den\u00ed v cen\u011b. 100% diskr\u00e9tn\u00ed a d\u016fv\u011brn\u00fd servis pro v\u0161echny na\u0161e z\u00e1kazn\u00edky na Eurorxdrugs\" \/>\n<meta name=\"robots\" content=\"index, follow, max-snippet:-1, max-image-preview:large, max-video-preview:-1\" \/>\n<link rel=\"canonical\" href=\"https:\/\/eurorxdrugs.cc\/cs\/product\/modafinil\/\" \/>\n<meta property=\"og:locale\" content=\"cs_CZ\" \/>\n<meta property=\"og:type\" content=\"article\" \/>\n<meta property=\"og:title\" content=\"Objednejte Modafinil bez receptu za n\u00edzkou cenu | Eurorxdrugs\" \/>\n<meta property=\"og:description\" content=\"Kupte Modafinil nyn\u00ed! Origin\u00e1ln\u00ed l\u00e9ky a rychl\u00e9 doru\u010den\u00ed v cen\u011b. 100% diskr\u00e9tn\u00ed a d\u016fv\u011brn\u00fd servis pro v\u0161echny na\u0161e z\u00e1kazn\u00edky na Eurorxdrugs\" \/>\n<meta property=\"og:url\" content=\"https:\/\/eurorxdrugs.cc\/cs\/product\/modafinil\/\" \/>\n<meta property=\"og:site_name\" content=\"eurorxdrugs\" \/>\n<meta property=\"article:modified_time\" content=\"2024-10-31T17:07:17+00:00\" \/>\n<meta property=\"og:image\" content=\"https:\/\/eurorxdrugs.cc\/cs\/wp-content\/uploads\/2024\/10\/344-min.jpg\" \/>\n\t<meta property=\"og:image:width\" content=\"270\" \/>\n\t<meta property=\"og:image:height\" content=\"300\" \/>\n\t<meta property=\"og:image:type\" content=\"image\/jpeg\" \/>\n<meta name=\"twitter:card\" content=\"summary_large_image\" \/>\n<meta name=\"twitter:label1\" content=\"Odhadovan\u00e1 doba \u010dten\u00ed\" \/>\n\t<meta name=\"twitter:data1\" content=\"3 minuty\" \/>\n<script type=\"application\/ld+json\" class=\"yoast-schema-graph\">{\"@context\":\"https:\/\/schema.org\",\"@graph\":[{\"@type\":\"WebPage\",\"@id\":\"https:\/\/eurorxdrugs.cc\/cs\/product\/modafinil\/\",\"url\":\"https:\/\/eurorxdrugs.cc\/cs\/product\/modafinil\/\",\"name\":\"Objednejte Modafinil bez receptu za n\u00edzkou cenu | Eurorxdrugs\",\"isPartOf\":{\"@id\":\"https:\/\/eurorxdrugs.cc\/cs\/#website\"},\"datePublished\":\"2024-10-31T16:55:52+00:00\",\"dateModified\":\"2024-10-31T17:07:17+00:00\",\"description\":\"Kupte Modafinil nyn\u00ed! Origin\u00e1ln\u00ed l\u00e9ky a rychl\u00e9 doru\u010den\u00ed v cen\u011b. 100% diskr\u00e9tn\u00ed a d\u016fv\u011brn\u00fd servis pro v\u0161echny na\u0161e z\u00e1kazn\u00edky na Eurorxdrugs\",\"breadcrumb\":{\"@id\":\"https:\/\/eurorxdrugs.cc\/cs\/product\/modafinil\/#breadcrumb\"},\"inLanguage\":\"cs\",\"potentialAction\":[{\"@type\":\"ReadAction\",\"target\":[\"https:\/\/eurorxdrugs.cc\/cs\/product\/modafinil\/\"]}]},{\"@type\":\"BreadcrumbList\",\"@id\":\"https:\/\/eurorxdrugs.cc\/cs\/product\/modafinil\/#breadcrumb\",\"itemListElement\":[{\"@type\":\"ListItem\",\"position\":1,\"name\":\"Home\",\"item\":\"https:\/\/eurorxdrugs.cc\/cs\/\"},{\"@type\":\"ListItem\",\"position\":2,\"name\":\"Products\",\"item\":\"https:\/\/eurorxdrugs.cc\/cs\/shop\/\"},{\"@type\":\"ListItem\",\"position\":3,\"name\":\"Modafinil\"}]},{\"@type\":\"WebSite\",\"@id\":\"https:\/\/eurorxdrugs.cc\/cs\/#website\",\"url\":\"https:\/\/eurorxdrugs.cc\/cs\/\",\"name\":\"eurorxdrugs\",\"description\":\"\",\"publisher\":{\"@id\":\"https:\/\/eurorxdrugs.cc\/cs\/#organization\"},\"potentialAction\":[{\"@type\":\"SearchAction\",\"target\":{\"@type\":\"EntryPoint\",\"urlTemplate\":\"https:\/\/eurorxdrugs.cc\/cs\/?s={search_term_string}\"},\"query-input\":\"required name=search_term_string\"}],\"inLanguage\":\"cs\"},{\"@type\":\"Organization\",\"@id\":\"https:\/\/eurorxdrugs.cc\/cs\/#organization\",\"name\":\"eurorxdrugs\",\"url\":\"https:\/\/eurorxdrugs.cc\/cs\/\",\"logo\":{\"@type\":\"ImageObject\",\"inLanguage\":\"cs\",\"@id\":\"https:\/\/eurorxdrugs.cc\/cs\/#\/schema\/logo\/image\/\",\"url\":\"https:\/\/eurorxdrugs.cc\/cs\/wp-content\/uploads\/2024\/09\/logo-1-1.png\",\"contentUrl\":\"https:\/\/eurorxdrugs.cc\/cs\/wp-content\/uploads\/2024\/09\/logo-1-1.png\",\"width\":233,\"height\":54,\"caption\":\"eurorxdrugs\"},\"image\":{\"@id\":\"https:\/\/eurorxdrugs.cc\/cs\/#\/schema\/logo\/image\/\"}}]}<\/script>\n<!-- \/ Yoast SEO plugin. -->","yoast_head_json":{"title":"Objednejte Modafinil bez receptu za n\u00edzkou cenu | Eurorxdrugs","description":"Kupte Modafinil nyn\u00ed! Origin\u00e1ln\u00ed l\u00e9ky a rychl\u00e9 doru\u010den\u00ed v cen\u011b. 100% diskr\u00e9tn\u00ed a d\u016fv\u011brn\u00fd servis pro v\u0161echny na\u0161e z\u00e1kazn\u00edky na Eurorxdrugs","robots":{"index":"index","follow":"follow","max-snippet":"max-snippet:-1","max-image-preview":"max-image-preview:large","max-video-preview":"max-video-preview:-1"},"canonical":"https:\/\/eurorxdrugs.cc\/cs\/product\/modafinil\/","og_locale":"cs_CZ","og_type":"article","og_title":"Objednejte Modafinil bez receptu za n\u00edzkou cenu | Eurorxdrugs","og_description":"Kupte Modafinil nyn\u00ed! Origin\u00e1ln\u00ed l\u00e9ky a rychl\u00e9 doru\u010den\u00ed v cen\u011b. 100% diskr\u00e9tn\u00ed a d\u016fv\u011brn\u00fd servis pro v\u0161echny na\u0161e z\u00e1kazn\u00edky na Eurorxdrugs","og_url":"https:\/\/eurorxdrugs.cc\/cs\/product\/modafinil\/","og_site_name":"eurorxdrugs","article_modified_time":"2024-10-31T17:07:17+00:00","og_image":[{"width":270,"height":300,"url":"https:\/\/eurorxdrugs.cc\/cs\/wp-content\/uploads\/2024\/10\/344-min.jpg","type":"image\/jpeg"}],"twitter_card":"summary_large_image","twitter_misc":{"Odhadovan\u00e1 doba \u010dten\u00ed":"3 minuty"},"schema":{"@context":"https:\/\/schema.org","@graph":[{"@type":"WebPage","@id":"https:\/\/eurorxdrugs.cc\/cs\/product\/modafinil\/","url":"https:\/\/eurorxdrugs.cc\/cs\/product\/modafinil\/","name":"Objednejte Modafinil bez receptu za n\u00edzkou cenu | Eurorxdrugs","isPartOf":{"@id":"https:\/\/eurorxdrugs.cc\/cs\/#website"},"datePublished":"2024-10-31T16:55:52+00:00","dateModified":"2024-10-31T17:07:17+00:00","description":"Kupte Modafinil nyn\u00ed! Origin\u00e1ln\u00ed l\u00e9ky a rychl\u00e9 doru\u010den\u00ed v cen\u011b. 100% diskr\u00e9tn\u00ed a d\u016fv\u011brn\u00fd servis pro v\u0161echny na\u0161e z\u00e1kazn\u00edky na Eurorxdrugs","breadcrumb":{"@id":"https:\/\/eurorxdrugs.cc\/cs\/product\/modafinil\/#breadcrumb"},"inLanguage":"cs","potentialAction":[{"@type":"ReadAction","target":["https:\/\/eurorxdrugs.cc\/cs\/product\/modafinil\/"]}]},{"@type":"BreadcrumbList","@id":"https:\/\/eurorxdrugs.cc\/cs\/product\/modafinil\/#breadcrumb","itemListElement":[{"@type":"ListItem","position":1,"name":"Home","item":"https:\/\/eurorxdrugs.cc\/cs\/"},{"@type":"ListItem","position":2,"name":"Products","item":"https:\/\/eurorxdrugs.cc\/cs\/shop\/"},{"@type":"ListItem","position":3,"name":"Modafinil"}]},{"@type":"WebSite","@id":"https:\/\/eurorxdrugs.cc\/cs\/#website","url":"https:\/\/eurorxdrugs.cc\/cs\/","name":"eurorxdrugs","description":"","publisher":{"@id":"https:\/\/eurorxdrugs.cc\/cs\/#organization"},"potentialAction":[{"@type":"SearchAction","target":{"@type":"EntryPoint","urlTemplate":"https:\/\/eurorxdrugs.cc\/cs\/?s={search_term_string}"},"query-input":"required name=search_term_string"}],"inLanguage":"cs"},{"@type":"Organization","@id":"https:\/\/eurorxdrugs.cc\/cs\/#organization","name":"eurorxdrugs","url":"https:\/\/eurorxdrugs.cc\/cs\/","logo":{"@type":"ImageObject","inLanguage":"cs","@id":"https:\/\/eurorxdrugs.cc\/cs\/#\/schema\/logo\/image\/","url":"https:\/\/eurorxdrugs.cc\/cs\/wp-content\/uploads\/2024\/09\/logo-1-1.png","contentUrl":"https:\/\/eurorxdrugs.cc\/cs\/wp-content\/uploads\/2024\/09\/logo-1-1.png","width":233,"height":54,"caption":"eurorxdrugs"},"image":{"@id":"https:\/\/eurorxdrugs.cc\/cs\/#\/schema\/logo\/image\/"}}]}},"_links":{"self":[{"href":"https:\/\/eurorxdrugs.cc\/cs\/wp-json\/wp\/v2\/product\/5175","targetHints":{"allow":["GET"]}}],"collection":[{"href":"https:\/\/eurorxdrugs.cc\/cs\/wp-json\/wp\/v2\/product"}],"about":[{"href":"https:\/\/eurorxdrugs.cc\/cs\/wp-json\/wp\/v2\/types\/product"}],"replies":[{"embeddable":true,"href":"https:\/\/eurorxdrugs.cc\/cs\/wp-json\/wp\/v2\/comments?post=5175"}],"wp:featuredmedia":[{"embeddable":true,"href":"https:\/\/eurorxdrugs.cc\/cs\/wp-json\/wp\/v2\/media\/5176"}],"wp:attachment":[{"href":"https:\/\/eurorxdrugs.cc\/cs\/wp-json\/wp\/v2\/media?parent=5175"}],"wp:term":[{"taxonomy":"product_cat","embeddable":true,"href":"https:\/\/eurorxdrugs.cc\/cs\/wp-json\/wp\/v2\/product_cat?post=5175"},{"taxonomy":"product_tag","embeddable":true,"href":"https:\/\/eurorxdrugs.cc\/cs\/wp-json\/wp\/v2\/product_tag?post=5175"}],"curies":[{"name":"wp","href":"https:\/\/api.w.org\/{rel}","templated":true}]}}