{"id":5225,"date":"2024-10-31T17:27:34","date_gmt":"2024-10-31T17:27:34","guid":{"rendered":"https:\/\/eurorxdrugs.cc\/cs\/?post_type=product&#038;p=5225"},"modified":"2024-10-31T17:35:24","modified_gmt":"2024-10-31T17:35:24","slug":"provigil-modafinil-2","status":"publish","type":"product","link":"https:\/\/eurorxdrugs.cc\/cs\/product\/provigil-modafinil-2\/","title":{"rendered":"Provigil (Modafinil)"},"content":{"rendered":"<div class=\"pro-description_name\">Beschreibung<\/div>\n<div class=\"pro-description_content\">\n<h2><b>Informationen zu Modafinil<\/b><\/h2>\n<h3><b>Was ist Modafinil?<\/b><\/h3>\n<p><b>Modafinil<\/b> ist ein Medikament zur Behandlung von Narkolepsie, einer Erkrankung, die \u00fcberm\u00e4\u00dfige Schl\u00e4frigkeit am Tag und pl\u00f6tzliches Einschlafen in unpassenden Situationen verursacht. Es wird auch zur Behandlung von Schichtarbeiterschlafst\u00f6rungen und Schlafapnoe eingesetzt. Obwohl der genaue Wirkmechanismus unbekannt ist, wird angenommen, dass es durch Hemmung der Wiederaufnahme des Neurotransmitters Dopamin wirkt, wobei auch andere Mechanismen eine Rolle spielen k\u00f6nnten.<\/p>\n<h3><b>Wie nimmt man Modafinil ein?<\/b><\/h3>\n<p>Modafinil wird normalerweise einmal t\u00e4glich morgens eingenommen, kann aber auf zwei Dosen t\u00e4glich aufgeteilt werden, wenn Ihr Arzt dies f\u00fcr angebracht h\u00e4lt. Es kann mit oder ohne Nahrung eingenommen werden. Die Tabletten sollten ganz mit Wasser geschluckt werden.<\/p>\n<h3><b>Warnhinweise<\/b><\/h3>\n<p>Wie bei allen Medikamenten kann Modafinil Nebenwirkungen verursachen, die jedoch nicht bei jedem auftreten. Beenden Sie die Einnahme dieses Medikaments und informieren Sie sofort Ihren Arzt, wenn Sie eine der folgenden Nebenwirkungen bemerken:<\/p>\n<ul>\n<li><b>Allergische Reaktionen<\/b> wie Hautausschlag, Juckreiz oder Nesselsucht, Atembeschwerden oder Schwellungen im Gesicht, Mund oder Rachen. Auch eine St\u00f6rung der Lymphknoten (Anzeichen k\u00f6nnen schmerzhafte, warme, rote Beulen unter der Haut, Fieber oder ungew\u00f6hnliche M\u00fcdigkeit sein).<\/li>\n<li><b>Hautausschlag<\/b> oder Juckreiz, insbesondere wenn er den gesamten K\u00f6rper betrifft. Schwere Hautausschl\u00e4ge k\u00f6nnen Blasenbildung oder Abbl\u00e4ttern der Haut, Geschw\u00fcre im Mund, Augen, in der Nase oder den Geschlechtsorganen sowie hohe Temperaturen (Fieber) verursachen.<\/li>\n<li><b>Diabetes<\/b> mit erh\u00f6htem Blutzucker (Symptome k\u00f6nnen h\u00e4ufiges Urinieren, \u00fcberm\u00e4\u00dfiger Durst, unerkl\u00e4rlicher Gewichtsverlust, extremes Hungergef\u00fchl, pl\u00f6tzliche Seh\u00e4nderungen, M\u00fcdigkeit sein).<\/li>\n<li><b>\u00c4nderungen der psychischen Gesundheit<\/b> einschlie\u00dflich Stimmungsschwankungen, abnormalem Denken, Aggression, Vergesslichkeit, extremem Gl\u00fccksgef\u00fchl, \u00dcbererregung, Angst, Depression, suizidalen Gedanken oder Verhaltensweisen, Agitation oder Psychose.<\/li>\n<\/ul>\n<h3><b>Nebenwirkungen<\/b><\/h3>\n<p><b>Sehr h\u00e4ufig<\/b> (kann mehr als 1 von 10 Personen betreffen):<\/p>\n<ul>\n<li>Kopfschmerzen<\/li>\n<\/ul>\n<p><b>H\u00e4ufig<\/b> (kann bis zu 1 von 10 Personen betreffen):<\/p>\n<ul>\n<li>Schwindel, Reizbarkeit<\/li>\n<li>Schl\u00e4frigkeit, extreme M\u00fcdigkeit oder Schlafst\u00f6rungen (Insomnie)<\/li>\n<li>Bewusstsein \u00fcber den Herzschlag, der schneller als normal sein kann<\/li>\n<li>Brustschmerzen<\/li>\n<li>Hitzewallungen<\/li>\n<li>Trockener Mund<\/li>\n<li>Appetitlosigkeit, \u00dcbelkeit, Bauchschmerzen, Verdauungsst\u00f6rungen, Durchfall oder Verstopfung<\/li>\n<li>Schw\u00e4che, Taubheitsgef\u00fchl oder Kribbeln der H\u00e4nde oder F\u00fc\u00dfe (&#8218;Ameisenlaufen&#8216;)<\/li>\n<li>Verschwommenes Sehen<\/li>\n<li>Abnormale Blutuntersuchungsergebnisse, die einen Anstieg der Leberenzyme zeigen<\/li>\n<\/ul>\n<p><b>Selten<\/b> (kann bis zu 1 von 100 Personen betreffen):<\/p>\n<ul>\n<li>R\u00fcckenschmerzen, Nackenschmerzen, Muskelschmerzen, Muskelschw\u00e4che, Wadenkr\u00e4mpfe, Gelenkschmerzen, Zittern oder Tremor<\/li>\n<li>Reduziertes Gef\u00fchl<\/li>\n<li>Schwindel (Drehgef\u00fchl)<\/li>\n<li>Schwierigkeiten beim geschmeidigen Bewegen der Muskeln oder andere Bewegungsprobleme, Muskelzuckungen, Koordinationsprobleme<\/li>\n<li>Heuschnupfen-Symptome wie juckende\/n\u00e4ssende Nase oder tr\u00e4nende Augen<\/li>\n<li>Erh\u00f6hter Husten, Asthma oder Atemnot<\/li>\n<li>Hautausschlag, Akne oder juckende Haut<\/li>\n<li>Schwitzen<\/li>\n<li>\u00c4nderungen des Blutdrucks (hoch oder niedrig), abnormaler Herzrhythmus (EKG), und unregelm\u00e4\u00dfiger oder ungew\u00f6hnlich langsamer Herzschlag<\/li>\n<li>Schwierigkeiten beim Schlucken, geschwollene Zunge oder Mundgeschw\u00fcre<\/li>\n<li>Excess wind, Reflux, erh\u00f6htes Hungergef\u00fchl, Gewichtsschwankungen, Durst oder Geschmacksver\u00e4nderungen<\/li>\n<li>Erbrechen<\/li>\n<li>Migr\u00e4ne<\/li>\n<li>Sprachprobleme<\/li>\n<li>Hoher Cholesterinspiegel<\/li>\n<li>Geschwollene H\u00e4nde und F\u00fc\u00dfe<\/li>\n<li>Gest\u00f6rter Schlaf oder ungew\u00f6hnliche Tr\u00e4ume<\/li>\n<li>Verlust des Sexualtriebs<\/li>\n<li>Nasenbluten, Halsschmerzen oder entz\u00fcndete Naseng\u00e4nge (Sinusitis)<\/li>\n<li>Abnormale Sicht oder trockene Augen<\/li>\n<li>Abnormale Urinproduktion oder h\u00e4ufigeres Urinieren<\/li>\n<li>Abnormale Menstruation<\/li>\n<li>Abnormale Blutuntersuchungsergebnisse, die Ver\u00e4nderungen in der Anzahl der wei\u00dfen Blutk\u00f6rperchen zeigen<\/li>\n<\/ul>\n<h3><b>Wie kann Modafinil helfen?<\/b><\/h3>\n<p>Dieses Medikament wirkt auf bemerkenswerte Weise, indem es Ihre kognitiven F\u00e4higkeiten verbessert, den Denkprozess effektiver macht und das Ged\u00e4chtnis sch\u00e4rft. Sie werden diese Vorteile erleben, ohne sich schl\u00e4frig zu f\u00fchlen. Es wird sehr wirksam sein, da Ihr Schlafbedarf sinkt und Sie in der Lage sind, verschiedene Aktivit\u00e4ten \u00fcber l\u00e4ngere Zeitr\u00e4ume auszu\u00fcben.<\/p>\n<h3><b>Vorteile von Generischem Modafinil<\/b><\/h3>\n<p>Generisches Modafinil ist ein wirksames und sicheres Medikament, das auch zur Verbesserung des Ged\u00e4chtnisses eingesetzt werden kann. Es wirkt am besten mit den Chemikalien im Gehirn und blockiert den Wiederaufnahmeprozess. Diese Wirkung tr\u00e4gt zur Steigerung der Wachsamkeit bei.<\/p>\n<h3><b>Was muss ich beachten, bevor ich Modafinil-Tabletten einnehme?<\/b><\/h3>\n<p>Einige Personen k\u00f6nnen allergisch auf dieses Medikament reagieren. Wenn dies bei Ihnen auftritt, kontaktieren Sie sofort Ihren Arzt. Personen mit <b>Herzproblemen<\/b>, <b>hohem Blutdruck<\/b>, <b>Leber- und Nierenproblemen<\/b>, <b>psychischen St\u00f6rungen<\/b> oder <b>Stimmungsschwankungen<\/b> sollten ebenfalls ihren Arzt konsultieren, um weitere Komplikationen zu vermeiden.<\/p>\n<h3><b>Empfohlene Dosierung von Modafinil<\/b><\/h3>\n<p>Es ist wichtig, dass Ihr Arzt die f\u00fcr Sie geeignete Dosierung festlegt. Generisches Modafinil ist sehr sicher, aber es ist ratsam, Ihren Arzt zu konsultieren, um eine geeignete Dosierung basierend auf Ihrer medizinischen Vorgeschichte zu bestimmen.<\/p>\n<\/div>\n","protected":false},"excerpt":{"rendered":"<div>Handelsname: Modvigil, Provigil, Modalert<\/div>\n<div>Hauptbestandteil: Modafinil<\/div>\n<div>Produktionsform: Pillen<\/div>\n<div>Nutzung: Schlafhilfe<\/div>\n<div>Verf\u00fcgbare Dosierung:\u00a0200mg<\/div>\n","protected":false},"featured_media":5226,"comment_status":"open","ping_status":"closed","template":"","meta":[],"product_cat":[44],"product_tag":[],"class_list":{"0":"post-5225","1":"product","2":"type-product","3":"status-publish","4":"has-post-thumbnail","6":"product_cat-adhd","8":"first","9":"instock","10":"shipping-taxable","11":"product-type-grouped"},"yoast_head":"<!-- This site is optimized with the Yoast SEO plugin v20.0 - https:\/\/yoast.com\/wordpress\/plugins\/seo\/ -->\n<title>Objednejte Provigil (Modafinil) bez receptu za n\u00edzkou cenu | Eurorxdrugs<\/title>\n<meta name=\"description\" content=\"Kupte Provigil (Modafinil) nyn\u00ed! Origin\u00e1ln\u00ed l\u00e9ky a rychl\u00e9 doru\u010den\u00ed v cen\u011b. 100% diskr\u00e9tn\u00ed a d\u016fv\u011brn\u00fd servis pro v\u0161echny na\u0161e z\u00e1kazn\u00edky na Eurorxdrugs\" \/>\n<meta name=\"robots\" content=\"index, follow, max-snippet:-1, max-image-preview:large, max-video-preview:-1\" \/>\n<link rel=\"canonical\" href=\"https:\/\/eurorxdrugs.cc\/cs\/product\/provigil-modafinil-2\/\" \/>\n<meta property=\"og:locale\" content=\"cs_CZ\" \/>\n<meta property=\"og:type\" content=\"article\" \/>\n<meta property=\"og:title\" content=\"Objednejte Provigil (Modafinil) bez receptu za n\u00edzkou cenu | Eurorxdrugs\" \/>\n<meta property=\"og:description\" content=\"Kupte Provigil (Modafinil) nyn\u00ed! Origin\u00e1ln\u00ed l\u00e9ky a rychl\u00e9 doru\u010den\u00ed v cen\u011b. 100% diskr\u00e9tn\u00ed a d\u016fv\u011brn\u00fd servis pro v\u0161echny na\u0161e z\u00e1kazn\u00edky na Eurorxdrugs\" \/>\n<meta property=\"og:url\" content=\"https:\/\/eurorxdrugs.cc\/cs\/product\/provigil-modafinil-2\/\" \/>\n<meta property=\"og:site_name\" content=\"eurorxdrugs\" \/>\n<meta property=\"article:modified_time\" content=\"2024-10-31T17:35:24+00:00\" \/>\n<meta property=\"og:image\" content=\"https:\/\/eurorxdrugs.cc\/cs\/wp-content\/uploads\/2024\/10\/151-min-2.jpg\" \/>\n\t<meta property=\"og:image:width\" content=\"270\" \/>\n\t<meta property=\"og:image:height\" content=\"300\" \/>\n\t<meta property=\"og:image:type\" content=\"image\/jpeg\" \/>\n<meta name=\"twitter:card\" content=\"summary_large_image\" \/>\n<meta name=\"twitter:label1\" content=\"Odhadovan\u00e1 doba \u010dten\u00ed\" \/>\n\t<meta name=\"twitter:data1\" content=\"3 minuty\" \/>\n<script type=\"application\/ld+json\" class=\"yoast-schema-graph\">{\"@context\":\"https:\/\/schema.org\",\"@graph\":[{\"@type\":\"WebPage\",\"@id\":\"https:\/\/eurorxdrugs.cc\/cs\/product\/provigil-modafinil-2\/\",\"url\":\"https:\/\/eurorxdrugs.cc\/cs\/product\/provigil-modafinil-2\/\",\"name\":\"Objednejte Provigil (Modafinil) bez receptu za n\u00edzkou cenu | Eurorxdrugs\",\"isPartOf\":{\"@id\":\"https:\/\/eurorxdrugs.cc\/cs\/#website\"},\"datePublished\":\"2024-10-31T17:27:34+00:00\",\"dateModified\":\"2024-10-31T17:35:24+00:00\",\"description\":\"Kupte Provigil (Modafinil) nyn\u00ed! Origin\u00e1ln\u00ed l\u00e9ky a rychl\u00e9 doru\u010den\u00ed v cen\u011b. 100% diskr\u00e9tn\u00ed a d\u016fv\u011brn\u00fd servis pro v\u0161echny na\u0161e z\u00e1kazn\u00edky na Eurorxdrugs\",\"breadcrumb\":{\"@id\":\"https:\/\/eurorxdrugs.cc\/cs\/product\/provigil-modafinil-2\/#breadcrumb\"},\"inLanguage\":\"cs\",\"potentialAction\":[{\"@type\":\"ReadAction\",\"target\":[\"https:\/\/eurorxdrugs.cc\/cs\/product\/provigil-modafinil-2\/\"]}]},{\"@type\":\"BreadcrumbList\",\"@id\":\"https:\/\/eurorxdrugs.cc\/cs\/product\/provigil-modafinil-2\/#breadcrumb\",\"itemListElement\":[{\"@type\":\"ListItem\",\"position\":1,\"name\":\"Home\",\"item\":\"https:\/\/eurorxdrugs.cc\/cs\/\"},{\"@type\":\"ListItem\",\"position\":2,\"name\":\"Products\",\"item\":\"https:\/\/eurorxdrugs.cc\/cs\/shop\/\"},{\"@type\":\"ListItem\",\"position\":3,\"name\":\"Provigil (Modafinil)\"}]},{\"@type\":\"WebSite\",\"@id\":\"https:\/\/eurorxdrugs.cc\/cs\/#website\",\"url\":\"https:\/\/eurorxdrugs.cc\/cs\/\",\"name\":\"eurorxdrugs\",\"description\":\"\",\"publisher\":{\"@id\":\"https:\/\/eurorxdrugs.cc\/cs\/#organization\"},\"potentialAction\":[{\"@type\":\"SearchAction\",\"target\":{\"@type\":\"EntryPoint\",\"urlTemplate\":\"https:\/\/eurorxdrugs.cc\/cs\/?s={search_term_string}\"},\"query-input\":\"required name=search_term_string\"}],\"inLanguage\":\"cs\"},{\"@type\":\"Organization\",\"@id\":\"https:\/\/eurorxdrugs.cc\/cs\/#organization\",\"name\":\"eurorxdrugs\",\"url\":\"https:\/\/eurorxdrugs.cc\/cs\/\",\"logo\":{\"@type\":\"ImageObject\",\"inLanguage\":\"cs\",\"@id\":\"https:\/\/eurorxdrugs.cc\/cs\/#\/schema\/logo\/image\/\",\"url\":\"https:\/\/eurorxdrugs.cc\/cs\/wp-content\/uploads\/2024\/09\/logo-1-1.png\",\"contentUrl\":\"https:\/\/eurorxdrugs.cc\/cs\/wp-content\/uploads\/2024\/09\/logo-1-1.png\",\"width\":233,\"height\":54,\"caption\":\"eurorxdrugs\"},\"image\":{\"@id\":\"https:\/\/eurorxdrugs.cc\/cs\/#\/schema\/logo\/image\/\"}}]}<\/script>\n<!-- \/ Yoast SEO plugin. -->","yoast_head_json":{"title":"Objednejte Provigil (Modafinil) bez receptu za n\u00edzkou cenu | Eurorxdrugs","description":"Kupte Provigil (Modafinil) nyn\u00ed! Origin\u00e1ln\u00ed l\u00e9ky a rychl\u00e9 doru\u010den\u00ed v cen\u011b. 100% diskr\u00e9tn\u00ed a d\u016fv\u011brn\u00fd servis pro v\u0161echny na\u0161e z\u00e1kazn\u00edky na Eurorxdrugs","robots":{"index":"index","follow":"follow","max-snippet":"max-snippet:-1","max-image-preview":"max-image-preview:large","max-video-preview":"max-video-preview:-1"},"canonical":"https:\/\/eurorxdrugs.cc\/cs\/product\/provigil-modafinil-2\/","og_locale":"cs_CZ","og_type":"article","og_title":"Objednejte Provigil (Modafinil) bez receptu za n\u00edzkou cenu | Eurorxdrugs","og_description":"Kupte Provigil (Modafinil) nyn\u00ed! Origin\u00e1ln\u00ed l\u00e9ky a rychl\u00e9 doru\u010den\u00ed v cen\u011b. 100% diskr\u00e9tn\u00ed a d\u016fv\u011brn\u00fd servis pro v\u0161echny na\u0161e z\u00e1kazn\u00edky na Eurorxdrugs","og_url":"https:\/\/eurorxdrugs.cc\/cs\/product\/provigil-modafinil-2\/","og_site_name":"eurorxdrugs","article_modified_time":"2024-10-31T17:35:24+00:00","og_image":[{"width":270,"height":300,"url":"https:\/\/eurorxdrugs.cc\/cs\/wp-content\/uploads\/2024\/10\/151-min-2.jpg","type":"image\/jpeg"}],"twitter_card":"summary_large_image","twitter_misc":{"Odhadovan\u00e1 doba \u010dten\u00ed":"3 minuty"},"schema":{"@context":"https:\/\/schema.org","@graph":[{"@type":"WebPage","@id":"https:\/\/eurorxdrugs.cc\/cs\/product\/provigil-modafinil-2\/","url":"https:\/\/eurorxdrugs.cc\/cs\/product\/provigil-modafinil-2\/","name":"Objednejte Provigil (Modafinil) bez receptu za n\u00edzkou cenu | Eurorxdrugs","isPartOf":{"@id":"https:\/\/eurorxdrugs.cc\/cs\/#website"},"datePublished":"2024-10-31T17:27:34+00:00","dateModified":"2024-10-31T17:35:24+00:00","description":"Kupte Provigil (Modafinil) nyn\u00ed! Origin\u00e1ln\u00ed l\u00e9ky a rychl\u00e9 doru\u010den\u00ed v cen\u011b. 100% diskr\u00e9tn\u00ed a d\u016fv\u011brn\u00fd servis pro v\u0161echny na\u0161e z\u00e1kazn\u00edky na Eurorxdrugs","breadcrumb":{"@id":"https:\/\/eurorxdrugs.cc\/cs\/product\/provigil-modafinil-2\/#breadcrumb"},"inLanguage":"cs","potentialAction":[{"@type":"ReadAction","target":["https:\/\/eurorxdrugs.cc\/cs\/product\/provigil-modafinil-2\/"]}]},{"@type":"BreadcrumbList","@id":"https:\/\/eurorxdrugs.cc\/cs\/product\/provigil-modafinil-2\/#breadcrumb","itemListElement":[{"@type":"ListItem","position":1,"name":"Home","item":"https:\/\/eurorxdrugs.cc\/cs\/"},{"@type":"ListItem","position":2,"name":"Products","item":"https:\/\/eurorxdrugs.cc\/cs\/shop\/"},{"@type":"ListItem","position":3,"name":"Provigil (Modafinil)"}]},{"@type":"WebSite","@id":"https:\/\/eurorxdrugs.cc\/cs\/#website","url":"https:\/\/eurorxdrugs.cc\/cs\/","name":"eurorxdrugs","description":"","publisher":{"@id":"https:\/\/eurorxdrugs.cc\/cs\/#organization"},"potentialAction":[{"@type":"SearchAction","target":{"@type":"EntryPoint","urlTemplate":"https:\/\/eurorxdrugs.cc\/cs\/?s={search_term_string}"},"query-input":"required name=search_term_string"}],"inLanguage":"cs"},{"@type":"Organization","@id":"https:\/\/eurorxdrugs.cc\/cs\/#organization","name":"eurorxdrugs","url":"https:\/\/eurorxdrugs.cc\/cs\/","logo":{"@type":"ImageObject","inLanguage":"cs","@id":"https:\/\/eurorxdrugs.cc\/cs\/#\/schema\/logo\/image\/","url":"https:\/\/eurorxdrugs.cc\/cs\/wp-content\/uploads\/2024\/09\/logo-1-1.png","contentUrl":"https:\/\/eurorxdrugs.cc\/cs\/wp-content\/uploads\/2024\/09\/logo-1-1.png","width":233,"height":54,"caption":"eurorxdrugs"},"image":{"@id":"https:\/\/eurorxdrugs.cc\/cs\/#\/schema\/logo\/image\/"}}]}},"_links":{"self":[{"href":"https:\/\/eurorxdrugs.cc\/cs\/wp-json\/wp\/v2\/product\/5225","targetHints":{"allow":["GET"]}}],"collection":[{"href":"https:\/\/eurorxdrugs.cc\/cs\/wp-json\/wp\/v2\/product"}],"about":[{"href":"https:\/\/eurorxdrugs.cc\/cs\/wp-json\/wp\/v2\/types\/product"}],"replies":[{"embeddable":true,"href":"https:\/\/eurorxdrugs.cc\/cs\/wp-json\/wp\/v2\/comments?post=5225"}],"wp:featuredmedia":[{"embeddable":true,"href":"https:\/\/eurorxdrugs.cc\/cs\/wp-json\/wp\/v2\/media\/5226"}],"wp:attachment":[{"href":"https:\/\/eurorxdrugs.cc\/cs\/wp-json\/wp\/v2\/media?parent=5225"}],"wp:term":[{"taxonomy":"product_cat","embeddable":true,"href":"https:\/\/eurorxdrugs.cc\/cs\/wp-json\/wp\/v2\/product_cat?post=5225"},{"taxonomy":"product_tag","embeddable":true,"href":"https:\/\/eurorxdrugs.cc\/cs\/wp-json\/wp\/v2\/product_tag?post=5225"}],"curies":[{"name":"wp","href":"https:\/\/api.w.org\/{rel}","templated":true}]}}