{"id":5247,"date":"2024-10-31T17:50:55","date_gmt":"2024-10-31T17:50:55","guid":{"rendered":"https:\/\/eurorxdrugs.cc\/cs\/?post_type=product&#038;p=5247"},"modified":"2024-10-31T18:03:15","modified_gmt":"2024-10-31T18:03:15","slug":"modvigil","status":"publish","type":"product","link":"https:\/\/eurorxdrugs.cc\/cs\/product\/modvigil\/","title":{"rendered":"Modvigil"},"content":{"rendered":"<div class=\"pro-description_name\">Beschreibung<\/div>\n<div class=\"pro-description_content\">\n<div>Was ist Modvigil 200 mg?<\/div>\n<div><\/div>\n<div>\u00a0\u00a0\u00a0\u00a0\u00a0\u00a0\u00a0\u00a0Es wird vor allem verwendet, um Wachheit und Aufmerksamkeit bei Patienten zu f\u00f6rdern, die tags\u00fcber an Schl\u00e4frigkeit leiden.<\/div>\n<div>In der Regel f\u00e4llt es Narkolepsie-Patienten oder Menschen, die an obstruktiver Schlafapnoe und am Schichtarbeiter-Syndrom leiden, schwer, tags\u00fcber wach und aufmerksam zu bleiben. Gl\u00fccklicherweise kann diese Pille ihnen helfen, die Wachheit zu verbessern und aufmerksam zu bleiben, sowohl k\u00f6rperlich als auch geistig.<\/div>\n<div>\u00a0\u00a0\u00a0\u00a0\u00a0\u00a0\u00a0\u00a0In der gleichen Weise nutzt eine gro\u00dfe Zahl von Studierenden Modvigil, um ihre Lerngewohnheiten und kognitive Leistungsf\u00e4higkeit zu verbessern.<\/div>\n<div>Im Laufe der Jahre ist die Popularit\u00e4t von Modvigil aufgrund seiner Effizienz bei der Verbesserung der Wachheit enorm gewachsen. Allerdings ist es immer ratsam, vor der Einnahme dieses Medikaments mit Ihrem Arzt zu sprechen.<\/div>\n<div><\/div>\n<div>Wie die Tabletten funktionieren<\/div>\n<div>\u00a0\u00a0\u00a0\u00a0\u00a0\u00a0\u00a0\u00a0Genau wie bei vielen anderen intelligenten Medikamenten liegt der Wirkungsmechanismus von Modvigil ziemlich im Vagen und ist unklar. Viele Experten glauben jedoch, dass seine aktive Komponente \u2013 das Modafinil \u2013 die Dopaminspiegel im Gehirn durch die Verringerung der Dopamin-Wiederaufnahme in die Nervenzellen erh\u00f6ht. Dopamin wird mit der Motivation, den Schlaf-Wach-Zyklen des K\u00f6rpers und der Konzentrationsf\u00e4higkeit des Menschen in Verbindung gebracht. Im Wesentlichen f\u00f6rdert Modvigil die Wachheit und Aufmerksamkeit durch die Stimulierung der entsprechenden Bereiche im Gehirn.<\/div>\n<div><\/div>\n<div>Sichere Dosierung und richtige Anwendung<\/div>\n<div>\u00a0\u00a0\u00a0\u00a0\u00a0\u00a0\u00a0\u00a0Die Modvigil-Dosierung erfolgt auf Basis des Gesundheitszustands des Anwenders und der Reaktion auf die Behandlung. Allerdings lautet die allgemeine empfohlene Dosierung 200 mg, die einmal t\u00e4glich eingenommen werden sollte. Wenn der Patient an Narkolepsie leidet, sollte das Medikament am Morgen eingenommen werden. Bei der Behandlung des Schichtarbeiter-Syndroms sollte es jedoch eine Stunde vor Arbeitsbeginn eingenommen werden. Nehmen Sie nicht mehrere Tabletten an einem Tag.<\/div>\n<div>\u00a0\u00a0\u00a0\u00a0\u00a0\u00a0\u00a0\u00a0Modvigil 200 mg sollte oral mit einem Glas Wasser eingenommen werden. Es kann je nach Vorliebe mit oder ohne Nahrung genommen werden.<\/div>\n<div>Es wird dringend empfohlen, Ihren Arzt vor der Einnahme von Modvigil zu konsultieren, um Ihre Gesundheit zu \u00fcberpr\u00fcfen und abzusichern, dass es f\u00fcr sie unbedenklich ist.<\/div>\n<div><\/div>\n<div>M\u00f6gliche Nebenwirkungen<\/div>\n<div>\u00a0\u00a0\u00a0\u00a0\u00a0\u00a0\u00a0\u00a0Bei der Verwendung von Modvigil 200 mg (oder Nootropika im Allgemeinen) ist es wichtig, auf Nebenwirkungen zu achten. Modvigil kann h\u00e4ufige Nebenwirkungen wie die folgenden verursachen:<\/div>\n<div><\/div>\n<div>\u2022 Angstgef\u00fchle;<\/div>\n<div>\u2022 Nervosit\u00e4t;<\/div>\n<div>\u2022 Kopfschmerzen;<\/div>\n<div>\u2022 \u00dcbelkeit.<\/div>\n<div><\/div>\n<div>\u00a0\u00a0\u00a0\u00a0\u00a0\u00a0\u00a0\u00a0Diese Nebenwirkungen sind allerdings ziemlich normal und gew\u00f6hnlicherweise muss man sich keine Gedanken dar\u00fcber machen. In seltenen F\u00e4llen k\u00f6nnen andere Nebenwirkungen auftreten, zum Beispiel:<\/div>\n<div>\u2022 trockener Mund;<\/div>\n<div>\u2022 Durchfall;<\/div>\n<div>\u2022 Verstopfung;<\/div>\n<div>\u2022 Erbrechen;<\/div>\n<div>\u2022 Aufsto\u00dfen usw<\/div>\n<div><\/div>\n<div>\u00a0\u00a0\u00a0\u00a0\u00a0\u00a0\u00a0\u00a0Wenn Sie schwere, langanhaltende Nebenwirkungen haben, z\u00f6gern Sie nicht, unverz\u00fcglich einen Arzt zu kontaktieren. In einigen F\u00e4llen kann Modvigil 200 mg auch Schwindelgef\u00fchle verursachen. Deshalb wird bei Menschen, die es einnehmen, vom F\u00fchren eines Fahrzeugs oder vom Betrieb von Maschinen abgeraten, bis sie wissen, wie sie auf Modvigil reagieren.<\/div>\n<div><\/div>\n<div>Gegenanzeigen und Vorsichtsma\u00dfnahmen<\/div>\n<div>Bei der Einnahme von Nootropika oder anderen Medikamente ist es wichtig, Wechselwirkungen mit anderen Medikamenten zu vermeiden. Sie k\u00f6nnen die Wirksamkeit des Medikaments reduzieren oder das Risiko von Nebenwirkungen erh\u00f6hen. Modvigil 200 mg weist Wechselwirkungen mit mehreren Medikamenten auf, u. a. den folgenden:<\/div>\n<div>\u2022 Erythromycin oder Ketoconazol. Bei Einnahme von Modvigil mit Erythromycin oder Ketoconazol k\u00f6nnte sich das Risiko von Nebenwirkungen erh\u00f6hen;<\/div>\n<div>\u2022 Rifampin oder Carbamazepin. Diese Medikamente k\u00f6nnen die Wirksamkeit von Modvigil 200 mg reduzieren, wenn sie gleichzeitig verabreicht werden;<\/div>\n<div>\u2022 Clomipramin. Nach Ansicht von Experten k\u00f6nnen Medikamente wie Clomipramin oder Desipramin erh\u00f6hte Nebenwirkungen zeigen, wenn sie in Kombination mit Modvigil eingenommen werden;<\/div>\n<div>\u2022 Hormonpr\u00e4parate. Die Wirksamkeit von Hormonpr\u00e4paraten wie Antibabypillen kann verringert werden, wenn sie in Kombination mit Modvigil eingenommen werden.<\/div>\n<div>\u00a0\u00a0\u00a0\u00a0\u00a0\u00a0\u00a0\u00a0Abgesehen von den oben genannten Medikamenten wird Anwendern von Modvigil gleicherma\u00dfen empfohlen, Substanzen wie Alkohol w\u00e4hrend der Einnahme zu meiden. Dar\u00fcber hinaus kann dieses Medikament mit bestimmten Arten von Lebensmitteln sowie mit der Zeit, wann sie essen, Wechselwirkungen zeigen.<\/div>\n<div>\u00a0\u00a0\u00a0\u00a0\u00a0\u00a0\u00a0\u00a0Zum Beispiel k\u00f6nnen fetthaltige Lebensmittel wie K\u00e4se und Pizza die Absorptionsrate des Medikaments im Verdauungstrakt verlangsamen. Dies kann vermieden werden, indem Sie Modvigil eine Stunde vor dem Essen solcher Speisen oder zwei Stunden nach dem Essen einnehmen.<\/div>\n<div><\/div>\n<div>Erfahrung der Konsumenten<\/div>\n<div>\u00a0\u00a0\u00a0\u00a0\u00a0\u00a0\u00a0\u00a0Seit seiner Einf\u00fchrung hat Modvigil 200 mg die Herzen vieler Anwender gewonnen, dank seiner Effizienz und der schieren Anzahl der immensen Vorteile, die es bietet. Hier erl\u00e4utern wir einige der Vorteile, die Studien und Anwender bescheinigt haben:<\/div>\n<div>\u2022 erh\u00f6hte Wachheit;<\/div>\n<div>\u2022 verbesserte kognitive F\u00e4higkeiten;<\/div>\n<div>\u2022 gesteigerte Produktivit\u00e4t.<\/div>\n<div>\u00a0\u00a0\u00a0\u00a0\u00a0\u00a0\u00a0\u00a0Dar\u00fcber hinaus zeigen Studien auch, dass Menschen, die dieses Medikament verwenden, eine messerscharfe Konzentration mehr als zw\u00f6lf Stunden aufrechterhalten k\u00f6nnen.<\/div>\n<div>\u00a0\u00a0\u00a0\u00a0\u00a0\u00a0\u00a0\u00a0Abschlie\u00dfend ist zu sagen, dass schon l\u00e4nger bekannt ist, dass Modvigil 200 mg ein ganz neues Niveau der Aufmerksamkeit und Produktivit\u00e4t bietet, wenn es richtig verwendet wird.<\/div>\n<\/div>\n","protected":false},"excerpt":{"rendered":"<div>Handelsname: Modvigil<\/div>\n<div>Wirkstoff: Modafinil<\/div>\n<div>Produktionsform: Pillen<\/div>\n<div>Anwendungsgebiet: modvigil ist ein intelligentes Medikament, das speziell f\u00fcr die Behandlung von Patienten entwickelt wurde, die unter extremer Schl\u00e4frigkeit w\u00e4hrend des Tages leiden<\/div>\n<div>Verf\u00fcgbare Dosierungen:\u00a0100mg,\u00a0200mg<\/div>\n","protected":false},"featured_media":5248,"comment_status":"open","ping_status":"closed","template":"","meta":[],"product_cat":[44],"product_tag":[],"class_list":{"0":"post-5247","1":"product","2":"type-product","3":"status-publish","4":"has-post-thumbnail","6":"product_cat-adhd","8":"first","9":"instock","10":"shipping-taxable","11":"product-type-grouped"},"yoast_head":"<!-- This site is optimized with the Yoast SEO plugin v20.0 - https:\/\/yoast.com\/wordpress\/plugins\/seo\/ -->\n<title>Objednejte Modvigil bez receptu za n\u00edzkou cenu | Eurorxdrugs<\/title>\n<meta name=\"description\" content=\"Kupte Modvigil nyn\u00ed! Origin\u00e1ln\u00ed l\u00e9ky a rychl\u00e9 doru\u010den\u00ed v cen\u011b. 100% diskr\u00e9tn\u00ed a d\u016fv\u011brn\u00fd servis pro v\u0161echny na\u0161e z\u00e1kazn\u00edky na Eurorxdrugs\" \/>\n<meta name=\"robots\" content=\"index, follow, max-snippet:-1, max-image-preview:large, max-video-preview:-1\" \/>\n<link rel=\"canonical\" href=\"https:\/\/eurorxdrugs.cc\/cs\/product\/modvigil\/\" \/>\n<meta property=\"og:locale\" content=\"cs_CZ\" \/>\n<meta property=\"og:type\" content=\"article\" \/>\n<meta property=\"og:title\" content=\"Objednejte Modvigil bez receptu za n\u00edzkou cenu | Eurorxdrugs\" \/>\n<meta property=\"og:description\" content=\"Kupte Modvigil nyn\u00ed! Origin\u00e1ln\u00ed l\u00e9ky a rychl\u00e9 doru\u010den\u00ed v cen\u011b. 100% diskr\u00e9tn\u00ed a d\u016fv\u011brn\u00fd servis pro v\u0161echny na\u0161e z\u00e1kazn\u00edky na Eurorxdrugs\" \/>\n<meta property=\"og:url\" content=\"https:\/\/eurorxdrugs.cc\/cs\/product\/modvigil\/\" \/>\n<meta property=\"og:site_name\" content=\"eurorxdrugs\" \/>\n<meta property=\"article:modified_time\" content=\"2024-10-31T18:03:15+00:00\" \/>\n<meta property=\"og:image\" content=\"https:\/\/eurorxdrugs.cc\/cs\/wp-content\/uploads\/2024\/10\/346-min.jpg\" \/>\n\t<meta property=\"og:image:width\" content=\"270\" \/>\n\t<meta property=\"og:image:height\" content=\"300\" \/>\n\t<meta property=\"og:image:type\" content=\"image\/jpeg\" \/>\n<meta name=\"twitter:card\" content=\"summary_large_image\" \/>\n<meta name=\"twitter:label1\" content=\"Odhadovan\u00e1 doba \u010dten\u00ed\" \/>\n\t<meta name=\"twitter:data1\" content=\"4 minuty\" \/>\n<script type=\"application\/ld+json\" class=\"yoast-schema-graph\">{\"@context\":\"https:\/\/schema.org\",\"@graph\":[{\"@type\":\"WebPage\",\"@id\":\"https:\/\/eurorxdrugs.cc\/cs\/product\/modvigil\/\",\"url\":\"https:\/\/eurorxdrugs.cc\/cs\/product\/modvigil\/\",\"name\":\"Objednejte Modvigil bez receptu za n\u00edzkou cenu | Eurorxdrugs\",\"isPartOf\":{\"@id\":\"https:\/\/eurorxdrugs.cc\/cs\/#website\"},\"datePublished\":\"2024-10-31T17:50:55+00:00\",\"dateModified\":\"2024-10-31T18:03:15+00:00\",\"description\":\"Kupte Modvigil nyn\u00ed! Origin\u00e1ln\u00ed l\u00e9ky a rychl\u00e9 doru\u010den\u00ed v cen\u011b. 100% diskr\u00e9tn\u00ed a d\u016fv\u011brn\u00fd servis pro v\u0161echny na\u0161e z\u00e1kazn\u00edky na Eurorxdrugs\",\"breadcrumb\":{\"@id\":\"https:\/\/eurorxdrugs.cc\/cs\/product\/modvigil\/#breadcrumb\"},\"inLanguage\":\"cs\",\"potentialAction\":[{\"@type\":\"ReadAction\",\"target\":[\"https:\/\/eurorxdrugs.cc\/cs\/product\/modvigil\/\"]}]},{\"@type\":\"BreadcrumbList\",\"@id\":\"https:\/\/eurorxdrugs.cc\/cs\/product\/modvigil\/#breadcrumb\",\"itemListElement\":[{\"@type\":\"ListItem\",\"position\":1,\"name\":\"Home\",\"item\":\"https:\/\/eurorxdrugs.cc\/cs\/\"},{\"@type\":\"ListItem\",\"position\":2,\"name\":\"Products\",\"item\":\"https:\/\/eurorxdrugs.cc\/cs\/shop\/\"},{\"@type\":\"ListItem\",\"position\":3,\"name\":\"Modvigil\"}]},{\"@type\":\"WebSite\",\"@id\":\"https:\/\/eurorxdrugs.cc\/cs\/#website\",\"url\":\"https:\/\/eurorxdrugs.cc\/cs\/\",\"name\":\"eurorxdrugs\",\"description\":\"\",\"publisher\":{\"@id\":\"https:\/\/eurorxdrugs.cc\/cs\/#organization\"},\"potentialAction\":[{\"@type\":\"SearchAction\",\"target\":{\"@type\":\"EntryPoint\",\"urlTemplate\":\"https:\/\/eurorxdrugs.cc\/cs\/?s={search_term_string}\"},\"query-input\":\"required name=search_term_string\"}],\"inLanguage\":\"cs\"},{\"@type\":\"Organization\",\"@id\":\"https:\/\/eurorxdrugs.cc\/cs\/#organization\",\"name\":\"eurorxdrugs\",\"url\":\"https:\/\/eurorxdrugs.cc\/cs\/\",\"logo\":{\"@type\":\"ImageObject\",\"inLanguage\":\"cs\",\"@id\":\"https:\/\/eurorxdrugs.cc\/cs\/#\/schema\/logo\/image\/\",\"url\":\"https:\/\/eurorxdrugs.cc\/cs\/wp-content\/uploads\/2024\/09\/logo-1-1.png\",\"contentUrl\":\"https:\/\/eurorxdrugs.cc\/cs\/wp-content\/uploads\/2024\/09\/logo-1-1.png\",\"width\":233,\"height\":54,\"caption\":\"eurorxdrugs\"},\"image\":{\"@id\":\"https:\/\/eurorxdrugs.cc\/cs\/#\/schema\/logo\/image\/\"}}]}<\/script>\n<!-- \/ Yoast SEO plugin. -->","yoast_head_json":{"title":"Objednejte Modvigil bez receptu za n\u00edzkou cenu | Eurorxdrugs","description":"Kupte Modvigil nyn\u00ed! Origin\u00e1ln\u00ed l\u00e9ky a rychl\u00e9 doru\u010den\u00ed v cen\u011b. 100% diskr\u00e9tn\u00ed a d\u016fv\u011brn\u00fd servis pro v\u0161echny na\u0161e z\u00e1kazn\u00edky na Eurorxdrugs","robots":{"index":"index","follow":"follow","max-snippet":"max-snippet:-1","max-image-preview":"max-image-preview:large","max-video-preview":"max-video-preview:-1"},"canonical":"https:\/\/eurorxdrugs.cc\/cs\/product\/modvigil\/","og_locale":"cs_CZ","og_type":"article","og_title":"Objednejte Modvigil bez receptu za n\u00edzkou cenu | Eurorxdrugs","og_description":"Kupte Modvigil nyn\u00ed! Origin\u00e1ln\u00ed l\u00e9ky a rychl\u00e9 doru\u010den\u00ed v cen\u011b. 100% diskr\u00e9tn\u00ed a d\u016fv\u011brn\u00fd servis pro v\u0161echny na\u0161e z\u00e1kazn\u00edky na Eurorxdrugs","og_url":"https:\/\/eurorxdrugs.cc\/cs\/product\/modvigil\/","og_site_name":"eurorxdrugs","article_modified_time":"2024-10-31T18:03:15+00:00","og_image":[{"width":270,"height":300,"url":"https:\/\/eurorxdrugs.cc\/cs\/wp-content\/uploads\/2024\/10\/346-min.jpg","type":"image\/jpeg"}],"twitter_card":"summary_large_image","twitter_misc":{"Odhadovan\u00e1 doba \u010dten\u00ed":"4 minuty"},"schema":{"@context":"https:\/\/schema.org","@graph":[{"@type":"WebPage","@id":"https:\/\/eurorxdrugs.cc\/cs\/product\/modvigil\/","url":"https:\/\/eurorxdrugs.cc\/cs\/product\/modvigil\/","name":"Objednejte Modvigil bez receptu za n\u00edzkou cenu | Eurorxdrugs","isPartOf":{"@id":"https:\/\/eurorxdrugs.cc\/cs\/#website"},"datePublished":"2024-10-31T17:50:55+00:00","dateModified":"2024-10-31T18:03:15+00:00","description":"Kupte Modvigil nyn\u00ed! Origin\u00e1ln\u00ed l\u00e9ky a rychl\u00e9 doru\u010den\u00ed v cen\u011b. 100% diskr\u00e9tn\u00ed a d\u016fv\u011brn\u00fd servis pro v\u0161echny na\u0161e z\u00e1kazn\u00edky na Eurorxdrugs","breadcrumb":{"@id":"https:\/\/eurorxdrugs.cc\/cs\/product\/modvigil\/#breadcrumb"},"inLanguage":"cs","potentialAction":[{"@type":"ReadAction","target":["https:\/\/eurorxdrugs.cc\/cs\/product\/modvigil\/"]}]},{"@type":"BreadcrumbList","@id":"https:\/\/eurorxdrugs.cc\/cs\/product\/modvigil\/#breadcrumb","itemListElement":[{"@type":"ListItem","position":1,"name":"Home","item":"https:\/\/eurorxdrugs.cc\/cs\/"},{"@type":"ListItem","position":2,"name":"Products","item":"https:\/\/eurorxdrugs.cc\/cs\/shop\/"},{"@type":"ListItem","position":3,"name":"Modvigil"}]},{"@type":"WebSite","@id":"https:\/\/eurorxdrugs.cc\/cs\/#website","url":"https:\/\/eurorxdrugs.cc\/cs\/","name":"eurorxdrugs","description":"","publisher":{"@id":"https:\/\/eurorxdrugs.cc\/cs\/#organization"},"potentialAction":[{"@type":"SearchAction","target":{"@type":"EntryPoint","urlTemplate":"https:\/\/eurorxdrugs.cc\/cs\/?s={search_term_string}"},"query-input":"required name=search_term_string"}],"inLanguage":"cs"},{"@type":"Organization","@id":"https:\/\/eurorxdrugs.cc\/cs\/#organization","name":"eurorxdrugs","url":"https:\/\/eurorxdrugs.cc\/cs\/","logo":{"@type":"ImageObject","inLanguage":"cs","@id":"https:\/\/eurorxdrugs.cc\/cs\/#\/schema\/logo\/image\/","url":"https:\/\/eurorxdrugs.cc\/cs\/wp-content\/uploads\/2024\/09\/logo-1-1.png","contentUrl":"https:\/\/eurorxdrugs.cc\/cs\/wp-content\/uploads\/2024\/09\/logo-1-1.png","width":233,"height":54,"caption":"eurorxdrugs"},"image":{"@id":"https:\/\/eurorxdrugs.cc\/cs\/#\/schema\/logo\/image\/"}}]}},"_links":{"self":[{"href":"https:\/\/eurorxdrugs.cc\/cs\/wp-json\/wp\/v2\/product\/5247","targetHints":{"allow":["GET"]}}],"collection":[{"href":"https:\/\/eurorxdrugs.cc\/cs\/wp-json\/wp\/v2\/product"}],"about":[{"href":"https:\/\/eurorxdrugs.cc\/cs\/wp-json\/wp\/v2\/types\/product"}],"replies":[{"embeddable":true,"href":"https:\/\/eurorxdrugs.cc\/cs\/wp-json\/wp\/v2\/comments?post=5247"}],"wp:featuredmedia":[{"embeddable":true,"href":"https:\/\/eurorxdrugs.cc\/cs\/wp-json\/wp\/v2\/media\/5248"}],"wp:attachment":[{"href":"https:\/\/eurorxdrugs.cc\/cs\/wp-json\/wp\/v2\/media?parent=5247"}],"wp:term":[{"taxonomy":"product_cat","embeddable":true,"href":"https:\/\/eurorxdrugs.cc\/cs\/wp-json\/wp\/v2\/product_cat?post=5247"},{"taxonomy":"product_tag","embeddable":true,"href":"https:\/\/eurorxdrugs.cc\/cs\/wp-json\/wp\/v2\/product_tag?post=5247"}],"curies":[{"name":"wp","href":"https:\/\/api.w.org\/{rel}","templated":true}]}}