{"id":5267,"date":"2024-10-31T18:07:07","date_gmt":"2024-10-31T18:07:07","guid":{"rendered":"https:\/\/eurorxdrugs.cc\/cs\/?post_type=product&#038;p=5267"},"modified":"2024-10-31T18:14:25","modified_gmt":"2024-10-31T18:14:25","slug":"dulcolax-bisacodyl","status":"publish","type":"product","link":"https:\/\/eurorxdrugs.cc\/cs\/product\/dulcolax-bisacodyl\/","title":{"rendered":"Dulcolax (Bisacodyl)"},"content":{"rendered":"<div class=\"pro-description_name\">Beschreibung<\/div>\n<div class=\"pro-description_content\">Dulcolax ist ein Medikament, dass dazu angewendet wird, um gelegentliche Verstopfungen zu lindern und unregelm\u00e4\u00dfigen Stuhlgang zu stabilisieren. Dulcolax ist ein stimulierendes Abf\u00fchrmittel. Es wirkt direkt auf den Darm und stimuliert die Darmmuskeln dazu, Bewegungen auszuf\u00fchren.<br \/>\nNehmen Sie Dulcolax oral mit einem Glas Wasser ein, wahlweise mit oder ohne Lebensmittel. W\u00e4hrend der Einnahme von Dulcolax wird es empfohlen, zus\u00e4tzliche Fl\u00fcssigkeiten zu trinken. Schlucken Sie die Tablette ganz herunter. Die Tablette sollten Sie weder zerkauen, noch zerschneiden oder aufbrechen. Nehmen Sie Dulcolax innerhalb einer Stunde nach der Einnahme von Antazida oder Milch nicht ein.<br \/>\nNehmen Sie Dulcolax nicht ein, falls Sie nicht Tabletten schlucken k\u00f6nnen, ohne diese vorher zu zerkauen, falls Sie an starken Magenschmerzen, Blinddarmentz\u00fcndung, starker Verstopfung, Blutungen von Magen, Ged\u00e4rmen oder Dickdarm, oder Darmverschluss leiden, beziehungsweise falls Sie sich einem operativen Eingriff im Darmbereich unterzogen haben oder einen solchen planen.<br \/>\nZu den \u00fcblichen Nebenwirkungen z\u00e4hlen unter anderem Ohnmacht, Krampfanf\u00e4lle und Magenbeschwerden.<br \/>\nSuchen Sie unverz\u00fcglich medizinische Hilfe auf, falls Sie eine der folgenden Nebenwirkungen versp\u00fcren: Allergische Reaktionen so wie zum Beispiel Hautausschl\u00e4ge; Nesselsucht; Juckreiz; Atembeschwerden; Engegef\u00fchl in der Brust; Schwellung des Mundes, des Gesichts, der Lippen oder der Zunge.<br \/>\nWenn sie eine Dosis von Dulcolax verpasst haben und das Medikament dabei regelm\u00e4\u00dfig einnehmen, nehmen Sie sie so schnell wie m\u00f6glich ein. Wenn Sie bemerken, dass die Zeit der n\u00e4chsten Dosis fast gekommen ist, dann setzen sie eine Dosis aus und halten Sie sich an ihren Einnahmeplan des Pr\u00e4parats. Nehmen Sie keine Dosis doppelt.<br \/>\nFalls Sie glauben, Dulcolax \u00fcberdosiert zu haben, suchen Sie unverz\u00fcglich medizinische Hilfe auf. Zu den Symptomen einer \u00dcberdosierung z\u00e4hlen unter anderem Durchfall und Magenkr\u00e4mpfe.<br \/>\nLagern Sie Dulcolax bei Temperaturen bei 68-77 Grad Fahrenheit (20-25 Grad Celsius) trocken und vor Licht gesch\u00fctzt. Lagern Sie das Pr\u00e4parat nicht im Bad. Vor Kindern und Haustieren unbedingt aufbewahren.<\/div>\n","protected":false},"excerpt":{"rendered":"<p>Handelsname: Dulcolax<br \/>\nWirkstoff: Bisacodyl<br \/>\nAnwendungsgebiet:\u00a0Dulcolax ist ein Abf\u00fchrmittel. Es wirkt direkt auf den Darm und regt die Darmmuskulatur zum Stuhlgang an<br \/>\nVerf\u00fcgbare Dosierungen:\u00a05mg<\/p>\n","protected":false},"featured_media":5268,"comment_status":"open","ping_status":"closed","template":"","meta":[],"product_cat":[39],"product_tag":[],"class_list":{"0":"post-5267","1":"product","2":"type-product","3":"status-publish","4":"has-post-thumbnail","6":"product_cat-others","8":"first","9":"instock","10":"shipping-taxable","11":"product-type-grouped"},"yoast_head":"<!-- This site is optimized with the Yoast SEO plugin v20.0 - https:\/\/yoast.com\/wordpress\/plugins\/seo\/ -->\n<title>Objednejte Dulcolax (Bisacodyl) bez receptu za n\u00edzkou cenu | Eurorxdrugs<\/title>\n<meta name=\"description\" content=\"Kupte Dulcolax (Bisacodyl) nyn\u00ed! Origin\u00e1ln\u00ed l\u00e9ky a rychl\u00e9 doru\u010den\u00ed v cen\u011b. 100% diskr\u00e9tn\u00ed a d\u016fv\u011brn\u00fd servis pro v\u0161echny na\u0161e z\u00e1kazn\u00edky na Eurorxdrugs\" \/>\n<meta name=\"robots\" content=\"index, follow, max-snippet:-1, max-image-preview:large, max-video-preview:-1\" \/>\n<link rel=\"canonical\" href=\"https:\/\/eurorxdrugs.cc\/cs\/product\/dulcolax-bisacodyl\/\" \/>\n<meta property=\"og:locale\" content=\"cs_CZ\" \/>\n<meta property=\"og:type\" content=\"article\" \/>\n<meta property=\"og:title\" content=\"Objednejte Dulcolax (Bisacodyl) bez receptu za n\u00edzkou cenu | Eurorxdrugs\" \/>\n<meta property=\"og:description\" content=\"Kupte Dulcolax (Bisacodyl) nyn\u00ed! Origin\u00e1ln\u00ed l\u00e9ky a rychl\u00e9 doru\u010den\u00ed v cen\u011b. 100% diskr\u00e9tn\u00ed a d\u016fv\u011brn\u00fd servis pro v\u0161echny na\u0161e z\u00e1kazn\u00edky na Eurorxdrugs\" \/>\n<meta property=\"og:url\" content=\"https:\/\/eurorxdrugs.cc\/cs\/product\/dulcolax-bisacodyl\/\" \/>\n<meta property=\"og:site_name\" content=\"eurorxdrugs\" \/>\n<meta property=\"article:modified_time\" content=\"2024-10-31T18:14:25+00:00\" \/>\n<meta property=\"og:image\" content=\"https:\/\/eurorxdrugs.cc\/cs\/wp-content\/uploads\/2024\/10\/208-min.jpg\" \/>\n\t<meta property=\"og:image:width\" content=\"270\" \/>\n\t<meta property=\"og:image:height\" content=\"300\" \/>\n\t<meta property=\"og:image:type\" content=\"image\/jpeg\" \/>\n<meta name=\"twitter:card\" content=\"summary_large_image\" \/>\n<meta name=\"twitter:label1\" content=\"Odhadovan\u00e1 doba \u010dten\u00ed\" \/>\n\t<meta name=\"twitter:data1\" content=\"2 minuty\" \/>\n<script type=\"application\/ld+json\" class=\"yoast-schema-graph\">{\"@context\":\"https:\/\/schema.org\",\"@graph\":[{\"@type\":\"WebPage\",\"@id\":\"https:\/\/eurorxdrugs.cc\/cs\/product\/dulcolax-bisacodyl\/\",\"url\":\"https:\/\/eurorxdrugs.cc\/cs\/product\/dulcolax-bisacodyl\/\",\"name\":\"Objednejte Dulcolax (Bisacodyl) bez receptu za n\u00edzkou cenu | Eurorxdrugs\",\"isPartOf\":{\"@id\":\"https:\/\/eurorxdrugs.cc\/cs\/#website\"},\"datePublished\":\"2024-10-31T18:07:07+00:00\",\"dateModified\":\"2024-10-31T18:14:25+00:00\",\"description\":\"Kupte Dulcolax (Bisacodyl) nyn\u00ed! Origin\u00e1ln\u00ed l\u00e9ky a rychl\u00e9 doru\u010den\u00ed v cen\u011b. 100% diskr\u00e9tn\u00ed a d\u016fv\u011brn\u00fd servis pro v\u0161echny na\u0161e z\u00e1kazn\u00edky na Eurorxdrugs\",\"breadcrumb\":{\"@id\":\"https:\/\/eurorxdrugs.cc\/cs\/product\/dulcolax-bisacodyl\/#breadcrumb\"},\"inLanguage\":\"cs\",\"potentialAction\":[{\"@type\":\"ReadAction\",\"target\":[\"https:\/\/eurorxdrugs.cc\/cs\/product\/dulcolax-bisacodyl\/\"]}]},{\"@type\":\"BreadcrumbList\",\"@id\":\"https:\/\/eurorxdrugs.cc\/cs\/product\/dulcolax-bisacodyl\/#breadcrumb\",\"itemListElement\":[{\"@type\":\"ListItem\",\"position\":1,\"name\":\"Home\",\"item\":\"https:\/\/eurorxdrugs.cc\/cs\/\"},{\"@type\":\"ListItem\",\"position\":2,\"name\":\"Products\",\"item\":\"https:\/\/eurorxdrugs.cc\/cs\/shop\/\"},{\"@type\":\"ListItem\",\"position\":3,\"name\":\"Dulcolax (Bisacodyl)\"}]},{\"@type\":\"WebSite\",\"@id\":\"https:\/\/eurorxdrugs.cc\/cs\/#website\",\"url\":\"https:\/\/eurorxdrugs.cc\/cs\/\",\"name\":\"eurorxdrugs\",\"description\":\"\",\"publisher\":{\"@id\":\"https:\/\/eurorxdrugs.cc\/cs\/#organization\"},\"potentialAction\":[{\"@type\":\"SearchAction\",\"target\":{\"@type\":\"EntryPoint\",\"urlTemplate\":\"https:\/\/eurorxdrugs.cc\/cs\/?s={search_term_string}\"},\"query-input\":\"required name=search_term_string\"}],\"inLanguage\":\"cs\"},{\"@type\":\"Organization\",\"@id\":\"https:\/\/eurorxdrugs.cc\/cs\/#organization\",\"name\":\"eurorxdrugs\",\"url\":\"https:\/\/eurorxdrugs.cc\/cs\/\",\"logo\":{\"@type\":\"ImageObject\",\"inLanguage\":\"cs\",\"@id\":\"https:\/\/eurorxdrugs.cc\/cs\/#\/schema\/logo\/image\/\",\"url\":\"https:\/\/eurorxdrugs.cc\/cs\/wp-content\/uploads\/2024\/09\/logo-1-1.png\",\"contentUrl\":\"https:\/\/eurorxdrugs.cc\/cs\/wp-content\/uploads\/2024\/09\/logo-1-1.png\",\"width\":233,\"height\":54,\"caption\":\"eurorxdrugs\"},\"image\":{\"@id\":\"https:\/\/eurorxdrugs.cc\/cs\/#\/schema\/logo\/image\/\"}}]}<\/script>\n<!-- \/ Yoast SEO plugin. -->","yoast_head_json":{"title":"Objednejte Dulcolax (Bisacodyl) bez receptu za n\u00edzkou cenu | Eurorxdrugs","description":"Kupte Dulcolax (Bisacodyl) nyn\u00ed! Origin\u00e1ln\u00ed l\u00e9ky a rychl\u00e9 doru\u010den\u00ed v cen\u011b. 100% diskr\u00e9tn\u00ed a d\u016fv\u011brn\u00fd servis pro v\u0161echny na\u0161e z\u00e1kazn\u00edky na Eurorxdrugs","robots":{"index":"index","follow":"follow","max-snippet":"max-snippet:-1","max-image-preview":"max-image-preview:large","max-video-preview":"max-video-preview:-1"},"canonical":"https:\/\/eurorxdrugs.cc\/cs\/product\/dulcolax-bisacodyl\/","og_locale":"cs_CZ","og_type":"article","og_title":"Objednejte Dulcolax (Bisacodyl) bez receptu za n\u00edzkou cenu | Eurorxdrugs","og_description":"Kupte Dulcolax (Bisacodyl) nyn\u00ed! Origin\u00e1ln\u00ed l\u00e9ky a rychl\u00e9 doru\u010den\u00ed v cen\u011b. 100% diskr\u00e9tn\u00ed a d\u016fv\u011brn\u00fd servis pro v\u0161echny na\u0161e z\u00e1kazn\u00edky na Eurorxdrugs","og_url":"https:\/\/eurorxdrugs.cc\/cs\/product\/dulcolax-bisacodyl\/","og_site_name":"eurorxdrugs","article_modified_time":"2024-10-31T18:14:25+00:00","og_image":[{"width":270,"height":300,"url":"https:\/\/eurorxdrugs.cc\/cs\/wp-content\/uploads\/2024\/10\/208-min.jpg","type":"image\/jpeg"}],"twitter_card":"summary_large_image","twitter_misc":{"Odhadovan\u00e1 doba \u010dten\u00ed":"2 minuty"},"schema":{"@context":"https:\/\/schema.org","@graph":[{"@type":"WebPage","@id":"https:\/\/eurorxdrugs.cc\/cs\/product\/dulcolax-bisacodyl\/","url":"https:\/\/eurorxdrugs.cc\/cs\/product\/dulcolax-bisacodyl\/","name":"Objednejte Dulcolax (Bisacodyl) bez receptu za n\u00edzkou cenu | Eurorxdrugs","isPartOf":{"@id":"https:\/\/eurorxdrugs.cc\/cs\/#website"},"datePublished":"2024-10-31T18:07:07+00:00","dateModified":"2024-10-31T18:14:25+00:00","description":"Kupte Dulcolax (Bisacodyl) nyn\u00ed! Origin\u00e1ln\u00ed l\u00e9ky a rychl\u00e9 doru\u010den\u00ed v cen\u011b. 100% diskr\u00e9tn\u00ed a d\u016fv\u011brn\u00fd servis pro v\u0161echny na\u0161e z\u00e1kazn\u00edky na Eurorxdrugs","breadcrumb":{"@id":"https:\/\/eurorxdrugs.cc\/cs\/product\/dulcolax-bisacodyl\/#breadcrumb"},"inLanguage":"cs","potentialAction":[{"@type":"ReadAction","target":["https:\/\/eurorxdrugs.cc\/cs\/product\/dulcolax-bisacodyl\/"]}]},{"@type":"BreadcrumbList","@id":"https:\/\/eurorxdrugs.cc\/cs\/product\/dulcolax-bisacodyl\/#breadcrumb","itemListElement":[{"@type":"ListItem","position":1,"name":"Home","item":"https:\/\/eurorxdrugs.cc\/cs\/"},{"@type":"ListItem","position":2,"name":"Products","item":"https:\/\/eurorxdrugs.cc\/cs\/shop\/"},{"@type":"ListItem","position":3,"name":"Dulcolax (Bisacodyl)"}]},{"@type":"WebSite","@id":"https:\/\/eurorxdrugs.cc\/cs\/#website","url":"https:\/\/eurorxdrugs.cc\/cs\/","name":"eurorxdrugs","description":"","publisher":{"@id":"https:\/\/eurorxdrugs.cc\/cs\/#organization"},"potentialAction":[{"@type":"SearchAction","target":{"@type":"EntryPoint","urlTemplate":"https:\/\/eurorxdrugs.cc\/cs\/?s={search_term_string}"},"query-input":"required name=search_term_string"}],"inLanguage":"cs"},{"@type":"Organization","@id":"https:\/\/eurorxdrugs.cc\/cs\/#organization","name":"eurorxdrugs","url":"https:\/\/eurorxdrugs.cc\/cs\/","logo":{"@type":"ImageObject","inLanguage":"cs","@id":"https:\/\/eurorxdrugs.cc\/cs\/#\/schema\/logo\/image\/","url":"https:\/\/eurorxdrugs.cc\/cs\/wp-content\/uploads\/2024\/09\/logo-1-1.png","contentUrl":"https:\/\/eurorxdrugs.cc\/cs\/wp-content\/uploads\/2024\/09\/logo-1-1.png","width":233,"height":54,"caption":"eurorxdrugs"},"image":{"@id":"https:\/\/eurorxdrugs.cc\/cs\/#\/schema\/logo\/image\/"}}]}},"_links":{"self":[{"href":"https:\/\/eurorxdrugs.cc\/cs\/wp-json\/wp\/v2\/product\/5267","targetHints":{"allow":["GET"]}}],"collection":[{"href":"https:\/\/eurorxdrugs.cc\/cs\/wp-json\/wp\/v2\/product"}],"about":[{"href":"https:\/\/eurorxdrugs.cc\/cs\/wp-json\/wp\/v2\/types\/product"}],"replies":[{"embeddable":true,"href":"https:\/\/eurorxdrugs.cc\/cs\/wp-json\/wp\/v2\/comments?post=5267"}],"wp:featuredmedia":[{"embeddable":true,"href":"https:\/\/eurorxdrugs.cc\/cs\/wp-json\/wp\/v2\/media\/5268"}],"wp:attachment":[{"href":"https:\/\/eurorxdrugs.cc\/cs\/wp-json\/wp\/v2\/media?parent=5267"}],"wp:term":[{"taxonomy":"product_cat","embeddable":true,"href":"https:\/\/eurorxdrugs.cc\/cs\/wp-json\/wp\/v2\/product_cat?post=5267"},{"taxonomy":"product_tag","embeddable":true,"href":"https:\/\/eurorxdrugs.cc\/cs\/wp-json\/wp\/v2\/product_tag?post=5267"}],"curies":[{"name":"wp","href":"https:\/\/api.w.org\/{rel}","templated":true}]}}