{"id":5338,"date":"2024-10-31T18:58:29","date_gmt":"2024-10-31T18:58:29","guid":{"rendered":"https:\/\/eurorxdrugs.cc\/cs\/?post_type=product&#038;p=5338"},"modified":"2024-10-31T19:06:46","modified_gmt":"2024-10-31T19:06:46","slug":"doxycyclin","status":"publish","type":"product","link":"https:\/\/eurorxdrugs.cc\/cs\/product\/doxycyclin\/","title":{"rendered":"Doxycyclin"},"content":{"rendered":"<div class=\"pro-description_name\">Beschreibung<\/div>\n<div class=\"pro-description_content\">\n<div>Allgemeine Anwendung<\/div>\n<div>\u00a0\u00a0\u00a0\u00a0\u00a0\u00a0\u00a0\u00a0Doxycyclin ist ein synthetisches Breitspektrum-Antibiotikum, das von Tetracyclin abstammt, und wird h\u00e4ufig zur Behandlung von vielen verschiedenen bakteriellen Infektionen, solche wie Infektionen der Harnwege, Akne, Gonorrhoe, Chlamydiosis, Parodontitis (Zahnfleischerkrankungen), Flecken, Unebenheiten und Akne-\u00e4hnliche L\u00e4sionen, die durch Rosacea verursacht wurden, verwendet.<\/div>\n<div><\/div>\n<div>Dosierung und Anleitung<\/div>\n<div>\u00a0\u00a0\u00a0\u00a0\u00a0\u00a0\u00a0\u00a0Sollten diese Medikamente nach einer Mahlzeit mit einem gro\u00dfen Glas Wasser genommen werden, verringert das die Reizung der \u00d6sophagus. T\u00e4gliche Dosis soll entweder als Einzeldosis oder in zwei geteilt genommen werden (12 Stunden zwischen der Einnahmezeiten jeder von ihnen). Nehmen Sie es in gr\u00f6\u00dferen Mengen nicht oder l\u00e4nger, als es Ihnen vorgeschriebenen wurde.<\/div>\n<div>Bestimmte Marken von diesen Medikamenten k\u00f6nnen nicht mit Milchprodukten verwendet werden. Nicht zerkleinern, zerbrechen, oder zerkauen, \u00f6ffnen Sie auch die Kapsel nicht, verschlucken Sie die ganz.<\/div>\n<div>Wenn Sie eine orale Suspension nehmen, so messen Sie es mit einem speziellen Dosier l\u00f6ffel und sch\u00fctteln Sie es gr\u00fcndlich vor dem Gebrauch. nehmen Sie dieses Medikament nie, wenn es abgelaufen ist, weil das Ihre Nieren sch\u00e4digen kann.<\/div>\n<div><\/div>\n<div>Vorsichtsma\u00dfnahmen:<\/div>\n<div>\u00a0\u00a0\u00a0\u00a0\u00a0\u00a0\u00a0\u00a0Der Doxycyclin Einsatz w\u00e4hrend des Z\u00e4hne wuchs kann Ihre st\u00e4ndige Farb\u00e4nderung zur Folge haben. Die Behandlung von den Infektionen, die durch Staphylokokken, Escherichia, Shigella verursacht wurden, ist nur dann m\u00f6glich, nachdem Sensibilit\u00e4t f\u00fcr das Medikament bestimmt ist.<\/div>\n<div>Vermeiden Sie l\u00e4ngere UV- Belichtung des K\u00f6rpers w\u00e4hrend der Behandlung und 4-5 Tage nach der. Wenn es lange Behandlung mit diesem Medikament vorgeschrieben wurde, ist eine regelm\u00e4\u00dfige \u00dcberwachung der peripheren Blut Zellinhalt, Leberwerte und Bestimmung von Stickstoff und Harnstoff im Serum n\u00f6tig.<\/div>\n<div><\/div>\n<div>Kontraindikationen<\/div>\n<div>\u00a0\u00a0\u00a0\u00a0\u00a0\u00a0\u00a0\u00a0\u00dcberempfindlichkeit zu Doxycyclin und Tetracycline, Schwangerschaft (zweite H\u00e4lfte), Stillen, Leukopenie, Porphyrie, schwere Leberversagen, ist auch den Kleinkindern (f\u00fcr Kinder unter 9 Jahre) kontraindiziert.<\/div>\n<div><\/div>\n<div>M\u00f6gliche Nebenwirkung<\/div>\n<div>Folgende Nebenwirkungen k\u00f6nnen infolge der Behandlung von Doxycyclin auftreten:<\/div>\n<div>\u2022 Kopfschmerzen<\/div>\n<div>\u2022 Schwindel<\/div>\n<div>\u2022 Sehst\u00f6rungen<\/div>\n<div>\u2022 Fieber<\/div>\n<div>\u2022 Sch\u00fcttelfrost<\/div>\n<div>\u2022 Gliederschmerzen<\/div>\n<div>\u2022 roter Hautausschlag<\/div>\n<div>\u2022 blasse oder gelb verf\u00e4rbte Haut<\/div>\n<div>\u2022 dunkel gef\u00e4rbte Urin<\/div>\n<div>\u2022 Schmerzen im Oberbauch<\/div>\n<div>\u2022 Appetitlosigkeit<\/div>\n<div>\u2022 Gelbsucht<\/div>\n<div>\u2022 Blutungen.<\/div>\n<div><\/div>\n<div>\u00a0\u00a0\u00a0\u00a0\u00a0\u00a0\u00a0\u00a0Kontaktieren Sie Ihren Arzt, wenn Sie oben aufgef\u00fchrten Auswirkungen erlebt haben.<\/div>\n<div><\/div>\n<div>Wechselwirkungen<\/div>\n<div>\u00a0\u00a0\u00a0\u00a0\u00a0\u00a0\u00a0\u00a0Die gleichzeitige Verwendung Aluminium, Magnesium, Calcium basierten Antazida wird nicht empfohlen, weil die Absorption von Doxycyclin verlangsamt werden kann. Solche Mineralien (wie Calcium oder Eisen) oder mit Bismut subsalicylat haben die gleiche Wirkung. Es wird berichtet, dass Doxycyclin die Aktivit\u00e4t von Warfarin verst\u00e4rkt. Phenytoin (Dilantin), Carbamazepin (Tegretol) und Barbituraten (z. B. Phenobarbital) k\u00f6nnen den Metabolismus von Doxycyclin erh\u00f6hen.<\/div>\n<div><\/div>\n<div>Verpasste Dosis<\/div>\n<div>\u00a0\u00a0\u00a0\u00a0\u00a0\u00a0\u00a0\u00a0Nie verdoppeln Sie Ihre Dosis. Wenn Sie die Einnahme von dem Pr\u00e4parat verpasst haben, nehmen Sie eine Dosis so bald, wie Sie sich daran erinnern. Wenn es fast die Zeit f\u00fcr Ihre n\u00e4chste Dosis ist, so nehmen Sie nur die n\u00e4chste Dosis ein und kehren Sie zu Ihrem regelm\u00e4\u00dfigen Zeitplan zur\u00fcck.<\/div>\n<div><\/div>\n<div>\u00dcberdosierung<\/div>\n<div>\u00a0\u00a0\u00a0\u00a0\u00a0\u00a0\u00a0\u00a0Im Falle der \u00dcberdosierung bei schwerwiegender und anhaltender \u00dcbelkeit, Erbrechen und Durchfall setzen Sie Ihren Arzt in Verbindung.<\/div>\n<div><\/div>\n<div>Lagerung<\/div>\n<div>\u00a0\u00a0\u00a0\u00a0\u00a0\u00a0\u00a0\u00a0Bei Zimmertemperatur zwischen 59-77 Grad F (15-25 Grad C) bewahren, vor Licht und Feuchtigkeit sch\u00fctzen, im Badezimmer nicht lagern. Au\u00dfer Reichweite von Kindern und Haustiere lagern. Benutzen Sie nicht nach dem Verfalldatum.<\/div>\n<\/div>\n","protected":false},"excerpt":{"rendered":"<div class=\"main_product_cat\">\n<div class=\"main_product_cat_title\">\n<div>Handelsname: Doxycycline<\/div>\n<div>Hauptbestandteil: Antibiotikum Tetracyclin<\/div>\n<div>Produktionsform: Pillen<\/div>\n<div>Verwendung: Behandelt bakterielle Infektionen<\/div>\n<div>Verf\u00fcgbare Dosierung:\u00a0100mg, 200mg<\/div>\n<\/div>\n<\/div>\n","protected":false},"featured_media":5339,"comment_status":"open","ping_status":"closed","template":"","meta":[],"product_cat":[25],"product_tag":[],"class_list":{"0":"post-5338","1":"product","2":"type-product","3":"status-publish","4":"has-post-thumbnail","6":"product_cat-antibiotics","8":"first","9":"instock","10":"shipping-taxable","11":"product-type-grouped"},"yoast_head":"<!-- This site is optimized with the Yoast SEO plugin v20.0 - https:\/\/yoast.com\/wordpress\/plugins\/seo\/ -->\n<title>Objednejte Doxycyclin bez receptu za n\u00edzkou cenu | Eurorxdrugs<\/title>\n<meta name=\"description\" content=\"Kupte Doxycyclin nyn\u00ed! Origin\u00e1ln\u00ed l\u00e9ky a rychl\u00e9 doru\u010den\u00ed v cen\u011b. 100% diskr\u00e9tn\u00ed a d\u016fv\u011brn\u00fd servis pro v\u0161echny na\u0161e z\u00e1kazn\u00edky na Eurorxdrugs\" \/>\n<meta name=\"robots\" content=\"index, follow, max-snippet:-1, max-image-preview:large, max-video-preview:-1\" \/>\n<link rel=\"canonical\" href=\"https:\/\/eurorxdrugs.cc\/cs\/product\/doxycyclin\/\" \/>\n<meta property=\"og:locale\" content=\"cs_CZ\" \/>\n<meta property=\"og:type\" content=\"article\" \/>\n<meta property=\"og:title\" content=\"Objednejte Doxycyclin bez receptu za n\u00edzkou cenu | Eurorxdrugs\" \/>\n<meta property=\"og:description\" content=\"Kupte Doxycyclin nyn\u00ed! Origin\u00e1ln\u00ed l\u00e9ky a rychl\u00e9 doru\u010den\u00ed v cen\u011b. 100% diskr\u00e9tn\u00ed a d\u016fv\u011brn\u00fd servis pro v\u0161echny na\u0161e z\u00e1kazn\u00edky na Eurorxdrugs\" \/>\n<meta property=\"og:url\" content=\"https:\/\/eurorxdrugs.cc\/cs\/product\/doxycyclin\/\" \/>\n<meta property=\"og:site_name\" content=\"eurorxdrugs\" \/>\n<meta property=\"article:modified_time\" content=\"2024-10-31T19:06:46+00:00\" \/>\n<meta property=\"og:image\" content=\"https:\/\/eurorxdrugs.cc\/cs\/wp-content\/uploads\/2024\/10\/16-min.jpg\" \/>\n\t<meta property=\"og:image:width\" content=\"270\" \/>\n\t<meta property=\"og:image:height\" content=\"300\" \/>\n\t<meta property=\"og:image:type\" content=\"image\/jpeg\" \/>\n<meta name=\"twitter:card\" content=\"summary_large_image\" \/>\n<meta name=\"twitter:label1\" content=\"Odhadovan\u00e1 doba \u010dten\u00ed\" \/>\n\t<meta name=\"twitter:data1\" content=\"3 minuty\" \/>\n<script type=\"application\/ld+json\" class=\"yoast-schema-graph\">{\"@context\":\"https:\/\/schema.org\",\"@graph\":[{\"@type\":\"WebPage\",\"@id\":\"https:\/\/eurorxdrugs.cc\/cs\/product\/doxycyclin\/\",\"url\":\"https:\/\/eurorxdrugs.cc\/cs\/product\/doxycyclin\/\",\"name\":\"Objednejte Doxycyclin bez receptu za n\u00edzkou cenu | Eurorxdrugs\",\"isPartOf\":{\"@id\":\"https:\/\/eurorxdrugs.cc\/cs\/#website\"},\"datePublished\":\"2024-10-31T18:58:29+00:00\",\"dateModified\":\"2024-10-31T19:06:46+00:00\",\"description\":\"Kupte Doxycyclin nyn\u00ed! Origin\u00e1ln\u00ed l\u00e9ky a rychl\u00e9 doru\u010den\u00ed v cen\u011b. 100% diskr\u00e9tn\u00ed a d\u016fv\u011brn\u00fd servis pro v\u0161echny na\u0161e z\u00e1kazn\u00edky na Eurorxdrugs\",\"breadcrumb\":{\"@id\":\"https:\/\/eurorxdrugs.cc\/cs\/product\/doxycyclin\/#breadcrumb\"},\"inLanguage\":\"cs\",\"potentialAction\":[{\"@type\":\"ReadAction\",\"target\":[\"https:\/\/eurorxdrugs.cc\/cs\/product\/doxycyclin\/\"]}]},{\"@type\":\"BreadcrumbList\",\"@id\":\"https:\/\/eurorxdrugs.cc\/cs\/product\/doxycyclin\/#breadcrumb\",\"itemListElement\":[{\"@type\":\"ListItem\",\"position\":1,\"name\":\"Home\",\"item\":\"https:\/\/eurorxdrugs.cc\/cs\/\"},{\"@type\":\"ListItem\",\"position\":2,\"name\":\"Products\",\"item\":\"https:\/\/eurorxdrugs.cc\/cs\/shop\/\"},{\"@type\":\"ListItem\",\"position\":3,\"name\":\"Doxycyclin\"}]},{\"@type\":\"WebSite\",\"@id\":\"https:\/\/eurorxdrugs.cc\/cs\/#website\",\"url\":\"https:\/\/eurorxdrugs.cc\/cs\/\",\"name\":\"eurorxdrugs\",\"description\":\"\",\"publisher\":{\"@id\":\"https:\/\/eurorxdrugs.cc\/cs\/#organization\"},\"potentialAction\":[{\"@type\":\"SearchAction\",\"target\":{\"@type\":\"EntryPoint\",\"urlTemplate\":\"https:\/\/eurorxdrugs.cc\/cs\/?s={search_term_string}\"},\"query-input\":\"required name=search_term_string\"}],\"inLanguage\":\"cs\"},{\"@type\":\"Organization\",\"@id\":\"https:\/\/eurorxdrugs.cc\/cs\/#organization\",\"name\":\"eurorxdrugs\",\"url\":\"https:\/\/eurorxdrugs.cc\/cs\/\",\"logo\":{\"@type\":\"ImageObject\",\"inLanguage\":\"cs\",\"@id\":\"https:\/\/eurorxdrugs.cc\/cs\/#\/schema\/logo\/image\/\",\"url\":\"https:\/\/eurorxdrugs.cc\/cs\/wp-content\/uploads\/2024\/09\/logo-1-1.png\",\"contentUrl\":\"https:\/\/eurorxdrugs.cc\/cs\/wp-content\/uploads\/2024\/09\/logo-1-1.png\",\"width\":233,\"height\":54,\"caption\":\"eurorxdrugs\"},\"image\":{\"@id\":\"https:\/\/eurorxdrugs.cc\/cs\/#\/schema\/logo\/image\/\"}}]}<\/script>\n<!-- \/ Yoast SEO plugin. -->","yoast_head_json":{"title":"Objednejte Doxycyclin bez receptu za n\u00edzkou cenu | Eurorxdrugs","description":"Kupte Doxycyclin nyn\u00ed! Origin\u00e1ln\u00ed l\u00e9ky a rychl\u00e9 doru\u010den\u00ed v cen\u011b. 100% diskr\u00e9tn\u00ed a d\u016fv\u011brn\u00fd servis pro v\u0161echny na\u0161e z\u00e1kazn\u00edky na Eurorxdrugs","robots":{"index":"index","follow":"follow","max-snippet":"max-snippet:-1","max-image-preview":"max-image-preview:large","max-video-preview":"max-video-preview:-1"},"canonical":"https:\/\/eurorxdrugs.cc\/cs\/product\/doxycyclin\/","og_locale":"cs_CZ","og_type":"article","og_title":"Objednejte Doxycyclin bez receptu za n\u00edzkou cenu | Eurorxdrugs","og_description":"Kupte Doxycyclin nyn\u00ed! Origin\u00e1ln\u00ed l\u00e9ky a rychl\u00e9 doru\u010den\u00ed v cen\u011b. 100% diskr\u00e9tn\u00ed a d\u016fv\u011brn\u00fd servis pro v\u0161echny na\u0161e z\u00e1kazn\u00edky na Eurorxdrugs","og_url":"https:\/\/eurorxdrugs.cc\/cs\/product\/doxycyclin\/","og_site_name":"eurorxdrugs","article_modified_time":"2024-10-31T19:06:46+00:00","og_image":[{"width":270,"height":300,"url":"https:\/\/eurorxdrugs.cc\/cs\/wp-content\/uploads\/2024\/10\/16-min.jpg","type":"image\/jpeg"}],"twitter_card":"summary_large_image","twitter_misc":{"Odhadovan\u00e1 doba \u010dten\u00ed":"3 minuty"},"schema":{"@context":"https:\/\/schema.org","@graph":[{"@type":"WebPage","@id":"https:\/\/eurorxdrugs.cc\/cs\/product\/doxycyclin\/","url":"https:\/\/eurorxdrugs.cc\/cs\/product\/doxycyclin\/","name":"Objednejte Doxycyclin bez receptu za n\u00edzkou cenu | Eurorxdrugs","isPartOf":{"@id":"https:\/\/eurorxdrugs.cc\/cs\/#website"},"datePublished":"2024-10-31T18:58:29+00:00","dateModified":"2024-10-31T19:06:46+00:00","description":"Kupte Doxycyclin nyn\u00ed! Origin\u00e1ln\u00ed l\u00e9ky a rychl\u00e9 doru\u010den\u00ed v cen\u011b. 100% diskr\u00e9tn\u00ed a d\u016fv\u011brn\u00fd servis pro v\u0161echny na\u0161e z\u00e1kazn\u00edky na Eurorxdrugs","breadcrumb":{"@id":"https:\/\/eurorxdrugs.cc\/cs\/product\/doxycyclin\/#breadcrumb"},"inLanguage":"cs","potentialAction":[{"@type":"ReadAction","target":["https:\/\/eurorxdrugs.cc\/cs\/product\/doxycyclin\/"]}]},{"@type":"BreadcrumbList","@id":"https:\/\/eurorxdrugs.cc\/cs\/product\/doxycyclin\/#breadcrumb","itemListElement":[{"@type":"ListItem","position":1,"name":"Home","item":"https:\/\/eurorxdrugs.cc\/cs\/"},{"@type":"ListItem","position":2,"name":"Products","item":"https:\/\/eurorxdrugs.cc\/cs\/shop\/"},{"@type":"ListItem","position":3,"name":"Doxycyclin"}]},{"@type":"WebSite","@id":"https:\/\/eurorxdrugs.cc\/cs\/#website","url":"https:\/\/eurorxdrugs.cc\/cs\/","name":"eurorxdrugs","description":"","publisher":{"@id":"https:\/\/eurorxdrugs.cc\/cs\/#organization"},"potentialAction":[{"@type":"SearchAction","target":{"@type":"EntryPoint","urlTemplate":"https:\/\/eurorxdrugs.cc\/cs\/?s={search_term_string}"},"query-input":"required name=search_term_string"}],"inLanguage":"cs"},{"@type":"Organization","@id":"https:\/\/eurorxdrugs.cc\/cs\/#organization","name":"eurorxdrugs","url":"https:\/\/eurorxdrugs.cc\/cs\/","logo":{"@type":"ImageObject","inLanguage":"cs","@id":"https:\/\/eurorxdrugs.cc\/cs\/#\/schema\/logo\/image\/","url":"https:\/\/eurorxdrugs.cc\/cs\/wp-content\/uploads\/2024\/09\/logo-1-1.png","contentUrl":"https:\/\/eurorxdrugs.cc\/cs\/wp-content\/uploads\/2024\/09\/logo-1-1.png","width":233,"height":54,"caption":"eurorxdrugs"},"image":{"@id":"https:\/\/eurorxdrugs.cc\/cs\/#\/schema\/logo\/image\/"}}]}},"_links":{"self":[{"href":"https:\/\/eurorxdrugs.cc\/cs\/wp-json\/wp\/v2\/product\/5338","targetHints":{"allow":["GET"]}}],"collection":[{"href":"https:\/\/eurorxdrugs.cc\/cs\/wp-json\/wp\/v2\/product"}],"about":[{"href":"https:\/\/eurorxdrugs.cc\/cs\/wp-json\/wp\/v2\/types\/product"}],"replies":[{"embeddable":true,"href":"https:\/\/eurorxdrugs.cc\/cs\/wp-json\/wp\/v2\/comments?post=5338"}],"wp:featuredmedia":[{"embeddable":true,"href":"https:\/\/eurorxdrugs.cc\/cs\/wp-json\/wp\/v2\/media\/5339"}],"wp:attachment":[{"href":"https:\/\/eurorxdrugs.cc\/cs\/wp-json\/wp\/v2\/media?parent=5338"}],"wp:term":[{"taxonomy":"product_cat","embeddable":true,"href":"https:\/\/eurorxdrugs.cc\/cs\/wp-json\/wp\/v2\/product_cat?post=5338"},{"taxonomy":"product_tag","embeddable":true,"href":"https:\/\/eurorxdrugs.cc\/cs\/wp-json\/wp\/v2\/product_tag?post=5338"}],"curies":[{"name":"wp","href":"https:\/\/api.w.org\/{rel}","templated":true}]}}