{"id":5359,"date":"2024-10-31T19:10:28","date_gmt":"2024-10-31T19:10:28","guid":{"rendered":"https:\/\/eurorxdrugs.cc\/cs\/?post_type=product&#038;p=5359"},"modified":"2024-10-31T19:14:29","modified_gmt":"2024-10-31T19:14:29","slug":"phenergan-promethazin","status":"publish","type":"product","link":"https:\/\/eurorxdrugs.cc\/cs\/product\/phenergan-promethazin\/","title":{"rendered":"Phenergan (Promethazin)"},"content":{"rendered":"<div class=\"pro-description_name\">Beschreibung<\/div>\n<div class=\"pro-description_content\">\n<div>Allgemeine Anwendung<\/div>\n<div>\u00a0\u00a0\u00a0\u00a0\u00a0\u00a0\u00a0\u00a0Phenergan ist ein Antihistaminikum, das pflegte, verschiedene Typen von Allergie-Symptomen, einschlie\u00dflich des Juckens, der laufenden Nase, des Niesens, der juckenden oder w\u00e4sserigen Augen, der Nesselausschl\u00e4ge, und der juckenden Hautausschl\u00e4ge zu behandeln. Es arbeitet, die Effekten des Histamins, eine Chemikalie die K\u00f6rperausgaben als Antwort auf bestimmte Reizmittel vermindernd. Auch Phenegran wird als ein Beruhigungsmittel und Schlaf-Hilfe f\u00fcr alle Typen von Patienten verwendet, und verhindern Sie oder kontrollieren Sie Brechreiz und Emesis, Vergn\u00fcgen-Bewegungskrankheit. Sie k\u00f6nnen es mit anderen Medikamenten f\u00fcr den Schmerz nach der Chirurgie auch verwenden.<\/div>\n<div><\/div>\n<div>Dosierung und Anwendungsgebiet<\/div>\n<div>\u00a0\u00a0\u00a0\u00a0\u00a0\u00a0\u00a0\u00a0Nehmen Sie es m\u00fcndlich mit oder ohne Essen\/Milch. Es ist besser nehmen dieses Medikament mit dem Essen, wenn Sie Magenverstimmung vermeiden wollen. Um Allergie zu behandeln, ist die empfohlene Dosis 25 Mg vor dem Schlafen. Sie k\u00f6nnen die Dosis innerhalb von zwei Stunden n\u00f6tigenfalls wiederholen. Um Bewegungskrankheit zu behandeln, ist die empfohlene Dosis 25 Mg zweimal t\u00e4glich.<\/div>\n<div>Bemerken Sie: diese Instruktion pr\u00e4sentiert hier gerade f\u00fcr die Rezension. Es ist sehr notwendig, sich mit Ihrem Arzt vor dem Verwenden zu beraten. Es hilft Ihnen, beste Ergebnisse zu bekommen.<\/div>\n<div><\/div>\n<div>Vorsichtsma\u00dfnahmen<\/div>\n<div>\u00a0\u00a0\u00a0\u00a0\u00a0\u00a0\u00a0\u00a0Geben Sie dieses Rauschgift Patienten in Koma nicht verwenden Alkohol nicht, w\u00e4hrend Sie, Phenergan nehmend, weil es \u00e4u\u00dferste Schl\u00e4frigkeit kann. Vermeiden Sie Alkohol-Gebrauch. Phenergan kann Empfindlichkeit zum Sonnenlicht vergr\u00f6\u00dfern. Tragen Sie einen sunscreen und Schutzkleidung, wenn Sie zur Sonne ausgestellt werden, wird sie Ihnen helfen, einen Hitzeschlag zu vermeiden. Phenergan sollte nicht w\u00e4hrend Schwangerschaft verwendet werden, Schwangerschaft werdend oder ohne Milch abzusondern, erz\u00e4hlen Ihrem Arzt. Verwenden Sie vor dem Stillen ohne den Rat des Arztes nicht.<\/div>\n<div><\/div>\n<div>Kontraindikationen<\/div>\n<div>\u00a0\u00a0\u00a0\u00a0\u00a0\u00a0\u00a0\u00a0Phenergan wird Kindern unter 2 Jahren alt nicht erlaubt. Phenergan wird in komat\u00f6sen Staaten, und in Personen kontraindiziert, die bekannt sind, \u00fcberempfindlich zu sein oder eine idiosynkratische Reaktion zu promethazine oder zu anderem phenothiazines gehabt zu haben. Auch dieses Rauschgift wird f\u00fcr den Gebrauch in der Behandlung von niedrigeren Atemwege-Symptomen einschlie\u00dflich Asthmas kontraindiziert.<\/div>\n<div><\/div>\n<div>M\u00f6gliche Nebenwirkungen<\/div>\n<div>Sie k\u00f6nnen eine allergische Reaktion einschlie\u00dfen:<\/div>\n<div>\u2022 Nesselausschl\u00e4ge;<\/div>\n<div>\u2022 Schwierigkeitsatmen;<\/div>\n<div>\u2022 von Ihrem Gesicht, Lippen, Zunge, oder Gurgel schwellend.<\/div>\n<div><\/div>\n<div>Auch die m\u00f6glichsten Nebenwirkungen schlie\u00dfen ein:<\/div>\n<div>\u2022 Unkontrollierbare Bewegungen Ihrer Augen, Lippen, Zunge, Gesichtes, Arme, oder Beine zuckend;<\/div>\n<div>\u2022 Beben (das nicht kontrollierte Sch\u00fctteln), das Sabbern, Schwierigkeiten schluckend, Probleme mit dem Gleichgewicht oder Wandern;<\/div>\n<div>\u2022 Gef\u00fchl ruhelos, nerv\u00f6s, oder begeistert;<\/div>\n<div>\u2022 hohes Fieber, steife Muskeln, Verwirrung, das Schwitzen, die schnellen oder unebenen Herzschl\u00e4ge, das schnelle Atmen;<\/div>\n<div>\u2022 Zu Ihnen aufgelegt zu sein, k\u00f6nnte gehen;<\/div>\n<div>\u2022 Anfall (Konvulsionen);<\/div>\n<div>\u2022 Lattenhaut, das leichte Quetschen oder die Blutung, das Fieber, die Angina, die Grippe-Symptome;<\/div>\n<div>\u2022 Verminderte Nachtvision, Tunnel-Vision, w\u00e4sserige Augen, vergr\u00f6\u00dferte Empfindlichkeit, um sich zu entz\u00fcnden;<\/div>\n<div>\u2022 Halluzinationen, Aufregung;<\/div>\n<div>\u2022 Brechreiz und Magen-Schmerz, Hautausschlag, und Gelbsucht (yellowing der Haut oder Augen);<\/div>\n<div>\u2022 weniger als \u00fcblich oder \u00fcberhaupt nicht urinierend;<\/div>\n<div>\u2022 Gemeinsamer Schmerz oder mit Fieber, angeschwollenen Dr\u00fcsen, Muskelschmerzen, Brust-Schmerz, Emesis, ungew\u00f6hnlichen Gedanken oder Verhalten, und uneinheitlicher Hautfarbe schwellend; oder<\/div>\n<div>\u2022 Langsame Herzrate, schwacher Puls, langsames Atmen schwach zu werden (kann Atmen anhalten).<\/div>\n<div><\/div>\n<div>Weniger ernst schlie\u00dfen Sie ein:<\/div>\n<div>\u2022 Schwindel, Schl\u00e4frigkeit, Angst;<\/div>\n<div>\u2022 tr\u00fcbe Vision, trockener Mund, stickige Nase;<\/div>\n<div>\u2022 das Klingeln in Ihren Ohren;<\/div>\n<div>\u2022 Gewichtszunahme, in Ihren H\u00e4nden oder F\u00fc\u00dfen schwellend;<\/div>\n<div>\u2022 Machtlosigkeit, Schwierigkeiten, die einen Orgasmus haben; oder<\/div>\n<div>\u2022 Konstipation.<\/div>\n<div>\u00a0\u00a0\u00a0\u00a0\u00a0\u00a0\u00a0\u00a0Wenn Sie einen von ihnen erfahren, h\u00f6ren auf, Phenegran zu verwenden, und erz\u00e4hlen Ihrem Arzt so bald wie m\u00f6glich. Beraten Sie sich auch mit Ihrem Arzt \u00fcber jede Nebenwirkung, die ungew\u00f6hnlich scheint.<\/div>\n<div><\/div>\n<div>Verpasste Dosis<\/div>\n<div>\u00a0\u00a0\u00a0\u00a0\u00a0\u00a0\u00a0\u00a0Wenn Sie verga\u00dfen, Ihre Dosis rechtzeitig zu nehmen, tun Sie es bitte, sobald Sie sich erinnern. Aber nehmen Sie wenn es ist zu sp\u00e4t oder fast Zeit f\u00fcr Ihre folgende Dosis nicht. Nehmen Sie doppelte oder zus\u00e4tzliche Dosen nicht. Nehmen Sie Ihren gew\u00f6hnlich Dosis am n\u00e4chsten Tag in demselben regelm\u00e4\u00dfig Zeit.<\/div>\n<div><\/div>\n<div>\u00dcberdosierung<\/div>\n<div>\u00a0\u00a0\u00a0\u00a0\u00a0\u00a0\u00a0\u00a0Symptome von der Phenergan \u00dcberdosis k\u00f6nnen einschlie\u00dfen: Schwere Schl\u00e4frigkeit, Schwindel, trocknet Mund, gro\u00dfe Pupillen, Sp\u00fclung, Brechreiz, Emesis, seichtes Atmen aus, und schwach zu werden. Wenn Sie einen von ihnen erfahren, nennen Ihren Arzt sofort.<\/div>\n<div><\/div>\n<div>Lagerung<\/div>\n<div>\u00a0\u00a0\u00a0\u00a0\u00a0\u00a0\u00a0\u00a0Lager bei der Raumtemperatur zwischen 59-77 Graden F (15-25 Grade C) weg von Licht und Feuchtigkeit, Kindern und Haustieren. Verwenden Sie nach dem Ausatmungsbegriff nicht.<\/div>\n<\/div>\n","protected":false},"excerpt":{"rendered":"<div>Handelsname: Phenergan<\/div>\n<div>Hauptbestandteil: Promethazin<\/div>\n<div>Produktionsform: Pillen<\/div>\n<div>Anwendung: Behandelt Allergien \/ Passing Insomnia<\/div>\n<div>Verf\u00fcgbare Dosierung: 25 mg<\/div>\n","protected":false},"featured_media":5360,"comment_status":"open","ping_status":"closed","template":"","meta":[],"product_cat":[97],"product_tag":[],"class_list":{"0":"post-5359","1":"product","2":"type-product","3":"status-publish","4":"has-post-thumbnail","6":"product_cat-antiasthmatika","8":"first","9":"instock","10":"shipping-taxable","11":"product-type-grouped"},"yoast_head":"<!-- This site is optimized with the Yoast SEO plugin v20.0 - https:\/\/yoast.com\/wordpress\/plugins\/seo\/ -->\n<title>Objednejte Phenergan (Promethazin) bez receptu za n\u00edzkou cenu | Eurorxdrugs<\/title>\n<meta name=\"description\" content=\"Kupte Phenergan (Promethazin) nyn\u00ed! Origin\u00e1ln\u00ed l\u00e9ky a rychl\u00e9 doru\u010den\u00ed v cen\u011b. 100% diskr\u00e9tn\u00ed a d\u016fv\u011brn\u00fd servis pro v\u0161echny na\u0161e z\u00e1kazn\u00edky na Eurorxdrugs\" \/>\n<meta name=\"robots\" content=\"index, follow, max-snippet:-1, max-image-preview:large, max-video-preview:-1\" \/>\n<link rel=\"canonical\" href=\"https:\/\/eurorxdrugs.cc\/cs\/product\/phenergan-promethazin\/\" \/>\n<meta property=\"og:locale\" content=\"cs_CZ\" \/>\n<meta property=\"og:type\" content=\"article\" \/>\n<meta property=\"og:title\" content=\"Objednejte Phenergan (Promethazin) bez receptu za n\u00edzkou cenu | Eurorxdrugs\" \/>\n<meta property=\"og:description\" content=\"Kupte Phenergan (Promethazin) nyn\u00ed! Origin\u00e1ln\u00ed l\u00e9ky a rychl\u00e9 doru\u010den\u00ed v cen\u011b. 100% diskr\u00e9tn\u00ed a d\u016fv\u011brn\u00fd servis pro v\u0161echny na\u0161e z\u00e1kazn\u00edky na Eurorxdrugs\" \/>\n<meta property=\"og:url\" content=\"https:\/\/eurorxdrugs.cc\/cs\/product\/phenergan-promethazin\/\" \/>\n<meta property=\"og:site_name\" content=\"eurorxdrugs\" \/>\n<meta property=\"article:modified_time\" content=\"2024-10-31T19:14:29+00:00\" \/>\n<meta property=\"og:image\" content=\"https:\/\/eurorxdrugs.cc\/cs\/wp-content\/uploads\/2024\/10\/8-min.jpg\" \/>\n\t<meta property=\"og:image:width\" content=\"270\" \/>\n\t<meta property=\"og:image:height\" content=\"300\" \/>\n\t<meta property=\"og:image:type\" content=\"image\/jpeg\" \/>\n<meta name=\"twitter:card\" content=\"summary_large_image\" \/>\n<meta name=\"twitter:label1\" content=\"Odhadovan\u00e1 doba \u010dten\u00ed\" \/>\n\t<meta name=\"twitter:data1\" content=\"4 minuty\" \/>\n<script type=\"application\/ld+json\" class=\"yoast-schema-graph\">{\"@context\":\"https:\/\/schema.org\",\"@graph\":[{\"@type\":\"WebPage\",\"@id\":\"https:\/\/eurorxdrugs.cc\/cs\/product\/phenergan-promethazin\/\",\"url\":\"https:\/\/eurorxdrugs.cc\/cs\/product\/phenergan-promethazin\/\",\"name\":\"Objednejte Phenergan (Promethazin) bez receptu za n\u00edzkou cenu | Eurorxdrugs\",\"isPartOf\":{\"@id\":\"https:\/\/eurorxdrugs.cc\/cs\/#website\"},\"datePublished\":\"2024-10-31T19:10:28+00:00\",\"dateModified\":\"2024-10-31T19:14:29+00:00\",\"description\":\"Kupte Phenergan (Promethazin) nyn\u00ed! Origin\u00e1ln\u00ed l\u00e9ky a rychl\u00e9 doru\u010den\u00ed v cen\u011b. 100% diskr\u00e9tn\u00ed a d\u016fv\u011brn\u00fd servis pro v\u0161echny na\u0161e z\u00e1kazn\u00edky na Eurorxdrugs\",\"breadcrumb\":{\"@id\":\"https:\/\/eurorxdrugs.cc\/cs\/product\/phenergan-promethazin\/#breadcrumb\"},\"inLanguage\":\"cs\",\"potentialAction\":[{\"@type\":\"ReadAction\",\"target\":[\"https:\/\/eurorxdrugs.cc\/cs\/product\/phenergan-promethazin\/\"]}]},{\"@type\":\"BreadcrumbList\",\"@id\":\"https:\/\/eurorxdrugs.cc\/cs\/product\/phenergan-promethazin\/#breadcrumb\",\"itemListElement\":[{\"@type\":\"ListItem\",\"position\":1,\"name\":\"Home\",\"item\":\"https:\/\/eurorxdrugs.cc\/cs\/\"},{\"@type\":\"ListItem\",\"position\":2,\"name\":\"Products\",\"item\":\"https:\/\/eurorxdrugs.cc\/cs\/shop\/\"},{\"@type\":\"ListItem\",\"position\":3,\"name\":\"Phenergan (Promethazin)\"}]},{\"@type\":\"WebSite\",\"@id\":\"https:\/\/eurorxdrugs.cc\/cs\/#website\",\"url\":\"https:\/\/eurorxdrugs.cc\/cs\/\",\"name\":\"eurorxdrugs\",\"description\":\"\",\"publisher\":{\"@id\":\"https:\/\/eurorxdrugs.cc\/cs\/#organization\"},\"potentialAction\":[{\"@type\":\"SearchAction\",\"target\":{\"@type\":\"EntryPoint\",\"urlTemplate\":\"https:\/\/eurorxdrugs.cc\/cs\/?s={search_term_string}\"},\"query-input\":\"required name=search_term_string\"}],\"inLanguage\":\"cs\"},{\"@type\":\"Organization\",\"@id\":\"https:\/\/eurorxdrugs.cc\/cs\/#organization\",\"name\":\"eurorxdrugs\",\"url\":\"https:\/\/eurorxdrugs.cc\/cs\/\",\"logo\":{\"@type\":\"ImageObject\",\"inLanguage\":\"cs\",\"@id\":\"https:\/\/eurorxdrugs.cc\/cs\/#\/schema\/logo\/image\/\",\"url\":\"https:\/\/eurorxdrugs.cc\/cs\/wp-content\/uploads\/2024\/09\/logo-1-1.png\",\"contentUrl\":\"https:\/\/eurorxdrugs.cc\/cs\/wp-content\/uploads\/2024\/09\/logo-1-1.png\",\"width\":233,\"height\":54,\"caption\":\"eurorxdrugs\"},\"image\":{\"@id\":\"https:\/\/eurorxdrugs.cc\/cs\/#\/schema\/logo\/image\/\"}}]}<\/script>\n<!-- \/ Yoast SEO plugin. -->","yoast_head_json":{"title":"Objednejte Phenergan (Promethazin) bez receptu za n\u00edzkou cenu | Eurorxdrugs","description":"Kupte Phenergan (Promethazin) nyn\u00ed! Origin\u00e1ln\u00ed l\u00e9ky a rychl\u00e9 doru\u010den\u00ed v cen\u011b. 100% diskr\u00e9tn\u00ed a d\u016fv\u011brn\u00fd servis pro v\u0161echny na\u0161e z\u00e1kazn\u00edky na Eurorxdrugs","robots":{"index":"index","follow":"follow","max-snippet":"max-snippet:-1","max-image-preview":"max-image-preview:large","max-video-preview":"max-video-preview:-1"},"canonical":"https:\/\/eurorxdrugs.cc\/cs\/product\/phenergan-promethazin\/","og_locale":"cs_CZ","og_type":"article","og_title":"Objednejte Phenergan (Promethazin) bez receptu za n\u00edzkou cenu | Eurorxdrugs","og_description":"Kupte Phenergan (Promethazin) nyn\u00ed! Origin\u00e1ln\u00ed l\u00e9ky a rychl\u00e9 doru\u010den\u00ed v cen\u011b. 100% diskr\u00e9tn\u00ed a d\u016fv\u011brn\u00fd servis pro v\u0161echny na\u0161e z\u00e1kazn\u00edky na Eurorxdrugs","og_url":"https:\/\/eurorxdrugs.cc\/cs\/product\/phenergan-promethazin\/","og_site_name":"eurorxdrugs","article_modified_time":"2024-10-31T19:14:29+00:00","og_image":[{"width":270,"height":300,"url":"https:\/\/eurorxdrugs.cc\/cs\/wp-content\/uploads\/2024\/10\/8-min.jpg","type":"image\/jpeg"}],"twitter_card":"summary_large_image","twitter_misc":{"Odhadovan\u00e1 doba \u010dten\u00ed":"4 minuty"},"schema":{"@context":"https:\/\/schema.org","@graph":[{"@type":"WebPage","@id":"https:\/\/eurorxdrugs.cc\/cs\/product\/phenergan-promethazin\/","url":"https:\/\/eurorxdrugs.cc\/cs\/product\/phenergan-promethazin\/","name":"Objednejte Phenergan (Promethazin) bez receptu za n\u00edzkou cenu | Eurorxdrugs","isPartOf":{"@id":"https:\/\/eurorxdrugs.cc\/cs\/#website"},"datePublished":"2024-10-31T19:10:28+00:00","dateModified":"2024-10-31T19:14:29+00:00","description":"Kupte Phenergan (Promethazin) nyn\u00ed! Origin\u00e1ln\u00ed l\u00e9ky a rychl\u00e9 doru\u010den\u00ed v cen\u011b. 100% diskr\u00e9tn\u00ed a d\u016fv\u011brn\u00fd servis pro v\u0161echny na\u0161e z\u00e1kazn\u00edky na Eurorxdrugs","breadcrumb":{"@id":"https:\/\/eurorxdrugs.cc\/cs\/product\/phenergan-promethazin\/#breadcrumb"},"inLanguage":"cs","potentialAction":[{"@type":"ReadAction","target":["https:\/\/eurorxdrugs.cc\/cs\/product\/phenergan-promethazin\/"]}]},{"@type":"BreadcrumbList","@id":"https:\/\/eurorxdrugs.cc\/cs\/product\/phenergan-promethazin\/#breadcrumb","itemListElement":[{"@type":"ListItem","position":1,"name":"Home","item":"https:\/\/eurorxdrugs.cc\/cs\/"},{"@type":"ListItem","position":2,"name":"Products","item":"https:\/\/eurorxdrugs.cc\/cs\/shop\/"},{"@type":"ListItem","position":3,"name":"Phenergan (Promethazin)"}]},{"@type":"WebSite","@id":"https:\/\/eurorxdrugs.cc\/cs\/#website","url":"https:\/\/eurorxdrugs.cc\/cs\/","name":"eurorxdrugs","description":"","publisher":{"@id":"https:\/\/eurorxdrugs.cc\/cs\/#organization"},"potentialAction":[{"@type":"SearchAction","target":{"@type":"EntryPoint","urlTemplate":"https:\/\/eurorxdrugs.cc\/cs\/?s={search_term_string}"},"query-input":"required name=search_term_string"}],"inLanguage":"cs"},{"@type":"Organization","@id":"https:\/\/eurorxdrugs.cc\/cs\/#organization","name":"eurorxdrugs","url":"https:\/\/eurorxdrugs.cc\/cs\/","logo":{"@type":"ImageObject","inLanguage":"cs","@id":"https:\/\/eurorxdrugs.cc\/cs\/#\/schema\/logo\/image\/","url":"https:\/\/eurorxdrugs.cc\/cs\/wp-content\/uploads\/2024\/09\/logo-1-1.png","contentUrl":"https:\/\/eurorxdrugs.cc\/cs\/wp-content\/uploads\/2024\/09\/logo-1-1.png","width":233,"height":54,"caption":"eurorxdrugs"},"image":{"@id":"https:\/\/eurorxdrugs.cc\/cs\/#\/schema\/logo\/image\/"}}]}},"_links":{"self":[{"href":"https:\/\/eurorxdrugs.cc\/cs\/wp-json\/wp\/v2\/product\/5359","targetHints":{"allow":["GET"]}}],"collection":[{"href":"https:\/\/eurorxdrugs.cc\/cs\/wp-json\/wp\/v2\/product"}],"about":[{"href":"https:\/\/eurorxdrugs.cc\/cs\/wp-json\/wp\/v2\/types\/product"}],"replies":[{"embeddable":true,"href":"https:\/\/eurorxdrugs.cc\/cs\/wp-json\/wp\/v2\/comments?post=5359"}],"wp:featuredmedia":[{"embeddable":true,"href":"https:\/\/eurorxdrugs.cc\/cs\/wp-json\/wp\/v2\/media\/5360"}],"wp:attachment":[{"href":"https:\/\/eurorxdrugs.cc\/cs\/wp-json\/wp\/v2\/media?parent=5359"}],"wp:term":[{"taxonomy":"product_cat","embeddable":true,"href":"https:\/\/eurorxdrugs.cc\/cs\/wp-json\/wp\/v2\/product_cat?post=5359"},{"taxonomy":"product_tag","embeddable":true,"href":"https:\/\/eurorxdrugs.cc\/cs\/wp-json\/wp\/v2\/product_tag?post=5359"}],"curies":[{"name":"wp","href":"https:\/\/api.w.org\/{rel}","templated":true}]}}