{"id":5370,"date":"2024-10-31T19:16:34","date_gmt":"2024-10-31T19:16:34","guid":{"rendered":"https:\/\/eurorxdrugs.cc\/cs\/?post_type=product&#038;p=5370"},"modified":"2024-10-31T19:19:57","modified_gmt":"2024-10-31T19:19:57","slug":"periactin-cyproheptadin","status":"publish","type":"product","link":"https:\/\/eurorxdrugs.cc\/cs\/product\/periactin-cyproheptadin\/","title":{"rendered":"Periactin (Cyproheptadin)"},"content":{"rendered":"<div class=\"pro-description_name\">Beschreibung<\/div>\n<div class=\"pro-description_content\">\n<div>Allgemeine Anwendung<\/div>\n<div>\u00a0\u00a0\u00a0\u00a0\u00a0\u00a0\u00a0\u00a0Periactin ist ein Antihistaminikum, das pflegte, die Symptome vom Heufieber und anderen Typen der Allergie zu erleichtern oder zu verhindern. Dieses Medikament verhindert die Effekten des Histamins, das durch den K\u00f6rper erzeugt wird. Auch Periactin wird verwendet, um solche Symptome wie Bewegungskrankheit, Emesis, Brechreiz, und Schwindel zu verhindern. Manchmal schreiben Periacitin vor, um Traube-Kopfschmerz zu behandeln und Appetit in untergewichtigen Leuten zu stimulieren.<\/div>\n<div><\/div>\n<div>Dosierung und Anwendungsgebiet<\/div>\n<div>\u00a0\u00a0\u00a0\u00a0\u00a0\u00a0\u00a0\u00a0Beraten Sie sich mit Ihrem Arzt vor dem Verwenden. Gebrauch wurde nicht mehr als vorgeschrieben. Nehmen Sie jede Dosis von Periactin mit dem vollen Glas von Wasser, mit oder ohne Essen. Nehmen Sie mehr als 32 Mg Periactin am 1 Tag nicht. Die empfohlene Dosis f\u00fcr Erwachsene ist 4 Milligramme (1 Block) 3mal t\u00e4glich. Dosierung kann verschieden von 4 Mg bis 20 Mg pro Tag, aber meistens verwendet ist von 12 Mg bis 16 Mg. In \u00fcber 65 Patienten wird der Arzt wahrscheinlich die Dosierung relativ niedrig behalten.<\/div>\n<div>\u00a0\u00a0\u00a0\u00a0\u00a0\u00a0\u00a0\u00a0Die empfohlene Dosis f\u00fcr Kinder 7 bis 14 Jahre alt ist 4 Milligramme (1 Block) 2- oder 3mal pro Tag. Nehmen Sie mehr als 16 Milligramme pro Tag nicht.<\/div>\n<div>\u00a0\u00a0\u00a0\u00a0\u00a0\u00a0\u00a0\u00a0Die empfohlene Dosis f\u00fcr Kinder 2 bis 6 Jahre alt ist 2 Milligramme (eine H\u00e4lfte des Blocks) 2- oder 3mal pro Tag. Nehmen Sie mehr als 12 Milligramme pro Tag nicht.<\/div>\n<div>\u00a0\u00a0\u00a0\u00a0\u00a0\u00a0\u00a0\u00a0Bemerken Sie: diese Instruktion pr\u00e4sentiert hier gerade f\u00fcr die Rezension. Es ist sehr notwendig, sich mit Ihrem Arzt vor dem Verwenden zu beraten. Es hilft Ihnen, beste Ergebnisse zu bekommen.<\/div>\n<div><\/div>\n<div>Vorsichtsma\u00dfnahmen<\/div>\n<div>\u00a0\u00a0\u00a0\u00a0\u00a0\u00a0\u00a0\u00a0Seien Sie sorgf\u00e4ltig, weil Periactin Sie schl\u00e4frig machen oder Ihre Koordination verschlechtern kann. Seien Sie mehr Aufmerksamkeit, w\u00e4hrend Sie das Fahren, das Klettern, oder die Betriebsmaschinerie, oder das Erledigen gef\u00e4hrlicher Aufgaben, bis Sie wissen, wie Sie auf Periactin reagieren. Verwenden Sie auch dieses Medikament mit Verwarnungen, wenn Ihre medizinische Geschichte Bronchialasthma, Glaukom, eine \u00fcberaktive Schilddr\u00fcse, hohen Blutdruck, Herzkrankheit, oder Kreislaufprobleme einschlie\u00dft. Periactin sollte nicht w\u00e4hrend Schwangerschaft verwendet werden, Schwangerschaft werdend oder Milch abzusondern. Verwenden Sie vor dem Stillen ohne den Rat des Arztes nicht.<\/div>\n<div><\/div>\n<div>Kontraindikationen<\/div>\n<div>Periactin wird kontraindiziert in:<\/div>\n<div>\u2022 Patienten, die Therapie f\u00fcr einen akuten asthmatischen Angriff erleben;<\/div>\n<div>\u2022 neugeborene oder vorzeitige S\u00e4uglings; der Gebrauch in S\u00e4uglings ist mit apnoea, Zyanose und Atmungsschwierigkeit vereinigt worden<\/div>\n<div>\u2022 Stillen-M\u00fctter;<\/div>\n<div>\u2022 Patienten mit der bekannten Empfindlichkeit zum cyproheptadine Hydrochlorid oder den Rauschgiften mit der \u00e4hnlichen chemischen Struktur;<\/div>\n<div>\u2022 gleichzeitiger Gebrauch mit Monoamin oxidase Hemmstoffe;<\/div>\n<div>\u2022 Glaukom;<\/div>\n<div>\u2022 Patienten mit der pyloroduodenal Obstruktion, stenosing Magengeschw\u00fcr, symptomatische pro-statische Hypertrophie, Empf\u00e4nglichkeit zur Harnretention oder Blase-Hals-Obstruktion;<\/div>\n<div>\u2022 \u00e4ltliche, geschw\u00e4chte Patienten.<\/div>\n<div><\/div>\n<div>M\u00f6gliche Nebenwirkungen<\/div>\n<div>Sie k\u00f6nnen eine allergische Reaktion einschlie\u00dfen:<\/div>\n<div>\u2022 Nesselausschl\u00e4ge;<\/div>\n<div>\u2022 Schwierigkeitsatmen;<\/div>\n<div>\u2022 von Ihrem Gesicht, Lippen, Zunge, oder Gurgel schwellend.<\/div>\n<div><\/div>\n<div>Auch die m\u00f6glichsten Nebenwirkungen schlie\u00dfen ein:<\/div>\n<div>\u2022 Verwirrung, Halluzinationen, ungew\u00f6hnliche Gedanken oder Verhalten;<\/div>\n<div>\u2022 Anfall (Konvulsionen);<\/div>\n<div>\u2022 Das Klingeln in Ihren Ohren;<\/div>\n<div>\u2022 Zu Ihnen aufgelegt zu sein, k\u00f6nnte gehen;<\/div>\n<div>\u2022 Schnell oder Herzschl\u00e4ge h\u00e4mmernd;<\/div>\n<div>\u2022 Das leichte Quetschen oder die Blutung;<\/div>\n<div>\u2022 Weniger als \u00fcblich oder \u00fcberhaupt nicht urinierend; oder<\/div>\n<div>\u2022 Blasse oder yellowed Haut, dunkler Urin, Fieber, oder ungew\u00f6hnliche Schw\u00e4che.<\/div>\n<div>\u2022 Weniger ernst schlie\u00dfen Sie ein:<\/div>\n<div>\u2022 Milde Schl\u00e4frigkeit, Schwindel, oder spinnende Sensation;<\/div>\n<div>\u2022 Zappelei oder Erregbarkeit (besonders in Kindern);<\/div>\n<div>\u2022 Schlaf-Probleme (Schlaflosigkeit), m\u00fcdes Gef\u00fchl;<\/div>\n<div>\u2022 Erstarrung oder prickelndes Gef\u00fchl;<\/div>\n<div>\u2022 Das vergr\u00f6\u00dferte Schwitzen oder Harnen;<\/div>\n<div>\u2022 Tr\u00fcbe Vision;<\/div>\n<div>\u2022 Appetit chnages;<\/div>\n<div>\u2022 Trockener Mund oder Nase, Magenschmerzen; oder<\/div>\n<div>\u2022 Brechreiz, Diarrh\u00f6e, Konstipation.<\/div>\n<div>\u00a0\u00a0\u00a0\u00a0\u00a0\u00a0\u00a0\u00a0Wenn Sie einen von ihnen erfahren, h\u00f6ren auf, Periactin zu verwenden, und erz\u00e4hlen Ihrem Arzt so bald wie m\u00f6glich. Beraten Sie sich auch mit Ihrem Arzt \u00fcber jede Nebenwirkung, die ungew\u00f6hnlich scheint.<\/div>\n<div><\/div>\n<div>Wechselwirkung<\/div>\n<div>\u00a0\u00a0\u00a0\u00a0\u00a0\u00a0\u00a0\u00a0Periactin wirken mit solchem Medikament aufeinander wie: isocarboxazid (Marplan); phenelzine (Nardil); rasagiline (Azilect); selegiline (Eldepryl, Emsam); oder tranylcypromine (Parnate). Bemerken Sie auch, dass die Wechselwirkung zwischen zwei Medikamenten nicht immer bedeutet, dass Sie aufh\u00f6ren m\u00fcssen, einen von ihnen zu nehmen. Wie gew\u00f6hnlich betrifft es die Wirkung von Rauschgiften, beraten Sie sich so mit Ihrem Arzt dar\u00fcber, wie es Wechselwirkungen gef\u00fchrt werden oder gef\u00fchrt werden sollten.<\/div>\n<div><\/div>\n<div>Verpasste Dosis<\/div>\n<div>\u00a0\u00a0\u00a0\u00a0\u00a0\u00a0\u00a0\u00a0Wenn Sie verga\u00dfen, Ihre Dosis rechtzeitig zu nehmen, tun Sie es bitte, sobald Sie sich erinnern. Aber nehmen Sie wenn es ist zu sp\u00e4t oder fast Zeit f\u00fcr Ihre folgende Dosis nicht. Nehmen Sie doppelte oder zus\u00e4tzliche Dosen nicht. Nehmen Sie Ihren gew\u00f6hnlich Dosis am n\u00e4chsten Tag in demselben regelm\u00e4\u00dfig Zeit.<\/div>\n<div><\/div>\n<div>\u00dcberdosierung<\/div>\n<div>\u00a0\u00a0\u00a0\u00a0\u00a0\u00a0\u00a0\u00a0Symptome von der Periacitin \u00dcberdosis k\u00f6nnen einschlie\u00dfen: \u00c4u\u00dferste Schl\u00e4frigkeit, Verwirrung, Halluzinationen, sehr trockener Mund, gro\u00dfe Pupillen, Lattenhaut, Emesis, oder schwach zu werden. Wenn Sie einen von ihnen erfahren, nennen Ihren Arzt sofort.<\/div>\n<div><\/div>\n<div>Lagerung<\/div>\n<div>\u00a0 \u00a0 \u00a0 \u00a0 Lager\u00a0\u00a0bei der Raumtemperatur zwischen 59-77 Graden F (15-25 Grade C) weg von Licht und Feuchtigkeit, Kindern und Haustieren. Verwenden Sie nach dem Ausatmungsbegriff nicht.<\/div>\n<\/div>\n","protected":false},"excerpt":{"rendered":"<div>Handelsname: Periactin<\/div>\n<div>Hauptbestandteil: Cyproheptadin<\/div>\n<div>Produktionsform: Pillen<\/div>\n<div>Anwendung: Behandelt allergische Reaktionen \/ Serotonin<\/div>\n<div>Verf\u00fcgbare Dosierung: 4 mg<\/div>\n","protected":false},"featured_media":5371,"comment_status":"open","ping_status":"closed","template":"","meta":[],"product_cat":[97],"product_tag":[],"class_list":{"0":"post-5370","1":"product","2":"type-product","3":"status-publish","4":"has-post-thumbnail","6":"product_cat-antiasthmatika","8":"first","9":"instock","10":"shipping-taxable","11":"product-type-grouped"},"yoast_head":"<!-- This site is optimized with the Yoast SEO plugin v20.0 - https:\/\/yoast.com\/wordpress\/plugins\/seo\/ -->\n<title>Objednejte Periactin (Cyproheptadin) bez receptu za n\u00edzkou cenu | Eurorxdrugs<\/title>\n<meta name=\"description\" content=\"Kupte Periactin (Cyproheptadin) nyn\u00ed! Origin\u00e1ln\u00ed l\u00e9ky a rychl\u00e9 doru\u010den\u00ed v cen\u011b. 100% diskr\u00e9tn\u00ed a d\u016fv\u011brn\u00fd servis pro v\u0161echny na\u0161e z\u00e1kazn\u00edky na Eurorxdrugs\" \/>\n<meta name=\"robots\" content=\"index, follow, max-snippet:-1, max-image-preview:large, max-video-preview:-1\" \/>\n<link rel=\"canonical\" href=\"https:\/\/eurorxdrugs.cc\/cs\/product\/periactin-cyproheptadin\/\" \/>\n<meta property=\"og:locale\" content=\"cs_CZ\" \/>\n<meta property=\"og:type\" content=\"article\" \/>\n<meta property=\"og:title\" content=\"Objednejte Periactin (Cyproheptadin) bez receptu za n\u00edzkou cenu | Eurorxdrugs\" \/>\n<meta property=\"og:description\" content=\"Kupte Periactin (Cyproheptadin) nyn\u00ed! Origin\u00e1ln\u00ed l\u00e9ky a rychl\u00e9 doru\u010den\u00ed v cen\u011b. 100% diskr\u00e9tn\u00ed a d\u016fv\u011brn\u00fd servis pro v\u0161echny na\u0161e z\u00e1kazn\u00edky na Eurorxdrugs\" \/>\n<meta property=\"og:url\" content=\"https:\/\/eurorxdrugs.cc\/cs\/product\/periactin-cyproheptadin\/\" \/>\n<meta property=\"og:site_name\" content=\"eurorxdrugs\" \/>\n<meta property=\"article:modified_time\" content=\"2024-10-31T19:19:57+00:00\" \/>\n<meta property=\"og:image\" content=\"https:\/\/eurorxdrugs.cc\/cs\/wp-content\/uploads\/2024\/10\/6-min.jpg\" \/>\n\t<meta property=\"og:image:width\" content=\"270\" \/>\n\t<meta property=\"og:image:height\" content=\"300\" \/>\n\t<meta property=\"og:image:type\" content=\"image\/jpeg\" \/>\n<meta name=\"twitter:card\" content=\"summary_large_image\" \/>\n<meta name=\"twitter:label1\" content=\"Odhadovan\u00e1 doba \u010dten\u00ed\" \/>\n\t<meta name=\"twitter:data1\" content=\"4 minuty\" \/>\n<script type=\"application\/ld+json\" class=\"yoast-schema-graph\">{\"@context\":\"https:\/\/schema.org\",\"@graph\":[{\"@type\":\"WebPage\",\"@id\":\"https:\/\/eurorxdrugs.cc\/cs\/product\/periactin-cyproheptadin\/\",\"url\":\"https:\/\/eurorxdrugs.cc\/cs\/product\/periactin-cyproheptadin\/\",\"name\":\"Objednejte Periactin (Cyproheptadin) bez receptu za n\u00edzkou cenu | Eurorxdrugs\",\"isPartOf\":{\"@id\":\"https:\/\/eurorxdrugs.cc\/cs\/#website\"},\"datePublished\":\"2024-10-31T19:16:34+00:00\",\"dateModified\":\"2024-10-31T19:19:57+00:00\",\"description\":\"Kupte Periactin (Cyproheptadin) nyn\u00ed! Origin\u00e1ln\u00ed l\u00e9ky a rychl\u00e9 doru\u010den\u00ed v cen\u011b. 100% diskr\u00e9tn\u00ed a d\u016fv\u011brn\u00fd servis pro v\u0161echny na\u0161e z\u00e1kazn\u00edky na Eurorxdrugs\",\"breadcrumb\":{\"@id\":\"https:\/\/eurorxdrugs.cc\/cs\/product\/periactin-cyproheptadin\/#breadcrumb\"},\"inLanguage\":\"cs\",\"potentialAction\":[{\"@type\":\"ReadAction\",\"target\":[\"https:\/\/eurorxdrugs.cc\/cs\/product\/periactin-cyproheptadin\/\"]}]},{\"@type\":\"BreadcrumbList\",\"@id\":\"https:\/\/eurorxdrugs.cc\/cs\/product\/periactin-cyproheptadin\/#breadcrumb\",\"itemListElement\":[{\"@type\":\"ListItem\",\"position\":1,\"name\":\"Home\",\"item\":\"https:\/\/eurorxdrugs.cc\/cs\/\"},{\"@type\":\"ListItem\",\"position\":2,\"name\":\"Products\",\"item\":\"https:\/\/eurorxdrugs.cc\/cs\/shop\/\"},{\"@type\":\"ListItem\",\"position\":3,\"name\":\"Periactin (Cyproheptadin)\"}]},{\"@type\":\"WebSite\",\"@id\":\"https:\/\/eurorxdrugs.cc\/cs\/#website\",\"url\":\"https:\/\/eurorxdrugs.cc\/cs\/\",\"name\":\"eurorxdrugs\",\"description\":\"\",\"publisher\":{\"@id\":\"https:\/\/eurorxdrugs.cc\/cs\/#organization\"},\"potentialAction\":[{\"@type\":\"SearchAction\",\"target\":{\"@type\":\"EntryPoint\",\"urlTemplate\":\"https:\/\/eurorxdrugs.cc\/cs\/?s={search_term_string}\"},\"query-input\":\"required name=search_term_string\"}],\"inLanguage\":\"cs\"},{\"@type\":\"Organization\",\"@id\":\"https:\/\/eurorxdrugs.cc\/cs\/#organization\",\"name\":\"eurorxdrugs\",\"url\":\"https:\/\/eurorxdrugs.cc\/cs\/\",\"logo\":{\"@type\":\"ImageObject\",\"inLanguage\":\"cs\",\"@id\":\"https:\/\/eurorxdrugs.cc\/cs\/#\/schema\/logo\/image\/\",\"url\":\"https:\/\/eurorxdrugs.cc\/cs\/wp-content\/uploads\/2024\/09\/logo-1-1.png\",\"contentUrl\":\"https:\/\/eurorxdrugs.cc\/cs\/wp-content\/uploads\/2024\/09\/logo-1-1.png\",\"width\":233,\"height\":54,\"caption\":\"eurorxdrugs\"},\"image\":{\"@id\":\"https:\/\/eurorxdrugs.cc\/cs\/#\/schema\/logo\/image\/\"}}]}<\/script>\n<!-- \/ Yoast SEO plugin. -->","yoast_head_json":{"title":"Objednejte Periactin (Cyproheptadin) bez receptu za n\u00edzkou cenu | Eurorxdrugs","description":"Kupte Periactin (Cyproheptadin) nyn\u00ed! Origin\u00e1ln\u00ed l\u00e9ky a rychl\u00e9 doru\u010den\u00ed v cen\u011b. 100% diskr\u00e9tn\u00ed a d\u016fv\u011brn\u00fd servis pro v\u0161echny na\u0161e z\u00e1kazn\u00edky na Eurorxdrugs","robots":{"index":"index","follow":"follow","max-snippet":"max-snippet:-1","max-image-preview":"max-image-preview:large","max-video-preview":"max-video-preview:-1"},"canonical":"https:\/\/eurorxdrugs.cc\/cs\/product\/periactin-cyproheptadin\/","og_locale":"cs_CZ","og_type":"article","og_title":"Objednejte Periactin (Cyproheptadin) bez receptu za n\u00edzkou cenu | Eurorxdrugs","og_description":"Kupte Periactin (Cyproheptadin) nyn\u00ed! Origin\u00e1ln\u00ed l\u00e9ky a rychl\u00e9 doru\u010den\u00ed v cen\u011b. 100% diskr\u00e9tn\u00ed a d\u016fv\u011brn\u00fd servis pro v\u0161echny na\u0161e z\u00e1kazn\u00edky na Eurorxdrugs","og_url":"https:\/\/eurorxdrugs.cc\/cs\/product\/periactin-cyproheptadin\/","og_site_name":"eurorxdrugs","article_modified_time":"2024-10-31T19:19:57+00:00","og_image":[{"width":270,"height":300,"url":"https:\/\/eurorxdrugs.cc\/cs\/wp-content\/uploads\/2024\/10\/6-min.jpg","type":"image\/jpeg"}],"twitter_card":"summary_large_image","twitter_misc":{"Odhadovan\u00e1 doba \u010dten\u00ed":"4 minuty"},"schema":{"@context":"https:\/\/schema.org","@graph":[{"@type":"WebPage","@id":"https:\/\/eurorxdrugs.cc\/cs\/product\/periactin-cyproheptadin\/","url":"https:\/\/eurorxdrugs.cc\/cs\/product\/periactin-cyproheptadin\/","name":"Objednejte Periactin (Cyproheptadin) bez receptu za n\u00edzkou cenu | Eurorxdrugs","isPartOf":{"@id":"https:\/\/eurorxdrugs.cc\/cs\/#website"},"datePublished":"2024-10-31T19:16:34+00:00","dateModified":"2024-10-31T19:19:57+00:00","description":"Kupte Periactin (Cyproheptadin) nyn\u00ed! Origin\u00e1ln\u00ed l\u00e9ky a rychl\u00e9 doru\u010den\u00ed v cen\u011b. 100% diskr\u00e9tn\u00ed a d\u016fv\u011brn\u00fd servis pro v\u0161echny na\u0161e z\u00e1kazn\u00edky na Eurorxdrugs","breadcrumb":{"@id":"https:\/\/eurorxdrugs.cc\/cs\/product\/periactin-cyproheptadin\/#breadcrumb"},"inLanguage":"cs","potentialAction":[{"@type":"ReadAction","target":["https:\/\/eurorxdrugs.cc\/cs\/product\/periactin-cyproheptadin\/"]}]},{"@type":"BreadcrumbList","@id":"https:\/\/eurorxdrugs.cc\/cs\/product\/periactin-cyproheptadin\/#breadcrumb","itemListElement":[{"@type":"ListItem","position":1,"name":"Home","item":"https:\/\/eurorxdrugs.cc\/cs\/"},{"@type":"ListItem","position":2,"name":"Products","item":"https:\/\/eurorxdrugs.cc\/cs\/shop\/"},{"@type":"ListItem","position":3,"name":"Periactin (Cyproheptadin)"}]},{"@type":"WebSite","@id":"https:\/\/eurorxdrugs.cc\/cs\/#website","url":"https:\/\/eurorxdrugs.cc\/cs\/","name":"eurorxdrugs","description":"","publisher":{"@id":"https:\/\/eurorxdrugs.cc\/cs\/#organization"},"potentialAction":[{"@type":"SearchAction","target":{"@type":"EntryPoint","urlTemplate":"https:\/\/eurorxdrugs.cc\/cs\/?s={search_term_string}"},"query-input":"required name=search_term_string"}],"inLanguage":"cs"},{"@type":"Organization","@id":"https:\/\/eurorxdrugs.cc\/cs\/#organization","name":"eurorxdrugs","url":"https:\/\/eurorxdrugs.cc\/cs\/","logo":{"@type":"ImageObject","inLanguage":"cs","@id":"https:\/\/eurorxdrugs.cc\/cs\/#\/schema\/logo\/image\/","url":"https:\/\/eurorxdrugs.cc\/cs\/wp-content\/uploads\/2024\/09\/logo-1-1.png","contentUrl":"https:\/\/eurorxdrugs.cc\/cs\/wp-content\/uploads\/2024\/09\/logo-1-1.png","width":233,"height":54,"caption":"eurorxdrugs"},"image":{"@id":"https:\/\/eurorxdrugs.cc\/cs\/#\/schema\/logo\/image\/"}}]}},"_links":{"self":[{"href":"https:\/\/eurorxdrugs.cc\/cs\/wp-json\/wp\/v2\/product\/5370","targetHints":{"allow":["GET"]}}],"collection":[{"href":"https:\/\/eurorxdrugs.cc\/cs\/wp-json\/wp\/v2\/product"}],"about":[{"href":"https:\/\/eurorxdrugs.cc\/cs\/wp-json\/wp\/v2\/types\/product"}],"replies":[{"embeddable":true,"href":"https:\/\/eurorxdrugs.cc\/cs\/wp-json\/wp\/v2\/comments?post=5370"}],"wp:featuredmedia":[{"embeddable":true,"href":"https:\/\/eurorxdrugs.cc\/cs\/wp-json\/wp\/v2\/media\/5371"}],"wp:attachment":[{"href":"https:\/\/eurorxdrugs.cc\/cs\/wp-json\/wp\/v2\/media?parent=5370"}],"wp:term":[{"taxonomy":"product_cat","embeddable":true,"href":"https:\/\/eurorxdrugs.cc\/cs\/wp-json\/wp\/v2\/product_cat?post=5370"},{"taxonomy":"product_tag","embeddable":true,"href":"https:\/\/eurorxdrugs.cc\/cs\/wp-json\/wp\/v2\/product_tag?post=5370"}],"curies":[{"name":"wp","href":"https:\/\/api.w.org\/{rel}","templated":true}]}}