{"id":5381,"date":"2024-10-31T19:22:35","date_gmt":"2024-10-31T19:22:35","guid":{"rendered":"https:\/\/eurorxdrugs.cc\/cs\/?post_type=product&#038;p=5381"},"modified":"2024-10-31T19:35:25","modified_gmt":"2024-10-31T19:35:25","slug":"norvasc-amlodipin","status":"publish","type":"product","link":"https:\/\/eurorxdrugs.cc\/cs\/product\/norvasc-amlodipin\/","title":{"rendered":"Norvasc (Amlodipin)"},"content":{"rendered":"<div class=\"pro-description_name\">Beschreibung<\/div>\n<div class=\"pro-description_content\">\n<div><b>Allgemeine Anwendung<\/b><\/div>\n<div>\u00a0 \u00a0 \u00a0 \u00a0 Dieses Medikament geh\u00f6rt zur Gruppe der Kalziumantagonisten. Norvasc blockiert selektiv L-Typ Kan\u00e4le (eine der sechs Arten von Kan\u00e4len in Geweben) die sich in einer Gef\u00e4\u00dfwand, Myocard und insbesondere in den Zellen der Durchf\u00fchrungs- und kontraktilen Systemen des Herzmuskels befinden. Norvasc blockiert \u00dcbertragung von ca + Ions durch die Membrane und verringert Gef\u00e4\u00dfetonus und arteriellen Druck.<\/div>\n<div>Das Medikament wird zur Behandlung von Bluthochdruck, isch\u00e4mische Herzkrankheit, Angina verwendet.<\/div>\n<div><\/div>\n<div><b>Dosierung und Anleitung<\/b><\/div>\n<div>\u00a0\u00a0\u00a0\u00a0Nehmen Sie dieses Medikament nicht, wenn es Ihnen nicht vorgeschrieben wurde. Befolgen Sie alle Anweisungen von Ihrem Arzt. Es ist m\u00f6glich, Norvasc mit oder ohne Nahrung zu nehmen. Da es in der Leber metabolisiert wird, sollen Patienten mit Leberversagen vorsichtig verwenden.<\/div>\n<div><\/div>\n<div><b>Vorsichtsma\u00dfnahmen<\/b><\/div>\n<div>\u00a0\u00a0\u00a0\u00a0\u00a0\u00a0\u00a0\u00a0Vermeiden Sie Alkohol. Bevor Sie Norvasc nehmen, informieren Sie Ihren Arzt, wenn Sie Herzinsuffizienz oder Lebererkrankung haben.<\/div>\n<div><\/div>\n<div><b>Kontraindikationen<\/b><\/div>\n<div>\u00a0\u00a0\u00a0\u00a0\u00a0\u00a0\u00a0\u00a0Individuale \u00dcberempfindlichkeit, arterielle Hypotonie, kardiogener Schock, Schwangerschaft, Stillen. Vorsicht ist n\u00f6tig, wenn Norvasc bei Patienten mit chronischer Herzinsuffizienz, Diabetes, Lipid-Stoffwechsel-Erkrankungen, Leberversagen und Personen j\u00fcnger 18 Jahre verabreicht wird.<\/div>\n<div><\/div>\n<div><b>Nebenwirkungen von Norvasc k\u00f6nnten sein:<\/b><\/div>\n<div>\u2022 Gelbsucht;<\/div>\n<div>\u2022 leichte Quetschungen oder Blutungen;<\/div>\n<div>\u2022 geschwollene H\u00e4nde, Kn\u00f6chel oder F\u00fc\u00dfe;<\/div>\n<div>\u2022 Brustschmerz;<\/div>\n<div>\u2022 Tachykardie;<\/div>\n<div>\u2022 \u00d6dem der unteren Extremit\u00e4ten;<\/div>\n<div>\u2022 Schw\u00e4che, Taubheit, Brennen oder regelm\u00e4\u00dfige Schmerzen, manchmal prickelndes Gef\u00fchl im K\u00f6rper;<\/div>\n<div>\u2022 Kopfschmerzen.<\/div>\n<div>\u2022 Bevor Einnehmen diesem Pr\u00e4parat, informieren Sie Ihrem Arzt, in Fall wenn sie:<\/div>\n<div>\u2022 sind unter 18 Jahre alt;<\/div>\n<div>\u2022 schwanger sind oder stillen;<\/div>\n<div>\u2022 leiden an oder leiden fruher unter chronischer Herzinsuffizienz, kardiogenem Schock, arterieller Hypotonie, Diabetes, Fettstoffwechselst\u00f6rungen, Leberversagen;<\/div>\n<div>\u2022 allergisch oder \u00fcberempfindlich gegen Amlodipin sind;<\/div>\n<div>\u2022 andere NSAR, \u00d6strogene, Diuretika oder Medikamente einnehmen, die \u00c12 + oder Lithium enthalten.<\/div>\n<div>\u00a0\u00a0\u00a0\u00a0\u00a0\u00a0\u00a0\u00a0Diese Faktoren kann das Warscheinlichkeit das Risiko von Nebenwirkungen Vorkommen. Vermeiden Sie auch alkoholische Getr\u00e4nke w\u00e4hrend der Behandlung mit Norvasc.<\/div>\n<div>\u00a0\u00a0\u00a0\u00a0\u00a0\u00a0\u00a0\u00a0Die die Zeichen einer \u00dcberdosierung von Norvasc sind: schwerer Schwindel, Ohnmacht oder Kribbeln im K\u00f6rper. Wenn die M\u00f6glichkeit besteht, dass Sie eine zus\u00e4tzliche oder doppelte Dosis eingenommen haben, suchen Sie sofort einen Arzt auf.<\/div>\n<div><\/div>\n<div><b>Wechselwirkungen<\/b><\/div>\n<div>\u00a0\u00a0\u00a0\u00a0\u00a0\u00a0\u00a0\u00a0Medikamente, die \u00c12 + enthalten, k\u00f6nnen Norvasc Wirkung vermindern. Nichtsteroide antientz\u00fcndliche Medikamente und Oestrogen kann Wirksamkeit von Norvasc vermindern. Diuretika k\u00f6nnen Norvasc T\u00e4tigkeit vergr\u00f6\u00dfern. Die begleitende Einnahme mit Medikamenten, die Lithium enthalten, k\u00f6nnte ihre Giftigkeit erschweren.<\/div>\n<div><\/div>\n<div><b>Verpasste Dosierung<\/b><\/div>\n<div>\u00a0\u00a0\u00a0\u00a0\u00a0\u00a0\u00a0\u00a0Wenn Sie eine Dosis zu nehmen vergessen haben, nehmen es sobald Sie sich daran erinnern , Aber nicht wenn es schon Zeit fur folgende Aufnahme ist. Wenn es so ist nehmen Sie es nicht an und setzen Ihre regelm\u00e4\u00dfige Liste fort. Ersetzen Sie die verpasste Dosis nicht, einen zus\u00e4tzlichen nehmend.<\/div>\n<div><\/div>\n<div><b>\u00dcberdosierung<\/b><\/div>\n<div>\u00a0\u00a0\u00a0\u00a0\u00a0\u00a0\u00a0\u00a0Wenn Sie prickelndes, kribbeln Gef\u00fchl haben , strengen Schwindel haben, und sich schlech f\u00fchlen, verwenden Sie f\u00fcr die unmittelbare medizinische Hilfe<\/div>\n<\/div>\n","protected":false},"excerpt":{"rendered":"<div><b>Handelsname:<\/b> Norvasc<\/div>\n<div><b>Hauptbestandteil:<\/b> Amlodipin<\/div>\n<div><b>Produktionsform:<\/b> Pillen<\/div>\n<div><b>Anwendung: <\/b>Behandelt Bluthochdruck \/ Angina pectoris<\/div>\n<div><b>Verf\u00fcgbare Dosierung:<\/b>\u00a02.5mg, 5mg, 10mg, 20mg<\/div>\n","protected":false},"featured_media":5382,"comment_status":"open","ping_status":"closed","template":"","meta":[],"product_cat":[27],"product_tag":[],"class_list":{"0":"post-5381","1":"product","2":"type-product","3":"status-publish","4":"has-post-thumbnail","6":"product_cat-blood-pressure","8":"first","9":"instock","10":"shipping-taxable","11":"product-type-grouped"},"yoast_head":"<!-- This site is optimized with the Yoast SEO plugin v20.0 - https:\/\/yoast.com\/wordpress\/plugins\/seo\/ -->\n<title>Objednejte Norvasc (Amlodipin) bez receptu za n\u00edzkou cenu | Eurorxdrugs<\/title>\n<meta name=\"description\" content=\"Kupte Norvasc (Amlodipin) nyn\u00ed! Origin\u00e1ln\u00ed l\u00e9ky a rychl\u00e9 doru\u010den\u00ed v cen\u011b. 100% diskr\u00e9tn\u00ed a d\u016fv\u011brn\u00fd servis pro v\u0161echny na\u0161e z\u00e1kazn\u00edky na Eurorxdrugs\" \/>\n<meta name=\"robots\" content=\"index, follow, max-snippet:-1, max-image-preview:large, max-video-preview:-1\" \/>\n<link rel=\"canonical\" href=\"https:\/\/eurorxdrugs.cc\/cs\/product\/norvasc-amlodipin\/\" \/>\n<meta property=\"og:locale\" content=\"cs_CZ\" \/>\n<meta property=\"og:type\" content=\"article\" \/>\n<meta property=\"og:title\" content=\"Objednejte Norvasc (Amlodipin) bez receptu za n\u00edzkou cenu | Eurorxdrugs\" \/>\n<meta property=\"og:description\" content=\"Kupte Norvasc (Amlodipin) nyn\u00ed! Origin\u00e1ln\u00ed l\u00e9ky a rychl\u00e9 doru\u010den\u00ed v cen\u011b. 100% diskr\u00e9tn\u00ed a d\u016fv\u011brn\u00fd servis pro v\u0161echny na\u0161e z\u00e1kazn\u00edky na Eurorxdrugs\" \/>\n<meta property=\"og:url\" content=\"https:\/\/eurorxdrugs.cc\/cs\/product\/norvasc-amlodipin\/\" \/>\n<meta property=\"og:site_name\" content=\"eurorxdrugs\" \/>\n<meta property=\"article:modified_time\" content=\"2024-10-31T19:35:25+00:00\" \/>\n<meta property=\"og:image\" content=\"https:\/\/eurorxdrugs.cc\/cs\/wp-content\/uploads\/2024\/10\/40-min.jpg\" \/>\n\t<meta property=\"og:image:width\" content=\"270\" \/>\n\t<meta property=\"og:image:height\" content=\"300\" \/>\n\t<meta property=\"og:image:type\" content=\"image\/jpeg\" \/>\n<meta name=\"twitter:card\" content=\"summary_large_image\" \/>\n<meta name=\"twitter:label1\" content=\"Odhadovan\u00e1 doba \u010dten\u00ed\" \/>\n\t<meta name=\"twitter:data1\" content=\"3 minuty\" \/>\n<script type=\"application\/ld+json\" class=\"yoast-schema-graph\">{\"@context\":\"https:\/\/schema.org\",\"@graph\":[{\"@type\":\"WebPage\",\"@id\":\"https:\/\/eurorxdrugs.cc\/cs\/product\/norvasc-amlodipin\/\",\"url\":\"https:\/\/eurorxdrugs.cc\/cs\/product\/norvasc-amlodipin\/\",\"name\":\"Objednejte Norvasc (Amlodipin) bez receptu za n\u00edzkou cenu | Eurorxdrugs\",\"isPartOf\":{\"@id\":\"https:\/\/eurorxdrugs.cc\/cs\/#website\"},\"datePublished\":\"2024-10-31T19:22:35+00:00\",\"dateModified\":\"2024-10-31T19:35:25+00:00\",\"description\":\"Kupte Norvasc (Amlodipin) nyn\u00ed! Origin\u00e1ln\u00ed l\u00e9ky a rychl\u00e9 doru\u010den\u00ed v cen\u011b. 100% diskr\u00e9tn\u00ed a d\u016fv\u011brn\u00fd servis pro v\u0161echny na\u0161e z\u00e1kazn\u00edky na Eurorxdrugs\",\"breadcrumb\":{\"@id\":\"https:\/\/eurorxdrugs.cc\/cs\/product\/norvasc-amlodipin\/#breadcrumb\"},\"inLanguage\":\"cs\",\"potentialAction\":[{\"@type\":\"ReadAction\",\"target\":[\"https:\/\/eurorxdrugs.cc\/cs\/product\/norvasc-amlodipin\/\"]}]},{\"@type\":\"BreadcrumbList\",\"@id\":\"https:\/\/eurorxdrugs.cc\/cs\/product\/norvasc-amlodipin\/#breadcrumb\",\"itemListElement\":[{\"@type\":\"ListItem\",\"position\":1,\"name\":\"Home\",\"item\":\"https:\/\/eurorxdrugs.cc\/cs\/\"},{\"@type\":\"ListItem\",\"position\":2,\"name\":\"Products\",\"item\":\"https:\/\/eurorxdrugs.cc\/cs\/shop\/\"},{\"@type\":\"ListItem\",\"position\":3,\"name\":\"Norvasc (Amlodipin)\"}]},{\"@type\":\"WebSite\",\"@id\":\"https:\/\/eurorxdrugs.cc\/cs\/#website\",\"url\":\"https:\/\/eurorxdrugs.cc\/cs\/\",\"name\":\"eurorxdrugs\",\"description\":\"\",\"publisher\":{\"@id\":\"https:\/\/eurorxdrugs.cc\/cs\/#organization\"},\"potentialAction\":[{\"@type\":\"SearchAction\",\"target\":{\"@type\":\"EntryPoint\",\"urlTemplate\":\"https:\/\/eurorxdrugs.cc\/cs\/?s={search_term_string}\"},\"query-input\":\"required name=search_term_string\"}],\"inLanguage\":\"cs\"},{\"@type\":\"Organization\",\"@id\":\"https:\/\/eurorxdrugs.cc\/cs\/#organization\",\"name\":\"eurorxdrugs\",\"url\":\"https:\/\/eurorxdrugs.cc\/cs\/\",\"logo\":{\"@type\":\"ImageObject\",\"inLanguage\":\"cs\",\"@id\":\"https:\/\/eurorxdrugs.cc\/cs\/#\/schema\/logo\/image\/\",\"url\":\"https:\/\/eurorxdrugs.cc\/cs\/wp-content\/uploads\/2024\/09\/logo-1-1.png\",\"contentUrl\":\"https:\/\/eurorxdrugs.cc\/cs\/wp-content\/uploads\/2024\/09\/logo-1-1.png\",\"width\":233,\"height\":54,\"caption\":\"eurorxdrugs\"},\"image\":{\"@id\":\"https:\/\/eurorxdrugs.cc\/cs\/#\/schema\/logo\/image\/\"}}]}<\/script>\n<!-- \/ Yoast SEO plugin. -->","yoast_head_json":{"title":"Objednejte Norvasc (Amlodipin) bez receptu za n\u00edzkou cenu | Eurorxdrugs","description":"Kupte Norvasc (Amlodipin) nyn\u00ed! Origin\u00e1ln\u00ed l\u00e9ky a rychl\u00e9 doru\u010den\u00ed v cen\u011b. 100% diskr\u00e9tn\u00ed a d\u016fv\u011brn\u00fd servis pro v\u0161echny na\u0161e z\u00e1kazn\u00edky na Eurorxdrugs","robots":{"index":"index","follow":"follow","max-snippet":"max-snippet:-1","max-image-preview":"max-image-preview:large","max-video-preview":"max-video-preview:-1"},"canonical":"https:\/\/eurorxdrugs.cc\/cs\/product\/norvasc-amlodipin\/","og_locale":"cs_CZ","og_type":"article","og_title":"Objednejte Norvasc (Amlodipin) bez receptu za n\u00edzkou cenu | Eurorxdrugs","og_description":"Kupte Norvasc (Amlodipin) nyn\u00ed! Origin\u00e1ln\u00ed l\u00e9ky a rychl\u00e9 doru\u010den\u00ed v cen\u011b. 100% diskr\u00e9tn\u00ed a d\u016fv\u011brn\u00fd servis pro v\u0161echny na\u0161e z\u00e1kazn\u00edky na Eurorxdrugs","og_url":"https:\/\/eurorxdrugs.cc\/cs\/product\/norvasc-amlodipin\/","og_site_name":"eurorxdrugs","article_modified_time":"2024-10-31T19:35:25+00:00","og_image":[{"width":270,"height":300,"url":"https:\/\/eurorxdrugs.cc\/cs\/wp-content\/uploads\/2024\/10\/40-min.jpg","type":"image\/jpeg"}],"twitter_card":"summary_large_image","twitter_misc":{"Odhadovan\u00e1 doba \u010dten\u00ed":"3 minuty"},"schema":{"@context":"https:\/\/schema.org","@graph":[{"@type":"WebPage","@id":"https:\/\/eurorxdrugs.cc\/cs\/product\/norvasc-amlodipin\/","url":"https:\/\/eurorxdrugs.cc\/cs\/product\/norvasc-amlodipin\/","name":"Objednejte Norvasc (Amlodipin) bez receptu za n\u00edzkou cenu | Eurorxdrugs","isPartOf":{"@id":"https:\/\/eurorxdrugs.cc\/cs\/#website"},"datePublished":"2024-10-31T19:22:35+00:00","dateModified":"2024-10-31T19:35:25+00:00","description":"Kupte Norvasc (Amlodipin) nyn\u00ed! Origin\u00e1ln\u00ed l\u00e9ky a rychl\u00e9 doru\u010den\u00ed v cen\u011b. 100% diskr\u00e9tn\u00ed a d\u016fv\u011brn\u00fd servis pro v\u0161echny na\u0161e z\u00e1kazn\u00edky na Eurorxdrugs","breadcrumb":{"@id":"https:\/\/eurorxdrugs.cc\/cs\/product\/norvasc-amlodipin\/#breadcrumb"},"inLanguage":"cs","potentialAction":[{"@type":"ReadAction","target":["https:\/\/eurorxdrugs.cc\/cs\/product\/norvasc-amlodipin\/"]}]},{"@type":"BreadcrumbList","@id":"https:\/\/eurorxdrugs.cc\/cs\/product\/norvasc-amlodipin\/#breadcrumb","itemListElement":[{"@type":"ListItem","position":1,"name":"Home","item":"https:\/\/eurorxdrugs.cc\/cs\/"},{"@type":"ListItem","position":2,"name":"Products","item":"https:\/\/eurorxdrugs.cc\/cs\/shop\/"},{"@type":"ListItem","position":3,"name":"Norvasc (Amlodipin)"}]},{"@type":"WebSite","@id":"https:\/\/eurorxdrugs.cc\/cs\/#website","url":"https:\/\/eurorxdrugs.cc\/cs\/","name":"eurorxdrugs","description":"","publisher":{"@id":"https:\/\/eurorxdrugs.cc\/cs\/#organization"},"potentialAction":[{"@type":"SearchAction","target":{"@type":"EntryPoint","urlTemplate":"https:\/\/eurorxdrugs.cc\/cs\/?s={search_term_string}"},"query-input":"required name=search_term_string"}],"inLanguage":"cs"},{"@type":"Organization","@id":"https:\/\/eurorxdrugs.cc\/cs\/#organization","name":"eurorxdrugs","url":"https:\/\/eurorxdrugs.cc\/cs\/","logo":{"@type":"ImageObject","inLanguage":"cs","@id":"https:\/\/eurorxdrugs.cc\/cs\/#\/schema\/logo\/image\/","url":"https:\/\/eurorxdrugs.cc\/cs\/wp-content\/uploads\/2024\/09\/logo-1-1.png","contentUrl":"https:\/\/eurorxdrugs.cc\/cs\/wp-content\/uploads\/2024\/09\/logo-1-1.png","width":233,"height":54,"caption":"eurorxdrugs"},"image":{"@id":"https:\/\/eurorxdrugs.cc\/cs\/#\/schema\/logo\/image\/"}}]}},"_links":{"self":[{"href":"https:\/\/eurorxdrugs.cc\/cs\/wp-json\/wp\/v2\/product\/5381","targetHints":{"allow":["GET"]}}],"collection":[{"href":"https:\/\/eurorxdrugs.cc\/cs\/wp-json\/wp\/v2\/product"}],"about":[{"href":"https:\/\/eurorxdrugs.cc\/cs\/wp-json\/wp\/v2\/types\/product"}],"replies":[{"embeddable":true,"href":"https:\/\/eurorxdrugs.cc\/cs\/wp-json\/wp\/v2\/comments?post=5381"}],"wp:featuredmedia":[{"embeddable":true,"href":"https:\/\/eurorxdrugs.cc\/cs\/wp-json\/wp\/v2\/media\/5382"}],"wp:attachment":[{"href":"https:\/\/eurorxdrugs.cc\/cs\/wp-json\/wp\/v2\/media?parent=5381"}],"wp:term":[{"taxonomy":"product_cat","embeddable":true,"href":"https:\/\/eurorxdrugs.cc\/cs\/wp-json\/wp\/v2\/product_cat?post=5381"},{"taxonomy":"product_tag","embeddable":true,"href":"https:\/\/eurorxdrugs.cc\/cs\/wp-json\/wp\/v2\/product_tag?post=5381"}],"curies":[{"name":"wp","href":"https:\/\/api.w.org\/{rel}","templated":true}]}}