{"id":5420,"date":"2024-10-31T19:40:25","date_gmt":"2024-10-31T19:40:25","guid":{"rendered":"https:\/\/eurorxdrugs.cc\/cs\/?post_type=product&#038;p=5420"},"modified":"2024-10-31T19:43:50","modified_gmt":"2024-10-31T19:43:50","slug":"minipress-prazosin","status":"publish","type":"product","link":"https:\/\/eurorxdrugs.cc\/cs\/product\/minipress-prazosin\/","title":{"rendered":"Minipress (Prazosin)"},"content":{"rendered":"<div class=\"pro-description_name\">Beschreibung<\/div>\n<div class=\"pro-description_content\">\n<div><b>Allgemeine Anwendung<\/b><\/div>\n<div>\u00a0\u00a0\u00a0\u00a0\u00a0\u00a0\u00a0\u00a0Minipress wird in der Behandlung der Hypertonie entweder allein oder in der Kombination mit anderen antihypertensive Rauschgiften (Diuretika oder Blockieren-Agens des Betas-adrenergic) und auch der gutartigen pro-statischen Hyperplasie (BPH) verwendet. Es enth\u00e4lt prazosin Hydrochlorid.<\/div>\n<div><b>\u00a0<\/b><\/div>\n<div><b>Dosierung und Anwendungsgebiet<\/b><\/div>\n<div>\u00a0\u00a0\u00a0\u00a0\u00a0\u00a0\u00a0\u00a0Nehmen Sie genau wie vorgeschrieben, durch Ihren Arzt. Verpassen Sie Dosen nicht, weil unregelm\u00e4\u00dfige Einnahme die Gefahr des hohen Blutdrucks vergr\u00f6\u00dfert. H\u00f6ren Sie nicht auf, dieses Medikament ohne Erlaubnis Ihres Arztes zu nehmen, selbst wenn sich Ihre Symptome verbesserten. Die \u00fcbliche empfohlene Dosis der Minipresse ist 1 Mg zwei- oder dreimal pro Tag. Es vergr\u00f6\u00dferte vielleicht allm\u00e4hlich bis zu 20 Mg t\u00e4gliche in geteilten Dosen gegebene Dosis.<\/div>\n<div><\/div>\n<div><b>Vorsichtsma\u00dfnahmen<\/b><\/div>\n<div>\u00a0\u00a0\u00a0\u00a0\u00a0\u00a0\u00a0\u00a0Informieren Sie Ihren Arzt, wenn Sie zurzeit schwanger sind oder Stillen. Minipresse sondert mit Brustmilch ab und f\u00fcr Ihr Baby sch\u00e4dlich sein. Niedriger Blutdruck ist m\u00f6glich, selbst wenn die ersten Dosen des Medikaments genommen werden. Sie k\u00f6nnen sich matt, schwindlig, oder leichtsinnig besonders f\u00fchlen, wenn Sie von einer l\u00fcgnerischen Position aufstehen. Vermeiden Sie zu fahren oder irgendwelche gef\u00e4hrlichen Aufgaben, wenn Sie gerade den Kurs der Behandlung anfingen oder \u00e4ndern Sie die Dosis. Sie k\u00f6nnen schwindlig, schwach, oder leichtsinnig im hei\u00dfen Wetter werden, indem Sie trainieren, oder indem Sie f\u00fcr lange Zeit eintreten.<\/div>\n<div><\/div>\n<div><b>Kontraindikationen<\/b><\/div>\n<div>\u00a0\u00a0\u00a0\u00a0\u00a0\u00a0\u00a0\u00a0Minipress kann nicht in Patienten mit der \u00dcberempfindlichkeit zu seinen Bestandteilen, quinazolines, prazosin, oder anderer \u00e4hnlicher Medizin wie doxazosin und terazosin verwendet werden.<\/div>\n<div><\/div>\n<div><b>M\u00f6gliche Nebenwirkungen<\/b><\/div>\n<div>Suchen Sie unmittelbare medizinische Aufmerksamkeit, wenn Sie:<\/div>\n<div>\u2022 Schwindel;<\/div>\n<div>\u2022 Schl\u00e4frigkeit;<\/div>\n<div>\u2022 Kopfschmerz;<\/div>\n<div>\u2022 Brechreiz;<\/div>\n<div>\u2022 Herzklopfen (das Stampfen des Herzschlags) erfahren;<\/div>\n<div>\u2022 von der Energie, Schw\u00e4che fehlen.<\/div>\n<div><\/div>\n<div><b>Wechselwirkung<\/b><\/div>\n<div>\u00a0\u00a0\u00a0\u00a0\u00a0\u00a0\u00a0\u00a0Wenn Minipress co-administered mit Diuretika oder anderem antihypertensive Agens ist, sollte die Dosis vom ersteren vermindert werden. Der begleitende Gebrauch mit dem PDE-5 Hemmstoff f\u00fchrt zu zus\u00e4tzlichen Blutdruck-Senken-Effekten. Vereinbaren Sie mit Ihrem Arzt vorher, um Minipress zu nehmen, wie viel es f\u00fcr Sie sicher ist, es zusammen mit dem Beta blockers (propranolol), Dextroamphetamine, Diuretika (hydrochlorothiazide), Ibuprofen, andere Medikamente des hohen Blutdrucks, Verapamil zu nehmen. Alkohol-Effekten werden durch die Minipress verst\u00e4rkt.<\/div>\n<div><\/div>\n<div><b>Verpasste Dosis<\/b><\/div>\n<div>\u00a0\u00a0\u00a0\u00a0\u00a0\u00a0\u00a0\u00a0Nehmen Sie nie eine doppelte Dosis dieses Medikaments. Wenn es fast Zeit der folgenden Dosis ist, gerade lassen den verpassten Teil aus und setzen fort, die Medizin gem\u00e4\u00df der Liste zu nehmen.<\/div>\n<div><\/div>\n<div><b>\u00dcberdosierung<\/b><\/div>\n<div>\u00a0\u00a0\u00a0\u00a0\u00a0\u00a0\u00a0\u00a0Wenn Sie tiefe Schl\u00e4frigkeit, niedergedr\u00fcckte Reflexe f\u00fchlen, und niedriger Blutdruck und Verd\u00e4chtiger, der \u00fcberdosiert, unmittelbare medizinische Aufmerksamkeit suchen.<\/div>\n<div><\/div>\n<div><b>Lagerung<\/b><\/div>\n<div>\u00a0\u00a0\u00a0\u00a0\u00a0\u00a0\u00a0\u00a0Bl\u00f6cke der Minipresse sollten bei der Raumtemperatur zwischen 15-30 C (59-86 F) gelagert werden.<\/div>\n<\/div>\n","protected":false},"excerpt":{"rendered":"<div><b>Handelsname:<\/b> Minipress<\/div>\n<div><b>Wirkstoff: <\/b>Prazosin<\/div>\n<div><b>Produktionsform:<\/b> Pillen<\/div>\n<div><b>Anwendungsgebiet: <\/b>Wird zur Behandlung von Bluthochdruck allein oder zusammen mit Diuretika oder Beta-adrenergen Blocker-Medikamenten angewendet<\/div>\n<div><b>Verf\u00fcgbare Dosierungen:<\/b> 2mg<\/div>\n","protected":false},"featured_media":5421,"comment_status":"open","ping_status":"closed","template":"","meta":[],"product_cat":[27],"product_tag":[],"class_list":{"0":"post-5420","1":"product","2":"type-product","3":"status-publish","4":"has-post-thumbnail","6":"product_cat-blood-pressure","8":"first","9":"instock","10":"shipping-taxable","11":"product-type-grouped"},"yoast_head":"<!-- This site is optimized with the Yoast SEO plugin v20.0 - https:\/\/yoast.com\/wordpress\/plugins\/seo\/ -->\n<title>Objednejte Minipress (Prazosin) bez receptu za n\u00edzkou cenu | Eurorxdrugs<\/title>\n<meta name=\"description\" content=\"Kupte Minipress (Prazosin) nyn\u00ed! Origin\u00e1ln\u00ed l\u00e9ky a rychl\u00e9 doru\u010den\u00ed v cen\u011b. 100% diskr\u00e9tn\u00ed a d\u016fv\u011brn\u00fd servis pro v\u0161echny na\u0161e z\u00e1kazn\u00edky na Eurorxdrugs\" \/>\n<meta name=\"robots\" content=\"index, follow, max-snippet:-1, max-image-preview:large, max-video-preview:-1\" \/>\n<link rel=\"canonical\" href=\"https:\/\/eurorxdrugs.cc\/cs\/product\/minipress-prazosin\/\" \/>\n<meta property=\"og:locale\" content=\"cs_CZ\" \/>\n<meta property=\"og:type\" content=\"article\" \/>\n<meta property=\"og:title\" content=\"Objednejte Minipress (Prazosin) bez receptu za n\u00edzkou cenu | Eurorxdrugs\" \/>\n<meta property=\"og:description\" content=\"Kupte Minipress (Prazosin) nyn\u00ed! Origin\u00e1ln\u00ed l\u00e9ky a rychl\u00e9 doru\u010den\u00ed v cen\u011b. 100% diskr\u00e9tn\u00ed a d\u016fv\u011brn\u00fd servis pro v\u0161echny na\u0161e z\u00e1kazn\u00edky na Eurorxdrugs\" \/>\n<meta property=\"og:url\" content=\"https:\/\/eurorxdrugs.cc\/cs\/product\/minipress-prazosin\/\" \/>\n<meta property=\"og:site_name\" content=\"eurorxdrugs\" \/>\n<meta property=\"article:modified_time\" content=\"2024-10-31T19:43:50+00:00\" \/>\n<meta property=\"og:image\" content=\"https:\/\/eurorxdrugs.cc\/cs\/wp-content\/uploads\/2024\/10\/249-min.jpg\" \/>\n\t<meta property=\"og:image:width\" content=\"270\" \/>\n\t<meta property=\"og:image:height\" content=\"300\" \/>\n\t<meta property=\"og:image:type\" content=\"image\/jpeg\" \/>\n<meta name=\"twitter:card\" content=\"summary_large_image\" \/>\n<meta name=\"twitter:label1\" content=\"Odhadovan\u00e1 doba \u010dten\u00ed\" \/>\n\t<meta name=\"twitter:data1\" content=\"2 minuty\" \/>\n<script type=\"application\/ld+json\" class=\"yoast-schema-graph\">{\"@context\":\"https:\/\/schema.org\",\"@graph\":[{\"@type\":\"WebPage\",\"@id\":\"https:\/\/eurorxdrugs.cc\/cs\/product\/minipress-prazosin\/\",\"url\":\"https:\/\/eurorxdrugs.cc\/cs\/product\/minipress-prazosin\/\",\"name\":\"Objednejte Minipress (Prazosin) bez receptu za n\u00edzkou cenu | Eurorxdrugs\",\"isPartOf\":{\"@id\":\"https:\/\/eurorxdrugs.cc\/cs\/#website\"},\"datePublished\":\"2024-10-31T19:40:25+00:00\",\"dateModified\":\"2024-10-31T19:43:50+00:00\",\"description\":\"Kupte Minipress (Prazosin) nyn\u00ed! Origin\u00e1ln\u00ed l\u00e9ky a rychl\u00e9 doru\u010den\u00ed v cen\u011b. 100% diskr\u00e9tn\u00ed a d\u016fv\u011brn\u00fd servis pro v\u0161echny na\u0161e z\u00e1kazn\u00edky na Eurorxdrugs\",\"breadcrumb\":{\"@id\":\"https:\/\/eurorxdrugs.cc\/cs\/product\/minipress-prazosin\/#breadcrumb\"},\"inLanguage\":\"cs\",\"potentialAction\":[{\"@type\":\"ReadAction\",\"target\":[\"https:\/\/eurorxdrugs.cc\/cs\/product\/minipress-prazosin\/\"]}]},{\"@type\":\"BreadcrumbList\",\"@id\":\"https:\/\/eurorxdrugs.cc\/cs\/product\/minipress-prazosin\/#breadcrumb\",\"itemListElement\":[{\"@type\":\"ListItem\",\"position\":1,\"name\":\"Home\",\"item\":\"https:\/\/eurorxdrugs.cc\/cs\/\"},{\"@type\":\"ListItem\",\"position\":2,\"name\":\"Products\",\"item\":\"https:\/\/eurorxdrugs.cc\/cs\/shop\/\"},{\"@type\":\"ListItem\",\"position\":3,\"name\":\"Minipress (Prazosin)\"}]},{\"@type\":\"WebSite\",\"@id\":\"https:\/\/eurorxdrugs.cc\/cs\/#website\",\"url\":\"https:\/\/eurorxdrugs.cc\/cs\/\",\"name\":\"eurorxdrugs\",\"description\":\"\",\"publisher\":{\"@id\":\"https:\/\/eurorxdrugs.cc\/cs\/#organization\"},\"potentialAction\":[{\"@type\":\"SearchAction\",\"target\":{\"@type\":\"EntryPoint\",\"urlTemplate\":\"https:\/\/eurorxdrugs.cc\/cs\/?s={search_term_string}\"},\"query-input\":\"required name=search_term_string\"}],\"inLanguage\":\"cs\"},{\"@type\":\"Organization\",\"@id\":\"https:\/\/eurorxdrugs.cc\/cs\/#organization\",\"name\":\"eurorxdrugs\",\"url\":\"https:\/\/eurorxdrugs.cc\/cs\/\",\"logo\":{\"@type\":\"ImageObject\",\"inLanguage\":\"cs\",\"@id\":\"https:\/\/eurorxdrugs.cc\/cs\/#\/schema\/logo\/image\/\",\"url\":\"https:\/\/eurorxdrugs.cc\/cs\/wp-content\/uploads\/2024\/09\/logo-1-1.png\",\"contentUrl\":\"https:\/\/eurorxdrugs.cc\/cs\/wp-content\/uploads\/2024\/09\/logo-1-1.png\",\"width\":233,\"height\":54,\"caption\":\"eurorxdrugs\"},\"image\":{\"@id\":\"https:\/\/eurorxdrugs.cc\/cs\/#\/schema\/logo\/image\/\"}}]}<\/script>\n<!-- \/ Yoast SEO plugin. -->","yoast_head_json":{"title":"Objednejte Minipress (Prazosin) bez receptu za n\u00edzkou cenu | Eurorxdrugs","description":"Kupte Minipress (Prazosin) nyn\u00ed! Origin\u00e1ln\u00ed l\u00e9ky a rychl\u00e9 doru\u010den\u00ed v cen\u011b. 100% diskr\u00e9tn\u00ed a d\u016fv\u011brn\u00fd servis pro v\u0161echny na\u0161e z\u00e1kazn\u00edky na Eurorxdrugs","robots":{"index":"index","follow":"follow","max-snippet":"max-snippet:-1","max-image-preview":"max-image-preview:large","max-video-preview":"max-video-preview:-1"},"canonical":"https:\/\/eurorxdrugs.cc\/cs\/product\/minipress-prazosin\/","og_locale":"cs_CZ","og_type":"article","og_title":"Objednejte Minipress (Prazosin) bez receptu za n\u00edzkou cenu | Eurorxdrugs","og_description":"Kupte Minipress (Prazosin) nyn\u00ed! Origin\u00e1ln\u00ed l\u00e9ky a rychl\u00e9 doru\u010den\u00ed v cen\u011b. 100% diskr\u00e9tn\u00ed a d\u016fv\u011brn\u00fd servis pro v\u0161echny na\u0161e z\u00e1kazn\u00edky na Eurorxdrugs","og_url":"https:\/\/eurorxdrugs.cc\/cs\/product\/minipress-prazosin\/","og_site_name":"eurorxdrugs","article_modified_time":"2024-10-31T19:43:50+00:00","og_image":[{"width":270,"height":300,"url":"https:\/\/eurorxdrugs.cc\/cs\/wp-content\/uploads\/2024\/10\/249-min.jpg","type":"image\/jpeg"}],"twitter_card":"summary_large_image","twitter_misc":{"Odhadovan\u00e1 doba \u010dten\u00ed":"2 minuty"},"schema":{"@context":"https:\/\/schema.org","@graph":[{"@type":"WebPage","@id":"https:\/\/eurorxdrugs.cc\/cs\/product\/minipress-prazosin\/","url":"https:\/\/eurorxdrugs.cc\/cs\/product\/minipress-prazosin\/","name":"Objednejte Minipress (Prazosin) bez receptu za n\u00edzkou cenu | Eurorxdrugs","isPartOf":{"@id":"https:\/\/eurorxdrugs.cc\/cs\/#website"},"datePublished":"2024-10-31T19:40:25+00:00","dateModified":"2024-10-31T19:43:50+00:00","description":"Kupte Minipress (Prazosin) nyn\u00ed! Origin\u00e1ln\u00ed l\u00e9ky a rychl\u00e9 doru\u010den\u00ed v cen\u011b. 100% diskr\u00e9tn\u00ed a d\u016fv\u011brn\u00fd servis pro v\u0161echny na\u0161e z\u00e1kazn\u00edky na Eurorxdrugs","breadcrumb":{"@id":"https:\/\/eurorxdrugs.cc\/cs\/product\/minipress-prazosin\/#breadcrumb"},"inLanguage":"cs","potentialAction":[{"@type":"ReadAction","target":["https:\/\/eurorxdrugs.cc\/cs\/product\/minipress-prazosin\/"]}]},{"@type":"BreadcrumbList","@id":"https:\/\/eurorxdrugs.cc\/cs\/product\/minipress-prazosin\/#breadcrumb","itemListElement":[{"@type":"ListItem","position":1,"name":"Home","item":"https:\/\/eurorxdrugs.cc\/cs\/"},{"@type":"ListItem","position":2,"name":"Products","item":"https:\/\/eurorxdrugs.cc\/cs\/shop\/"},{"@type":"ListItem","position":3,"name":"Minipress (Prazosin)"}]},{"@type":"WebSite","@id":"https:\/\/eurorxdrugs.cc\/cs\/#website","url":"https:\/\/eurorxdrugs.cc\/cs\/","name":"eurorxdrugs","description":"","publisher":{"@id":"https:\/\/eurorxdrugs.cc\/cs\/#organization"},"potentialAction":[{"@type":"SearchAction","target":{"@type":"EntryPoint","urlTemplate":"https:\/\/eurorxdrugs.cc\/cs\/?s={search_term_string}"},"query-input":"required name=search_term_string"}],"inLanguage":"cs"},{"@type":"Organization","@id":"https:\/\/eurorxdrugs.cc\/cs\/#organization","name":"eurorxdrugs","url":"https:\/\/eurorxdrugs.cc\/cs\/","logo":{"@type":"ImageObject","inLanguage":"cs","@id":"https:\/\/eurorxdrugs.cc\/cs\/#\/schema\/logo\/image\/","url":"https:\/\/eurorxdrugs.cc\/cs\/wp-content\/uploads\/2024\/09\/logo-1-1.png","contentUrl":"https:\/\/eurorxdrugs.cc\/cs\/wp-content\/uploads\/2024\/09\/logo-1-1.png","width":233,"height":54,"caption":"eurorxdrugs"},"image":{"@id":"https:\/\/eurorxdrugs.cc\/cs\/#\/schema\/logo\/image\/"}}]}},"_links":{"self":[{"href":"https:\/\/eurorxdrugs.cc\/cs\/wp-json\/wp\/v2\/product\/5420","targetHints":{"allow":["GET"]}}],"collection":[{"href":"https:\/\/eurorxdrugs.cc\/cs\/wp-json\/wp\/v2\/product"}],"about":[{"href":"https:\/\/eurorxdrugs.cc\/cs\/wp-json\/wp\/v2\/types\/product"}],"replies":[{"embeddable":true,"href":"https:\/\/eurorxdrugs.cc\/cs\/wp-json\/wp\/v2\/comments?post=5420"}],"wp:featuredmedia":[{"embeddable":true,"href":"https:\/\/eurorxdrugs.cc\/cs\/wp-json\/wp\/v2\/media\/5421"}],"wp:attachment":[{"href":"https:\/\/eurorxdrugs.cc\/cs\/wp-json\/wp\/v2\/media?parent=5420"}],"wp:term":[{"taxonomy":"product_cat","embeddable":true,"href":"https:\/\/eurorxdrugs.cc\/cs\/wp-json\/wp\/v2\/product_cat?post=5420"},{"taxonomy":"product_tag","embeddable":true,"href":"https:\/\/eurorxdrugs.cc\/cs\/wp-json\/wp\/v2\/product_tag?post=5420"}],"curies":[{"name":"wp","href":"https:\/\/api.w.org\/{rel}","templated":true}]}}