{"id":5431,"date":"2024-10-31T19:47:01","date_gmt":"2024-10-31T19:47:01","guid":{"rendered":"https:\/\/eurorxdrugs.cc\/cs\/?post_type=product&#038;p=5431"},"modified":"2024-10-31T19:55:04","modified_gmt":"2024-10-31T19:55:04","slug":"lopressor-metoprolol","status":"publish","type":"product","link":"https:\/\/eurorxdrugs.cc\/cs\/product\/lopressor-metoprolol\/","title":{"rendered":"Lopressor (Metoprolol)"},"content":{"rendered":"<div class=\"pro-description_name\">Beschreibung<\/div>\n<div class=\"pro-description_content\">\n<div><b>Allgemeiner Gebrauch<\/b><\/div>\n<div>\u00a0\u00a0\u00a0\u00a0\u00a0\u00a0\u00a0\u00a0Lopressor wirkt meist durch Sperrung von Beta-Adrenorezeptoren des Herzens und wird zur Behandlung des Bluthochdrucks, Schmerzen in der Brust (Angina pectoris), abnormalen Rhythmen des Herzens sowie zur Vorbeugung des Herzinfarkts verwendet. Dieses Medikament beeinflusst durch Sperrung der Rezeptoren das vegetative Nervensystem, welches die Erh\u00f6hung der Herzfrequenz bestimmt, und bewirkt damit eine Verringerung des abnormal schnellen Herzrhythmus. Dar\u00fcber hinaus vermindert Lopressor Reizbarkeit des Myokards und die Herzleistung und hat auch andere Wirkungen.<\/div>\n<div><\/div>\n<div><b>Dosierung und Anwendung<\/b><\/div>\n<div>\u00a0\u00a0\u00a0\u00a0\u00a0\u00a0\u00a0\u00a0Dieses Medikament sollte w\u00e4hrend oder kurz nach einer Mahlzeit mit einem Glas Wasser eingenommen werden. Sie sollten die Tablette nicht kauen oder brechen. Die Dosierung h\u00e4ngt von der Erkrankung ab und kann zwischen 100 bis 450 mg t\u00e4glich variieren. Ihre individuelle Dosierung sollte vom Arzt verschrieben werden. Bei \u00e4lteren Patienten wird empfohlen, mit einer 50 mg-Tagesdosis zu beginnen. Nierenerkrankungen erfordern keine Korrektur der Dosierung, w\u00e4hrend Leberprobleme die Verwendung anderer Beta-Adrenoblocker erfordern die nicht in der Leber zersetzt werden.<\/div>\n<div><\/div>\n<div><b>Vorsichtsma\u00dfnahmen<\/b><\/div>\n<div>\u00a0\u00a0\u00a0\u00a0\u00a0\u00a0\u00a0\u00a0Vermeiden Sie, w\u00e4hrend der Behandlung mit Lopressor Alkohol zu trinken, denn seien Wechselwirkung mit Lopressor erh\u00f6hte Schl\u00e4frigkeit und Benommenheit verursachen kann.<\/div>\n<div><\/div>\n<div><b>Kontraindikationen<\/b><\/div>\n<div>\u00a0\u00a0\u00a0\u00a0\u00a0\u00a0\u00a0\u00a0\u00dcberempfindlichkeit gegen die Bestandteile des Medikaments, akute oder chronische Herzinsuffizienz, arterielle Hypotonie, kongestive Herzerkrankung, Asthma oder andere Atemprobleme, Diabetes, Erkrankungen des peripheren Durchblutung, Schwangerschaft, Stillzeit, Depressionen, Leber- oder Nierenerkrankungen, eine Schilddr\u00fcsenst\u00f6rung oder Myasthenia gravis.<\/div>\n<div><\/div>\n<div><b>M\u00f6gliche Nebenwirkungen<\/b><\/div>\n<div>Bei allgemeiner Toleranz gegen\u00fcber dem Medikament sind dennoch folgende Nebenwirkungen beobachtet worden:<\/div>\n<div>\u2022 Bauchkr\u00e4mpfe;<\/div>\n<div>\u2022 M\u00fcdigkeit;<\/div>\n<div>\u2022 Schlaflosigkeit;<\/div>\n<div>\u2022 \u00dcbelkeit;<\/div>\n<div>\u2022 Depressionen;<\/div>\n<div>\u2022 Ged\u00e4chtnisverlust;<\/div>\n<div>\u2022 Fieber;<\/div>\n<div>\u2022 Ohnmacht;<\/div>\n<div>\u2022 Benommenheit;<\/div>\n<div>\u2022 langsamer Herzschlag;<\/div>\n<div>\u2022 niedriger Blutdruck;<\/div>\n<div>\u2022 kalte Extremit\u00e4ten;<\/div>\n<div>\u2022 Halsschmerzen;<\/div>\n<div>\u2022 Durchfall;<\/div>\n<div>\u2022 Verstopfung und Kurzatmigkeit oder Keuchen.<\/div>\n<div><\/div>\n<div><b>Arzneimittelwechselwirkungen<\/b><\/div>\n<div>\u00a0\u00a0\u00a0\u00a0\u00a0\u00a0\u00a0\u00a0Kalzium-Kanal-Blocker und Digoxin (Lanoxin) k\u00f6nne gef\u00e4hrliche Senkung des Blutdrucks und der Herzfrequenz verursachen, wenn sie zusammen mit Lopressor verabreicht werden.<\/div>\n<div>Lopressor kann die fr\u00fchen Symptome eines niedrigen Blutzuckers maskieren und sollte daher bei Patienten mit Diabetes mit Vorsicht eingesetzt werden.<\/div>\n<div><\/div>\n<div><b>Vergessene Dosis<\/b><\/div>\n<div>\u00a0\u00a0\u00a0\u00a0\u00a0\u00a0\u00a0\u00a0Nehmen Sie die vergessene Dosis so bald wie Sie sich erinnern. Wenn bis zu Ihrer n\u00e4chsten Dosis weniger als 4 Stunden verblieben sind, \u00fcberspringen Sie die vergessene Dosis und nahmen Sie das Medikament weiter nach Ihrem Zeitplan. Versuchen Sie nicht, eine verpasste Dosis durch eine Extradosis zu kompensieren.<\/div>\n<div><\/div>\n<div><b>\u00dcberdosierung<\/b><\/div>\n<div>\u00a0\u00a0\u00a0\u00a0\u00a0\u00a0\u00a0\u00a0Es sind folgende Symptomen von Lopressor-\u00dcberdosierung beobachtet worden: Herzrhythmusst\u00f6rungen, Kurzatmigkeit, Schwindel, Schw\u00e4che oder Ohnmacht, bl\u00e4ulich gef\u00e4rbte Fingern\u00e4gel. Wenn Sie diese Symptome bekommen, sollten Sie sofortige \u00e4rztliche Hilfe aufsuchen.<\/div>\n<div><\/div>\n<div><b>AufLagerung<\/b><\/div>\n<div>\u00a0\u00a0\u00a0\u00a0\u00a0\u00a0\u00a0\u00a0Lagern Sie das Medikament bei der Temperatur zwischen 15-30 C (59-86 F). Sch\u00fctzen Sie es von Feuchtigkeit und Sonnenstrahlung in einem lichtdichten Container.<\/div>\n<\/div>\n","protected":false},"excerpt":{"rendered":"<div><b>Handelsname: <\/b>Lopressor<\/div>\n<div><b>Wirkstoff: <\/b>Metoprolol<\/div>\n<div><b>Produktionsform: <\/b>Pillen<\/div>\n<div><b>Anwendungsgebiet: <\/b>Beta-Blocker zur Behandlung von Bluthochdruck, Angina, Herzinfarkt, Herzrhythmusst\u00f6rungen<\/div>\n<div><b>Verf\u00fcgbare Dosierungen: <\/b>10mg, 20mg, 40mg und 80mg<\/div>\n","protected":false},"featured_media":5432,"comment_status":"open","ping_status":"closed","template":"","meta":[],"product_cat":[27],"product_tag":[],"class_list":{"0":"post-5431","1":"product","2":"type-product","3":"status-publish","4":"has-post-thumbnail","6":"product_cat-blood-pressure","8":"first","9":"instock","10":"shipping-taxable","11":"product-type-grouped"},"yoast_head":"<!-- This site is optimized with the Yoast SEO plugin v20.0 - https:\/\/yoast.com\/wordpress\/plugins\/seo\/ -->\n<title>Objednejte Lopressor (Metoprolol) bez receptu za n\u00edzkou cenu | Eurorxdrugs<\/title>\n<meta name=\"description\" content=\"Kupte Lopressor (Metoprolol) nyn\u00ed! Origin\u00e1ln\u00ed l\u00e9ky a rychl\u00e9 doru\u010den\u00ed v cen\u011b. 100% diskr\u00e9tn\u00ed a d\u016fv\u011brn\u00fd servis pro v\u0161echny na\u0161e z\u00e1kazn\u00edky na Eurorxdrugs\" \/>\n<meta name=\"robots\" content=\"index, follow, max-snippet:-1, max-image-preview:large, max-video-preview:-1\" \/>\n<link rel=\"canonical\" href=\"https:\/\/eurorxdrugs.cc\/cs\/product\/lopressor-metoprolol\/\" \/>\n<meta property=\"og:locale\" content=\"cs_CZ\" \/>\n<meta property=\"og:type\" content=\"article\" \/>\n<meta property=\"og:title\" content=\"Objednejte Lopressor (Metoprolol) bez receptu za n\u00edzkou cenu | Eurorxdrugs\" \/>\n<meta property=\"og:description\" content=\"Kupte Lopressor (Metoprolol) nyn\u00ed! Origin\u00e1ln\u00ed l\u00e9ky a rychl\u00e9 doru\u010den\u00ed v cen\u011b. 100% diskr\u00e9tn\u00ed a d\u016fv\u011brn\u00fd servis pro v\u0161echny na\u0161e z\u00e1kazn\u00edky na Eurorxdrugs\" \/>\n<meta property=\"og:url\" content=\"https:\/\/eurorxdrugs.cc\/cs\/product\/lopressor-metoprolol\/\" \/>\n<meta property=\"og:site_name\" content=\"eurorxdrugs\" \/>\n<meta property=\"article:modified_time\" content=\"2024-10-31T19:55:04+00:00\" \/>\n<meta property=\"og:image\" content=\"https:\/\/eurorxdrugs.cc\/cs\/wp-content\/uploads\/2024\/10\/279-min.jpg\" \/>\n\t<meta property=\"og:image:width\" content=\"270\" \/>\n\t<meta property=\"og:image:height\" content=\"300\" \/>\n\t<meta property=\"og:image:type\" content=\"image\/jpeg\" \/>\n<meta name=\"twitter:card\" content=\"summary_large_image\" \/>\n<meta name=\"twitter:label1\" content=\"Odhadovan\u00e1 doba \u010dten\u00ed\" \/>\n\t<meta name=\"twitter:data1\" content=\"2 minuty\" \/>\n<script type=\"application\/ld+json\" class=\"yoast-schema-graph\">{\"@context\":\"https:\/\/schema.org\",\"@graph\":[{\"@type\":\"WebPage\",\"@id\":\"https:\/\/eurorxdrugs.cc\/cs\/product\/lopressor-metoprolol\/\",\"url\":\"https:\/\/eurorxdrugs.cc\/cs\/product\/lopressor-metoprolol\/\",\"name\":\"Objednejte Lopressor (Metoprolol) bez receptu za n\u00edzkou cenu | Eurorxdrugs\",\"isPartOf\":{\"@id\":\"https:\/\/eurorxdrugs.cc\/cs\/#website\"},\"datePublished\":\"2024-10-31T19:47:01+00:00\",\"dateModified\":\"2024-10-31T19:55:04+00:00\",\"description\":\"Kupte Lopressor (Metoprolol) nyn\u00ed! Origin\u00e1ln\u00ed l\u00e9ky a rychl\u00e9 doru\u010den\u00ed v cen\u011b. 100% diskr\u00e9tn\u00ed a d\u016fv\u011brn\u00fd servis pro v\u0161echny na\u0161e z\u00e1kazn\u00edky na Eurorxdrugs\",\"breadcrumb\":{\"@id\":\"https:\/\/eurorxdrugs.cc\/cs\/product\/lopressor-metoprolol\/#breadcrumb\"},\"inLanguage\":\"cs\",\"potentialAction\":[{\"@type\":\"ReadAction\",\"target\":[\"https:\/\/eurorxdrugs.cc\/cs\/product\/lopressor-metoprolol\/\"]}]},{\"@type\":\"BreadcrumbList\",\"@id\":\"https:\/\/eurorxdrugs.cc\/cs\/product\/lopressor-metoprolol\/#breadcrumb\",\"itemListElement\":[{\"@type\":\"ListItem\",\"position\":1,\"name\":\"Home\",\"item\":\"https:\/\/eurorxdrugs.cc\/cs\/\"},{\"@type\":\"ListItem\",\"position\":2,\"name\":\"Products\",\"item\":\"https:\/\/eurorxdrugs.cc\/cs\/shop\/\"},{\"@type\":\"ListItem\",\"position\":3,\"name\":\"Lopressor (Metoprolol)\"}]},{\"@type\":\"WebSite\",\"@id\":\"https:\/\/eurorxdrugs.cc\/cs\/#website\",\"url\":\"https:\/\/eurorxdrugs.cc\/cs\/\",\"name\":\"eurorxdrugs\",\"description\":\"\",\"publisher\":{\"@id\":\"https:\/\/eurorxdrugs.cc\/cs\/#organization\"},\"potentialAction\":[{\"@type\":\"SearchAction\",\"target\":{\"@type\":\"EntryPoint\",\"urlTemplate\":\"https:\/\/eurorxdrugs.cc\/cs\/?s={search_term_string}\"},\"query-input\":\"required name=search_term_string\"}],\"inLanguage\":\"cs\"},{\"@type\":\"Organization\",\"@id\":\"https:\/\/eurorxdrugs.cc\/cs\/#organization\",\"name\":\"eurorxdrugs\",\"url\":\"https:\/\/eurorxdrugs.cc\/cs\/\",\"logo\":{\"@type\":\"ImageObject\",\"inLanguage\":\"cs\",\"@id\":\"https:\/\/eurorxdrugs.cc\/cs\/#\/schema\/logo\/image\/\",\"url\":\"https:\/\/eurorxdrugs.cc\/cs\/wp-content\/uploads\/2024\/09\/logo-1-1.png\",\"contentUrl\":\"https:\/\/eurorxdrugs.cc\/cs\/wp-content\/uploads\/2024\/09\/logo-1-1.png\",\"width\":233,\"height\":54,\"caption\":\"eurorxdrugs\"},\"image\":{\"@id\":\"https:\/\/eurorxdrugs.cc\/cs\/#\/schema\/logo\/image\/\"}}]}<\/script>\n<!-- \/ Yoast SEO plugin. -->","yoast_head_json":{"title":"Objednejte Lopressor (Metoprolol) bez receptu za n\u00edzkou cenu | Eurorxdrugs","description":"Kupte Lopressor (Metoprolol) nyn\u00ed! Origin\u00e1ln\u00ed l\u00e9ky a rychl\u00e9 doru\u010den\u00ed v cen\u011b. 100% diskr\u00e9tn\u00ed a d\u016fv\u011brn\u00fd servis pro v\u0161echny na\u0161e z\u00e1kazn\u00edky na Eurorxdrugs","robots":{"index":"index","follow":"follow","max-snippet":"max-snippet:-1","max-image-preview":"max-image-preview:large","max-video-preview":"max-video-preview:-1"},"canonical":"https:\/\/eurorxdrugs.cc\/cs\/product\/lopressor-metoprolol\/","og_locale":"cs_CZ","og_type":"article","og_title":"Objednejte Lopressor (Metoprolol) bez receptu za n\u00edzkou cenu | Eurorxdrugs","og_description":"Kupte Lopressor (Metoprolol) nyn\u00ed! Origin\u00e1ln\u00ed l\u00e9ky a rychl\u00e9 doru\u010den\u00ed v cen\u011b. 100% diskr\u00e9tn\u00ed a d\u016fv\u011brn\u00fd servis pro v\u0161echny na\u0161e z\u00e1kazn\u00edky na Eurorxdrugs","og_url":"https:\/\/eurorxdrugs.cc\/cs\/product\/lopressor-metoprolol\/","og_site_name":"eurorxdrugs","article_modified_time":"2024-10-31T19:55:04+00:00","og_image":[{"width":270,"height":300,"url":"https:\/\/eurorxdrugs.cc\/cs\/wp-content\/uploads\/2024\/10\/279-min.jpg","type":"image\/jpeg"}],"twitter_card":"summary_large_image","twitter_misc":{"Odhadovan\u00e1 doba \u010dten\u00ed":"2 minuty"},"schema":{"@context":"https:\/\/schema.org","@graph":[{"@type":"WebPage","@id":"https:\/\/eurorxdrugs.cc\/cs\/product\/lopressor-metoprolol\/","url":"https:\/\/eurorxdrugs.cc\/cs\/product\/lopressor-metoprolol\/","name":"Objednejte Lopressor (Metoprolol) bez receptu za n\u00edzkou cenu | Eurorxdrugs","isPartOf":{"@id":"https:\/\/eurorxdrugs.cc\/cs\/#website"},"datePublished":"2024-10-31T19:47:01+00:00","dateModified":"2024-10-31T19:55:04+00:00","description":"Kupte Lopressor (Metoprolol) nyn\u00ed! Origin\u00e1ln\u00ed l\u00e9ky a rychl\u00e9 doru\u010den\u00ed v cen\u011b. 100% diskr\u00e9tn\u00ed a d\u016fv\u011brn\u00fd servis pro v\u0161echny na\u0161e z\u00e1kazn\u00edky na Eurorxdrugs","breadcrumb":{"@id":"https:\/\/eurorxdrugs.cc\/cs\/product\/lopressor-metoprolol\/#breadcrumb"},"inLanguage":"cs","potentialAction":[{"@type":"ReadAction","target":["https:\/\/eurorxdrugs.cc\/cs\/product\/lopressor-metoprolol\/"]}]},{"@type":"BreadcrumbList","@id":"https:\/\/eurorxdrugs.cc\/cs\/product\/lopressor-metoprolol\/#breadcrumb","itemListElement":[{"@type":"ListItem","position":1,"name":"Home","item":"https:\/\/eurorxdrugs.cc\/cs\/"},{"@type":"ListItem","position":2,"name":"Products","item":"https:\/\/eurorxdrugs.cc\/cs\/shop\/"},{"@type":"ListItem","position":3,"name":"Lopressor (Metoprolol)"}]},{"@type":"WebSite","@id":"https:\/\/eurorxdrugs.cc\/cs\/#website","url":"https:\/\/eurorxdrugs.cc\/cs\/","name":"eurorxdrugs","description":"","publisher":{"@id":"https:\/\/eurorxdrugs.cc\/cs\/#organization"},"potentialAction":[{"@type":"SearchAction","target":{"@type":"EntryPoint","urlTemplate":"https:\/\/eurorxdrugs.cc\/cs\/?s={search_term_string}"},"query-input":"required name=search_term_string"}],"inLanguage":"cs"},{"@type":"Organization","@id":"https:\/\/eurorxdrugs.cc\/cs\/#organization","name":"eurorxdrugs","url":"https:\/\/eurorxdrugs.cc\/cs\/","logo":{"@type":"ImageObject","inLanguage":"cs","@id":"https:\/\/eurorxdrugs.cc\/cs\/#\/schema\/logo\/image\/","url":"https:\/\/eurorxdrugs.cc\/cs\/wp-content\/uploads\/2024\/09\/logo-1-1.png","contentUrl":"https:\/\/eurorxdrugs.cc\/cs\/wp-content\/uploads\/2024\/09\/logo-1-1.png","width":233,"height":54,"caption":"eurorxdrugs"},"image":{"@id":"https:\/\/eurorxdrugs.cc\/cs\/#\/schema\/logo\/image\/"}}]}},"_links":{"self":[{"href":"https:\/\/eurorxdrugs.cc\/cs\/wp-json\/wp\/v2\/product\/5431","targetHints":{"allow":["GET"]}}],"collection":[{"href":"https:\/\/eurorxdrugs.cc\/cs\/wp-json\/wp\/v2\/product"}],"about":[{"href":"https:\/\/eurorxdrugs.cc\/cs\/wp-json\/wp\/v2\/types\/product"}],"replies":[{"embeddable":true,"href":"https:\/\/eurorxdrugs.cc\/cs\/wp-json\/wp\/v2\/comments?post=5431"}],"wp:featuredmedia":[{"embeddable":true,"href":"https:\/\/eurorxdrugs.cc\/cs\/wp-json\/wp\/v2\/media\/5432"}],"wp:attachment":[{"href":"https:\/\/eurorxdrugs.cc\/cs\/wp-json\/wp\/v2\/media?parent=5431"}],"wp:term":[{"taxonomy":"product_cat","embeddable":true,"href":"https:\/\/eurorxdrugs.cc\/cs\/wp-json\/wp\/v2\/product_cat?post=5431"},{"taxonomy":"product_tag","embeddable":true,"href":"https:\/\/eurorxdrugs.cc\/cs\/wp-json\/wp\/v2\/product_tag?post=5431"}],"curies":[{"name":"wp","href":"https:\/\/api.w.org\/{rel}","templated":true}]}}