{"id":5496,"date":"2024-10-31T20:17:03","date_gmt":"2024-10-31T20:17:03","guid":{"rendered":"https:\/\/eurorxdrugs.cc\/cs\/?post_type=product&#038;p=5496"},"modified":"2024-10-31T20:26:26","modified_gmt":"2024-10-31T20:26:26","slug":"cardizem-diltiazem","status":"publish","type":"product","link":"https:\/\/eurorxdrugs.cc\/cs\/product\/cardizem-diltiazem\/","title":{"rendered":"Cardizem (Diltiazem)"},"content":{"rendered":"<div class=\"pro-description_name\">Beschreibung<\/div>\n<div class=\"pro-description_content\">\n<div><span style=\"color: #3a3a3a; font-family: Open Sans, sans-serif;\"><b>Allgemeine Anwendung<\/b><\/span><\/div>\n<div>\u00a0\u00a0\u00a0\u00a0\u00a0\u00a0\u00a0\u00a0<span style=\"color: #3a3a3a; font-family: Open Sans, sans-serif;\">Diltiazem geh\u00f6rt einer Gruppe des so genannten Kalzium-Kanals blockers. Dieses Medikament entspannt Ge\u00e4der und senkt die Herzrate. Es kann im treatement der Hypertonie, Angina pectoris, einiger Typen der Arrhythmie angewandt werden.<\/span><\/div>\n<div><span style=\"color: #3a3a3a; font-family: Open Sans, sans-serif;\">\u00a0<\/span><\/div>\n<div><span style=\"color: #3a3a3a; font-family: Open Sans, sans-serif;\"><b>Dosierung und Anwendungsgebiet<\/b><\/span><\/div>\n<div>\u00a0\u00a0\u00a0\u00a0\u00a0\u00a0\u00a0\u00a0<span style=\"color: #3a3a3a; font-family: Open Sans, sans-serif;\">Verwenden Sie Cardizem, weil er von Ihrem Arzt vorgeschrieben wird.<\/span><\/div>\n<div>\u00a0\u00a0\u00a0\u00a0\u00a0\u00a0\u00a0\u00a0<span style=\"color: #3a3a3a; font-family: Open Sans, sans-serif;\">Verwenden Sie die Medizin \u00f6fter nicht, als sie vorgeschrieben wird. Geben Sie nicht auf, es au\u00dfer auf dem Rat Ihres Arztes zu nehmen.<\/span><\/div>\n<div>\u00a0\u00a0\u00a0\u00a0\u00a0\u00a0\u00a0\u00a0<span style=\"color: #3a3a3a; font-family: Open Sans, sans-serif;\">Man kann Zeit f\u00fcr die Medizin brauchen, um zu helfen.<\/span><\/div>\n<div><span style=\"color: #3a3a3a; font-family: Open Sans, sans-serif;\">Befragen Sie Ihren Arzt bez\u00fcglich der richtigen Dosis f\u00fcr Sie.<\/span><\/div>\n<div><span style=\"color: #3a3a3a; font-family: Open Sans, sans-serif;\">\u00a0<\/span><\/div>\n<div><span style=\"color: #3a3a3a; font-family: Open Sans, sans-serif;\"><b>Vorsichtsma\u00dfnahmen<\/b><\/span><\/div>\n<div>\u00a0\u00a0\u00a0\u00a0\u00a0\u00a0\u00a0\u00a0<span style=\"color: #3a3a3a; font-family: Open Sans, sans-serif;\">Vor der Einnahme von Cardizem erz\u00e4hlen Ihrem Arzt oder Chemiker, wenn Sie dazu allergisch sind; oder wenn Sie andere Allergien haben.<\/span><\/div>\n<div><span style=\"color: #3a3a3a; font-family: Open Sans, sans-serif;\">Informieren Sie Ihren Arzt oder Chemiker, wenn Sie Syndrom von Wolff-Parkinson-White, SA oder AV Knotenabnormit\u00e4ten haben oder ventrikul\u00e4re Funktion reduzierten. Erz\u00e4hlen Sie auch Ihrem Arzt, wenn Sie schwanger sind oder stillen.<\/span><\/div>\n<div>\u00a0\u00a0\u00a0\u00a0\u00a0\u00a0\u00a0\u00a0<span style=\"color: #3a3a3a; font-family: Open Sans, sans-serif;\">Vermeiden Sie, Alkohol zu trinken und zu rauchen, mit diesem Medikament behandelt.<\/span><\/div>\n<div>\u00a0\u00a0\u00a0\u00a0\u00a0\u00a0\u00a0\u00a0<span style=\"color: #3a3a3a; font-family: Open Sans, sans-serif;\">Im Alter von Leuten kann zu Nebenwirkungen der Medizin empfindlicher sein.<\/span><\/div>\n<div><span style=\"color: #3a3a3a; font-family: Open Sans, sans-serif;\">\u00a0<\/span><\/div>\n<div><span style=\"color: #3a3a3a; font-family: Open Sans, sans-serif;\"><b>Kontraindikationen<\/b><\/span><\/div>\n<div>\u00a0\u00a0\u00a0\u00a0\u00a0\u00a0\u00a0\u00a0<span style=\"color: #3a3a3a; font-family: Open Sans, sans-serif;\">Cardizem sollte nicht von Patienten verwendet werden, die eine Reaktion der \u00dcberempfindlichkeit zu dieser Medizin demonstriert haben.<\/span><\/div>\n<div><span style=\"color: #3a3a3a; font-family: Open Sans, sans-serif;\">\u00a0<\/span><\/div>\n<div><span style=\"color: #3a3a3a; font-family: Open Sans, sans-serif;\"><b>M\u00f6gliche Nebenwirkungen<\/b><\/span><\/div>\n<div><span style=\"color: #3a3a3a; font-family: Open Sans, sans-serif;\">Die allgemeinsten Nebenwirkungen sind:<\/span><\/div>\n<div><span style=\"color: #3a3a3a; font-family: Open Sans, sans-serif;\">\u2022 Schwindel;<\/span><\/div>\n<div><span style=\"color: #3a3a3a; font-family: Open Sans, sans-serif;\">\u2022 Konstipation;<\/span><\/div>\n<div><span style=\"color: #3a3a3a; font-family: Open Sans, sans-serif;\">\u2022 Gesichtssp\u00fclung;<\/span><\/div>\n<div><span style=\"color: #3a3a3a; font-family: Open Sans, sans-serif;\">\u2022 Kopfschmerz;<\/span><\/div>\n<div><span style=\"color: #3a3a3a; font-family: Open Sans, sans-serif;\">\u2022 Schw\u00e4che usw.<\/span><\/div>\n<div>\u00a0\u00a0\u00a0\u00a0\u00a0\u00a0\u00a0\u00a0<span style=\"color: #3a3a3a; font-family: Open Sans, sans-serif;\">Eine sehr ernste allergische Reaktion kommt selten vor. Viele Menschen, die diese Medizin verwenden, haben ernste Nebenwirkungen nicht.<\/span><\/div>\n<div><span style=\"color: #3a3a3a; font-family: Open Sans, sans-serif;\">Wenden Sie sich Ihrem Arzt oder Apotheker f\u00fcr mehr Details zu.<\/span><\/div>\n<div>\u00a0\u00a0\u00a0\u00a0\u00a0\u00a0\u00a0\u00a0<span style=\"color: #3a3a3a; font-family: Open Sans, sans-serif;\">Im Falle dass Sie bemerken, dass sich die Effekten nicht verzeichnet hier, mit Ihrem Arzt oder Apotheker in Verbindung setzen.<\/span><\/div>\n<div><span style=\"color: #3a3a3a; font-family: Open Sans, sans-serif;\">\u00a0<\/span><\/div>\n<div><span style=\"color: #3a3a3a; font-family: Open Sans, sans-serif;\"><b>Wechselwirkung<\/b><\/span><\/div>\n<div>\u00a0\u00a0\u00a0\u00a0\u00a0\u00a0\u00a0\u00a0<span style=\"color: #3a3a3a; font-family: Open Sans, sans-serif;\">Sagen Sie Ihrem Arzt oder Apotheker aller Arzneivorschrift- und Nichtarzneivorschrift-Produkte \/ Pflanzenbuches Produkte, dass Sie vor dem Verwenden dieses Medikaments verwenden k\u00f6nnen.<\/span><\/div>\n<div>\u00a0\u00a0\u00a0\u00a0\u00a0\u00a0\u00a0\u00a0<span style=\"color: #3a3a3a; font-family: Open Sans, sans-serif;\">Cardizem kann mit Quinidine und Beta-Sperreren aufeinander wirken.<\/span><\/div>\n<div>\u00a0\u00a0\u00a0\u00a0\u00a0\u00a0\u00a0\u00a0<span style=\"color: #3a3a3a; font-family: Open Sans, sans-serif;\">Wenden Sie sich Ihrem Arzt oder Apotheker f\u00fcr mehr Details zu.<\/span><\/div>\n<div><span style=\"color: #3a3a3a; font-family: Open Sans, sans-serif;\">\u00a0<\/span><\/div>\n<div><span style=\"color: #3a3a3a; font-family: Open Sans, sans-serif;\"><b>Verpasste Dosis<\/b><\/span><\/div>\n<div>\u00a0\u00a0\u00a0\u00a0\u00a0\u00a0\u00a0\u00a0<span style=\"color: #3a3a3a; font-family: Open Sans, sans-serif;\">Wenn Sie Ihre Dosis verpasst haben, nehmen Sie sie, sobald Sie sich erinnern. Wenn Sie sehen, dass es in der N\u00e4he von der Zeit f\u00fcr die folgende Dosis ist, lassen Sie die verpasste Dosis aus und setzen Sie Ihre \u00fcbliche Dosieren-Liste fort. Nehmen Sie Ihre Dosis zweimal nicht.<\/span><\/div>\n<div><span style=\"color: #3a3a3a; font-family: Open Sans, sans-serif;\">\u00a0<\/span><\/div>\n<div><span style=\"color: #3a3a3a; font-family: Open Sans, sans-serif;\"><b>\u00dcberdosierung<\/b><\/span><\/div>\n<div>\u00a0\u00a0\u00a0\u00a0\u00a0\u00a0\u00a0\u00a0<span style=\"color: #3a3a3a; font-family: Open Sans, sans-serif;\">Wenn Sie denken, dass Sie zu viel von dieser Medizin verwendet haben, suchen Notarztaufmerksamkeit sofort. Die Symptome von der \u00dcberdosis schlie\u00dfen gew\u00f6hnlich Brust-Schmerz, Brechreiz, unregelm\u00e4\u00dfigen Herzschlag, und Gef\u00fchl leichtsinnig oder schwach werdend ein.<\/span><\/div>\n<div><span style=\"color: #3a3a3a; font-family: Open Sans, sans-serif;\">\u00a0<\/span><\/div>\n<div><span style=\"color: #3a3a3a; font-family: Open Sans, sans-serif;\"><b>Lagerung<\/b><\/span><\/div>\n<div>\u00a0\u00a0\u00a0\u00a0\u00a0\u00a0\u00a0\u00a0<span style=\"color: #3a3a3a; font-family: Open Sans, sans-serif;\">Lagern Sie Ihre Medizin bei der Raumtemperatur zwischen 68-77 Graden F (20-25 Grade C) weg vom Licht und der Feuchtigkeit. Lagern Sie Ihre Rauschgifte im Badezimmer nicht. Behalten Sie alle Rauschgifte weg von der Reichweite von Kindern und Haustieren.<\/span><\/div>\n<\/div>\n","protected":false},"excerpt":{"rendered":"<div><b>Handelsname: <\/b>Cardizem<\/div>\n<div><b>Wirkstoff: <\/b>Diltiazem<\/div>\n<div><b>Produktionsform: <\/b>Pillen<\/div>\n<div><b>Anwendungsgebiet: <\/b>Diltiazem geh\u00f6rt zur Klasse der Kalziumkanalblocker und hilft bei Bluthochdruck, bestimmten Herzrhythmusst\u00f6rungen und Angina.<\/div>\n<div><b>Verf\u00fcgbare Dosierungen: <\/b>60mg, 90mg, 120mg und 180mg<\/div>\n","protected":false},"featured_media":5497,"comment_status":"open","ping_status":"closed","template":"","meta":[],"product_cat":[27],"product_tag":[],"class_list":{"0":"post-5496","1":"product","2":"type-product","3":"status-publish","4":"has-post-thumbnail","6":"product_cat-blood-pressure","8":"first","9":"instock","10":"shipping-taxable","11":"product-type-grouped"},"yoast_head":"<!-- This site is optimized with the Yoast SEO plugin v20.0 - https:\/\/yoast.com\/wordpress\/plugins\/seo\/ -->\n<title>Objednejte Cardizem (Diltiazem) bez receptu za n\u00edzkou cenu | Eurorxdrugs<\/title>\n<meta name=\"description\" content=\"Kupte Cardizem (Diltiazem) nyn\u00ed! Origin\u00e1ln\u00ed l\u00e9ky a rychl\u00e9 doru\u010den\u00ed v cen\u011b. 100% diskr\u00e9tn\u00ed a d\u016fv\u011brn\u00fd servis pro v\u0161echny na\u0161e z\u00e1kazn\u00edky na Eurorxdrugs\" \/>\n<meta name=\"robots\" content=\"index, follow, max-snippet:-1, max-image-preview:large, max-video-preview:-1\" \/>\n<link rel=\"canonical\" href=\"https:\/\/eurorxdrugs.cc\/cs\/product\/cardizem-diltiazem\/\" \/>\n<meta property=\"og:locale\" content=\"cs_CZ\" \/>\n<meta property=\"og:type\" content=\"article\" \/>\n<meta property=\"og:title\" content=\"Objednejte Cardizem (Diltiazem) bez receptu za n\u00edzkou cenu | Eurorxdrugs\" \/>\n<meta property=\"og:description\" content=\"Kupte Cardizem (Diltiazem) nyn\u00ed! Origin\u00e1ln\u00ed l\u00e9ky a rychl\u00e9 doru\u010den\u00ed v cen\u011b. 100% diskr\u00e9tn\u00ed a d\u016fv\u011brn\u00fd servis pro v\u0161echny na\u0161e z\u00e1kazn\u00edky na Eurorxdrugs\" \/>\n<meta property=\"og:url\" content=\"https:\/\/eurorxdrugs.cc\/cs\/product\/cardizem-diltiazem\/\" \/>\n<meta property=\"og:site_name\" content=\"eurorxdrugs\" \/>\n<meta property=\"article:modified_time\" content=\"2024-10-31T20:26:26+00:00\" \/>\n<meta property=\"og:image\" content=\"https:\/\/eurorxdrugs.cc\/cs\/wp-content\/uploads\/2024\/10\/321-min.jpg\" \/>\n\t<meta property=\"og:image:width\" content=\"270\" \/>\n\t<meta property=\"og:image:height\" content=\"300\" \/>\n\t<meta property=\"og:image:type\" content=\"image\/jpeg\" \/>\n<meta name=\"twitter:card\" content=\"summary_large_image\" \/>\n<meta name=\"twitter:label1\" content=\"Odhadovan\u00e1 doba \u010dten\u00ed\" \/>\n\t<meta name=\"twitter:data1\" content=\"3 minuty\" \/>\n<script type=\"application\/ld+json\" class=\"yoast-schema-graph\">{\"@context\":\"https:\/\/schema.org\",\"@graph\":[{\"@type\":\"WebPage\",\"@id\":\"https:\/\/eurorxdrugs.cc\/cs\/product\/cardizem-diltiazem\/\",\"url\":\"https:\/\/eurorxdrugs.cc\/cs\/product\/cardizem-diltiazem\/\",\"name\":\"Objednejte Cardizem (Diltiazem) bez receptu za n\u00edzkou cenu | Eurorxdrugs\",\"isPartOf\":{\"@id\":\"https:\/\/eurorxdrugs.cc\/cs\/#website\"},\"datePublished\":\"2024-10-31T20:17:03+00:00\",\"dateModified\":\"2024-10-31T20:26:26+00:00\",\"description\":\"Kupte Cardizem (Diltiazem) nyn\u00ed! Origin\u00e1ln\u00ed l\u00e9ky a rychl\u00e9 doru\u010den\u00ed v cen\u011b. 100% diskr\u00e9tn\u00ed a d\u016fv\u011brn\u00fd servis pro v\u0161echny na\u0161e z\u00e1kazn\u00edky na Eurorxdrugs\",\"breadcrumb\":{\"@id\":\"https:\/\/eurorxdrugs.cc\/cs\/product\/cardizem-diltiazem\/#breadcrumb\"},\"inLanguage\":\"cs\",\"potentialAction\":[{\"@type\":\"ReadAction\",\"target\":[\"https:\/\/eurorxdrugs.cc\/cs\/product\/cardizem-diltiazem\/\"]}]},{\"@type\":\"BreadcrumbList\",\"@id\":\"https:\/\/eurorxdrugs.cc\/cs\/product\/cardizem-diltiazem\/#breadcrumb\",\"itemListElement\":[{\"@type\":\"ListItem\",\"position\":1,\"name\":\"Home\",\"item\":\"https:\/\/eurorxdrugs.cc\/cs\/\"},{\"@type\":\"ListItem\",\"position\":2,\"name\":\"Products\",\"item\":\"https:\/\/eurorxdrugs.cc\/cs\/shop\/\"},{\"@type\":\"ListItem\",\"position\":3,\"name\":\"Cardizem (Diltiazem)\"}]},{\"@type\":\"WebSite\",\"@id\":\"https:\/\/eurorxdrugs.cc\/cs\/#website\",\"url\":\"https:\/\/eurorxdrugs.cc\/cs\/\",\"name\":\"eurorxdrugs\",\"description\":\"\",\"publisher\":{\"@id\":\"https:\/\/eurorxdrugs.cc\/cs\/#organization\"},\"potentialAction\":[{\"@type\":\"SearchAction\",\"target\":{\"@type\":\"EntryPoint\",\"urlTemplate\":\"https:\/\/eurorxdrugs.cc\/cs\/?s={search_term_string}\"},\"query-input\":\"required name=search_term_string\"}],\"inLanguage\":\"cs\"},{\"@type\":\"Organization\",\"@id\":\"https:\/\/eurorxdrugs.cc\/cs\/#organization\",\"name\":\"eurorxdrugs\",\"url\":\"https:\/\/eurorxdrugs.cc\/cs\/\",\"logo\":{\"@type\":\"ImageObject\",\"inLanguage\":\"cs\",\"@id\":\"https:\/\/eurorxdrugs.cc\/cs\/#\/schema\/logo\/image\/\",\"url\":\"https:\/\/eurorxdrugs.cc\/cs\/wp-content\/uploads\/2024\/09\/logo-1-1.png\",\"contentUrl\":\"https:\/\/eurorxdrugs.cc\/cs\/wp-content\/uploads\/2024\/09\/logo-1-1.png\",\"width\":233,\"height\":54,\"caption\":\"eurorxdrugs\"},\"image\":{\"@id\":\"https:\/\/eurorxdrugs.cc\/cs\/#\/schema\/logo\/image\/\"}}]}<\/script>\n<!-- \/ Yoast SEO plugin. -->","yoast_head_json":{"title":"Objednejte Cardizem (Diltiazem) bez receptu za n\u00edzkou cenu | Eurorxdrugs","description":"Kupte Cardizem (Diltiazem) nyn\u00ed! Origin\u00e1ln\u00ed l\u00e9ky a rychl\u00e9 doru\u010den\u00ed v cen\u011b. 100% diskr\u00e9tn\u00ed a d\u016fv\u011brn\u00fd servis pro v\u0161echny na\u0161e z\u00e1kazn\u00edky na Eurorxdrugs","robots":{"index":"index","follow":"follow","max-snippet":"max-snippet:-1","max-image-preview":"max-image-preview:large","max-video-preview":"max-video-preview:-1"},"canonical":"https:\/\/eurorxdrugs.cc\/cs\/product\/cardizem-diltiazem\/","og_locale":"cs_CZ","og_type":"article","og_title":"Objednejte Cardizem (Diltiazem) bez receptu za n\u00edzkou cenu | Eurorxdrugs","og_description":"Kupte Cardizem (Diltiazem) nyn\u00ed! Origin\u00e1ln\u00ed l\u00e9ky a rychl\u00e9 doru\u010den\u00ed v cen\u011b. 100% diskr\u00e9tn\u00ed a d\u016fv\u011brn\u00fd servis pro v\u0161echny na\u0161e z\u00e1kazn\u00edky na Eurorxdrugs","og_url":"https:\/\/eurorxdrugs.cc\/cs\/product\/cardizem-diltiazem\/","og_site_name":"eurorxdrugs","article_modified_time":"2024-10-31T20:26:26+00:00","og_image":[{"width":270,"height":300,"url":"https:\/\/eurorxdrugs.cc\/cs\/wp-content\/uploads\/2024\/10\/321-min.jpg","type":"image\/jpeg"}],"twitter_card":"summary_large_image","twitter_misc":{"Odhadovan\u00e1 doba \u010dten\u00ed":"3 minuty"},"schema":{"@context":"https:\/\/schema.org","@graph":[{"@type":"WebPage","@id":"https:\/\/eurorxdrugs.cc\/cs\/product\/cardizem-diltiazem\/","url":"https:\/\/eurorxdrugs.cc\/cs\/product\/cardizem-diltiazem\/","name":"Objednejte Cardizem (Diltiazem) bez receptu za n\u00edzkou cenu | Eurorxdrugs","isPartOf":{"@id":"https:\/\/eurorxdrugs.cc\/cs\/#website"},"datePublished":"2024-10-31T20:17:03+00:00","dateModified":"2024-10-31T20:26:26+00:00","description":"Kupte Cardizem (Diltiazem) nyn\u00ed! Origin\u00e1ln\u00ed l\u00e9ky a rychl\u00e9 doru\u010den\u00ed v cen\u011b. 100% diskr\u00e9tn\u00ed a d\u016fv\u011brn\u00fd servis pro v\u0161echny na\u0161e z\u00e1kazn\u00edky na Eurorxdrugs","breadcrumb":{"@id":"https:\/\/eurorxdrugs.cc\/cs\/product\/cardizem-diltiazem\/#breadcrumb"},"inLanguage":"cs","potentialAction":[{"@type":"ReadAction","target":["https:\/\/eurorxdrugs.cc\/cs\/product\/cardizem-diltiazem\/"]}]},{"@type":"BreadcrumbList","@id":"https:\/\/eurorxdrugs.cc\/cs\/product\/cardizem-diltiazem\/#breadcrumb","itemListElement":[{"@type":"ListItem","position":1,"name":"Home","item":"https:\/\/eurorxdrugs.cc\/cs\/"},{"@type":"ListItem","position":2,"name":"Products","item":"https:\/\/eurorxdrugs.cc\/cs\/shop\/"},{"@type":"ListItem","position":3,"name":"Cardizem (Diltiazem)"}]},{"@type":"WebSite","@id":"https:\/\/eurorxdrugs.cc\/cs\/#website","url":"https:\/\/eurorxdrugs.cc\/cs\/","name":"eurorxdrugs","description":"","publisher":{"@id":"https:\/\/eurorxdrugs.cc\/cs\/#organization"},"potentialAction":[{"@type":"SearchAction","target":{"@type":"EntryPoint","urlTemplate":"https:\/\/eurorxdrugs.cc\/cs\/?s={search_term_string}"},"query-input":"required name=search_term_string"}],"inLanguage":"cs"},{"@type":"Organization","@id":"https:\/\/eurorxdrugs.cc\/cs\/#organization","name":"eurorxdrugs","url":"https:\/\/eurorxdrugs.cc\/cs\/","logo":{"@type":"ImageObject","inLanguage":"cs","@id":"https:\/\/eurorxdrugs.cc\/cs\/#\/schema\/logo\/image\/","url":"https:\/\/eurorxdrugs.cc\/cs\/wp-content\/uploads\/2024\/09\/logo-1-1.png","contentUrl":"https:\/\/eurorxdrugs.cc\/cs\/wp-content\/uploads\/2024\/09\/logo-1-1.png","width":233,"height":54,"caption":"eurorxdrugs"},"image":{"@id":"https:\/\/eurorxdrugs.cc\/cs\/#\/schema\/logo\/image\/"}}]}},"_links":{"self":[{"href":"https:\/\/eurorxdrugs.cc\/cs\/wp-json\/wp\/v2\/product\/5496","targetHints":{"allow":["GET"]}}],"collection":[{"href":"https:\/\/eurorxdrugs.cc\/cs\/wp-json\/wp\/v2\/product"}],"about":[{"href":"https:\/\/eurorxdrugs.cc\/cs\/wp-json\/wp\/v2\/types\/product"}],"replies":[{"embeddable":true,"href":"https:\/\/eurorxdrugs.cc\/cs\/wp-json\/wp\/v2\/comments?post=5496"}],"wp:featuredmedia":[{"embeddable":true,"href":"https:\/\/eurorxdrugs.cc\/cs\/wp-json\/wp\/v2\/media\/5497"}],"wp:attachment":[{"href":"https:\/\/eurorxdrugs.cc\/cs\/wp-json\/wp\/v2\/media?parent=5496"}],"wp:term":[{"taxonomy":"product_cat","embeddable":true,"href":"https:\/\/eurorxdrugs.cc\/cs\/wp-json\/wp\/v2\/product_cat?post=5496"},{"taxonomy":"product_tag","embeddable":true,"href":"https:\/\/eurorxdrugs.cc\/cs\/wp-json\/wp\/v2\/product_tag?post=5496"}],"curies":[{"name":"wp","href":"https:\/\/api.w.org\/{rel}","templated":true}]}}