{"id":5525,"date":"2024-10-31T20:29:18","date_gmt":"2024-10-31T20:29:18","guid":{"rendered":"https:\/\/eurorxdrugs.cc\/cs\/?post_type=product&#038;p=5525"},"modified":"2024-10-31T20:38:14","modified_gmt":"2024-10-31T20:38:14","slug":"verapamil-generic","status":"publish","type":"product","link":"https:\/\/eurorxdrugs.cc\/cs\/product\/verapamil-generic\/","title":{"rendered":"Verapamil Generic"},"content":{"rendered":"<div class=\"pro-description_name\">Beschreibung<\/div>\n<div class=\"pro-description_content\">\n<div><b>Allgemeiner Gebrauch<\/b><\/div>\n<div>\u00a0\u00a0\u00a0\u00a0\u00a0\u00a0\u00a0\u00a0Arpamyl ist ein Ca2 +-Kanal-Blocker, der die Venen und Arterien entspannt und erweitert, und damit das Pumpen des Bluts f\u00fcr das Herz erleichtert und die Herzbelastung reduziert. Calcium l\u00f6st Kontraktion der glatten Muskulatur auf, was zu einer Entspannung der arteriellen Muskeln, verbesserter Sauerstoffversorgung des Myokards f\u00fchrt sowie zur Verringerung des totalen peripheren Widerstands, systemisches Blutdrucks und der Nachlast. Isoptin sinkt auch die Leitung der elektrischen Impulse durch das Herz, die Koordinierung der Kontraktion kontrollieren. Dies verlangsamt Geschwindigkeit der Kontraktion. Isoptin wird zur Behandlung des Bluthochdrucks, Angina, sowie f\u00fcr die Kontrolle \u00fcber einige Arten von Herzrhythmusst\u00f6rungen eingesetzt.<\/div>\n<div><\/div>\n<div><b>Dosierung und Anwendung<\/b><\/div>\n<div>\u00a0\u00a0\u00a0\u00a0\u00a0\u00a0\u00a0\u00a0Nehmen Sie das Medikament oral mit oder ohne Nahrung. Die Tagesdosis betr\u00e4gt 180 bis 480 mg, die als Einzeldosis genommen oder in zwei oder drei Portionen aufgeteilt werden kann. Nehmen Sie das Medikament genau so, wie von Ihrem Arzt verordnet hat, nehmen Sie keine h\u00f6here Dosis als empfohlen ein.<\/div>\n<div><\/div>\n<div><b>Vorsichtsma\u00dfnahmen<\/b><\/div>\n<div>\u00a0\u00a0\u00a0\u00a0\u00a0\u00a0\u00a0\u00a0Vermeiden Sie alkoholische Getr\u00e4nke, Grapefruitsaft oder Grapefruit. Alkohol ist in der Lage die Nebenwirkungen von Arpamyl (Schl\u00e4frigkeit und Benommenheit) zu verschlechtern, w\u00e4hrend Grapefruit mit Komponenten des Arzneimittels interagiert. Stehen Sie nicht zu schnell aus sitzender oder liegender Position auf, denn es kann Ihnen schwindlig werden.<\/div>\n<div><\/div>\n<div><b>Kontraindikationen<\/b><\/div>\n<div>\u00a0\u00a0\u00a0\u00a0\u00a0\u00a0\u00a0\u00a0Arpamyl sollte bei Patienten mit \u00dcberempfindlichkeit gegen Bestandteile des Medikaments, schwerer linksventrikul\u00e4re Dysfunktion, Hypotonie (systolischer Druck kleiner als 90 mm Hg), kardiogenem Schock, sowie Sick-Sinus-Syndrom und AV-Block Grad II-III (au\u00dfer bei Patienten mit einem funktionierenden k\u00fcnstlichen ventrikul\u00e4ren Schrittmacher), Vorhofflattern oder Vorhofflimmern und Zubeh\u00f6r Bypass- -Trakt (Wolff-Parkinson-White, Lown-Ganong-Levine-Syndrom). nicht verwendet werden.<\/div>\n<div><\/div>\n<div><b>Nebenwirkungen<\/b><\/div>\n<div>Arpamyl wird in der Regel gut vertragen. Die h\u00e4ufigsten Nebenwirkungen sind:<\/div>\n<div>\u2022 Schwindel, Schw\u00e4che oder Ohnmacht,<\/div>\n<div>\u2022 Schwellung der unteren Extremit\u00e4ten,<\/div>\n<div>\u2022 Hautausschlag,<\/div>\n<div>\u2022 Kopfschmerzen und Verstopfung.<\/div>\n<div>\u00a0Gelbsucht, Schwellungen, Atemnot, Hautausschl\u00e4gen, sind ebenfalls m\u00f6glich. Wenn Sie eine der genannten Nebenwirkungen bekommen. Sorgen Sie f\u00fcr eine sofortige \u00e4rztliche Hilfe.<\/div>\n<div><\/div>\n<div><b>Arzneimittelwechselwirkungen<\/b><\/div>\n<div>\u00a0\u00a0\u00a0\u00a0\u00a0\u00a0\u00a0\u00a0Arpamyl hemmt die Abspaltung von Alkohol und erh\u00f6ht die Wirksamkeit von Doxorubicin sowohl in Zellkultur-Systemen (in vitro) als auch bei Patienten. Cyclophosphamid, Oncovin, Procarbazin, Prednison (COPP) und Vindesin, Adriamycin, Cisplatin (VAC) zytotoxische Medikamentregimen sind in der Lage, die Absorption von Isoptin verringern. Die gleichzeitige Gabe von Isoptin mit Aspirin erh\u00f6ht in seltenen F\u00e4llen die Gefahr von Blutungen. Bei Patienten, die mit Isoptin behandelt werden, ist eine Korrektur von Digoxin-Dosierung notwendig. Eine dauerhafte Behandlung mit Verapamil kann w\u00e4hrend der ersten Woche der Therapie Digoxinspiegel im Serum um 50% auf 75% erh\u00f6hen, was zu Digitalis-Toxizit\u00e4t f\u00fchren k\u00f6nnte. Die gleichzeitige Verabreichung mit oralen Antihypertensiva kann zus\u00e4tzliche Effekte verursachen. Informieren Sie Ihren Arzt \u00fcber alle Medikamente, die Sie einnehmen, insbesondere \u00fcber Disopyramid, Flecainid, Chinidin, Phenobarbital, Cyclosporin, sowie Medikamente, die Lithium enthalten. Diese Medikation kann bestimmte Leberwerte bis leicht abnormen ver\u00e4ndern.<\/div>\n<div><\/div>\n<div><b>Vergessene Dosis<\/b><\/div>\n<div>\u00a0\u00a0\u00a0\u00a0\u00a0\u00a0\u00a0\u00a0Nehmen Sie die vergessene Dosis, sobald Sie sich daran erinnern. Wenn es fast Zeit f\u00fcr Ihre n\u00e4chste Dosis ist, \u00fcberspringen Sie einfach die Dosis und nahmen Sie das Medikament weiter nach Ihrem regelm\u00e4\u00dfigen Zeitplan.<\/div>\n<div><\/div>\n<div><b>\u00dcberdosierung<\/b><\/div>\n<div>\u00a0\u00a0\u00a0\u00a0\u00a0\u00a0\u00a0\u00a0Symptome einer \u00dcberdosierung k\u00f6nnen ein langsamer Herzschlag und Ohnmacht sein. Wenn Sie vermuten, dass zu viel von Arpamyl eingenommen wurde, sorgen Sie f\u00fcr sofortige \u00e4rztliche Hilfe.<\/div>\n<div><\/div>\n<div><b>AufLagerung<\/b><\/div>\n<div>Lagerung bei Raumtemperatur 15-30 C (59-86 F) fern von Licht, Feuchtigkeit, Haustieren und Kindern.<\/div>\n<\/div>\n","protected":false},"excerpt":{"rendered":"<div>Nom Commercial:\u00a0Verapamil<\/div>\n<div>Ingr\u00e9dient Actif:\u00a0Verapamil<\/div>\n<div>Forme de production:\u00a0pilules<\/div>\n<div>Utilisation:\u00a0B\u00eata-bloquant indiqu\u00e9 pour le traitement de l&#8217;hypertension art\u00e9rielle, de l&#8217;angine, des crises cardiaques, de l&#8217;arythmie<\/div>\n<div>Dosage Disponible:\u00a040 mg, 80 mg, 120 mg, 240 mg<\/div>\n","protected":false},"featured_media":5526,"comment_status":"open","ping_status":"closed","template":"","meta":[],"product_cat":[27],"product_tag":[],"class_list":{"0":"post-5525","1":"product","2":"type-product","3":"status-publish","4":"has-post-thumbnail","6":"product_cat-blood-pressure","8":"first","9":"instock","10":"shipping-taxable","11":"product-type-grouped"},"yoast_head":"<!-- This site is optimized with the Yoast SEO plugin v20.0 - https:\/\/yoast.com\/wordpress\/plugins\/seo\/ -->\n<title>Objednejte Verapamil Generic bez receptu za n\u00edzkou cenu | Eurorxdrugs<\/title>\n<meta name=\"description\" content=\"Kupte Verapamil Generic nyn\u00ed! Origin\u00e1ln\u00ed l\u00e9ky a rychl\u00e9 doru\u010den\u00ed v cen\u011b. 100% diskr\u00e9tn\u00ed a d\u016fv\u011brn\u00fd servis pro v\u0161echny na\u0161e z\u00e1kazn\u00edky na Eurorxdrugs\" \/>\n<meta name=\"robots\" content=\"index, follow, max-snippet:-1, max-image-preview:large, max-video-preview:-1\" \/>\n<link rel=\"canonical\" href=\"https:\/\/eurorxdrugs.cc\/cs\/product\/verapamil-generic\/\" \/>\n<meta property=\"og:locale\" content=\"cs_CZ\" \/>\n<meta property=\"og:type\" content=\"article\" \/>\n<meta property=\"og:title\" content=\"Objednejte Verapamil Generic bez receptu za n\u00edzkou cenu | Eurorxdrugs\" \/>\n<meta property=\"og:description\" content=\"Kupte Verapamil Generic nyn\u00ed! Origin\u00e1ln\u00ed l\u00e9ky a rychl\u00e9 doru\u010den\u00ed v cen\u011b. 100% diskr\u00e9tn\u00ed a d\u016fv\u011brn\u00fd servis pro v\u0161echny na\u0161e z\u00e1kazn\u00edky na Eurorxdrugs\" \/>\n<meta property=\"og:url\" content=\"https:\/\/eurorxdrugs.cc\/cs\/product\/verapamil-generic\/\" \/>\n<meta property=\"og:site_name\" content=\"eurorxdrugs\" \/>\n<meta property=\"article:modified_time\" content=\"2024-10-31T20:38:14+00:00\" \/>\n<meta property=\"og:image\" content=\"https:\/\/eurorxdrugs.cc\/cs\/wp-content\/uploads\/2024\/10\/377-min.jpg\" \/>\n\t<meta property=\"og:image:width\" content=\"270\" \/>\n\t<meta property=\"og:image:height\" content=\"300\" \/>\n\t<meta property=\"og:image:type\" content=\"image\/jpeg\" \/>\n<meta name=\"twitter:card\" content=\"summary_large_image\" \/>\n<meta name=\"twitter:label1\" content=\"Odhadovan\u00e1 doba \u010dten\u00ed\" \/>\n\t<meta name=\"twitter:data1\" content=\"3 minuty\" \/>\n<script type=\"application\/ld+json\" class=\"yoast-schema-graph\">{\"@context\":\"https:\/\/schema.org\",\"@graph\":[{\"@type\":\"WebPage\",\"@id\":\"https:\/\/eurorxdrugs.cc\/cs\/product\/verapamil-generic\/\",\"url\":\"https:\/\/eurorxdrugs.cc\/cs\/product\/verapamil-generic\/\",\"name\":\"Objednejte Verapamil Generic bez receptu za n\u00edzkou cenu | Eurorxdrugs\",\"isPartOf\":{\"@id\":\"https:\/\/eurorxdrugs.cc\/cs\/#website\"},\"datePublished\":\"2024-10-31T20:29:18+00:00\",\"dateModified\":\"2024-10-31T20:38:14+00:00\",\"description\":\"Kupte Verapamil Generic nyn\u00ed! Origin\u00e1ln\u00ed l\u00e9ky a rychl\u00e9 doru\u010den\u00ed v cen\u011b. 100% diskr\u00e9tn\u00ed a d\u016fv\u011brn\u00fd servis pro v\u0161echny na\u0161e z\u00e1kazn\u00edky na Eurorxdrugs\",\"breadcrumb\":{\"@id\":\"https:\/\/eurorxdrugs.cc\/cs\/product\/verapamil-generic\/#breadcrumb\"},\"inLanguage\":\"cs\",\"potentialAction\":[{\"@type\":\"ReadAction\",\"target\":[\"https:\/\/eurorxdrugs.cc\/cs\/product\/verapamil-generic\/\"]}]},{\"@type\":\"BreadcrumbList\",\"@id\":\"https:\/\/eurorxdrugs.cc\/cs\/product\/verapamil-generic\/#breadcrumb\",\"itemListElement\":[{\"@type\":\"ListItem\",\"position\":1,\"name\":\"Home\",\"item\":\"https:\/\/eurorxdrugs.cc\/cs\/\"},{\"@type\":\"ListItem\",\"position\":2,\"name\":\"Products\",\"item\":\"https:\/\/eurorxdrugs.cc\/cs\/shop\/\"},{\"@type\":\"ListItem\",\"position\":3,\"name\":\"Verapamil Generic\"}]},{\"@type\":\"WebSite\",\"@id\":\"https:\/\/eurorxdrugs.cc\/cs\/#website\",\"url\":\"https:\/\/eurorxdrugs.cc\/cs\/\",\"name\":\"eurorxdrugs\",\"description\":\"\",\"publisher\":{\"@id\":\"https:\/\/eurorxdrugs.cc\/cs\/#organization\"},\"potentialAction\":[{\"@type\":\"SearchAction\",\"target\":{\"@type\":\"EntryPoint\",\"urlTemplate\":\"https:\/\/eurorxdrugs.cc\/cs\/?s={search_term_string}\"},\"query-input\":\"required name=search_term_string\"}],\"inLanguage\":\"cs\"},{\"@type\":\"Organization\",\"@id\":\"https:\/\/eurorxdrugs.cc\/cs\/#organization\",\"name\":\"eurorxdrugs\",\"url\":\"https:\/\/eurorxdrugs.cc\/cs\/\",\"logo\":{\"@type\":\"ImageObject\",\"inLanguage\":\"cs\",\"@id\":\"https:\/\/eurorxdrugs.cc\/cs\/#\/schema\/logo\/image\/\",\"url\":\"https:\/\/eurorxdrugs.cc\/cs\/wp-content\/uploads\/2024\/09\/logo-1-1.png\",\"contentUrl\":\"https:\/\/eurorxdrugs.cc\/cs\/wp-content\/uploads\/2024\/09\/logo-1-1.png\",\"width\":233,\"height\":54,\"caption\":\"eurorxdrugs\"},\"image\":{\"@id\":\"https:\/\/eurorxdrugs.cc\/cs\/#\/schema\/logo\/image\/\"}}]}<\/script>\n<!-- \/ Yoast SEO plugin. -->","yoast_head_json":{"title":"Objednejte Verapamil Generic bez receptu za n\u00edzkou cenu | Eurorxdrugs","description":"Kupte Verapamil Generic nyn\u00ed! Origin\u00e1ln\u00ed l\u00e9ky a rychl\u00e9 doru\u010den\u00ed v cen\u011b. 100% diskr\u00e9tn\u00ed a d\u016fv\u011brn\u00fd servis pro v\u0161echny na\u0161e z\u00e1kazn\u00edky na Eurorxdrugs","robots":{"index":"index","follow":"follow","max-snippet":"max-snippet:-1","max-image-preview":"max-image-preview:large","max-video-preview":"max-video-preview:-1"},"canonical":"https:\/\/eurorxdrugs.cc\/cs\/product\/verapamil-generic\/","og_locale":"cs_CZ","og_type":"article","og_title":"Objednejte Verapamil Generic bez receptu za n\u00edzkou cenu | Eurorxdrugs","og_description":"Kupte Verapamil Generic nyn\u00ed! Origin\u00e1ln\u00ed l\u00e9ky a rychl\u00e9 doru\u010den\u00ed v cen\u011b. 100% diskr\u00e9tn\u00ed a d\u016fv\u011brn\u00fd servis pro v\u0161echny na\u0161e z\u00e1kazn\u00edky na Eurorxdrugs","og_url":"https:\/\/eurorxdrugs.cc\/cs\/product\/verapamil-generic\/","og_site_name":"eurorxdrugs","article_modified_time":"2024-10-31T20:38:14+00:00","og_image":[{"width":270,"height":300,"url":"https:\/\/eurorxdrugs.cc\/cs\/wp-content\/uploads\/2024\/10\/377-min.jpg","type":"image\/jpeg"}],"twitter_card":"summary_large_image","twitter_misc":{"Odhadovan\u00e1 doba \u010dten\u00ed":"3 minuty"},"schema":{"@context":"https:\/\/schema.org","@graph":[{"@type":"WebPage","@id":"https:\/\/eurorxdrugs.cc\/cs\/product\/verapamil-generic\/","url":"https:\/\/eurorxdrugs.cc\/cs\/product\/verapamil-generic\/","name":"Objednejte Verapamil Generic bez receptu za n\u00edzkou cenu | Eurorxdrugs","isPartOf":{"@id":"https:\/\/eurorxdrugs.cc\/cs\/#website"},"datePublished":"2024-10-31T20:29:18+00:00","dateModified":"2024-10-31T20:38:14+00:00","description":"Kupte Verapamil Generic nyn\u00ed! Origin\u00e1ln\u00ed l\u00e9ky a rychl\u00e9 doru\u010den\u00ed v cen\u011b. 100% diskr\u00e9tn\u00ed a d\u016fv\u011brn\u00fd servis pro v\u0161echny na\u0161e z\u00e1kazn\u00edky na Eurorxdrugs","breadcrumb":{"@id":"https:\/\/eurorxdrugs.cc\/cs\/product\/verapamil-generic\/#breadcrumb"},"inLanguage":"cs","potentialAction":[{"@type":"ReadAction","target":["https:\/\/eurorxdrugs.cc\/cs\/product\/verapamil-generic\/"]}]},{"@type":"BreadcrumbList","@id":"https:\/\/eurorxdrugs.cc\/cs\/product\/verapamil-generic\/#breadcrumb","itemListElement":[{"@type":"ListItem","position":1,"name":"Home","item":"https:\/\/eurorxdrugs.cc\/cs\/"},{"@type":"ListItem","position":2,"name":"Products","item":"https:\/\/eurorxdrugs.cc\/cs\/shop\/"},{"@type":"ListItem","position":3,"name":"Verapamil Generic"}]},{"@type":"WebSite","@id":"https:\/\/eurorxdrugs.cc\/cs\/#website","url":"https:\/\/eurorxdrugs.cc\/cs\/","name":"eurorxdrugs","description":"","publisher":{"@id":"https:\/\/eurorxdrugs.cc\/cs\/#organization"},"potentialAction":[{"@type":"SearchAction","target":{"@type":"EntryPoint","urlTemplate":"https:\/\/eurorxdrugs.cc\/cs\/?s={search_term_string}"},"query-input":"required name=search_term_string"}],"inLanguage":"cs"},{"@type":"Organization","@id":"https:\/\/eurorxdrugs.cc\/cs\/#organization","name":"eurorxdrugs","url":"https:\/\/eurorxdrugs.cc\/cs\/","logo":{"@type":"ImageObject","inLanguage":"cs","@id":"https:\/\/eurorxdrugs.cc\/cs\/#\/schema\/logo\/image\/","url":"https:\/\/eurorxdrugs.cc\/cs\/wp-content\/uploads\/2024\/09\/logo-1-1.png","contentUrl":"https:\/\/eurorxdrugs.cc\/cs\/wp-content\/uploads\/2024\/09\/logo-1-1.png","width":233,"height":54,"caption":"eurorxdrugs"},"image":{"@id":"https:\/\/eurorxdrugs.cc\/cs\/#\/schema\/logo\/image\/"}}]}},"_links":{"self":[{"href":"https:\/\/eurorxdrugs.cc\/cs\/wp-json\/wp\/v2\/product\/5525","targetHints":{"allow":["GET"]}}],"collection":[{"href":"https:\/\/eurorxdrugs.cc\/cs\/wp-json\/wp\/v2\/product"}],"about":[{"href":"https:\/\/eurorxdrugs.cc\/cs\/wp-json\/wp\/v2\/types\/product"}],"replies":[{"embeddable":true,"href":"https:\/\/eurorxdrugs.cc\/cs\/wp-json\/wp\/v2\/comments?post=5525"}],"wp:featuredmedia":[{"embeddable":true,"href":"https:\/\/eurorxdrugs.cc\/cs\/wp-json\/wp\/v2\/media\/5526"}],"wp:attachment":[{"href":"https:\/\/eurorxdrugs.cc\/cs\/wp-json\/wp\/v2\/media?parent=5525"}],"wp:term":[{"taxonomy":"product_cat","embeddable":true,"href":"https:\/\/eurorxdrugs.cc\/cs\/wp-json\/wp\/v2\/product_cat?post=5525"},{"taxonomy":"product_tag","embeddable":true,"href":"https:\/\/eurorxdrugs.cc\/cs\/wp-json\/wp\/v2\/product_tag?post=5525"}],"curies":[{"name":"wp","href":"https:\/\/api.w.org\/{rel}","templated":true}]}}