{"id":5551,"date":"2024-10-31T20:45:17","date_gmt":"2024-10-31T20:45:17","guid":{"rendered":"https:\/\/eurorxdrugs.cc\/cs\/?post_type=product&#038;p=5551"},"modified":"2024-10-31T20:57:39","modified_gmt":"2024-10-31T20:57:39","slug":"lisinopril-generic","status":"publish","type":"product","link":"https:\/\/eurorxdrugs.cc\/cs\/product\/lisinopril-generic\/","title":{"rendered":"Lisinopril (Generic)"},"content":{"rendered":"<div class=\"pro-description_name\">Beschreibung<\/div>\n<div class=\"pro-description_content\">\n<div>Allgemeine Anwendung<\/div>\n<div>\u00a0\u00a0\u00a0\u00a0\u00a0\u00a0\u00a0\u00a0Lisinopril geh\u00f6rt der Klasse von Rauschgiften genannt ASS Hemmstoffe. Es blockiert Konversion von angiotensin I zu angiotensin II, senkt arteriolar Resistenz und vergr\u00f6\u00dfert ven\u00f6se Kapazit\u00e4t, vergr\u00f6\u00dfert Herzminutenvolumen, senkt renovascular Resistenz. Es wird in der Behandlung der kongestiven Herzinsuffizienz, Hypertonie verwendet und \u00dcberleben nach einem Herzanfall zu verbessern.<\/div>\n<div><\/div>\n<div>Dosierung und Anwendungsgebiet<\/div>\n<div>\u00a0\u00a0\u00a0\u00a0\u00a0\u00a0\u00a0\u00a0Lisinopril, wird genau wie vorgeschrieben, von Ihrem Arzt mit oder ohne Essen zur gleichen Zeit jeden Tag genommen. Warten Sie mehr als zu Stunden nach der Einnahme von Antazidum, um Ihre Dosis von\u00a0 Lisinopril zu nehmen, weil das erste Absorption des letzten hemmen kann.<\/div>\n<div><\/div>\n<div>Vorsichtsma\u00dfnahmen<\/div>\n<div>\u00a0\u00a0\u00a0\u00a0\u00a0\u00a0\u00a0\u00a0Vermeiden Sie, Alkohol zu trinken. Warnen Sie Ihren Arzt, wenn Sie schwanger sind, weil dieses Medikament im Stande ist, dem zuk\u00fcnftigen Baby Schaden zuzuf\u00fcgen. Verwenden Sie Salz-Ersatz oder Kalium-Erg\u00e4nzungen nicht, wenn Sie mit diesem Medikament behandelt werden. Das Trinken von gro\u00dfen Volumina von Wasser wird empfohlen, indem es Lisinopril verwendet. Verwenden Sie dieses Medikament nicht, wenn Sie Geschichte der Allergie gegen lisinopril oder gegen irgendeinen anderen ASS Hemmstoff haben. W\u00e4hrend Einnahme dieses Medikament-Blutdrucks regelm\u00e4\u00dfig \u00fcberpr\u00fcft werden sollte.<\/div>\n<div><\/div>\n<div>Kontraindikationen<\/div>\n<div>\u00a0\u00a0\u00a0\u00a0\u00a0\u00a0\u00a0\u00a0\u00dcberempfindlichkeit, Schwangerschaft, angioneurotisches \u00d6dem in der Geschichte.<\/div>\n<div><\/div>\n<div>M\u00f6gliche Nebenwirkungen<\/div>\n<div>Nebenwirkungen von Lisinopril k\u00f6nnen umfassen Folgendes:<\/div>\n<div>\u2022 Nacken \/ R\u00fccken \/ Bauch \/ Brustschmerzen, Sodbrennen;<\/div>\n<div>\u2022 Verdauungsst\u00f6rungen, Bl\u00e4hungen, Verstopfung \/ Durchfall, Erbrechen;<\/div>\n<div>\u2022 Bronchitis oder Schmerzen bei der Inspiration;<\/div>\n<div>\u2022 Sehst\u00f6rung;<\/div>\n<div>\u2022 Schwindel, Schl\u00e4frigkeit, Ohnmacht;<\/div>\n<div>\u2022 Zittern, Kr\u00e4mpfe;<\/div>\n<div>\u2022 Schlaflosigkeit, Nervosit\u00e4t, Kopfschmerzen;<\/div>\n<div>\u2022 allergische Reaktionen (Hautausschlag, Nesselsucht, Stevens-Johnson-Syndrom);<\/div>\n<div>\u2022 geringe Libido oder Impotenz;<\/div>\n<div>\u2022 trockener Mund, trockener Husten;<\/div>\n<div>\u2022 b\u00f6sartige Tumoren der Lunge;<\/div>\n<div>\u2022 Arrhythmie, Hypotonie;<\/div>\n<div>\u2022 Arthritis;<\/div>\n<div>\u2022 Nierenversagen.<\/div>\n<div><\/div>\n<div>Wechselwirkung<\/div>\n<div>\u00a0\u00a0\u00a0\u00a0\u00a0\u00a0\u00a0\u00a0Lisinopril sollte nicht mit Kalium-Erg\u00e4nzungen oder Diuretika genommen werden, die Kalium erhalten. Die Kombination von Lisinopril mit einspritzbarem Gold kann Gesichtssp\u00fclung, Brechreiz, Emesis und Hypotension verursachen.<\/div>\n<div><\/div>\n<div>Verpasste Dosis<\/div>\n<div>\u00a0\u00a0\u00a0\u00a0\u00a0\u00a0\u00a0\u00a0Wenn Sie fehlten, eine Dosis nehmen es, sobald Sie sich erinnern, aber wenn es fast Zeit Ihrer folgenden Einnahme ist, gerade lassen die verpasste Dosis aus. Versuchen Sie nicht, eine verpasste Dosis zu ersetzen, einen zus\u00e4tzlichen nehmend.<\/div>\n<div><\/div>\n<div>\u00dcberdosierung<\/div>\n<div>\u00a0\u00a0\u00a0\u00a0\u00a0\u00a0\u00a0\u00a0Wenn Sie vermuten, dass Sie zu viel Lisinopril nahmen und Gef\u00fchl \u00e4u\u00dferst schwindlig oder leichtsinnig, oder schwach zu werden, f\u00fcr die unmittelbare medizinische Aufmerksamkeit sucht.<\/div>\n<div><\/div>\n<div>Lagerung<\/div>\n<div>\u00a0\u00a0\u00a0\u00a0\u00a0\u00a0\u00a0\u00a0Das Medikament sollte bei der Raumtemperatur 15-30 C (59-86 F) in einem Licht &#8211; widerstandsf\u00e4higer Kasten gelagert werden.<\/div>\n<\/div>\n","protected":false},"excerpt":{"rendered":"<div>Handelsname:\u00a0Lisinopril<\/div>\n<div>Hauptbestandteil:\u00a0Hydrochlorothiazide<\/div>\n<div>Produktionsform:\u00a0Pillen<\/div>\n<div>Anwendung:\u00a0Behandelt Bluthochdruck und damit verbundene Krankheiten<\/div>\n<div>Verf\u00fcgbare Dosierung:\u00a02.5mg, 5mg, 10mg, 15mg<\/div>\n","protected":false},"featured_media":5552,"comment_status":"open","ping_status":"closed","template":"","meta":[],"product_cat":[27],"product_tag":[],"class_list":{"0":"post-5551","1":"product","2":"type-product","3":"status-publish","4":"has-post-thumbnail","6":"product_cat-blood-pressure","8":"first","9":"instock","10":"shipping-taxable","11":"product-type-grouped"},"yoast_head":"<!-- This site is optimized with the Yoast SEO plugin v20.0 - https:\/\/yoast.com\/wordpress\/plugins\/seo\/ -->\n<title>Objednejte Lisinopril (Generic) bez receptu za n\u00edzkou cenu | Eurorxdrugs<\/title>\n<meta name=\"description\" content=\"Kupte Lisinopril (Generic) nyn\u00ed! Origin\u00e1ln\u00ed l\u00e9ky a rychl\u00e9 doru\u010den\u00ed v cen\u011b. 100% diskr\u00e9tn\u00ed a d\u016fv\u011brn\u00fd servis pro v\u0161echny na\u0161e z\u00e1kazn\u00edky na Eurorxdrugs\" \/>\n<meta name=\"robots\" content=\"index, follow, max-snippet:-1, max-image-preview:large, max-video-preview:-1\" \/>\n<link rel=\"canonical\" href=\"https:\/\/eurorxdrugs.cc\/cs\/product\/lisinopril-generic\/\" \/>\n<meta property=\"og:locale\" content=\"cs_CZ\" \/>\n<meta property=\"og:type\" content=\"article\" \/>\n<meta property=\"og:title\" content=\"Objednejte Lisinopril (Generic) bez receptu za n\u00edzkou cenu | Eurorxdrugs\" \/>\n<meta property=\"og:description\" content=\"Kupte Lisinopril (Generic) nyn\u00ed! Origin\u00e1ln\u00ed l\u00e9ky a rychl\u00e9 doru\u010den\u00ed v cen\u011b. 100% diskr\u00e9tn\u00ed a d\u016fv\u011brn\u00fd servis pro v\u0161echny na\u0161e z\u00e1kazn\u00edky na Eurorxdrugs\" \/>\n<meta property=\"og:url\" content=\"https:\/\/eurorxdrugs.cc\/cs\/product\/lisinopril-generic\/\" \/>\n<meta property=\"og:site_name\" content=\"eurorxdrugs\" \/>\n<meta property=\"article:modified_time\" content=\"2024-10-31T20:57:39+00:00\" \/>\n<meta property=\"og:image\" content=\"https:\/\/eurorxdrugs.cc\/cs\/wp-content\/uploads\/2024\/10\/376-min.jpg\" \/>\n\t<meta property=\"og:image:width\" content=\"270\" \/>\n\t<meta property=\"og:image:height\" content=\"300\" \/>\n\t<meta property=\"og:image:type\" content=\"image\/jpeg\" \/>\n<meta name=\"twitter:card\" content=\"summary_large_image\" \/>\n<meta name=\"twitter:label1\" content=\"Odhadovan\u00e1 doba \u010dten\u00ed\" \/>\n\t<meta name=\"twitter:data1\" content=\"2 minuty\" \/>\n<script type=\"application\/ld+json\" class=\"yoast-schema-graph\">{\"@context\":\"https:\/\/schema.org\",\"@graph\":[{\"@type\":\"WebPage\",\"@id\":\"https:\/\/eurorxdrugs.cc\/cs\/product\/lisinopril-generic\/\",\"url\":\"https:\/\/eurorxdrugs.cc\/cs\/product\/lisinopril-generic\/\",\"name\":\"Objednejte Lisinopril (Generic) bez receptu za n\u00edzkou cenu | Eurorxdrugs\",\"isPartOf\":{\"@id\":\"https:\/\/eurorxdrugs.cc\/cs\/#website\"},\"datePublished\":\"2024-10-31T20:45:17+00:00\",\"dateModified\":\"2024-10-31T20:57:39+00:00\",\"description\":\"Kupte Lisinopril (Generic) nyn\u00ed! Origin\u00e1ln\u00ed l\u00e9ky a rychl\u00e9 doru\u010den\u00ed v cen\u011b. 100% diskr\u00e9tn\u00ed a d\u016fv\u011brn\u00fd servis pro v\u0161echny na\u0161e z\u00e1kazn\u00edky na Eurorxdrugs\",\"breadcrumb\":{\"@id\":\"https:\/\/eurorxdrugs.cc\/cs\/product\/lisinopril-generic\/#breadcrumb\"},\"inLanguage\":\"cs\",\"potentialAction\":[{\"@type\":\"ReadAction\",\"target\":[\"https:\/\/eurorxdrugs.cc\/cs\/product\/lisinopril-generic\/\"]}]},{\"@type\":\"BreadcrumbList\",\"@id\":\"https:\/\/eurorxdrugs.cc\/cs\/product\/lisinopril-generic\/#breadcrumb\",\"itemListElement\":[{\"@type\":\"ListItem\",\"position\":1,\"name\":\"Home\",\"item\":\"https:\/\/eurorxdrugs.cc\/cs\/\"},{\"@type\":\"ListItem\",\"position\":2,\"name\":\"Products\",\"item\":\"https:\/\/eurorxdrugs.cc\/cs\/shop\/\"},{\"@type\":\"ListItem\",\"position\":3,\"name\":\"Lisinopril (Generic)\"}]},{\"@type\":\"WebSite\",\"@id\":\"https:\/\/eurorxdrugs.cc\/cs\/#website\",\"url\":\"https:\/\/eurorxdrugs.cc\/cs\/\",\"name\":\"eurorxdrugs\",\"description\":\"\",\"publisher\":{\"@id\":\"https:\/\/eurorxdrugs.cc\/cs\/#organization\"},\"potentialAction\":[{\"@type\":\"SearchAction\",\"target\":{\"@type\":\"EntryPoint\",\"urlTemplate\":\"https:\/\/eurorxdrugs.cc\/cs\/?s={search_term_string}\"},\"query-input\":\"required name=search_term_string\"}],\"inLanguage\":\"cs\"},{\"@type\":\"Organization\",\"@id\":\"https:\/\/eurorxdrugs.cc\/cs\/#organization\",\"name\":\"eurorxdrugs\",\"url\":\"https:\/\/eurorxdrugs.cc\/cs\/\",\"logo\":{\"@type\":\"ImageObject\",\"inLanguage\":\"cs\",\"@id\":\"https:\/\/eurorxdrugs.cc\/cs\/#\/schema\/logo\/image\/\",\"url\":\"https:\/\/eurorxdrugs.cc\/cs\/wp-content\/uploads\/2024\/09\/logo-1-1.png\",\"contentUrl\":\"https:\/\/eurorxdrugs.cc\/cs\/wp-content\/uploads\/2024\/09\/logo-1-1.png\",\"width\":233,\"height\":54,\"caption\":\"eurorxdrugs\"},\"image\":{\"@id\":\"https:\/\/eurorxdrugs.cc\/cs\/#\/schema\/logo\/image\/\"}}]}<\/script>\n<!-- \/ Yoast SEO plugin. -->","yoast_head_json":{"title":"Objednejte Lisinopril (Generic) bez receptu za n\u00edzkou cenu | Eurorxdrugs","description":"Kupte Lisinopril (Generic) nyn\u00ed! Origin\u00e1ln\u00ed l\u00e9ky a rychl\u00e9 doru\u010den\u00ed v cen\u011b. 100% diskr\u00e9tn\u00ed a d\u016fv\u011brn\u00fd servis pro v\u0161echny na\u0161e z\u00e1kazn\u00edky na Eurorxdrugs","robots":{"index":"index","follow":"follow","max-snippet":"max-snippet:-1","max-image-preview":"max-image-preview:large","max-video-preview":"max-video-preview:-1"},"canonical":"https:\/\/eurorxdrugs.cc\/cs\/product\/lisinopril-generic\/","og_locale":"cs_CZ","og_type":"article","og_title":"Objednejte Lisinopril (Generic) bez receptu za n\u00edzkou cenu | Eurorxdrugs","og_description":"Kupte Lisinopril (Generic) nyn\u00ed! Origin\u00e1ln\u00ed l\u00e9ky a rychl\u00e9 doru\u010den\u00ed v cen\u011b. 100% diskr\u00e9tn\u00ed a d\u016fv\u011brn\u00fd servis pro v\u0161echny na\u0161e z\u00e1kazn\u00edky na Eurorxdrugs","og_url":"https:\/\/eurorxdrugs.cc\/cs\/product\/lisinopril-generic\/","og_site_name":"eurorxdrugs","article_modified_time":"2024-10-31T20:57:39+00:00","og_image":[{"width":270,"height":300,"url":"https:\/\/eurorxdrugs.cc\/cs\/wp-content\/uploads\/2024\/10\/376-min.jpg","type":"image\/jpeg"}],"twitter_card":"summary_large_image","twitter_misc":{"Odhadovan\u00e1 doba \u010dten\u00ed":"2 minuty"},"schema":{"@context":"https:\/\/schema.org","@graph":[{"@type":"WebPage","@id":"https:\/\/eurorxdrugs.cc\/cs\/product\/lisinopril-generic\/","url":"https:\/\/eurorxdrugs.cc\/cs\/product\/lisinopril-generic\/","name":"Objednejte Lisinopril (Generic) bez receptu za n\u00edzkou cenu | Eurorxdrugs","isPartOf":{"@id":"https:\/\/eurorxdrugs.cc\/cs\/#website"},"datePublished":"2024-10-31T20:45:17+00:00","dateModified":"2024-10-31T20:57:39+00:00","description":"Kupte Lisinopril (Generic) nyn\u00ed! Origin\u00e1ln\u00ed l\u00e9ky a rychl\u00e9 doru\u010den\u00ed v cen\u011b. 100% diskr\u00e9tn\u00ed a d\u016fv\u011brn\u00fd servis pro v\u0161echny na\u0161e z\u00e1kazn\u00edky na Eurorxdrugs","breadcrumb":{"@id":"https:\/\/eurorxdrugs.cc\/cs\/product\/lisinopril-generic\/#breadcrumb"},"inLanguage":"cs","potentialAction":[{"@type":"ReadAction","target":["https:\/\/eurorxdrugs.cc\/cs\/product\/lisinopril-generic\/"]}]},{"@type":"BreadcrumbList","@id":"https:\/\/eurorxdrugs.cc\/cs\/product\/lisinopril-generic\/#breadcrumb","itemListElement":[{"@type":"ListItem","position":1,"name":"Home","item":"https:\/\/eurorxdrugs.cc\/cs\/"},{"@type":"ListItem","position":2,"name":"Products","item":"https:\/\/eurorxdrugs.cc\/cs\/shop\/"},{"@type":"ListItem","position":3,"name":"Lisinopril (Generic)"}]},{"@type":"WebSite","@id":"https:\/\/eurorxdrugs.cc\/cs\/#website","url":"https:\/\/eurorxdrugs.cc\/cs\/","name":"eurorxdrugs","description":"","publisher":{"@id":"https:\/\/eurorxdrugs.cc\/cs\/#organization"},"potentialAction":[{"@type":"SearchAction","target":{"@type":"EntryPoint","urlTemplate":"https:\/\/eurorxdrugs.cc\/cs\/?s={search_term_string}"},"query-input":"required name=search_term_string"}],"inLanguage":"cs"},{"@type":"Organization","@id":"https:\/\/eurorxdrugs.cc\/cs\/#organization","name":"eurorxdrugs","url":"https:\/\/eurorxdrugs.cc\/cs\/","logo":{"@type":"ImageObject","inLanguage":"cs","@id":"https:\/\/eurorxdrugs.cc\/cs\/#\/schema\/logo\/image\/","url":"https:\/\/eurorxdrugs.cc\/cs\/wp-content\/uploads\/2024\/09\/logo-1-1.png","contentUrl":"https:\/\/eurorxdrugs.cc\/cs\/wp-content\/uploads\/2024\/09\/logo-1-1.png","width":233,"height":54,"caption":"eurorxdrugs"},"image":{"@id":"https:\/\/eurorxdrugs.cc\/cs\/#\/schema\/logo\/image\/"}}]}},"_links":{"self":[{"href":"https:\/\/eurorxdrugs.cc\/cs\/wp-json\/wp\/v2\/product\/5551","targetHints":{"allow":["GET"]}}],"collection":[{"href":"https:\/\/eurorxdrugs.cc\/cs\/wp-json\/wp\/v2\/product"}],"about":[{"href":"https:\/\/eurorxdrugs.cc\/cs\/wp-json\/wp\/v2\/types\/product"}],"replies":[{"embeddable":true,"href":"https:\/\/eurorxdrugs.cc\/cs\/wp-json\/wp\/v2\/comments?post=5551"}],"wp:featuredmedia":[{"embeddable":true,"href":"https:\/\/eurorxdrugs.cc\/cs\/wp-json\/wp\/v2\/media\/5552"}],"wp:attachment":[{"href":"https:\/\/eurorxdrugs.cc\/cs\/wp-json\/wp\/v2\/media?parent=5551"}],"wp:term":[{"taxonomy":"product_cat","embeddable":true,"href":"https:\/\/eurorxdrugs.cc\/cs\/wp-json\/wp\/v2\/product_cat?post=5551"},{"taxonomy":"product_tag","embeddable":true,"href":"https:\/\/eurorxdrugs.cc\/cs\/wp-json\/wp\/v2\/product_tag?post=5551"}],"curies":[{"name":"wp","href":"https:\/\/api.w.org\/{rel}","templated":true}]}}