{"id":56,"date":"2024-09-04T04:28:26","date_gmt":"2024-09-04T04:28:26","guid":{"rendered":"https:\/\/eurorxdrugs.cc\/cs\/?post_type=product&#038;p=56"},"modified":"2024-09-19T12:37:29","modified_gmt":"2024-09-19T12:37:29","slug":"prozac-fluoxetine","status":"publish","type":"product","link":"https:\/\/eurorxdrugs.cc\/cs\/product\/prozac-fluoxetine\/","title":{"rendered":"Prozac (Fluoxetine)"},"content":{"rendered":"<div>What Is Fluoxetine (Prozac, Sarafem)?<\/div>\n<div>\u00a0\u00a0\u00a0\u00a0\u00a0\u00a0\u00a0\u00a0Fluoxetine is a generic selective serotonin reuptake inhibitor (SSRI), an antidepressant medication that is found in popular brand names like Prozac, Prozac Weekly, and Sarafem. The medication moderates serotonin levels in the brain to treat mood disorders like depression and anxiety. Fluoxetine is also prescribed to help obsessive-compulsive disorder (OCD), binge eating disorder, bulimia, and panic disorder (with or without agoraphobia). Sometimes, it is prescribed to treat the premenstrual dysphoric disorder (PMDD); Sarafem was specifically developed to treat this condition.<\/div>\n<div>\u00a0\u00a0\u00a0\u00a0\u00a0\u00a0\u00a0\u00a0In rare cases, fluoxetine can be prescribed to treat alcohol use disorder, attention deficit disorder, borderline personality disorder, headaches, sleep disorders like insomnia, Tourette\u2019s syndrome, sexual problems, phobias, post-traumatic stress disorder (PTSD), and other mental illnesses that benefit from adjustments in how serotonin interacts with the brain.<\/div>\n<div><\/div>\n<div>How Fluoxetine Works<\/div>\n<div>\u00a0\u00a0\u00a0\u00a0\u00a0\u00a0\u00a0\u00a0SSRIs like fluoxetine work by preventing serotonin from being reabsorbed rapidly after it is released. When serotonin is absorbed too fast, it is not able to help neurons communicate as well; with fewer signals moving between neurons, mood and physical energy can below. However, an SSRI allows serotonin to remain in the synapses \u2013 the spaces between neurons \u2013 for longer, helping neurons communicate with each other. This elevates mood and improves energy.<\/div>\n<div><\/div>\n<div>Prescription Doses<\/div>\n<div>\u00a0\u00a0\u00a0\u00a0\u00a0\u00a0\u00a0\u00a0Doses are found in tablet, capsule, and liquid form. Sizes of fluoxetine doses include 10 mg, 20 mg, and 40 mg; Sarafem specifically is found in 10 mg, 15 mg, and 20 mg forms.<\/div>\n<div>\u00a0\u00a0\u00a0\u00a0\u00a0\u00a0\u00a0\u00a0Dosing depends largely on which condition fluoxetine has been prescribed to treat. For example, Sarafem may be taken once per day consistently, or it could be taken for specific days in the woman\u2019s menstrual cycle. Prozac Weekly, which comes in 90 mg, is only taken once per week, but lower-dose versions of fluoxetine are taken once per day. Fluoxetine is always taken orally.<\/div>\n<div>\u00a0\u00a0\u00a0\u00a0\u00a0\u00a0\u00a0\u00a0Like other SSRIs, fluoxetine needs a few weeks to fully work on brain chemistry. The medication should be taken consistently for 4-6 weeks before it is in full effect.<\/div>\n<div>\u00a0\u00a0\u00a0\u00a0\u00a0\u00a0\u00a0\u00a0When fluoxetine works well, the medication elevates, then stabilizes mood. Mood swings and irritability can still occur, but they are less likely to occur, as are other depression-related symptoms like feeling guilty without cause, feeling sad, sleeping too much, and feeling hopeless.<\/div>\n<div><\/div>\n<div>Side Effects<\/div>\n<div>\u00a0\u00a0\u00a0\u00a0\u00a0\u00a0\u00a0\u00a0Like other psychiatric medications, SSRIs like fluoxetine can cause side effects. These are rare in most people who take the medication, although experiencing side effects could be an indication that the dose is too high and should be adjusted by the person\u2019s physician or therapist.<\/div>\n<div>\u2022 Side effects include:<\/div>\n<div>\u2022 Nervousness<\/div>\n<div>\u2022 Diarrhea<\/div>\n<div>\u2022 Sore throat<\/div>\n<div>\u2022 Dry mouth<\/div>\n<div>\u2022 Physical weakness<\/div>\n<div>\u2022 Fatigue<\/div>\n<div>\u2022 Trembling or shaking that is involuntary<\/div>\n<div>\u2022 Changes to appetite or weight<\/div>\n<div>\u2022 Changes to sex drive<\/div>\n<div>\u2022 Increased sweating<\/div>\n<div>Weight gain is a common side effect from taking fluoxetine. While this is typically not a dangerous side effect for many people, it can reduce self-image and sense of self-worth. For some people, weight-related diseases like diabetes or heart disease can occur, so it is important to work with a medical professional to moderate weight gain if it occurs.<\/div>\n<div><\/div>\n<div>\u00a0\u00a0\u00a0\u00a0\u00a0\u00a0\u00a0\u00a0More serious side effects, like an allergic reaction, can indicate a serious, negative interaction with the medication. Call 911 for emergency medical treatment if these side effects occur:<\/div>\n<div>\u2022 Rash<\/div>\n<div>\u2022 Hives<\/div>\n<div>\u2022 High fever<\/div>\n<div>\u2022 Joint pain<\/div>\n<div>\u2022 Swelling to the face, lips, throat, tongue, eyes, hands, feet, or lower legs<\/div>\n<div>\u2022 Trouble breathing or swallowing<\/div>\n<div>\u2022 Confusion<\/div>\n<div>\u2022 Rapid or irregular heartbeat<\/div>\n<div>\u2022 High blood pressure<\/div>\n<div>\u2022 Extreme muscle stiffness<\/div>\n<div>\u2022 Aggression or violence<\/div>\n<div>\u2022 Hallucinations<\/div>\n<div>\u2022 Seizures<\/div>\n<div>People under the age of 24 years old are also more likely to experience suicidal thoughts or actions while taking fluoxetine.<\/div>\n<div><\/div>\n<div>Using Fluoxetine for a Long Time<\/div>\n<div>\u00a0\u00a0\u00a0\u00a0\u00a0\u00a0\u00a0\u00a0There are no severe long-term effects for adults who take fluoxetine, and there are few studies on the side effects on children who take fluoxetine. Taking fluoxetine or other SSRIs while pregnant has a less than 1 per cent chance of causing birth defects to the fetus, so a woman who is pregnant or who plans to become pregnant should speak to her doctor about taking this medication.<\/div>\n<div>Fluoxetine may also exacerbate some pre-existing health conditions, particularly heart problems. However, the medication has not been linked to triggering these problems. This medication is known to lead to physical dependence; although this is not the same as addiction, the condition can cause withdrawal symptoms.<\/div>\n<div><\/div>\n<div>Is Fluoxetine Addictive?<\/div>\n<div>\n<p>\u00a0\u00a0\u00a0\u00a0\u00a0\u00a0\u00a0\u00a0Fluoxetine and other SSRIs are not considered to be addictive, in part because they do not act quickly on brain chemistry to induce euphoria, or high. They take weeks to fully settle into the system; in fact, Prozac is sometimes prescribed to treat alcohol use disorder after detox. The medication reduces cravings, and stabilizes mood, so the person is less likely to drink to self-medicate a mood disorder. While some people may attempt to abuse fluoxetine, these individuals typically have a history of substance abuse problems, or polydrug abuse issues, and are at greater risk of struggling with any prescription medication.<\/p>\n<p>&nbsp;<\/p>\n<\/div>\n","protected":false},"excerpt":{"rendered":"<h1 class=\"main_product_title\"><b style=\"font-size: 16px;\">Commercial Name:<\/b><span style=\"font-size: 16px;\">\u00a0Prozac<\/span><\/h1>\n<div class=\"main_product_text\">\n<div><b>Principal Ingredient:<\/b>\u00a0Fluoxetine<\/div>\n<div><b>Production form:<\/b>\u00a0Pills<\/div>\n<div><b>Utilization:<\/b>\u00a0Treats psychotic problems and Bipolarity<\/div>\n<div><b>Available Dosage:<\/b>\u00a010mg, 20mg, 40mg, 60mg<\/div>\n<\/div>\n","protected":false},"featured_media":57,"comment_status":"open","ping_status":"closed","template":"","meta":[],"product_cat":[20],"product_tag":[],"class_list":{"0":"post-56","1":"product","2":"type-product","3":"status-publish","4":"has-post-thumbnail","6":"product_cat-anti-depressants","8":"first","9":"instock","10":"shipping-taxable","11":"product-type-grouped"},"yoast_head":"<!-- This site is optimized with the Yoast SEO plugin v20.0 - https:\/\/yoast.com\/wordpress\/plugins\/seo\/ -->\n<title>Objednejte Prozac (Fluoxetine) bez receptu za n\u00edzkou cenu | Eurorxdrugs<\/title>\n<meta name=\"description\" content=\"Kupte Prozac (Fluoxetine) nyn\u00ed! Origin\u00e1ln\u00ed l\u00e9ky a rychl\u00e9 doru\u010den\u00ed v cen\u011b. 100% diskr\u00e9tn\u00ed a d\u016fv\u011brn\u00fd servis pro v\u0161echny na\u0161e z\u00e1kazn\u00edky na Eurorxdrugs\" \/>\n<meta name=\"robots\" content=\"index, follow, max-snippet:-1, max-image-preview:large, max-video-preview:-1\" \/>\n<link rel=\"canonical\" href=\"https:\/\/eurorxdrugs.cc\/cs\/product\/prozac-fluoxetine\/\" \/>\n<meta property=\"og:locale\" content=\"cs_CZ\" \/>\n<meta property=\"og:type\" content=\"article\" \/>\n<meta property=\"og:title\" content=\"Objednejte Prozac (Fluoxetine) bez receptu za n\u00edzkou cenu | Eurorxdrugs\" \/>\n<meta property=\"og:description\" content=\"Kupte Prozac (Fluoxetine) nyn\u00ed! Origin\u00e1ln\u00ed l\u00e9ky a rychl\u00e9 doru\u010den\u00ed v cen\u011b. 100% diskr\u00e9tn\u00ed a d\u016fv\u011brn\u00fd servis pro v\u0161echny na\u0161e z\u00e1kazn\u00edky na Eurorxdrugs\" \/>\n<meta property=\"og:url\" content=\"https:\/\/eurorxdrugs.cc\/cs\/product\/prozac-fluoxetine\/\" \/>\n<meta property=\"og:site_name\" content=\"eurorxdrugs\" \/>\n<meta property=\"article:modified_time\" content=\"2024-09-19T12:37:29+00:00\" \/>\n<meta property=\"og:image\" content=\"https:\/\/eurorxdrugs.cc\/cs\/wp-content\/uploads\/2024\/09\/26-min.jpg\" \/>\n\t<meta property=\"og:image:width\" content=\"270\" \/>\n\t<meta property=\"og:image:height\" content=\"300\" \/>\n\t<meta property=\"og:image:type\" content=\"image\/jpeg\" \/>\n<meta name=\"twitter:card\" content=\"summary_large_image\" \/>\n<meta name=\"twitter:label1\" content=\"Odhadovan\u00e1 doba \u010dten\u00ed\" \/>\n\t<meta name=\"twitter:data1\" content=\"4 minuty\" \/>\n<script type=\"application\/ld+json\" class=\"yoast-schema-graph\">{\"@context\":\"https:\/\/schema.org\",\"@graph\":[{\"@type\":\"WebPage\",\"@id\":\"https:\/\/eurorxdrugs.cc\/cs\/product\/prozac-fluoxetine\/\",\"url\":\"https:\/\/eurorxdrugs.cc\/cs\/product\/prozac-fluoxetine\/\",\"name\":\"Objednejte Prozac (Fluoxetine) bez receptu za n\u00edzkou cenu | Eurorxdrugs\",\"isPartOf\":{\"@id\":\"https:\/\/eurorxdrugs.cc\/cs\/#website\"},\"datePublished\":\"2024-09-04T04:28:26+00:00\",\"dateModified\":\"2024-09-19T12:37:29+00:00\",\"description\":\"Kupte Prozac (Fluoxetine) nyn\u00ed! Origin\u00e1ln\u00ed l\u00e9ky a rychl\u00e9 doru\u010den\u00ed v cen\u011b. 100% diskr\u00e9tn\u00ed a d\u016fv\u011brn\u00fd servis pro v\u0161echny na\u0161e z\u00e1kazn\u00edky na Eurorxdrugs\",\"breadcrumb\":{\"@id\":\"https:\/\/eurorxdrugs.cc\/cs\/product\/prozac-fluoxetine\/#breadcrumb\"},\"inLanguage\":\"cs\",\"potentialAction\":[{\"@type\":\"ReadAction\",\"target\":[\"https:\/\/eurorxdrugs.cc\/cs\/product\/prozac-fluoxetine\/\"]}]},{\"@type\":\"BreadcrumbList\",\"@id\":\"https:\/\/eurorxdrugs.cc\/cs\/product\/prozac-fluoxetine\/#breadcrumb\",\"itemListElement\":[{\"@type\":\"ListItem\",\"position\":1,\"name\":\"Home\",\"item\":\"https:\/\/eurorxdrugs.cc\/cs\/\"},{\"@type\":\"ListItem\",\"position\":2,\"name\":\"Products\",\"item\":\"https:\/\/eurorxdrugs.cc\/cs\/shop\/\"},{\"@type\":\"ListItem\",\"position\":3,\"name\":\"Prozac (Fluoxetine)\"}]},{\"@type\":\"WebSite\",\"@id\":\"https:\/\/eurorxdrugs.cc\/cs\/#website\",\"url\":\"https:\/\/eurorxdrugs.cc\/cs\/\",\"name\":\"eurorxdrugs\",\"description\":\"\",\"publisher\":{\"@id\":\"https:\/\/eurorxdrugs.cc\/cs\/#organization\"},\"potentialAction\":[{\"@type\":\"SearchAction\",\"target\":{\"@type\":\"EntryPoint\",\"urlTemplate\":\"https:\/\/eurorxdrugs.cc\/cs\/?s={search_term_string}\"},\"query-input\":\"required name=search_term_string\"}],\"inLanguage\":\"cs\"},{\"@type\":\"Organization\",\"@id\":\"https:\/\/eurorxdrugs.cc\/cs\/#organization\",\"name\":\"eurorxdrugs\",\"url\":\"https:\/\/eurorxdrugs.cc\/cs\/\",\"logo\":{\"@type\":\"ImageObject\",\"inLanguage\":\"cs\",\"@id\":\"https:\/\/eurorxdrugs.cc\/cs\/#\/schema\/logo\/image\/\",\"url\":\"https:\/\/eurorxdrugs.cc\/cs\/wp-content\/uploads\/2024\/09\/logo-1-1.png\",\"contentUrl\":\"https:\/\/eurorxdrugs.cc\/cs\/wp-content\/uploads\/2024\/09\/logo-1-1.png\",\"width\":233,\"height\":54,\"caption\":\"eurorxdrugs\"},\"image\":{\"@id\":\"https:\/\/eurorxdrugs.cc\/cs\/#\/schema\/logo\/image\/\"}}]}<\/script>\n<!-- \/ Yoast SEO plugin. -->","yoast_head_json":{"title":"Objednejte Prozac (Fluoxetine) bez receptu za n\u00edzkou cenu | Eurorxdrugs","description":"Kupte Prozac (Fluoxetine) nyn\u00ed! Origin\u00e1ln\u00ed l\u00e9ky a rychl\u00e9 doru\u010den\u00ed v cen\u011b. 100% diskr\u00e9tn\u00ed a d\u016fv\u011brn\u00fd servis pro v\u0161echny na\u0161e z\u00e1kazn\u00edky na Eurorxdrugs","robots":{"index":"index","follow":"follow","max-snippet":"max-snippet:-1","max-image-preview":"max-image-preview:large","max-video-preview":"max-video-preview:-1"},"canonical":"https:\/\/eurorxdrugs.cc\/cs\/product\/prozac-fluoxetine\/","og_locale":"cs_CZ","og_type":"article","og_title":"Objednejte Prozac (Fluoxetine) bez receptu za n\u00edzkou cenu | Eurorxdrugs","og_description":"Kupte Prozac (Fluoxetine) nyn\u00ed! Origin\u00e1ln\u00ed l\u00e9ky a rychl\u00e9 doru\u010den\u00ed v cen\u011b. 100% diskr\u00e9tn\u00ed a d\u016fv\u011brn\u00fd servis pro v\u0161echny na\u0161e z\u00e1kazn\u00edky na Eurorxdrugs","og_url":"https:\/\/eurorxdrugs.cc\/cs\/product\/prozac-fluoxetine\/","og_site_name":"eurorxdrugs","article_modified_time":"2024-09-19T12:37:29+00:00","og_image":[{"width":270,"height":300,"url":"https:\/\/eurorxdrugs.cc\/cs\/wp-content\/uploads\/2024\/09\/26-min.jpg","type":"image\/jpeg"}],"twitter_card":"summary_large_image","twitter_misc":{"Odhadovan\u00e1 doba \u010dten\u00ed":"4 minuty"},"schema":{"@context":"https:\/\/schema.org","@graph":[{"@type":"WebPage","@id":"https:\/\/eurorxdrugs.cc\/cs\/product\/prozac-fluoxetine\/","url":"https:\/\/eurorxdrugs.cc\/cs\/product\/prozac-fluoxetine\/","name":"Objednejte Prozac (Fluoxetine) bez receptu za n\u00edzkou cenu | Eurorxdrugs","isPartOf":{"@id":"https:\/\/eurorxdrugs.cc\/cs\/#website"},"datePublished":"2024-09-04T04:28:26+00:00","dateModified":"2024-09-19T12:37:29+00:00","description":"Kupte Prozac (Fluoxetine) nyn\u00ed! Origin\u00e1ln\u00ed l\u00e9ky a rychl\u00e9 doru\u010den\u00ed v cen\u011b. 100% diskr\u00e9tn\u00ed a d\u016fv\u011brn\u00fd servis pro v\u0161echny na\u0161e z\u00e1kazn\u00edky na Eurorxdrugs","breadcrumb":{"@id":"https:\/\/eurorxdrugs.cc\/cs\/product\/prozac-fluoxetine\/#breadcrumb"},"inLanguage":"cs","potentialAction":[{"@type":"ReadAction","target":["https:\/\/eurorxdrugs.cc\/cs\/product\/prozac-fluoxetine\/"]}]},{"@type":"BreadcrumbList","@id":"https:\/\/eurorxdrugs.cc\/cs\/product\/prozac-fluoxetine\/#breadcrumb","itemListElement":[{"@type":"ListItem","position":1,"name":"Home","item":"https:\/\/eurorxdrugs.cc\/cs\/"},{"@type":"ListItem","position":2,"name":"Products","item":"https:\/\/eurorxdrugs.cc\/cs\/shop\/"},{"@type":"ListItem","position":3,"name":"Prozac (Fluoxetine)"}]},{"@type":"WebSite","@id":"https:\/\/eurorxdrugs.cc\/cs\/#website","url":"https:\/\/eurorxdrugs.cc\/cs\/","name":"eurorxdrugs","description":"","publisher":{"@id":"https:\/\/eurorxdrugs.cc\/cs\/#organization"},"potentialAction":[{"@type":"SearchAction","target":{"@type":"EntryPoint","urlTemplate":"https:\/\/eurorxdrugs.cc\/cs\/?s={search_term_string}"},"query-input":"required name=search_term_string"}],"inLanguage":"cs"},{"@type":"Organization","@id":"https:\/\/eurorxdrugs.cc\/cs\/#organization","name":"eurorxdrugs","url":"https:\/\/eurorxdrugs.cc\/cs\/","logo":{"@type":"ImageObject","inLanguage":"cs","@id":"https:\/\/eurorxdrugs.cc\/cs\/#\/schema\/logo\/image\/","url":"https:\/\/eurorxdrugs.cc\/cs\/wp-content\/uploads\/2024\/09\/logo-1-1.png","contentUrl":"https:\/\/eurorxdrugs.cc\/cs\/wp-content\/uploads\/2024\/09\/logo-1-1.png","width":233,"height":54,"caption":"eurorxdrugs"},"image":{"@id":"https:\/\/eurorxdrugs.cc\/cs\/#\/schema\/logo\/image\/"}}]}},"_links":{"self":[{"href":"https:\/\/eurorxdrugs.cc\/cs\/wp-json\/wp\/v2\/product\/56","targetHints":{"allow":["GET"]}}],"collection":[{"href":"https:\/\/eurorxdrugs.cc\/cs\/wp-json\/wp\/v2\/product"}],"about":[{"href":"https:\/\/eurorxdrugs.cc\/cs\/wp-json\/wp\/v2\/types\/product"}],"replies":[{"embeddable":true,"href":"https:\/\/eurorxdrugs.cc\/cs\/wp-json\/wp\/v2\/comments?post=56"}],"wp:featuredmedia":[{"embeddable":true,"href":"https:\/\/eurorxdrugs.cc\/cs\/wp-json\/wp\/v2\/media\/57"}],"wp:attachment":[{"href":"https:\/\/eurorxdrugs.cc\/cs\/wp-json\/wp\/v2\/media?parent=56"}],"wp:term":[{"taxonomy":"product_cat","embeddable":true,"href":"https:\/\/eurorxdrugs.cc\/cs\/wp-json\/wp\/v2\/product_cat?post=56"},{"taxonomy":"product_tag","embeddable":true,"href":"https:\/\/eurorxdrugs.cc\/cs\/wp-json\/wp\/v2\/product_tag?post=56"}],"curies":[{"name":"wp","href":"https:\/\/api.w.org\/{rel}","templated":true}]}}