{"id":5601,"date":"2024-10-31T21:05:11","date_gmt":"2024-10-31T21:05:11","guid":{"rendered":"https:\/\/eurorxdrugs.cc\/cs\/?post_type=product&#038;p=5601"},"modified":"2024-10-31T21:08:38","modified_gmt":"2024-10-31T21:08:38","slug":"fosamax","status":"publish","type":"product","link":"https:\/\/eurorxdrugs.cc\/cs\/product\/fosamax\/","title":{"rendered":"Fosamax"},"content":{"rendered":"<div class=\"pro-description_name\">Beschreibung<\/div>\n<div class=\"pro-description_content\">\n<div><b>Allgemeine Anwendung<\/b><\/div>\n<div>\u00a0\u00a0\u00a0\u00a0\u00a0\u00a0\u00a0\u00a0Fosamax geh\u00f6rt zur Gruppe der Bisphosphonate. In den Brennpunkten der Knochenresorption lokalisiert, verringert die Substanz die Aktivit\u00e4t der am Resorptionsprozess die Osteoklasten, beteiligten Hauptzellen und hemmt so die Zerst\u00f6rung von Knochen.<\/div>\n<div>\u00a0\u00a0\u00a0\u00a0\u00a0\u00a0\u00a0\u00a0Als der Resorption und der Bildung von neuem Knochengewebe miteinander zusammenh\u00e4ngen sind, nimmt auch die Wiederherstellung des Knochens ab, dies geschieht jedoch in geringerem Ma\u00dfe als die Zerst\u00f6rung. Im Ergebnis, wird ein positives Gleichgewicht wiederhergestellt und es kommt zu einer progressiven Zunahme der Knochenmasse.<\/div>\n<div>\u00a0\u00a0\u00a0\u00a0\u00a0\u00a0\u00a0\u00a0Fosamax stimuliert eine Erh\u00f6hung der\u00a0 Knochenmineraldichte der Wirbels\u00e4ule und anderer Elemente des Skeletts und tr\u00e4gt zur Bildung einer normalen histologischen Struktur w\u00e4hrend der Knochenreparatur bei.<\/div>\n<div><\/div>\n<div><b>Gebrauchsanleitung zur Verwendung<\/b><\/div>\n<div>\u00a0\u00a0\u00a0\u00a0\u00a0\u00a0\u00a0\u00a0Fosamax ist indiziert f\u00fcr die Anwendung bei postmenopausaler Osteoporose (zur Verringerung des Risikos f\u00fcr die Entwicklung von Schenkelhalsfrakturen und Kompressionsfrakturen der Wirbels\u00e4ule), sowie gegen Osteoporose, die durch die Verwendung von Glucocorticosteroiden verursacht wird.<\/div>\n<div><\/div>\n<div><b>Gegenanzeigen:<\/b><\/div>\n<div>\u2022 Zust\u00e4nde, die durch langsame Nahrungsprogression durch die Speiser\u00f6hre gekennzeichnet sind (einschlie\u00dflich Achalasie der Kardia oder Verengung der Speiser\u00f6hre)<\/div>\n<div>\u2022 Niedriger Kalziumgehalt im Blutplasma<\/div>\n<div>\u2022 Schwerer Nierenfunktionsst\u00f6rung (Kreatinin-Clearance unter 35 ml \/ min)<\/div>\n<div>\u2022 Unf\u00e4higkeit, 30 Minuten oder l\u00e4nger aufrecht zu sitzen oder zu stehen<\/div>\n<div>\u2022 Schwere St\u00f6rungen des Mineralstoffwechsels<\/div>\n<div>\u2022 Schwangerschaft und Stillzeit<\/div>\n<div>\u2022 Kindheit<\/div>\n<div>\u2022 Erh\u00f6hte individuelle Empfindlichkeit gegen\u00fcber einem Bestandteil des Arzneimittels.<\/div>\n<div><\/div>\n<div><b>Anweisungen zur Benutzung von Fosamax<\/b><\/div>\n<div>\u00a0\u00a0\u00a0\u00a0\u00a0\u00a0\u00a0\u00a0Fosamax-Pillen sollten m\u00fcndlich 30 Minuten vor der ersten Mahlzeit, einem Getr\u00e4nk oder anderen Arzneimitteln m\u00fcndlich mit Wasser eingenommen werden. Die empfohlene Dosierung ist eine Tablette mit 10 mg einmal t\u00e4glich oder eine Tablette mit 70 mg einmal w\u00f6chentlich.<\/div>\n<\/div>\n","protected":false},"excerpt":{"rendered":"<div><b>Handelsname: <\/b>Fosamax<\/div>\n<div><b>Hauptbestandteil: <\/b>Alendrons\u00e4ure<\/div>\n<div><b>Anwendung: <\/b>Leckereien \/ Vorbeugung gegen Osteoporose bei Frauen<\/div>\n<div><b>Verf\u00fcgbare Dosierung: <\/b>70 mg<\/div>\n","protected":false},"featured_media":5602,"comment_status":"open","ping_status":"closed","template":"","meta":[],"product_cat":[40],"product_tag":[],"class_list":{"0":"post-5601","1":"product","2":"type-product","3":"status-publish","4":"has-post-thumbnail","6":"product_cat-womens-health","8":"first","9":"instock","10":"shipping-taxable","11":"product-type-grouped"},"yoast_head":"<!-- This site is optimized with the Yoast SEO plugin v20.0 - https:\/\/yoast.com\/wordpress\/plugins\/seo\/ -->\n<title>Objednejte Fosamax bez receptu za n\u00edzkou cenu | Eurorxdrugs<\/title>\n<meta name=\"description\" content=\"Kupte Fosamax nyn\u00ed! Origin\u00e1ln\u00ed l\u00e9ky a rychl\u00e9 doru\u010den\u00ed v cen\u011b. 100% diskr\u00e9tn\u00ed a d\u016fv\u011brn\u00fd servis pro v\u0161echny na\u0161e z\u00e1kazn\u00edky na Eurorxdrugs\" \/>\n<meta name=\"robots\" content=\"index, follow, max-snippet:-1, max-image-preview:large, max-video-preview:-1\" \/>\n<link rel=\"canonical\" href=\"https:\/\/eurorxdrugs.cc\/cs\/product\/fosamax\/\" \/>\n<meta property=\"og:locale\" content=\"cs_CZ\" \/>\n<meta property=\"og:type\" content=\"article\" \/>\n<meta property=\"og:title\" content=\"Objednejte Fosamax bez receptu za n\u00edzkou cenu | Eurorxdrugs\" \/>\n<meta property=\"og:description\" content=\"Kupte Fosamax nyn\u00ed! Origin\u00e1ln\u00ed l\u00e9ky a rychl\u00e9 doru\u010den\u00ed v cen\u011b. 100% diskr\u00e9tn\u00ed a d\u016fv\u011brn\u00fd servis pro v\u0161echny na\u0161e z\u00e1kazn\u00edky na Eurorxdrugs\" \/>\n<meta property=\"og:url\" content=\"https:\/\/eurorxdrugs.cc\/cs\/product\/fosamax\/\" \/>\n<meta property=\"og:site_name\" content=\"eurorxdrugs\" \/>\n<meta property=\"article:modified_time\" content=\"2024-10-31T21:08:38+00:00\" \/>\n<meta property=\"og:image\" content=\"https:\/\/eurorxdrugs.cc\/cs\/wp-content\/uploads\/2024\/10\/121-min.jpg\" \/>\n\t<meta property=\"og:image:width\" content=\"270\" \/>\n\t<meta property=\"og:image:height\" content=\"300\" \/>\n\t<meta property=\"og:image:type\" content=\"image\/jpeg\" \/>\n<meta name=\"twitter:card\" content=\"summary_large_image\" \/>\n<meta name=\"twitter:label1\" content=\"Odhadovan\u00e1 doba \u010dten\u00ed\" \/>\n\t<meta name=\"twitter:data1\" content=\"2 minuty\" \/>\n<script type=\"application\/ld+json\" class=\"yoast-schema-graph\">{\"@context\":\"https:\/\/schema.org\",\"@graph\":[{\"@type\":\"WebPage\",\"@id\":\"https:\/\/eurorxdrugs.cc\/cs\/product\/fosamax\/\",\"url\":\"https:\/\/eurorxdrugs.cc\/cs\/product\/fosamax\/\",\"name\":\"Objednejte Fosamax bez receptu za n\u00edzkou cenu | Eurorxdrugs\",\"isPartOf\":{\"@id\":\"https:\/\/eurorxdrugs.cc\/cs\/#website\"},\"datePublished\":\"2024-10-31T21:05:11+00:00\",\"dateModified\":\"2024-10-31T21:08:38+00:00\",\"description\":\"Kupte Fosamax nyn\u00ed! Origin\u00e1ln\u00ed l\u00e9ky a rychl\u00e9 doru\u010den\u00ed v cen\u011b. 100% diskr\u00e9tn\u00ed a d\u016fv\u011brn\u00fd servis pro v\u0161echny na\u0161e z\u00e1kazn\u00edky na Eurorxdrugs\",\"breadcrumb\":{\"@id\":\"https:\/\/eurorxdrugs.cc\/cs\/product\/fosamax\/#breadcrumb\"},\"inLanguage\":\"cs\",\"potentialAction\":[{\"@type\":\"ReadAction\",\"target\":[\"https:\/\/eurorxdrugs.cc\/cs\/product\/fosamax\/\"]}]},{\"@type\":\"BreadcrumbList\",\"@id\":\"https:\/\/eurorxdrugs.cc\/cs\/product\/fosamax\/#breadcrumb\",\"itemListElement\":[{\"@type\":\"ListItem\",\"position\":1,\"name\":\"Home\",\"item\":\"https:\/\/eurorxdrugs.cc\/cs\/\"},{\"@type\":\"ListItem\",\"position\":2,\"name\":\"Products\",\"item\":\"https:\/\/eurorxdrugs.cc\/cs\/shop\/\"},{\"@type\":\"ListItem\",\"position\":3,\"name\":\"Fosamax\"}]},{\"@type\":\"WebSite\",\"@id\":\"https:\/\/eurorxdrugs.cc\/cs\/#website\",\"url\":\"https:\/\/eurorxdrugs.cc\/cs\/\",\"name\":\"eurorxdrugs\",\"description\":\"\",\"publisher\":{\"@id\":\"https:\/\/eurorxdrugs.cc\/cs\/#organization\"},\"potentialAction\":[{\"@type\":\"SearchAction\",\"target\":{\"@type\":\"EntryPoint\",\"urlTemplate\":\"https:\/\/eurorxdrugs.cc\/cs\/?s={search_term_string}\"},\"query-input\":\"required name=search_term_string\"}],\"inLanguage\":\"cs\"},{\"@type\":\"Organization\",\"@id\":\"https:\/\/eurorxdrugs.cc\/cs\/#organization\",\"name\":\"eurorxdrugs\",\"url\":\"https:\/\/eurorxdrugs.cc\/cs\/\",\"logo\":{\"@type\":\"ImageObject\",\"inLanguage\":\"cs\",\"@id\":\"https:\/\/eurorxdrugs.cc\/cs\/#\/schema\/logo\/image\/\",\"url\":\"https:\/\/eurorxdrugs.cc\/cs\/wp-content\/uploads\/2024\/09\/logo-1-1.png\",\"contentUrl\":\"https:\/\/eurorxdrugs.cc\/cs\/wp-content\/uploads\/2024\/09\/logo-1-1.png\",\"width\":233,\"height\":54,\"caption\":\"eurorxdrugs\"},\"image\":{\"@id\":\"https:\/\/eurorxdrugs.cc\/cs\/#\/schema\/logo\/image\/\"}}]}<\/script>\n<!-- \/ Yoast SEO plugin. -->","yoast_head_json":{"title":"Objednejte Fosamax bez receptu za n\u00edzkou cenu | Eurorxdrugs","description":"Kupte Fosamax nyn\u00ed! Origin\u00e1ln\u00ed l\u00e9ky a rychl\u00e9 doru\u010den\u00ed v cen\u011b. 100% diskr\u00e9tn\u00ed a d\u016fv\u011brn\u00fd servis pro v\u0161echny na\u0161e z\u00e1kazn\u00edky na Eurorxdrugs","robots":{"index":"index","follow":"follow","max-snippet":"max-snippet:-1","max-image-preview":"max-image-preview:large","max-video-preview":"max-video-preview:-1"},"canonical":"https:\/\/eurorxdrugs.cc\/cs\/product\/fosamax\/","og_locale":"cs_CZ","og_type":"article","og_title":"Objednejte Fosamax bez receptu za n\u00edzkou cenu | Eurorxdrugs","og_description":"Kupte Fosamax nyn\u00ed! Origin\u00e1ln\u00ed l\u00e9ky a rychl\u00e9 doru\u010den\u00ed v cen\u011b. 100% diskr\u00e9tn\u00ed a d\u016fv\u011brn\u00fd servis pro v\u0161echny na\u0161e z\u00e1kazn\u00edky na Eurorxdrugs","og_url":"https:\/\/eurorxdrugs.cc\/cs\/product\/fosamax\/","og_site_name":"eurorxdrugs","article_modified_time":"2024-10-31T21:08:38+00:00","og_image":[{"width":270,"height":300,"url":"https:\/\/eurorxdrugs.cc\/cs\/wp-content\/uploads\/2024\/10\/121-min.jpg","type":"image\/jpeg"}],"twitter_card":"summary_large_image","twitter_misc":{"Odhadovan\u00e1 doba \u010dten\u00ed":"2 minuty"},"schema":{"@context":"https:\/\/schema.org","@graph":[{"@type":"WebPage","@id":"https:\/\/eurorxdrugs.cc\/cs\/product\/fosamax\/","url":"https:\/\/eurorxdrugs.cc\/cs\/product\/fosamax\/","name":"Objednejte Fosamax bez receptu za n\u00edzkou cenu | Eurorxdrugs","isPartOf":{"@id":"https:\/\/eurorxdrugs.cc\/cs\/#website"},"datePublished":"2024-10-31T21:05:11+00:00","dateModified":"2024-10-31T21:08:38+00:00","description":"Kupte Fosamax nyn\u00ed! Origin\u00e1ln\u00ed l\u00e9ky a rychl\u00e9 doru\u010den\u00ed v cen\u011b. 100% diskr\u00e9tn\u00ed a d\u016fv\u011brn\u00fd servis pro v\u0161echny na\u0161e z\u00e1kazn\u00edky na Eurorxdrugs","breadcrumb":{"@id":"https:\/\/eurorxdrugs.cc\/cs\/product\/fosamax\/#breadcrumb"},"inLanguage":"cs","potentialAction":[{"@type":"ReadAction","target":["https:\/\/eurorxdrugs.cc\/cs\/product\/fosamax\/"]}]},{"@type":"BreadcrumbList","@id":"https:\/\/eurorxdrugs.cc\/cs\/product\/fosamax\/#breadcrumb","itemListElement":[{"@type":"ListItem","position":1,"name":"Home","item":"https:\/\/eurorxdrugs.cc\/cs\/"},{"@type":"ListItem","position":2,"name":"Products","item":"https:\/\/eurorxdrugs.cc\/cs\/shop\/"},{"@type":"ListItem","position":3,"name":"Fosamax"}]},{"@type":"WebSite","@id":"https:\/\/eurorxdrugs.cc\/cs\/#website","url":"https:\/\/eurorxdrugs.cc\/cs\/","name":"eurorxdrugs","description":"","publisher":{"@id":"https:\/\/eurorxdrugs.cc\/cs\/#organization"},"potentialAction":[{"@type":"SearchAction","target":{"@type":"EntryPoint","urlTemplate":"https:\/\/eurorxdrugs.cc\/cs\/?s={search_term_string}"},"query-input":"required name=search_term_string"}],"inLanguage":"cs"},{"@type":"Organization","@id":"https:\/\/eurorxdrugs.cc\/cs\/#organization","name":"eurorxdrugs","url":"https:\/\/eurorxdrugs.cc\/cs\/","logo":{"@type":"ImageObject","inLanguage":"cs","@id":"https:\/\/eurorxdrugs.cc\/cs\/#\/schema\/logo\/image\/","url":"https:\/\/eurorxdrugs.cc\/cs\/wp-content\/uploads\/2024\/09\/logo-1-1.png","contentUrl":"https:\/\/eurorxdrugs.cc\/cs\/wp-content\/uploads\/2024\/09\/logo-1-1.png","width":233,"height":54,"caption":"eurorxdrugs"},"image":{"@id":"https:\/\/eurorxdrugs.cc\/cs\/#\/schema\/logo\/image\/"}}]}},"_links":{"self":[{"href":"https:\/\/eurorxdrugs.cc\/cs\/wp-json\/wp\/v2\/product\/5601","targetHints":{"allow":["GET"]}}],"collection":[{"href":"https:\/\/eurorxdrugs.cc\/cs\/wp-json\/wp\/v2\/product"}],"about":[{"href":"https:\/\/eurorxdrugs.cc\/cs\/wp-json\/wp\/v2\/types\/product"}],"replies":[{"embeddable":true,"href":"https:\/\/eurorxdrugs.cc\/cs\/wp-json\/wp\/v2\/comments?post=5601"}],"wp:featuredmedia":[{"embeddable":true,"href":"https:\/\/eurorxdrugs.cc\/cs\/wp-json\/wp\/v2\/media\/5602"}],"wp:attachment":[{"href":"https:\/\/eurorxdrugs.cc\/cs\/wp-json\/wp\/v2\/media?parent=5601"}],"wp:term":[{"taxonomy":"product_cat","embeddable":true,"href":"https:\/\/eurorxdrugs.cc\/cs\/wp-json\/wp\/v2\/product_cat?post=5601"},{"taxonomy":"product_tag","embeddable":true,"href":"https:\/\/eurorxdrugs.cc\/cs\/wp-json\/wp\/v2\/product_tag?post=5601"}],"curies":[{"name":"wp","href":"https:\/\/api.w.org\/{rel}","templated":true}]}}