{"id":5675,"date":"2024-11-01T18:29:40","date_gmt":"2024-11-01T18:29:40","guid":{"rendered":"https:\/\/eurorxdrugs.cc\/cs\/?post_type=product&#038;p=5675"},"modified":"2024-11-01T18:33:16","modified_gmt":"2024-11-01T18:33:16","slug":"premarin-konjugierte-ostrogene","status":"publish","type":"product","link":"https:\/\/eurorxdrugs.cc\/cs\/product\/premarin-konjugierte-ostrogene\/","title":{"rendered":"Premarin (Konjugierte \u00d6strogene)"},"content":{"rendered":"<div class=\"pro-description_name\">Beschreibung<\/div>\n<div class=\"pro-description_content\">\n<div><b>Allgemeine Anwendung<\/b><\/div>\n<div>\u00a0\u00a0\u00a0\u00a0\u00a0\u00a0\u00a0\u00a0Premarin ist eine Mischung von Oestrogen-Hormonen, die Entwicklung und Funktionen des weiblichen Fortpflanzungssystems, Bildung von weiblichen sekund\u00e4ren Sexualeigenschaften regelt. Bei der Einfahrt in den Blutkreislauf bildet es einen Komplex mit einem spezifischen Rezeptor (in den Eileitern, Zervix, Ausf\u00fchrungsg\u00e4nge der Milchdr\u00fcsen, Vagina, Urethra, Brust, Leber, Hypothalamus, Hypophyse), regt die Synthese von DNA und Proteinen. Es f\u00fchrt zu Proliferation des Epithels, vergr\u00f6\u00dferter Empfindlichkeit der Geb\u00e4rmutter und Tube-Muskeln zu Medikamenten stimulatign ihre Beweglichkeit. Dieses Medikament vermindert Knochenresorption von Ca2 + im Klimakterium, verhindert Involution der Geschlechtsorgane. Premarin wird verwendet, um Symptome vom Klimakterium zu behandeln, die hei\u00dfe Blitze, vaginale Trockenheit, vaginale Reizung und Trockenheit einschlie\u00dfen, um Osteoporose in postmenopausalen Frauen zu verhindern. Ersatztherapie in peri- und postmenopausal Frauen, Eierstockunterfunktion (prim\u00e4rer und sekund\u00e4rer amenorrhea, oligomenorrhea, Dysmenorrh\u00f6) und andere Bedingungen.<\/div>\n<div><\/div>\n<div><b>Dosierung und Anwendungsgebiet<\/b><\/div>\n<div>\u00a0\u00a0\u00a0\u00a0\u00a0\u00a0\u00a0\u00a0Nehmen Sie dieses Medikament sobald t\u00e4glich, wie vorgeschrieben, mit einem vollen Glas von Wasser mit oder ohne Essen. Premarin kann f\u00fcr eine zyklische Behandlung verabreicht werden, die aus 25 Tagen auf gefolgt um 5 Tage besteht. Nehmen Sie in gr\u00f6\u00dferen Mengen nicht als vorgeschrieben. Individuelle Dosierung h\u00e4ngt von Ihrer Bedingung ab (f\u00fcr hypogonadism 0.3 Mg oder 0.625 Mg t\u00e4glich, um postmenopausal Osteoporose zu verhindern, ist 0.3 Mg\/Tag). Tun Sie Ihr Bestes, es regelm\u00e4\u00dfig zu nehmen, um den besten Vorteil davon zu bekommen. Nehmen Sie mit dem Grapefruitsaft nicht, es vergr\u00f6\u00dfert Niveaus des Oestrogens.<\/div>\n<div><\/div>\n<div><b>Vorsichtsma\u00dfnahmen<\/b><\/div>\n<div>\u00a0\u00a0\u00a0\u00a0\u00a0\u00a0\u00a0\u00a0Die langfristige Behandlung mit Premarin kann Gefahr des Brustkrebses, endometrial Hyperplasie, Herzanfall vergr\u00f6\u00dfern, oder \u00fcber so \u00dcberwachung des Staates des Patienten streichen sollte regelm\u00e4\u00dfig getan werden. Dieses Medikament kann f\u00fcr ein zuk\u00fcnftiges Baby sch\u00e4dlich sein, verwenden Sie es w\u00e4hrend der Schwangerschaft nicht. Verwenden Sie Premarin nicht, um Hirsch-Krankheit oder Demenz zu verhindern. Um endometrial Hyperplasie zu vermeiden, k\u00f6nnen Sie vorgeschrieben werden, um einen progestin zusammen mit Premarin zu nehmen. Verwenden Sie dieses Rauschgift nicht, wenn Sie unter 18 y.o sind.<\/div>\n<div><\/div>\n<div><b>Kontraindikationen<\/b><\/div>\n<div>\u00a0\u00a0\u00a0\u00a0\u00a0\u00a0\u00a0\u00a0\u00dcberempfindlichkeit, Schwangerschaft, Stillzeit, \u00d6strogen abh\u00e4ngig malignen Tumoren unerkannt Genital-oder Uterusblutungen, Thrombophlebitis oder thromboembolischen Erkrankungen im aktiven Phase (das Ausschlie\u00dfen der Behandlung der Brustdr\u00fcse und Vorsteherdr\u00fcse-Krebse). Umsicht sollte von Patienten mit thrombophlebitis, Thrombose oder thromboembolism ausge\u00fcbt werden (indem sie Oestrogen in der Geschichte nimmt); Familie hyperlipoproteinemia, Bauchspeicheldr\u00fcsenentz\u00fcndung, Endometriose, Gallenblase-Krankheit in der Geschichte (besonders Cholelithiasis), schwere Leber-Insuffizienz, Gelbsucht (einschlie\u00dflich einen w\u00e4hrend der Schwangerschaft in der Geschichte),<\/div>\n<div>hepatischer porphyria, Leiomyom, hyperkalz\u00e4mie verkehrte mit durch Brustkrebs verursachten Knochen-Metastasen, underactive Schilddr\u00fcse, porphyria, Endometriose, Asthma verursacht sind.<\/div>\n<div><\/div>\n<div><b>M\u00f6gliche Nebenwirkungen<\/b><\/div>\n<div>\u00a0\u00a0\u00a0\u00a0\u00a0\u00a0\u00a0\u00a0Sie k\u00f6nnen Symptome von der Allergie (Nesselausschl\u00e4ge, Ausschlag erfahren, Gesicht und Zunge anschwellen lassend) und auch Brust-Schmerz oder schweres Gef\u00fchl, pl\u00f6tzliche Erstarrung oder Schw\u00e4che, anomale vaginale Blutung, Migr\u00e4ne-Kopfschmerz, Verwirrung, Gelbsucht, in H\u00e4nden, Kn\u00f6cheln, oder F\u00fc\u00dfen schwellend. Wenn solche Symptome sind schwere stoppen diese medicaiton und benachrichtigen Sie Ihren Arzt sofort.<\/div>\n<div><\/div>\n<div><b>Wechselwirkung<\/b><\/div>\n<div>\u00a0\u00a0\u00a0\u00a0\u00a0\u00a0\u00a0\u00a0Oestrogen stimulieren die F\u00e4higkeit der Leber, Faktoren zu erzeugen, die die Gerinnung des Bluts f\u00f6rdern. So kann die begleitende Verabreichung von Premarin und warfarin (d\u00fcnneres Blut) Abnahme ihre Effekten verursachen. Barbiturs\u00e4urepr\u00e4parat, Rifampin (Rifadin), phenytoin (Dilantin), carbamazepine (Tegretol), griseofulvin (Grifulvin), der wort des St Johns und primidone vergr\u00f6\u00dfern Metabolismus von Oestrogen. Erythromycin, ketoconazole (Nizoral), itraconazole (Sporanox), und ritonavir (Norvir) handeln entgegengesetzt.<\/div>\n<div><\/div>\n<div><b>Verpasste Dosis<\/b><\/div>\n<div>\u00a0\u00a0\u00a0\u00a0\u00a0\u00a0\u00a0\u00a0Nehmen Sie die verpasste Dosis, sobald Sie sich dar\u00fcber erinnern. Wenn es fast Zeit Ihrer folgenden Dosis ist, gerade lassen es aus und kehren zu Ihrer regelm\u00e4\u00dfigen Liste zur\u00fcck.<\/div>\n<div><\/div>\n<div><b>\u00dcberdosierung<\/b><\/div>\n<div>\u00a0\u00a0\u00a0\u00a0\u00a0\u00a0\u00a0\u00a0Unmittelbare medizinische Aufmerksamkeit ist erforderlich, im Falle dass Sie die Medizin \u00fcberdosierten. Symptome k\u00f6nnen Emesis, Brechreiz, und vaginale Blutung einschlie\u00dfen.<\/div>\n<div><\/div>\n<div><b>Lagerung<\/b><\/div>\n<div>\u00a0\u00a0\u00a0\u00a0\u00a0\u00a0\u00a0\u00a0Premarin sollte bei der Raumtemperatur, zwischen 15-30 C (59-86 F) gelagert werden. Die richtige Temperatur, um die Einspritzung zu lagern, ist zwischen 2-8 C (36-46 F).<\/div>\n<\/div>\n","protected":false},"excerpt":{"rendered":"<div>Handelsname:\u00a0Premarin<\/div>\n<div>Wirkstoff:\u00a0Conjugated Estrogens<\/div>\n<div><b>Produktionsform:<\/b> Pillen<\/div>\n<div>Anwendungsgebiet:\u00a0Zur Behandlung von Wechseljahrsbeschwerden wie Hitzewallungen, vaginaler Trockenheit, Reizung und Trockenheit, zur Vorbeugung von Osteoporose bei Frauen nach der Menopause.<\/div>\n<div>Verf\u00fcgbare Dosierungen:\u00a00.625 mg<\/div>\n","protected":false},"featured_media":5676,"comment_status":"open","ping_status":"closed","template":"","meta":[],"product_cat":[40],"product_tag":[],"class_list":{"0":"post-5675","1":"product","2":"type-product","3":"status-publish","4":"has-post-thumbnail","6":"product_cat-womens-health","8":"first","9":"instock","10":"shipping-taxable","11":"product-type-grouped"},"yoast_head":"<!-- This site is optimized with the Yoast SEO plugin v20.0 - https:\/\/yoast.com\/wordpress\/plugins\/seo\/ -->\n<title>Objednejte Premarin (Konjugierte \u00d6strogene) bez receptu za n\u00edzkou cenu | Eurorxdrugs<\/title>\n<meta name=\"description\" content=\"Kupte Premarin (Konjugierte \u00d6strogene) nyn\u00ed! Origin\u00e1ln\u00ed l\u00e9ky a rychl\u00e9 doru\u010den\u00ed v cen\u011b. 100% diskr\u00e9tn\u00ed a d\u016fv\u011brn\u00fd servis pro v\u0161echny na\u0161e z\u00e1kazn\u00edky na Eurorxdrugs\" \/>\n<meta name=\"robots\" content=\"index, follow, max-snippet:-1, max-image-preview:large, max-video-preview:-1\" \/>\n<link rel=\"canonical\" href=\"https:\/\/eurorxdrugs.cc\/cs\/product\/premarin-konjugierte-ostrogene\/\" \/>\n<meta property=\"og:locale\" content=\"cs_CZ\" \/>\n<meta property=\"og:type\" content=\"article\" \/>\n<meta property=\"og:title\" content=\"Objednejte Premarin (Konjugierte \u00d6strogene) bez receptu za n\u00edzkou cenu | Eurorxdrugs\" \/>\n<meta property=\"og:description\" content=\"Kupte Premarin (Konjugierte \u00d6strogene) nyn\u00ed! Origin\u00e1ln\u00ed l\u00e9ky a rychl\u00e9 doru\u010den\u00ed v cen\u011b. 100% diskr\u00e9tn\u00ed a d\u016fv\u011brn\u00fd servis pro v\u0161echny na\u0161e z\u00e1kazn\u00edky na Eurorxdrugs\" \/>\n<meta property=\"og:url\" content=\"https:\/\/eurorxdrugs.cc\/cs\/product\/premarin-konjugierte-ostrogene\/\" \/>\n<meta property=\"og:site_name\" content=\"eurorxdrugs\" \/>\n<meta property=\"article:modified_time\" content=\"2024-11-01T18:33:16+00:00\" \/>\n<meta property=\"og:image\" content=\"https:\/\/eurorxdrugs.cc\/cs\/wp-content\/uploads\/2024\/11\/336-min.jpg\" \/>\n\t<meta property=\"og:image:width\" content=\"270\" \/>\n\t<meta property=\"og:image:height\" content=\"300\" \/>\n\t<meta property=\"og:image:type\" content=\"image\/jpeg\" \/>\n<meta name=\"twitter:card\" content=\"summary_large_image\" \/>\n<meta name=\"twitter:label1\" content=\"Odhadovan\u00e1 doba \u010dten\u00ed\" \/>\n\t<meta name=\"twitter:data1\" content=\"3 minuty\" \/>\n<script type=\"application\/ld+json\" class=\"yoast-schema-graph\">{\"@context\":\"https:\/\/schema.org\",\"@graph\":[{\"@type\":\"WebPage\",\"@id\":\"https:\/\/eurorxdrugs.cc\/cs\/product\/premarin-konjugierte-ostrogene\/\",\"url\":\"https:\/\/eurorxdrugs.cc\/cs\/product\/premarin-konjugierte-ostrogene\/\",\"name\":\"Objednejte Premarin (Konjugierte \u00d6strogene) bez receptu za n\u00edzkou cenu | Eurorxdrugs\",\"isPartOf\":{\"@id\":\"https:\/\/eurorxdrugs.cc\/cs\/#website\"},\"datePublished\":\"2024-11-01T18:29:40+00:00\",\"dateModified\":\"2024-11-01T18:33:16+00:00\",\"description\":\"Kupte Premarin (Konjugierte \u00d6strogene) nyn\u00ed! Origin\u00e1ln\u00ed l\u00e9ky a rychl\u00e9 doru\u010den\u00ed v cen\u011b. 100% diskr\u00e9tn\u00ed a d\u016fv\u011brn\u00fd servis pro v\u0161echny na\u0161e z\u00e1kazn\u00edky na Eurorxdrugs\",\"breadcrumb\":{\"@id\":\"https:\/\/eurorxdrugs.cc\/cs\/product\/premarin-konjugierte-ostrogene\/#breadcrumb\"},\"inLanguage\":\"cs\",\"potentialAction\":[{\"@type\":\"ReadAction\",\"target\":[\"https:\/\/eurorxdrugs.cc\/cs\/product\/premarin-konjugierte-ostrogene\/\"]}]},{\"@type\":\"BreadcrumbList\",\"@id\":\"https:\/\/eurorxdrugs.cc\/cs\/product\/premarin-konjugierte-ostrogene\/#breadcrumb\",\"itemListElement\":[{\"@type\":\"ListItem\",\"position\":1,\"name\":\"Home\",\"item\":\"https:\/\/eurorxdrugs.cc\/cs\/\"},{\"@type\":\"ListItem\",\"position\":2,\"name\":\"Products\",\"item\":\"https:\/\/eurorxdrugs.cc\/cs\/shop\/\"},{\"@type\":\"ListItem\",\"position\":3,\"name\":\"Premarin (Konjugierte \u00d6strogene)\"}]},{\"@type\":\"WebSite\",\"@id\":\"https:\/\/eurorxdrugs.cc\/cs\/#website\",\"url\":\"https:\/\/eurorxdrugs.cc\/cs\/\",\"name\":\"eurorxdrugs\",\"description\":\"\",\"publisher\":{\"@id\":\"https:\/\/eurorxdrugs.cc\/cs\/#organization\"},\"potentialAction\":[{\"@type\":\"SearchAction\",\"target\":{\"@type\":\"EntryPoint\",\"urlTemplate\":\"https:\/\/eurorxdrugs.cc\/cs\/?s={search_term_string}\"},\"query-input\":\"required name=search_term_string\"}],\"inLanguage\":\"cs\"},{\"@type\":\"Organization\",\"@id\":\"https:\/\/eurorxdrugs.cc\/cs\/#organization\",\"name\":\"eurorxdrugs\",\"url\":\"https:\/\/eurorxdrugs.cc\/cs\/\",\"logo\":{\"@type\":\"ImageObject\",\"inLanguage\":\"cs\",\"@id\":\"https:\/\/eurorxdrugs.cc\/cs\/#\/schema\/logo\/image\/\",\"url\":\"https:\/\/eurorxdrugs.cc\/cs\/wp-content\/uploads\/2024\/09\/logo-1-1.png\",\"contentUrl\":\"https:\/\/eurorxdrugs.cc\/cs\/wp-content\/uploads\/2024\/09\/logo-1-1.png\",\"width\":233,\"height\":54,\"caption\":\"eurorxdrugs\"},\"image\":{\"@id\":\"https:\/\/eurorxdrugs.cc\/cs\/#\/schema\/logo\/image\/\"}}]}<\/script>\n<!-- \/ Yoast SEO plugin. -->","yoast_head_json":{"title":"Objednejte Premarin (Konjugierte \u00d6strogene) bez receptu za n\u00edzkou cenu | Eurorxdrugs","description":"Kupte Premarin (Konjugierte \u00d6strogene) nyn\u00ed! Origin\u00e1ln\u00ed l\u00e9ky a rychl\u00e9 doru\u010den\u00ed v cen\u011b. 100% diskr\u00e9tn\u00ed a d\u016fv\u011brn\u00fd servis pro v\u0161echny na\u0161e z\u00e1kazn\u00edky na Eurorxdrugs","robots":{"index":"index","follow":"follow","max-snippet":"max-snippet:-1","max-image-preview":"max-image-preview:large","max-video-preview":"max-video-preview:-1"},"canonical":"https:\/\/eurorxdrugs.cc\/cs\/product\/premarin-konjugierte-ostrogene\/","og_locale":"cs_CZ","og_type":"article","og_title":"Objednejte Premarin (Konjugierte \u00d6strogene) bez receptu za n\u00edzkou cenu | Eurorxdrugs","og_description":"Kupte Premarin (Konjugierte \u00d6strogene) nyn\u00ed! Origin\u00e1ln\u00ed l\u00e9ky a rychl\u00e9 doru\u010den\u00ed v cen\u011b. 100% diskr\u00e9tn\u00ed a d\u016fv\u011brn\u00fd servis pro v\u0161echny na\u0161e z\u00e1kazn\u00edky na Eurorxdrugs","og_url":"https:\/\/eurorxdrugs.cc\/cs\/product\/premarin-konjugierte-ostrogene\/","og_site_name":"eurorxdrugs","article_modified_time":"2024-11-01T18:33:16+00:00","og_image":[{"width":270,"height":300,"url":"https:\/\/eurorxdrugs.cc\/cs\/wp-content\/uploads\/2024\/11\/336-min.jpg","type":"image\/jpeg"}],"twitter_card":"summary_large_image","twitter_misc":{"Odhadovan\u00e1 doba \u010dten\u00ed":"3 minuty"},"schema":{"@context":"https:\/\/schema.org","@graph":[{"@type":"WebPage","@id":"https:\/\/eurorxdrugs.cc\/cs\/product\/premarin-konjugierte-ostrogene\/","url":"https:\/\/eurorxdrugs.cc\/cs\/product\/premarin-konjugierte-ostrogene\/","name":"Objednejte Premarin (Konjugierte \u00d6strogene) bez receptu za n\u00edzkou cenu | Eurorxdrugs","isPartOf":{"@id":"https:\/\/eurorxdrugs.cc\/cs\/#website"},"datePublished":"2024-11-01T18:29:40+00:00","dateModified":"2024-11-01T18:33:16+00:00","description":"Kupte Premarin (Konjugierte \u00d6strogene) nyn\u00ed! Origin\u00e1ln\u00ed l\u00e9ky a rychl\u00e9 doru\u010den\u00ed v cen\u011b. 100% diskr\u00e9tn\u00ed a d\u016fv\u011brn\u00fd servis pro v\u0161echny na\u0161e z\u00e1kazn\u00edky na Eurorxdrugs","breadcrumb":{"@id":"https:\/\/eurorxdrugs.cc\/cs\/product\/premarin-konjugierte-ostrogene\/#breadcrumb"},"inLanguage":"cs","potentialAction":[{"@type":"ReadAction","target":["https:\/\/eurorxdrugs.cc\/cs\/product\/premarin-konjugierte-ostrogene\/"]}]},{"@type":"BreadcrumbList","@id":"https:\/\/eurorxdrugs.cc\/cs\/product\/premarin-konjugierte-ostrogene\/#breadcrumb","itemListElement":[{"@type":"ListItem","position":1,"name":"Home","item":"https:\/\/eurorxdrugs.cc\/cs\/"},{"@type":"ListItem","position":2,"name":"Products","item":"https:\/\/eurorxdrugs.cc\/cs\/shop\/"},{"@type":"ListItem","position":3,"name":"Premarin (Konjugierte \u00d6strogene)"}]},{"@type":"WebSite","@id":"https:\/\/eurorxdrugs.cc\/cs\/#website","url":"https:\/\/eurorxdrugs.cc\/cs\/","name":"eurorxdrugs","description":"","publisher":{"@id":"https:\/\/eurorxdrugs.cc\/cs\/#organization"},"potentialAction":[{"@type":"SearchAction","target":{"@type":"EntryPoint","urlTemplate":"https:\/\/eurorxdrugs.cc\/cs\/?s={search_term_string}"},"query-input":"required name=search_term_string"}],"inLanguage":"cs"},{"@type":"Organization","@id":"https:\/\/eurorxdrugs.cc\/cs\/#organization","name":"eurorxdrugs","url":"https:\/\/eurorxdrugs.cc\/cs\/","logo":{"@type":"ImageObject","inLanguage":"cs","@id":"https:\/\/eurorxdrugs.cc\/cs\/#\/schema\/logo\/image\/","url":"https:\/\/eurorxdrugs.cc\/cs\/wp-content\/uploads\/2024\/09\/logo-1-1.png","contentUrl":"https:\/\/eurorxdrugs.cc\/cs\/wp-content\/uploads\/2024\/09\/logo-1-1.png","width":233,"height":54,"caption":"eurorxdrugs"},"image":{"@id":"https:\/\/eurorxdrugs.cc\/cs\/#\/schema\/logo\/image\/"}}]}},"_links":{"self":[{"href":"https:\/\/eurorxdrugs.cc\/cs\/wp-json\/wp\/v2\/product\/5675","targetHints":{"allow":["GET"]}}],"collection":[{"href":"https:\/\/eurorxdrugs.cc\/cs\/wp-json\/wp\/v2\/product"}],"about":[{"href":"https:\/\/eurorxdrugs.cc\/cs\/wp-json\/wp\/v2\/types\/product"}],"replies":[{"embeddable":true,"href":"https:\/\/eurorxdrugs.cc\/cs\/wp-json\/wp\/v2\/comments?post=5675"}],"wp:featuredmedia":[{"embeddable":true,"href":"https:\/\/eurorxdrugs.cc\/cs\/wp-json\/wp\/v2\/media\/5676"}],"wp:attachment":[{"href":"https:\/\/eurorxdrugs.cc\/cs\/wp-json\/wp\/v2\/media?parent=5675"}],"wp:term":[{"taxonomy":"product_cat","embeddable":true,"href":"https:\/\/eurorxdrugs.cc\/cs\/wp-json\/wp\/v2\/product_cat?post=5675"},{"taxonomy":"product_tag","embeddable":true,"href":"https:\/\/eurorxdrugs.cc\/cs\/wp-json\/wp\/v2\/product_tag?post=5675"}],"curies":[{"name":"wp","href":"https:\/\/api.w.org\/{rel}","templated":true}]}}