{"id":5686,"date":"2024-11-01T18:35:03","date_gmt":"2024-11-01T18:35:03","guid":{"rendered":"https:\/\/eurorxdrugs.cc\/cs\/?post_type=product&#038;p=5686"},"modified":"2024-11-01T18:38:34","modified_gmt":"2024-11-01T18:38:34","slug":"addyi-flibanserin-generic-2","status":"publish","type":"product","link":"https:\/\/eurorxdrugs.cc\/cs\/product\/addyi-flibanserin-generic-2\/","title":{"rendered":"Addyi (Flibanserin) Generic"},"content":{"rendered":"<div class=\"pro-description_name\">Beschreibung<\/div>\n<div class=\"pro-description_content\">\n<h2><b>Flibanserin (Addyi) \u00dcbersicht<\/b><\/h2>\n<p><b>Flibanserin<\/b> (100 mg) ist das erste und einzige offiziell zugelassene Mittel zur Behandlung von erworbenem vermindertem sexuellem Verlangen bei Frauen vor der Menopause. Dieses nicht-hormonelle Medikament ist geeignet f\u00fcr Frauen mit niedrigem sexuellem Verlangen, das nicht von Umst\u00e4nden abh\u00e4ngt und die in der Vergangenheit keine Probleme mit sexuellem Verlangen hatten.<\/p>\n<p><b>Flibanserin<\/b> ist nicht f\u00fcr Frauen nach der Menopause, M\u00e4nner oder Kinder vorgesehen. Es ist auch nicht zur Verbesserung der sexuellen Leistung geeignet.<\/p>\n<h3><b>Indikationen und Anwendung<\/b><\/h3>\n<p>Flibanserin wird verwendet, um vermindertes sexuelles Verlangen bei pr\u00e4menopausalen Frauen zu behandeln, die in der Vergangenheit kein vermindertes sexuelles Verlangen hatten. Das Problem sollte nicht durch folgende Faktoren bedingt sein:<\/p>\n<ul>\n<li><b>K\u00f6rperliche oder psychische Erkrankungen<\/b><\/li>\n<li><b>Beziehungsprobleme<\/b><\/li>\n<li><b>Verwendung anderer Medikamente<\/b><\/li>\n<\/ul>\n<p>Flibanserin wird nicht f\u00fcr Frauen nach der Menopause empfohlen.<\/p>\n<h3><b>Wichtige Informationen<\/b><\/h3>\n<ul>\n<li><b>Kein Alkohol trinken<\/b> w\u00e4hrend der Einnahme von Flibanserin.<\/li>\n<li><b>Flibanserin nicht verwenden<\/b>, wenn Sie allergisch dagegen sind.<\/li>\n<li>Bestimmte Medikamente k\u00f6nnen unerw\u00fcnschte oder gef\u00e4hrliche Effekte in Kombination mit Flibanserin verursachen.<\/li>\n<li>Es ist nicht bekannt, ob Flibanserin dem Ungeborenen schadet oder ob es in die Muttermilch \u00fcbergeht.<\/li>\n<li>Flibanserin ist nicht f\u00fcr Personen unter 18 Jahren zugelassen.<\/li>\n<\/ul>\n<h3><b>Wie man Flibanserin einnimmt<\/b><\/h3>\n<p>Befolgen Sie alle Anweisungen auf Ihrem Rezeptetikett. Nehmen Sie Flibanserin nur vor dem Schlafengehen ein. Es kann den Blutdruck senken und Schwindel verursachen. Verbesserungen der Symptome k\u00f6nnen bis zu 8 Wochen dauern.<\/p>\n<p>Bewahren Sie das Medikament bei Raumtemperatur und fern von Feuchtigkeit und W\u00e4rme auf.<\/p>\n<h3><b>Verpasste Dosis<\/b><\/h3>\n<p>Wenn Sie eine Dosis vergessen haben, lassen Sie diese aus und nehmen Sie das Medikament am folgenden Tag zur Schlafenszeit ein.<\/p>\n<h3><b>Zu vermeidende Dinge<\/b><\/h3>\n<ul>\n<li><b>Kein Alkohol konsumieren<\/b> w\u00e4hrend der Einnahme von Flibanserin.<\/li>\n<li>Vermeiden Sie Grapefruit und Grapefruitsaft, da sie mit Flibanserin interagieren k\u00f6nnen.<\/li>\n<li>Vermeiden Sie Nahrungserg\u00e4nzungsmittel mit <b>Ginkgo, Resveratrol oder Johanniskraut<\/b>.<\/li>\n<li>Flibanserin kann das Denken oder die Reaktionen beeintr\u00e4chtigen, daher sollten Sie es vermeiden, schnell aus einer sitzenden oder liegenden Position aufzustehen.<\/li>\n<\/ul>\n<h3><b>Dosierungsinformation<\/b><\/h3>\n<p>Die \u00fcbliche Dosis f\u00fcr Erwachsene zur Behandlung von vermindertem sexuellem Verlangen betr\u00e4gt <b>100 mg oral einmal t\u00e4glich vor dem Schlafengehen<\/b>. Das Medikament sollte nach 8 Wochen abgesetzt werden, wenn keine Verbesserung der Symptome eintritt. Flibanserin ist nicht zur Verbesserung der sexuellen Leistung geeignet und ist nicht f\u00fcr den Einsatz bei postmenopausalen Frauen oder M\u00e4nnern vorgesehen.<\/p>\n<\/div>\n","protected":false},"excerpt":{"rendered":"<div>Handelsname:\u00a0Addyi, Fliban<\/div>\n<div>Hauptbestandteil:\u00a0Flibanserin<\/div>\n<div>Produktionsform:\u00a0Pillen<\/div>\n<div>Nutzung:\u00a0Erleichtert: Behandelt das Problem der Frauengesundheit<\/div>\n<div>Verf\u00fcgbare Dosierung:\u00a0100 mg<\/div>\n","protected":false},"featured_media":5687,"comment_status":"open","ping_status":"closed","template":"","meta":[],"product_cat":[40],"product_tag":[],"class_list":{"0":"post-5686","1":"product","2":"type-product","3":"status-publish","4":"has-post-thumbnail","6":"product_cat-womens-health","8":"first","9":"instock","10":"shipping-taxable","11":"product-type-grouped"},"yoast_head":"<!-- This site is optimized with the Yoast SEO plugin v20.0 - https:\/\/yoast.com\/wordpress\/plugins\/seo\/ -->\n<title>Objednejte Addyi (Flibanserin) Generic bez receptu za n\u00edzkou cenu | Eurorxdrugs<\/title>\n<meta name=\"description\" content=\"Kupte Addyi (Flibanserin) Generic nyn\u00ed! Origin\u00e1ln\u00ed l\u00e9ky a rychl\u00e9 doru\u010den\u00ed v cen\u011b. 100% diskr\u00e9tn\u00ed a d\u016fv\u011brn\u00fd servis pro v\u0161echny na\u0161e z\u00e1kazn\u00edky na Eurorxdrugs\" \/>\n<meta name=\"robots\" content=\"index, follow, max-snippet:-1, max-image-preview:large, max-video-preview:-1\" \/>\n<link rel=\"canonical\" href=\"https:\/\/eurorxdrugs.cc\/cs\/product\/addyi-flibanserin-generic-2\/\" \/>\n<meta property=\"og:locale\" content=\"cs_CZ\" \/>\n<meta property=\"og:type\" content=\"article\" \/>\n<meta property=\"og:title\" content=\"Objednejte Addyi (Flibanserin) Generic bez receptu za n\u00edzkou cenu | Eurorxdrugs\" \/>\n<meta property=\"og:description\" content=\"Kupte Addyi (Flibanserin) Generic nyn\u00ed! Origin\u00e1ln\u00ed l\u00e9ky a rychl\u00e9 doru\u010den\u00ed v cen\u011b. 100% diskr\u00e9tn\u00ed a d\u016fv\u011brn\u00fd servis pro v\u0161echny na\u0161e z\u00e1kazn\u00edky na Eurorxdrugs\" \/>\n<meta property=\"og:url\" content=\"https:\/\/eurorxdrugs.cc\/cs\/product\/addyi-flibanserin-generic-2\/\" \/>\n<meta property=\"og:site_name\" content=\"eurorxdrugs\" \/>\n<meta property=\"article:modified_time\" content=\"2024-11-01T18:38:34+00:00\" \/>\n<meta property=\"og:image\" content=\"https:\/\/eurorxdrugs.cc\/cs\/wp-content\/uploads\/2024\/11\/387-min.jpg\" \/>\n\t<meta property=\"og:image:width\" content=\"270\" \/>\n\t<meta property=\"og:image:height\" content=\"300\" \/>\n\t<meta property=\"og:image:type\" content=\"image\/jpeg\" \/>\n<meta name=\"twitter:card\" content=\"summary_large_image\" \/>\n<meta name=\"twitter:label1\" content=\"Odhadovan\u00e1 doba \u010dten\u00ed\" \/>\n\t<meta name=\"twitter:data1\" content=\"2 minuty\" \/>\n<script type=\"application\/ld+json\" class=\"yoast-schema-graph\">{\"@context\":\"https:\/\/schema.org\",\"@graph\":[{\"@type\":\"WebPage\",\"@id\":\"https:\/\/eurorxdrugs.cc\/cs\/product\/addyi-flibanserin-generic-2\/\",\"url\":\"https:\/\/eurorxdrugs.cc\/cs\/product\/addyi-flibanserin-generic-2\/\",\"name\":\"Objednejte Addyi (Flibanserin) Generic bez receptu za n\u00edzkou cenu | Eurorxdrugs\",\"isPartOf\":{\"@id\":\"https:\/\/eurorxdrugs.cc\/cs\/#website\"},\"datePublished\":\"2024-11-01T18:35:03+00:00\",\"dateModified\":\"2024-11-01T18:38:34+00:00\",\"description\":\"Kupte Addyi (Flibanserin) Generic nyn\u00ed! Origin\u00e1ln\u00ed l\u00e9ky a rychl\u00e9 doru\u010den\u00ed v cen\u011b. 100% diskr\u00e9tn\u00ed a d\u016fv\u011brn\u00fd servis pro v\u0161echny na\u0161e z\u00e1kazn\u00edky na Eurorxdrugs\",\"breadcrumb\":{\"@id\":\"https:\/\/eurorxdrugs.cc\/cs\/product\/addyi-flibanserin-generic-2\/#breadcrumb\"},\"inLanguage\":\"cs\",\"potentialAction\":[{\"@type\":\"ReadAction\",\"target\":[\"https:\/\/eurorxdrugs.cc\/cs\/product\/addyi-flibanserin-generic-2\/\"]}]},{\"@type\":\"BreadcrumbList\",\"@id\":\"https:\/\/eurorxdrugs.cc\/cs\/product\/addyi-flibanserin-generic-2\/#breadcrumb\",\"itemListElement\":[{\"@type\":\"ListItem\",\"position\":1,\"name\":\"Home\",\"item\":\"https:\/\/eurorxdrugs.cc\/cs\/\"},{\"@type\":\"ListItem\",\"position\":2,\"name\":\"Products\",\"item\":\"https:\/\/eurorxdrugs.cc\/cs\/shop\/\"},{\"@type\":\"ListItem\",\"position\":3,\"name\":\"Addyi (Flibanserin) Generic\"}]},{\"@type\":\"WebSite\",\"@id\":\"https:\/\/eurorxdrugs.cc\/cs\/#website\",\"url\":\"https:\/\/eurorxdrugs.cc\/cs\/\",\"name\":\"eurorxdrugs\",\"description\":\"\",\"publisher\":{\"@id\":\"https:\/\/eurorxdrugs.cc\/cs\/#organization\"},\"potentialAction\":[{\"@type\":\"SearchAction\",\"target\":{\"@type\":\"EntryPoint\",\"urlTemplate\":\"https:\/\/eurorxdrugs.cc\/cs\/?s={search_term_string}\"},\"query-input\":\"required name=search_term_string\"}],\"inLanguage\":\"cs\"},{\"@type\":\"Organization\",\"@id\":\"https:\/\/eurorxdrugs.cc\/cs\/#organization\",\"name\":\"eurorxdrugs\",\"url\":\"https:\/\/eurorxdrugs.cc\/cs\/\",\"logo\":{\"@type\":\"ImageObject\",\"inLanguage\":\"cs\",\"@id\":\"https:\/\/eurorxdrugs.cc\/cs\/#\/schema\/logo\/image\/\",\"url\":\"https:\/\/eurorxdrugs.cc\/cs\/wp-content\/uploads\/2024\/09\/logo-1-1.png\",\"contentUrl\":\"https:\/\/eurorxdrugs.cc\/cs\/wp-content\/uploads\/2024\/09\/logo-1-1.png\",\"width\":233,\"height\":54,\"caption\":\"eurorxdrugs\"},\"image\":{\"@id\":\"https:\/\/eurorxdrugs.cc\/cs\/#\/schema\/logo\/image\/\"}}]}<\/script>\n<!-- \/ Yoast SEO plugin. -->","yoast_head_json":{"title":"Objednejte Addyi (Flibanserin) Generic bez receptu za n\u00edzkou cenu | Eurorxdrugs","description":"Kupte Addyi (Flibanserin) Generic nyn\u00ed! Origin\u00e1ln\u00ed l\u00e9ky a rychl\u00e9 doru\u010den\u00ed v cen\u011b. 100% diskr\u00e9tn\u00ed a d\u016fv\u011brn\u00fd servis pro v\u0161echny na\u0161e z\u00e1kazn\u00edky na Eurorxdrugs","robots":{"index":"index","follow":"follow","max-snippet":"max-snippet:-1","max-image-preview":"max-image-preview:large","max-video-preview":"max-video-preview:-1"},"canonical":"https:\/\/eurorxdrugs.cc\/cs\/product\/addyi-flibanserin-generic-2\/","og_locale":"cs_CZ","og_type":"article","og_title":"Objednejte Addyi (Flibanserin) Generic bez receptu za n\u00edzkou cenu | Eurorxdrugs","og_description":"Kupte Addyi (Flibanserin) Generic nyn\u00ed! Origin\u00e1ln\u00ed l\u00e9ky a rychl\u00e9 doru\u010den\u00ed v cen\u011b. 100% diskr\u00e9tn\u00ed a d\u016fv\u011brn\u00fd servis pro v\u0161echny na\u0161e z\u00e1kazn\u00edky na Eurorxdrugs","og_url":"https:\/\/eurorxdrugs.cc\/cs\/product\/addyi-flibanserin-generic-2\/","og_site_name":"eurorxdrugs","article_modified_time":"2024-11-01T18:38:34+00:00","og_image":[{"width":270,"height":300,"url":"https:\/\/eurorxdrugs.cc\/cs\/wp-content\/uploads\/2024\/11\/387-min.jpg","type":"image\/jpeg"}],"twitter_card":"summary_large_image","twitter_misc":{"Odhadovan\u00e1 doba \u010dten\u00ed":"2 minuty"},"schema":{"@context":"https:\/\/schema.org","@graph":[{"@type":"WebPage","@id":"https:\/\/eurorxdrugs.cc\/cs\/product\/addyi-flibanserin-generic-2\/","url":"https:\/\/eurorxdrugs.cc\/cs\/product\/addyi-flibanserin-generic-2\/","name":"Objednejte Addyi (Flibanserin) Generic bez receptu za n\u00edzkou cenu | Eurorxdrugs","isPartOf":{"@id":"https:\/\/eurorxdrugs.cc\/cs\/#website"},"datePublished":"2024-11-01T18:35:03+00:00","dateModified":"2024-11-01T18:38:34+00:00","description":"Kupte Addyi (Flibanserin) Generic nyn\u00ed! Origin\u00e1ln\u00ed l\u00e9ky a rychl\u00e9 doru\u010den\u00ed v cen\u011b. 100% diskr\u00e9tn\u00ed a d\u016fv\u011brn\u00fd servis pro v\u0161echny na\u0161e z\u00e1kazn\u00edky na Eurorxdrugs","breadcrumb":{"@id":"https:\/\/eurorxdrugs.cc\/cs\/product\/addyi-flibanserin-generic-2\/#breadcrumb"},"inLanguage":"cs","potentialAction":[{"@type":"ReadAction","target":["https:\/\/eurorxdrugs.cc\/cs\/product\/addyi-flibanserin-generic-2\/"]}]},{"@type":"BreadcrumbList","@id":"https:\/\/eurorxdrugs.cc\/cs\/product\/addyi-flibanserin-generic-2\/#breadcrumb","itemListElement":[{"@type":"ListItem","position":1,"name":"Home","item":"https:\/\/eurorxdrugs.cc\/cs\/"},{"@type":"ListItem","position":2,"name":"Products","item":"https:\/\/eurorxdrugs.cc\/cs\/shop\/"},{"@type":"ListItem","position":3,"name":"Addyi (Flibanserin) Generic"}]},{"@type":"WebSite","@id":"https:\/\/eurorxdrugs.cc\/cs\/#website","url":"https:\/\/eurorxdrugs.cc\/cs\/","name":"eurorxdrugs","description":"","publisher":{"@id":"https:\/\/eurorxdrugs.cc\/cs\/#organization"},"potentialAction":[{"@type":"SearchAction","target":{"@type":"EntryPoint","urlTemplate":"https:\/\/eurorxdrugs.cc\/cs\/?s={search_term_string}"},"query-input":"required name=search_term_string"}],"inLanguage":"cs"},{"@type":"Organization","@id":"https:\/\/eurorxdrugs.cc\/cs\/#organization","name":"eurorxdrugs","url":"https:\/\/eurorxdrugs.cc\/cs\/","logo":{"@type":"ImageObject","inLanguage":"cs","@id":"https:\/\/eurorxdrugs.cc\/cs\/#\/schema\/logo\/image\/","url":"https:\/\/eurorxdrugs.cc\/cs\/wp-content\/uploads\/2024\/09\/logo-1-1.png","contentUrl":"https:\/\/eurorxdrugs.cc\/cs\/wp-content\/uploads\/2024\/09\/logo-1-1.png","width":233,"height":54,"caption":"eurorxdrugs"},"image":{"@id":"https:\/\/eurorxdrugs.cc\/cs\/#\/schema\/logo\/image\/"}}]}},"_links":{"self":[{"href":"https:\/\/eurorxdrugs.cc\/cs\/wp-json\/wp\/v2\/product\/5686","targetHints":{"allow":["GET"]}}],"collection":[{"href":"https:\/\/eurorxdrugs.cc\/cs\/wp-json\/wp\/v2\/product"}],"about":[{"href":"https:\/\/eurorxdrugs.cc\/cs\/wp-json\/wp\/v2\/types\/product"}],"replies":[{"embeddable":true,"href":"https:\/\/eurorxdrugs.cc\/cs\/wp-json\/wp\/v2\/comments?post=5686"}],"wp:featuredmedia":[{"embeddable":true,"href":"https:\/\/eurorxdrugs.cc\/cs\/wp-json\/wp\/v2\/media\/5687"}],"wp:attachment":[{"href":"https:\/\/eurorxdrugs.cc\/cs\/wp-json\/wp\/v2\/media?parent=5686"}],"wp:term":[{"taxonomy":"product_cat","embeddable":true,"href":"https:\/\/eurorxdrugs.cc\/cs\/wp-json\/wp\/v2\/product_cat?post=5686"},{"taxonomy":"product_tag","embeddable":true,"href":"https:\/\/eurorxdrugs.cc\/cs\/wp-json\/wp\/v2\/product_tag?post=5686"}],"curies":[{"name":"wp","href":"https:\/\/api.w.org\/{rel}","templated":true}]}}