{"id":5705,"date":"2024-11-01T18:46:30","date_gmt":"2024-11-01T18:46:30","guid":{"rendered":"https:\/\/eurorxdrugs.cc\/cs\/?post_type=product&#038;p=5705"},"modified":"2024-11-01T18:53:25","modified_gmt":"2024-11-01T18:53:25","slug":"lumigan-bimatoprost-0-01","status":"publish","type":"product","link":"https:\/\/eurorxdrugs.cc\/cs\/product\/lumigan-bimatoprost-0-01\/","title":{"rendered":"Lumigan (Bimatoprost) 0.01 %"},"content":{"rendered":"<div class=\"pro-description_name\">Beschreibung<\/div>\n<div class=\"pro-description_content\">\n<div><b>Allgemeiner Gebrauch<\/b><\/div>\n<div>\u00a0\u00a0\u00a0\u00a0\u00a0\u00a0\u00a0\u00a0Bedenken Sie, dass die Verwendung von Lumigan Augentropfen keine Heilung f\u00fcr Glaukom darstellt. Es ist eine Behandlung, die von \u00c4rzten bei Patienten mit Glaukom verschrieben wird, die das Risiko von Sch\u00e4den am Sehnerv und infolgedessen die Gefahr von Blindheit reduziert. Eine Struktur in unseren Augen sondert st\u00e4ndig eine Fl\u00fcssigkeit ab, die die ben\u00f6tigten N\u00e4hrstoffe liefert. Damit das Auge richtig funktioniert, muss ein Gleichgewicht zwischen der Sekretion und der Ausscheidungsfunktion herrschen. Wenn die Ausscheidungsfunktion sehr langsam ist, sammelt sich die oben erw\u00e4hnte Fl\u00fcssigkeit im Augeninneren an, wodurch der Augeninnendruck steigt. Wenn dieses Gleichgewicht nicht wiederhergestellt wird, f\u00fchrt der hohe Augeninnendruck zur Sch\u00e4digung des Sehnervs und letztendlich auch zur Blindheit. Lumigan Augentropfen erleichtern die Ausscheidung der Fl\u00fcssigkeit und halten ein stabiles Gleichgewicht zwischen Sekretion und Ausscheidung.<\/div>\n<div><\/div>\n<div><b>Dosierung und Anwendung<\/b><\/div>\n<div>\u00a0\u00a0\u00a0\u00a0\u00a0\u00a0\u00a0\u00a0Die akzeptierte Dosis f\u00fcr Lumigan Augentropfenl\u00f6sung ist ein Tropfen von 0,01% L\u00f6sung in ein von Glaukom betroffenes Auge. Wenn beide Augen betroffen sind, sollte ein Tropfen in jedem Auge verabreicht werden.<\/div>\n<div>\u00a0\u00a0\u00a0\u00a0\u00a0\u00a0\u00a0\u00a0Um die Tropfen zu verwenden, entfernen Sie zuerst Ihre Kontaktlinsen, da sie einen Teil der Wirkstoffe aufnehmen k\u00f6nnen, die in Lumigan Augentropfen enthalten sind. Nach dem Sie die Augentropfen direkt in das Auge getropft haben, schlie\u00dfen und \u00f6ffnen Sie das Auge vorsichtig, um die L\u00f6sung \u00fcber die gesamte Oberfl\u00e4che zu verteilen. Reiben Sie nicht mit ihren H\u00e4nden in Ihren Augen, da dies mehr Schaden als Nutzen anrichten kann.<\/div>\n<div><\/div>\n<div><b>Vorsichtsma\u00dfnahmen<\/b><\/div>\n<div>\u00a0\u00a0\u00a0\u00a0\u00a0\u00a0\u00a0\u00a0Achten Sie immer darauf, dass sowohl Ihre H\u00e4nde als auch die Flasche sauber sind, bevor Sie die L\u00f6sung verwenden. Dies soll verhindern, dass eine T\u00fcr f\u00fcr opportunistischen Infektionen ge\u00f6ffnet wird.<\/div>\n<div>\u00a0\u00a0\u00a0\u00a0\u00a0\u00a0\u00a0\u00a0Bitte beachten Sie, dass Lumigan Augentropfen vor\u00fcbergehende verschwommene Sehkraft verursachen k\u00f6nnen. Verzichten Sie daher auf das Fahren oder den Betrieb schwerer Maschinen, bis der Effekt nachl\u00e4sst und Sie wieder ihren t\u00e4glichen Aufgaben nachgehen k\u00f6nnen.<\/div>\n<div><\/div>\n<div><b>Gegenanzeigen<\/b><\/div>\n<div>\u00a0\u00a0\u00a0\u00a0\u00a0\u00a0\u00a0\u00a0Weil die Wirkungen dieses Arzneimittels bei Patienten mit Leber- oder Nierenerkrankung nicht untersucht wurden, konsultieren Sie Ihren Arzt vor Verwendung der Tropfen, wenn bekannt ist, dass Sie eine der oben genannten Krankheiten haben.<\/div>\n<div>\u00a0\u00a0\u00a0\u00a0\u00a0\u00a0\u00a0\u00a0Wenn Sie allergisch oder \u00fcberempfindlich auf einen der Wirkstoffe der Lumigan Augentropfen sind, verwenden Sie das Medikament nicht. Schauen Sie sich die Liste der Wirkstoffe an, bevor Sie Lumigan Augentropfen verwenden.<\/div>\n<div>\u00a0\u00a0\u00a0\u00a0\u00a0\u00a0\u00a0\u00a0Sagen Sie Ihrem Arzt auch, wenn Sie jetzt oder vor kurzem eine Augeninfektion hatten.<\/div>\n<div><\/div>\n<div><b>M\u00f6gliche Nebenwirkungen<\/b><\/div>\n<div>M\u00f6gliche Nebenwirkungen, die bei der Verwendung dieses Medikaments auftreten k\u00f6nnen, beinhalten:<\/div>\n<div>\u2022 Augenr\u00f6tung,<\/div>\n<div>\u2022 Farb\u00e4nderung der Augen,<\/div>\n<div>\u2022 Juckreiz,<\/div>\n<div>\u2022 Schwellung,<\/div>\n<div>\u2022 Schwindel.<\/div>\n<div>Wenn Sie eins dieser Symptome t\u00e4glich haben, suchen Sie umgehend Ihren Arzt auf.<\/div>\n<div><\/div>\n<div><b>Wechselwirkung<\/b><\/div>\n<div>\u00a0\u00a0\u00a0\u00a0\u00a0\u00a0\u00a0\u00a0Nach dem Studium der Droge wurde festgestellt, dass Lumigan Augentropfen mit Bimatoprost topical (Latisse) und Latanoprost ophtalmic (Xalatan) Wechselwirkung zeigt.<\/div>\n<div><\/div>\n<div><b>Einnahme vergessen<\/b><\/div>\n<div>\u00a0\u00a0\u00a0\u00a0\u00a0\u00a0\u00a0\u00a0Wenn Sie die Einnahme Ihrer t\u00e4glichen Dosis von Lumigan Augentropfen vergessen haben, nehmen Sie sie, sobald es Ihnen auff\u00e4llt, solange es nicht schon Zeit f\u00fcr Ihre n\u00e4chste Dosis ist. Verdoppeln Sie nicht die Dosis.<\/div>\n<\/div>\n","protected":false},"excerpt":{"rendered":"<div>Handelsname:\u00a0Lumigan<\/div>\n<div>Hauptbestandteil:\u00a0Bimatoprost<\/div>\n<div>Anwendung:\u00a0Behandelt Glaukom und hilft, die Augenbrauen zu verl\u00e4ngern<\/div>\n<div>Verf\u00fcgbare Dosierung:\u00a00.01mg, 0.03mg, 3mg<\/div>\n","protected":false},"featured_media":5706,"comment_status":"open","ping_status":"closed","template":"","meta":[],"product_cat":[40],"product_tag":[],"class_list":{"0":"post-5705","1":"product","2":"type-product","3":"status-publish","4":"has-post-thumbnail","6":"product_cat-womens-health","8":"first","9":"instock","10":"shipping-taxable","11":"product-type-grouped"},"yoast_head":"<!-- This site is optimized with the Yoast SEO plugin v20.0 - https:\/\/yoast.com\/wordpress\/plugins\/seo\/ -->\n<title>Objednejte Lumigan (Bimatoprost) 0.01 % bez receptu za n\u00edzkou cenu | Eurorxdrugs<\/title>\n<meta name=\"description\" content=\"Kupte Lumigan (Bimatoprost) 0.01 % nyn\u00ed! Origin\u00e1ln\u00ed l\u00e9ky a rychl\u00e9 doru\u010den\u00ed v cen\u011b. 100% diskr\u00e9tn\u00ed a d\u016fv\u011brn\u00fd servis pro v\u0161echny na\u0161e z\u00e1kazn\u00edky na Eurorxdrugs\" \/>\n<meta name=\"robots\" content=\"index, follow, max-snippet:-1, max-image-preview:large, max-video-preview:-1\" \/>\n<link rel=\"canonical\" href=\"https:\/\/eurorxdrugs.cc\/cs\/product\/lumigan-bimatoprost-0-01\/\" \/>\n<meta property=\"og:locale\" content=\"cs_CZ\" \/>\n<meta property=\"og:type\" content=\"article\" \/>\n<meta property=\"og:title\" content=\"Objednejte Lumigan (Bimatoprost) 0.01 % bez receptu za n\u00edzkou cenu | Eurorxdrugs\" \/>\n<meta property=\"og:description\" content=\"Kupte Lumigan (Bimatoprost) 0.01 % nyn\u00ed! Origin\u00e1ln\u00ed l\u00e9ky a rychl\u00e9 doru\u010den\u00ed v cen\u011b. 100% diskr\u00e9tn\u00ed a d\u016fv\u011brn\u00fd servis pro v\u0161echny na\u0161e z\u00e1kazn\u00edky na Eurorxdrugs\" \/>\n<meta property=\"og:url\" content=\"https:\/\/eurorxdrugs.cc\/cs\/product\/lumigan-bimatoprost-0-01\/\" \/>\n<meta property=\"og:site_name\" content=\"eurorxdrugs\" \/>\n<meta property=\"article:modified_time\" content=\"2024-11-01T18:53:25+00:00\" \/>\n<meta property=\"og:image\" content=\"https:\/\/eurorxdrugs.cc\/cs\/wp-content\/uploads\/2024\/11\/229-min.jpg\" \/>\n\t<meta property=\"og:image:width\" content=\"270\" \/>\n\t<meta property=\"og:image:height\" content=\"300\" \/>\n\t<meta property=\"og:image:type\" content=\"image\/jpeg\" \/>\n<meta name=\"twitter:card\" content=\"summary_large_image\" \/>\n<meta name=\"twitter:label1\" content=\"Odhadovan\u00e1 doba \u010dten\u00ed\" \/>\n\t<meta name=\"twitter:data1\" content=\"3 minuty\" \/>\n<script type=\"application\/ld+json\" class=\"yoast-schema-graph\">{\"@context\":\"https:\/\/schema.org\",\"@graph\":[{\"@type\":\"WebPage\",\"@id\":\"https:\/\/eurorxdrugs.cc\/cs\/product\/lumigan-bimatoprost-0-01\/\",\"url\":\"https:\/\/eurorxdrugs.cc\/cs\/product\/lumigan-bimatoprost-0-01\/\",\"name\":\"Objednejte Lumigan (Bimatoprost) 0.01 % bez receptu za n\u00edzkou cenu | Eurorxdrugs\",\"isPartOf\":{\"@id\":\"https:\/\/eurorxdrugs.cc\/cs\/#website\"},\"datePublished\":\"2024-11-01T18:46:30+00:00\",\"dateModified\":\"2024-11-01T18:53:25+00:00\",\"description\":\"Kupte Lumigan (Bimatoprost) 0.01 % nyn\u00ed! Origin\u00e1ln\u00ed l\u00e9ky a rychl\u00e9 doru\u010den\u00ed v cen\u011b. 100% diskr\u00e9tn\u00ed a d\u016fv\u011brn\u00fd servis pro v\u0161echny na\u0161e z\u00e1kazn\u00edky na Eurorxdrugs\",\"breadcrumb\":{\"@id\":\"https:\/\/eurorxdrugs.cc\/cs\/product\/lumigan-bimatoprost-0-01\/#breadcrumb\"},\"inLanguage\":\"cs\",\"potentialAction\":[{\"@type\":\"ReadAction\",\"target\":[\"https:\/\/eurorxdrugs.cc\/cs\/product\/lumigan-bimatoprost-0-01\/\"]}]},{\"@type\":\"BreadcrumbList\",\"@id\":\"https:\/\/eurorxdrugs.cc\/cs\/product\/lumigan-bimatoprost-0-01\/#breadcrumb\",\"itemListElement\":[{\"@type\":\"ListItem\",\"position\":1,\"name\":\"Home\",\"item\":\"https:\/\/eurorxdrugs.cc\/cs\/\"},{\"@type\":\"ListItem\",\"position\":2,\"name\":\"Products\",\"item\":\"https:\/\/eurorxdrugs.cc\/cs\/shop\/\"},{\"@type\":\"ListItem\",\"position\":3,\"name\":\"Lumigan (Bimatoprost) 0.01 %\"}]},{\"@type\":\"WebSite\",\"@id\":\"https:\/\/eurorxdrugs.cc\/cs\/#website\",\"url\":\"https:\/\/eurorxdrugs.cc\/cs\/\",\"name\":\"eurorxdrugs\",\"description\":\"\",\"publisher\":{\"@id\":\"https:\/\/eurorxdrugs.cc\/cs\/#organization\"},\"potentialAction\":[{\"@type\":\"SearchAction\",\"target\":{\"@type\":\"EntryPoint\",\"urlTemplate\":\"https:\/\/eurorxdrugs.cc\/cs\/?s={search_term_string}\"},\"query-input\":\"required name=search_term_string\"}],\"inLanguage\":\"cs\"},{\"@type\":\"Organization\",\"@id\":\"https:\/\/eurorxdrugs.cc\/cs\/#organization\",\"name\":\"eurorxdrugs\",\"url\":\"https:\/\/eurorxdrugs.cc\/cs\/\",\"logo\":{\"@type\":\"ImageObject\",\"inLanguage\":\"cs\",\"@id\":\"https:\/\/eurorxdrugs.cc\/cs\/#\/schema\/logo\/image\/\",\"url\":\"https:\/\/eurorxdrugs.cc\/cs\/wp-content\/uploads\/2024\/09\/logo-1-1.png\",\"contentUrl\":\"https:\/\/eurorxdrugs.cc\/cs\/wp-content\/uploads\/2024\/09\/logo-1-1.png\",\"width\":233,\"height\":54,\"caption\":\"eurorxdrugs\"},\"image\":{\"@id\":\"https:\/\/eurorxdrugs.cc\/cs\/#\/schema\/logo\/image\/\"}}]}<\/script>\n<!-- \/ Yoast SEO plugin. -->","yoast_head_json":{"title":"Objednejte Lumigan (Bimatoprost) 0.01 % bez receptu za n\u00edzkou cenu | Eurorxdrugs","description":"Kupte Lumigan (Bimatoprost) 0.01 % nyn\u00ed! Origin\u00e1ln\u00ed l\u00e9ky a rychl\u00e9 doru\u010den\u00ed v cen\u011b. 100% diskr\u00e9tn\u00ed a d\u016fv\u011brn\u00fd servis pro v\u0161echny na\u0161e z\u00e1kazn\u00edky na Eurorxdrugs","robots":{"index":"index","follow":"follow","max-snippet":"max-snippet:-1","max-image-preview":"max-image-preview:large","max-video-preview":"max-video-preview:-1"},"canonical":"https:\/\/eurorxdrugs.cc\/cs\/product\/lumigan-bimatoprost-0-01\/","og_locale":"cs_CZ","og_type":"article","og_title":"Objednejte Lumigan (Bimatoprost) 0.01 % bez receptu za n\u00edzkou cenu | Eurorxdrugs","og_description":"Kupte Lumigan (Bimatoprost) 0.01 % nyn\u00ed! Origin\u00e1ln\u00ed l\u00e9ky a rychl\u00e9 doru\u010den\u00ed v cen\u011b. 100% diskr\u00e9tn\u00ed a d\u016fv\u011brn\u00fd servis pro v\u0161echny na\u0161e z\u00e1kazn\u00edky na Eurorxdrugs","og_url":"https:\/\/eurorxdrugs.cc\/cs\/product\/lumigan-bimatoprost-0-01\/","og_site_name":"eurorxdrugs","article_modified_time":"2024-11-01T18:53:25+00:00","og_image":[{"width":270,"height":300,"url":"https:\/\/eurorxdrugs.cc\/cs\/wp-content\/uploads\/2024\/11\/229-min.jpg","type":"image\/jpeg"}],"twitter_card":"summary_large_image","twitter_misc":{"Odhadovan\u00e1 doba \u010dten\u00ed":"3 minuty"},"schema":{"@context":"https:\/\/schema.org","@graph":[{"@type":"WebPage","@id":"https:\/\/eurorxdrugs.cc\/cs\/product\/lumigan-bimatoprost-0-01\/","url":"https:\/\/eurorxdrugs.cc\/cs\/product\/lumigan-bimatoprost-0-01\/","name":"Objednejte Lumigan (Bimatoprost) 0.01 % bez receptu za n\u00edzkou cenu | Eurorxdrugs","isPartOf":{"@id":"https:\/\/eurorxdrugs.cc\/cs\/#website"},"datePublished":"2024-11-01T18:46:30+00:00","dateModified":"2024-11-01T18:53:25+00:00","description":"Kupte Lumigan (Bimatoprost) 0.01 % nyn\u00ed! Origin\u00e1ln\u00ed l\u00e9ky a rychl\u00e9 doru\u010den\u00ed v cen\u011b. 100% diskr\u00e9tn\u00ed a d\u016fv\u011brn\u00fd servis pro v\u0161echny na\u0161e z\u00e1kazn\u00edky na Eurorxdrugs","breadcrumb":{"@id":"https:\/\/eurorxdrugs.cc\/cs\/product\/lumigan-bimatoprost-0-01\/#breadcrumb"},"inLanguage":"cs","potentialAction":[{"@type":"ReadAction","target":["https:\/\/eurorxdrugs.cc\/cs\/product\/lumigan-bimatoprost-0-01\/"]}]},{"@type":"BreadcrumbList","@id":"https:\/\/eurorxdrugs.cc\/cs\/product\/lumigan-bimatoprost-0-01\/#breadcrumb","itemListElement":[{"@type":"ListItem","position":1,"name":"Home","item":"https:\/\/eurorxdrugs.cc\/cs\/"},{"@type":"ListItem","position":2,"name":"Products","item":"https:\/\/eurorxdrugs.cc\/cs\/shop\/"},{"@type":"ListItem","position":3,"name":"Lumigan (Bimatoprost) 0.01 %"}]},{"@type":"WebSite","@id":"https:\/\/eurorxdrugs.cc\/cs\/#website","url":"https:\/\/eurorxdrugs.cc\/cs\/","name":"eurorxdrugs","description":"","publisher":{"@id":"https:\/\/eurorxdrugs.cc\/cs\/#organization"},"potentialAction":[{"@type":"SearchAction","target":{"@type":"EntryPoint","urlTemplate":"https:\/\/eurorxdrugs.cc\/cs\/?s={search_term_string}"},"query-input":"required name=search_term_string"}],"inLanguage":"cs"},{"@type":"Organization","@id":"https:\/\/eurorxdrugs.cc\/cs\/#organization","name":"eurorxdrugs","url":"https:\/\/eurorxdrugs.cc\/cs\/","logo":{"@type":"ImageObject","inLanguage":"cs","@id":"https:\/\/eurorxdrugs.cc\/cs\/#\/schema\/logo\/image\/","url":"https:\/\/eurorxdrugs.cc\/cs\/wp-content\/uploads\/2024\/09\/logo-1-1.png","contentUrl":"https:\/\/eurorxdrugs.cc\/cs\/wp-content\/uploads\/2024\/09\/logo-1-1.png","width":233,"height":54,"caption":"eurorxdrugs"},"image":{"@id":"https:\/\/eurorxdrugs.cc\/cs\/#\/schema\/logo\/image\/"}}]}},"_links":{"self":[{"href":"https:\/\/eurorxdrugs.cc\/cs\/wp-json\/wp\/v2\/product\/5705","targetHints":{"allow":["GET"]}}],"collection":[{"href":"https:\/\/eurorxdrugs.cc\/cs\/wp-json\/wp\/v2\/product"}],"about":[{"href":"https:\/\/eurorxdrugs.cc\/cs\/wp-json\/wp\/v2\/types\/product"}],"replies":[{"embeddable":true,"href":"https:\/\/eurorxdrugs.cc\/cs\/wp-json\/wp\/v2\/comments?post=5705"}],"wp:featuredmedia":[{"embeddable":true,"href":"https:\/\/eurorxdrugs.cc\/cs\/wp-json\/wp\/v2\/media\/5706"}],"wp:attachment":[{"href":"https:\/\/eurorxdrugs.cc\/cs\/wp-json\/wp\/v2\/media?parent=5705"}],"wp:term":[{"taxonomy":"product_cat","embeddable":true,"href":"https:\/\/eurorxdrugs.cc\/cs\/wp-json\/wp\/v2\/product_cat?post=5705"},{"taxonomy":"product_tag","embeddable":true,"href":"https:\/\/eurorxdrugs.cc\/cs\/wp-json\/wp\/v2\/product_tag?post=5705"}],"curies":[{"name":"wp","href":"https:\/\/api.w.org\/{rel}","templated":true}]}}