{"id":5814,"date":"2024-11-01T19:37:56","date_gmt":"2024-11-01T19:37:56","guid":{"rendered":"https:\/\/eurorxdrugs.cc\/cs\/?post_type=product&#038;p=5814"},"modified":"2024-11-01T19:46:55","modified_gmt":"2024-11-01T19:46:55","slug":"prilosec-omeprazol","status":"publish","type":"product","link":"https:\/\/eurorxdrugs.cc\/cs\/product\/prilosec-omeprazol\/","title":{"rendered":"Prilosec (Omeprazol)"},"content":{"rendered":"<div class=\"pro-description_name\">Beschreibung<\/div>\n<div class=\"pro-description_content\">\n<div><b>Gebrauchsamweisung<\/b><\/div>\n<div>\u00a0\u00a0\u00a0\u00a0\u00a0\u00a0\u00a0\u00a0Diese Medizin ist ein Protonenpumpenhemmer (PPI), die zur Behandlung von Geschw\u00fcren, Sodbrennen, gastro-\u00f6sophagealem Reflux, erosive \u00d6sophagitis, oder Zollinger-Ellison-Syndrom und auch Geschw\u00fcre nach der langfristigen Nutzung von nicht-steroidalen Antirheumatika (NSAR) verwendet wird.<\/div>\n<div>\u00a0\u00a0\u00a0\u00a0\u00a0\u00a0\u00a0\u00a0Zur Behandlung der von bakteriellen Infektionen verursachten Geschw\u00fcre, kann diese Medizin in Kombination mit Antibiotika wie Amoxicillin oder Clarithromycin verwendet werden.<\/div>\n<div>\u00a0\u00a0\u00a0\u00a0\u00a0\u00a0\u00a0\u00a0Prilosek lindert bedeutend solche Symptome wie Sodbrennen, Schluckbeschwerden, Husten und Schlafst\u00f6rungen.<\/div>\n<div>\u00a0\u00a0\u00a0\u00a0\u00a0\u00a0\u00a0\u00a0Prilosek funktioniert durch die Blockade der S\u00e4ureproduktion im Magen. Die Medizin kann zur Behandlung anderer Bedingungen, die Ihr Arzt diagnostiziert, verwendet werden.<\/div>\n<div><\/div>\n<div><b>Dosierung und Anleitung<\/b><\/div>\n<div>\u00a0\u00a0\u00a0\u00a0\u00a0\u00a0\u00a0\u00a0Folgen Sie alle Anweisungen, die von Ihrem Arzt vorausgesetzt wurden.\u00a0Nehmen Sie dieses Medikament (15-30 mg) oral einmal t\u00e4glich morgens vor dem Essen mit einem vollen Glas Wasser oder entsprechend Empfehlungen von Ihrem Arzt.<\/div>\n<div>\u00a0\u00a0\u00a0\u00a0\u00a0\u00a0\u00a0\u00a0Schlucken Sie die ganze Tablette, nicht zerkauen, zerquetschen, oder die Kapsel \u00f6ffnen, weil das das Medikament zerst\u00f6ren kann und\/oder Nebenwirkungen erh\u00f6hen.<\/div>\n<div>\u00a0\u00a0\u00a0\u00a0\u00a0\u00a0\u00a0\u00a0Antazida Medikamenten k\u00f6nnen zusammen mit dieser Medizin genommen werden, wenn es erforderlich ist.<\/div>\n<div>\u00a0\u00a0\u00a0\u00a0\u00a0\u00a0\u00a0\u00a0Dosierung und Dauer der Behandlung h\u00e4ngt von Ihrem medizinischen Zustand und der Reaktion auf die Therapie ab. Nehmen Sie es jeden Tag zur gleichen Zeit, um die verpasste Dosis zu vermeiden. Im Falle der Verschlimmerung von Ihrem Zustand benachrichtigen Sie Ihren Arzt sofort. Es kann 1 bis 4 Tage dauern bis Prilosek zu wirken beginnt.<\/div>\n<div>\u00a0\u00a0\u00a0\u00a0\u00a0\u00a0\u00a0\u00a0Behandlung mit Prilosec sollte nicht gestoppt werden, selbst wenn bestimmte Verbesserung erreicht wird.<\/div>\n<div>\u00a0\u00a0\u00a0\u00a0\u00a0\u00a0\u00a0\u00a0Verbesserung der Symptome wird bei der Behandlung von Magengeschw\u00fcren oder Reflux-Krankheit innerhalb von 4-8 Wochen beobachtet. Die Behandlung von Sodbrennen dauert in der Regel 14 Tage. Wenn Sodbrennen nach dieser Zeit besteht oder sogar verschlechtert, oder wenn Sie mehr als einen Kursus der therapeutischen Behandlung alle 4 Monate ben\u00f6tigen, wenden Sie sich an Ihren Arzt oder Apotheker.<\/div>\n<div><\/div>\n<div><b>Vorsichtsma\u00dfnahmen<\/b><\/div>\n<div>\u00a0\u00a0\u00a0\u00a0\u00a0\u00a0\u00a0\u00a0Prilosec wird nicht w\u00e4hrend der Schwangerschaft empfohlen. Es ist auch nicht empfohlen, w\u00e4hrend der Stillzeit dieses Medikament zu verwenden, es ist nicht bekannt, ob es in die Muttermilch gelangt. Informieren Sie Ihren Arzt, wenn allergische Reaktion wird angezeigt.<\/div>\n<div>\u00a0\u00a0\u00a0\u00a0\u00a0\u00a0\u00a0\u00a0Ihr Arzt oder Apotheker sollte sich Ihre gesundheitlichen Probleme bewusst sein, um die Gesundheitsversorgung anzubieten, vor allem wenn Sie solche Probleme wie Lebererkrankungen, andere Magenprobleme (z. B. Tumoren), Sodbrennen \u00fcber 3 Monate, unerkl\u00e4rliche Gewichtsverlust, konstanten \u00dcbelkeit\/Erbrechen \/Magenschmerzen, Blut in Erbrochenem, oder schwarzen Stuhl haben.<\/div>\n<div>\u00a0\u00a0\u00a0\u00a0\u00a0\u00a0\u00a0\u00a0Einige Symptome k\u00f6nnen Zeugen von den ernsteren Bedingungen sein. Dieses Medikament kann Schwindel verursachen.<\/div>\n<div>\u00a0\u00a0\u00a0\u00a0\u00a0\u00a0\u00a0\u00a0Seien Sie vorsichtig, wenn Sie die Arbeit erf\u00fcllen, die Konzentration der Aufmerksamkeit ben\u00f6tigt, wie Auto f\u00fchren oder Mechanismen bedienen. Beschr\u00e4nken Sie Verbrauch von alkoholischen Getr\u00e4nken.<\/div>\n<div>\u00a0\u00a0\u00a0\u00a0\u00a0\u00a0\u00a0\u00a0Beginnen Sie und h\u00f6ren Sie mit der Einnahme von keiner Medizin auf, ohne Beratung mit Ihrem Arzt. Informieren Sie Ihren Arzt, wenn Sie keine Symptome der Besserung bemerkt haben oder Ihr Zustand verschlimmerte sich. \u00dcbergeben Sie dieses Medikament zu niemandem mit \u00e4hnlichen \u00a0\u00a0\u00a0\u00a0\u00a0\u00a0\u00a0\u00a0Symptomen. Benutzen Sie dieses Medikament nicht, um andere Krankheiten zu behandeln.<\/div>\n<div><\/div>\n<div><b>Kontraindikationen<\/b><\/div>\n<div>Hyperempfindlichkeit<\/div>\n<div><\/div>\n<div><b>M\u00f6gliche Nebenwirkungen<\/b><\/div>\n<div>unerw\u00fcnschte Reaktionen, die w\u00e4hrend der Behandlung auftreten k\u00f6nnen, sind :<\/div>\n<div>\u2022 Kopfschmerzen;<\/div>\n<div>\u2022 Verstopfung;<\/div>\n<div>\u2022 Husten;<\/div>\n<div>\u2022 Schwindel oder Hautausschlag.<\/div>\n<div>\u00a0\u00a0\u00a0\u00a0\u00a0\u00a0\u00a0\u00a0Wenn diese anhalten, oder Sie st\u00f6ren, lassen Sie Ihren Arzt davon wissen.<\/div>\n<div>\u00a0\u00a0\u00a0\u00a0\u00a0\u00a0\u00a0\u00a0Eine allergische Reaktion auf dieses Medikament ist nicht zu erwarten, aber Sie m\u00fcssen sofort \u00e4rztliche Hilfe suchen, wenn es passiert. Symptome einer allergischen Reaktion erscheinen als Hautausschlag, Juckreiz, Schwindel, Schwellungen, oder Atembeschwerden. Wenn Sie andere Reaktionen Ihres K\u00f6rpers bemerken, die oben nicht aufgef\u00fchrt sind, wenden Sie sich an Ihren Arzt oder Apotheker.<\/div>\n<div><\/div>\n<div><b>Wechselwirkung<\/b><\/div>\n<div>\u2022 Prilosec kann Ausscheidung von Diazepam, Warfarin und Phenytoin verringern.<\/div>\n<div>\u2022 Das ist ein Medikament, das in der Leber durch Oxidation metabolisiert. Medikamente, die mit Hilfe von Cytochrom P-450-System metabolisiert werden (zB Cyclosporin, Disulfiram, Benzodiazepinen) k\u00f6nnen auch mit Prilosec interagieren, weil es wird auf die gleiche Weise metabolisiert .Clarithromycin wird auch durch Cytochrom P450 metabolisiert, die gleichzeitige Gabe von Clarithromycin und Prilosec kann zu einer Erh\u00f6hung des Plasmaspiegels von Prilosec f\u00fchren.<\/div>\n<div>\u2022 Die gleichzeitige Anwendung von Prilosec und Clarithromycin kann zu einer Erh\u00f6hung von Erithromycin Ergebnis, und 14-Hydroxy-Clarithromycin im Plasmaspiegel f\u00fchren.<\/div>\n<div>\u2022 Sie m\u00fcssen, m\u00f6glicherweise, zus\u00e4tzliche \u00dcberwachung Ihres Zustandes durchf\u00fchren, wenn Sie die Ampicillin, Cilostazol, Cyclosporin, Diazepam, Digoxin, Disulfiram, Eisen, Itraconazol, Ketoconazol, Moclobemid, Phenytoin, Sucralfate, Vorconizole oder Warfarin nehmen.<\/div>\n<div>\u2022 Dieses Medikament kann mit Antazida kombiniert werden, wenn dies von Ihrem Arzt verschrieben wurde.<\/div>\n<div>\u2022 Starke s\u00e4ure-reduzierenden Medikamente, wie Prilosec vermindern die Effektivit\u00e4t von Sucralfat, und anderen Medikamenten, solchen, wie Antimykotika Ketoconazol und Itraconazol.<\/div>\n<div>\u2022 Wenn es vorgeschrieben wurde, diese Medikamente zusammen mit Prilosek zu nehmen, benachrichtigen Sie Ihren Arzt oder Apotheker bez\u00fcglich passender Timing f\u00fcr jede einzelne Dosis, in der Regel wird Prilosec 30 Minuten vor Sucralfat getroffen.<\/div>\n<div><\/div>\n<div><b>Verpasste Dosis<\/b><\/div>\n<div>\u00a0\u00a0\u00a0\u00a0\u00a0\u00a0\u00a0\u00a0Wenn Sie die Einnahme von dem Pr\u00e4parat verpasst haben, nehmen Sie eine Dosis so bald, wie Sie sich daran erinnern. Wenn es fast die Zeit f\u00fcr Ihre n\u00e4chste Dosis ist, so nehmen Sie nur die n\u00e4chste Dosis ein und kehren Sie zu Ihrem regelm\u00e4\u00dfigen Zeitplan zur\u00fcck.<\/div>\n<div><\/div>\n<div><b>\u00dcberdosierung<\/b><\/div>\n<div>\u00a0\u00a0\u00a0\u00a0\u00a0\u00a0\u00a0\u00a0Wenn Sie annehmen, Sie haben zu viel Prilosec genommen, kontaktieren Sie Ihr Lokales Giftkontrollezentrum oder Notfalldienst. Symptome einer \u00dcberdosierung sind Verwirrung, verschwommenes Sehen, ungew\u00f6hnliches Schwitzen oder ungew\u00f6hnlich schneller Herzschlag.<\/div>\n<div><\/div>\n<div><b>Lagerung<\/b><\/div>\n<div>&#8211; bei Zimmertemperatur zwischen 59-77 Grad F (15-25 Grad C) bewahren, vor hohe Feuchtigkeit sch\u00fctzen, im Badezimmer nicht lagern. Au\u00dfer Reichweite von Kindern und Haustiere lagern.<\/div>\n<div>Wenn Ihre Behandlung eine l\u00e4ngere Zeit erfordert, k\u00fcmmern Sie sich um Ihren Vorrat, bevor Ihre Nachfrage beendet.<\/div>\n<\/div>\n","protected":false},"excerpt":{"rendered":"<div><b>Handelsname: <\/b>Prilosec<\/div>\n<div><b>Hauptbestandteil: <\/b>Omeprazol<\/div>\n<div><b>Produktionsform:<\/b> Pillen<\/div>\n<div><b>Anwendung:<\/b> Behandelt Sodbrennen \/ Reizung der Speiser\u00f6hre<\/div>\n<div><b>Verf\u00fcgbare Dosierung:\u00a0<\/b>10mg, 20mg, 40mg<\/div>\n","protected":false},"featured_media":5815,"comment_status":"open","ping_status":"closed","template":"","meta":[],"product_cat":[22],"product_tag":[],"class_list":{"0":"post-5814","1":"product","2":"type-product","3":"status-publish","4":"has-post-thumbnail","6":"product_cat-gastrointestinal-meds","8":"first","9":"instock","10":"shipping-taxable","11":"product-type-grouped"},"yoast_head":"<!-- This site is optimized with the Yoast SEO plugin v20.0 - https:\/\/yoast.com\/wordpress\/plugins\/seo\/ -->\n<title>Objednejte Prilosec (Omeprazol) bez receptu za n\u00edzkou cenu | Eurorxdrugs<\/title>\n<meta name=\"description\" content=\"Kupte Prilosec (Omeprazol) nyn\u00ed! Origin\u00e1ln\u00ed l\u00e9ky a rychl\u00e9 doru\u010den\u00ed v cen\u011b. 100% diskr\u00e9tn\u00ed a d\u016fv\u011brn\u00fd servis pro v\u0161echny na\u0161e z\u00e1kazn\u00edky na Eurorxdrugs\" \/>\n<meta name=\"robots\" content=\"index, follow, max-snippet:-1, max-image-preview:large, max-video-preview:-1\" \/>\n<link rel=\"canonical\" href=\"https:\/\/eurorxdrugs.cc\/cs\/product\/prilosec-omeprazol\/\" \/>\n<meta property=\"og:locale\" content=\"cs_CZ\" \/>\n<meta property=\"og:type\" content=\"article\" \/>\n<meta property=\"og:title\" content=\"Objednejte Prilosec (Omeprazol) bez receptu za n\u00edzkou cenu | Eurorxdrugs\" \/>\n<meta property=\"og:description\" content=\"Kupte Prilosec (Omeprazol) nyn\u00ed! Origin\u00e1ln\u00ed l\u00e9ky a rychl\u00e9 doru\u010den\u00ed v cen\u011b. 100% diskr\u00e9tn\u00ed a d\u016fv\u011brn\u00fd servis pro v\u0161echny na\u0161e z\u00e1kazn\u00edky na Eurorxdrugs\" \/>\n<meta property=\"og:url\" content=\"https:\/\/eurorxdrugs.cc\/cs\/product\/prilosec-omeprazol\/\" \/>\n<meta property=\"og:site_name\" content=\"eurorxdrugs\" \/>\n<meta property=\"article:modified_time\" content=\"2024-11-01T19:46:55+00:00\" \/>\n<meta property=\"og:image\" content=\"https:\/\/eurorxdrugs.cc\/cs\/wp-content\/uploads\/2024\/11\/44-min.jpg\" \/>\n\t<meta property=\"og:image:width\" content=\"270\" \/>\n\t<meta property=\"og:image:height\" content=\"300\" \/>\n\t<meta property=\"og:image:type\" content=\"image\/jpeg\" \/>\n<meta name=\"twitter:card\" content=\"summary_large_image\" \/>\n<meta name=\"twitter:label1\" content=\"Odhadovan\u00e1 doba \u010dten\u00ed\" \/>\n\t<meta name=\"twitter:data1\" content=\"4 minuty\" \/>\n<script type=\"application\/ld+json\" class=\"yoast-schema-graph\">{\"@context\":\"https:\/\/schema.org\",\"@graph\":[{\"@type\":\"WebPage\",\"@id\":\"https:\/\/eurorxdrugs.cc\/cs\/product\/prilosec-omeprazol\/\",\"url\":\"https:\/\/eurorxdrugs.cc\/cs\/product\/prilosec-omeprazol\/\",\"name\":\"Objednejte Prilosec (Omeprazol) bez receptu za n\u00edzkou cenu | Eurorxdrugs\",\"isPartOf\":{\"@id\":\"https:\/\/eurorxdrugs.cc\/cs\/#website\"},\"datePublished\":\"2024-11-01T19:37:56+00:00\",\"dateModified\":\"2024-11-01T19:46:55+00:00\",\"description\":\"Kupte Prilosec (Omeprazol) nyn\u00ed! Origin\u00e1ln\u00ed l\u00e9ky a rychl\u00e9 doru\u010den\u00ed v cen\u011b. 100% diskr\u00e9tn\u00ed a d\u016fv\u011brn\u00fd servis pro v\u0161echny na\u0161e z\u00e1kazn\u00edky na Eurorxdrugs\",\"breadcrumb\":{\"@id\":\"https:\/\/eurorxdrugs.cc\/cs\/product\/prilosec-omeprazol\/#breadcrumb\"},\"inLanguage\":\"cs\",\"potentialAction\":[{\"@type\":\"ReadAction\",\"target\":[\"https:\/\/eurorxdrugs.cc\/cs\/product\/prilosec-omeprazol\/\"]}]},{\"@type\":\"BreadcrumbList\",\"@id\":\"https:\/\/eurorxdrugs.cc\/cs\/product\/prilosec-omeprazol\/#breadcrumb\",\"itemListElement\":[{\"@type\":\"ListItem\",\"position\":1,\"name\":\"Home\",\"item\":\"https:\/\/eurorxdrugs.cc\/cs\/\"},{\"@type\":\"ListItem\",\"position\":2,\"name\":\"Products\",\"item\":\"https:\/\/eurorxdrugs.cc\/cs\/shop\/\"},{\"@type\":\"ListItem\",\"position\":3,\"name\":\"Prilosec (Omeprazol)\"}]},{\"@type\":\"WebSite\",\"@id\":\"https:\/\/eurorxdrugs.cc\/cs\/#website\",\"url\":\"https:\/\/eurorxdrugs.cc\/cs\/\",\"name\":\"eurorxdrugs\",\"description\":\"\",\"publisher\":{\"@id\":\"https:\/\/eurorxdrugs.cc\/cs\/#organization\"},\"potentialAction\":[{\"@type\":\"SearchAction\",\"target\":{\"@type\":\"EntryPoint\",\"urlTemplate\":\"https:\/\/eurorxdrugs.cc\/cs\/?s={search_term_string}\"},\"query-input\":\"required name=search_term_string\"}],\"inLanguage\":\"cs\"},{\"@type\":\"Organization\",\"@id\":\"https:\/\/eurorxdrugs.cc\/cs\/#organization\",\"name\":\"eurorxdrugs\",\"url\":\"https:\/\/eurorxdrugs.cc\/cs\/\",\"logo\":{\"@type\":\"ImageObject\",\"inLanguage\":\"cs\",\"@id\":\"https:\/\/eurorxdrugs.cc\/cs\/#\/schema\/logo\/image\/\",\"url\":\"https:\/\/eurorxdrugs.cc\/cs\/wp-content\/uploads\/2024\/09\/logo-1-1.png\",\"contentUrl\":\"https:\/\/eurorxdrugs.cc\/cs\/wp-content\/uploads\/2024\/09\/logo-1-1.png\",\"width\":233,\"height\":54,\"caption\":\"eurorxdrugs\"},\"image\":{\"@id\":\"https:\/\/eurorxdrugs.cc\/cs\/#\/schema\/logo\/image\/\"}}]}<\/script>\n<!-- \/ Yoast SEO plugin. -->","yoast_head_json":{"title":"Objednejte Prilosec (Omeprazol) bez receptu za n\u00edzkou cenu | Eurorxdrugs","description":"Kupte Prilosec (Omeprazol) nyn\u00ed! Origin\u00e1ln\u00ed l\u00e9ky a rychl\u00e9 doru\u010den\u00ed v cen\u011b. 100% diskr\u00e9tn\u00ed a d\u016fv\u011brn\u00fd servis pro v\u0161echny na\u0161e z\u00e1kazn\u00edky na Eurorxdrugs","robots":{"index":"index","follow":"follow","max-snippet":"max-snippet:-1","max-image-preview":"max-image-preview:large","max-video-preview":"max-video-preview:-1"},"canonical":"https:\/\/eurorxdrugs.cc\/cs\/product\/prilosec-omeprazol\/","og_locale":"cs_CZ","og_type":"article","og_title":"Objednejte Prilosec (Omeprazol) bez receptu za n\u00edzkou cenu | Eurorxdrugs","og_description":"Kupte Prilosec (Omeprazol) nyn\u00ed! Origin\u00e1ln\u00ed l\u00e9ky a rychl\u00e9 doru\u010den\u00ed v cen\u011b. 100% diskr\u00e9tn\u00ed a d\u016fv\u011brn\u00fd servis pro v\u0161echny na\u0161e z\u00e1kazn\u00edky na Eurorxdrugs","og_url":"https:\/\/eurorxdrugs.cc\/cs\/product\/prilosec-omeprazol\/","og_site_name":"eurorxdrugs","article_modified_time":"2024-11-01T19:46:55+00:00","og_image":[{"width":270,"height":300,"url":"https:\/\/eurorxdrugs.cc\/cs\/wp-content\/uploads\/2024\/11\/44-min.jpg","type":"image\/jpeg"}],"twitter_card":"summary_large_image","twitter_misc":{"Odhadovan\u00e1 doba \u010dten\u00ed":"4 minuty"},"schema":{"@context":"https:\/\/schema.org","@graph":[{"@type":"WebPage","@id":"https:\/\/eurorxdrugs.cc\/cs\/product\/prilosec-omeprazol\/","url":"https:\/\/eurorxdrugs.cc\/cs\/product\/prilosec-omeprazol\/","name":"Objednejte Prilosec (Omeprazol) bez receptu za n\u00edzkou cenu | Eurorxdrugs","isPartOf":{"@id":"https:\/\/eurorxdrugs.cc\/cs\/#website"},"datePublished":"2024-11-01T19:37:56+00:00","dateModified":"2024-11-01T19:46:55+00:00","description":"Kupte Prilosec (Omeprazol) nyn\u00ed! Origin\u00e1ln\u00ed l\u00e9ky a rychl\u00e9 doru\u010den\u00ed v cen\u011b. 100% diskr\u00e9tn\u00ed a d\u016fv\u011brn\u00fd servis pro v\u0161echny na\u0161e z\u00e1kazn\u00edky na Eurorxdrugs","breadcrumb":{"@id":"https:\/\/eurorxdrugs.cc\/cs\/product\/prilosec-omeprazol\/#breadcrumb"},"inLanguage":"cs","potentialAction":[{"@type":"ReadAction","target":["https:\/\/eurorxdrugs.cc\/cs\/product\/prilosec-omeprazol\/"]}]},{"@type":"BreadcrumbList","@id":"https:\/\/eurorxdrugs.cc\/cs\/product\/prilosec-omeprazol\/#breadcrumb","itemListElement":[{"@type":"ListItem","position":1,"name":"Home","item":"https:\/\/eurorxdrugs.cc\/cs\/"},{"@type":"ListItem","position":2,"name":"Products","item":"https:\/\/eurorxdrugs.cc\/cs\/shop\/"},{"@type":"ListItem","position":3,"name":"Prilosec (Omeprazol)"}]},{"@type":"WebSite","@id":"https:\/\/eurorxdrugs.cc\/cs\/#website","url":"https:\/\/eurorxdrugs.cc\/cs\/","name":"eurorxdrugs","description":"","publisher":{"@id":"https:\/\/eurorxdrugs.cc\/cs\/#organization"},"potentialAction":[{"@type":"SearchAction","target":{"@type":"EntryPoint","urlTemplate":"https:\/\/eurorxdrugs.cc\/cs\/?s={search_term_string}"},"query-input":"required name=search_term_string"}],"inLanguage":"cs"},{"@type":"Organization","@id":"https:\/\/eurorxdrugs.cc\/cs\/#organization","name":"eurorxdrugs","url":"https:\/\/eurorxdrugs.cc\/cs\/","logo":{"@type":"ImageObject","inLanguage":"cs","@id":"https:\/\/eurorxdrugs.cc\/cs\/#\/schema\/logo\/image\/","url":"https:\/\/eurorxdrugs.cc\/cs\/wp-content\/uploads\/2024\/09\/logo-1-1.png","contentUrl":"https:\/\/eurorxdrugs.cc\/cs\/wp-content\/uploads\/2024\/09\/logo-1-1.png","width":233,"height":54,"caption":"eurorxdrugs"},"image":{"@id":"https:\/\/eurorxdrugs.cc\/cs\/#\/schema\/logo\/image\/"}}]}},"_links":{"self":[{"href":"https:\/\/eurorxdrugs.cc\/cs\/wp-json\/wp\/v2\/product\/5814","targetHints":{"allow":["GET"]}}],"collection":[{"href":"https:\/\/eurorxdrugs.cc\/cs\/wp-json\/wp\/v2\/product"}],"about":[{"href":"https:\/\/eurorxdrugs.cc\/cs\/wp-json\/wp\/v2\/types\/product"}],"replies":[{"embeddable":true,"href":"https:\/\/eurorxdrugs.cc\/cs\/wp-json\/wp\/v2\/comments?post=5814"}],"wp:featuredmedia":[{"embeddable":true,"href":"https:\/\/eurorxdrugs.cc\/cs\/wp-json\/wp\/v2\/media\/5815"}],"wp:attachment":[{"href":"https:\/\/eurorxdrugs.cc\/cs\/wp-json\/wp\/v2\/media?parent=5814"}],"wp:term":[{"taxonomy":"product_cat","embeddable":true,"href":"https:\/\/eurorxdrugs.cc\/cs\/wp-json\/wp\/v2\/product_cat?post=5814"},{"taxonomy":"product_tag","embeddable":true,"href":"https:\/\/eurorxdrugs.cc\/cs\/wp-json\/wp\/v2\/product_tag?post=5814"}],"curies":[{"name":"wp","href":"https:\/\/api.w.org\/{rel}","templated":true}]}}