{"id":5843,"date":"2024-11-01T19:49:32","date_gmt":"2024-11-01T19:49:32","guid":{"rendered":"https:\/\/eurorxdrugs.cc\/cs\/?post_type=product&#038;p=5843"},"modified":"2024-11-01T19:59:09","modified_gmt":"2024-11-01T19:59:09","slug":"ditropan-oxybutynin","status":"publish","type":"product","link":"https:\/\/eurorxdrugs.cc\/cs\/product\/ditropan-oxybutynin\/","title":{"rendered":"Ditropan (Oxybutynin)"},"content":{"rendered":"<div class=\"pro-description_name\">Beschreibung<\/div>\n<div class=\"pro-description_content\">\n<div><b>Allgemeine Anwendung<\/b><\/div>\n<div>\u00a0\u00a0\u00a0\u00a0\u00a0\u00a0\u00a0\u00a0Ditropan ist ein antikrampfhaftes, anticholinergisches Agens, das pflegte, Symptome von der \u00fcberaktiven Blase, wie Inkontinenz, h\u00e4ufiges oder dringendes Harnen zu behandeln, und Nachtharnen vergr\u00f6\u00dferte. Ditropen entspannt sich dr\u00e4ngt sich die Blase r\u00fccksichtslos ein.<\/div>\n<div><\/div>\n<div><b>Dosierung und Anwendungsgebiet<\/b><\/div>\n<div>\u00a0\u00a0\u00a0\u00a0\u00a0\u00a0\u00a0\u00a0Nehmen Sie es m\u00fcndlich, mit oder ohne Essen, oder mit einem vollen Glas von Wasser\/Milch.<\/div>\n<div>\u00a0\u00a0\u00a0\u00a0\u00a0\u00a0\u00a0\u00a0Die empfohlene Dosis f\u00fcr Erwachsene ist ein 5-Milligramm-Block genommen 2 bis 3 Male pro Tag. Sie sollten nicht mehr als 4 Bl\u00f6cke pro Tag nehmen.<\/div>\n<div>\u00a0\u00a0\u00a0\u00a0\u00a0\u00a0\u00a0\u00a0Die empfohlene Dosis f\u00fcr Kinder mehr als 5 Jahre alt ist ein 5-Milligramm-Block genommen zweimal t\u00e4glich. Das meiste Kind sollte nehmen ist 3 Bl\u00f6cke pro Tag.<\/div>\n<div>\u00a0\u00a0\u00a0\u00a0\u00a0\u00a0\u00a0\u00a0Verwenden Sie oxybutynin in Kindern unter 5 Jahren alt nicht.<\/div>\n<div><b>\u00a0<\/b><\/div>\n<div><b>Bemerken Sie: diese Instruktion pr\u00e4sentiert hier gerade f\u00fcr die Rezension.<\/b><\/div>\n<div>\u00a0Es ist sehr notwendig, sich mit Ihrem Arzt vor dem Verwenden zu beraten. Es hilft Ihnen, beste Ergebnisse zu bekommen.<\/div>\n<div><\/div>\n<div><b>Vorsichtsma\u00dfnahmen<\/b><\/div>\n<div>\u00a0\u00a0\u00a0\u00a0\u00a0\u00a0\u00a0\u00a0Ditropan wird Leuten nicht erlaubt, die \u00dcberempfindlichkeit zu oxybutynin oder jedem Bestandteil sind.<\/div>\n<div>\u00a0\u00a0\u00a0\u00a0\u00a0\u00a0\u00a0\u00a0Auch kontraindiziert in Leuten verminderte withurinary Retention, Magenretention und anderes schweres gastrointestinal Beweglichkeitsbedingungen, nicht kontrolliertes Glaukom des schmalen Winkels und in Patienten, die gef\u00e4hrdet f\u00fcr diese Bedingungen sind. Sie k\u00f6nnen alle Typen einer allergischen Reaktion einschlie\u00dfen.<\/div>\n<div><b>\u00a0<\/b><\/div>\n<div><b>M\u00f6gliche Nebenwirkungen:<\/b><\/div>\n<div>\u2022 hei\u00dfe, trockene Haut und \u00e4u\u00dferster Durst;<\/div>\n<div>\u2022 schwerer Magen-Schmerz oder Konstipation;<\/div>\n<div>\u2022 Schmerz oder das Brennen, wenn Sie urinieren;<\/div>\n<div>\u2022 weniger als \u00fcblich oder \u00fcberhaupt nicht urinierend.<\/div>\n<div><\/div>\n<div><b>Weniger ernst schlie\u00dfen Sie ein:\u00a0<\/b><\/div>\n<div>\u2022 trockener Mund;<\/div>\n<div>\u2022 trockene Augen, verschmierte Vision;<\/div>\n<div>\u2022 milde Konstipation;<\/div>\n<div>\u2022 Diarrh\u00f6e; Brechreiz, milder Magen-Schmerz oder Umkippen;<\/div>\n<div>\u2022 Schwindel, Schl\u00e4frigkeit, Schw\u00e4che; Kopfschmerz;<\/div>\n<div>\u2022 Schlaf-Probleme;<\/div>\n<div>\u2022 laufende Nase.<\/div>\n<div>\u00a0\u00a0\u00a0\u00a0\u00a0\u00a0\u00a0\u00a0Wenn Sie einen von ihnen erfahren, h\u00f6ren auf, Ditropan zu verwenden, und erz\u00e4hlen Ihrem Arzt so bald wie m\u00f6glich. Beraten Sie sich auch mit Ihrem Arzt \u00fcber jede Nebenwirkung, die ungew\u00f6hnlich scheint.<\/div>\n<div><\/div>\n<div><b>Verpasste Dosis<\/b><\/div>\n<div>\u00a0\u00a0\u00a0\u00a0\u00a0\u00a0\u00a0\u00a0Wenn Sie verga\u00dfen, Ihre Dosis rechtzeitig zu nehmen, tun Sie es bitte, sobald Sie sich erinnern. Aber nehmen Sie wenn es ist zu sp\u00e4t oder fast Zeit f\u00fcr Ihre folgende Dosis nicht. Vergr\u00f6\u00dfern Sie Ihre empfohlene Dosis nicht. Nehmen Sie Ihren gew\u00f6hnlich Dosis am n\u00e4chsten Tag in demselben regelm\u00e4\u00dfig Zeit.<\/div>\n<div><\/div>\n<div><b>\u00dcberdosierung<\/b><\/div>\n<div>\u00a0\u00a0\u00a0\u00a0\u00a0\u00a0\u00a0\u00a0Symptome von der Ditropan \u00dcberdosis k\u00f6nnen Zappelei, Fieber, unebene Herzrate, prickelndes Gef\u00fchl, Emesis, und das Urinieren weniger als \u00fcblich oder \u00fcberhaupt nicht einschlie\u00dfen. Wenn Sie einen von ihnen erfahren oder ungew\u00f6hnliche Symptome Ihren Arzt sofort nennen.<\/div>\n<div><\/div>\n<div><b>Lagerung<\/b><\/div>\n<div>\u00a0\u00a0\u00a0\u00a0\u00a0\u00a0\u00a0\u00a0Lager bei der Raumtemperatur zwischen 20-25 C (68-77 F).<\/div>\n<\/div>\n","protected":false},"excerpt":{"rendered":"<div><b>Handelsname: <\/b>Ditropan<\/div>\n<div><b>Wirkstoff: <\/b>Oxybutynin<\/div>\n<div><b>Produktionsform: <\/b>Pillen<\/div>\n<div><b>Anwendungsgebiet:<\/b> Zur Behandlung von Symptomen einer \u00fcberaktiven Blase wie Inkontinenz, h\u00e4ufigem oder dringendem Wasserlassen<\/div>\n<div><b>Verf\u00fcgbare Dosierungen: <\/b>2.5mg und 5mg<\/div>\n","protected":false},"featured_media":5844,"comment_status":"open","ping_status":"closed","template":"","meta":[],"product_cat":[22],"product_tag":[],"class_list":{"0":"post-5843","1":"product","2":"type-product","3":"status-publish","4":"has-post-thumbnail","6":"product_cat-gastrointestinal-meds","8":"first","9":"instock","10":"shipping-taxable","11":"product-type-grouped"},"yoast_head":"<!-- This site is optimized with the Yoast SEO plugin v20.0 - https:\/\/yoast.com\/wordpress\/plugins\/seo\/ -->\n<title>Objednejte Ditropan (Oxybutynin) bez receptu za n\u00edzkou cenu | Eurorxdrugs<\/title>\n<meta name=\"description\" content=\"Kupte Ditropan (Oxybutynin) nyn\u00ed! Origin\u00e1ln\u00ed l\u00e9ky a rychl\u00e9 doru\u010den\u00ed v cen\u011b. 100% diskr\u00e9tn\u00ed a d\u016fv\u011brn\u00fd servis pro v\u0161echny na\u0161e z\u00e1kazn\u00edky na Eurorxdrugs\" \/>\n<meta name=\"robots\" content=\"index, follow, max-snippet:-1, max-image-preview:large, max-video-preview:-1\" \/>\n<link rel=\"canonical\" href=\"https:\/\/eurorxdrugs.cc\/cs\/product\/ditropan-oxybutynin\/\" \/>\n<meta property=\"og:locale\" content=\"cs_CZ\" \/>\n<meta property=\"og:type\" content=\"article\" \/>\n<meta property=\"og:title\" content=\"Objednejte Ditropan (Oxybutynin) bez receptu za n\u00edzkou cenu | Eurorxdrugs\" \/>\n<meta property=\"og:description\" content=\"Kupte Ditropan (Oxybutynin) nyn\u00ed! Origin\u00e1ln\u00ed l\u00e9ky a rychl\u00e9 doru\u010den\u00ed v cen\u011b. 100% diskr\u00e9tn\u00ed a d\u016fv\u011brn\u00fd servis pro v\u0161echny na\u0161e z\u00e1kazn\u00edky na Eurorxdrugs\" \/>\n<meta property=\"og:url\" content=\"https:\/\/eurorxdrugs.cc\/cs\/product\/ditropan-oxybutynin\/\" \/>\n<meta property=\"og:site_name\" content=\"eurorxdrugs\" \/>\n<meta property=\"article:modified_time\" content=\"2024-11-01T19:59:09+00:00\" \/>\n<meta property=\"og:image\" content=\"https:\/\/eurorxdrugs.cc\/cs\/wp-content\/uploads\/2024\/11\/205-min.jpg\" \/>\n\t<meta property=\"og:image:width\" content=\"270\" \/>\n\t<meta property=\"og:image:height\" content=\"300\" \/>\n\t<meta property=\"og:image:type\" content=\"image\/jpeg\" \/>\n<meta name=\"twitter:card\" content=\"summary_large_image\" \/>\n<meta name=\"twitter:label1\" content=\"Odhadovan\u00e1 doba \u010dten\u00ed\" \/>\n\t<meta name=\"twitter:data1\" content=\"2 minuty\" \/>\n<script type=\"application\/ld+json\" class=\"yoast-schema-graph\">{\"@context\":\"https:\/\/schema.org\",\"@graph\":[{\"@type\":\"WebPage\",\"@id\":\"https:\/\/eurorxdrugs.cc\/cs\/product\/ditropan-oxybutynin\/\",\"url\":\"https:\/\/eurorxdrugs.cc\/cs\/product\/ditropan-oxybutynin\/\",\"name\":\"Objednejte Ditropan (Oxybutynin) bez receptu za n\u00edzkou cenu | Eurorxdrugs\",\"isPartOf\":{\"@id\":\"https:\/\/eurorxdrugs.cc\/cs\/#website\"},\"datePublished\":\"2024-11-01T19:49:32+00:00\",\"dateModified\":\"2024-11-01T19:59:09+00:00\",\"description\":\"Kupte Ditropan (Oxybutynin) nyn\u00ed! Origin\u00e1ln\u00ed l\u00e9ky a rychl\u00e9 doru\u010den\u00ed v cen\u011b. 100% diskr\u00e9tn\u00ed a d\u016fv\u011brn\u00fd servis pro v\u0161echny na\u0161e z\u00e1kazn\u00edky na Eurorxdrugs\",\"breadcrumb\":{\"@id\":\"https:\/\/eurorxdrugs.cc\/cs\/product\/ditropan-oxybutynin\/#breadcrumb\"},\"inLanguage\":\"cs\",\"potentialAction\":[{\"@type\":\"ReadAction\",\"target\":[\"https:\/\/eurorxdrugs.cc\/cs\/product\/ditropan-oxybutynin\/\"]}]},{\"@type\":\"BreadcrumbList\",\"@id\":\"https:\/\/eurorxdrugs.cc\/cs\/product\/ditropan-oxybutynin\/#breadcrumb\",\"itemListElement\":[{\"@type\":\"ListItem\",\"position\":1,\"name\":\"Home\",\"item\":\"https:\/\/eurorxdrugs.cc\/cs\/\"},{\"@type\":\"ListItem\",\"position\":2,\"name\":\"Products\",\"item\":\"https:\/\/eurorxdrugs.cc\/cs\/shop\/\"},{\"@type\":\"ListItem\",\"position\":3,\"name\":\"Ditropan (Oxybutynin)\"}]},{\"@type\":\"WebSite\",\"@id\":\"https:\/\/eurorxdrugs.cc\/cs\/#website\",\"url\":\"https:\/\/eurorxdrugs.cc\/cs\/\",\"name\":\"eurorxdrugs\",\"description\":\"\",\"publisher\":{\"@id\":\"https:\/\/eurorxdrugs.cc\/cs\/#organization\"},\"potentialAction\":[{\"@type\":\"SearchAction\",\"target\":{\"@type\":\"EntryPoint\",\"urlTemplate\":\"https:\/\/eurorxdrugs.cc\/cs\/?s={search_term_string}\"},\"query-input\":\"required name=search_term_string\"}],\"inLanguage\":\"cs\"},{\"@type\":\"Organization\",\"@id\":\"https:\/\/eurorxdrugs.cc\/cs\/#organization\",\"name\":\"eurorxdrugs\",\"url\":\"https:\/\/eurorxdrugs.cc\/cs\/\",\"logo\":{\"@type\":\"ImageObject\",\"inLanguage\":\"cs\",\"@id\":\"https:\/\/eurorxdrugs.cc\/cs\/#\/schema\/logo\/image\/\",\"url\":\"https:\/\/eurorxdrugs.cc\/cs\/wp-content\/uploads\/2024\/09\/logo-1-1.png\",\"contentUrl\":\"https:\/\/eurorxdrugs.cc\/cs\/wp-content\/uploads\/2024\/09\/logo-1-1.png\",\"width\":233,\"height\":54,\"caption\":\"eurorxdrugs\"},\"image\":{\"@id\":\"https:\/\/eurorxdrugs.cc\/cs\/#\/schema\/logo\/image\/\"}}]}<\/script>\n<!-- \/ Yoast SEO plugin. -->","yoast_head_json":{"title":"Objednejte Ditropan (Oxybutynin) bez receptu za n\u00edzkou cenu | Eurorxdrugs","description":"Kupte Ditropan (Oxybutynin) nyn\u00ed! Origin\u00e1ln\u00ed l\u00e9ky a rychl\u00e9 doru\u010den\u00ed v cen\u011b. 100% diskr\u00e9tn\u00ed a d\u016fv\u011brn\u00fd servis pro v\u0161echny na\u0161e z\u00e1kazn\u00edky na Eurorxdrugs","robots":{"index":"index","follow":"follow","max-snippet":"max-snippet:-1","max-image-preview":"max-image-preview:large","max-video-preview":"max-video-preview:-1"},"canonical":"https:\/\/eurorxdrugs.cc\/cs\/product\/ditropan-oxybutynin\/","og_locale":"cs_CZ","og_type":"article","og_title":"Objednejte Ditropan (Oxybutynin) bez receptu za n\u00edzkou cenu | Eurorxdrugs","og_description":"Kupte Ditropan (Oxybutynin) nyn\u00ed! Origin\u00e1ln\u00ed l\u00e9ky a rychl\u00e9 doru\u010den\u00ed v cen\u011b. 100% diskr\u00e9tn\u00ed a d\u016fv\u011brn\u00fd servis pro v\u0161echny na\u0161e z\u00e1kazn\u00edky na Eurorxdrugs","og_url":"https:\/\/eurorxdrugs.cc\/cs\/product\/ditropan-oxybutynin\/","og_site_name":"eurorxdrugs","article_modified_time":"2024-11-01T19:59:09+00:00","og_image":[{"width":270,"height":300,"url":"https:\/\/eurorxdrugs.cc\/cs\/wp-content\/uploads\/2024\/11\/205-min.jpg","type":"image\/jpeg"}],"twitter_card":"summary_large_image","twitter_misc":{"Odhadovan\u00e1 doba \u010dten\u00ed":"2 minuty"},"schema":{"@context":"https:\/\/schema.org","@graph":[{"@type":"WebPage","@id":"https:\/\/eurorxdrugs.cc\/cs\/product\/ditropan-oxybutynin\/","url":"https:\/\/eurorxdrugs.cc\/cs\/product\/ditropan-oxybutynin\/","name":"Objednejte Ditropan (Oxybutynin) bez receptu za n\u00edzkou cenu | Eurorxdrugs","isPartOf":{"@id":"https:\/\/eurorxdrugs.cc\/cs\/#website"},"datePublished":"2024-11-01T19:49:32+00:00","dateModified":"2024-11-01T19:59:09+00:00","description":"Kupte Ditropan (Oxybutynin) nyn\u00ed! Origin\u00e1ln\u00ed l\u00e9ky a rychl\u00e9 doru\u010den\u00ed v cen\u011b. 100% diskr\u00e9tn\u00ed a d\u016fv\u011brn\u00fd servis pro v\u0161echny na\u0161e z\u00e1kazn\u00edky na Eurorxdrugs","breadcrumb":{"@id":"https:\/\/eurorxdrugs.cc\/cs\/product\/ditropan-oxybutynin\/#breadcrumb"},"inLanguage":"cs","potentialAction":[{"@type":"ReadAction","target":["https:\/\/eurorxdrugs.cc\/cs\/product\/ditropan-oxybutynin\/"]}]},{"@type":"BreadcrumbList","@id":"https:\/\/eurorxdrugs.cc\/cs\/product\/ditropan-oxybutynin\/#breadcrumb","itemListElement":[{"@type":"ListItem","position":1,"name":"Home","item":"https:\/\/eurorxdrugs.cc\/cs\/"},{"@type":"ListItem","position":2,"name":"Products","item":"https:\/\/eurorxdrugs.cc\/cs\/shop\/"},{"@type":"ListItem","position":3,"name":"Ditropan (Oxybutynin)"}]},{"@type":"WebSite","@id":"https:\/\/eurorxdrugs.cc\/cs\/#website","url":"https:\/\/eurorxdrugs.cc\/cs\/","name":"eurorxdrugs","description":"","publisher":{"@id":"https:\/\/eurorxdrugs.cc\/cs\/#organization"},"potentialAction":[{"@type":"SearchAction","target":{"@type":"EntryPoint","urlTemplate":"https:\/\/eurorxdrugs.cc\/cs\/?s={search_term_string}"},"query-input":"required name=search_term_string"}],"inLanguage":"cs"},{"@type":"Organization","@id":"https:\/\/eurorxdrugs.cc\/cs\/#organization","name":"eurorxdrugs","url":"https:\/\/eurorxdrugs.cc\/cs\/","logo":{"@type":"ImageObject","inLanguage":"cs","@id":"https:\/\/eurorxdrugs.cc\/cs\/#\/schema\/logo\/image\/","url":"https:\/\/eurorxdrugs.cc\/cs\/wp-content\/uploads\/2024\/09\/logo-1-1.png","contentUrl":"https:\/\/eurorxdrugs.cc\/cs\/wp-content\/uploads\/2024\/09\/logo-1-1.png","width":233,"height":54,"caption":"eurorxdrugs"},"image":{"@id":"https:\/\/eurorxdrugs.cc\/cs\/#\/schema\/logo\/image\/"}}]}},"_links":{"self":[{"href":"https:\/\/eurorxdrugs.cc\/cs\/wp-json\/wp\/v2\/product\/5843","targetHints":{"allow":["GET"]}}],"collection":[{"href":"https:\/\/eurorxdrugs.cc\/cs\/wp-json\/wp\/v2\/product"}],"about":[{"href":"https:\/\/eurorxdrugs.cc\/cs\/wp-json\/wp\/v2\/types\/product"}],"replies":[{"embeddable":true,"href":"https:\/\/eurorxdrugs.cc\/cs\/wp-json\/wp\/v2\/comments?post=5843"}],"wp:featuredmedia":[{"embeddable":true,"href":"https:\/\/eurorxdrugs.cc\/cs\/wp-json\/wp\/v2\/media\/5844"}],"wp:attachment":[{"href":"https:\/\/eurorxdrugs.cc\/cs\/wp-json\/wp\/v2\/media?parent=5843"}],"wp:term":[{"taxonomy":"product_cat","embeddable":true,"href":"https:\/\/eurorxdrugs.cc\/cs\/wp-json\/wp\/v2\/product_cat?post=5843"},{"taxonomy":"product_tag","embeddable":true,"href":"https:\/\/eurorxdrugs.cc\/cs\/wp-json\/wp\/v2\/product_tag?post=5843"}],"curies":[{"name":"wp","href":"https:\/\/api.w.org\/{rel}","templated":true}]}}