{"id":5865,"date":"2024-11-01T20:02:19","date_gmt":"2024-11-01T20:02:19","guid":{"rendered":"https:\/\/eurorxdrugs.cc\/cs\/?post_type=product&#038;p=5865"},"modified":"2024-11-01T20:05:42","modified_gmt":"2024-11-01T20:05:42","slug":"motilium-domperidone","status":"publish","type":"product","link":"https:\/\/eurorxdrugs.cc\/cs\/product\/motilium-domperidone\/","title":{"rendered":"Motilium (Domperidone)"},"content":{"rendered":"<div class=\"pro-description_name\">Beschreibung<\/div>\n<div class=\"pro-description_content\">\n<div><b>Allgemeine Anwendung<\/b><\/div>\n<div>\u00a0\u00a0\u00a0\u00a0\u00a0\u00a0\u00a0\u00a0Motilium blockiert pereferal und dophamin Hauptrezeptoren, entfernt hemmenden Einfluss von dophamin auf der Motort\u00e4tigkeit des gastrointestinal Traktes und vergr\u00f6\u00dfert evacuative und Tonus des Magens. Es hat Antiemesis-Wirkung, bes\u00e4nftigt Schluckauf und Brechreiz. Motilium wird verwendet, um Emesis des verschiedenen Ursprungs, Schluckaufs, atonischen gastrointestinal Traktes, Notwendigkeit zu behandeln, Peristaltik f\u00fcr die R\u00f6ntgenstrahl-Untersuchung, dispepsia verursacht durch den langsamen Magen, gastroesophageal R\u00fcckfluss-Krankheit, esophagitis, Gas, Sodbrennen mit oder ohne Durchgang des Mageninhalts in den Mund zu beschleunigen.<\/div>\n<div><\/div>\n<div><b>Vorsichtsma\u00dfnahmen<\/b><\/div>\n<div>\u00a0\u00a0\u00a0\u00a0\u00a0\u00a0\u00a0\u00a0Nehmen Sie Motilium m\u00fcndlich 30 Minuten vor einer Mahlzeit. In Erwachsenen und Kindern, die \u00e4lter sind als 5 y.o. nehmen 10 Mg 3-4mal pro Tag, wenn dispepsia diagnostiziert wird. In Patienten mit schwerem Brechreiz und Emesis Motilium ist t\u00e4gliche Dosis 20 Mg 3-4mal pro Tag. In Patienten mit der Nierenversagen-Korrektur der Dosis ist notwendig, die Zahl von t\u00e4glichen Einnahmen sollte nicht 1-2mal zu weit gehen. Das ist nur allgemeine Empfehlungen, und f\u00fcr jeden Einzelfall befragen Ihren Arzt, weil verschiedene Bedingungen verschiedene Korrektur der Dosis verlangen.<\/div>\n<div><\/div>\n<div><b>Kontraindikationen<\/b><\/div>\n<div>\u00a0\u00a0\u00a0\u00a0\u00a0\u00a0\u00a0\u00a0\u00dcberempfindlichkeit, im gastrointestinal Trakt, dem mechanischen Darmverschluss, der Perforation des Magens oder der Eingeweide, prolactinoma, Kleinkindesalter (j\u00fcnger verblutend, als 5 Jahre und, deren Gewicht weniger als 20 Kg ist). Verwarnung sollte in Patienten mit Nieren-\/hepatische Insuffizienz, w\u00e4hrend der Laktation, Schwangerschaft erfahren werden.<\/div>\n<div><\/div>\n<div><b>M\u00f6gliche Nebenwirkungen<\/b><\/div>\n<div>Unter allgemeinsten Nebenwirkungen k\u00f6nnen diese vorkommen:<\/div>\n<div>\u2022 verg\u00e4ngliche Konvulsionen des Eingeweides;<\/div>\n<div>\u2022 allergische Reaktionen (Hautausschlag, Nesselausschlag);<\/div>\n<div>\u2022 hyperprolactinaemia (galactorrhoea, gynecomastia).<\/div>\n<div><\/div>\n<div><b>Verpasste Dosis<\/b><\/div>\n<div>\u00a0\u00a0\u00a0\u00a0\u00a0\u00a0\u00a0\u00a0Wenn Sie fehlten, eine Dosis nehmen es fr\u00fchestens. Wenn es fast Zeit Ihrer folgenden Dosis ist, gerade lassen es aus und kehren zu Ihrer regelm\u00e4\u00dfigen Dosierungsliste zur\u00fcck.<\/div>\n<div><\/div>\n<div><b>\u00dcberdosierung<\/b><\/div>\n<div>\u00a0\u00a0\u00a0\u00a0\u00a0\u00a0\u00a0\u00a0Symptome von der \u00dcberdosis k\u00f6nnen Schl\u00e4frigkeit, Verwirrung, extrapyramidal St\u00f6rung (besonders in Kindern) einschlie\u00dfen. Wenn Sie denken, dass das zu viel Motilium und Erfahrungssymptome nahm, die \u00fcber dem Kontakt Ihr Arzt sofort verzeichnet sind, k\u00f6nnen Sie eine medizinische Hilfe brauchen.<\/div>\n<div><\/div>\n<div><b>Lagerung<\/b><\/div>\n<div>\u00a0\u00a0\u00a0\u00a0\u00a0\u00a0\u00a0\u00a0Lager bei der Raumtemperatur zwischen 59-77 F (15-25 C) weg von Licht und Feuchtigkeit, Kindern und Haustieren.<\/div>\n<\/div>\n","protected":false},"excerpt":{"rendered":"<div><b>Handelsname: <\/b>Motilium<\/div>\n<div><b>Wirkstoff: <\/b>Domperidone<\/div>\n<div><b>Produktionsform: <\/b>Pillen<\/div>\n<div><b>Anwendungsgebiet:\u00a0 <\/b>Motilium verbessert die Motilit\u00e4tsst\u00f6rungen des oberen Gastrointestinaltrakts bei Patienten mit chronischer und subakuter Gastritis und diabetischer Gastroparese<\/div>\n<div><b>Verf\u00fcgbare Dosierungen: <\/b>10mg<\/div>\n","protected":false},"featured_media":5866,"comment_status":"open","ping_status":"closed","template":"","meta":[],"product_cat":[22],"product_tag":[],"class_list":{"0":"post-5865","1":"product","2":"type-product","3":"status-publish","4":"has-post-thumbnail","6":"product_cat-gastrointestinal-meds","8":"first","9":"instock","10":"shipping-taxable","11":"product-type-grouped"},"yoast_head":"<!-- This site is optimized with the Yoast SEO plugin v20.0 - https:\/\/yoast.com\/wordpress\/plugins\/seo\/ -->\n<title>Objednejte Motilium (Domperidone) bez receptu za n\u00edzkou cenu | Eurorxdrugs<\/title>\n<meta name=\"description\" content=\"Kupte Motilium (Domperidone) nyn\u00ed! Origin\u00e1ln\u00ed l\u00e9ky a rychl\u00e9 doru\u010den\u00ed v cen\u011b. 100% diskr\u00e9tn\u00ed a d\u016fv\u011brn\u00fd servis pro v\u0161echny na\u0161e z\u00e1kazn\u00edky na Eurorxdrugs\" \/>\n<meta name=\"robots\" content=\"index, follow, max-snippet:-1, max-image-preview:large, max-video-preview:-1\" \/>\n<link rel=\"canonical\" href=\"https:\/\/eurorxdrugs.cc\/cs\/product\/motilium-domperidone\/\" \/>\n<meta property=\"og:locale\" content=\"cs_CZ\" \/>\n<meta property=\"og:type\" content=\"article\" \/>\n<meta property=\"og:title\" content=\"Objednejte Motilium (Domperidone) bez receptu za n\u00edzkou cenu | Eurorxdrugs\" \/>\n<meta property=\"og:description\" content=\"Kupte Motilium (Domperidone) nyn\u00ed! Origin\u00e1ln\u00ed l\u00e9ky a rychl\u00e9 doru\u010den\u00ed v cen\u011b. 100% diskr\u00e9tn\u00ed a d\u016fv\u011brn\u00fd servis pro v\u0161echny na\u0161e z\u00e1kazn\u00edky na Eurorxdrugs\" \/>\n<meta property=\"og:url\" content=\"https:\/\/eurorxdrugs.cc\/cs\/product\/motilium-domperidone\/\" \/>\n<meta property=\"og:site_name\" content=\"eurorxdrugs\" \/>\n<meta property=\"article:modified_time\" content=\"2024-11-01T20:05:42+00:00\" \/>\n<meta property=\"og:image\" content=\"https:\/\/eurorxdrugs.cc\/cs\/wp-content\/uploads\/2024\/11\/250-min.jpg\" \/>\n\t<meta property=\"og:image:width\" content=\"270\" \/>\n\t<meta property=\"og:image:height\" content=\"300\" \/>\n\t<meta property=\"og:image:type\" content=\"image\/jpeg\" \/>\n<meta name=\"twitter:card\" content=\"summary_large_image\" \/>\n<meta name=\"twitter:label1\" content=\"Odhadovan\u00e1 doba \u010dten\u00ed\" \/>\n\t<meta name=\"twitter:data1\" content=\"2 minuty\" \/>\n<script type=\"application\/ld+json\" class=\"yoast-schema-graph\">{\"@context\":\"https:\/\/schema.org\",\"@graph\":[{\"@type\":\"WebPage\",\"@id\":\"https:\/\/eurorxdrugs.cc\/cs\/product\/motilium-domperidone\/\",\"url\":\"https:\/\/eurorxdrugs.cc\/cs\/product\/motilium-domperidone\/\",\"name\":\"Objednejte Motilium (Domperidone) bez receptu za n\u00edzkou cenu | Eurorxdrugs\",\"isPartOf\":{\"@id\":\"https:\/\/eurorxdrugs.cc\/cs\/#website\"},\"datePublished\":\"2024-11-01T20:02:19+00:00\",\"dateModified\":\"2024-11-01T20:05:42+00:00\",\"description\":\"Kupte Motilium (Domperidone) nyn\u00ed! Origin\u00e1ln\u00ed l\u00e9ky a rychl\u00e9 doru\u010den\u00ed v cen\u011b. 100% diskr\u00e9tn\u00ed a d\u016fv\u011brn\u00fd servis pro v\u0161echny na\u0161e z\u00e1kazn\u00edky na Eurorxdrugs\",\"breadcrumb\":{\"@id\":\"https:\/\/eurorxdrugs.cc\/cs\/product\/motilium-domperidone\/#breadcrumb\"},\"inLanguage\":\"cs\",\"potentialAction\":[{\"@type\":\"ReadAction\",\"target\":[\"https:\/\/eurorxdrugs.cc\/cs\/product\/motilium-domperidone\/\"]}]},{\"@type\":\"BreadcrumbList\",\"@id\":\"https:\/\/eurorxdrugs.cc\/cs\/product\/motilium-domperidone\/#breadcrumb\",\"itemListElement\":[{\"@type\":\"ListItem\",\"position\":1,\"name\":\"Home\",\"item\":\"https:\/\/eurorxdrugs.cc\/cs\/\"},{\"@type\":\"ListItem\",\"position\":2,\"name\":\"Products\",\"item\":\"https:\/\/eurorxdrugs.cc\/cs\/shop\/\"},{\"@type\":\"ListItem\",\"position\":3,\"name\":\"Motilium (Domperidone)\"}]},{\"@type\":\"WebSite\",\"@id\":\"https:\/\/eurorxdrugs.cc\/cs\/#website\",\"url\":\"https:\/\/eurorxdrugs.cc\/cs\/\",\"name\":\"eurorxdrugs\",\"description\":\"\",\"publisher\":{\"@id\":\"https:\/\/eurorxdrugs.cc\/cs\/#organization\"},\"potentialAction\":[{\"@type\":\"SearchAction\",\"target\":{\"@type\":\"EntryPoint\",\"urlTemplate\":\"https:\/\/eurorxdrugs.cc\/cs\/?s={search_term_string}\"},\"query-input\":\"required name=search_term_string\"}],\"inLanguage\":\"cs\"},{\"@type\":\"Organization\",\"@id\":\"https:\/\/eurorxdrugs.cc\/cs\/#organization\",\"name\":\"eurorxdrugs\",\"url\":\"https:\/\/eurorxdrugs.cc\/cs\/\",\"logo\":{\"@type\":\"ImageObject\",\"inLanguage\":\"cs\",\"@id\":\"https:\/\/eurorxdrugs.cc\/cs\/#\/schema\/logo\/image\/\",\"url\":\"https:\/\/eurorxdrugs.cc\/cs\/wp-content\/uploads\/2024\/09\/logo-1-1.png\",\"contentUrl\":\"https:\/\/eurorxdrugs.cc\/cs\/wp-content\/uploads\/2024\/09\/logo-1-1.png\",\"width\":233,\"height\":54,\"caption\":\"eurorxdrugs\"},\"image\":{\"@id\":\"https:\/\/eurorxdrugs.cc\/cs\/#\/schema\/logo\/image\/\"}}]}<\/script>\n<!-- \/ Yoast SEO plugin. -->","yoast_head_json":{"title":"Objednejte Motilium (Domperidone) bez receptu za n\u00edzkou cenu | Eurorxdrugs","description":"Kupte Motilium (Domperidone) nyn\u00ed! Origin\u00e1ln\u00ed l\u00e9ky a rychl\u00e9 doru\u010den\u00ed v cen\u011b. 100% diskr\u00e9tn\u00ed a d\u016fv\u011brn\u00fd servis pro v\u0161echny na\u0161e z\u00e1kazn\u00edky na Eurorxdrugs","robots":{"index":"index","follow":"follow","max-snippet":"max-snippet:-1","max-image-preview":"max-image-preview:large","max-video-preview":"max-video-preview:-1"},"canonical":"https:\/\/eurorxdrugs.cc\/cs\/product\/motilium-domperidone\/","og_locale":"cs_CZ","og_type":"article","og_title":"Objednejte Motilium (Domperidone) bez receptu za n\u00edzkou cenu | Eurorxdrugs","og_description":"Kupte Motilium (Domperidone) nyn\u00ed! Origin\u00e1ln\u00ed l\u00e9ky a rychl\u00e9 doru\u010den\u00ed v cen\u011b. 100% diskr\u00e9tn\u00ed a d\u016fv\u011brn\u00fd servis pro v\u0161echny na\u0161e z\u00e1kazn\u00edky na Eurorxdrugs","og_url":"https:\/\/eurorxdrugs.cc\/cs\/product\/motilium-domperidone\/","og_site_name":"eurorxdrugs","article_modified_time":"2024-11-01T20:05:42+00:00","og_image":[{"width":270,"height":300,"url":"https:\/\/eurorxdrugs.cc\/cs\/wp-content\/uploads\/2024\/11\/250-min.jpg","type":"image\/jpeg"}],"twitter_card":"summary_large_image","twitter_misc":{"Odhadovan\u00e1 doba \u010dten\u00ed":"2 minuty"},"schema":{"@context":"https:\/\/schema.org","@graph":[{"@type":"WebPage","@id":"https:\/\/eurorxdrugs.cc\/cs\/product\/motilium-domperidone\/","url":"https:\/\/eurorxdrugs.cc\/cs\/product\/motilium-domperidone\/","name":"Objednejte Motilium (Domperidone) bez receptu za n\u00edzkou cenu | Eurorxdrugs","isPartOf":{"@id":"https:\/\/eurorxdrugs.cc\/cs\/#website"},"datePublished":"2024-11-01T20:02:19+00:00","dateModified":"2024-11-01T20:05:42+00:00","description":"Kupte Motilium (Domperidone) nyn\u00ed! Origin\u00e1ln\u00ed l\u00e9ky a rychl\u00e9 doru\u010den\u00ed v cen\u011b. 100% diskr\u00e9tn\u00ed a d\u016fv\u011brn\u00fd servis pro v\u0161echny na\u0161e z\u00e1kazn\u00edky na Eurorxdrugs","breadcrumb":{"@id":"https:\/\/eurorxdrugs.cc\/cs\/product\/motilium-domperidone\/#breadcrumb"},"inLanguage":"cs","potentialAction":[{"@type":"ReadAction","target":["https:\/\/eurorxdrugs.cc\/cs\/product\/motilium-domperidone\/"]}]},{"@type":"BreadcrumbList","@id":"https:\/\/eurorxdrugs.cc\/cs\/product\/motilium-domperidone\/#breadcrumb","itemListElement":[{"@type":"ListItem","position":1,"name":"Home","item":"https:\/\/eurorxdrugs.cc\/cs\/"},{"@type":"ListItem","position":2,"name":"Products","item":"https:\/\/eurorxdrugs.cc\/cs\/shop\/"},{"@type":"ListItem","position":3,"name":"Motilium (Domperidone)"}]},{"@type":"WebSite","@id":"https:\/\/eurorxdrugs.cc\/cs\/#website","url":"https:\/\/eurorxdrugs.cc\/cs\/","name":"eurorxdrugs","description":"","publisher":{"@id":"https:\/\/eurorxdrugs.cc\/cs\/#organization"},"potentialAction":[{"@type":"SearchAction","target":{"@type":"EntryPoint","urlTemplate":"https:\/\/eurorxdrugs.cc\/cs\/?s={search_term_string}"},"query-input":"required name=search_term_string"}],"inLanguage":"cs"},{"@type":"Organization","@id":"https:\/\/eurorxdrugs.cc\/cs\/#organization","name":"eurorxdrugs","url":"https:\/\/eurorxdrugs.cc\/cs\/","logo":{"@type":"ImageObject","inLanguage":"cs","@id":"https:\/\/eurorxdrugs.cc\/cs\/#\/schema\/logo\/image\/","url":"https:\/\/eurorxdrugs.cc\/cs\/wp-content\/uploads\/2024\/09\/logo-1-1.png","contentUrl":"https:\/\/eurorxdrugs.cc\/cs\/wp-content\/uploads\/2024\/09\/logo-1-1.png","width":233,"height":54,"caption":"eurorxdrugs"},"image":{"@id":"https:\/\/eurorxdrugs.cc\/cs\/#\/schema\/logo\/image\/"}}]}},"_links":{"self":[{"href":"https:\/\/eurorxdrugs.cc\/cs\/wp-json\/wp\/v2\/product\/5865","targetHints":{"allow":["GET"]}}],"collection":[{"href":"https:\/\/eurorxdrugs.cc\/cs\/wp-json\/wp\/v2\/product"}],"about":[{"href":"https:\/\/eurorxdrugs.cc\/cs\/wp-json\/wp\/v2\/types\/product"}],"replies":[{"embeddable":true,"href":"https:\/\/eurorxdrugs.cc\/cs\/wp-json\/wp\/v2\/comments?post=5865"}],"wp:featuredmedia":[{"embeddable":true,"href":"https:\/\/eurorxdrugs.cc\/cs\/wp-json\/wp\/v2\/media\/5866"}],"wp:attachment":[{"href":"https:\/\/eurorxdrugs.cc\/cs\/wp-json\/wp\/v2\/media?parent=5865"}],"wp:term":[{"taxonomy":"product_cat","embeddable":true,"href":"https:\/\/eurorxdrugs.cc\/cs\/wp-json\/wp\/v2\/product_cat?post=5865"},{"taxonomy":"product_tag","embeddable":true,"href":"https:\/\/eurorxdrugs.cc\/cs\/wp-json\/wp\/v2\/product_tag?post=5865"}],"curies":[{"name":"wp","href":"https:\/\/api.w.org\/{rel}","templated":true}]}}