{"id":5915,"date":"2024-11-01T20:23:52","date_gmt":"2024-11-01T20:23:52","guid":{"rendered":"https:\/\/eurorxdrugs.cc\/cs\/?post_type=product&#038;p=5915"},"modified":"2024-11-01T20:33:06","modified_gmt":"2024-11-01T20:33:06","slug":"risperdal-risperidone","status":"publish","type":"product","link":"https:\/\/eurorxdrugs.cc\/cs\/product\/risperdal-risperidone\/","title":{"rendered":"Risperdal (Risperidone)"},"content":{"rendered":"<div class=\"pro-description_name\">Beschreibung<\/div>\n<div class=\"pro-description_content\">\n<div><b>Allgemeine Anwendung<\/b><\/div>\n<div>\u00a0\u00a0\u00a0\u00a0\u00a0\u00a0\u00a0\u00a0Risperidone geh\u00f6rt dem atypischen antipsychotics. Dieses Medikament wird verwendet, um Schizophrenie und bipolar St\u00f6rung sowie Irritabilit\u00e4t zu behandeln, die mit der autistischen St\u00f6rung in Kindern und Jugendlichen im Alter von 5-16 Jahren vereinigt ist. Es kann auch in anderen F\u00e4llen angewandt werden.<\/div>\n<div><\/div>\n<div><b>Dosierung und Anwendungsgebiet<\/b><\/div>\n<div>\u00a0\u00a0\u00a0\u00a0\u00a0\u00a0\u00a0\u00a0Nehmen Sie Risperdal durch den Mund mit einem Glas von Wasser, mit oder ohne Essen. Vermeiden Sie, vernichtend zu schneiden oder diese Medizin zu kauen.<\/div>\n<div>\u00a0\u00a0\u00a0\u00a0\u00a0\u00a0\u00a0\u00a0Nehmen Sie die Medizin \u00f6fter nicht, als sie vorgeschrieben wird. Geben Sie nicht auf, es au\u00dfer auf dem Rat Ihres Arztes zu nehmen.<\/div>\n<div>\u00a0\u00a0\u00a0\u00a0\u00a0\u00a0\u00a0\u00a0Man kann Zeit f\u00fcr die Medizin brauchen, um zu helfen.<\/div>\n<div>\u00a0\u00a0\u00a0\u00a0\u00a0\u00a0\u00a0\u00a0Befragen Sie Ihren Arzt bez\u00fcglich der richtigen Dosis f\u00fcr Sie.<\/div>\n<div><\/div>\n<div><b>Vorsichtsma\u00dfnahmen<\/b><\/div>\n<div>\u00a0\u00a0\u00a0\u00a0\u00a0\u00a0\u00a0\u00a0Vor der Einnahme von Risperidone erz\u00e4hlen Ihrem Arzt oder Chemiker, wenn Sie dazu allergisch sind; oder wenn Sie andere Allergien haben.<\/div>\n<div>Informieren Sie Ihren Arzt oder Chemiker, wenn Sie die Parkinsonsche Krankheit, das Auge, die Leber oder die Niereprobleme usw. haben.<\/div>\n<div>\u00a0\u00a0\u00a0\u00a0\u00a0\u00a0\u00a0\u00a0Vermeiden Sie, Alkohol zu trinken und zu rauchen, mit diesem Medikament behandelt.<\/div>\n<div>\u00a0\u00a0\u00a0\u00a0\u00a0\u00a0\u00a0\u00a0Im Alter von Leuten kann zu Nebenwirkungen der Medizin empfindlicher sein.<\/div>\n<div>\u00a0\u00a0\u00a0\u00a0\u00a0\u00a0\u00a0\u00a0W\u00e4hrend der Schwangerschaft sollte diese Behandlung, nur wenn stark notwendig, verwendet werden.<\/div>\n<div>\u00a0\u00a0\u00a0\u00a0\u00a0\u00a0\u00a0\u00a0Weil dieses Arzneimittel von der Haut gefesselt sein kann, sollten Frauen, die schwanger sind oder schwanger werden k\u00f6nnen, nicht diese Medizin manipulieren.<\/div>\n<div><\/div>\n<div><b>Kontraindikationen<\/b><\/div>\n<div>\u00a0\u00a0\u00a0\u00a0\u00a0\u00a0\u00a0\u00a0Risperdal sollte nicht von schwangeren\/s\u00e4ugenden Frauen oder Kindern sowie von den Patienten verwendet werden, die eine Reaktion der Hyperempfindlichkeit zu Risperidone demonstriert haben.<\/div>\n<div><\/div>\n<div><b>M\u00f6gliche Nebenwirkungen<\/b><\/div>\n<div>Die allgemeinsten Nebenwirkungen sind:<\/div>\n<div>\u2022 trockener Mund;<\/div>\n<div>\u2022 Schwindel;<\/div>\n<div>\u2022 Irritabilit\u00e4t;<\/div>\n<div>\u2022 Sedierung;<\/div>\n<div>\u2022 Schlaflosigkeit;<\/div>\n<div>\u2022 Harnretention usw.<\/div>\n<div>\u00a0\u00a0\u00a0\u00a0\u00a0\u00a0\u00a0\u00a0Eine ernste allergische Reaktion zu diesem Rauschgift ist sehr selten.<\/div>\n<div>\u00a0\u00a0\u00a0\u00a0\u00a0\u00a0\u00a0\u00a0Viele Menschen, die diese Medizin verwenden, haben ernste Nebenwirkungen nicht.<\/div>\n<div>\u00a0\u00a0\u00a0\u00a0\u00a0\u00a0\u00a0\u00a0Im Falle dass Sie bemerken, dass sich irgendwelche Nebenwirkungen, die nicht oben verzeichnet sind, mit Ihrem Arzt oder Apotheker in Verbindung setzen.<\/div>\n<div><\/div>\n<div><b>Wechselwirkung<\/b><\/div>\n<div>\u00a0\u00a0\u00a0\u00a0\u00a0\u00a0\u00a0\u00a0Sagen Sie Ihrem Arzt oder Apotheker aller Vorschrift- und Nichtvorschrift-Produkte \/ Pflanzenbuches Produkte, dass Sie vor dem Verwenden dieses Medikaments verwenden k\u00f6nnen.<\/div>\n<div>Risperidone kann aufeinander wirken:<\/div>\n<div>\u2022 droperidol;<\/div>\n<div>\u2022 sparfloxacin;<\/div>\n<div>\u2022 cisapride;<\/div>\n<div>\u2022 bestimmte Antibiotika;<\/div>\n<div>\u2022 Medizin f\u00fcr den hohen Blutdruck;<\/div>\n<div>\u2022 Medizin f\u00fcr Anf\u00e4lle (Konvulsionen)<\/div>\n<div>\u2022 Medizin f\u00fcr den Schlaf oder die Sedierung<\/div>\n<div>\u2022 Medizin f\u00fcr geistige Depression, Angst, usw.<\/div>\n<div>\u00a0\u00a0\u00a0\u00a0\u00a0\u00a0\u00a0\u00a0Wenden Sie sich Ihrem Arzt oder Apotheker f\u00fcr mehr Details zu.<\/div>\n<div><b>\u00a0<\/b><\/div>\n<div><b>Verpasste Dosis<\/b><\/div>\n<div>\u00a0\u00a0\u00a0\u00a0\u00a0\u00a0\u00a0\u00a0Wenn Sie Ihre Dosis verpasst haben, nehmen Sie sie, sobald Sie sich erinnern. Wenn Sie sehen, dass es in der N\u00e4he von der Zeit f\u00fcr die folgende Dosis ist, lassen Sie die verpasste Dosis aus und setzen Sie Ihre \u00fcbliche Dosieren-Liste fort. Nehmen Sie Ihre Dosis zweimal nicht.<\/div>\n<div><\/div>\n<div><b>\u00dcberdosierung<\/b><\/div>\n<div>\u00a0\u00a0\u00a0\u00a0\u00a0\u00a0\u00a0\u00a0Wenn Sie denken, dass Sie zu viel von dieser Medizin verwendet haben, suchen Notarztaufmerksamkeit sofort. Die Symptome von der \u00dcberdosis schlie\u00dfen gew\u00f6hnlich Brust-Schmerz, Brechreiz, unregelm\u00e4\u00dfigen Herzschlag, und Gef\u00fchl leichtsinnig oder schwach werdend ein.<\/div>\n<div><\/div>\n<div><b>Lagerung<\/b><\/div>\n<div>\u00a0\u00a0\u00a0\u00a0\u00a0\u00a0\u00a0\u00a0Lagern Sie Ihre Medizin bei der Raumtemperatur zwischen 68-77 Graden F (20-25 Grade C) weg vom Licht und der Feuchtigkeit. Lagern Sie Ihre Rauschgifte im Badezimmer nicht. Behalten Sie alle Rauschgifte weg von der Reichweite von Kindern und Haustieren.<\/div>\n<\/div>\n","protected":false},"excerpt":{"rendered":"<div><b>Handelsname:<\/b> Risperdal Generic<\/div>\n<div><b>Zutaten: <\/b>Risperdal<\/div>\n<div><b>Produktionsform: <\/b>Pillen<\/div>\n<div><b>Anwendung:<\/b> Behandelt Schizophrenie<\/div>\n<div><b>Verf\u00fcgbare Dosierung:\u00a0<\/b>1mg, 2mg, 4mg<\/div>\n","protected":false},"featured_media":5916,"comment_status":"open","ping_status":"closed","template":"","meta":[],"product_cat":[95],"product_tag":[],"class_list":{"0":"post-5915","1":"product","2":"type-product","3":"status-publish","4":"has-post-thumbnail","6":"product_cat-neuroleptika","8":"first","9":"instock","10":"shipping-taxable","11":"product-type-grouped"},"yoast_head":"<!-- This site is optimized with the Yoast SEO plugin v20.0 - https:\/\/yoast.com\/wordpress\/plugins\/seo\/ -->\n<title>Objednejte Risperdal (Risperidone) bez receptu za n\u00edzkou cenu | Eurorxdrugs<\/title>\n<meta name=\"description\" content=\"Kupte Risperdal (Risperidone) nyn\u00ed! Origin\u00e1ln\u00ed l\u00e9ky a rychl\u00e9 doru\u010den\u00ed v cen\u011b. 100% diskr\u00e9tn\u00ed a d\u016fv\u011brn\u00fd servis pro v\u0161echny na\u0161e z\u00e1kazn\u00edky na Eurorxdrugs\" \/>\n<meta name=\"robots\" content=\"index, follow, max-snippet:-1, max-image-preview:large, max-video-preview:-1\" \/>\n<link rel=\"canonical\" href=\"https:\/\/eurorxdrugs.cc\/cs\/product\/risperdal-risperidone\/\" \/>\n<meta property=\"og:locale\" content=\"cs_CZ\" \/>\n<meta property=\"og:type\" content=\"article\" \/>\n<meta property=\"og:title\" content=\"Objednejte Risperdal (Risperidone) bez receptu za n\u00edzkou cenu | Eurorxdrugs\" \/>\n<meta property=\"og:description\" content=\"Kupte Risperdal (Risperidone) nyn\u00ed! Origin\u00e1ln\u00ed l\u00e9ky a rychl\u00e9 doru\u010den\u00ed v cen\u011b. 100% diskr\u00e9tn\u00ed a d\u016fv\u011brn\u00fd servis pro v\u0161echny na\u0161e z\u00e1kazn\u00edky na Eurorxdrugs\" \/>\n<meta property=\"og:url\" content=\"https:\/\/eurorxdrugs.cc\/cs\/product\/risperdal-risperidone\/\" \/>\n<meta property=\"og:site_name\" content=\"eurorxdrugs\" \/>\n<meta property=\"article:modified_time\" content=\"2024-11-01T20:33:06+00:00\" \/>\n<meta property=\"og:image\" content=\"https:\/\/eurorxdrugs.cc\/cs\/wp-content\/uploads\/2024\/11\/31-min.jpg\" \/>\n\t<meta property=\"og:image:width\" content=\"270\" \/>\n\t<meta property=\"og:image:height\" content=\"300\" \/>\n\t<meta property=\"og:image:type\" content=\"image\/jpeg\" \/>\n<meta name=\"twitter:card\" content=\"summary_large_image\" \/>\n<meta name=\"twitter:label1\" content=\"Odhadovan\u00e1 doba \u010dten\u00ed\" \/>\n\t<meta name=\"twitter:data1\" content=\"3 minuty\" \/>\n<script type=\"application\/ld+json\" class=\"yoast-schema-graph\">{\"@context\":\"https:\/\/schema.org\",\"@graph\":[{\"@type\":\"WebPage\",\"@id\":\"https:\/\/eurorxdrugs.cc\/cs\/product\/risperdal-risperidone\/\",\"url\":\"https:\/\/eurorxdrugs.cc\/cs\/product\/risperdal-risperidone\/\",\"name\":\"Objednejte Risperdal (Risperidone) bez receptu za n\u00edzkou cenu | Eurorxdrugs\",\"isPartOf\":{\"@id\":\"https:\/\/eurorxdrugs.cc\/cs\/#website\"},\"datePublished\":\"2024-11-01T20:23:52+00:00\",\"dateModified\":\"2024-11-01T20:33:06+00:00\",\"description\":\"Kupte Risperdal (Risperidone) nyn\u00ed! Origin\u00e1ln\u00ed l\u00e9ky a rychl\u00e9 doru\u010den\u00ed v cen\u011b. 100% diskr\u00e9tn\u00ed a d\u016fv\u011brn\u00fd servis pro v\u0161echny na\u0161e z\u00e1kazn\u00edky na Eurorxdrugs\",\"breadcrumb\":{\"@id\":\"https:\/\/eurorxdrugs.cc\/cs\/product\/risperdal-risperidone\/#breadcrumb\"},\"inLanguage\":\"cs\",\"potentialAction\":[{\"@type\":\"ReadAction\",\"target\":[\"https:\/\/eurorxdrugs.cc\/cs\/product\/risperdal-risperidone\/\"]}]},{\"@type\":\"BreadcrumbList\",\"@id\":\"https:\/\/eurorxdrugs.cc\/cs\/product\/risperdal-risperidone\/#breadcrumb\",\"itemListElement\":[{\"@type\":\"ListItem\",\"position\":1,\"name\":\"Home\",\"item\":\"https:\/\/eurorxdrugs.cc\/cs\/\"},{\"@type\":\"ListItem\",\"position\":2,\"name\":\"Products\",\"item\":\"https:\/\/eurorxdrugs.cc\/cs\/shop\/\"},{\"@type\":\"ListItem\",\"position\":3,\"name\":\"Risperdal (Risperidone)\"}]},{\"@type\":\"WebSite\",\"@id\":\"https:\/\/eurorxdrugs.cc\/cs\/#website\",\"url\":\"https:\/\/eurorxdrugs.cc\/cs\/\",\"name\":\"eurorxdrugs\",\"description\":\"\",\"publisher\":{\"@id\":\"https:\/\/eurorxdrugs.cc\/cs\/#organization\"},\"potentialAction\":[{\"@type\":\"SearchAction\",\"target\":{\"@type\":\"EntryPoint\",\"urlTemplate\":\"https:\/\/eurorxdrugs.cc\/cs\/?s={search_term_string}\"},\"query-input\":\"required name=search_term_string\"}],\"inLanguage\":\"cs\"},{\"@type\":\"Organization\",\"@id\":\"https:\/\/eurorxdrugs.cc\/cs\/#organization\",\"name\":\"eurorxdrugs\",\"url\":\"https:\/\/eurorxdrugs.cc\/cs\/\",\"logo\":{\"@type\":\"ImageObject\",\"inLanguage\":\"cs\",\"@id\":\"https:\/\/eurorxdrugs.cc\/cs\/#\/schema\/logo\/image\/\",\"url\":\"https:\/\/eurorxdrugs.cc\/cs\/wp-content\/uploads\/2024\/09\/logo-1-1.png\",\"contentUrl\":\"https:\/\/eurorxdrugs.cc\/cs\/wp-content\/uploads\/2024\/09\/logo-1-1.png\",\"width\":233,\"height\":54,\"caption\":\"eurorxdrugs\"},\"image\":{\"@id\":\"https:\/\/eurorxdrugs.cc\/cs\/#\/schema\/logo\/image\/\"}}]}<\/script>\n<!-- \/ Yoast SEO plugin. -->","yoast_head_json":{"title":"Objednejte Risperdal (Risperidone) bez receptu za n\u00edzkou cenu | Eurorxdrugs","description":"Kupte Risperdal (Risperidone) nyn\u00ed! Origin\u00e1ln\u00ed l\u00e9ky a rychl\u00e9 doru\u010den\u00ed v cen\u011b. 100% diskr\u00e9tn\u00ed a d\u016fv\u011brn\u00fd servis pro v\u0161echny na\u0161e z\u00e1kazn\u00edky na Eurorxdrugs","robots":{"index":"index","follow":"follow","max-snippet":"max-snippet:-1","max-image-preview":"max-image-preview:large","max-video-preview":"max-video-preview:-1"},"canonical":"https:\/\/eurorxdrugs.cc\/cs\/product\/risperdal-risperidone\/","og_locale":"cs_CZ","og_type":"article","og_title":"Objednejte Risperdal (Risperidone) bez receptu za n\u00edzkou cenu | Eurorxdrugs","og_description":"Kupte Risperdal (Risperidone) nyn\u00ed! Origin\u00e1ln\u00ed l\u00e9ky a rychl\u00e9 doru\u010den\u00ed v cen\u011b. 100% diskr\u00e9tn\u00ed a d\u016fv\u011brn\u00fd servis pro v\u0161echny na\u0161e z\u00e1kazn\u00edky na Eurorxdrugs","og_url":"https:\/\/eurorxdrugs.cc\/cs\/product\/risperdal-risperidone\/","og_site_name":"eurorxdrugs","article_modified_time":"2024-11-01T20:33:06+00:00","og_image":[{"width":270,"height":300,"url":"https:\/\/eurorxdrugs.cc\/cs\/wp-content\/uploads\/2024\/11\/31-min.jpg","type":"image\/jpeg"}],"twitter_card":"summary_large_image","twitter_misc":{"Odhadovan\u00e1 doba \u010dten\u00ed":"3 minuty"},"schema":{"@context":"https:\/\/schema.org","@graph":[{"@type":"WebPage","@id":"https:\/\/eurorxdrugs.cc\/cs\/product\/risperdal-risperidone\/","url":"https:\/\/eurorxdrugs.cc\/cs\/product\/risperdal-risperidone\/","name":"Objednejte Risperdal (Risperidone) bez receptu za n\u00edzkou cenu | Eurorxdrugs","isPartOf":{"@id":"https:\/\/eurorxdrugs.cc\/cs\/#website"},"datePublished":"2024-11-01T20:23:52+00:00","dateModified":"2024-11-01T20:33:06+00:00","description":"Kupte Risperdal (Risperidone) nyn\u00ed! Origin\u00e1ln\u00ed l\u00e9ky a rychl\u00e9 doru\u010den\u00ed v cen\u011b. 100% diskr\u00e9tn\u00ed a d\u016fv\u011brn\u00fd servis pro v\u0161echny na\u0161e z\u00e1kazn\u00edky na Eurorxdrugs","breadcrumb":{"@id":"https:\/\/eurorxdrugs.cc\/cs\/product\/risperdal-risperidone\/#breadcrumb"},"inLanguage":"cs","potentialAction":[{"@type":"ReadAction","target":["https:\/\/eurorxdrugs.cc\/cs\/product\/risperdal-risperidone\/"]}]},{"@type":"BreadcrumbList","@id":"https:\/\/eurorxdrugs.cc\/cs\/product\/risperdal-risperidone\/#breadcrumb","itemListElement":[{"@type":"ListItem","position":1,"name":"Home","item":"https:\/\/eurorxdrugs.cc\/cs\/"},{"@type":"ListItem","position":2,"name":"Products","item":"https:\/\/eurorxdrugs.cc\/cs\/shop\/"},{"@type":"ListItem","position":3,"name":"Risperdal (Risperidone)"}]},{"@type":"WebSite","@id":"https:\/\/eurorxdrugs.cc\/cs\/#website","url":"https:\/\/eurorxdrugs.cc\/cs\/","name":"eurorxdrugs","description":"","publisher":{"@id":"https:\/\/eurorxdrugs.cc\/cs\/#organization"},"potentialAction":[{"@type":"SearchAction","target":{"@type":"EntryPoint","urlTemplate":"https:\/\/eurorxdrugs.cc\/cs\/?s={search_term_string}"},"query-input":"required name=search_term_string"}],"inLanguage":"cs"},{"@type":"Organization","@id":"https:\/\/eurorxdrugs.cc\/cs\/#organization","name":"eurorxdrugs","url":"https:\/\/eurorxdrugs.cc\/cs\/","logo":{"@type":"ImageObject","inLanguage":"cs","@id":"https:\/\/eurorxdrugs.cc\/cs\/#\/schema\/logo\/image\/","url":"https:\/\/eurorxdrugs.cc\/cs\/wp-content\/uploads\/2024\/09\/logo-1-1.png","contentUrl":"https:\/\/eurorxdrugs.cc\/cs\/wp-content\/uploads\/2024\/09\/logo-1-1.png","width":233,"height":54,"caption":"eurorxdrugs"},"image":{"@id":"https:\/\/eurorxdrugs.cc\/cs\/#\/schema\/logo\/image\/"}}]}},"_links":{"self":[{"href":"https:\/\/eurorxdrugs.cc\/cs\/wp-json\/wp\/v2\/product\/5915","targetHints":{"allow":["GET"]}}],"collection":[{"href":"https:\/\/eurorxdrugs.cc\/cs\/wp-json\/wp\/v2\/product"}],"about":[{"href":"https:\/\/eurorxdrugs.cc\/cs\/wp-json\/wp\/v2\/types\/product"}],"replies":[{"embeddable":true,"href":"https:\/\/eurorxdrugs.cc\/cs\/wp-json\/wp\/v2\/comments?post=5915"}],"wp:featuredmedia":[{"embeddable":true,"href":"https:\/\/eurorxdrugs.cc\/cs\/wp-json\/wp\/v2\/media\/5916"}],"wp:attachment":[{"href":"https:\/\/eurorxdrugs.cc\/cs\/wp-json\/wp\/v2\/media?parent=5915"}],"wp:term":[{"taxonomy":"product_cat","embeddable":true,"href":"https:\/\/eurorxdrugs.cc\/cs\/wp-json\/wp\/v2\/product_cat?post=5915"},{"taxonomy":"product_tag","embeddable":true,"href":"https:\/\/eurorxdrugs.cc\/cs\/wp-json\/wp\/v2\/product_tag?post=5915"}],"curies":[{"name":"wp","href":"https:\/\/api.w.org\/{rel}","templated":true}]}}