{"id":5946,"date":"2024-11-01T20:37:50","date_gmt":"2024-11-01T20:37:50","guid":{"rendered":"https:\/\/eurorxdrugs.cc\/cs\/?post_type=product&#038;p=5946"},"modified":"2024-11-01T20:59:50","modified_gmt":"2024-11-01T20:59:50","slug":"priligy-dapoxetin","status":"publish","type":"product","link":"https:\/\/eurorxdrugs.cc\/cs\/product\/priligy-dapoxetin\/","title":{"rendered":"Priligy (Dapoxetin)"},"content":{"rendered":"<div class=\"pro-description_name\">Beschreibung<\/div>\n<div class=\"pro-description_content\">\n<h3><b>Dapoxetin: Anwendung und wichtige Informationen<\/b><\/h3>\n<p><b>H\u00e4ufige Anwendung:<\/b> Dapoxetin geh\u00f6rt zu einer Klasse von selektiven Serotonin-Wiederaufnahmehemmern (SSRIs). Dieser kurz wirksame Hemmer wird zur Behandlung von vorzeitiger Ejakulation bei M\u00e4nnern eingesetzt.<\/p>\n<h3><b>Dosierung und Anwendung:<\/b><\/h3>\n<p>Nehmen Sie Dapoxetin oral mit einem Glas Wasser, mit oder ohne Nahrung. Vermeiden Sie es, dieses Medikament zu schneiden, zu zerdr\u00fccken oder zu kauen. <b>Nehmen Sie das Medikament nicht h\u00e4ufiger ein, als es Ihnen verschrieben wurde.<\/b> <b>Brechen Sie die Einnahme nicht ab, es sei denn, Ihr Arzt r\u00e4t Ihnen dazu.<\/b> Es kann einige Zeit dauern, bis das Medikament wirkt. Konsultieren Sie Ihren Arzt bez\u00fcglich der richtigen Dosierung f\u00fcr Sie.<\/p>\n<h3><b>Vorsichtsma\u00dfnahmen:<\/b><\/h3>\n<p>Bevor Sie Dapoxetin einnehmen, <b>informieren Sie Ihren Arzt oder Apotheker, wenn Sie allergisch darauf reagieren; oder wenn Sie andere Allergien haben.<\/b> Informieren Sie Ihren Arzt oder Apotheker, wenn Sie bipolare St\u00f6rungen, Augen-, Leber- oder Nierenprobleme haben. \u00c4ltere Menschen k\u00f6nnen empfindlicher auf die Nebenwirkungen des Medikaments reagieren. W\u00e4hrend der Schwangerschaft sollte diese Behandlung nur angewendet werden, wenn es unbedingt notwendig ist. <b>Da dieses Medikament durch die Haut aufgenommen werden kann, sollten Frauen, die schwanger sind oder werden k\u00f6nnten, mit diesem Medikament nicht umgehen.<\/b><\/p>\n<h3><b>Kontraindikationen:<\/b><\/h3>\n<p>Dapoxetin sollte nicht von <b>schwangeren oder stillenden Frauen oder Kindern<\/b> sowie von Patienten eingenommen werden, die eine \u00dcberempfindlichkeitsreaktion darauf gezeigt haben.<\/p>\n<h3><b>M\u00f6gliche Nebenwirkungen:<\/b><\/h3>\n<p>Die h\u00e4ufigsten Nebenwirkungen sind:<\/p>\n<ul>\n<li><b>schneller und unregelm\u00e4\u00dfiger Puls<\/b><\/li>\n<li><b>zittern<\/b><\/li>\n<li><b>Angst<\/b><\/li>\n<li><b>verschwommenes Sehen<\/b><\/li>\n<li><b>Erbrechen<\/b><\/li>\n<li><b>Fieber<\/b><\/li>\n<li><b>Durchfall<\/b><\/li>\n<\/ul>\n<p>Eine sehr ernste allergische Reaktion tritt selten auf. Viele Menschen, die dieses Medikament verwenden, haben keine schwerwiegenden Nebenwirkungen. <b>Wenden Sie sich f\u00fcr weitere Informationen an Ihren Arzt oder Apotheker.<\/b> Falls Sie Nebenwirkungen bemerken, die hier nicht aufgef\u00fchrt sind, kontaktieren Sie bitte Ihren Arzt oder Apotheker.<\/p>\n<h3><b>Arzneimittelwechselwirkungen:<\/b><\/h3>\n<p>Informieren Sie Ihren Arzt oder Apotheker \u00fcber alle verschreibungspflichtigen und nicht verschreibungspflichtigen\/kr\u00e4uterlichen Produkte, die Sie m\u00f6glicherweise verwenden, bevor Sie dieses Medikament einnehmen. Dapoxetin kann mit folgenden Medikamenten interagieren:<\/p>\n<ul>\n<li><b>MAO-Hemmer:<\/b> Furazolidon, Isocarboxazid, Linezolid, Moclobemid, Tranylcypromin usw.<\/li>\n<li><b>Antiarrhythmika:<\/b> Propafenon, Chinidin usw.<\/li>\n<li><b>Serotonin-Noradrenalin-Wiederaufnahmehemmer (SNRIs):<\/b> Desvenlafaxin, Duloxetin, Milnacipran, Venlafaxin.<\/li>\n<li><b>Antipsychotika (auch Neuroleptika genannt):<\/b> Fluphenazin usw.<\/li>\n<li><b>H2-Rezeptor-Antagonisten:<\/b> Cimetidin, Ranitidin, Famotidin, Nizatidin usw.<\/li>\n<\/ul>\n<p><b>Wenden Sie sich f\u00fcr weitere Informationen an Ihren Arzt oder Apotheker.<\/b><\/p>\n<h3><b>Vers\u00e4umte Dosis:<\/b><\/h3>\n<p>Wenn Sie eine Dosis vergessen haben, nehmen Sie sie ein, sobald Sie sich daran erinnern. Wenn es fast Zeit f\u00fcr die n\u00e4chste Dosis ist, lassen Sie die vers\u00e4umte Dosis aus und setzen Sie Ihren \u00fcblichen Dosierungszeitplan fort. <b>Nehmen Sie Ihre Dosis nicht doppelt ein.<\/b><\/p>\n<h3><b>\u00dcberdosierung:<\/b><\/h3>\n<p>Wenn Sie denken, dass Sie zu viel von diesem Medikament eingenommen haben, <b>suchen Sie sofort medizinische Hilfe auf.<\/b> Die Symptome einer \u00dcberdosierung umfassen normalerweise Brustschmerzen, \u00dcbelkeit, unregelm\u00e4\u00dfigen Herzschlag und Schwindel oder Ohnmacht.<\/p>\n<h3><b>Aufbewahrung:<\/b><\/h3>\n<p>Lagern Sie Ihre Medikamente bei Raumtemperatur zwischen 20-25 Grad Celsius (68-77 Grad Fahrenheit), fern von Licht und Feuchtigkeit. <b>Bewahren Sie Ihre Medikamente nicht im Badezimmer auf.<\/b> Halten Sie alle Medikamente au\u00dferhalb der Reichweite von Kindern und Haustieren.<\/p>\n<\/div>\n","protected":false},"excerpt":{"rendered":"<div><b>Handelsname:<\/b> Priligy<\/div>\n<div><b>Wirkstoff:<\/b> Dapoxetin<\/div>\n<div><b>Produktionsform:<\/b> Tabletten<\/div>\n<div><b>Verwendung:<\/b> Behandlung der vorzeitigen Ejakulation<\/div>\n<div><b>Wirkungseintritt:<\/b> innerhalb von 20-60 Minuten<\/div>\n<div><b>Wirkungsdauer:<\/b> f\u00fcr 6 Stunden<\/div>\n<div><b>Verf\u00fcgbare Dosierung:<\/b> 30mg, 60mg, 90mg<\/div>\n","protected":false},"featured_media":5948,"comment_status":"open","ping_status":"closed","template":"","meta":[],"product_cat":[35],"product_tag":[],"class_list":{"0":"post-5946","1":"product","2":"type-product","3":"status-publish","4":"has-post-thumbnail","6":"product_cat-mens-sexual-health","8":"first","9":"instock","10":"shipping-taxable","11":"product-type-grouped"},"yoast_head":"<!-- This site is optimized with the Yoast SEO plugin v20.0 - https:\/\/yoast.com\/wordpress\/plugins\/seo\/ -->\n<title>Objednejte Priligy (Dapoxetin) bez receptu za n\u00edzkou cenu | Eurorxdrugs<\/title>\n<meta name=\"description\" content=\"Kupte Priligy (Dapoxetin) nyn\u00ed! Origin\u00e1ln\u00ed l\u00e9ky a rychl\u00e9 doru\u010den\u00ed v cen\u011b. 100% diskr\u00e9tn\u00ed a d\u016fv\u011brn\u00fd servis pro v\u0161echny na\u0161e z\u00e1kazn\u00edky na Eurorxdrugs\" \/>\n<meta name=\"robots\" content=\"index, follow, max-snippet:-1, max-image-preview:large, max-video-preview:-1\" \/>\n<link rel=\"canonical\" href=\"https:\/\/eurorxdrugs.cc\/cs\/product\/priligy-dapoxetin\/\" \/>\n<meta property=\"og:locale\" content=\"cs_CZ\" \/>\n<meta property=\"og:type\" content=\"article\" \/>\n<meta property=\"og:title\" content=\"Objednejte Priligy (Dapoxetin) bez receptu za n\u00edzkou cenu | Eurorxdrugs\" \/>\n<meta property=\"og:description\" content=\"Kupte Priligy (Dapoxetin) nyn\u00ed! Origin\u00e1ln\u00ed l\u00e9ky a rychl\u00e9 doru\u010den\u00ed v cen\u011b. 100% diskr\u00e9tn\u00ed a d\u016fv\u011brn\u00fd servis pro v\u0161echny na\u0161e z\u00e1kazn\u00edky na Eurorxdrugs\" \/>\n<meta property=\"og:url\" content=\"https:\/\/eurorxdrugs.cc\/cs\/product\/priligy-dapoxetin\/\" \/>\n<meta property=\"og:site_name\" content=\"eurorxdrugs\" \/>\n<meta property=\"article:modified_time\" content=\"2024-11-01T20:59:50+00:00\" \/>\n<meta property=\"og:image\" content=\"https:\/\/eurorxdrugs.cc\/cs\/wp-content\/uploads\/2024\/11\/63-min.jpg\" \/>\n\t<meta property=\"og:image:width\" content=\"270\" \/>\n\t<meta property=\"og:image:height\" content=\"300\" \/>\n\t<meta property=\"og:image:type\" content=\"image\/jpeg\" \/>\n<meta name=\"twitter:card\" content=\"summary_large_image\" \/>\n<meta name=\"twitter:label1\" content=\"Odhadovan\u00e1 doba \u010dten\u00ed\" \/>\n\t<meta name=\"twitter:data1\" content=\"3 minuty\" \/>\n<script type=\"application\/ld+json\" class=\"yoast-schema-graph\">{\"@context\":\"https:\/\/schema.org\",\"@graph\":[{\"@type\":\"WebPage\",\"@id\":\"https:\/\/eurorxdrugs.cc\/cs\/product\/priligy-dapoxetin\/\",\"url\":\"https:\/\/eurorxdrugs.cc\/cs\/product\/priligy-dapoxetin\/\",\"name\":\"Objednejte Priligy (Dapoxetin) bez receptu za n\u00edzkou cenu | Eurorxdrugs\",\"isPartOf\":{\"@id\":\"https:\/\/eurorxdrugs.cc\/cs\/#website\"},\"datePublished\":\"2024-11-01T20:37:50+00:00\",\"dateModified\":\"2024-11-01T20:59:50+00:00\",\"description\":\"Kupte Priligy (Dapoxetin) nyn\u00ed! Origin\u00e1ln\u00ed l\u00e9ky a rychl\u00e9 doru\u010den\u00ed v cen\u011b. 100% diskr\u00e9tn\u00ed a d\u016fv\u011brn\u00fd servis pro v\u0161echny na\u0161e z\u00e1kazn\u00edky na Eurorxdrugs\",\"breadcrumb\":{\"@id\":\"https:\/\/eurorxdrugs.cc\/cs\/product\/priligy-dapoxetin\/#breadcrumb\"},\"inLanguage\":\"cs\",\"potentialAction\":[{\"@type\":\"ReadAction\",\"target\":[\"https:\/\/eurorxdrugs.cc\/cs\/product\/priligy-dapoxetin\/\"]}]},{\"@type\":\"BreadcrumbList\",\"@id\":\"https:\/\/eurorxdrugs.cc\/cs\/product\/priligy-dapoxetin\/#breadcrumb\",\"itemListElement\":[{\"@type\":\"ListItem\",\"position\":1,\"name\":\"Home\",\"item\":\"https:\/\/eurorxdrugs.cc\/cs\/\"},{\"@type\":\"ListItem\",\"position\":2,\"name\":\"Products\",\"item\":\"https:\/\/eurorxdrugs.cc\/cs\/shop\/\"},{\"@type\":\"ListItem\",\"position\":3,\"name\":\"Priligy (Dapoxetin)\"}]},{\"@type\":\"WebSite\",\"@id\":\"https:\/\/eurorxdrugs.cc\/cs\/#website\",\"url\":\"https:\/\/eurorxdrugs.cc\/cs\/\",\"name\":\"eurorxdrugs\",\"description\":\"\",\"publisher\":{\"@id\":\"https:\/\/eurorxdrugs.cc\/cs\/#organization\"},\"potentialAction\":[{\"@type\":\"SearchAction\",\"target\":{\"@type\":\"EntryPoint\",\"urlTemplate\":\"https:\/\/eurorxdrugs.cc\/cs\/?s={search_term_string}\"},\"query-input\":\"required name=search_term_string\"}],\"inLanguage\":\"cs\"},{\"@type\":\"Organization\",\"@id\":\"https:\/\/eurorxdrugs.cc\/cs\/#organization\",\"name\":\"eurorxdrugs\",\"url\":\"https:\/\/eurorxdrugs.cc\/cs\/\",\"logo\":{\"@type\":\"ImageObject\",\"inLanguage\":\"cs\",\"@id\":\"https:\/\/eurorxdrugs.cc\/cs\/#\/schema\/logo\/image\/\",\"url\":\"https:\/\/eurorxdrugs.cc\/cs\/wp-content\/uploads\/2024\/09\/logo-1-1.png\",\"contentUrl\":\"https:\/\/eurorxdrugs.cc\/cs\/wp-content\/uploads\/2024\/09\/logo-1-1.png\",\"width\":233,\"height\":54,\"caption\":\"eurorxdrugs\"},\"image\":{\"@id\":\"https:\/\/eurorxdrugs.cc\/cs\/#\/schema\/logo\/image\/\"}}]}<\/script>\n<!-- \/ Yoast SEO plugin. -->","yoast_head_json":{"title":"Objednejte Priligy (Dapoxetin) bez receptu za n\u00edzkou cenu | Eurorxdrugs","description":"Kupte Priligy (Dapoxetin) nyn\u00ed! Origin\u00e1ln\u00ed l\u00e9ky a rychl\u00e9 doru\u010den\u00ed v cen\u011b. 100% diskr\u00e9tn\u00ed a d\u016fv\u011brn\u00fd servis pro v\u0161echny na\u0161e z\u00e1kazn\u00edky na Eurorxdrugs","robots":{"index":"index","follow":"follow","max-snippet":"max-snippet:-1","max-image-preview":"max-image-preview:large","max-video-preview":"max-video-preview:-1"},"canonical":"https:\/\/eurorxdrugs.cc\/cs\/product\/priligy-dapoxetin\/","og_locale":"cs_CZ","og_type":"article","og_title":"Objednejte Priligy (Dapoxetin) bez receptu za n\u00edzkou cenu | Eurorxdrugs","og_description":"Kupte Priligy (Dapoxetin) nyn\u00ed! Origin\u00e1ln\u00ed l\u00e9ky a rychl\u00e9 doru\u010den\u00ed v cen\u011b. 100% diskr\u00e9tn\u00ed a d\u016fv\u011brn\u00fd servis pro v\u0161echny na\u0161e z\u00e1kazn\u00edky na Eurorxdrugs","og_url":"https:\/\/eurorxdrugs.cc\/cs\/product\/priligy-dapoxetin\/","og_site_name":"eurorxdrugs","article_modified_time":"2024-11-01T20:59:50+00:00","og_image":[{"width":270,"height":300,"url":"https:\/\/eurorxdrugs.cc\/cs\/wp-content\/uploads\/2024\/11\/63-min.jpg","type":"image\/jpeg"}],"twitter_card":"summary_large_image","twitter_misc":{"Odhadovan\u00e1 doba \u010dten\u00ed":"3 minuty"},"schema":{"@context":"https:\/\/schema.org","@graph":[{"@type":"WebPage","@id":"https:\/\/eurorxdrugs.cc\/cs\/product\/priligy-dapoxetin\/","url":"https:\/\/eurorxdrugs.cc\/cs\/product\/priligy-dapoxetin\/","name":"Objednejte Priligy (Dapoxetin) bez receptu za n\u00edzkou cenu | Eurorxdrugs","isPartOf":{"@id":"https:\/\/eurorxdrugs.cc\/cs\/#website"},"datePublished":"2024-11-01T20:37:50+00:00","dateModified":"2024-11-01T20:59:50+00:00","description":"Kupte Priligy (Dapoxetin) nyn\u00ed! Origin\u00e1ln\u00ed l\u00e9ky a rychl\u00e9 doru\u010den\u00ed v cen\u011b. 100% diskr\u00e9tn\u00ed a d\u016fv\u011brn\u00fd servis pro v\u0161echny na\u0161e z\u00e1kazn\u00edky na Eurorxdrugs","breadcrumb":{"@id":"https:\/\/eurorxdrugs.cc\/cs\/product\/priligy-dapoxetin\/#breadcrumb"},"inLanguage":"cs","potentialAction":[{"@type":"ReadAction","target":["https:\/\/eurorxdrugs.cc\/cs\/product\/priligy-dapoxetin\/"]}]},{"@type":"BreadcrumbList","@id":"https:\/\/eurorxdrugs.cc\/cs\/product\/priligy-dapoxetin\/#breadcrumb","itemListElement":[{"@type":"ListItem","position":1,"name":"Home","item":"https:\/\/eurorxdrugs.cc\/cs\/"},{"@type":"ListItem","position":2,"name":"Products","item":"https:\/\/eurorxdrugs.cc\/cs\/shop\/"},{"@type":"ListItem","position":3,"name":"Priligy (Dapoxetin)"}]},{"@type":"WebSite","@id":"https:\/\/eurorxdrugs.cc\/cs\/#website","url":"https:\/\/eurorxdrugs.cc\/cs\/","name":"eurorxdrugs","description":"","publisher":{"@id":"https:\/\/eurorxdrugs.cc\/cs\/#organization"},"potentialAction":[{"@type":"SearchAction","target":{"@type":"EntryPoint","urlTemplate":"https:\/\/eurorxdrugs.cc\/cs\/?s={search_term_string}"},"query-input":"required name=search_term_string"}],"inLanguage":"cs"},{"@type":"Organization","@id":"https:\/\/eurorxdrugs.cc\/cs\/#organization","name":"eurorxdrugs","url":"https:\/\/eurorxdrugs.cc\/cs\/","logo":{"@type":"ImageObject","inLanguage":"cs","@id":"https:\/\/eurorxdrugs.cc\/cs\/#\/schema\/logo\/image\/","url":"https:\/\/eurorxdrugs.cc\/cs\/wp-content\/uploads\/2024\/09\/logo-1-1.png","contentUrl":"https:\/\/eurorxdrugs.cc\/cs\/wp-content\/uploads\/2024\/09\/logo-1-1.png","width":233,"height":54,"caption":"eurorxdrugs"},"image":{"@id":"https:\/\/eurorxdrugs.cc\/cs\/#\/schema\/logo\/image\/"}}]}},"_links":{"self":[{"href":"https:\/\/eurorxdrugs.cc\/cs\/wp-json\/wp\/v2\/product\/5946","targetHints":{"allow":["GET"]}}],"collection":[{"href":"https:\/\/eurorxdrugs.cc\/cs\/wp-json\/wp\/v2\/product"}],"about":[{"href":"https:\/\/eurorxdrugs.cc\/cs\/wp-json\/wp\/v2\/types\/product"}],"replies":[{"embeddable":true,"href":"https:\/\/eurorxdrugs.cc\/cs\/wp-json\/wp\/v2\/comments?post=5946"}],"wp:featuredmedia":[{"embeddable":true,"href":"https:\/\/eurorxdrugs.cc\/cs\/wp-json\/wp\/v2\/media\/5948"}],"wp:attachment":[{"href":"https:\/\/eurorxdrugs.cc\/cs\/wp-json\/wp\/v2\/media?parent=5946"}],"wp:term":[{"taxonomy":"product_cat","embeddable":true,"href":"https:\/\/eurorxdrugs.cc\/cs\/wp-json\/wp\/v2\/product_cat?post=5946"},{"taxonomy":"product_tag","embeddable":true,"href":"https:\/\/eurorxdrugs.cc\/cs\/wp-json\/wp\/v2\/product_tag?post=5946"}],"curies":[{"name":"wp","href":"https:\/\/api.w.org\/{rel}","templated":true}]}}