{"id":5994,"date":"2024-11-01T21:02:22","date_gmt":"2024-11-01T21:02:22","guid":{"rendered":"https:\/\/eurorxdrugs.cc\/cs\/?post_type=product&#038;p=5994"},"modified":"2024-11-01T21:35:21","modified_gmt":"2024-11-01T21:35:21","slug":"levitra-vardenafil","status":"publish","type":"product","link":"https:\/\/eurorxdrugs.cc\/cs\/product\/levitra-vardenafil\/","title":{"rendered":"Levitra (Vardenafil)"},"content":{"rendered":"<div class=\"pro-description_name\">Beschreibung<\/div>\n<div class=\"pro-description_content\">\n<h3><b>H\u00e4ufige Verwendung<\/b><\/h3>\n<p><b>Levitra<\/b> ist ein orales Medikament zur Behandlung von erektiler Dysfunktion. Sexuelle Stimulation f\u00fchrt zur Produktion und Freisetzung von Stickstoffmonoxid aus den Nervenenden der Schwellk\u00f6rper des Penis, wodurch das Enzym Guanylatzyklase aktiviert wird. Guanylatzyklase ist verantwortlich f\u00fcr die Produktion von cyclischem Guanosinmonophosphat (cGMP). Das cGMP verursacht die Erweiterung und Entspannung der Blutgef\u00e4\u00dfe, die Blut zum Penis transportieren. Levitra verhindert, dass das Enzym Phosphodiesterase-5 cGMP abbaut, und unterst\u00fctzt somit den Blutfluss zum Penis.<\/p>\n<h3><b>Dosierung und Anwendung<\/b><\/h3>\n<p>Die empfohlene Dosis von Levitra betr\u00e4gt <b>10 mg<\/b> pro Tag, die eine Stunde vor dem Geschlechtsverkehr eingenommen werden sollte. Wenn keine Nebenwirkungen auftreten, kann die Dosis auf <b>20 mg<\/b> erh\u00f6ht werden. Bei Nebenwirkungen wird die Dosis auf <b>5 mg<\/b> t\u00e4glich reduziert. <b>Nehmen Sie nicht mehr als eine Tablette Levitra pro Tag.<\/b><\/p>\n<h3><b>Vorsichtsma\u00dfnahmen<\/b><\/h3>\n<p>Levitra wurde nicht bei Personen mit Herz-Kreislauf-Erkrankungen untersucht, daher sollte es bei Patienten, die in den letzten sechs Monaten einen Schlaganfall, Herzinsuffizienz oder einen Herzinfarkt hatten, vermieden werden. Informieren Sie Ihren Arzt, bevor Sie Levitra einnehmen, wenn Sie:<\/p>\n<ul>\n<li><b>Nieren- oder Leberprobleme<\/b> haben<\/li>\n<li><b>Eine Blutgerinnungsst\u00f6rung<\/b> haben<\/li>\n<li><b>Ein Magengeschw\u00fcr<\/b> haben<\/li>\n<li><b>Eine erbliche Netzhauterkrankung<\/b> wie Retinitis pigmentosa haben<\/li>\n<li><b>Allergische Reaktionen<\/b> auf dieses Medikament oder andere Medikamente haben<\/li>\n<li><b>Eine Deformation des Penis<\/b> wie Angulation oder cavern\u00f6se Fibrose (Peyronie-Krankheit) haben<\/li>\n<li><b>Krankheiten haben, die zur Entwicklung von Priapismus beitragen<\/b> (z. B. Sichelzellenan\u00e4mie, multiples Myelom, Leuk\u00e4mie)<\/li>\n<\/ul>\n<h3><b>Gegenanzeigen<\/b><\/h3>\n<p>Levitra ist kontraindiziert bei Patienten mit:<\/p>\n<ul>\n<li><b>\u00dcberempfindlichkeit<\/b> gegen die Inhaltsstoffe<\/li>\n<li><b>Organischen Nitraten<\/b><\/li>\n<li><b>Patienten unter 16 Jahren<\/b><\/li>\n<li><b>HIV-Protease-Inhibitoren<\/b> wie Indinavir und Ritonavir<\/li>\n<\/ul>\n<h3><b>Nebenwirkungen<\/b><\/h3>\n<p>Zu den Nebenwirkungen von Levitra (Generikum) k\u00f6nnen geh\u00f6ren:<\/p>\n<ul>\n<li><b>Verstopfte Nase<\/b><\/li>\n<li><b>Schwindel, Kopfschmerzen oder Schwindelgef\u00fchl<\/b><\/li>\n<li><b>\u00dcbelkeit und\/oder Durchfall<\/b><\/li>\n<li><b>Selten Hyper- oder Hypotonie, R\u00fcckenschmerzen, tr\u00e4nende Augen, Myalgie, Priapismus<\/b> (eine verl\u00e4ngerte und schmerzhafte Erektion, die einem Arzt gemeldet werden muss, wenn sie l\u00e4nger als 4 Stunden anh\u00e4lt, da dies zu Sch\u00e4den am Penis f\u00fchren kann)<\/li>\n<\/ul>\n<p>Um das Risiko von Nebenwirkungen zu verringern, muss Ihr Arzt die Verwendung von Levitra (Generikum) genehmigen, wenn Sie:<\/p>\n<ul>\n<li><b>Unter 16 Jahren<\/b> sind<\/li>\n<li><b>HIV-Protease-Inhibitoren<\/b> einnehmen, die Indinavir oder Ritonavir enthalten<\/li>\n<li><b>Medikamente einnehmen, die organische Nitrate enthalten<\/b>, sowie solche, die Erythromycin, Itraconazol, Ketoconazol oder Terazosin enthalten<\/li>\n<li><b>Unter Herz-Kreislauf-Erkrankungen, Priapismus, Nieren-\/Leber-\/Blutkrankheiten, Magengeschw\u00fcren, Netzhauterkrankungen<\/b> (z. B. Retinitis pigmentosa), multiple Myelome, Leuk\u00e4mie oder Sichelzellenan\u00e4mie leiden<\/li>\n<li><b>Allergisch gegen Vardenafil oder andere Medikamente, Lebensmittel oder Substanzen<\/b> sind<\/li>\n<li><b>Eine Deformation des Penis<\/b> aufgrund von Angulation oder cavern\u00f6ser Fibrose haben<\/li>\n<\/ul>\n<h3><b>Arzneimittelwechselwirkungen<\/b><\/h3>\n<p>Der Metabolismus von Levitra wird durch folgende Mittel gehemmt:<\/p>\n<ul>\n<li><b>Erythromycin<\/b><\/li>\n<li><b>Ketoconazol<\/b> (Nizoral)<\/li>\n<li><b>Itraconazol<\/b> (Sporanox)<\/li>\n<li><b>Indinavir<\/b> (Crixivan)<\/li>\n<li><b>Ritonavir<\/b> (Norvir)<\/li>\n<\/ul>\n<p>Levitra reduziert die Konzentration von Ritonavir und Indinavir. Bei Patienten, die mit Nitraten behandelt werden, kann Levitra Brustschmerzen verst\u00e4rken, indem es die Herzfrequenz erh\u00f6ht und den Blutdruck senkt. Levitra kann die blutdrucksenkenden Effekte von alpha-blockierenden Medikamenten (z. B. Terazosin oder Hytrin) verst\u00e4rken. <b>Levitra sollte niemals Patienten verabreicht werden, die mit organischen Nitraten behandelt werden.<\/b><\/p>\n<h3><b>Vergessene Dosis<\/b><\/h3>\n<p>Levitra wird nach Bedarf eingenommen, jedoch nicht h\u00e4ufiger als einmal t\u00e4glich, sodass <b>eine vergessene Dosis nicht vorgesehen ist<\/b>.<\/p>\n<\/div>\n","protected":false},"excerpt":{"rendered":"<div><b>Handelsname:<\/b> Levitra<\/div>\n<div><b>Wirkstoff:<\/b> Vardenafil<\/div>\n<div><b>Darreichungsform:<\/b> Tabletten<\/div>\n<div><b>Anwendung:<\/b> Erektile Dysfunktion<\/div>\n<div><b>Wirkungseintritt:<\/b> innerhalb von 25 Minuten<\/div>\n<div><b>Wirkung:<\/b> f\u00fcr 8-12 Stunden<\/div>\n<div><b>Verf\u00fcgbare Dosierung:<\/b>\u00a010mg, 20mg, 40mg, 60mg<\/div>\n","protected":false},"featured_media":5995,"comment_status":"open","ping_status":"closed","template":"","meta":[],"product_cat":[35],"product_tag":[],"class_list":{"0":"post-5994","1":"product","2":"type-product","3":"status-publish","4":"has-post-thumbnail","6":"product_cat-mens-sexual-health","8":"first","9":"instock","10":"shipping-taxable","11":"product-type-grouped"},"yoast_head":"<!-- This site is optimized with the Yoast SEO plugin v20.0 - https:\/\/yoast.com\/wordpress\/plugins\/seo\/ -->\n<title>Objednejte Levitra (Vardenafil) bez receptu za n\u00edzkou cenu | Eurorxdrugs<\/title>\n<meta name=\"description\" content=\"Kupte Levitra (Vardenafil) nyn\u00ed! Origin\u00e1ln\u00ed l\u00e9ky a rychl\u00e9 doru\u010den\u00ed v cen\u011b. 100% diskr\u00e9tn\u00ed a d\u016fv\u011brn\u00fd servis pro v\u0161echny na\u0161e z\u00e1kazn\u00edky na Eurorxdrugs\" \/>\n<meta name=\"robots\" content=\"index, follow, max-snippet:-1, max-image-preview:large, max-video-preview:-1\" \/>\n<link rel=\"canonical\" href=\"https:\/\/eurorxdrugs.cc\/cs\/product\/levitra-vardenafil\/\" \/>\n<meta property=\"og:locale\" content=\"cs_CZ\" \/>\n<meta property=\"og:type\" content=\"article\" \/>\n<meta property=\"og:title\" content=\"Objednejte Levitra (Vardenafil) bez receptu za n\u00edzkou cenu | Eurorxdrugs\" \/>\n<meta property=\"og:description\" content=\"Kupte Levitra (Vardenafil) nyn\u00ed! Origin\u00e1ln\u00ed l\u00e9ky a rychl\u00e9 doru\u010den\u00ed v cen\u011b. 100% diskr\u00e9tn\u00ed a d\u016fv\u011brn\u00fd servis pro v\u0161echny na\u0161e z\u00e1kazn\u00edky na Eurorxdrugs\" \/>\n<meta property=\"og:url\" content=\"https:\/\/eurorxdrugs.cc\/cs\/product\/levitra-vardenafil\/\" \/>\n<meta property=\"og:site_name\" content=\"eurorxdrugs\" \/>\n<meta property=\"article:modified_time\" content=\"2024-11-01T21:35:21+00:00\" \/>\n<meta property=\"og:image\" content=\"https:\/\/eurorxdrugs.cc\/cs\/wp-content\/uploads\/2024\/11\/66-min.jpg\" \/>\n\t<meta property=\"og:image:width\" content=\"270\" \/>\n\t<meta property=\"og:image:height\" content=\"300\" \/>\n\t<meta property=\"og:image:type\" content=\"image\/jpeg\" \/>\n<meta name=\"twitter:card\" content=\"summary_large_image\" \/>\n<meta name=\"twitter:label1\" content=\"Odhadovan\u00e1 doba \u010dten\u00ed\" \/>\n\t<meta name=\"twitter:data1\" content=\"3 minuty\" \/>\n<script type=\"application\/ld+json\" class=\"yoast-schema-graph\">{\"@context\":\"https:\/\/schema.org\",\"@graph\":[{\"@type\":\"WebPage\",\"@id\":\"https:\/\/eurorxdrugs.cc\/cs\/product\/levitra-vardenafil\/\",\"url\":\"https:\/\/eurorxdrugs.cc\/cs\/product\/levitra-vardenafil\/\",\"name\":\"Objednejte Levitra (Vardenafil) bez receptu za n\u00edzkou cenu | Eurorxdrugs\",\"isPartOf\":{\"@id\":\"https:\/\/eurorxdrugs.cc\/cs\/#website\"},\"datePublished\":\"2024-11-01T21:02:22+00:00\",\"dateModified\":\"2024-11-01T21:35:21+00:00\",\"description\":\"Kupte Levitra (Vardenafil) nyn\u00ed! Origin\u00e1ln\u00ed l\u00e9ky a rychl\u00e9 doru\u010den\u00ed v cen\u011b. 100% diskr\u00e9tn\u00ed a d\u016fv\u011brn\u00fd servis pro v\u0161echny na\u0161e z\u00e1kazn\u00edky na Eurorxdrugs\",\"breadcrumb\":{\"@id\":\"https:\/\/eurorxdrugs.cc\/cs\/product\/levitra-vardenafil\/#breadcrumb\"},\"inLanguage\":\"cs\",\"potentialAction\":[{\"@type\":\"ReadAction\",\"target\":[\"https:\/\/eurorxdrugs.cc\/cs\/product\/levitra-vardenafil\/\"]}]},{\"@type\":\"BreadcrumbList\",\"@id\":\"https:\/\/eurorxdrugs.cc\/cs\/product\/levitra-vardenafil\/#breadcrumb\",\"itemListElement\":[{\"@type\":\"ListItem\",\"position\":1,\"name\":\"Home\",\"item\":\"https:\/\/eurorxdrugs.cc\/cs\/\"},{\"@type\":\"ListItem\",\"position\":2,\"name\":\"Products\",\"item\":\"https:\/\/eurorxdrugs.cc\/cs\/shop\/\"},{\"@type\":\"ListItem\",\"position\":3,\"name\":\"Levitra (Vardenafil)\"}]},{\"@type\":\"WebSite\",\"@id\":\"https:\/\/eurorxdrugs.cc\/cs\/#website\",\"url\":\"https:\/\/eurorxdrugs.cc\/cs\/\",\"name\":\"eurorxdrugs\",\"description\":\"\",\"publisher\":{\"@id\":\"https:\/\/eurorxdrugs.cc\/cs\/#organization\"},\"potentialAction\":[{\"@type\":\"SearchAction\",\"target\":{\"@type\":\"EntryPoint\",\"urlTemplate\":\"https:\/\/eurorxdrugs.cc\/cs\/?s={search_term_string}\"},\"query-input\":\"required name=search_term_string\"}],\"inLanguage\":\"cs\"},{\"@type\":\"Organization\",\"@id\":\"https:\/\/eurorxdrugs.cc\/cs\/#organization\",\"name\":\"eurorxdrugs\",\"url\":\"https:\/\/eurorxdrugs.cc\/cs\/\",\"logo\":{\"@type\":\"ImageObject\",\"inLanguage\":\"cs\",\"@id\":\"https:\/\/eurorxdrugs.cc\/cs\/#\/schema\/logo\/image\/\",\"url\":\"https:\/\/eurorxdrugs.cc\/cs\/wp-content\/uploads\/2024\/09\/logo-1-1.png\",\"contentUrl\":\"https:\/\/eurorxdrugs.cc\/cs\/wp-content\/uploads\/2024\/09\/logo-1-1.png\",\"width\":233,\"height\":54,\"caption\":\"eurorxdrugs\"},\"image\":{\"@id\":\"https:\/\/eurorxdrugs.cc\/cs\/#\/schema\/logo\/image\/\"}}]}<\/script>\n<!-- \/ Yoast SEO plugin. -->","yoast_head_json":{"title":"Objednejte Levitra (Vardenafil) bez receptu za n\u00edzkou cenu | Eurorxdrugs","description":"Kupte Levitra (Vardenafil) nyn\u00ed! Origin\u00e1ln\u00ed l\u00e9ky a rychl\u00e9 doru\u010den\u00ed v cen\u011b. 100% diskr\u00e9tn\u00ed a d\u016fv\u011brn\u00fd servis pro v\u0161echny na\u0161e z\u00e1kazn\u00edky na Eurorxdrugs","robots":{"index":"index","follow":"follow","max-snippet":"max-snippet:-1","max-image-preview":"max-image-preview:large","max-video-preview":"max-video-preview:-1"},"canonical":"https:\/\/eurorxdrugs.cc\/cs\/product\/levitra-vardenafil\/","og_locale":"cs_CZ","og_type":"article","og_title":"Objednejte Levitra (Vardenafil) bez receptu za n\u00edzkou cenu | Eurorxdrugs","og_description":"Kupte Levitra (Vardenafil) nyn\u00ed! Origin\u00e1ln\u00ed l\u00e9ky a rychl\u00e9 doru\u010den\u00ed v cen\u011b. 100% diskr\u00e9tn\u00ed a d\u016fv\u011brn\u00fd servis pro v\u0161echny na\u0161e z\u00e1kazn\u00edky na Eurorxdrugs","og_url":"https:\/\/eurorxdrugs.cc\/cs\/product\/levitra-vardenafil\/","og_site_name":"eurorxdrugs","article_modified_time":"2024-11-01T21:35:21+00:00","og_image":[{"width":270,"height":300,"url":"https:\/\/eurorxdrugs.cc\/cs\/wp-content\/uploads\/2024\/11\/66-min.jpg","type":"image\/jpeg"}],"twitter_card":"summary_large_image","twitter_misc":{"Odhadovan\u00e1 doba \u010dten\u00ed":"3 minuty"},"schema":{"@context":"https:\/\/schema.org","@graph":[{"@type":"WebPage","@id":"https:\/\/eurorxdrugs.cc\/cs\/product\/levitra-vardenafil\/","url":"https:\/\/eurorxdrugs.cc\/cs\/product\/levitra-vardenafil\/","name":"Objednejte Levitra (Vardenafil) bez receptu za n\u00edzkou cenu | Eurorxdrugs","isPartOf":{"@id":"https:\/\/eurorxdrugs.cc\/cs\/#website"},"datePublished":"2024-11-01T21:02:22+00:00","dateModified":"2024-11-01T21:35:21+00:00","description":"Kupte Levitra (Vardenafil) nyn\u00ed! Origin\u00e1ln\u00ed l\u00e9ky a rychl\u00e9 doru\u010den\u00ed v cen\u011b. 100% diskr\u00e9tn\u00ed a d\u016fv\u011brn\u00fd servis pro v\u0161echny na\u0161e z\u00e1kazn\u00edky na Eurorxdrugs","breadcrumb":{"@id":"https:\/\/eurorxdrugs.cc\/cs\/product\/levitra-vardenafil\/#breadcrumb"},"inLanguage":"cs","potentialAction":[{"@type":"ReadAction","target":["https:\/\/eurorxdrugs.cc\/cs\/product\/levitra-vardenafil\/"]}]},{"@type":"BreadcrumbList","@id":"https:\/\/eurorxdrugs.cc\/cs\/product\/levitra-vardenafil\/#breadcrumb","itemListElement":[{"@type":"ListItem","position":1,"name":"Home","item":"https:\/\/eurorxdrugs.cc\/cs\/"},{"@type":"ListItem","position":2,"name":"Products","item":"https:\/\/eurorxdrugs.cc\/cs\/shop\/"},{"@type":"ListItem","position":3,"name":"Levitra (Vardenafil)"}]},{"@type":"WebSite","@id":"https:\/\/eurorxdrugs.cc\/cs\/#website","url":"https:\/\/eurorxdrugs.cc\/cs\/","name":"eurorxdrugs","description":"","publisher":{"@id":"https:\/\/eurorxdrugs.cc\/cs\/#organization"},"potentialAction":[{"@type":"SearchAction","target":{"@type":"EntryPoint","urlTemplate":"https:\/\/eurorxdrugs.cc\/cs\/?s={search_term_string}"},"query-input":"required name=search_term_string"}],"inLanguage":"cs"},{"@type":"Organization","@id":"https:\/\/eurorxdrugs.cc\/cs\/#organization","name":"eurorxdrugs","url":"https:\/\/eurorxdrugs.cc\/cs\/","logo":{"@type":"ImageObject","inLanguage":"cs","@id":"https:\/\/eurorxdrugs.cc\/cs\/#\/schema\/logo\/image\/","url":"https:\/\/eurorxdrugs.cc\/cs\/wp-content\/uploads\/2024\/09\/logo-1-1.png","contentUrl":"https:\/\/eurorxdrugs.cc\/cs\/wp-content\/uploads\/2024\/09\/logo-1-1.png","width":233,"height":54,"caption":"eurorxdrugs"},"image":{"@id":"https:\/\/eurorxdrugs.cc\/cs\/#\/schema\/logo\/image\/"}}]}},"_links":{"self":[{"href":"https:\/\/eurorxdrugs.cc\/cs\/wp-json\/wp\/v2\/product\/5994","targetHints":{"allow":["GET"]}}],"collection":[{"href":"https:\/\/eurorxdrugs.cc\/cs\/wp-json\/wp\/v2\/product"}],"about":[{"href":"https:\/\/eurorxdrugs.cc\/cs\/wp-json\/wp\/v2\/types\/product"}],"replies":[{"embeddable":true,"href":"https:\/\/eurorxdrugs.cc\/cs\/wp-json\/wp\/v2\/comments?post=5994"}],"wp:featuredmedia":[{"embeddable":true,"href":"https:\/\/eurorxdrugs.cc\/cs\/wp-json\/wp\/v2\/media\/5995"}],"wp:attachment":[{"href":"https:\/\/eurorxdrugs.cc\/cs\/wp-json\/wp\/v2\/media?parent=5994"}],"wp:term":[{"taxonomy":"product_cat","embeddable":true,"href":"https:\/\/eurorxdrugs.cc\/cs\/wp-json\/wp\/v2\/product_cat?post=5994"},{"taxonomy":"product_tag","embeddable":true,"href":"https:\/\/eurorxdrugs.cc\/cs\/wp-json\/wp\/v2\/product_tag?post=5994"}],"curies":[{"name":"wp","href":"https:\/\/api.w.org\/{rel}","templated":true}]}}