{"id":6069,"date":"2024-11-02T04:07:27","date_gmt":"2024-11-02T04:07:27","guid":{"rendered":"https:\/\/eurorxdrugs.cc\/cs\/?post_type=product&#038;p=6069"},"modified":"2024-11-02T04:26:02","modified_gmt":"2024-11-02T04:26:02","slug":"levitra-brand","status":"publish","type":"product","link":"https:\/\/eurorxdrugs.cc\/cs\/product\/levitra-brand\/","title":{"rendered":"Levitra Brand"},"content":{"rendered":"<div class=\"pro-description_name\">Beschreibung<\/div>\n<div class=\"pro-description_content\">\n<h3><b>H\u00e4ufige Verwendung<\/b><\/h3>\n<p><b>Die Marke Levitra<\/b> wurde von der Pharmafirma Bayer\/GlaxoSmithKline entwickelt und verwendet <b>Vardenafil HCl<\/b> als Hauptbestandteil des Medikaments. Levitra ist ein orales Medikament zur Behandlung von erektiler Dysfunktion. Sexuelle Stimulation f\u00fchrt zur Produktion und Freisetzung von <b>Stickstoffmonoxid<\/b> aus den Nervenenden der Schwellk\u00f6rper des Penis, wodurch das Enzym <b>Guanylatcyclase<\/b> aktiviert wird. Guanylatcyclase ist seinerseits verantwortlich f\u00fcr die Produktion von <b>zyklischem Guanosinmonophosphat (cGMP)<\/b>. Das cGMP verursacht die Erweiterung und Entspannung der Blutgef\u00e4\u00dfe, die Blut zum Penis transportieren. Levitra verhindert, dass das Enzym <b>Phosphodiesterase-5<\/b> cGMP abbaut, und hilft somit, den Blutfluss zum Penis aufrechtzuerhalten.<\/p>\n<h3><b>Dosierung und Anwendung<\/b><\/h3>\n<p>Die empfohlene Dosis von Levitra betr\u00e4gt <b>10 mg<\/b> pro Tag, die eine Stunde vor dem Geschlechtsverkehr eingenommen werden sollte. Wenn keine Nebenwirkungen auftreten, kann die Dosis auf bis zu <b>20 mg<\/b> erh\u00f6ht werden. Bei Nebenwirkungen wird die Dosis auf <b>5 mg<\/b> t\u00e4glich reduziert. Nehmen Sie nicht mehr als <b>eine Tablette von Levitra<\/b> pro Tag ein.<\/p>\n<h3><b>Vorsichtsma\u00dfnahmen<\/b><\/h3>\n<p>Levitra wurde nicht bei Menschen mit <b>Herz-Kreislauf-Erkrankungen<\/b> untersucht, daher sollte Levitra bei Patienten vermieden werden, die in der Vorgeschichte einen <b>Schlaganfall<\/b>, <b>Herzversagen<\/b> oder einen <b>Herzinfarkt<\/b> hatten, insbesondere innerhalb der letzten <b>sechs Monate<\/b>. Informieren Sie Ihren Arzt, bevor Sie Levitra einnehmen, wenn Sie <b>Nieren<\/b> oder <b>Leberprobleme<\/b>, eine <b>Blutungsst\u00f6rung<\/b>, <b>Magengeschw\u00fcre<\/b> oder eine erbliche Netzhauterkrankung wie <b>Retinitis pigmentosa<\/b>, eine allergische Reaktion auf dieses Medikament oder andere Medikamente, eine Deformierung des Penis wie <b>Angulation<\/b>, <b>kavern\u00f6se Fibrose<\/b> (Peyronie-Krankheit) sowie Erkrankungen haben, die zur Entwicklung von <b>Priapismus<\/b>(Sichelzellenan\u00e4mie, multiples Myelom, Leuk\u00e4mie) beitragen.<\/p>\n<h3><b>Gegenanzeigen<\/b><\/h3>\n<p>Levitra ist kontraindiziert bei Patienten mit <b>\u00dcberempfindlichkeit<\/b> gegen\u00fcber seinen Inhaltsstoffen, bei denen, die mit <b>organischen Nitraten<\/b>behandelt werden, bei Patienten unter <b>16 Jahren<\/b> oder bei denen, die <b>HIV-Proteasehemmer<\/b> wie Indinavir und Ritonavir einnehmen.<\/p>\n<h3><b>M\u00f6gliche Nebenwirkungen<\/b><\/h3>\n<p>Levitra wird in der Regel gut vertragen, und die Nebenwirkungen, wenn sie auftreten, sind vor\u00fcbergehend. Die h\u00e4ufigsten Nebenwirkungen sind:<\/p>\n<ul>\n<li><b>Kopfschmerzen<\/b><\/li>\n<li><b>Hitzewallungen<\/b> (Hyper\u00e4mie des Gesichts)<\/li>\n<li><b>Schwindel<\/b><\/li>\n<li><b>Durchfall<\/b><\/li>\n<li><b>\u00dcbelkeit<\/b><\/li>\n<li><b>Nasenverstopfung<\/b><\/li>\n<\/ul>\n<p>Seltener und ungew\u00f6hnlicher sind:<\/p>\n<ul>\n<li><b>Photosensitivit\u00e4t der Haut<\/b><\/li>\n<li><b>Hypertonie<\/b><\/li>\n<li><b>R\u00fcckenschmerzen<\/b><\/li>\n<li><b>W\u00e4ssrige Augen<\/b><\/li>\n<li><b>Hypotonie<\/b><\/li>\n<li><b>Myalgie<\/b><\/li>\n<li><b>Priapismus<\/b><\/li>\n<\/ul>\n<h3><b>Arzneimittelwechselwirkungen<\/b><\/h3>\n<p>Der Metabolismus von Levitra wird durch <b>Erythromycin<\/b>, <b>Ketoconazol<\/b> (Nizoral), <b>Itraconazol<\/b> (Sporanox), <b>Indinavir<\/b> (Crixivan) und <b>Ritonavir<\/b> (Norvir) gehemmt. Levitra reduziert die Konzentration von Ritonavir und Indinavir. Bei Patienten, die mit Nitraten behandelt werden, kann Levitra <b>Brustschmerzen<\/b> verschlimmern, indem es die Herzfrequenz erh\u00f6ht und den Blutdruck senkt. Levitra kann die blutdrucksenkenden Effekte von <b>Alpha-Blockern<\/b> (Terazosin oder Hytrin) verst\u00e4rken. Levitra sollte niemals bei Patienten verabreicht werden, die mit <b>organischen Nitraten<\/b>behandelt werden.<\/p>\n<h3><b>Vergessene Dosis<\/b><\/h3>\n<p>Levitra wird nach Bedarf eingenommen, jedoch nicht h\u00e4ufiger als <b>einmal t\u00e4glich<\/b>, daher ist eine vergessene Dosis nicht vorgesehen.<\/p>\n<h3><b>\u00dcberdosierung<\/b><\/h3>\n<p>Die Symptome einer \u00dcberdosierung umfassen <b>Schmerzen<\/b> im R\u00fccken, Kiefer, Arm, <b>Blindheit<\/b>, <b>verschwommenes Sehen<\/b>, <b>Brustschmerzen<\/b> oder Unbehagen, <b>vermindertes Sehen<\/b>.<\/p>\n<h3><b>Aufbewahrung<\/b><\/h3>\n<p>Bei <b>Raumtemperatur<\/b> zwischen <b>15-30 \u00b0C<\/b> (59-86 \u00b0F) fern von Kindern, Haustieren, Feuchtigkeit und Sonnenlicht lagern.<\/p>\n<\/div>\n","protected":false},"excerpt":{"rendered":"<div><b>Handelsname:<\/b> Levitra<\/div>\n<div><b>Wirkstoff:<\/b> Vardenafil<\/div>\n<div><b>Produktionsform:<\/b> Tabletten<\/div>\n<div><b>Verwendung:<\/b> Behandelt vorzeitige Ejakulation<\/div>\n<div><b>Wirkung beginnt:<\/b> innerhalb von 30-60 Minuten<\/div>\n<div><b>Wirksam:<\/b> f\u00fcr 8-12 Stunden<\/div>\n<div><b>Verf\u00fcgbare Dosierung:<\/b> 20mg<\/div>\n","protected":false},"featured_media":6070,"comment_status":"open","ping_status":"closed","template":"","meta":[],"product_cat":[35],"product_tag":[],"class_list":{"0":"post-6069","1":"product","2":"type-product","3":"status-publish","4":"has-post-thumbnail","6":"product_cat-mens-sexual-health","8":"first","9":"instock","10":"shipping-taxable","11":"product-type-grouped"},"yoast_head":"<!-- This site is optimized with the Yoast SEO plugin v20.0 - https:\/\/yoast.com\/wordpress\/plugins\/seo\/ -->\n<title>Objednejte Levitra Brand bez receptu za n\u00edzkou cenu | Eurorxdrugs<\/title>\n<meta name=\"description\" content=\"Kupte Levitra Brand nyn\u00ed! Origin\u00e1ln\u00ed l\u00e9ky a rychl\u00e9 doru\u010den\u00ed v cen\u011b. 100% diskr\u00e9tn\u00ed a d\u016fv\u011brn\u00fd servis pro v\u0161echny na\u0161e z\u00e1kazn\u00edky na Eurorxdrugs\" \/>\n<meta name=\"robots\" content=\"index, follow, max-snippet:-1, max-image-preview:large, max-video-preview:-1\" \/>\n<link rel=\"canonical\" href=\"https:\/\/eurorxdrugs.cc\/cs\/product\/levitra-brand\/\" \/>\n<meta property=\"og:locale\" content=\"cs_CZ\" \/>\n<meta property=\"og:type\" content=\"article\" \/>\n<meta property=\"og:title\" content=\"Objednejte Levitra Brand bez receptu za n\u00edzkou cenu | Eurorxdrugs\" \/>\n<meta property=\"og:description\" content=\"Kupte Levitra Brand nyn\u00ed! Origin\u00e1ln\u00ed l\u00e9ky a rychl\u00e9 doru\u010den\u00ed v cen\u011b. 100% diskr\u00e9tn\u00ed a d\u016fv\u011brn\u00fd servis pro v\u0161echny na\u0161e z\u00e1kazn\u00edky na Eurorxdrugs\" \/>\n<meta property=\"og:url\" content=\"https:\/\/eurorxdrugs.cc\/cs\/product\/levitra-brand\/\" \/>\n<meta property=\"og:site_name\" content=\"eurorxdrugs\" \/>\n<meta property=\"article:modified_time\" content=\"2024-11-02T04:26:02+00:00\" \/>\n<meta property=\"og:image\" content=\"https:\/\/eurorxdrugs.cc\/cs\/wp-content\/uploads\/2024\/11\/67-min.jpg\" \/>\n\t<meta property=\"og:image:width\" content=\"270\" \/>\n\t<meta property=\"og:image:height\" content=\"300\" \/>\n\t<meta property=\"og:image:type\" content=\"image\/jpeg\" \/>\n<meta name=\"twitter:card\" content=\"summary_large_image\" \/>\n<meta name=\"twitter:label1\" content=\"Odhadovan\u00e1 doba \u010dten\u00ed\" \/>\n\t<meta name=\"twitter:data1\" content=\"3 minuty\" \/>\n<script type=\"application\/ld+json\" class=\"yoast-schema-graph\">{\"@context\":\"https:\/\/schema.org\",\"@graph\":[{\"@type\":\"WebPage\",\"@id\":\"https:\/\/eurorxdrugs.cc\/cs\/product\/levitra-brand\/\",\"url\":\"https:\/\/eurorxdrugs.cc\/cs\/product\/levitra-brand\/\",\"name\":\"Objednejte Levitra Brand bez receptu za n\u00edzkou cenu | Eurorxdrugs\",\"isPartOf\":{\"@id\":\"https:\/\/eurorxdrugs.cc\/cs\/#website\"},\"datePublished\":\"2024-11-02T04:07:27+00:00\",\"dateModified\":\"2024-11-02T04:26:02+00:00\",\"description\":\"Kupte Levitra Brand nyn\u00ed! Origin\u00e1ln\u00ed l\u00e9ky a rychl\u00e9 doru\u010den\u00ed v cen\u011b. 100% diskr\u00e9tn\u00ed a d\u016fv\u011brn\u00fd servis pro v\u0161echny na\u0161e z\u00e1kazn\u00edky na Eurorxdrugs\",\"breadcrumb\":{\"@id\":\"https:\/\/eurorxdrugs.cc\/cs\/product\/levitra-brand\/#breadcrumb\"},\"inLanguage\":\"cs\",\"potentialAction\":[{\"@type\":\"ReadAction\",\"target\":[\"https:\/\/eurorxdrugs.cc\/cs\/product\/levitra-brand\/\"]}]},{\"@type\":\"BreadcrumbList\",\"@id\":\"https:\/\/eurorxdrugs.cc\/cs\/product\/levitra-brand\/#breadcrumb\",\"itemListElement\":[{\"@type\":\"ListItem\",\"position\":1,\"name\":\"Home\",\"item\":\"https:\/\/eurorxdrugs.cc\/cs\/\"},{\"@type\":\"ListItem\",\"position\":2,\"name\":\"Products\",\"item\":\"https:\/\/eurorxdrugs.cc\/cs\/shop\/\"},{\"@type\":\"ListItem\",\"position\":3,\"name\":\"Levitra Brand\"}]},{\"@type\":\"WebSite\",\"@id\":\"https:\/\/eurorxdrugs.cc\/cs\/#website\",\"url\":\"https:\/\/eurorxdrugs.cc\/cs\/\",\"name\":\"eurorxdrugs\",\"description\":\"\",\"publisher\":{\"@id\":\"https:\/\/eurorxdrugs.cc\/cs\/#organization\"},\"potentialAction\":[{\"@type\":\"SearchAction\",\"target\":{\"@type\":\"EntryPoint\",\"urlTemplate\":\"https:\/\/eurorxdrugs.cc\/cs\/?s={search_term_string}\"},\"query-input\":\"required name=search_term_string\"}],\"inLanguage\":\"cs\"},{\"@type\":\"Organization\",\"@id\":\"https:\/\/eurorxdrugs.cc\/cs\/#organization\",\"name\":\"eurorxdrugs\",\"url\":\"https:\/\/eurorxdrugs.cc\/cs\/\",\"logo\":{\"@type\":\"ImageObject\",\"inLanguage\":\"cs\",\"@id\":\"https:\/\/eurorxdrugs.cc\/cs\/#\/schema\/logo\/image\/\",\"url\":\"https:\/\/eurorxdrugs.cc\/cs\/wp-content\/uploads\/2024\/09\/logo-1-1.png\",\"contentUrl\":\"https:\/\/eurorxdrugs.cc\/cs\/wp-content\/uploads\/2024\/09\/logo-1-1.png\",\"width\":233,\"height\":54,\"caption\":\"eurorxdrugs\"},\"image\":{\"@id\":\"https:\/\/eurorxdrugs.cc\/cs\/#\/schema\/logo\/image\/\"}}]}<\/script>\n<!-- \/ Yoast SEO plugin. -->","yoast_head_json":{"title":"Objednejte Levitra Brand bez receptu za n\u00edzkou cenu | Eurorxdrugs","description":"Kupte Levitra Brand nyn\u00ed! Origin\u00e1ln\u00ed l\u00e9ky a rychl\u00e9 doru\u010den\u00ed v cen\u011b. 100% diskr\u00e9tn\u00ed a d\u016fv\u011brn\u00fd servis pro v\u0161echny na\u0161e z\u00e1kazn\u00edky na Eurorxdrugs","robots":{"index":"index","follow":"follow","max-snippet":"max-snippet:-1","max-image-preview":"max-image-preview:large","max-video-preview":"max-video-preview:-1"},"canonical":"https:\/\/eurorxdrugs.cc\/cs\/product\/levitra-brand\/","og_locale":"cs_CZ","og_type":"article","og_title":"Objednejte Levitra Brand bez receptu za n\u00edzkou cenu | Eurorxdrugs","og_description":"Kupte Levitra Brand nyn\u00ed! Origin\u00e1ln\u00ed l\u00e9ky a rychl\u00e9 doru\u010den\u00ed v cen\u011b. 100% diskr\u00e9tn\u00ed a d\u016fv\u011brn\u00fd servis pro v\u0161echny na\u0161e z\u00e1kazn\u00edky na Eurorxdrugs","og_url":"https:\/\/eurorxdrugs.cc\/cs\/product\/levitra-brand\/","og_site_name":"eurorxdrugs","article_modified_time":"2024-11-02T04:26:02+00:00","og_image":[{"width":270,"height":300,"url":"https:\/\/eurorxdrugs.cc\/cs\/wp-content\/uploads\/2024\/11\/67-min.jpg","type":"image\/jpeg"}],"twitter_card":"summary_large_image","twitter_misc":{"Odhadovan\u00e1 doba \u010dten\u00ed":"3 minuty"},"schema":{"@context":"https:\/\/schema.org","@graph":[{"@type":"WebPage","@id":"https:\/\/eurorxdrugs.cc\/cs\/product\/levitra-brand\/","url":"https:\/\/eurorxdrugs.cc\/cs\/product\/levitra-brand\/","name":"Objednejte Levitra Brand bez receptu za n\u00edzkou cenu | Eurorxdrugs","isPartOf":{"@id":"https:\/\/eurorxdrugs.cc\/cs\/#website"},"datePublished":"2024-11-02T04:07:27+00:00","dateModified":"2024-11-02T04:26:02+00:00","description":"Kupte Levitra Brand nyn\u00ed! Origin\u00e1ln\u00ed l\u00e9ky a rychl\u00e9 doru\u010den\u00ed v cen\u011b. 100% diskr\u00e9tn\u00ed a d\u016fv\u011brn\u00fd servis pro v\u0161echny na\u0161e z\u00e1kazn\u00edky na Eurorxdrugs","breadcrumb":{"@id":"https:\/\/eurorxdrugs.cc\/cs\/product\/levitra-brand\/#breadcrumb"},"inLanguage":"cs","potentialAction":[{"@type":"ReadAction","target":["https:\/\/eurorxdrugs.cc\/cs\/product\/levitra-brand\/"]}]},{"@type":"BreadcrumbList","@id":"https:\/\/eurorxdrugs.cc\/cs\/product\/levitra-brand\/#breadcrumb","itemListElement":[{"@type":"ListItem","position":1,"name":"Home","item":"https:\/\/eurorxdrugs.cc\/cs\/"},{"@type":"ListItem","position":2,"name":"Products","item":"https:\/\/eurorxdrugs.cc\/cs\/shop\/"},{"@type":"ListItem","position":3,"name":"Levitra Brand"}]},{"@type":"WebSite","@id":"https:\/\/eurorxdrugs.cc\/cs\/#website","url":"https:\/\/eurorxdrugs.cc\/cs\/","name":"eurorxdrugs","description":"","publisher":{"@id":"https:\/\/eurorxdrugs.cc\/cs\/#organization"},"potentialAction":[{"@type":"SearchAction","target":{"@type":"EntryPoint","urlTemplate":"https:\/\/eurorxdrugs.cc\/cs\/?s={search_term_string}"},"query-input":"required name=search_term_string"}],"inLanguage":"cs"},{"@type":"Organization","@id":"https:\/\/eurorxdrugs.cc\/cs\/#organization","name":"eurorxdrugs","url":"https:\/\/eurorxdrugs.cc\/cs\/","logo":{"@type":"ImageObject","inLanguage":"cs","@id":"https:\/\/eurorxdrugs.cc\/cs\/#\/schema\/logo\/image\/","url":"https:\/\/eurorxdrugs.cc\/cs\/wp-content\/uploads\/2024\/09\/logo-1-1.png","contentUrl":"https:\/\/eurorxdrugs.cc\/cs\/wp-content\/uploads\/2024\/09\/logo-1-1.png","width":233,"height":54,"caption":"eurorxdrugs"},"image":{"@id":"https:\/\/eurorxdrugs.cc\/cs\/#\/schema\/logo\/image\/"}}]}},"_links":{"self":[{"href":"https:\/\/eurorxdrugs.cc\/cs\/wp-json\/wp\/v2\/product\/6069","targetHints":{"allow":["GET"]}}],"collection":[{"href":"https:\/\/eurorxdrugs.cc\/cs\/wp-json\/wp\/v2\/product"}],"about":[{"href":"https:\/\/eurorxdrugs.cc\/cs\/wp-json\/wp\/v2\/types\/product"}],"replies":[{"embeddable":true,"href":"https:\/\/eurorxdrugs.cc\/cs\/wp-json\/wp\/v2\/comments?post=6069"}],"wp:featuredmedia":[{"embeddable":true,"href":"https:\/\/eurorxdrugs.cc\/cs\/wp-json\/wp\/v2\/media\/6070"}],"wp:attachment":[{"href":"https:\/\/eurorxdrugs.cc\/cs\/wp-json\/wp\/v2\/media?parent=6069"}],"wp:term":[{"taxonomy":"product_cat","embeddable":true,"href":"https:\/\/eurorxdrugs.cc\/cs\/wp-json\/wp\/v2\/product_cat?post=6069"},{"taxonomy":"product_tag","embeddable":true,"href":"https:\/\/eurorxdrugs.cc\/cs\/wp-json\/wp\/v2\/product_tag?post=6069"}],"curies":[{"name":"wp","href":"https:\/\/api.w.org\/{rel}","templated":true}]}}