{"id":6080,"date":"2024-11-02T04:28:16","date_gmt":"2024-11-02T04:28:16","guid":{"rendered":"https:\/\/eurorxdrugs.cc\/cs\/?post_type=product&#038;p=6080"},"modified":"2024-11-02T04:43:40","modified_gmt":"2024-11-02T04:43:40","slug":"viagra-brand","status":"publish","type":"product","link":"https:\/\/eurorxdrugs.cc\/cs\/product\/viagra-brand\/","title":{"rendered":"Viagra Brand"},"content":{"rendered":"<div class=\"pro-description_name\">Beschreibung<\/div>\n<div class=\"pro-description_content\">\n<p><b>Viagra<\/b> ist ein Medikament auf Basis von Sildenafil, das zur Behandlung der erektilen Dysfunktion (Impotenz) bei M\u00e4nnern eingesetzt wird. Der Hauptbestandteil von Viagra ist <b>Sildenafilcitrat<\/b>. Es wirkt, indem es die Entspannung der glatten Muskulatur durch die Verwendung von Stickstoffmonoxid, einem chemischen Stoff, der normalerweise als Reaktion auf sexuelle Stimulation freigesetzt wird, verst\u00e4rkt. Diese Entspannung erm\u00f6glicht eine erh\u00f6hte Blutzufuhr zu bestimmten Bereichen des Penis, was zu einer Erektion f\u00fchrt. Sildenafilcitrat wird auch zur Behandlung der pulmonalen arteriellen Hypertonie eingesetzt. Es kann auch f\u00fcr andere Zwecke verwendet werden, die hier nicht aufgef\u00fchrt sind.<\/p>\n<h3><b>Dosierung und Anwendung<\/b><\/h3>\n<p>Die \u00fcbliche empfohlene Dosis betr\u00e4gt <b>50 mg<\/b>. Es sollte etwa <b>0,5-1 Stunde vor sexueller Aktivit\u00e4t<\/b> eingenommen werden. Nehmen Sie Viagra nicht mehr als einmal t\u00e4glich ein. Eine fettreiche Mahlzeit kann den Beginn der Wirkung des Medikaments verz\u00f6gern. Vermeiden Sie es, Grapefruit zu essen oder Grapefruitsaft zu trinken, w\u00e4hrend Sie mit Sildenafilcitrat behandelt werden.<\/p>\n<h3><b>Vorsichtsma\u00dfnahmen<\/b><\/h3>\n<p>Bevor Sie Sildenafilcitrat einnehmen, informieren Sie Ihren Arzt oder Apotheker, wenn Sie allergisch darauf sind oder andere Allergien haben. \u00c4ltere Personen k\u00f6nnen empfindlicher auf die Nebenwirkungen des Medikaments reagieren.<\/p>\n<h3><b>Gegenanzeigen<\/b><\/h3>\n<p>Viagra ist kontraindiziert bei Patienten, die ein anderes Medikament gegen Impotenz einnehmen oder ein Nitratmedikament bei Brustschmerzen oder Herzproblemen verwenden. Dieses Medikament sollte nicht von Frauen und Kindern sowie von Patienten mit bekannter \u00dcberempfindlichkeit gegen\u00fcber einem Bestandteil der Tablette eingenommen werden.<\/p>\n<h3><b>Nebenwirkungen<\/b><\/h3>\n<p>Die h\u00e4ufigsten Nebenwirkungen sind:<\/p>\n<ul>\n<li><b>Kopfschmerzen<\/b><\/li>\n<li><b>Hitzewallungen<\/b><\/li>\n<li><b>Sodbrennen<\/b><\/li>\n<li><b>Magenbeschwerden<\/b><\/li>\n<li><b>Verstopfte Nase<\/b><\/li>\n<li><b>Schwindel<\/b><\/li>\n<li><b>Durchfall<\/b><\/li>\n<\/ul>\n<p>Eine schwere allergische Reaktion auf dieses Medikament ist sehr selten, aber suchen Sie sofort medizinische Hilfe, wenn sie auftritt. Viele Menschen, die dieses Medikament einnehmen, haben keine schweren Nebenwirkungen. Falls Sie Nebenwirkungen bemerken, die hier nicht aufgef\u00fchrt sind, wenden Sie sich an Ihren Arzt oder Apotheker.<\/p>\n<h3><b>Wechselwirkungen mit anderen Medikamenten<\/b><\/h3>\n<p>Dieses Medikament sollte nicht zusammen mit <b>Nitraten<\/b> und Freizeitdrogen, die Amyl- oder Butylnitrit enthalten, Alpha-Blockern, anderen Medikamenten gegen Impotenz, Bluthochdruckmedikamenten usw. verwendet werden. Konsultieren Sie Ihren Arzt oder Apotheker f\u00fcr weitere Details.<\/p>\n<h3><b>Vers\u00e4umte Dosis<\/b><\/h3>\n<p>Viagra wird nach Bedarf eingenommen, sodass Sie wahrscheinlich keinen festen Dosierungszeitplan haben.<\/p>\n<h3><b>\u00dcberdosierung<\/b><\/h3>\n<p>Wenn Sie denken, dass Sie zu viel von diesem Medikament eingenommen haben, suchen Sie sofort medizinische Notfallhilfe. Symptome einer \u00dcberdosierung k\u00f6nnen <b>Brustschmerzen, \u00dcbelkeit, unregelm\u00e4\u00dfiger Herzschlag<\/b> und ein Gef\u00fchl von Schwindel oder Ohnmacht umfassen.<\/p>\n<h3><b>Aufbewahrung<\/b><\/h3>\n<p>Bewahren Sie Ihre Medikamente bei Raumtemperatur zwischen <b>68-77 Grad F (20-25 Grad C)<\/b> vor Licht und Feuchtigkeit gesch\u00fctzt auf. Lagern Sie die Medikamente nicht im Badezimmer. Halten Sie alle Medikamente au\u00dferhalb der Reichweite von Kindern und Haustieren.<\/p>\n<h3><b>Allgemeine Verwendung (Tschechischer Text)<\/b><\/h3>\n<p><b>Viagra<\/b> ist ein auf Sildenafil basierendes Medikament, das zur Behandlung der erektilen Dysfunktion bei M\u00e4nnern verwendet wird. Es zeichnet sich durch eine verbesserte Formulierung aus, die schneller wirkt und l\u00e4nger anh\u00e4lt als Brand Viagra oder generisches Viagra.<\/p>\n<p>Der Wirkmechanismus \u00e4hnelt dem von Brand Viagra und generischem Viagra; der Wirkstoff ist <b>Sildenafilcitrat<\/b>, das mit den nat\u00fcrlichen Reaktionen auf sexuelle Stimulation interagiert und Stickstoffmonoxid (eine nat\u00fcrliche K\u00f6rperchemikalie) verwendet, um die glatten Muskeln zu entspannen. Dies erh\u00f6ht die Blutzufuhr zu bestimmten Bereichen des Penis und f\u00fchrt zu einer Erektion. Die spezifische F\u00e4higkeit von Viagra, mit dem Blutfluss zu interagieren, ist bei der Behandlung der pulmonalen arteriellen Hypertonie wirksam, erfordert jedoch auch Vorsicht, da sie Nebenwirkungen im Zusammenhang mit dem Blutdruck verursachen kann.<\/p>\n<h3><b>Mo\u017en\u00e9 vedlej\u0161\u00ed \u00fa\u010dinky (Tschechischer Text)<\/b><\/h3>\n<p>Die Nebenwirkungen von Viagra sind selten, k\u00f6nnen jedoch Folgendes umfassen:<\/p>\n<ul>\n<li><b>allergische Reaktion<\/b> (sehr selten, muss aber sofort Ihrem Arzt gemeldet werden);<\/li>\n<li><b>Schwindel, Kopfschmerzen oder ein Gef\u00fchl von Leichtigkeit;<\/b><\/li>\n<li><b>Gesichtsrotwerden;<\/b><\/li>\n<li><b>verstopfte Nase;<\/b><\/li>\n<li><b>Magenschmerzen und\/oder Durchfall;<\/b><\/li>\n<li><b>Sodbrennen;<\/b><\/li>\n<li><b>verschlechtertes Sehen.<\/b><\/li>\n<\/ul>\n<p>Um das Risiko von Nebenwirkungen zu reduzieren, sollte Ihr Arzt die Behandlung mit Viagra genehmigen, wenn:<\/p>\n<ul>\n<li><b>Sie empfindlich oder allergisch gegen Sildenafil oder andere Substanzen sind;<\/b><\/li>\n<li><b>Sie bereits andere Medikamente zur Behandlung der erektilen Dysfunktion einnehmen;<\/b><\/li>\n<li><b>Sie Medikamente mit Nitraten zur Behandlung von Brustschmerzen, Herzkrankheiten oder Hypertonie verwenden;<\/b><\/li>\n<li><b>Sie Freizeitdrogen mit Amyl- oder Butylnitrit (&#8222;Poppers&#8220;) oder Alpha-Blocker verwenden.<\/b><\/li>\n<\/ul>\n<p>Vermeiden Sie Grapefruitsaft, da er mit Sildenafilcitrat w\u00e4hrend der Behandlung mit Viagra interagieren kann.<\/p>\n<p>Eine \u00dcberdosierung von Viagra kann Folgendes verursachen:<\/p>\n<ul>\n<li><b>\u00dcbelkeit;<\/b><\/li>\n<li><b>Schw\u00e4che oder Schwindelgef\u00fchl;<\/b><\/li>\n<li><b>unregelm\u00e4\u00dfiger Herzschlag und Brustschmerzen.<\/b><\/li>\n<\/ul>\n<p>Diese Symptome m\u00fcssen so schnell wie m\u00f6glich Ihrem Arzt gemeldet werden.<\/p>\n<\/div>\n","protected":false},"excerpt":{"rendered":"<div>Handelsname: Viagra Brand<\/div>\n<div><b>Verwendung: <\/b>Verbesserung der Erektion<\/div>\n<div><b>Wirkstoff: <\/b>Sildenafil<\/div>\n<div><b>Dosis:<\/b> 50, 100 mg<\/div>\n<div><b>Produktionsform: <\/b>Pillen<\/div>\n<div><b>Aktion beginnt: <\/b>innerhalb von 30-60 Minuten<\/div>\n<div><b>Wirksam:<\/b> f\u00fcr 6 Stunden<\/div>\n","protected":false},"featured_media":6081,"comment_status":"open","ping_status":"closed","template":"","meta":[],"product_cat":[35],"product_tag":[],"class_list":{"0":"post-6080","1":"product","2":"type-product","3":"status-publish","4":"has-post-thumbnail","6":"product_cat-mens-sexual-health","8":"first","9":"instock","10":"shipping-taxable","11":"product-type-grouped"},"yoast_head":"<!-- This site is optimized with the Yoast SEO plugin v20.0 - https:\/\/yoast.com\/wordpress\/plugins\/seo\/ -->\n<title>Objednejte Viagra Brand bez receptu za n\u00edzkou cenu | Eurorxdrugs<\/title>\n<meta name=\"description\" content=\"Kupte Viagra Brand nyn\u00ed! Origin\u00e1ln\u00ed l\u00e9ky a rychl\u00e9 doru\u010den\u00ed v cen\u011b. 100% diskr\u00e9tn\u00ed a d\u016fv\u011brn\u00fd servis pro v\u0161echny na\u0161e z\u00e1kazn\u00edky na Eurorxdrugs\" \/>\n<meta name=\"robots\" content=\"index, follow, max-snippet:-1, max-image-preview:large, max-video-preview:-1\" \/>\n<link rel=\"canonical\" href=\"https:\/\/eurorxdrugs.cc\/cs\/product\/viagra-brand\/\" \/>\n<meta property=\"og:locale\" content=\"cs_CZ\" \/>\n<meta property=\"og:type\" content=\"article\" \/>\n<meta property=\"og:title\" content=\"Objednejte Viagra Brand bez receptu za n\u00edzkou cenu | Eurorxdrugs\" \/>\n<meta property=\"og:description\" content=\"Kupte Viagra Brand nyn\u00ed! Origin\u00e1ln\u00ed l\u00e9ky a rychl\u00e9 doru\u010den\u00ed v cen\u011b. 100% diskr\u00e9tn\u00ed a d\u016fv\u011brn\u00fd servis pro v\u0161echny na\u0161e z\u00e1kazn\u00edky na Eurorxdrugs\" \/>\n<meta property=\"og:url\" content=\"https:\/\/eurorxdrugs.cc\/cs\/product\/viagra-brand\/\" \/>\n<meta property=\"og:site_name\" content=\"eurorxdrugs\" \/>\n<meta property=\"article:modified_time\" content=\"2024-11-02T04:43:40+00:00\" \/>\n<meta property=\"og:image\" content=\"https:\/\/eurorxdrugs.cc\/cs\/wp-content\/uploads\/2024\/11\/73-min.jpg\" \/>\n\t<meta property=\"og:image:width\" content=\"270\" \/>\n\t<meta property=\"og:image:height\" content=\"300\" \/>\n\t<meta property=\"og:image:type\" content=\"image\/jpeg\" \/>\n<meta name=\"twitter:card\" content=\"summary_large_image\" \/>\n<meta name=\"twitter:label1\" content=\"Odhadovan\u00e1 doba \u010dten\u00ed\" \/>\n\t<meta name=\"twitter:data1\" content=\"4 minuty\" \/>\n<script type=\"application\/ld+json\" class=\"yoast-schema-graph\">{\"@context\":\"https:\/\/schema.org\",\"@graph\":[{\"@type\":\"WebPage\",\"@id\":\"https:\/\/eurorxdrugs.cc\/cs\/product\/viagra-brand\/\",\"url\":\"https:\/\/eurorxdrugs.cc\/cs\/product\/viagra-brand\/\",\"name\":\"Objednejte Viagra Brand bez receptu za n\u00edzkou cenu | Eurorxdrugs\",\"isPartOf\":{\"@id\":\"https:\/\/eurorxdrugs.cc\/cs\/#website\"},\"datePublished\":\"2024-11-02T04:28:16+00:00\",\"dateModified\":\"2024-11-02T04:43:40+00:00\",\"description\":\"Kupte Viagra Brand nyn\u00ed! Origin\u00e1ln\u00ed l\u00e9ky a rychl\u00e9 doru\u010den\u00ed v cen\u011b. 100% diskr\u00e9tn\u00ed a d\u016fv\u011brn\u00fd servis pro v\u0161echny na\u0161e z\u00e1kazn\u00edky na Eurorxdrugs\",\"breadcrumb\":{\"@id\":\"https:\/\/eurorxdrugs.cc\/cs\/product\/viagra-brand\/#breadcrumb\"},\"inLanguage\":\"cs\",\"potentialAction\":[{\"@type\":\"ReadAction\",\"target\":[\"https:\/\/eurorxdrugs.cc\/cs\/product\/viagra-brand\/\"]}]},{\"@type\":\"BreadcrumbList\",\"@id\":\"https:\/\/eurorxdrugs.cc\/cs\/product\/viagra-brand\/#breadcrumb\",\"itemListElement\":[{\"@type\":\"ListItem\",\"position\":1,\"name\":\"Home\",\"item\":\"https:\/\/eurorxdrugs.cc\/cs\/\"},{\"@type\":\"ListItem\",\"position\":2,\"name\":\"Products\",\"item\":\"https:\/\/eurorxdrugs.cc\/cs\/shop\/\"},{\"@type\":\"ListItem\",\"position\":3,\"name\":\"Viagra Brand\"}]},{\"@type\":\"WebSite\",\"@id\":\"https:\/\/eurorxdrugs.cc\/cs\/#website\",\"url\":\"https:\/\/eurorxdrugs.cc\/cs\/\",\"name\":\"eurorxdrugs\",\"description\":\"\",\"publisher\":{\"@id\":\"https:\/\/eurorxdrugs.cc\/cs\/#organization\"},\"potentialAction\":[{\"@type\":\"SearchAction\",\"target\":{\"@type\":\"EntryPoint\",\"urlTemplate\":\"https:\/\/eurorxdrugs.cc\/cs\/?s={search_term_string}\"},\"query-input\":\"required name=search_term_string\"}],\"inLanguage\":\"cs\"},{\"@type\":\"Organization\",\"@id\":\"https:\/\/eurorxdrugs.cc\/cs\/#organization\",\"name\":\"eurorxdrugs\",\"url\":\"https:\/\/eurorxdrugs.cc\/cs\/\",\"logo\":{\"@type\":\"ImageObject\",\"inLanguage\":\"cs\",\"@id\":\"https:\/\/eurorxdrugs.cc\/cs\/#\/schema\/logo\/image\/\",\"url\":\"https:\/\/eurorxdrugs.cc\/cs\/wp-content\/uploads\/2024\/09\/logo-1-1.png\",\"contentUrl\":\"https:\/\/eurorxdrugs.cc\/cs\/wp-content\/uploads\/2024\/09\/logo-1-1.png\",\"width\":233,\"height\":54,\"caption\":\"eurorxdrugs\"},\"image\":{\"@id\":\"https:\/\/eurorxdrugs.cc\/cs\/#\/schema\/logo\/image\/\"}}]}<\/script>\n<!-- \/ Yoast SEO plugin. -->","yoast_head_json":{"title":"Objednejte Viagra Brand bez receptu za n\u00edzkou cenu | Eurorxdrugs","description":"Kupte Viagra Brand nyn\u00ed! Origin\u00e1ln\u00ed l\u00e9ky a rychl\u00e9 doru\u010den\u00ed v cen\u011b. 100% diskr\u00e9tn\u00ed a d\u016fv\u011brn\u00fd servis pro v\u0161echny na\u0161e z\u00e1kazn\u00edky na Eurorxdrugs","robots":{"index":"index","follow":"follow","max-snippet":"max-snippet:-1","max-image-preview":"max-image-preview:large","max-video-preview":"max-video-preview:-1"},"canonical":"https:\/\/eurorxdrugs.cc\/cs\/product\/viagra-brand\/","og_locale":"cs_CZ","og_type":"article","og_title":"Objednejte Viagra Brand bez receptu za n\u00edzkou cenu | Eurorxdrugs","og_description":"Kupte Viagra Brand nyn\u00ed! Origin\u00e1ln\u00ed l\u00e9ky a rychl\u00e9 doru\u010den\u00ed v cen\u011b. 100% diskr\u00e9tn\u00ed a d\u016fv\u011brn\u00fd servis pro v\u0161echny na\u0161e z\u00e1kazn\u00edky na Eurorxdrugs","og_url":"https:\/\/eurorxdrugs.cc\/cs\/product\/viagra-brand\/","og_site_name":"eurorxdrugs","article_modified_time":"2024-11-02T04:43:40+00:00","og_image":[{"width":270,"height":300,"url":"https:\/\/eurorxdrugs.cc\/cs\/wp-content\/uploads\/2024\/11\/73-min.jpg","type":"image\/jpeg"}],"twitter_card":"summary_large_image","twitter_misc":{"Odhadovan\u00e1 doba \u010dten\u00ed":"4 minuty"},"schema":{"@context":"https:\/\/schema.org","@graph":[{"@type":"WebPage","@id":"https:\/\/eurorxdrugs.cc\/cs\/product\/viagra-brand\/","url":"https:\/\/eurorxdrugs.cc\/cs\/product\/viagra-brand\/","name":"Objednejte Viagra Brand bez receptu za n\u00edzkou cenu | Eurorxdrugs","isPartOf":{"@id":"https:\/\/eurorxdrugs.cc\/cs\/#website"},"datePublished":"2024-11-02T04:28:16+00:00","dateModified":"2024-11-02T04:43:40+00:00","description":"Kupte Viagra Brand nyn\u00ed! Origin\u00e1ln\u00ed l\u00e9ky a rychl\u00e9 doru\u010den\u00ed v cen\u011b. 100% diskr\u00e9tn\u00ed a d\u016fv\u011brn\u00fd servis pro v\u0161echny na\u0161e z\u00e1kazn\u00edky na Eurorxdrugs","breadcrumb":{"@id":"https:\/\/eurorxdrugs.cc\/cs\/product\/viagra-brand\/#breadcrumb"},"inLanguage":"cs","potentialAction":[{"@type":"ReadAction","target":["https:\/\/eurorxdrugs.cc\/cs\/product\/viagra-brand\/"]}]},{"@type":"BreadcrumbList","@id":"https:\/\/eurorxdrugs.cc\/cs\/product\/viagra-brand\/#breadcrumb","itemListElement":[{"@type":"ListItem","position":1,"name":"Home","item":"https:\/\/eurorxdrugs.cc\/cs\/"},{"@type":"ListItem","position":2,"name":"Products","item":"https:\/\/eurorxdrugs.cc\/cs\/shop\/"},{"@type":"ListItem","position":3,"name":"Viagra Brand"}]},{"@type":"WebSite","@id":"https:\/\/eurorxdrugs.cc\/cs\/#website","url":"https:\/\/eurorxdrugs.cc\/cs\/","name":"eurorxdrugs","description":"","publisher":{"@id":"https:\/\/eurorxdrugs.cc\/cs\/#organization"},"potentialAction":[{"@type":"SearchAction","target":{"@type":"EntryPoint","urlTemplate":"https:\/\/eurorxdrugs.cc\/cs\/?s={search_term_string}"},"query-input":"required name=search_term_string"}],"inLanguage":"cs"},{"@type":"Organization","@id":"https:\/\/eurorxdrugs.cc\/cs\/#organization","name":"eurorxdrugs","url":"https:\/\/eurorxdrugs.cc\/cs\/","logo":{"@type":"ImageObject","inLanguage":"cs","@id":"https:\/\/eurorxdrugs.cc\/cs\/#\/schema\/logo\/image\/","url":"https:\/\/eurorxdrugs.cc\/cs\/wp-content\/uploads\/2024\/09\/logo-1-1.png","contentUrl":"https:\/\/eurorxdrugs.cc\/cs\/wp-content\/uploads\/2024\/09\/logo-1-1.png","width":233,"height":54,"caption":"eurorxdrugs"},"image":{"@id":"https:\/\/eurorxdrugs.cc\/cs\/#\/schema\/logo\/image\/"}}]}},"_links":{"self":[{"href":"https:\/\/eurorxdrugs.cc\/cs\/wp-json\/wp\/v2\/product\/6080","targetHints":{"allow":["GET"]}}],"collection":[{"href":"https:\/\/eurorxdrugs.cc\/cs\/wp-json\/wp\/v2\/product"}],"about":[{"href":"https:\/\/eurorxdrugs.cc\/cs\/wp-json\/wp\/v2\/types\/product"}],"replies":[{"embeddable":true,"href":"https:\/\/eurorxdrugs.cc\/cs\/wp-json\/wp\/v2\/comments?post=6080"}],"wp:featuredmedia":[{"embeddable":true,"href":"https:\/\/eurorxdrugs.cc\/cs\/wp-json\/wp\/v2\/media\/6081"}],"wp:attachment":[{"href":"https:\/\/eurorxdrugs.cc\/cs\/wp-json\/wp\/v2\/media?parent=6080"}],"wp:term":[{"taxonomy":"product_cat","embeddable":true,"href":"https:\/\/eurorxdrugs.cc\/cs\/wp-json\/wp\/v2\/product_cat?post=6080"},{"taxonomy":"product_tag","embeddable":true,"href":"https:\/\/eurorxdrugs.cc\/cs\/wp-json\/wp\/v2\/product_tag?post=6080"}],"curies":[{"name":"wp","href":"https:\/\/api.w.org\/{rel}","templated":true}]}}