{"id":6196,"date":"2024-11-02T06:15:53","date_gmt":"2024-11-02T06:15:53","guid":{"rendered":"https:\/\/eurorxdrugs.cc\/cs\/?post_type=product&#038;p=6196"},"modified":"2024-11-02T06:23:33","modified_gmt":"2024-11-02T06:23:33","slug":"viagra-professional","status":"publish","type":"product","link":"https:\/\/eurorxdrugs.cc\/cs\/product\/viagra-professional\/","title":{"rendered":"Viagra Professional"},"content":{"rendered":"<div class=\"pro-description_name\">Beschreibung<\/div>\n<div class=\"pro-description_content\">\n<h3><b>H\u00e4ufige Verwendung<\/b><\/h3>\n<p><b>Sildenafilcitrat<\/b> ist der Hauptbestandteil von <b>Viagra Professional<\/b>. Sildenafilcitrat beeinflusst die Reaktion auf sexuelle Stimulation. Es wirkt, indem es die Entspannung der glatten Muskulatur durch Stickstoffmonoxid, ein chemischer Stoff, der normalerweise als Reaktion auf sexuelle Stimulation freigesetzt wird, verst\u00e4rkt. Diese Entspannung der glatten Muskulatur erm\u00f6glicht einen erh\u00f6hten Blutfluss in bestimmte Bereiche des Penis, was zu einer Erektion f\u00fchrt. Sildenafilcitrat wird zur Behandlung von <b>Erektionsst\u00f6rungen<\/b> (Impotenz) bei M\u00e4nnern und <b>pulmonaler arterieller Hypertonie<\/b>eingesetzt. Sildenafilcitrat kann auch f\u00fcr andere, nicht oben aufgef\u00fchrte Zwecke verwendet werden.<\/p>\n<h3><b>Dosierung und Anwendung<\/b><\/h3>\n<p>Viagra Professional wird etwa <b>15-20 Minuten<\/b> vor sexueller Aktivit\u00e4t eingenommen. Nehmen Sie Viagra nicht mehr als <b>einmal t\u00e4glich<\/b> ein. Eine fettreiche Mahlzeit kann die Wirkung dieses Medikaments verz\u00f6gern. Versuchen Sie, <b>Grapefruit<\/b> oder <b>Grapefruitsaft<\/b> w\u00e4hrend der Behandlung mit Sildenafilcitrat zu vermeiden.<\/p>\n<h3><b>Vorsichtsma\u00dfnahmen<\/b><\/h3>\n<p>Bevor Sie mit der Einnahme von Sildenafilcitrat beginnen, informieren Sie Ihren Arzt oder Apotheker, wenn Sie allergisch darauf sind; oder wenn Sie andere Allergien haben. \u00c4ltere Menschen k\u00f6nnen empfindlicher auf die Nebenwirkungen des Medikaments reagieren.<\/p>\n<h3><b>Gegenanzeigen<\/b><\/h3>\n<p>Viagra Professional ist kontraindiziert bei Patienten, die ein anderes Medikament zur Behandlung von Impotenz einnehmen oder ein <b>Nitratmedikament<\/b> gegen Brustschmerzen oder Herzprobleme verwenden. Dieses Medikament sollte nicht von <b>Frauen<\/b> und <b>Kinder<\/b> sowie von Patienten mit einer bekannten \u00dcberempfindlichkeit gegen\u00fcber einem Bestandteil der Tablette eingenommen werden.<\/p>\n<h3><b>M\u00f6gliche Nebenwirkungen<\/b><\/h3>\n<p>Die h\u00e4ufigsten Nebenwirkungen sind:<\/p>\n<ul>\n<li>Kopfschmerzen<\/li>\n<li>Hitzewallungen<\/li>\n<li>Sodbrennen<\/li>\n<li>Magenbeschwerden<\/li>\n<li>Nasenverstopfung<\/li>\n<li>Schwindelgef\u00fchl<\/li>\n<li>Schwindel oder Durchfall<\/li>\n<\/ul>\n<p>Eine schwere allergische Reaktion auf dieses Medikament ist sehr selten, aber suchen Sie sofort medizinische Hilfe, wenn sie auftritt. Viele Menschen, die dieses Medikament einnehmen, haben keine schweren Nebenwirkungen. Wenn Sie Nebenwirkungen bemerken, die nicht aufgef\u00fchrt sind, wenden Sie sich an Ihren Arzt oder Apotheker.<\/p>\n<h3><b>Arzneimittelwechselwirkungen<\/b><\/h3>\n<p>Dieses Medikament sollte nicht zusammen mit <b>Nitraten<\/b> und Freizeitdrogen, die \u201ePoppers\u201c genannt werden und Amyl- oder Butylnitrit enthalten; <b>Alpha-Blockermedikamenten<\/b>; anderen Medikamenten gegen Impotenz; <b>Blutdruckmedikamenten<\/b> usw. verwendet werden. Konsultieren Sie Ihren Arzt oder Apotheker f\u00fcr weitere Details.<\/p>\n<h3><b>Vergessene Dosis<\/b><\/h3>\n<p>Viagra Professional wird nach Bedarf verwendet, sodass es unwahrscheinlich ist, dass Sie einen Dosierungszeitplan haben.<\/p>\n<h3><b>\u00dcberdosierung<\/b><\/h3>\n<p>Wenn Sie denken, dass Sie zu viel von diesem Medikament eingenommen haben, suchen Sie sofort medizinische Hilfe. Die Symptome einer \u00dcberdosierung umfassen normalerweise <b>Brustschmerzen<\/b>, <b>\u00dcbelkeit<\/b>, <b>unregelm\u00e4\u00dfigen Herzschlag<\/b> und das Gef\u00fchl <b>schwindelig<\/b> oder ohnm\u00e4chtig zu sein.<\/p>\n<h3><b>Aufbewahrung<\/b><\/h3>\n<p>Bewahren Sie Ihre Medikamente bei Raumtemperatur zwischen <b>68-77 Grad F<\/b> (20-25 Grad C) fern von Licht und Feuchtigkeit auf. Lagern Sie die Medikamente nicht im Badezimmer. Halten Sie alle Medikamente au\u00dferhalb der Reichweite von <b>Kinder<\/b> und <b>Haustieren<\/b>.<\/p>\n<\/div>\n","protected":false},"excerpt":{"rendered":"<div><b>Handelsname:<\/b> Viagra Professional<\/div>\n<div><b>Hauptbestandteil: <\/b>Sildenafil Citrat<\/div>\n<div>Produktionsform: Pillen<\/div>\n<div><b>Anwendung:<\/b> Erektionsst\u00f6rungen<\/div>\n<div>\n<div>Aktion beginnt: innerhalb von 14-20 Minuten<\/div>\n<div>Wirksam: f\u00fcr 12 Stunden<\/div>\n<\/div>\n<div><b>Verf\u00fcgbare Dosierung: <\/b>100 mg<\/div>\n","protected":false},"featured_media":6198,"comment_status":"open","ping_status":"closed","template":"","meta":[],"product_cat":[35],"product_tag":[],"class_list":{"0":"post-6196","1":"product","2":"type-product","3":"status-publish","4":"has-post-thumbnail","6":"product_cat-mens-sexual-health","8":"first","9":"instock","10":"shipping-taxable","11":"product-type-grouped"},"yoast_head":"<!-- This site is optimized with the Yoast SEO plugin v20.0 - https:\/\/yoast.com\/wordpress\/plugins\/seo\/ -->\n<title>Objednejte Viagra Professional bez receptu za n\u00edzkou cenu | Eurorxdrugs<\/title>\n<meta name=\"description\" content=\"Kupte Viagra Professional nyn\u00ed! Origin\u00e1ln\u00ed l\u00e9ky a rychl\u00e9 doru\u010den\u00ed v cen\u011b. 100% diskr\u00e9tn\u00ed a d\u016fv\u011brn\u00fd servis pro v\u0161echny na\u0161e z\u00e1kazn\u00edky na Eurorxdrugs\" \/>\n<meta name=\"robots\" content=\"index, follow, max-snippet:-1, max-image-preview:large, max-video-preview:-1\" \/>\n<link rel=\"canonical\" href=\"https:\/\/eurorxdrugs.cc\/cs\/product\/viagra-professional\/\" \/>\n<meta property=\"og:locale\" content=\"cs_CZ\" \/>\n<meta property=\"og:type\" content=\"article\" \/>\n<meta property=\"og:title\" content=\"Objednejte Viagra Professional bez receptu za n\u00edzkou cenu | Eurorxdrugs\" \/>\n<meta property=\"og:description\" content=\"Kupte Viagra Professional nyn\u00ed! Origin\u00e1ln\u00ed l\u00e9ky a rychl\u00e9 doru\u010den\u00ed v cen\u011b. 100% diskr\u00e9tn\u00ed a d\u016fv\u011brn\u00fd servis pro v\u0161echny na\u0161e z\u00e1kazn\u00edky na Eurorxdrugs\" \/>\n<meta property=\"og:url\" content=\"https:\/\/eurorxdrugs.cc\/cs\/product\/viagra-professional\/\" \/>\n<meta property=\"og:site_name\" content=\"eurorxdrugs\" \/>\n<meta property=\"article:modified_time\" content=\"2024-11-02T06:23:33+00:00\" \/>\n<meta property=\"og:image\" content=\"https:\/\/eurorxdrugs.cc\/cs\/wp-content\/uploads\/2024\/11\/77-min.jpg\" \/>\n\t<meta property=\"og:image:width\" content=\"270\" \/>\n\t<meta property=\"og:image:height\" content=\"300\" \/>\n\t<meta property=\"og:image:type\" content=\"image\/jpeg\" \/>\n<meta name=\"twitter:card\" content=\"summary_large_image\" \/>\n<meta name=\"twitter:label1\" content=\"Odhadovan\u00e1 doba \u010dten\u00ed\" \/>\n\t<meta name=\"twitter:data1\" content=\"2 minuty\" \/>\n<script type=\"application\/ld+json\" class=\"yoast-schema-graph\">{\"@context\":\"https:\/\/schema.org\",\"@graph\":[{\"@type\":\"WebPage\",\"@id\":\"https:\/\/eurorxdrugs.cc\/cs\/product\/viagra-professional\/\",\"url\":\"https:\/\/eurorxdrugs.cc\/cs\/product\/viagra-professional\/\",\"name\":\"Objednejte Viagra Professional bez receptu za n\u00edzkou cenu | Eurorxdrugs\",\"isPartOf\":{\"@id\":\"https:\/\/eurorxdrugs.cc\/cs\/#website\"},\"datePublished\":\"2024-11-02T06:15:53+00:00\",\"dateModified\":\"2024-11-02T06:23:33+00:00\",\"description\":\"Kupte Viagra Professional nyn\u00ed! Origin\u00e1ln\u00ed l\u00e9ky a rychl\u00e9 doru\u010den\u00ed v cen\u011b. 100% diskr\u00e9tn\u00ed a d\u016fv\u011brn\u00fd servis pro v\u0161echny na\u0161e z\u00e1kazn\u00edky na Eurorxdrugs\",\"breadcrumb\":{\"@id\":\"https:\/\/eurorxdrugs.cc\/cs\/product\/viagra-professional\/#breadcrumb\"},\"inLanguage\":\"cs\",\"potentialAction\":[{\"@type\":\"ReadAction\",\"target\":[\"https:\/\/eurorxdrugs.cc\/cs\/product\/viagra-professional\/\"]}]},{\"@type\":\"BreadcrumbList\",\"@id\":\"https:\/\/eurorxdrugs.cc\/cs\/product\/viagra-professional\/#breadcrumb\",\"itemListElement\":[{\"@type\":\"ListItem\",\"position\":1,\"name\":\"Home\",\"item\":\"https:\/\/eurorxdrugs.cc\/cs\/\"},{\"@type\":\"ListItem\",\"position\":2,\"name\":\"Products\",\"item\":\"https:\/\/eurorxdrugs.cc\/cs\/shop\/\"},{\"@type\":\"ListItem\",\"position\":3,\"name\":\"Viagra Professional\"}]},{\"@type\":\"WebSite\",\"@id\":\"https:\/\/eurorxdrugs.cc\/cs\/#website\",\"url\":\"https:\/\/eurorxdrugs.cc\/cs\/\",\"name\":\"eurorxdrugs\",\"description\":\"\",\"publisher\":{\"@id\":\"https:\/\/eurorxdrugs.cc\/cs\/#organization\"},\"potentialAction\":[{\"@type\":\"SearchAction\",\"target\":{\"@type\":\"EntryPoint\",\"urlTemplate\":\"https:\/\/eurorxdrugs.cc\/cs\/?s={search_term_string}\"},\"query-input\":\"required name=search_term_string\"}],\"inLanguage\":\"cs\"},{\"@type\":\"Organization\",\"@id\":\"https:\/\/eurorxdrugs.cc\/cs\/#organization\",\"name\":\"eurorxdrugs\",\"url\":\"https:\/\/eurorxdrugs.cc\/cs\/\",\"logo\":{\"@type\":\"ImageObject\",\"inLanguage\":\"cs\",\"@id\":\"https:\/\/eurorxdrugs.cc\/cs\/#\/schema\/logo\/image\/\",\"url\":\"https:\/\/eurorxdrugs.cc\/cs\/wp-content\/uploads\/2024\/09\/logo-1-1.png\",\"contentUrl\":\"https:\/\/eurorxdrugs.cc\/cs\/wp-content\/uploads\/2024\/09\/logo-1-1.png\",\"width\":233,\"height\":54,\"caption\":\"eurorxdrugs\"},\"image\":{\"@id\":\"https:\/\/eurorxdrugs.cc\/cs\/#\/schema\/logo\/image\/\"}}]}<\/script>\n<!-- \/ Yoast SEO plugin. -->","yoast_head_json":{"title":"Objednejte Viagra Professional bez receptu za n\u00edzkou cenu | Eurorxdrugs","description":"Kupte Viagra Professional nyn\u00ed! Origin\u00e1ln\u00ed l\u00e9ky a rychl\u00e9 doru\u010den\u00ed v cen\u011b. 100% diskr\u00e9tn\u00ed a d\u016fv\u011brn\u00fd servis pro v\u0161echny na\u0161e z\u00e1kazn\u00edky na Eurorxdrugs","robots":{"index":"index","follow":"follow","max-snippet":"max-snippet:-1","max-image-preview":"max-image-preview:large","max-video-preview":"max-video-preview:-1"},"canonical":"https:\/\/eurorxdrugs.cc\/cs\/product\/viagra-professional\/","og_locale":"cs_CZ","og_type":"article","og_title":"Objednejte Viagra Professional bez receptu za n\u00edzkou cenu | Eurorxdrugs","og_description":"Kupte Viagra Professional nyn\u00ed! Origin\u00e1ln\u00ed l\u00e9ky a rychl\u00e9 doru\u010den\u00ed v cen\u011b. 100% diskr\u00e9tn\u00ed a d\u016fv\u011brn\u00fd servis pro v\u0161echny na\u0161e z\u00e1kazn\u00edky na Eurorxdrugs","og_url":"https:\/\/eurorxdrugs.cc\/cs\/product\/viagra-professional\/","og_site_name":"eurorxdrugs","article_modified_time":"2024-11-02T06:23:33+00:00","og_image":[{"width":270,"height":300,"url":"https:\/\/eurorxdrugs.cc\/cs\/wp-content\/uploads\/2024\/11\/77-min.jpg","type":"image\/jpeg"}],"twitter_card":"summary_large_image","twitter_misc":{"Odhadovan\u00e1 doba \u010dten\u00ed":"2 minuty"},"schema":{"@context":"https:\/\/schema.org","@graph":[{"@type":"WebPage","@id":"https:\/\/eurorxdrugs.cc\/cs\/product\/viagra-professional\/","url":"https:\/\/eurorxdrugs.cc\/cs\/product\/viagra-professional\/","name":"Objednejte Viagra Professional bez receptu za n\u00edzkou cenu | Eurorxdrugs","isPartOf":{"@id":"https:\/\/eurorxdrugs.cc\/cs\/#website"},"datePublished":"2024-11-02T06:15:53+00:00","dateModified":"2024-11-02T06:23:33+00:00","description":"Kupte Viagra Professional nyn\u00ed! Origin\u00e1ln\u00ed l\u00e9ky a rychl\u00e9 doru\u010den\u00ed v cen\u011b. 100% diskr\u00e9tn\u00ed a d\u016fv\u011brn\u00fd servis pro v\u0161echny na\u0161e z\u00e1kazn\u00edky na Eurorxdrugs","breadcrumb":{"@id":"https:\/\/eurorxdrugs.cc\/cs\/product\/viagra-professional\/#breadcrumb"},"inLanguage":"cs","potentialAction":[{"@type":"ReadAction","target":["https:\/\/eurorxdrugs.cc\/cs\/product\/viagra-professional\/"]}]},{"@type":"BreadcrumbList","@id":"https:\/\/eurorxdrugs.cc\/cs\/product\/viagra-professional\/#breadcrumb","itemListElement":[{"@type":"ListItem","position":1,"name":"Home","item":"https:\/\/eurorxdrugs.cc\/cs\/"},{"@type":"ListItem","position":2,"name":"Products","item":"https:\/\/eurorxdrugs.cc\/cs\/shop\/"},{"@type":"ListItem","position":3,"name":"Viagra Professional"}]},{"@type":"WebSite","@id":"https:\/\/eurorxdrugs.cc\/cs\/#website","url":"https:\/\/eurorxdrugs.cc\/cs\/","name":"eurorxdrugs","description":"","publisher":{"@id":"https:\/\/eurorxdrugs.cc\/cs\/#organization"},"potentialAction":[{"@type":"SearchAction","target":{"@type":"EntryPoint","urlTemplate":"https:\/\/eurorxdrugs.cc\/cs\/?s={search_term_string}"},"query-input":"required name=search_term_string"}],"inLanguage":"cs"},{"@type":"Organization","@id":"https:\/\/eurorxdrugs.cc\/cs\/#organization","name":"eurorxdrugs","url":"https:\/\/eurorxdrugs.cc\/cs\/","logo":{"@type":"ImageObject","inLanguage":"cs","@id":"https:\/\/eurorxdrugs.cc\/cs\/#\/schema\/logo\/image\/","url":"https:\/\/eurorxdrugs.cc\/cs\/wp-content\/uploads\/2024\/09\/logo-1-1.png","contentUrl":"https:\/\/eurorxdrugs.cc\/cs\/wp-content\/uploads\/2024\/09\/logo-1-1.png","width":233,"height":54,"caption":"eurorxdrugs"},"image":{"@id":"https:\/\/eurorxdrugs.cc\/cs\/#\/schema\/logo\/image\/"}}]}},"_links":{"self":[{"href":"https:\/\/eurorxdrugs.cc\/cs\/wp-json\/wp\/v2\/product\/6196","targetHints":{"allow":["GET"]}}],"collection":[{"href":"https:\/\/eurorxdrugs.cc\/cs\/wp-json\/wp\/v2\/product"}],"about":[{"href":"https:\/\/eurorxdrugs.cc\/cs\/wp-json\/wp\/v2\/types\/product"}],"replies":[{"embeddable":true,"href":"https:\/\/eurorxdrugs.cc\/cs\/wp-json\/wp\/v2\/comments?post=6196"}],"wp:featuredmedia":[{"embeddable":true,"href":"https:\/\/eurorxdrugs.cc\/cs\/wp-json\/wp\/v2\/media\/6198"}],"wp:attachment":[{"href":"https:\/\/eurorxdrugs.cc\/cs\/wp-json\/wp\/v2\/media?parent=6196"}],"wp:term":[{"taxonomy":"product_cat","embeddable":true,"href":"https:\/\/eurorxdrugs.cc\/cs\/wp-json\/wp\/v2\/product_cat?post=6196"},{"taxonomy":"product_tag","embeddable":true,"href":"https:\/\/eurorxdrugs.cc\/cs\/wp-json\/wp\/v2\/product_tag?post=6196"}],"curies":[{"name":"wp","href":"https:\/\/api.w.org\/{rel}","templated":true}]}}