{"id":6270,"date":"2024-11-02T06:49:02","date_gmt":"2024-11-02T06:49:02","guid":{"rendered":"https:\/\/eurorxdrugs.cc\/cs\/?post_type=product&#038;p=6270"},"modified":"2024-11-02T06:52:03","modified_gmt":"2024-11-02T06:52:03","slug":"levitra-professional","status":"publish","type":"product","link":"https:\/\/eurorxdrugs.cc\/cs\/product\/levitra-professional\/","title":{"rendered":"Levitra Professional"},"content":{"rendered":"<div class=\"pro-description_name\">Beschreibung<\/div>\n<div class=\"pro-description_content\">\n<h3><b>Allgemeine Verwendung<\/b><\/h3>\n<p><b>Levitra Professional<\/b> wird zur Behandlung von erektiler Dysfunktion eingesetzt. Der Wirkstoff ist <b>Vardenafil<\/b>. Vardenafil entspannt die Muskeln und erh\u00f6ht die Durchblutung bestimmter Bereiche des K\u00f6rpers. Es intensiviert Orgasmen, verbessert die Kontrolle \u00fcber den Ejakulationsprozess und maximiert die Zunahme von Penisbreite, -umfang und -l\u00e4nge. Es handelt sich um ein reformuliertes, fortgeschrittenes verschreibungspflichtiges Medikament mit der h\u00f6chsten Wirksamkeit im Bereich der Behandlung von m\u00e4nnlicher erektiler Dysfunktion. Der Penis enth\u00e4lt zwei Kammern, die als <b>corpora cavernosa<\/b> bezeichnet werden und die L\u00e4nge des Organs ausf\u00fcllen. Ein schwammartiges Gewebe f\u00fcllt die Kammern. Die corpora cavernosa sind von einer Membran umgeben, die als <b>tunica albuginea<\/b> bekannt ist. Das schwammartige Gewebe enth\u00e4lt glatte Muskeln, faserige Gewebe, R\u00e4ume, Venen und Arterien. Die Harnr\u00f6hre, die der Kanal f\u00fcr Urin und Ejakulat ist, verl\u00e4uft entlang der Unterseite der corpora cavernosa und ist von der <b>corpus spongiosum<\/b> umgeben. Levitra Professional verursacht eine Erektion durch sensorische und mentale Stimulation. Impulse vom Gehirn und lokalen Nerven f\u00fchren dazu, dass sich die Muskeln der corpora cavernosa entspannen, wodurch Blut einstr\u00f6mt und die R\u00e4ume f\u00fcllt. Levitra Professional erzeugt Druck in den corpora cavernosa, wodurch sich der Penis ausdehnt. Die tunica albuginea hilft, das Blut in den corpora cavernosa zu halten und so eine Erektion aufrechtzuerhalten.<\/p>\n<h3><b>Dosierung und Anwendung<\/b><\/h3>\n<p>Wenn Sie Levitra Professional etwa <b>10 bis 15 Minuten<\/b> vor dem Geschlechtsverkehr einnehmen, wird Ihr Geist von Stress und Angst befreit und Sie erhalten eine verbesserte F\u00e4higkeit, die angenehmsten Orgasmen und H\u00f6hepunkte mit Hilfe einer verbesserten Nervenleitung zu erreichen.<\/p>\n<h3><b>Vorsichtsma\u00dfnahmen<\/b><\/h3>\n<p>Levitra Professional kann Schwindel, Benommenheit, Ohnmacht oder verschwommenes Sehen verursachen. Alkohol, Bewegung, hei\u00dfes Wetter oder Fieber k\u00f6nnen diese Wirkungen verst\u00e4rken. Um dies zu verhindern, setzen oder stehen Sie langsam auf, besonders am Morgen. Setzen oder legen Sie sich beim ersten Anzeichen einer dieser Wirkungen hin. Verwenden Sie w\u00e4hrend der Einnahme von Levitra Professional keine anderen Medikamente oder Behandlungen gegen erektile Dysfunktion. Levitra Professional verhindert nicht die Ausbreitung von <b>HIV<\/b> oder anderen sexuell \u00fcbertragbaren Krankheiten (<b>STDs<\/b>) durch sexuellen Kontakt. Verwenden Sie Barrieremethoden zur Empf\u00e4ngnisverh\u00fctung (z. B. Kondome), wenn Sie an HIV oder einer STD leiden. Dieses Medikament verhindert keine Schwangerschaft. Wenn Ihr Partner schwanger werden kann und Sie eine Schwangerschaft vermeiden m\u00f6chten, stellen Sie sicher, dass Sie eine wirksame Form der Empf\u00e4ngnisverh\u00fctung verwenden. \u00c4ltere Menschen k\u00f6nnen empfindlicher auf dieses Medikament reagieren. Levitra Professional ist nicht f\u00fcr die Anwendung bei Frauen zugelassen. Sprechen Sie mit Ihrem Arzt, wenn Sie schwanger sind oder schwanger werden m\u00f6chten.<\/p>\n<h3><b>Gegenanzeigen<\/b><\/h3>\n<p>Verwenden Sie Levitra Professional nicht, wenn Sie:<\/p>\n<ul>\n<li><b>allergisch<\/b> gegen einen Inhaltsstoff von Levitra Professional sind;<\/li>\n<li>von Ihrem Arzt geraten wurden, sexuelle Aktivit\u00e4ten wegen <b>Herzproblemen<\/b> zu vermeiden;<\/li>\n<li>Herzprobleme haben (z. B. instabile Angina, schwere Herzinsuffizienz), niedrigen Blutdruck oder unkontrollierten Bluthochdruck;<\/li>\n<li>bestimmte erbliche degenerative Augenprobleme haben (z. B. Retinitis pigmentosa);<\/li>\n<li>schwere Leberprobleme oder schwere Nierenprobleme haben, die eine Dialyse erfordern;<\/li>\n<li>innerhalb der letzten <b>6 Monate<\/b> einen Herzinfarkt, Schlaganfall oder lebensbedrohliche Herzrhythmusst\u00f6rungen hatten;<\/li>\n<li>Nitrate (z. B. Isosorbid, Nitroglycerin) in irgendeiner Form (z. B. Tablette, Kapsel, Pflaster, Salbe), Nitroprussid oder bestimmte Antiarrhythmika (z. B. Chinidin, Amiodaron) einnehmen;<\/li>\n<li>bestimmte Freizeitdrogen namens <b>Poppers<\/b> (z. B. Amylnitrat, Butylnitrat) verwenden.<\/li>\n<\/ul>\n<h3><b>M\u00f6gliche Nebenwirkungen<\/b><\/h3>\n<p>Die h\u00e4ufigsten Nebenwirkungen sind:<\/p>\n<ul>\n<li><b>Schwindel<\/b>;<\/li>\n<li><b>Sodbrennen<\/b>;<\/li>\n<li><b>Hitzewallungen<\/b>;<\/li>\n<li><b>Kopfschmerzen<\/b>;<\/li>\n<li><b>\u00dcbelkeit<\/b>;<\/li>\n<li><b>Verstopfte oder laufende Nase<\/b>.<\/li>\n<\/ul>\n<p>Die schwerwiegenden Nebenwirkungen sind:<\/p>\n<ul>\n<li><b>Schwere allergische Reaktionen<\/b> wie Juckreiz, Ausschlag, Nesselsucht, Schwellung von Mund, Gesicht, Lippen oder Zunge, Atembeschwerden, Engegef\u00fchl in der Brust;<\/li>\n<li><b>Schwere oder anhaltende Schwindelgef\u00fchle<\/b>;<\/li>\n<li><b>Brustschmerzen<\/b>;<\/li>\n<li><b>R\u00fccken- oder Muskelschmerzen<\/b>;<\/li>\n<li><b>Ohnmacht<\/b>;<\/li>\n<li><b>Prolongierte, schmerzhafte Erektion<\/b>;<\/li>\n<li><b>Ohrensausen<\/b>;<\/li>\n<li><b>Schwere oder anhaltende Sehver\u00e4nderungen<\/b>;<\/li>\n<li><b>Pl\u00f6tzlicher H\u00f6rverlust<\/b>.<\/li>\n<\/ul>\n<h3><b>Arzneimittelwechselwirkungen<\/b><\/h3>\n<p>Besprechen Sie mit Ihrem Arzt alle Medikamente und pflanzlichen Produkte, die Ihnen verschrieben wurden und nicht verschrieben wurden.<\/p>\n<h3><b>Vers\u00e4umte Dosis<\/b><\/h3>\n<p>Wenn Sie eine Dosis von Levitra Professional vers\u00e4umt haben, nehmen Sie sie so schnell wie m\u00f6glich ein. Wenn es fast Zeit f\u00fcr Ihre n\u00e4chste Dosis ist, lassen Sie die vers\u00e4umte Dosis aus und kehren Sie zu Ihrem regul\u00e4ren Dosierungsplan zur\u00fcck. <b>Nehmen Sie keine 2 Dosen auf einmal ein.<\/b><\/p>\n<h3><b>\u00dcberdosis<\/b><\/h3>\n<p>Wenn Sie denken, dass Sie zu viel von Levitra eingenommen haben, sollten Sie medizinische Hilfe in Anspruch nehmen. Die Symptome einer m\u00f6glichen \u00dcberdosierung sind <b>Muskelschmerzen<\/b>, <b>R\u00fcckenschmerzen<\/b> und <b>Sehprobleme<\/b>. Bei einer prolongierten und schmerzhaften Erektion wenden Sie sich sofort an Ihren Arzt, da dieser Zustand bei unsachgem\u00e4\u00dfer Behandlung dauerhafte Sch\u00e4den am Penis verursachen kann.<\/p>\n<h3><b>Aufbewahrung<\/b><\/h3>\n<p>Lagern Sie Levitra Professional bei <b>Raumtemperatur<\/b>, zwischen 20 und 25 Grad C (68 und 77 Grad F). Lagern Sie es fern von W\u00e4rme, Feuchtigkeit und Licht. Halten Sie Levitra Professional au\u00dferhalb der Reichweite von Kindern und Haustieren.<\/p>\n<\/div>\n","protected":false},"excerpt":{"rendered":"<div><b>Handelsname:<\/b> Levitra Professional<\/div>\n<div><b>Wirkstoff:<\/b> Vardenafil<\/div>\n<div><b>Produktform:<\/b> Tabletten<\/div>\n<div><b>Anwendung:<\/b> Erektile Dysfunktion<\/div>\n<div><b>Wirkung beginnt:<\/b> innerhalb von 20-40 Minuten<\/div>\n<div><b>Wirksam:<\/b> f\u00fcr 6-8 Stunden<\/div>\n<div><b>Verf\u00fcgbare Dosierung:<\/b> 20mg<\/div>\n","protected":false},"featured_media":6271,"comment_status":"open","ping_status":"closed","template":"","meta":[],"product_cat":[35],"product_tag":[],"class_list":{"0":"post-6270","1":"product","2":"type-product","3":"status-publish","4":"has-post-thumbnail","6":"product_cat-mens-sexual-health","8":"first","9":"instock","10":"shipping-taxable","11":"product-type-grouped"},"yoast_head":"<!-- This site is optimized with the Yoast SEO plugin v20.0 - https:\/\/yoast.com\/wordpress\/plugins\/seo\/ -->\n<title>Objednejte Levitra Professional bez receptu za n\u00edzkou cenu | Eurorxdrugs<\/title>\n<meta name=\"description\" content=\"Kupte Levitra Professional nyn\u00ed! Origin\u00e1ln\u00ed l\u00e9ky a rychl\u00e9 doru\u010den\u00ed v cen\u011b. 100% diskr\u00e9tn\u00ed a d\u016fv\u011brn\u00fd servis pro v\u0161echny na\u0161e z\u00e1kazn\u00edky na Eurorxdrugs\" \/>\n<meta name=\"robots\" content=\"index, follow, max-snippet:-1, max-image-preview:large, max-video-preview:-1\" \/>\n<link rel=\"canonical\" href=\"https:\/\/eurorxdrugs.cc\/cs\/product\/levitra-professional\/\" \/>\n<meta property=\"og:locale\" content=\"cs_CZ\" \/>\n<meta property=\"og:type\" content=\"article\" \/>\n<meta property=\"og:title\" content=\"Objednejte Levitra Professional bez receptu za n\u00edzkou cenu | Eurorxdrugs\" \/>\n<meta property=\"og:description\" content=\"Kupte Levitra Professional nyn\u00ed! Origin\u00e1ln\u00ed l\u00e9ky a rychl\u00e9 doru\u010den\u00ed v cen\u011b. 100% diskr\u00e9tn\u00ed a d\u016fv\u011brn\u00fd servis pro v\u0161echny na\u0161e z\u00e1kazn\u00edky na Eurorxdrugs\" \/>\n<meta property=\"og:url\" content=\"https:\/\/eurorxdrugs.cc\/cs\/product\/levitra-professional\/\" \/>\n<meta property=\"og:site_name\" content=\"eurorxdrugs\" \/>\n<meta property=\"article:modified_time\" content=\"2024-11-02T06:52:03+00:00\" \/>\n<meta property=\"og:image\" content=\"https:\/\/eurorxdrugs.cc\/cs\/wp-content\/uploads\/2024\/11\/86-min.jpg\" \/>\n\t<meta property=\"og:image:width\" content=\"270\" \/>\n\t<meta property=\"og:image:height\" content=\"300\" \/>\n\t<meta property=\"og:image:type\" content=\"image\/jpeg\" \/>\n<meta name=\"twitter:card\" content=\"summary_large_image\" \/>\n<meta name=\"twitter:label1\" content=\"Odhadovan\u00e1 doba \u010dten\u00ed\" \/>\n\t<meta name=\"twitter:data1\" content=\"4 minuty\" \/>\n<script type=\"application\/ld+json\" class=\"yoast-schema-graph\">{\"@context\":\"https:\/\/schema.org\",\"@graph\":[{\"@type\":\"WebPage\",\"@id\":\"https:\/\/eurorxdrugs.cc\/cs\/product\/levitra-professional\/\",\"url\":\"https:\/\/eurorxdrugs.cc\/cs\/product\/levitra-professional\/\",\"name\":\"Objednejte Levitra Professional bez receptu za n\u00edzkou cenu | Eurorxdrugs\",\"isPartOf\":{\"@id\":\"https:\/\/eurorxdrugs.cc\/cs\/#website\"},\"datePublished\":\"2024-11-02T06:49:02+00:00\",\"dateModified\":\"2024-11-02T06:52:03+00:00\",\"description\":\"Kupte Levitra Professional nyn\u00ed! Origin\u00e1ln\u00ed l\u00e9ky a rychl\u00e9 doru\u010den\u00ed v cen\u011b. 100% diskr\u00e9tn\u00ed a d\u016fv\u011brn\u00fd servis pro v\u0161echny na\u0161e z\u00e1kazn\u00edky na Eurorxdrugs\",\"breadcrumb\":{\"@id\":\"https:\/\/eurorxdrugs.cc\/cs\/product\/levitra-professional\/#breadcrumb\"},\"inLanguage\":\"cs\",\"potentialAction\":[{\"@type\":\"ReadAction\",\"target\":[\"https:\/\/eurorxdrugs.cc\/cs\/product\/levitra-professional\/\"]}]},{\"@type\":\"BreadcrumbList\",\"@id\":\"https:\/\/eurorxdrugs.cc\/cs\/product\/levitra-professional\/#breadcrumb\",\"itemListElement\":[{\"@type\":\"ListItem\",\"position\":1,\"name\":\"Home\",\"item\":\"https:\/\/eurorxdrugs.cc\/cs\/\"},{\"@type\":\"ListItem\",\"position\":2,\"name\":\"Products\",\"item\":\"https:\/\/eurorxdrugs.cc\/cs\/shop\/\"},{\"@type\":\"ListItem\",\"position\":3,\"name\":\"Levitra Professional\"}]},{\"@type\":\"WebSite\",\"@id\":\"https:\/\/eurorxdrugs.cc\/cs\/#website\",\"url\":\"https:\/\/eurorxdrugs.cc\/cs\/\",\"name\":\"eurorxdrugs\",\"description\":\"\",\"publisher\":{\"@id\":\"https:\/\/eurorxdrugs.cc\/cs\/#organization\"},\"potentialAction\":[{\"@type\":\"SearchAction\",\"target\":{\"@type\":\"EntryPoint\",\"urlTemplate\":\"https:\/\/eurorxdrugs.cc\/cs\/?s={search_term_string}\"},\"query-input\":\"required name=search_term_string\"}],\"inLanguage\":\"cs\"},{\"@type\":\"Organization\",\"@id\":\"https:\/\/eurorxdrugs.cc\/cs\/#organization\",\"name\":\"eurorxdrugs\",\"url\":\"https:\/\/eurorxdrugs.cc\/cs\/\",\"logo\":{\"@type\":\"ImageObject\",\"inLanguage\":\"cs\",\"@id\":\"https:\/\/eurorxdrugs.cc\/cs\/#\/schema\/logo\/image\/\",\"url\":\"https:\/\/eurorxdrugs.cc\/cs\/wp-content\/uploads\/2024\/09\/logo-1-1.png\",\"contentUrl\":\"https:\/\/eurorxdrugs.cc\/cs\/wp-content\/uploads\/2024\/09\/logo-1-1.png\",\"width\":233,\"height\":54,\"caption\":\"eurorxdrugs\"},\"image\":{\"@id\":\"https:\/\/eurorxdrugs.cc\/cs\/#\/schema\/logo\/image\/\"}}]}<\/script>\n<!-- \/ Yoast SEO plugin. -->","yoast_head_json":{"title":"Objednejte Levitra Professional bez receptu za n\u00edzkou cenu | Eurorxdrugs","description":"Kupte Levitra Professional nyn\u00ed! Origin\u00e1ln\u00ed l\u00e9ky a rychl\u00e9 doru\u010den\u00ed v cen\u011b. 100% diskr\u00e9tn\u00ed a d\u016fv\u011brn\u00fd servis pro v\u0161echny na\u0161e z\u00e1kazn\u00edky na Eurorxdrugs","robots":{"index":"index","follow":"follow","max-snippet":"max-snippet:-1","max-image-preview":"max-image-preview:large","max-video-preview":"max-video-preview:-1"},"canonical":"https:\/\/eurorxdrugs.cc\/cs\/product\/levitra-professional\/","og_locale":"cs_CZ","og_type":"article","og_title":"Objednejte Levitra Professional bez receptu za n\u00edzkou cenu | Eurorxdrugs","og_description":"Kupte Levitra Professional nyn\u00ed! Origin\u00e1ln\u00ed l\u00e9ky a rychl\u00e9 doru\u010den\u00ed v cen\u011b. 100% diskr\u00e9tn\u00ed a d\u016fv\u011brn\u00fd servis pro v\u0161echny na\u0161e z\u00e1kazn\u00edky na Eurorxdrugs","og_url":"https:\/\/eurorxdrugs.cc\/cs\/product\/levitra-professional\/","og_site_name":"eurorxdrugs","article_modified_time":"2024-11-02T06:52:03+00:00","og_image":[{"width":270,"height":300,"url":"https:\/\/eurorxdrugs.cc\/cs\/wp-content\/uploads\/2024\/11\/86-min.jpg","type":"image\/jpeg"}],"twitter_card":"summary_large_image","twitter_misc":{"Odhadovan\u00e1 doba \u010dten\u00ed":"4 minuty"},"schema":{"@context":"https:\/\/schema.org","@graph":[{"@type":"WebPage","@id":"https:\/\/eurorxdrugs.cc\/cs\/product\/levitra-professional\/","url":"https:\/\/eurorxdrugs.cc\/cs\/product\/levitra-professional\/","name":"Objednejte Levitra Professional bez receptu za n\u00edzkou cenu | Eurorxdrugs","isPartOf":{"@id":"https:\/\/eurorxdrugs.cc\/cs\/#website"},"datePublished":"2024-11-02T06:49:02+00:00","dateModified":"2024-11-02T06:52:03+00:00","description":"Kupte Levitra Professional nyn\u00ed! Origin\u00e1ln\u00ed l\u00e9ky a rychl\u00e9 doru\u010den\u00ed v cen\u011b. 100% diskr\u00e9tn\u00ed a d\u016fv\u011brn\u00fd servis pro v\u0161echny na\u0161e z\u00e1kazn\u00edky na Eurorxdrugs","breadcrumb":{"@id":"https:\/\/eurorxdrugs.cc\/cs\/product\/levitra-professional\/#breadcrumb"},"inLanguage":"cs","potentialAction":[{"@type":"ReadAction","target":["https:\/\/eurorxdrugs.cc\/cs\/product\/levitra-professional\/"]}]},{"@type":"BreadcrumbList","@id":"https:\/\/eurorxdrugs.cc\/cs\/product\/levitra-professional\/#breadcrumb","itemListElement":[{"@type":"ListItem","position":1,"name":"Home","item":"https:\/\/eurorxdrugs.cc\/cs\/"},{"@type":"ListItem","position":2,"name":"Products","item":"https:\/\/eurorxdrugs.cc\/cs\/shop\/"},{"@type":"ListItem","position":3,"name":"Levitra Professional"}]},{"@type":"WebSite","@id":"https:\/\/eurorxdrugs.cc\/cs\/#website","url":"https:\/\/eurorxdrugs.cc\/cs\/","name":"eurorxdrugs","description":"","publisher":{"@id":"https:\/\/eurorxdrugs.cc\/cs\/#organization"},"potentialAction":[{"@type":"SearchAction","target":{"@type":"EntryPoint","urlTemplate":"https:\/\/eurorxdrugs.cc\/cs\/?s={search_term_string}"},"query-input":"required name=search_term_string"}],"inLanguage":"cs"},{"@type":"Organization","@id":"https:\/\/eurorxdrugs.cc\/cs\/#organization","name":"eurorxdrugs","url":"https:\/\/eurorxdrugs.cc\/cs\/","logo":{"@type":"ImageObject","inLanguage":"cs","@id":"https:\/\/eurorxdrugs.cc\/cs\/#\/schema\/logo\/image\/","url":"https:\/\/eurorxdrugs.cc\/cs\/wp-content\/uploads\/2024\/09\/logo-1-1.png","contentUrl":"https:\/\/eurorxdrugs.cc\/cs\/wp-content\/uploads\/2024\/09\/logo-1-1.png","width":233,"height":54,"caption":"eurorxdrugs"},"image":{"@id":"https:\/\/eurorxdrugs.cc\/cs\/#\/schema\/logo\/image\/"}}]}},"_links":{"self":[{"href":"https:\/\/eurorxdrugs.cc\/cs\/wp-json\/wp\/v2\/product\/6270","targetHints":{"allow":["GET"]}}],"collection":[{"href":"https:\/\/eurorxdrugs.cc\/cs\/wp-json\/wp\/v2\/product"}],"about":[{"href":"https:\/\/eurorxdrugs.cc\/cs\/wp-json\/wp\/v2\/types\/product"}],"replies":[{"embeddable":true,"href":"https:\/\/eurorxdrugs.cc\/cs\/wp-json\/wp\/v2\/comments?post=6270"}],"wp:featuredmedia":[{"embeddable":true,"href":"https:\/\/eurorxdrugs.cc\/cs\/wp-json\/wp\/v2\/media\/6271"}],"wp:attachment":[{"href":"https:\/\/eurorxdrugs.cc\/cs\/wp-json\/wp\/v2\/media?parent=6270"}],"wp:term":[{"taxonomy":"product_cat","embeddable":true,"href":"https:\/\/eurorxdrugs.cc\/cs\/wp-json\/wp\/v2\/product_cat?post=6270"},{"taxonomy":"product_tag","embeddable":true,"href":"https:\/\/eurorxdrugs.cc\/cs\/wp-json\/wp\/v2\/product_tag?post=6270"}],"curies":[{"name":"wp","href":"https:\/\/api.w.org\/{rel}","templated":true}]}}