{"id":6281,"date":"2024-11-02T06:53:51","date_gmt":"2024-11-02T06:53:51","guid":{"rendered":"https:\/\/eurorxdrugs.cc\/cs\/?post_type=product&#038;p=6281"},"modified":"2024-11-02T06:59:38","modified_gmt":"2024-11-02T06:59:38","slug":"caverta-sildenafil","status":"publish","type":"product","link":"https:\/\/eurorxdrugs.cc\/cs\/product\/caverta-sildenafil\/","title":{"rendered":"Caverta (Sildenafil)"},"content":{"rendered":"<div class=\"pro-description_name\">Beschreibung<\/div>\n<div class=\"pro-description_content\">\n<h3><b>H\u00e4ufige Anwendung<\/b><\/h3>\n<p><b>Die Hauptkomponente von Caverta<\/b> ist <b>Sildenafil<\/b>. Sildenafil beeinflusst die Reaktion auf sexuelle Stimulation. Es wirkt, indem es die Entspannung der glatten Muskulatur durch Stickstoffmonoxid verbessert, eine chemische Substanz, die normalerweise als Reaktion auf sexuelle Stimulation freigesetzt wird. Diese Entspannung der glatten Muskulatur erm\u00f6glicht einen erh\u00f6hten Blutfluss in bestimmte Bereiche des Penis, was zu einer Erektion f\u00fchrt. Sildenafil wird zur Behandlung von erektiler Dysfunktion (Impotenz) bei M\u00e4nnern und pulmonaler arterieller Hypertonie eingesetzt. Sildenafil kann auch f\u00fcr andere Zwecke verwendet werden, die oben nicht aufgef\u00fchrt sind.<\/p>\n<h3><b>Dosierung und Anwendung<\/b><\/h3>\n<p>Caverta wird etwa <b>0,5-1 Stunde<\/b> vor sexueller Aktivit\u00e4t eingenommen. Nehmen Sie Viagra nicht mehr als <b>einmal t\u00e4glich<\/b> ein. Eine fettreiche Mahlzeit kann die Wirkung dieses Medikaments verz\u00f6gern. Versuchen Sie, Grapefruit oder Grapefruitsaft w\u00e4hrend der Behandlung mit Sildenafil zu vermeiden.<\/p>\n<h3><b>Vorsichtsma\u00dfnahmen<\/b><\/h3>\n<p>Bevor Sie mit der Einnahme von Sildenafil beginnen, informieren Sie Ihren Arzt oder Apotheker, wenn Sie allergisch darauf sind; oder wenn Sie andere Allergien haben. <b>\u00c4ltere Menschen<\/b> k\u00f6nnen empfindlicher auf die Nebenwirkungen des Medikaments reagieren.<\/p>\n<h3><b>Gegenanzeigen<\/b><\/h3>\n<p>Caverta ist kontraindiziert bei Patienten, die ein anderes Medikament zur Behandlung von Impotenz einnehmen oder ein <b>Nitratmedikament<\/b> bei Brustschmerzen oder Herzproblemen verwenden. Dieses Medikament sollte nicht von <b>Frauen<\/b> und <b>Kindern<\/b> sowie von Patienten mit bekannter <b>\u00dcberempfindlichkeit<\/b> gegen\u00fcber einer der Bestandteile der Tablette eingenommen werden.<\/p>\n<h3><b>M\u00f6gliche Nebenwirkungen<\/b><\/h3>\n<p>Die h\u00e4ufigsten Nebenwirkungen sind <b>Kopfschmerzen<\/b>, <b>Hitzewallungen<\/b>, <b>Sodbrennen<\/b>, <b>Magenbeschwerden<\/b>, <b>Nasenverstopfung<\/b>, <b>Schwindelgef\u00fchle<\/b>, <b>Benommenheit<\/b> oder <b>Durchfall<\/b>. Eine schwere allergische Reaktion auf dieses Medikament ist sehr selten, aber suchen Sie sofort medizinische Hilfe, wenn dies auftritt. Viele Menschen, die dieses Medikament verwenden, haben keine ernsthaften Nebenwirkungen. Wenn Sie Nebenwirkungen bemerken, die oben nicht aufgef\u00fchrt sind, kontaktieren Sie bitte Ihren Arzt oder Apotheker.<\/p>\n<h3><b>Arzneimittelwechselwirkungen<\/b><\/h3>\n<p>Dieses Medikament sollte nicht mit <b>Nitraten<\/b> und Freizeitdrogen, die <b>&#8222;Poppers&#8220;<\/b> genannt werden und Amyl- oder Butylnitrit enthalten, verwendet werden; <b>Alpha-Blocker-Medikamente<\/b>; anderen Medikamenten gegen Impotenz; <b>Blutdruckmedikamenten<\/b> usw. Konsultieren Sie Ihren Arzt oder Apotheker f\u00fcr weitere Einzelheiten.<\/p>\n<h3><b>Vergessene Dosis<\/b><\/h3>\n<p>Caverta wird nach Bedarf eingenommen, sodass es unwahrscheinlich ist, dass Sie einem Dosierungsschema folgen.<\/p>\n<h3><b>\u00dcberdosierung<\/b><\/h3>\n<p>Wenn Sie denken, dass Sie zu viel von diesem Medikament eingenommen haben, suchen Sie sofort \u00e4rztliche Hilfe. Die Symptome einer \u00dcberdosierung umfassen normalerweise <b>Brustschmerzen<\/b>, <b>\u00dcbelkeit<\/b>, <b>unregelm\u00e4\u00dfigen Herzschlag<\/b> und ein Gef\u00fchl von <b>Benommenheit<\/b> oder <b>Ohnmacht<\/b>.<\/p>\n<h3><b>Lagerung<\/b><\/h3>\n<p>Bewahren Sie Ihre Medikamente bei Raumtemperatur zwischen <b>20-25 Grad C (68-77 Grad F)<\/b> vor Licht und Feuchtigkeit gesch\u00fctzt auf. Lagern Sie die Medikamente nicht im Badezimmer. Halten Sie alle Medikamente au\u00dferhalb der Reichweite von <b>Kindern<\/b> und <b>Haustieren<\/b>.<\/p>\n<\/div>\n","protected":false},"excerpt":{"rendered":"<div><b>Handelsname: <\/b>Caverta<\/div>\n<div><b>Wirkstoff:<\/b> Sildenafil<\/div>\n<div><b>Anwendungsgebiet: <\/b>Zur Behandlung von erektiler Dysfunktion und Impotenz<\/div>\n<div><b>Produktionsform: <\/b>Pillen<\/div>\n<div><b>Aktion beginnt: <\/b>innerhalb von 30-60 Minuten<\/div>\n<div><b>Wirksam: <\/b>f\u00fcr 5 Stunden<\/div>\n<div><b>Verf\u00fcgbare Dosierungen: <\/b>50mg und 100mg<\/div>\n","protected":false},"featured_media":6282,"comment_status":"open","ping_status":"closed","template":"","meta":[],"product_cat":[35],"product_tag":[],"class_list":{"0":"post-6281","1":"product","2":"type-product","3":"status-publish","4":"has-post-thumbnail","6":"product_cat-mens-sexual-health","8":"first","9":"instock","10":"shipping-taxable","11":"product-type-grouped"},"yoast_head":"<!-- This site is optimized with the Yoast SEO plugin v20.0 - https:\/\/yoast.com\/wordpress\/plugins\/seo\/ -->\n<title>Objednejte Caverta (Sildenafil) bez receptu za n\u00edzkou cenu | Eurorxdrugs<\/title>\n<meta name=\"description\" content=\"Kupte Caverta (Sildenafil) nyn\u00ed! Origin\u00e1ln\u00ed l\u00e9ky a rychl\u00e9 doru\u010den\u00ed v cen\u011b. 100% diskr\u00e9tn\u00ed a d\u016fv\u011brn\u00fd servis pro v\u0161echny na\u0161e z\u00e1kazn\u00edky na Eurorxdrugs\" \/>\n<meta name=\"robots\" content=\"index, follow, max-snippet:-1, max-image-preview:large, max-video-preview:-1\" \/>\n<link rel=\"canonical\" href=\"https:\/\/eurorxdrugs.cc\/cs\/product\/caverta-sildenafil\/\" \/>\n<meta property=\"og:locale\" content=\"cs_CZ\" \/>\n<meta property=\"og:type\" content=\"article\" \/>\n<meta property=\"og:title\" content=\"Objednejte Caverta (Sildenafil) bez receptu za n\u00edzkou cenu | Eurorxdrugs\" \/>\n<meta property=\"og:description\" content=\"Kupte Caverta (Sildenafil) nyn\u00ed! Origin\u00e1ln\u00ed l\u00e9ky a rychl\u00e9 doru\u010den\u00ed v cen\u011b. 100% diskr\u00e9tn\u00ed a d\u016fv\u011brn\u00fd servis pro v\u0161echny na\u0161e z\u00e1kazn\u00edky na Eurorxdrugs\" \/>\n<meta property=\"og:url\" content=\"https:\/\/eurorxdrugs.cc\/cs\/product\/caverta-sildenafil\/\" \/>\n<meta property=\"og:site_name\" content=\"eurorxdrugs\" \/>\n<meta property=\"article:modified_time\" content=\"2024-11-02T06:59:38+00:00\" \/>\n<meta property=\"og:image\" content=\"https:\/\/eurorxdrugs.cc\/cs\/wp-content\/uploads\/2024\/11\/224-min.jpg\" \/>\n\t<meta property=\"og:image:width\" content=\"270\" \/>\n\t<meta property=\"og:image:height\" content=\"300\" \/>\n\t<meta property=\"og:image:type\" content=\"image\/jpeg\" \/>\n<meta name=\"twitter:card\" content=\"summary_large_image\" \/>\n<meta name=\"twitter:label1\" content=\"Odhadovan\u00e1 doba \u010dten\u00ed\" \/>\n\t<meta name=\"twitter:data1\" content=\"2 minuty\" \/>\n<script type=\"application\/ld+json\" class=\"yoast-schema-graph\">{\"@context\":\"https:\/\/schema.org\",\"@graph\":[{\"@type\":\"WebPage\",\"@id\":\"https:\/\/eurorxdrugs.cc\/cs\/product\/caverta-sildenafil\/\",\"url\":\"https:\/\/eurorxdrugs.cc\/cs\/product\/caverta-sildenafil\/\",\"name\":\"Objednejte Caverta (Sildenafil) bez receptu za n\u00edzkou cenu | Eurorxdrugs\",\"isPartOf\":{\"@id\":\"https:\/\/eurorxdrugs.cc\/cs\/#website\"},\"datePublished\":\"2024-11-02T06:53:51+00:00\",\"dateModified\":\"2024-11-02T06:59:38+00:00\",\"description\":\"Kupte Caverta (Sildenafil) nyn\u00ed! Origin\u00e1ln\u00ed l\u00e9ky a rychl\u00e9 doru\u010den\u00ed v cen\u011b. 100% diskr\u00e9tn\u00ed a d\u016fv\u011brn\u00fd servis pro v\u0161echny na\u0161e z\u00e1kazn\u00edky na Eurorxdrugs\",\"breadcrumb\":{\"@id\":\"https:\/\/eurorxdrugs.cc\/cs\/product\/caverta-sildenafil\/#breadcrumb\"},\"inLanguage\":\"cs\",\"potentialAction\":[{\"@type\":\"ReadAction\",\"target\":[\"https:\/\/eurorxdrugs.cc\/cs\/product\/caverta-sildenafil\/\"]}]},{\"@type\":\"BreadcrumbList\",\"@id\":\"https:\/\/eurorxdrugs.cc\/cs\/product\/caverta-sildenafil\/#breadcrumb\",\"itemListElement\":[{\"@type\":\"ListItem\",\"position\":1,\"name\":\"Home\",\"item\":\"https:\/\/eurorxdrugs.cc\/cs\/\"},{\"@type\":\"ListItem\",\"position\":2,\"name\":\"Products\",\"item\":\"https:\/\/eurorxdrugs.cc\/cs\/shop\/\"},{\"@type\":\"ListItem\",\"position\":3,\"name\":\"Caverta (Sildenafil)\"}]},{\"@type\":\"WebSite\",\"@id\":\"https:\/\/eurorxdrugs.cc\/cs\/#website\",\"url\":\"https:\/\/eurorxdrugs.cc\/cs\/\",\"name\":\"eurorxdrugs\",\"description\":\"\",\"publisher\":{\"@id\":\"https:\/\/eurorxdrugs.cc\/cs\/#organization\"},\"potentialAction\":[{\"@type\":\"SearchAction\",\"target\":{\"@type\":\"EntryPoint\",\"urlTemplate\":\"https:\/\/eurorxdrugs.cc\/cs\/?s={search_term_string}\"},\"query-input\":\"required name=search_term_string\"}],\"inLanguage\":\"cs\"},{\"@type\":\"Organization\",\"@id\":\"https:\/\/eurorxdrugs.cc\/cs\/#organization\",\"name\":\"eurorxdrugs\",\"url\":\"https:\/\/eurorxdrugs.cc\/cs\/\",\"logo\":{\"@type\":\"ImageObject\",\"inLanguage\":\"cs\",\"@id\":\"https:\/\/eurorxdrugs.cc\/cs\/#\/schema\/logo\/image\/\",\"url\":\"https:\/\/eurorxdrugs.cc\/cs\/wp-content\/uploads\/2024\/09\/logo-1-1.png\",\"contentUrl\":\"https:\/\/eurorxdrugs.cc\/cs\/wp-content\/uploads\/2024\/09\/logo-1-1.png\",\"width\":233,\"height\":54,\"caption\":\"eurorxdrugs\"},\"image\":{\"@id\":\"https:\/\/eurorxdrugs.cc\/cs\/#\/schema\/logo\/image\/\"}}]}<\/script>\n<!-- \/ Yoast SEO plugin. -->","yoast_head_json":{"title":"Objednejte Caverta (Sildenafil) bez receptu za n\u00edzkou cenu | Eurorxdrugs","description":"Kupte Caverta (Sildenafil) nyn\u00ed! Origin\u00e1ln\u00ed l\u00e9ky a rychl\u00e9 doru\u010den\u00ed v cen\u011b. 100% diskr\u00e9tn\u00ed a d\u016fv\u011brn\u00fd servis pro v\u0161echny na\u0161e z\u00e1kazn\u00edky na Eurorxdrugs","robots":{"index":"index","follow":"follow","max-snippet":"max-snippet:-1","max-image-preview":"max-image-preview:large","max-video-preview":"max-video-preview:-1"},"canonical":"https:\/\/eurorxdrugs.cc\/cs\/product\/caverta-sildenafil\/","og_locale":"cs_CZ","og_type":"article","og_title":"Objednejte Caverta (Sildenafil) bez receptu za n\u00edzkou cenu | Eurorxdrugs","og_description":"Kupte Caverta (Sildenafil) nyn\u00ed! Origin\u00e1ln\u00ed l\u00e9ky a rychl\u00e9 doru\u010den\u00ed v cen\u011b. 100% diskr\u00e9tn\u00ed a d\u016fv\u011brn\u00fd servis pro v\u0161echny na\u0161e z\u00e1kazn\u00edky na Eurorxdrugs","og_url":"https:\/\/eurorxdrugs.cc\/cs\/product\/caverta-sildenafil\/","og_site_name":"eurorxdrugs","article_modified_time":"2024-11-02T06:59:38+00:00","og_image":[{"width":270,"height":300,"url":"https:\/\/eurorxdrugs.cc\/cs\/wp-content\/uploads\/2024\/11\/224-min.jpg","type":"image\/jpeg"}],"twitter_card":"summary_large_image","twitter_misc":{"Odhadovan\u00e1 doba \u010dten\u00ed":"2 minuty"},"schema":{"@context":"https:\/\/schema.org","@graph":[{"@type":"WebPage","@id":"https:\/\/eurorxdrugs.cc\/cs\/product\/caverta-sildenafil\/","url":"https:\/\/eurorxdrugs.cc\/cs\/product\/caverta-sildenafil\/","name":"Objednejte Caverta (Sildenafil) bez receptu za n\u00edzkou cenu | Eurorxdrugs","isPartOf":{"@id":"https:\/\/eurorxdrugs.cc\/cs\/#website"},"datePublished":"2024-11-02T06:53:51+00:00","dateModified":"2024-11-02T06:59:38+00:00","description":"Kupte Caverta (Sildenafil) nyn\u00ed! Origin\u00e1ln\u00ed l\u00e9ky a rychl\u00e9 doru\u010den\u00ed v cen\u011b. 100% diskr\u00e9tn\u00ed a d\u016fv\u011brn\u00fd servis pro v\u0161echny na\u0161e z\u00e1kazn\u00edky na Eurorxdrugs","breadcrumb":{"@id":"https:\/\/eurorxdrugs.cc\/cs\/product\/caverta-sildenafil\/#breadcrumb"},"inLanguage":"cs","potentialAction":[{"@type":"ReadAction","target":["https:\/\/eurorxdrugs.cc\/cs\/product\/caverta-sildenafil\/"]}]},{"@type":"BreadcrumbList","@id":"https:\/\/eurorxdrugs.cc\/cs\/product\/caverta-sildenafil\/#breadcrumb","itemListElement":[{"@type":"ListItem","position":1,"name":"Home","item":"https:\/\/eurorxdrugs.cc\/cs\/"},{"@type":"ListItem","position":2,"name":"Products","item":"https:\/\/eurorxdrugs.cc\/cs\/shop\/"},{"@type":"ListItem","position":3,"name":"Caverta (Sildenafil)"}]},{"@type":"WebSite","@id":"https:\/\/eurorxdrugs.cc\/cs\/#website","url":"https:\/\/eurorxdrugs.cc\/cs\/","name":"eurorxdrugs","description":"","publisher":{"@id":"https:\/\/eurorxdrugs.cc\/cs\/#organization"},"potentialAction":[{"@type":"SearchAction","target":{"@type":"EntryPoint","urlTemplate":"https:\/\/eurorxdrugs.cc\/cs\/?s={search_term_string}"},"query-input":"required name=search_term_string"}],"inLanguage":"cs"},{"@type":"Organization","@id":"https:\/\/eurorxdrugs.cc\/cs\/#organization","name":"eurorxdrugs","url":"https:\/\/eurorxdrugs.cc\/cs\/","logo":{"@type":"ImageObject","inLanguage":"cs","@id":"https:\/\/eurorxdrugs.cc\/cs\/#\/schema\/logo\/image\/","url":"https:\/\/eurorxdrugs.cc\/cs\/wp-content\/uploads\/2024\/09\/logo-1-1.png","contentUrl":"https:\/\/eurorxdrugs.cc\/cs\/wp-content\/uploads\/2024\/09\/logo-1-1.png","width":233,"height":54,"caption":"eurorxdrugs"},"image":{"@id":"https:\/\/eurorxdrugs.cc\/cs\/#\/schema\/logo\/image\/"}}]}},"_links":{"self":[{"href":"https:\/\/eurorxdrugs.cc\/cs\/wp-json\/wp\/v2\/product\/6281","targetHints":{"allow":["GET"]}}],"collection":[{"href":"https:\/\/eurorxdrugs.cc\/cs\/wp-json\/wp\/v2\/product"}],"about":[{"href":"https:\/\/eurorxdrugs.cc\/cs\/wp-json\/wp\/v2\/types\/product"}],"replies":[{"embeddable":true,"href":"https:\/\/eurorxdrugs.cc\/cs\/wp-json\/wp\/v2\/comments?post=6281"}],"wp:featuredmedia":[{"embeddable":true,"href":"https:\/\/eurorxdrugs.cc\/cs\/wp-json\/wp\/v2\/media\/6282"}],"wp:attachment":[{"href":"https:\/\/eurorxdrugs.cc\/cs\/wp-json\/wp\/v2\/media?parent=6281"}],"wp:term":[{"taxonomy":"product_cat","embeddable":true,"href":"https:\/\/eurorxdrugs.cc\/cs\/wp-json\/wp\/v2\/product_cat?post=6281"},{"taxonomy":"product_tag","embeddable":true,"href":"https:\/\/eurorxdrugs.cc\/cs\/wp-json\/wp\/v2\/product_tag?post=6281"}],"curies":[{"name":"wp","href":"https:\/\/api.w.org\/{rel}","templated":true}]}}