{"id":6301,"date":"2024-11-02T07:01:37","date_gmt":"2024-11-02T07:01:37","guid":{"rendered":"https:\/\/eurorxdrugs.cc\/cs\/?post_type=product&#038;p=6301"},"modified":"2024-11-02T07:05:04","modified_gmt":"2024-11-02T07:05:04","slug":"levitra-soft-tabs","status":"publish","type":"product","link":"https:\/\/eurorxdrugs.cc\/cs\/product\/levitra-soft-tabs\/","title":{"rendered":"Levitra Soft Tabs"},"content":{"rendered":"<div class=\"pro-description_name\">Beschreibung<\/div>\n<div class=\"pro-description_content\">\n<h3><b>H\u00e4ufige Anwendung<\/b><\/h3>\n<p>Die <b>wirkenden Bestandteile<\/b> von Levitra Soft entspannen die Muskeln und erh\u00f6hen die Durchblutung bestimmter K\u00f6rperbereiche.<\/p>\n<h3><b>Dosierung und Anwendung<\/b><\/h3>\n<p>Nehmen Sie Levitra Soft oral mit einem Glas Wasser <b>40 Minuten vor der sexuellen Aktivit\u00e4t<\/b> ein.<\/p>\n<h3><b>Vorsichtsma\u00dfnahmen<\/b><\/h3>\n<p>Sie sollten unbedingt Ihren Arzt konsultieren, bevor Sie Levitra Soft einnehmen, wenn Sie folgende Krankheiten haben: <b>anatomische Deformit\u00e4t des Penis<\/b>, <b>Blutgerinnungsst\u00f6rung<\/b>, <b>Krebs<\/b>, <b>Diabetes<\/b>, <b>h\u00e4ufige Sodbrennen<\/b> oder <b>gastro\u00f6sophageale Refluxkrankheit (GERD)<\/b>, <b>Herzprobleme<\/b>, <b>hoher Cholesterinspiegel<\/b>, <b>HIV-Infektion<\/b>, <b>Nierenerkrankung<\/b>, <b>Lebererkrankung<\/b>, <b>Schuppenkrankheit<\/b>, <b>Schlaganfall<\/b>, <b>Magen- oder Darmgeschw\u00fcre<\/b>, <b>Sehprobleme<\/b>, eine ungew\u00f6hnliche Reaktion auf Vardenafil, Medikamente, Lebensmittel, Farbstoffe oder Konservierungsmittel.<\/p>\n<h3><b>Gegenanzeigen<\/b><\/h3>\n<p>Nehmen Sie Levitra Soft nicht ein, wenn Sie <b>Nitroglycerin-Pr\u00e4parate<\/b> f\u00fcr das Herz oder bei Brustschmerzen verwenden, wie z.B. <b>Amylnitrit<\/b>, <b>Isosorbiddinitrat<\/b>, <b>Isosorbidmononitrat<\/b>, <b>Nitroglycerin<\/b>, auch wenn diese nur gelegentlich eingenommen werden. Dazu geh\u00f6ren auch einige Freizeitdrogen, die <b>&#8218;Poppers&#8216;<\/b> genannt werden und ebenfalls <b>Amilynitrat<\/b> und <b>Butylnitrat<\/b> enthalten.<\/p>\n<h3><b>M\u00f6gliche Nebenwirkungen<\/b><\/h3>\n<p>Die h\u00e4ufigsten Nebenwirkungen, die auftreten k\u00f6nnen, sind <b>Hitzewallungen<\/b>, <b>Kopfschmerzen<\/b>, <b>Verdauungsst\u00f6rungen<\/b>, <b>\u00dcbelkeit<\/b> und <b>verstopfte Nase<\/b>. Kontaktieren Sie sofort Ihren Arzt, wenn Sie eine der folgenden Nebenwirkungen haben: <b>R\u00fcckenschmerzen<\/b>, <b>\u00c4nderungen im H\u00f6r- oder Sehverm\u00f6gen<\/b>, wie z.B. <b>H\u00f6rverlust<\/b> oder <b>Ohrger\u00e4usche<\/b>, <b>Brustschmerzen<\/b> oder <b>Palpitationen<\/b>, <b>Atembeschwerden<\/b>, <b>Schwindel<\/b>, <b>Schwellung der Augenlider<\/b>, <b>Muskelschmerzen<\/b>, <b>prolongierte Erektion<\/b> (l\u00e4nger als 4 Stunden), <b>Hautausschlag<\/b>, <b>Juckreiz<\/b>, <b>Anf\u00e4lle<\/b>.<\/p>\n<h3><b>Arzneimittelwechselwirkungen<\/b><\/h3>\n<p>Informieren Sie Ihren Arzt, bevor Sie Levitra Soft einnehmen, wenn Sie folgende Medikamente verwenden: <b>Alpha-Blocker<\/b> wie <b>Alfuzosin<\/b>(UroXatral\u00ae), <b>Doxazosin<\/b> (Cardura\u00ae), <b>Prazosin<\/b> (Minipress\u00ae), <b>Tamsulosin<\/b> (Flomax\u00ae) oder <b>Terazosin<\/b> (Hytrin\u00ae), die zur Behandlung von <b>Bluthochdruck<\/b> oder einer <b>vergr\u00f6\u00dferten Prostata<\/b> verwendet werden, <b>Arsentrioxid<\/b>, <b>Bosentan<\/b>, bestimmte <b>Antibiotika<\/b> wie <b>Clarithromycin<\/b>, <b>Erythromycin<\/b>, <b>Sparfloxacin<\/b>, <b>Troleandomycin<\/b>, bestimmte Medikamente, die zur Behandlung von <b>Anf\u00e4llen<\/b> verwendet werden, wie <b>Carbamazepin<\/b>, <b>Phenytoin<\/b> und <b>Phenobarbital<\/b>, bestimmte Medikamente zur Behandlung von <b>HIV-Infektionen<\/b> oder <b>AIDS<\/b>, bestimmte Medikamente zur Kontrolle des <b>Herzrhythmus<\/b> (z.B. <b>Amiodaron<\/b>, <b>Disopyramid<\/b>, <b>Dofetilid<\/b>, <b>Flecainid<\/b>, <b>Ibutilid<\/b>, <b>Quinidin<\/b>, <b>Procainamid<\/b>, <b>Propafenon<\/b>, <b>Sotalol<\/b>), <b>Chloroquin<\/b>, <b>Cisaprid<\/b>, <b>Diltiazem<\/b>, <b>Grapefruitsaft<\/b>, Medikamente gegen <b>Pilzinfektionen<\/b> (<b>Fluconazol<\/b>, <b>Itraconazol<\/b>, <b>Ketoconazol<\/b>, <b>Voriconazol<\/b>), <b>Methadon<\/b>, <b>Nicardipin<\/b>, <b>Pentamidin<\/b>, <b>Pimozid<\/b>, <b>Rifabutin<\/b>, <b>Rifampin<\/b> oder <b>Rifapentin<\/b>, einige Medikamente zur Behandlung von <b>Depressionen<\/b> oder <b>Stimmungsproblemen<\/b> (<b>Amoxapin<\/b>, <b>Maprotilin<\/b>, <b>Fluoxetin<\/b>, <b>Fluvoxamin<\/b>, <b>Nefazodon<\/b>, <b>Pimozid<\/b>, <b>Phenothiazine<\/b>, <b>trizyklische Antidepressiva<\/b>), <b>Verapamil<\/b>.<\/p>\n<h3><b>Vergessene Dosis<\/b><\/h3>\n<p>Vers\u00e4umen Sie nicht die empfohlene Dosis, wenn Sie die gew\u00fcnschte Wirkung erzielen m\u00f6chten.<\/p>\n<h3><b>\u00dcberdosierung<\/b><\/h3>\n<p>Im Falle einer \u00dcberdosierung kontaktieren Sie sofort Ihren Arzt.<\/p>\n<h3><b>Aufbewahrung<\/b><\/h3>\n<p>Lagern Sie bei <b>Raumtemperatur<\/b> zwischen <b>15 und 30 Grad C<\/b> (59 und 86 Grad F). Verwenden Sie das Medikament nicht nach dem <b>Ablaufdatum<\/b>.<\/p>\n<\/div>\n","protected":false},"excerpt":{"rendered":"<div>Handelsname:\u00a0Levitra Soft Tabs<\/div>\n<div>Hauptbestandteil:\u00a0Vardenafil<\/div>\n<div>Anwendung:\u00a0Erektionsst\u00f6rungen<\/div>\n<div>\n<div><b>Produktionsform: <\/b>\u00a0Pillen<\/div>\n<div><b>Aktion beginnAktion beginnt:<\/b> innerhalb von 30-60 Minuten<\/div>\n<div><b>Wirksam: <\/b>f\u00fcr 5-7 Stunden<\/div>\n<\/div>\n<div>Verf\u00fcgbare Dosierung:\u00a020 mg<\/div>\n","protected":false},"featured_media":6303,"comment_status":"open","ping_status":"closed","template":"","meta":[],"product_cat":[35],"product_tag":[],"class_list":{"0":"post-6301","1":"product","2":"type-product","3":"status-publish","4":"has-post-thumbnail","6":"product_cat-mens-sexual-health","8":"first","9":"instock","10":"shipping-taxable","11":"product-type-grouped"},"yoast_head":"<!-- This site is optimized with the Yoast SEO plugin v20.0 - https:\/\/yoast.com\/wordpress\/plugins\/seo\/ -->\n<title>Objednejte Levitra Soft Tabs bez receptu za n\u00edzkou cenu | Eurorxdrugs<\/title>\n<meta name=\"description\" content=\"Kupte Levitra Soft Tabs nyn\u00ed! Origin\u00e1ln\u00ed l\u00e9ky a rychl\u00e9 doru\u010den\u00ed v cen\u011b. 100% diskr\u00e9tn\u00ed a d\u016fv\u011brn\u00fd servis pro v\u0161echny na\u0161e z\u00e1kazn\u00edky na Eurorxdrugs\" \/>\n<meta name=\"robots\" content=\"index, follow, max-snippet:-1, max-image-preview:large, max-video-preview:-1\" \/>\n<link rel=\"canonical\" href=\"https:\/\/eurorxdrugs.cc\/cs\/product\/levitra-soft-tabs\/\" \/>\n<meta property=\"og:locale\" content=\"cs_CZ\" \/>\n<meta property=\"og:type\" content=\"article\" \/>\n<meta property=\"og:title\" content=\"Objednejte Levitra Soft Tabs bez receptu za n\u00edzkou cenu | Eurorxdrugs\" \/>\n<meta property=\"og:description\" content=\"Kupte Levitra Soft Tabs nyn\u00ed! Origin\u00e1ln\u00ed l\u00e9ky a rychl\u00e9 doru\u010den\u00ed v cen\u011b. 100% diskr\u00e9tn\u00ed a d\u016fv\u011brn\u00fd servis pro v\u0161echny na\u0161e z\u00e1kazn\u00edky na Eurorxdrugs\" \/>\n<meta property=\"og:url\" content=\"https:\/\/eurorxdrugs.cc\/cs\/product\/levitra-soft-tabs\/\" \/>\n<meta property=\"og:site_name\" content=\"eurorxdrugs\" \/>\n<meta property=\"article:modified_time\" content=\"2024-11-02T07:05:04+00:00\" \/>\n<meta property=\"og:image\" content=\"https:\/\/eurorxdrugs.cc\/cs\/wp-content\/uploads\/2024\/11\/223-min.jpg\" \/>\n\t<meta property=\"og:image:width\" content=\"270\" \/>\n\t<meta property=\"og:image:height\" content=\"300\" \/>\n\t<meta property=\"og:image:type\" content=\"image\/jpeg\" \/>\n<meta name=\"twitter:card\" content=\"summary_large_image\" \/>\n<meta name=\"twitter:label1\" content=\"Odhadovan\u00e1 doba \u010dten\u00ed\" \/>\n\t<meta name=\"twitter:data1\" content=\"2 minuty\" \/>\n<script type=\"application\/ld+json\" class=\"yoast-schema-graph\">{\"@context\":\"https:\/\/schema.org\",\"@graph\":[{\"@type\":\"WebPage\",\"@id\":\"https:\/\/eurorxdrugs.cc\/cs\/product\/levitra-soft-tabs\/\",\"url\":\"https:\/\/eurorxdrugs.cc\/cs\/product\/levitra-soft-tabs\/\",\"name\":\"Objednejte Levitra Soft Tabs bez receptu za n\u00edzkou cenu | Eurorxdrugs\",\"isPartOf\":{\"@id\":\"https:\/\/eurorxdrugs.cc\/cs\/#website\"},\"datePublished\":\"2024-11-02T07:01:37+00:00\",\"dateModified\":\"2024-11-02T07:05:04+00:00\",\"description\":\"Kupte Levitra Soft Tabs nyn\u00ed! Origin\u00e1ln\u00ed l\u00e9ky a rychl\u00e9 doru\u010den\u00ed v cen\u011b. 100% diskr\u00e9tn\u00ed a d\u016fv\u011brn\u00fd servis pro v\u0161echny na\u0161e z\u00e1kazn\u00edky na Eurorxdrugs\",\"breadcrumb\":{\"@id\":\"https:\/\/eurorxdrugs.cc\/cs\/product\/levitra-soft-tabs\/#breadcrumb\"},\"inLanguage\":\"cs\",\"potentialAction\":[{\"@type\":\"ReadAction\",\"target\":[\"https:\/\/eurorxdrugs.cc\/cs\/product\/levitra-soft-tabs\/\"]}]},{\"@type\":\"BreadcrumbList\",\"@id\":\"https:\/\/eurorxdrugs.cc\/cs\/product\/levitra-soft-tabs\/#breadcrumb\",\"itemListElement\":[{\"@type\":\"ListItem\",\"position\":1,\"name\":\"Home\",\"item\":\"https:\/\/eurorxdrugs.cc\/cs\/\"},{\"@type\":\"ListItem\",\"position\":2,\"name\":\"Products\",\"item\":\"https:\/\/eurorxdrugs.cc\/cs\/shop\/\"},{\"@type\":\"ListItem\",\"position\":3,\"name\":\"Levitra Soft Tabs\"}]},{\"@type\":\"WebSite\",\"@id\":\"https:\/\/eurorxdrugs.cc\/cs\/#website\",\"url\":\"https:\/\/eurorxdrugs.cc\/cs\/\",\"name\":\"eurorxdrugs\",\"description\":\"\",\"publisher\":{\"@id\":\"https:\/\/eurorxdrugs.cc\/cs\/#organization\"},\"potentialAction\":[{\"@type\":\"SearchAction\",\"target\":{\"@type\":\"EntryPoint\",\"urlTemplate\":\"https:\/\/eurorxdrugs.cc\/cs\/?s={search_term_string}\"},\"query-input\":\"required name=search_term_string\"}],\"inLanguage\":\"cs\"},{\"@type\":\"Organization\",\"@id\":\"https:\/\/eurorxdrugs.cc\/cs\/#organization\",\"name\":\"eurorxdrugs\",\"url\":\"https:\/\/eurorxdrugs.cc\/cs\/\",\"logo\":{\"@type\":\"ImageObject\",\"inLanguage\":\"cs\",\"@id\":\"https:\/\/eurorxdrugs.cc\/cs\/#\/schema\/logo\/image\/\",\"url\":\"https:\/\/eurorxdrugs.cc\/cs\/wp-content\/uploads\/2024\/09\/logo-1-1.png\",\"contentUrl\":\"https:\/\/eurorxdrugs.cc\/cs\/wp-content\/uploads\/2024\/09\/logo-1-1.png\",\"width\":233,\"height\":54,\"caption\":\"eurorxdrugs\"},\"image\":{\"@id\":\"https:\/\/eurorxdrugs.cc\/cs\/#\/schema\/logo\/image\/\"}}]}<\/script>\n<!-- \/ Yoast SEO plugin. -->","yoast_head_json":{"title":"Objednejte Levitra Soft Tabs bez receptu za n\u00edzkou cenu | Eurorxdrugs","description":"Kupte Levitra Soft Tabs nyn\u00ed! Origin\u00e1ln\u00ed l\u00e9ky a rychl\u00e9 doru\u010den\u00ed v cen\u011b. 100% diskr\u00e9tn\u00ed a d\u016fv\u011brn\u00fd servis pro v\u0161echny na\u0161e z\u00e1kazn\u00edky na Eurorxdrugs","robots":{"index":"index","follow":"follow","max-snippet":"max-snippet:-1","max-image-preview":"max-image-preview:large","max-video-preview":"max-video-preview:-1"},"canonical":"https:\/\/eurorxdrugs.cc\/cs\/product\/levitra-soft-tabs\/","og_locale":"cs_CZ","og_type":"article","og_title":"Objednejte Levitra Soft Tabs bez receptu za n\u00edzkou cenu | Eurorxdrugs","og_description":"Kupte Levitra Soft Tabs nyn\u00ed! Origin\u00e1ln\u00ed l\u00e9ky a rychl\u00e9 doru\u010den\u00ed v cen\u011b. 100% diskr\u00e9tn\u00ed a d\u016fv\u011brn\u00fd servis pro v\u0161echny na\u0161e z\u00e1kazn\u00edky na Eurorxdrugs","og_url":"https:\/\/eurorxdrugs.cc\/cs\/product\/levitra-soft-tabs\/","og_site_name":"eurorxdrugs","article_modified_time":"2024-11-02T07:05:04+00:00","og_image":[{"width":270,"height":300,"url":"https:\/\/eurorxdrugs.cc\/cs\/wp-content\/uploads\/2024\/11\/223-min.jpg","type":"image\/jpeg"}],"twitter_card":"summary_large_image","twitter_misc":{"Odhadovan\u00e1 doba \u010dten\u00ed":"2 minuty"},"schema":{"@context":"https:\/\/schema.org","@graph":[{"@type":"WebPage","@id":"https:\/\/eurorxdrugs.cc\/cs\/product\/levitra-soft-tabs\/","url":"https:\/\/eurorxdrugs.cc\/cs\/product\/levitra-soft-tabs\/","name":"Objednejte Levitra Soft Tabs bez receptu za n\u00edzkou cenu | Eurorxdrugs","isPartOf":{"@id":"https:\/\/eurorxdrugs.cc\/cs\/#website"},"datePublished":"2024-11-02T07:01:37+00:00","dateModified":"2024-11-02T07:05:04+00:00","description":"Kupte Levitra Soft Tabs nyn\u00ed! Origin\u00e1ln\u00ed l\u00e9ky a rychl\u00e9 doru\u010den\u00ed v cen\u011b. 100% diskr\u00e9tn\u00ed a d\u016fv\u011brn\u00fd servis pro v\u0161echny na\u0161e z\u00e1kazn\u00edky na Eurorxdrugs","breadcrumb":{"@id":"https:\/\/eurorxdrugs.cc\/cs\/product\/levitra-soft-tabs\/#breadcrumb"},"inLanguage":"cs","potentialAction":[{"@type":"ReadAction","target":["https:\/\/eurorxdrugs.cc\/cs\/product\/levitra-soft-tabs\/"]}]},{"@type":"BreadcrumbList","@id":"https:\/\/eurorxdrugs.cc\/cs\/product\/levitra-soft-tabs\/#breadcrumb","itemListElement":[{"@type":"ListItem","position":1,"name":"Home","item":"https:\/\/eurorxdrugs.cc\/cs\/"},{"@type":"ListItem","position":2,"name":"Products","item":"https:\/\/eurorxdrugs.cc\/cs\/shop\/"},{"@type":"ListItem","position":3,"name":"Levitra Soft Tabs"}]},{"@type":"WebSite","@id":"https:\/\/eurorxdrugs.cc\/cs\/#website","url":"https:\/\/eurorxdrugs.cc\/cs\/","name":"eurorxdrugs","description":"","publisher":{"@id":"https:\/\/eurorxdrugs.cc\/cs\/#organization"},"potentialAction":[{"@type":"SearchAction","target":{"@type":"EntryPoint","urlTemplate":"https:\/\/eurorxdrugs.cc\/cs\/?s={search_term_string}"},"query-input":"required name=search_term_string"}],"inLanguage":"cs"},{"@type":"Organization","@id":"https:\/\/eurorxdrugs.cc\/cs\/#organization","name":"eurorxdrugs","url":"https:\/\/eurorxdrugs.cc\/cs\/","logo":{"@type":"ImageObject","inLanguage":"cs","@id":"https:\/\/eurorxdrugs.cc\/cs\/#\/schema\/logo\/image\/","url":"https:\/\/eurorxdrugs.cc\/cs\/wp-content\/uploads\/2024\/09\/logo-1-1.png","contentUrl":"https:\/\/eurorxdrugs.cc\/cs\/wp-content\/uploads\/2024\/09\/logo-1-1.png","width":233,"height":54,"caption":"eurorxdrugs"},"image":{"@id":"https:\/\/eurorxdrugs.cc\/cs\/#\/schema\/logo\/image\/"}}]}},"_links":{"self":[{"href":"https:\/\/eurorxdrugs.cc\/cs\/wp-json\/wp\/v2\/product\/6301","targetHints":{"allow":["GET"]}}],"collection":[{"href":"https:\/\/eurorxdrugs.cc\/cs\/wp-json\/wp\/v2\/product"}],"about":[{"href":"https:\/\/eurorxdrugs.cc\/cs\/wp-json\/wp\/v2\/types\/product"}],"replies":[{"embeddable":true,"href":"https:\/\/eurorxdrugs.cc\/cs\/wp-json\/wp\/v2\/comments?post=6301"}],"wp:featuredmedia":[{"embeddable":true,"href":"https:\/\/eurorxdrugs.cc\/cs\/wp-json\/wp\/v2\/media\/6303"}],"wp:attachment":[{"href":"https:\/\/eurorxdrugs.cc\/cs\/wp-json\/wp\/v2\/media?parent=6301"}],"wp:term":[{"taxonomy":"product_cat","embeddable":true,"href":"https:\/\/eurorxdrugs.cc\/cs\/wp-json\/wp\/v2\/product_cat?post=6301"},{"taxonomy":"product_tag","embeddable":true,"href":"https:\/\/eurorxdrugs.cc\/cs\/wp-json\/wp\/v2\/product_tag?post=6301"}],"curies":[{"name":"wp","href":"https:\/\/api.w.org\/{rel}","templated":true}]}}