{"id":6315,"date":"2024-11-02T07:06:49","date_gmt":"2024-11-02T07:06:49","guid":{"rendered":"https:\/\/eurorxdrugs.cc\/cs\/?post_type=product&#038;p=6315"},"modified":"2024-11-02T07:11:57","modified_gmt":"2024-11-02T07:11:57","slug":"viagra-strips","status":"publish","type":"product","link":"https:\/\/eurorxdrugs.cc\/cs\/product\/viagra-strips\/","title":{"rendered":"Viagra Strips"},"content":{"rendered":"<div class=\"pro-description_name\">Beschreibung<\/div>\n<div class=\"pro-description_content\">\n<h3><b>Verwendung und Informationen<\/b><\/h3>\n<p><b>H\u00e4ufige Anwendung<\/b><br \/>\nEs handelt sich um ein Medikament zur Behandlung von erektiler Dysfunktion und pulmonaler arterieller Hypertonie. Die Anwendung dieses Medikaments bei Frauen ist noch nicht vollst\u00e4ndig bekannt. Mit den gleichen Eigenschaften wie Viagra ist es ein Generikum, was bedeutet, dass es ohne Rezept verwendet werden kann. Sehr stark und hochwirksam, wird dieses Medikament Sie unterst\u00fctzen und die besten Ergebnisse liefern, die erwartet werden.<\/p>\n<h3><b>Dosierung und Anwendung<\/b><\/h3>\n<p>Viagra Strips wird von M\u00e4nnern mit Erektionsproblemen (Impotenz) verwendet, und die Dosierung h\u00e4ngt von den Bed\u00fcrfnissen des Anwenders ab. Wenn ein Benutzer seine Erektion nicht lange genug halten kann, um sexuelle Interaktionen zu erleben, sollte er Viagra Strips verwenden. Es ist sehr wichtig, dass der Benutzer nicht mehr als die ben\u00f6tigte Menge einnimmt. Die empfohlene Dosis von Viagra Strips betr\u00e4gt normalerweise 50 mg, abh\u00e4ngig vom Bedarf und sollte eine Stunde im Voraus eingenommen werden. Wenn es w\u00e4hrend der Mahlzeiten eingenommen wird, kann die Wirkung etwas langsamer einsetzen. F\u00fcr maximale Wirkung wird empfohlen, es mit sexueller Stimulation zu kombinieren.<\/p>\n<h3><b>Vorsichtsma\u00dfnahmen<\/b><\/h3>\n<p><b>Vor der Anwendung von Viagra Strips<\/b> sollten Sie sicherstellen, dass Sie tats\u00e4chlich ein Erektionsproblem haben, und einen Arzt aufsuchen, um eine genaue Diagnose zu erhalten. Es ist verboten, Alkohol und andere starke Getr\u00e4nke in Kombination mit Viagra Strips zu konsumieren, und die Dosierung sollte immer sorgf\u00e4ltig beachtet werden. Stellen Sie sicher, dass Sie nicht allergisch gegen die Zusammensetzung des Medikaments sind, und lesen Sie immer die Anweisungen vor der Anwendung dieses Medikaments. Es ist wichtig, es mit Sorgfalt und Verantwortung zu verwenden und niemals mehr als n\u00f6tig w\u00e4hrend eines sexuellen Aktes zu verwenden.<\/p>\n<h3><b>Gegenanzeigen<\/b><\/h3>\n<p><b>Viagra Strips<\/b> oder andere \u00e4hnliche Medikamente sind strengstens verboten f\u00fcr Personen, die an \u00dcberempfindlichkeit gegen\u00fcber Viagra Strips oder einem seiner Bestandteile leiden, oder f\u00fcr M\u00e4nner, denen von ihrem Arzt verboten wurde, Sex zu haben (z.B. M\u00e4nner mit kritischen Herzerkrankungen). Das Gleiche gilt f\u00fcr M\u00e4nner, die an schweren Augenproblemen leiden, die durch den hohen Blutfluss in ihren Sehnerven verursacht werden. Da Viagra Strips nicht an Patienten mit schweren Leberproblemen und verwandten Erkrankungen getestet wurde, wird die Einnahme f\u00fcr diese Personen nicht empfohlen.<\/p>\n<h3><b>Nebenwirkungen<\/b><\/h3>\n<p>Die h\u00e4ufigste Nebenwirkung von Viagra Strips, die nicht mehr als 1 von 10 Patienten betrifft, sind Kopfschmerzen. F\u00fcr eine vollst\u00e4ndige Liste der Nebenwirkungen ist es am besten, einen Apotheker zu konsultieren. Die bekannten Nebenwirkungen sind im Vergleich zu typischem Viagra minimal. Sie k\u00f6nnen leichte Kopfschmerzen oder ein geringes Ersch\u00f6pfungsgef\u00fchl nach dem Nachlassen der Wirkung erleben. Insgesamt ist Viagra Strips f\u00fcr seine hohe Erfolgsquote bei Anwendern bekannt.<\/p>\n<h3><b>Arzneimittelwechselwirkungen<\/b><\/h3>\n<p>Es gibt einige Medikamente (z.B. Adempas, Amoxicillin, Biaxin), die mit Viagra Strips interagieren, aber keine von ihnen sind bekannt, um sch\u00e4dliche Reaktionen hervorzurufen. Viagra Strips interagiert mit anderen Medikamenten mit minimalen Effekten. Alkohol ist jedoch strikt verboten in Kombination mit Viagra Strips, da dies zu schwerwiegenden Problemen mit dem Blutfluss f\u00fchren kann. Sildenafil kann den Blutdruck senken, und die Kombination mit Ethanol kann diesen Effekt weiter verst\u00e4rken.<\/p>\n<h3><b>Vergessene Dosis<\/b><\/h3>\n<p>Als Generikum, das kein Rezept erfordert, hat Viagra Strips keine t\u00e4glichen Dosierungsbeschr\u00e4nkungen, sollte jedoch nur nach Bedarf und nicht mehr als einmal t\u00e4glich eingenommen werden. Eine vergessene Dosis ist nicht anwendbar, da dieses Medikament keine Behandlung, sondern ein Arzneimittel ist, das \u00fcber einen begrenzten Zeitraum wirkt und die Probleme des Patienten schnell, aber vor\u00fcbergehend l\u00f6st.<\/p>\n<h3><b>Aufbewahrung<\/b><\/h3>\n<p><b>Viagra Strips<\/b> sollte an einem k\u00fchlen, trockenen Ort, fern von Wasser oder Feuchtigkeit aufbewahrt werden. Es sollte auch au\u00dferhalb der Reichweite von Kindern und Tieren aufbewahrt werden. Die Lagertemperatur \u00e4hnelt der von den meisten kommerziellen Arzneimitteln, daher ist besondere Aufmerksamkeit auf die Lagerbedingungen erforderlich, um eine ordnungsgem\u00e4\u00dfe Konservierung sicherzustellen.<\/p>\n<\/div>\n","protected":false},"excerpt":{"rendered":"<div>Handelsname:\u00a0Viagra Strips<\/div>\n<div>Hauptbestandteil:\u00a0Sildenafil<\/div>\n<div>\n<div>Anwendung:\u00a0Erektionsst\u00f6rungen<\/div>\n<div>\n<div>\n<div><b>Aktion beginnt: <\/b>innerhalb von 30-60 Minuten<\/div>\n<div><b>Wirksam:<\/b> f\u00fcr 6 Stunden<\/div>\n<\/div>\n<\/div>\n<\/div>\n<div>Verf\u00fcgbare Dosierung:\u00a0100mg<\/div>\n","protected":false},"featured_media":6316,"comment_status":"open","ping_status":"closed","template":"","meta":[],"product_cat":[35],"product_tag":[],"class_list":{"0":"post-6315","1":"product","2":"type-product","3":"status-publish","4":"has-post-thumbnail","6":"product_cat-mens-sexual-health","8":"first","9":"instock","10":"shipping-taxable","11":"product-type-grouped"},"yoast_head":"<!-- This site is optimized with the Yoast SEO plugin v20.0 - https:\/\/yoast.com\/wordpress\/plugins\/seo\/ -->\n<title>Objednejte Viagra Strips bez receptu za n\u00edzkou cenu | Eurorxdrugs<\/title>\n<meta name=\"description\" content=\"Kupte Viagra Strips nyn\u00ed! Origin\u00e1ln\u00ed l\u00e9ky a rychl\u00e9 doru\u010den\u00ed v cen\u011b. 100% diskr\u00e9tn\u00ed a d\u016fv\u011brn\u00fd servis pro v\u0161echny na\u0161e z\u00e1kazn\u00edky na Eurorxdrugs\" \/>\n<meta name=\"robots\" content=\"index, follow, max-snippet:-1, max-image-preview:large, max-video-preview:-1\" \/>\n<link rel=\"canonical\" href=\"https:\/\/eurorxdrugs.cc\/cs\/product\/viagra-strips\/\" \/>\n<meta property=\"og:locale\" content=\"cs_CZ\" \/>\n<meta property=\"og:type\" content=\"article\" \/>\n<meta property=\"og:title\" content=\"Objednejte Viagra Strips bez receptu za n\u00edzkou cenu | Eurorxdrugs\" \/>\n<meta property=\"og:description\" content=\"Kupte Viagra Strips nyn\u00ed! Origin\u00e1ln\u00ed l\u00e9ky a rychl\u00e9 doru\u010den\u00ed v cen\u011b. 100% diskr\u00e9tn\u00ed a d\u016fv\u011brn\u00fd servis pro v\u0161echny na\u0161e z\u00e1kazn\u00edky na Eurorxdrugs\" \/>\n<meta property=\"og:url\" content=\"https:\/\/eurorxdrugs.cc\/cs\/product\/viagra-strips\/\" \/>\n<meta property=\"og:site_name\" content=\"eurorxdrugs\" \/>\n<meta property=\"article:modified_time\" content=\"2024-11-02T07:11:57+00:00\" \/>\n<meta property=\"og:image\" content=\"https:\/\/eurorxdrugs.cc\/cs\/wp-content\/uploads\/2024\/11\/313-min.jpg\" \/>\n\t<meta property=\"og:image:width\" content=\"270\" \/>\n\t<meta property=\"og:image:height\" content=\"300\" \/>\n\t<meta property=\"og:image:type\" content=\"image\/jpeg\" \/>\n<meta name=\"twitter:card\" content=\"summary_large_image\" \/>\n<meta name=\"twitter:label1\" content=\"Odhadovan\u00e1 doba \u010dten\u00ed\" \/>\n\t<meta name=\"twitter:data1\" content=\"3 minuty\" \/>\n<script type=\"application\/ld+json\" class=\"yoast-schema-graph\">{\"@context\":\"https:\/\/schema.org\",\"@graph\":[{\"@type\":\"WebPage\",\"@id\":\"https:\/\/eurorxdrugs.cc\/cs\/product\/viagra-strips\/\",\"url\":\"https:\/\/eurorxdrugs.cc\/cs\/product\/viagra-strips\/\",\"name\":\"Objednejte Viagra Strips bez receptu za n\u00edzkou cenu | Eurorxdrugs\",\"isPartOf\":{\"@id\":\"https:\/\/eurorxdrugs.cc\/cs\/#website\"},\"datePublished\":\"2024-11-02T07:06:49+00:00\",\"dateModified\":\"2024-11-02T07:11:57+00:00\",\"description\":\"Kupte Viagra Strips nyn\u00ed! Origin\u00e1ln\u00ed l\u00e9ky a rychl\u00e9 doru\u010den\u00ed v cen\u011b. 100% diskr\u00e9tn\u00ed a d\u016fv\u011brn\u00fd servis pro v\u0161echny na\u0161e z\u00e1kazn\u00edky na Eurorxdrugs\",\"breadcrumb\":{\"@id\":\"https:\/\/eurorxdrugs.cc\/cs\/product\/viagra-strips\/#breadcrumb\"},\"inLanguage\":\"cs\",\"potentialAction\":[{\"@type\":\"ReadAction\",\"target\":[\"https:\/\/eurorxdrugs.cc\/cs\/product\/viagra-strips\/\"]}]},{\"@type\":\"BreadcrumbList\",\"@id\":\"https:\/\/eurorxdrugs.cc\/cs\/product\/viagra-strips\/#breadcrumb\",\"itemListElement\":[{\"@type\":\"ListItem\",\"position\":1,\"name\":\"Home\",\"item\":\"https:\/\/eurorxdrugs.cc\/cs\/\"},{\"@type\":\"ListItem\",\"position\":2,\"name\":\"Products\",\"item\":\"https:\/\/eurorxdrugs.cc\/cs\/shop\/\"},{\"@type\":\"ListItem\",\"position\":3,\"name\":\"Viagra Strips\"}]},{\"@type\":\"WebSite\",\"@id\":\"https:\/\/eurorxdrugs.cc\/cs\/#website\",\"url\":\"https:\/\/eurorxdrugs.cc\/cs\/\",\"name\":\"eurorxdrugs\",\"description\":\"\",\"publisher\":{\"@id\":\"https:\/\/eurorxdrugs.cc\/cs\/#organization\"},\"potentialAction\":[{\"@type\":\"SearchAction\",\"target\":{\"@type\":\"EntryPoint\",\"urlTemplate\":\"https:\/\/eurorxdrugs.cc\/cs\/?s={search_term_string}\"},\"query-input\":\"required name=search_term_string\"}],\"inLanguage\":\"cs\"},{\"@type\":\"Organization\",\"@id\":\"https:\/\/eurorxdrugs.cc\/cs\/#organization\",\"name\":\"eurorxdrugs\",\"url\":\"https:\/\/eurorxdrugs.cc\/cs\/\",\"logo\":{\"@type\":\"ImageObject\",\"inLanguage\":\"cs\",\"@id\":\"https:\/\/eurorxdrugs.cc\/cs\/#\/schema\/logo\/image\/\",\"url\":\"https:\/\/eurorxdrugs.cc\/cs\/wp-content\/uploads\/2024\/09\/logo-1-1.png\",\"contentUrl\":\"https:\/\/eurorxdrugs.cc\/cs\/wp-content\/uploads\/2024\/09\/logo-1-1.png\",\"width\":233,\"height\":54,\"caption\":\"eurorxdrugs\"},\"image\":{\"@id\":\"https:\/\/eurorxdrugs.cc\/cs\/#\/schema\/logo\/image\/\"}}]}<\/script>\n<!-- \/ Yoast SEO plugin. -->","yoast_head_json":{"title":"Objednejte Viagra Strips bez receptu za n\u00edzkou cenu | Eurorxdrugs","description":"Kupte Viagra Strips nyn\u00ed! Origin\u00e1ln\u00ed l\u00e9ky a rychl\u00e9 doru\u010den\u00ed v cen\u011b. 100% diskr\u00e9tn\u00ed a d\u016fv\u011brn\u00fd servis pro v\u0161echny na\u0161e z\u00e1kazn\u00edky na Eurorxdrugs","robots":{"index":"index","follow":"follow","max-snippet":"max-snippet:-1","max-image-preview":"max-image-preview:large","max-video-preview":"max-video-preview:-1"},"canonical":"https:\/\/eurorxdrugs.cc\/cs\/product\/viagra-strips\/","og_locale":"cs_CZ","og_type":"article","og_title":"Objednejte Viagra Strips bez receptu za n\u00edzkou cenu | Eurorxdrugs","og_description":"Kupte Viagra Strips nyn\u00ed! Origin\u00e1ln\u00ed l\u00e9ky a rychl\u00e9 doru\u010den\u00ed v cen\u011b. 100% diskr\u00e9tn\u00ed a d\u016fv\u011brn\u00fd servis pro v\u0161echny na\u0161e z\u00e1kazn\u00edky na Eurorxdrugs","og_url":"https:\/\/eurorxdrugs.cc\/cs\/product\/viagra-strips\/","og_site_name":"eurorxdrugs","article_modified_time":"2024-11-02T07:11:57+00:00","og_image":[{"width":270,"height":300,"url":"https:\/\/eurorxdrugs.cc\/cs\/wp-content\/uploads\/2024\/11\/313-min.jpg","type":"image\/jpeg"}],"twitter_card":"summary_large_image","twitter_misc":{"Odhadovan\u00e1 doba \u010dten\u00ed":"3 minuty"},"schema":{"@context":"https:\/\/schema.org","@graph":[{"@type":"WebPage","@id":"https:\/\/eurorxdrugs.cc\/cs\/product\/viagra-strips\/","url":"https:\/\/eurorxdrugs.cc\/cs\/product\/viagra-strips\/","name":"Objednejte Viagra Strips bez receptu za n\u00edzkou cenu | Eurorxdrugs","isPartOf":{"@id":"https:\/\/eurorxdrugs.cc\/cs\/#website"},"datePublished":"2024-11-02T07:06:49+00:00","dateModified":"2024-11-02T07:11:57+00:00","description":"Kupte Viagra Strips nyn\u00ed! Origin\u00e1ln\u00ed l\u00e9ky a rychl\u00e9 doru\u010den\u00ed v cen\u011b. 100% diskr\u00e9tn\u00ed a d\u016fv\u011brn\u00fd servis pro v\u0161echny na\u0161e z\u00e1kazn\u00edky na Eurorxdrugs","breadcrumb":{"@id":"https:\/\/eurorxdrugs.cc\/cs\/product\/viagra-strips\/#breadcrumb"},"inLanguage":"cs","potentialAction":[{"@type":"ReadAction","target":["https:\/\/eurorxdrugs.cc\/cs\/product\/viagra-strips\/"]}]},{"@type":"BreadcrumbList","@id":"https:\/\/eurorxdrugs.cc\/cs\/product\/viagra-strips\/#breadcrumb","itemListElement":[{"@type":"ListItem","position":1,"name":"Home","item":"https:\/\/eurorxdrugs.cc\/cs\/"},{"@type":"ListItem","position":2,"name":"Products","item":"https:\/\/eurorxdrugs.cc\/cs\/shop\/"},{"@type":"ListItem","position":3,"name":"Viagra Strips"}]},{"@type":"WebSite","@id":"https:\/\/eurorxdrugs.cc\/cs\/#website","url":"https:\/\/eurorxdrugs.cc\/cs\/","name":"eurorxdrugs","description":"","publisher":{"@id":"https:\/\/eurorxdrugs.cc\/cs\/#organization"},"potentialAction":[{"@type":"SearchAction","target":{"@type":"EntryPoint","urlTemplate":"https:\/\/eurorxdrugs.cc\/cs\/?s={search_term_string}"},"query-input":"required name=search_term_string"}],"inLanguage":"cs"},{"@type":"Organization","@id":"https:\/\/eurorxdrugs.cc\/cs\/#organization","name":"eurorxdrugs","url":"https:\/\/eurorxdrugs.cc\/cs\/","logo":{"@type":"ImageObject","inLanguage":"cs","@id":"https:\/\/eurorxdrugs.cc\/cs\/#\/schema\/logo\/image\/","url":"https:\/\/eurorxdrugs.cc\/cs\/wp-content\/uploads\/2024\/09\/logo-1-1.png","contentUrl":"https:\/\/eurorxdrugs.cc\/cs\/wp-content\/uploads\/2024\/09\/logo-1-1.png","width":233,"height":54,"caption":"eurorxdrugs"},"image":{"@id":"https:\/\/eurorxdrugs.cc\/cs\/#\/schema\/logo\/image\/"}}]}},"_links":{"self":[{"href":"https:\/\/eurorxdrugs.cc\/cs\/wp-json\/wp\/v2\/product\/6315","targetHints":{"allow":["GET"]}}],"collection":[{"href":"https:\/\/eurorxdrugs.cc\/cs\/wp-json\/wp\/v2\/product"}],"about":[{"href":"https:\/\/eurorxdrugs.cc\/cs\/wp-json\/wp\/v2\/types\/product"}],"replies":[{"embeddable":true,"href":"https:\/\/eurorxdrugs.cc\/cs\/wp-json\/wp\/v2\/comments?post=6315"}],"wp:featuredmedia":[{"embeddable":true,"href":"https:\/\/eurorxdrugs.cc\/cs\/wp-json\/wp\/v2\/media\/6316"}],"wp:attachment":[{"href":"https:\/\/eurorxdrugs.cc\/cs\/wp-json\/wp\/v2\/media?parent=6315"}],"wp:term":[{"taxonomy":"product_cat","embeddable":true,"href":"https:\/\/eurorxdrugs.cc\/cs\/wp-json\/wp\/v2\/product_cat?post=6315"},{"taxonomy":"product_tag","embeddable":true,"href":"https:\/\/eurorxdrugs.cc\/cs\/wp-json\/wp\/v2\/product_tag?post=6315"}],"curies":[{"name":"wp","href":"https:\/\/api.w.org\/{rel}","templated":true}]}}