{"id":6327,"date":"2024-11-02T07:14:39","date_gmt":"2024-11-02T07:14:39","guid":{"rendered":"https:\/\/eurorxdrugs.cc\/cs\/?post_type=product&#038;p=6327"},"modified":"2024-11-02T07:18:07","modified_gmt":"2024-11-02T07:18:07","slug":"super-avana-2","status":"publish","type":"product","link":"https:\/\/eurorxdrugs.cc\/cs\/product\/super-avana-2\/","title":{"rendered":"Super Avana"},"content":{"rendered":"<div class=\"pro-description_name\">Beschreibung<\/div>\n<div class=\"pro-description_content\">\n<h3><b>Allgemeine Verwendung<\/b><\/h3>\n<p><b>Super Avana<\/b> Tabletten bestehen aus <b>Avanafil<\/b> und <b>Dapoxetin<\/b>, Komponenten, die M\u00e4nnern helfen, den Geschlechtsverkehr zu verl\u00e4ngern und eine Erektion \u00fcber einen l\u00e4ngeren Zeitraum aufrechtzuerhalten. Sie werden auch eingesetzt, um die negativen Auswirkungen von vorzeitiger Ejakulation zu behandeln. Dieses Medikament erm\u00f6glicht es Ihnen, Ihre sexuelle Erregung zu kontrollieren und wird verschrieben, um sexuelle Impotenz zu beseitigen.<\/p>\n<h3><b>Dosierung und Anwendung<\/b><\/h3>\n<p>Erwachsene sollten nur <b>eine Pille<\/b> vor dem geplanten Geschlechtsverkehr einnehmen. Die aktiven Komponenten des Medikaments werden innerhalb der n\u00e4chsten <b>30 Minuten<\/b> Wirkung zeigen. Die Dauer und Wirksamkeit des Medikaments k\u00f6nnen je nach individuellen Eigenschaften der Person variieren. Sie sollten nicht mehr als <b>eine Pille<\/b> pro Tag einnehmen.<\/p>\n<h3><b>Vorsichtsma\u00dfnahmen<\/b><\/h3>\n<p>Es wird empfohlen, vor der Einnahme von Super Avana Tabletten Ihren Arzt zu konsultieren. Sie sollten auf <b>Allergien<\/b> \u00fcberpr\u00fcfen, bevor Sie mit der Behandlung beginnen. Eine Kopfschmerz oder schwere Schwindelgef\u00fchle k\u00f6nnen auftreten, wenn das Medikament zusammen mit Alkohol eingenommen wird; daher sollten Sie alkoholische Getr\u00e4nke vermeiden. <b>Grapefruitsaft<\/b> sollte ebenfalls vermieden werden, da er bestimmte Nebenwirkungen verst\u00e4rken kann.<\/p>\n<h3><b>Gegenanzeigen<\/b><\/h3>\n<p>Es ist untersagt, Super Avana Tabletten von Personen unter <b>18 Jahren<\/b> zu verwenden. Jegliche <b>Leberfunktionsst\u00f6rungen<\/b> gelten als strenge Gegenanzeigen. Personen mit <b>Herzinsuffizienz<\/b>, Problemen mit einem Herzschrittmacher oder anderen isch\u00e4mischen Erkrankungen sollten dieses Medikament nicht verwenden. Es ist wichtig, Ihren Arzt zu konsultieren, um weitere individuelle Gegenanzeigen zu ermitteln.<\/p>\n<h3><b>m\u00f6gliche Nebenwirkungen<\/b><\/h3>\n<p>Seien Sie sich bewusst, dass schwerwiegende Nebenwirkungen Sie veranlassen sollten, professionelle medizinische Hilfe in Anspruch zu nehmen. M\u00f6gliche negative Nebenwirkungen k\u00f6nnen umfassen:<\/p>\n<ul>\n<li><b>Verl\u00e4ngerte oder schmerzhafte Erektion<\/b><\/li>\n<li><b>Allergische Reaktionen<\/b><\/li>\n<li><b>Pl\u00f6tzlicher Verlust des Sehverm\u00f6gens<\/b><\/li>\n<li><b>Augen- oder Ohrenprobleme<\/b><\/li>\n<li><b>Brustschmerzen<\/b> und <b>Atemnot<\/b><\/li>\n<li><b>Schwellungen der H\u00e4nde<\/b> und <b>Beine<\/b><\/li>\n<li><b>Unregelm\u00e4\u00dfiger Herzschlag<\/b><\/li>\n<\/ul>\n<h3><b>Arzneimittelwechselwirkungen<\/b><\/h3>\n<p><b>Organische Nitrate<\/b> k\u00f6nnen mit den aktiven Komponenten von Super Avana interagieren und zu Hypotonie sowie potenziell lebensbedrohlichen Auswirkungen f\u00fchren. Vermeiden Sie <b>Alpha-Blocker<\/b>, da sie ebenfalls den Blutdruck senken k\u00f6nnen. Alkohol kann sch\u00e4dlich sein, wenn er mit einigen Inhaltsstoffen des Medikaments interagiert. <b>Erythromycin<\/b> und <b>Ketoconazol<\/b> sollten w\u00e4hrend der Therapie mit Super Avana nicht eingenommen werden.<\/p>\n<h3><b>Vergessene Dosis<\/b><\/h3>\n<p>Denken Sie daran, dass Super Avana Tabletten (100\/60 mg Avanafil mit Dapoxetin) <b>30 Minuten<\/b> vor der sexuellen Aktivit\u00e4t eingenommen werden. Wenn Sie eine Dosis vergessen haben, versuchen Sie nicht, dies durch die Einnahme einer zus\u00e4tzlichen Pille auszugleichen. Lassen Sie die vergessene Dosis aus und nehmen Sie das Medikament wie von Ihrem Arzt verschrieben ein.<\/p>\n<h3><b>\u00dcberdosierung<\/b><\/h3>\n<p>Eine \u00dcberdosierung von Avanafil und Dapoxetin ist durch schwerwiegende Nebenwirkungen gekennzeichnet, die lebensbedrohliche Zust\u00e4nde hervorrufen k\u00f6nnen. Verl\u00e4ngerte Erektionen k\u00f6nnen zu Sch\u00e4den am Penisgewebe f\u00fchren. Daher m\u00fcssen Sie sofort medizinische Hilfe in Anspruch nehmen, wenn Sie mehr als <b>eine Pille<\/b> an einem Tag eingenommen haben.<\/p>\n<h3><b>Aufbewahrung<\/b><\/h3>\n<p>Super Avana Tabletten m\u00fcssen bei einer durchschnittlichen Temperatur zwischen <b>20 und 25 \u00b0C<\/b> aufbewahrt werden. Lagern Sie sie nicht in Bereichen, die direkter Sonneneinstrahlung oder Feuchtigkeit ausgesetzt sind.<\/p>\n<\/div>\n","protected":false},"excerpt":{"rendered":"<div>Handelsname:\u00a0\u00a0Super Avana<\/div>\n<div>Hauptbestandteil:\u00a0Avanafil<\/div>\n<div>Produktionsform:\u00a0Pillen<\/div>\n<div>Verwendung:\u00a0Lindert: Behandelt erektile Dysfunktion<\/div>\n<div>\n<div>Aktion beginnt: innerhalb von 10-15 Minuten<\/div>\n<div>Wirksam: f\u00fcr 3-4 Stunden<\/div>\n<\/div>\n<div>Verf\u00fcgbare Dosierung:\u00a0160 mg<\/div>\n","protected":false},"featured_media":6328,"comment_status":"open","ping_status":"closed","template":"","meta":[],"product_cat":[35],"product_tag":[],"class_list":{"0":"post-6327","1":"product","2":"type-product","3":"status-publish","4":"has-post-thumbnail","6":"product_cat-mens-sexual-health","8":"first","9":"instock","10":"shipping-taxable","11":"product-type-grouped"},"yoast_head":"<!-- This site is optimized with the Yoast SEO plugin v20.0 - https:\/\/yoast.com\/wordpress\/plugins\/seo\/ -->\n<title>Objednejte Super Avana bez receptu za n\u00edzkou cenu | Eurorxdrugs<\/title>\n<meta name=\"description\" content=\"Kupte Super Avana nyn\u00ed! Origin\u00e1ln\u00ed l\u00e9ky a rychl\u00e9 doru\u010den\u00ed v cen\u011b. 100% diskr\u00e9tn\u00ed a d\u016fv\u011brn\u00fd servis pro v\u0161echny na\u0161e z\u00e1kazn\u00edky na Eurorxdrugs\" \/>\n<meta name=\"robots\" content=\"index, follow, max-snippet:-1, max-image-preview:large, max-video-preview:-1\" \/>\n<link rel=\"canonical\" href=\"https:\/\/eurorxdrugs.cc\/cs\/product\/super-avana-2\/\" \/>\n<meta property=\"og:locale\" content=\"cs_CZ\" \/>\n<meta property=\"og:type\" content=\"article\" \/>\n<meta property=\"og:title\" content=\"Objednejte Super Avana bez receptu za n\u00edzkou cenu | Eurorxdrugs\" \/>\n<meta property=\"og:description\" content=\"Kupte Super Avana nyn\u00ed! Origin\u00e1ln\u00ed l\u00e9ky a rychl\u00e9 doru\u010den\u00ed v cen\u011b. 100% diskr\u00e9tn\u00ed a d\u016fv\u011brn\u00fd servis pro v\u0161echny na\u0161e z\u00e1kazn\u00edky na Eurorxdrugs\" \/>\n<meta property=\"og:url\" content=\"https:\/\/eurorxdrugs.cc\/cs\/product\/super-avana-2\/\" \/>\n<meta property=\"og:site_name\" content=\"eurorxdrugs\" \/>\n<meta property=\"article:modified_time\" content=\"2024-11-02T07:18:07+00:00\" \/>\n<meta property=\"og:image\" content=\"https:\/\/eurorxdrugs.cc\/cs\/wp-content\/uploads\/2024\/11\/314-min.jpg\" \/>\n\t<meta property=\"og:image:width\" content=\"270\" \/>\n\t<meta property=\"og:image:height\" content=\"300\" \/>\n\t<meta property=\"og:image:type\" content=\"image\/jpeg\" \/>\n<meta name=\"twitter:card\" content=\"summary_large_image\" \/>\n<meta name=\"twitter:label1\" content=\"Odhadovan\u00e1 doba \u010dten\u00ed\" \/>\n\t<meta name=\"twitter:data1\" content=\"3 minuty\" \/>\n<script type=\"application\/ld+json\" class=\"yoast-schema-graph\">{\"@context\":\"https:\/\/schema.org\",\"@graph\":[{\"@type\":\"WebPage\",\"@id\":\"https:\/\/eurorxdrugs.cc\/cs\/product\/super-avana-2\/\",\"url\":\"https:\/\/eurorxdrugs.cc\/cs\/product\/super-avana-2\/\",\"name\":\"Objednejte Super Avana bez receptu za n\u00edzkou cenu | Eurorxdrugs\",\"isPartOf\":{\"@id\":\"https:\/\/eurorxdrugs.cc\/cs\/#website\"},\"datePublished\":\"2024-11-02T07:14:39+00:00\",\"dateModified\":\"2024-11-02T07:18:07+00:00\",\"description\":\"Kupte Super Avana nyn\u00ed! Origin\u00e1ln\u00ed l\u00e9ky a rychl\u00e9 doru\u010den\u00ed v cen\u011b. 100% diskr\u00e9tn\u00ed a d\u016fv\u011brn\u00fd servis pro v\u0161echny na\u0161e z\u00e1kazn\u00edky na Eurorxdrugs\",\"breadcrumb\":{\"@id\":\"https:\/\/eurorxdrugs.cc\/cs\/product\/super-avana-2\/#breadcrumb\"},\"inLanguage\":\"cs\",\"potentialAction\":[{\"@type\":\"ReadAction\",\"target\":[\"https:\/\/eurorxdrugs.cc\/cs\/product\/super-avana-2\/\"]}]},{\"@type\":\"BreadcrumbList\",\"@id\":\"https:\/\/eurorxdrugs.cc\/cs\/product\/super-avana-2\/#breadcrumb\",\"itemListElement\":[{\"@type\":\"ListItem\",\"position\":1,\"name\":\"Home\",\"item\":\"https:\/\/eurorxdrugs.cc\/cs\/\"},{\"@type\":\"ListItem\",\"position\":2,\"name\":\"Products\",\"item\":\"https:\/\/eurorxdrugs.cc\/cs\/shop\/\"},{\"@type\":\"ListItem\",\"position\":3,\"name\":\"Super Avana\"}]},{\"@type\":\"WebSite\",\"@id\":\"https:\/\/eurorxdrugs.cc\/cs\/#website\",\"url\":\"https:\/\/eurorxdrugs.cc\/cs\/\",\"name\":\"eurorxdrugs\",\"description\":\"\",\"publisher\":{\"@id\":\"https:\/\/eurorxdrugs.cc\/cs\/#organization\"},\"potentialAction\":[{\"@type\":\"SearchAction\",\"target\":{\"@type\":\"EntryPoint\",\"urlTemplate\":\"https:\/\/eurorxdrugs.cc\/cs\/?s={search_term_string}\"},\"query-input\":\"required name=search_term_string\"}],\"inLanguage\":\"cs\"},{\"@type\":\"Organization\",\"@id\":\"https:\/\/eurorxdrugs.cc\/cs\/#organization\",\"name\":\"eurorxdrugs\",\"url\":\"https:\/\/eurorxdrugs.cc\/cs\/\",\"logo\":{\"@type\":\"ImageObject\",\"inLanguage\":\"cs\",\"@id\":\"https:\/\/eurorxdrugs.cc\/cs\/#\/schema\/logo\/image\/\",\"url\":\"https:\/\/eurorxdrugs.cc\/cs\/wp-content\/uploads\/2024\/09\/logo-1-1.png\",\"contentUrl\":\"https:\/\/eurorxdrugs.cc\/cs\/wp-content\/uploads\/2024\/09\/logo-1-1.png\",\"width\":233,\"height\":54,\"caption\":\"eurorxdrugs\"},\"image\":{\"@id\":\"https:\/\/eurorxdrugs.cc\/cs\/#\/schema\/logo\/image\/\"}}]}<\/script>\n<!-- \/ Yoast SEO plugin. -->","yoast_head_json":{"title":"Objednejte Super Avana bez receptu za n\u00edzkou cenu | Eurorxdrugs","description":"Kupte Super Avana nyn\u00ed! Origin\u00e1ln\u00ed l\u00e9ky a rychl\u00e9 doru\u010den\u00ed v cen\u011b. 100% diskr\u00e9tn\u00ed a d\u016fv\u011brn\u00fd servis pro v\u0161echny na\u0161e z\u00e1kazn\u00edky na Eurorxdrugs","robots":{"index":"index","follow":"follow","max-snippet":"max-snippet:-1","max-image-preview":"max-image-preview:large","max-video-preview":"max-video-preview:-1"},"canonical":"https:\/\/eurorxdrugs.cc\/cs\/product\/super-avana-2\/","og_locale":"cs_CZ","og_type":"article","og_title":"Objednejte Super Avana bez receptu za n\u00edzkou cenu | Eurorxdrugs","og_description":"Kupte Super Avana nyn\u00ed! Origin\u00e1ln\u00ed l\u00e9ky a rychl\u00e9 doru\u010den\u00ed v cen\u011b. 100% diskr\u00e9tn\u00ed a d\u016fv\u011brn\u00fd servis pro v\u0161echny na\u0161e z\u00e1kazn\u00edky na Eurorxdrugs","og_url":"https:\/\/eurorxdrugs.cc\/cs\/product\/super-avana-2\/","og_site_name":"eurorxdrugs","article_modified_time":"2024-11-02T07:18:07+00:00","og_image":[{"width":270,"height":300,"url":"https:\/\/eurorxdrugs.cc\/cs\/wp-content\/uploads\/2024\/11\/314-min.jpg","type":"image\/jpeg"}],"twitter_card":"summary_large_image","twitter_misc":{"Odhadovan\u00e1 doba \u010dten\u00ed":"3 minuty"},"schema":{"@context":"https:\/\/schema.org","@graph":[{"@type":"WebPage","@id":"https:\/\/eurorxdrugs.cc\/cs\/product\/super-avana-2\/","url":"https:\/\/eurorxdrugs.cc\/cs\/product\/super-avana-2\/","name":"Objednejte Super Avana bez receptu za n\u00edzkou cenu | Eurorxdrugs","isPartOf":{"@id":"https:\/\/eurorxdrugs.cc\/cs\/#website"},"datePublished":"2024-11-02T07:14:39+00:00","dateModified":"2024-11-02T07:18:07+00:00","description":"Kupte Super Avana nyn\u00ed! Origin\u00e1ln\u00ed l\u00e9ky a rychl\u00e9 doru\u010den\u00ed v cen\u011b. 100% diskr\u00e9tn\u00ed a d\u016fv\u011brn\u00fd servis pro v\u0161echny na\u0161e z\u00e1kazn\u00edky na Eurorxdrugs","breadcrumb":{"@id":"https:\/\/eurorxdrugs.cc\/cs\/product\/super-avana-2\/#breadcrumb"},"inLanguage":"cs","potentialAction":[{"@type":"ReadAction","target":["https:\/\/eurorxdrugs.cc\/cs\/product\/super-avana-2\/"]}]},{"@type":"BreadcrumbList","@id":"https:\/\/eurorxdrugs.cc\/cs\/product\/super-avana-2\/#breadcrumb","itemListElement":[{"@type":"ListItem","position":1,"name":"Home","item":"https:\/\/eurorxdrugs.cc\/cs\/"},{"@type":"ListItem","position":2,"name":"Products","item":"https:\/\/eurorxdrugs.cc\/cs\/shop\/"},{"@type":"ListItem","position":3,"name":"Super Avana"}]},{"@type":"WebSite","@id":"https:\/\/eurorxdrugs.cc\/cs\/#website","url":"https:\/\/eurorxdrugs.cc\/cs\/","name":"eurorxdrugs","description":"","publisher":{"@id":"https:\/\/eurorxdrugs.cc\/cs\/#organization"},"potentialAction":[{"@type":"SearchAction","target":{"@type":"EntryPoint","urlTemplate":"https:\/\/eurorxdrugs.cc\/cs\/?s={search_term_string}"},"query-input":"required name=search_term_string"}],"inLanguage":"cs"},{"@type":"Organization","@id":"https:\/\/eurorxdrugs.cc\/cs\/#organization","name":"eurorxdrugs","url":"https:\/\/eurorxdrugs.cc\/cs\/","logo":{"@type":"ImageObject","inLanguage":"cs","@id":"https:\/\/eurorxdrugs.cc\/cs\/#\/schema\/logo\/image\/","url":"https:\/\/eurorxdrugs.cc\/cs\/wp-content\/uploads\/2024\/09\/logo-1-1.png","contentUrl":"https:\/\/eurorxdrugs.cc\/cs\/wp-content\/uploads\/2024\/09\/logo-1-1.png","width":233,"height":54,"caption":"eurorxdrugs"},"image":{"@id":"https:\/\/eurorxdrugs.cc\/cs\/#\/schema\/logo\/image\/"}}]}},"_links":{"self":[{"href":"https:\/\/eurorxdrugs.cc\/cs\/wp-json\/wp\/v2\/product\/6327","targetHints":{"allow":["GET"]}}],"collection":[{"href":"https:\/\/eurorxdrugs.cc\/cs\/wp-json\/wp\/v2\/product"}],"about":[{"href":"https:\/\/eurorxdrugs.cc\/cs\/wp-json\/wp\/v2\/types\/product"}],"replies":[{"embeddable":true,"href":"https:\/\/eurorxdrugs.cc\/cs\/wp-json\/wp\/v2\/comments?post=6327"}],"wp:featuredmedia":[{"embeddable":true,"href":"https:\/\/eurorxdrugs.cc\/cs\/wp-json\/wp\/v2\/media\/6328"}],"wp:attachment":[{"href":"https:\/\/eurorxdrugs.cc\/cs\/wp-json\/wp\/v2\/media?parent=6327"}],"wp:term":[{"taxonomy":"product_cat","embeddable":true,"href":"https:\/\/eurorxdrugs.cc\/cs\/wp-json\/wp\/v2\/product_cat?post=6327"},{"taxonomy":"product_tag","embeddable":true,"href":"https:\/\/eurorxdrugs.cc\/cs\/wp-json\/wp\/v2\/product_tag?post=6327"}],"curies":[{"name":"wp","href":"https:\/\/api.w.org\/{rel}","templated":true}]}}