{"id":6354,"date":"2024-11-02T07:39:57","date_gmt":"2024-11-02T07:39:57","guid":{"rendered":"https:\/\/eurorxdrugs.cc\/cs\/?post_type=product&#038;p=6354"},"modified":"2024-11-02T07:47:28","modified_gmt":"2024-11-02T07:47:28","slug":"lunesta-eszopiclone","status":"publish","type":"product","link":"https:\/\/eurorxdrugs.cc\/cs\/product\/lunesta-eszopiclone\/","title":{"rendered":"Lunesta (Eszopiclone)"},"content":{"rendered":"<div class=\"pro-description_name\">Beschreibung<\/div>\n<div class=\"pro-description_content\">\n<div><b>Was ist \/ sind Eszopiclon?<\/b><\/div>\n<div>\u00a0\u00a0\u00a0\u00a0\u00a0\u00a0\u00a0\u00a0Eszopiclon, das von Sepracor unter dem Markennamen Lunesta vertrieben wird, ist ein Hypnotikum ohne Benzodiazepin, das bei Schlaflosigkeit leicht wirksam ist. Eszopiclon ist das aktive rechtsdrehende Stereoisomer von Zopiclon und geh\u00f6rt zur Wirkstoffklasse der Cyclopyrrolone.<\/div>\n<div>Eszopiclon ist ein kurz wirkendes Nichtbenzodiazepin-Beruhigungsmittel. Alle bisher ver\u00f6ffentlichten klinischen Studien mit Eszopiclon wurden vom Hersteller von Eszopiclon, Sepracor, finanziert.<\/div>\n<div><\/div>\n<div><b>Medizinische Anwendungen<\/b><\/div>\n<div>\u00a0\u00a0\u00a0\u00a0\u00a0\u00a0\u00a0\u00a0Eszopiclon ist leicht wirksam bei der Behandlung von Schlaflosigkeit, bei der Schwierigkeiten beim Einschlafen die Hauptbeschwerde sind. Der Nutzen gegen\u00fcber Placebo ist von fraglicher klinischer Bedeutung. Obwohl die Arzneimittelwirkung und das Placebo-Ansprechen eher gering und von fraglicher klinischer Bedeutung waren, erzeugen die beiden zusammen ein ziemlich gro\u00dfes klinisches Ansprechen. Es wird nicht f\u00fcr die chronische Anwendung bei \u00e4lteren Menschen empfohlen.<\/div>\n<div><\/div>\n<div><b>Unerw\u00fcnschte Wirkungen<\/b><\/div>\n<div>\u00a0\u00a0\u00a0\u00a0\u00a0\u00a0\u00a0\u00a0Eszopiclon hat weniger anticholinerge Nebenwirkungen als racemisches Zopiclon. Die folgenden Nebenwirkungen k\u00f6nnen bei der Anwendung von Eszopiclon (Lunesta) auftreten:<\/div>\n<div><\/div>\n<div><b>H\u00e4ufige Nebenwirkungen k\u00f6nnen sein:<\/b><\/div>\n<div>\u2022 unangenehmer bitterer oder metallischer Geschmack<\/div>\n<div>\u2022 Kopfschmerzen<\/div>\n<div>\u2022 Brustschmerz<\/div>\n<div>\u2022 Erk\u00e4ltungssymptome<\/div>\n<div>\u2022 Schmerz<\/div>\n<div>\u2022 trockener Mund<\/div>\n<div>\u2022 Tagesm\u00fcdigkeit<\/div>\n<div>\u2022 Benommenheit<\/div>\n<div>\u2022 Schwindel<\/div>\n<div>\u2022 Magenverstimmung<\/div>\n<div>\u2022 vermindertes sexuelles Verlangen<\/div>\n<div>\u2022 schmerzhafte Menstruation (Perioden)<\/div>\n<div>\u2022 Sodbrennen<\/div>\n<div>\u2022 Brustvergr\u00f6\u00dferung bei M\u00e4nnern<\/div>\n<div><\/div>\n<div><b>Weniger h\u00e4ufige Nebenwirkungen k\u00f6nnen sein:<\/b><\/div>\n<div>\u2022 Ausschlag<\/div>\n<div>\u2022 Juckreiz<\/div>\n<div>\u2022 in Abstimmung<\/div>\n<div>\u2022 Schwellung der H\u00e4nde, F\u00fc\u00dfe, Kn\u00f6chel oder Unterschenkel<\/div>\n<div>\u2022 schmerzhaftes oder h\u00e4ufiges Wasserlassen<\/div>\n<div>\u2022 R\u00fcckenschmerzen<\/div>\n<div>\u2022 berichtete neuropsychiatrische Nebenwirkungen umfassen;<\/div>\n<div>\u2022 aggressives Verhalten<\/div>\n<div>\u2022 Verwirrung<\/div>\n<div>\u2022 Agitation<\/div>\n<div>\u2022 auditive und visuelle Halluzinationen<\/div>\n<div>\u2022 Verschlechterung der Depression<\/div>\n<div>\u2022 Selbstmordgedanken<\/div>\n<div>\u2022 Depersonalisierung<\/div>\n<div>\u2022 Amnesie<\/div>\n<div>Wenn eine Person unmittelbar nach der Einnahme von Eszopiclon nicht schl\u00e4ft oder kurz nach der Einnahme der Medikamente aufsteht, kann es zu Schwindel, Benommenheit, Halluzinationen (Sehen von Dingen oder H\u00f6ren von Stimmen, die nicht da sind) sowie Problemen mit Koordination und Ged\u00e4chtnis kommen.<\/div>\n<div><\/div>\n<div><b>Missbrauch<\/b><\/div>\n<div>\u00a0\u00a0\u00a0\u00a0\u00a0\u00a0\u00a0\u00a0Eine Studie zum Missbrauchspotenzial von Eszopiclon ergab, dass Eszopiclon in Dosen von 6 und 12 mg bei Personen mit bekanntem Benzodiazepin-Missbrauch in der Vorgeschichte \u00e4hnliche Wirkungen wie Diazepam 20 mg hervorrief. Die Studie ergab, dass bei diesen Dosen, die mindestens doppelt so hoch sind wie die empfohlenen H\u00f6chstdosen, sowohl f\u00fcr Eszopiclon (Lunesta) als auch f\u00fcr Diazepam (Valium) ein dosisabh\u00e4ngiger Anstieg der Berichte \u00fcber Amnesie und Halluzinationen beobachtet wurde.<\/div>\n<div><\/div>\n<div><b>\u00dcberdosis<\/b><\/div>\n<div>\u00a0\u00a0\u00a0\u00a0\u00a0\u00a0\u00a0\u00a0Eszopiclon ist gef\u00e4hrlich bei \u00dcberdosierung. Anzeichen einer berichteten Eszopiclon-\u00dcberdosierung waren ein ged\u00e4mpfter Geisteszustand, ein ST-erh\u00f6hter Koronar-Vasospasmus, eine Tropon\u00e4mie, ein ventrikul\u00e4rer Fibrillationsstillstand und ein verl\u00e4ngertes Koma (bis zu 48 Stunden).<\/div>\n<\/div>\n","protected":false},"excerpt":{"rendered":"<div><b>Handelsname:<\/b> Lunesta<\/div>\n<div><b>Wirkstoff: <\/b>Eszopiclone<\/div>\n<div><b>Produktionsform: <\/b>Pillen<\/div>\n<div><b>Anwendungsgebiet: <\/b>Zur Behandlung eines bestimmten Schlafproblems (Schlaflosigkeit)<\/div>\n<div><b>Verf\u00fcgbare Dosierungen:\u00a0<\/b>2mg, 3mg<\/div>\n","protected":false},"featured_media":6355,"comment_status":"open","ping_status":"closed","template":"","meta":[],"product_cat":[36],"product_tag":[],"class_list":{"0":"post-6354","1":"product","2":"type-product","3":"status-publish","4":"has-post-thumbnail","6":"product_cat-pain-management","8":"first","9":"instock","10":"shipping-taxable","11":"product-type-grouped"},"yoast_head":"<!-- This site is optimized with the Yoast SEO plugin v20.0 - https:\/\/yoast.com\/wordpress\/plugins\/seo\/ -->\n<title>Objednejte Lunesta (Eszopiclone) bez receptu za n\u00edzkou cenu | Eurorxdrugs<\/title>\n<meta name=\"description\" content=\"Kupte Lunesta (Eszopiclone) nyn\u00ed! Origin\u00e1ln\u00ed l\u00e9ky a rychl\u00e9 doru\u010den\u00ed v cen\u011b. 100% diskr\u00e9tn\u00ed a d\u016fv\u011brn\u00fd servis pro v\u0161echny na\u0161e z\u00e1kazn\u00edky na Eurorxdrugs\" \/>\n<meta name=\"robots\" content=\"index, follow, max-snippet:-1, max-image-preview:large, max-video-preview:-1\" \/>\n<link rel=\"canonical\" href=\"https:\/\/eurorxdrugs.cc\/cs\/product\/lunesta-eszopiclone\/\" \/>\n<meta property=\"og:locale\" content=\"cs_CZ\" \/>\n<meta property=\"og:type\" content=\"article\" \/>\n<meta property=\"og:title\" content=\"Objednejte Lunesta (Eszopiclone) bez receptu za n\u00edzkou cenu | Eurorxdrugs\" \/>\n<meta property=\"og:description\" content=\"Kupte Lunesta (Eszopiclone) nyn\u00ed! Origin\u00e1ln\u00ed l\u00e9ky a rychl\u00e9 doru\u010den\u00ed v cen\u011b. 100% diskr\u00e9tn\u00ed a d\u016fv\u011brn\u00fd servis pro v\u0161echny na\u0161e z\u00e1kazn\u00edky na Eurorxdrugs\" \/>\n<meta property=\"og:url\" content=\"https:\/\/eurorxdrugs.cc\/cs\/product\/lunesta-eszopiclone\/\" \/>\n<meta property=\"og:site_name\" content=\"eurorxdrugs\" \/>\n<meta property=\"article:modified_time\" content=\"2024-11-02T07:47:28+00:00\" \/>\n<meta property=\"og:image\" content=\"https:\/\/eurorxdrugs.cc\/cs\/wp-content\/uploads\/2024\/11\/303-min.jpg\" \/>\n\t<meta property=\"og:image:width\" content=\"270\" \/>\n\t<meta property=\"og:image:height\" content=\"300\" \/>\n\t<meta property=\"og:image:type\" content=\"image\/jpeg\" \/>\n<meta name=\"twitter:card\" content=\"summary_large_image\" \/>\n<meta name=\"twitter:label1\" content=\"Odhadovan\u00e1 doba \u010dten\u00ed\" \/>\n\t<meta name=\"twitter:data1\" content=\"2 minuty\" \/>\n<script type=\"application\/ld+json\" class=\"yoast-schema-graph\">{\"@context\":\"https:\/\/schema.org\",\"@graph\":[{\"@type\":\"WebPage\",\"@id\":\"https:\/\/eurorxdrugs.cc\/cs\/product\/lunesta-eszopiclone\/\",\"url\":\"https:\/\/eurorxdrugs.cc\/cs\/product\/lunesta-eszopiclone\/\",\"name\":\"Objednejte Lunesta (Eszopiclone) bez receptu za n\u00edzkou cenu | Eurorxdrugs\",\"isPartOf\":{\"@id\":\"https:\/\/eurorxdrugs.cc\/cs\/#website\"},\"datePublished\":\"2024-11-02T07:39:57+00:00\",\"dateModified\":\"2024-11-02T07:47:28+00:00\",\"description\":\"Kupte Lunesta (Eszopiclone) nyn\u00ed! Origin\u00e1ln\u00ed l\u00e9ky a rychl\u00e9 doru\u010den\u00ed v cen\u011b. 100% diskr\u00e9tn\u00ed a d\u016fv\u011brn\u00fd servis pro v\u0161echny na\u0161e z\u00e1kazn\u00edky na Eurorxdrugs\",\"breadcrumb\":{\"@id\":\"https:\/\/eurorxdrugs.cc\/cs\/product\/lunesta-eszopiclone\/#breadcrumb\"},\"inLanguage\":\"cs\",\"potentialAction\":[{\"@type\":\"ReadAction\",\"target\":[\"https:\/\/eurorxdrugs.cc\/cs\/product\/lunesta-eszopiclone\/\"]}]},{\"@type\":\"BreadcrumbList\",\"@id\":\"https:\/\/eurorxdrugs.cc\/cs\/product\/lunesta-eszopiclone\/#breadcrumb\",\"itemListElement\":[{\"@type\":\"ListItem\",\"position\":1,\"name\":\"Home\",\"item\":\"https:\/\/eurorxdrugs.cc\/cs\/\"},{\"@type\":\"ListItem\",\"position\":2,\"name\":\"Products\",\"item\":\"https:\/\/eurorxdrugs.cc\/cs\/shop\/\"},{\"@type\":\"ListItem\",\"position\":3,\"name\":\"Lunesta (Eszopiclone)\"}]},{\"@type\":\"WebSite\",\"@id\":\"https:\/\/eurorxdrugs.cc\/cs\/#website\",\"url\":\"https:\/\/eurorxdrugs.cc\/cs\/\",\"name\":\"eurorxdrugs\",\"description\":\"\",\"publisher\":{\"@id\":\"https:\/\/eurorxdrugs.cc\/cs\/#organization\"},\"potentialAction\":[{\"@type\":\"SearchAction\",\"target\":{\"@type\":\"EntryPoint\",\"urlTemplate\":\"https:\/\/eurorxdrugs.cc\/cs\/?s={search_term_string}\"},\"query-input\":\"required name=search_term_string\"}],\"inLanguage\":\"cs\"},{\"@type\":\"Organization\",\"@id\":\"https:\/\/eurorxdrugs.cc\/cs\/#organization\",\"name\":\"eurorxdrugs\",\"url\":\"https:\/\/eurorxdrugs.cc\/cs\/\",\"logo\":{\"@type\":\"ImageObject\",\"inLanguage\":\"cs\",\"@id\":\"https:\/\/eurorxdrugs.cc\/cs\/#\/schema\/logo\/image\/\",\"url\":\"https:\/\/eurorxdrugs.cc\/cs\/wp-content\/uploads\/2024\/09\/logo-1-1.png\",\"contentUrl\":\"https:\/\/eurorxdrugs.cc\/cs\/wp-content\/uploads\/2024\/09\/logo-1-1.png\",\"width\":233,\"height\":54,\"caption\":\"eurorxdrugs\"},\"image\":{\"@id\":\"https:\/\/eurorxdrugs.cc\/cs\/#\/schema\/logo\/image\/\"}}]}<\/script>\n<!-- \/ Yoast SEO plugin. -->","yoast_head_json":{"title":"Objednejte Lunesta (Eszopiclone) bez receptu za n\u00edzkou cenu | Eurorxdrugs","description":"Kupte Lunesta (Eszopiclone) nyn\u00ed! Origin\u00e1ln\u00ed l\u00e9ky a rychl\u00e9 doru\u010den\u00ed v cen\u011b. 100% diskr\u00e9tn\u00ed a d\u016fv\u011brn\u00fd servis pro v\u0161echny na\u0161e z\u00e1kazn\u00edky na Eurorxdrugs","robots":{"index":"index","follow":"follow","max-snippet":"max-snippet:-1","max-image-preview":"max-image-preview:large","max-video-preview":"max-video-preview:-1"},"canonical":"https:\/\/eurorxdrugs.cc\/cs\/product\/lunesta-eszopiclone\/","og_locale":"cs_CZ","og_type":"article","og_title":"Objednejte Lunesta (Eszopiclone) bez receptu za n\u00edzkou cenu | Eurorxdrugs","og_description":"Kupte Lunesta (Eszopiclone) nyn\u00ed! Origin\u00e1ln\u00ed l\u00e9ky a rychl\u00e9 doru\u010den\u00ed v cen\u011b. 100% diskr\u00e9tn\u00ed a d\u016fv\u011brn\u00fd servis pro v\u0161echny na\u0161e z\u00e1kazn\u00edky na Eurorxdrugs","og_url":"https:\/\/eurorxdrugs.cc\/cs\/product\/lunesta-eszopiclone\/","og_site_name":"eurorxdrugs","article_modified_time":"2024-11-02T07:47:28+00:00","og_image":[{"width":270,"height":300,"url":"https:\/\/eurorxdrugs.cc\/cs\/wp-content\/uploads\/2024\/11\/303-min.jpg","type":"image\/jpeg"}],"twitter_card":"summary_large_image","twitter_misc":{"Odhadovan\u00e1 doba \u010dten\u00ed":"2 minuty"},"schema":{"@context":"https:\/\/schema.org","@graph":[{"@type":"WebPage","@id":"https:\/\/eurorxdrugs.cc\/cs\/product\/lunesta-eszopiclone\/","url":"https:\/\/eurorxdrugs.cc\/cs\/product\/lunesta-eszopiclone\/","name":"Objednejte Lunesta (Eszopiclone) bez receptu za n\u00edzkou cenu | Eurorxdrugs","isPartOf":{"@id":"https:\/\/eurorxdrugs.cc\/cs\/#website"},"datePublished":"2024-11-02T07:39:57+00:00","dateModified":"2024-11-02T07:47:28+00:00","description":"Kupte Lunesta (Eszopiclone) nyn\u00ed! Origin\u00e1ln\u00ed l\u00e9ky a rychl\u00e9 doru\u010den\u00ed v cen\u011b. 100% diskr\u00e9tn\u00ed a d\u016fv\u011brn\u00fd servis pro v\u0161echny na\u0161e z\u00e1kazn\u00edky na Eurorxdrugs","breadcrumb":{"@id":"https:\/\/eurorxdrugs.cc\/cs\/product\/lunesta-eszopiclone\/#breadcrumb"},"inLanguage":"cs","potentialAction":[{"@type":"ReadAction","target":["https:\/\/eurorxdrugs.cc\/cs\/product\/lunesta-eszopiclone\/"]}]},{"@type":"BreadcrumbList","@id":"https:\/\/eurorxdrugs.cc\/cs\/product\/lunesta-eszopiclone\/#breadcrumb","itemListElement":[{"@type":"ListItem","position":1,"name":"Home","item":"https:\/\/eurorxdrugs.cc\/cs\/"},{"@type":"ListItem","position":2,"name":"Products","item":"https:\/\/eurorxdrugs.cc\/cs\/shop\/"},{"@type":"ListItem","position":3,"name":"Lunesta (Eszopiclone)"}]},{"@type":"WebSite","@id":"https:\/\/eurorxdrugs.cc\/cs\/#website","url":"https:\/\/eurorxdrugs.cc\/cs\/","name":"eurorxdrugs","description":"","publisher":{"@id":"https:\/\/eurorxdrugs.cc\/cs\/#organization"},"potentialAction":[{"@type":"SearchAction","target":{"@type":"EntryPoint","urlTemplate":"https:\/\/eurorxdrugs.cc\/cs\/?s={search_term_string}"},"query-input":"required name=search_term_string"}],"inLanguage":"cs"},{"@type":"Organization","@id":"https:\/\/eurorxdrugs.cc\/cs\/#organization","name":"eurorxdrugs","url":"https:\/\/eurorxdrugs.cc\/cs\/","logo":{"@type":"ImageObject","inLanguage":"cs","@id":"https:\/\/eurorxdrugs.cc\/cs\/#\/schema\/logo\/image\/","url":"https:\/\/eurorxdrugs.cc\/cs\/wp-content\/uploads\/2024\/09\/logo-1-1.png","contentUrl":"https:\/\/eurorxdrugs.cc\/cs\/wp-content\/uploads\/2024\/09\/logo-1-1.png","width":233,"height":54,"caption":"eurorxdrugs"},"image":{"@id":"https:\/\/eurorxdrugs.cc\/cs\/#\/schema\/logo\/image\/"}}]}},"_links":{"self":[{"href":"https:\/\/eurorxdrugs.cc\/cs\/wp-json\/wp\/v2\/product\/6354","targetHints":{"allow":["GET"]}}],"collection":[{"href":"https:\/\/eurorxdrugs.cc\/cs\/wp-json\/wp\/v2\/product"}],"about":[{"href":"https:\/\/eurorxdrugs.cc\/cs\/wp-json\/wp\/v2\/types\/product"}],"replies":[{"embeddable":true,"href":"https:\/\/eurorxdrugs.cc\/cs\/wp-json\/wp\/v2\/comments?post=6354"}],"wp:featuredmedia":[{"embeddable":true,"href":"https:\/\/eurorxdrugs.cc\/cs\/wp-json\/wp\/v2\/media\/6355"}],"wp:attachment":[{"href":"https:\/\/eurorxdrugs.cc\/cs\/wp-json\/wp\/v2\/media?parent=6354"}],"wp:term":[{"taxonomy":"product_cat","embeddable":true,"href":"https:\/\/eurorxdrugs.cc\/cs\/wp-json\/wp\/v2\/product_cat?post=6354"},{"taxonomy":"product_tag","embeddable":true,"href":"https:\/\/eurorxdrugs.cc\/cs\/wp-json\/wp\/v2\/product_tag?post=6354"}],"curies":[{"name":"wp","href":"https:\/\/api.w.org\/{rel}","templated":true}]}}