{"id":773,"date":"2024-09-07T07:59:38","date_gmt":"2024-09-07T07:59:38","guid":{"rendered":"https:\/\/eurorxdrugs.cc\/cs\/?post_type=product&#038;p=773"},"modified":"2024-09-07T08:03:21","modified_gmt":"2024-09-07T08:03:21","slug":"female-viagra-sildenafil","status":"publish","type":"product","link":"https:\/\/eurorxdrugs.cc\/cs\/product\/female-viagra-sildenafil\/","title":{"rendered":"Female Viagra (Sildenafil)"},"content":{"rendered":"<p style=\"text-align: left;\">\u00a0Sexual dysfunction in women is characterized by a lack of desire, arousal, or orgasm. Female Viagra helps to boost libido in women, increases sexual recall, sensitivity to stimulation, promotes extraordinary and multiple climaxes, perfect natural lubrication. It acts by increasing the required genital blood flow and vaginal compliance resulting in intensified pleasure during sexual activity.<br \/>\nTake it orally, the effect appears in 45 minutes after intake and continues 4-6 hours. Do not exceed the recommended dose to avoid the aggravation of side effects.<br \/>\nDo not take this drug if you are hypersensitive to it.<br \/>\nThis medication is generally well tolerated but some individuals may experience facial flushing; upset stomach; sensitivity to light; nausea. Seek emergency medical attention immediately if any of the severe side effects occur.<br \/>\nTake the missed dose as soon as you remember about it. If it is almost time for your next dose just skip it and return to your regular schedule.<br \/>\nImmediate medical attention is needed in case you overdosed the intake of the medicine.<br \/>\nFemale Viagra should be stored at room temperature, between 36-86 degrees F in a closed container.<\/p>\n","protected":false},"excerpt":{"rendered":"<div><b>Commercial Name:<\/b>\u00a0Female Viagramigan<\/div>\n<div><b>Active Ingredient:<\/b>\u00a0Sildenafil<\/div>\n<div><b>Production form:<\/b>\u00a0Pills<\/div>\n<div><b>Utilization:<\/b>\u00a0Improves woman&#8217;s sexuality, increases sensitivity to stimulation, allows to reach an intense sexual satisfaction<\/div>\n<div><b>Available Dosage:<\/b>\u00a0100mg<\/div>\n","protected":false},"featured_media":774,"comment_status":"open","ping_status":"closed","template":"","meta":[],"product_cat":[29],"product_tag":[],"class_list":{"0":"post-773","1":"product","2":"type-product","3":"status-publish","4":"has-post-thumbnail","6":"product_cat-womens-sexual-health","8":"first","9":"instock","10":"shipping-taxable","11":"product-type-grouped"},"yoast_head":"<!-- This site is optimized with the Yoast SEO plugin v20.0 - https:\/\/yoast.com\/wordpress\/plugins\/seo\/ -->\n<title>Objednejte Female Viagra (Sildenafil) bez receptu za n\u00edzkou cenu | Eurorxdrugs<\/title>\n<meta name=\"description\" content=\"Kupte Female Viagra (Sildenafil) nyn\u00ed! Origin\u00e1ln\u00ed l\u00e9ky a rychl\u00e9 doru\u010den\u00ed v cen\u011b. 100% diskr\u00e9tn\u00ed a d\u016fv\u011brn\u00fd servis pro v\u0161echny na\u0161e z\u00e1kazn\u00edky na Eurorxdrugs\" \/>\n<meta name=\"robots\" content=\"index, follow, max-snippet:-1, max-image-preview:large, max-video-preview:-1\" \/>\n<link rel=\"canonical\" href=\"https:\/\/eurorxdrugs.cc\/cs\/product\/female-viagra-sildenafil\/\" \/>\n<meta property=\"og:locale\" content=\"cs_CZ\" \/>\n<meta property=\"og:type\" content=\"article\" \/>\n<meta property=\"og:title\" content=\"Objednejte Female Viagra (Sildenafil) bez receptu za n\u00edzkou cenu | Eurorxdrugs\" \/>\n<meta property=\"og:description\" content=\"Kupte Female Viagra (Sildenafil) nyn\u00ed! Origin\u00e1ln\u00ed l\u00e9ky a rychl\u00e9 doru\u010den\u00ed v cen\u011b. 100% diskr\u00e9tn\u00ed a d\u016fv\u011brn\u00fd servis pro v\u0161echny na\u0161e z\u00e1kazn\u00edky na Eurorxdrugs\" \/>\n<meta property=\"og:url\" content=\"https:\/\/eurorxdrugs.cc\/cs\/product\/female-viagra-sildenafil\/\" \/>\n<meta property=\"og:site_name\" content=\"eurorxdrugs\" \/>\n<meta property=\"article:modified_time\" content=\"2024-09-07T08:03:21+00:00\" \/>\n<meta property=\"og:image\" content=\"https:\/\/eurorxdrugs.cc\/cs\/wp-content\/uploads\/2024\/09\/237-min.jpg\" \/>\n\t<meta property=\"og:image:width\" content=\"270\" \/>\n\t<meta property=\"og:image:height\" content=\"300\" \/>\n\t<meta property=\"og:image:type\" content=\"image\/jpeg\" \/>\n<meta name=\"twitter:card\" content=\"summary_large_image\" \/>\n<meta name=\"twitter:label1\" content=\"Odhadovan\u00e1 doba \u010dten\u00ed\" \/>\n\t<meta name=\"twitter:data1\" content=\"1 minuta\" \/>\n<script type=\"application\/ld+json\" class=\"yoast-schema-graph\">{\"@context\":\"https:\/\/schema.org\",\"@graph\":[{\"@type\":\"WebPage\",\"@id\":\"https:\/\/eurorxdrugs.cc\/cs\/product\/female-viagra-sildenafil\/\",\"url\":\"https:\/\/eurorxdrugs.cc\/cs\/product\/female-viagra-sildenafil\/\",\"name\":\"Objednejte Female Viagra (Sildenafil) bez receptu za n\u00edzkou cenu | Eurorxdrugs\",\"isPartOf\":{\"@id\":\"https:\/\/eurorxdrugs.cc\/cs\/#website\"},\"datePublished\":\"2024-09-07T07:59:38+00:00\",\"dateModified\":\"2024-09-07T08:03:21+00:00\",\"description\":\"Kupte Female Viagra (Sildenafil) nyn\u00ed! Origin\u00e1ln\u00ed l\u00e9ky a rychl\u00e9 doru\u010den\u00ed v cen\u011b. 100% diskr\u00e9tn\u00ed a d\u016fv\u011brn\u00fd servis pro v\u0161echny na\u0161e z\u00e1kazn\u00edky na Eurorxdrugs\",\"breadcrumb\":{\"@id\":\"https:\/\/eurorxdrugs.cc\/cs\/product\/female-viagra-sildenafil\/#breadcrumb\"},\"inLanguage\":\"cs\",\"potentialAction\":[{\"@type\":\"ReadAction\",\"target\":[\"https:\/\/eurorxdrugs.cc\/cs\/product\/female-viagra-sildenafil\/\"]}]},{\"@type\":\"BreadcrumbList\",\"@id\":\"https:\/\/eurorxdrugs.cc\/cs\/product\/female-viagra-sildenafil\/#breadcrumb\",\"itemListElement\":[{\"@type\":\"ListItem\",\"position\":1,\"name\":\"Home\",\"item\":\"https:\/\/eurorxdrugs.cc\/cs\/\"},{\"@type\":\"ListItem\",\"position\":2,\"name\":\"Products\",\"item\":\"https:\/\/eurorxdrugs.cc\/cs\/shop\/\"},{\"@type\":\"ListItem\",\"position\":3,\"name\":\"Female Viagra (Sildenafil)\"}]},{\"@type\":\"WebSite\",\"@id\":\"https:\/\/eurorxdrugs.cc\/cs\/#website\",\"url\":\"https:\/\/eurorxdrugs.cc\/cs\/\",\"name\":\"eurorxdrugs\",\"description\":\"\",\"publisher\":{\"@id\":\"https:\/\/eurorxdrugs.cc\/cs\/#organization\"},\"potentialAction\":[{\"@type\":\"SearchAction\",\"target\":{\"@type\":\"EntryPoint\",\"urlTemplate\":\"https:\/\/eurorxdrugs.cc\/cs\/?s={search_term_string}\"},\"query-input\":\"required name=search_term_string\"}],\"inLanguage\":\"cs\"},{\"@type\":\"Organization\",\"@id\":\"https:\/\/eurorxdrugs.cc\/cs\/#organization\",\"name\":\"eurorxdrugs\",\"url\":\"https:\/\/eurorxdrugs.cc\/cs\/\",\"logo\":{\"@type\":\"ImageObject\",\"inLanguage\":\"cs\",\"@id\":\"https:\/\/eurorxdrugs.cc\/cs\/#\/schema\/logo\/image\/\",\"url\":\"https:\/\/eurorxdrugs.cc\/cs\/wp-content\/uploads\/2024\/09\/logo-1-1.png\",\"contentUrl\":\"https:\/\/eurorxdrugs.cc\/cs\/wp-content\/uploads\/2024\/09\/logo-1-1.png\",\"width\":233,\"height\":54,\"caption\":\"eurorxdrugs\"},\"image\":{\"@id\":\"https:\/\/eurorxdrugs.cc\/cs\/#\/schema\/logo\/image\/\"}}]}<\/script>\n<!-- \/ Yoast SEO plugin. -->","yoast_head_json":{"title":"Objednejte Female Viagra (Sildenafil) bez receptu za n\u00edzkou cenu | Eurorxdrugs","description":"Kupte Female Viagra (Sildenafil) nyn\u00ed! Origin\u00e1ln\u00ed l\u00e9ky a rychl\u00e9 doru\u010den\u00ed v cen\u011b. 100% diskr\u00e9tn\u00ed a d\u016fv\u011brn\u00fd servis pro v\u0161echny na\u0161e z\u00e1kazn\u00edky na Eurorxdrugs","robots":{"index":"index","follow":"follow","max-snippet":"max-snippet:-1","max-image-preview":"max-image-preview:large","max-video-preview":"max-video-preview:-1"},"canonical":"https:\/\/eurorxdrugs.cc\/cs\/product\/female-viagra-sildenafil\/","og_locale":"cs_CZ","og_type":"article","og_title":"Objednejte Female Viagra (Sildenafil) bez receptu za n\u00edzkou cenu | Eurorxdrugs","og_description":"Kupte Female Viagra (Sildenafil) nyn\u00ed! Origin\u00e1ln\u00ed l\u00e9ky a rychl\u00e9 doru\u010den\u00ed v cen\u011b. 100% diskr\u00e9tn\u00ed a d\u016fv\u011brn\u00fd servis pro v\u0161echny na\u0161e z\u00e1kazn\u00edky na Eurorxdrugs","og_url":"https:\/\/eurorxdrugs.cc\/cs\/product\/female-viagra-sildenafil\/","og_site_name":"eurorxdrugs","article_modified_time":"2024-09-07T08:03:21+00:00","og_image":[{"width":270,"height":300,"url":"https:\/\/eurorxdrugs.cc\/cs\/wp-content\/uploads\/2024\/09\/237-min.jpg","type":"image\/jpeg"}],"twitter_card":"summary_large_image","twitter_misc":{"Odhadovan\u00e1 doba \u010dten\u00ed":"1 minuta"},"schema":{"@context":"https:\/\/schema.org","@graph":[{"@type":"WebPage","@id":"https:\/\/eurorxdrugs.cc\/cs\/product\/female-viagra-sildenafil\/","url":"https:\/\/eurorxdrugs.cc\/cs\/product\/female-viagra-sildenafil\/","name":"Objednejte Female Viagra (Sildenafil) bez receptu za n\u00edzkou cenu | Eurorxdrugs","isPartOf":{"@id":"https:\/\/eurorxdrugs.cc\/cs\/#website"},"datePublished":"2024-09-07T07:59:38+00:00","dateModified":"2024-09-07T08:03:21+00:00","description":"Kupte Female Viagra (Sildenafil) nyn\u00ed! Origin\u00e1ln\u00ed l\u00e9ky a rychl\u00e9 doru\u010den\u00ed v cen\u011b. 100% diskr\u00e9tn\u00ed a d\u016fv\u011brn\u00fd servis pro v\u0161echny na\u0161e z\u00e1kazn\u00edky na Eurorxdrugs","breadcrumb":{"@id":"https:\/\/eurorxdrugs.cc\/cs\/product\/female-viagra-sildenafil\/#breadcrumb"},"inLanguage":"cs","potentialAction":[{"@type":"ReadAction","target":["https:\/\/eurorxdrugs.cc\/cs\/product\/female-viagra-sildenafil\/"]}]},{"@type":"BreadcrumbList","@id":"https:\/\/eurorxdrugs.cc\/cs\/product\/female-viagra-sildenafil\/#breadcrumb","itemListElement":[{"@type":"ListItem","position":1,"name":"Home","item":"https:\/\/eurorxdrugs.cc\/cs\/"},{"@type":"ListItem","position":2,"name":"Products","item":"https:\/\/eurorxdrugs.cc\/cs\/shop\/"},{"@type":"ListItem","position":3,"name":"Female Viagra (Sildenafil)"}]},{"@type":"WebSite","@id":"https:\/\/eurorxdrugs.cc\/cs\/#website","url":"https:\/\/eurorxdrugs.cc\/cs\/","name":"eurorxdrugs","description":"","publisher":{"@id":"https:\/\/eurorxdrugs.cc\/cs\/#organization"},"potentialAction":[{"@type":"SearchAction","target":{"@type":"EntryPoint","urlTemplate":"https:\/\/eurorxdrugs.cc\/cs\/?s={search_term_string}"},"query-input":"required name=search_term_string"}],"inLanguage":"cs"},{"@type":"Organization","@id":"https:\/\/eurorxdrugs.cc\/cs\/#organization","name":"eurorxdrugs","url":"https:\/\/eurorxdrugs.cc\/cs\/","logo":{"@type":"ImageObject","inLanguage":"cs","@id":"https:\/\/eurorxdrugs.cc\/cs\/#\/schema\/logo\/image\/","url":"https:\/\/eurorxdrugs.cc\/cs\/wp-content\/uploads\/2024\/09\/logo-1-1.png","contentUrl":"https:\/\/eurorxdrugs.cc\/cs\/wp-content\/uploads\/2024\/09\/logo-1-1.png","width":233,"height":54,"caption":"eurorxdrugs"},"image":{"@id":"https:\/\/eurorxdrugs.cc\/cs\/#\/schema\/logo\/image\/"}}]}},"_links":{"self":[{"href":"https:\/\/eurorxdrugs.cc\/cs\/wp-json\/wp\/v2\/product\/773","targetHints":{"allow":["GET"]}}],"collection":[{"href":"https:\/\/eurorxdrugs.cc\/cs\/wp-json\/wp\/v2\/product"}],"about":[{"href":"https:\/\/eurorxdrugs.cc\/cs\/wp-json\/wp\/v2\/types\/product"}],"replies":[{"embeddable":true,"href":"https:\/\/eurorxdrugs.cc\/cs\/wp-json\/wp\/v2\/comments?post=773"}],"wp:featuredmedia":[{"embeddable":true,"href":"https:\/\/eurorxdrugs.cc\/cs\/wp-json\/wp\/v2\/media\/774"}],"wp:attachment":[{"href":"https:\/\/eurorxdrugs.cc\/cs\/wp-json\/wp\/v2\/media?parent=773"}],"wp:term":[{"taxonomy":"product_cat","embeddable":true,"href":"https:\/\/eurorxdrugs.cc\/cs\/wp-json\/wp\/v2\/product_cat?post=773"},{"taxonomy":"product_tag","embeddable":true,"href":"https:\/\/eurorxdrugs.cc\/cs\/wp-json\/wp\/v2\/product_tag?post=773"}],"curies":[{"name":"wp","href":"https:\/\/api.w.org\/{rel}","templated":true}]}}