{"id":932,"date":"2024-09-07T10:10:40","date_gmt":"2024-09-07T10:10:40","guid":{"rendered":"https:\/\/eurorxdrugs.cc\/cs\/?post_type=product&#038;p=932"},"modified":"2024-09-07T10:18:12","modified_gmt":"2024-09-07T10:18:12","slug":"hydrocodone","status":"publish","type":"product","link":"https:\/\/eurorxdrugs.cc\/cs\/product\/hydrocodone\/","title":{"rendered":"Hydrocodone"},"content":{"rendered":"<div class=\"pro-description_content\">\n<div style=\"text-align: left;\"><b>Important Information<\/b><\/div>\n<div style=\"text-align: left;\">Hydrocodone can slow or stop your breathing. Never use this medicine in larger amounts, or for longer than prescribed. Do not crush, break, or open an extended-release pill. Swallow it whole to avoid exposure to a potentially fatal dose.<\/div>\n<div style=\"text-align: left;\">Hydrocodone may be habit-forming, even at regular doses. Never share this medicine with another person, especially someone with a history of drug abuse or addiction. Keep the medication in a place where others cannot get to it.<\/div>\n<div style=\"text-align: left;\">MISUSE OF OPIOID MEDICINE CAN CAUSE ADDICTION, OVERDOSE, OR DEATH. Keep the medication in a place where others cannot get to it.<\/div>\n<div style=\"text-align: left;\">Tell your doctor if you are pregnant. Hydrocodone may cause life-threatening withdrawal symptoms in a newborn if the mother has taken this medicine during pregnancy.<\/div>\n<div style=\"text-align: left;\">Fatal side effects can occur if you use opioid medicine with alcohol, or with other drugs that cause drowsiness or slow your breathing.<\/div>\n<div style=\"text-align: left;\"><\/div>\n<div style=\"text-align: left;\"><b>Before taking this medicine<\/b><\/div>\n<div style=\"text-align: left;\">You should not use hydrocodone if you are allergic to it, or if you have:<\/div>\n<div style=\"text-align: left;\">\u00a0 \u00a0 \u2022 severe asthma or breathing problems; or<\/div>\n<div style=\"text-align: left;\"><\/div>\n<div style=\"text-align: left;\">\u00a0 \u00a0 \u2022 a blockage in your stomach or intestines.<\/div>\n<div style=\"text-align: left;\"><\/div>\n<div style=\"text-align: left;\"><b>To make sure hydrocodone is safe for you, tell your doctor if you have ever had:<\/b><\/div>\n<div style=\"text-align: left;\">\u00a0 \u00a0 \u2022 breathing problems, sleep apnea;<\/div>\n<div style=\"text-align: left;\">\u00a0 \u00a0 \u2022 a head injury, brain tumor, or seizures;<\/div>\n<div style=\"text-align: left;\">\u00a0 \u00a0 \u2022 drug or alcohol addiction, or mental illness;<\/div>\n<div style=\"text-align: left;\">\u00a0 \u00a0 \u2022 urination problems;<\/div>\n<div style=\"text-align: left;\">\u00a0 \u00a0 \u2022 liver or kidney disease;<\/div>\n<div style=\"text-align: left;\">\u00a0 \u00a0 \u2022 problems with your gallbladder, pancreas, or thyroid; or<\/div>\n<div style=\"text-align: left;\">\u00a0 \u00a0 \u2022 a heart rhythm disorder called long QT syndrome.<\/div>\n<div style=\"text-align: left;\"><\/div>\n<div style=\"text-align: left;\">If you use opioid medicine while you are pregnant, your baby could become dependent on the drug. This can cause life-threatening withdrawal symptoms in the baby after it is born. Babies born dependent on opioids may need medical treatment for several weeks.<\/div>\n<div style=\"text-align: left;\"><\/div>\n<div style=\"text-align: left;\">Do not breastfeed while taking this medicine. Hydrocodone can pass into breast milk and cause drowsiness, breathing problems, or death in a nursing baby.<\/div>\n<div style=\"text-align: left;\"><\/div>\n<div style=\"text-align: left;\"><b>How should I take hydrocodone?<\/b><\/div>\n<div style=\"text-align: left;\">Hydrocodone may be habit-forming, even at regular doses. Follow the directions on your prescription label and read all medication guides. Never use hydrocodone in larger amounts, or for longer than prescribed. Tell your doctor if you feel an increased urge to take more of this medicine.<\/div>\n<div style=\"text-align: left;\">Never share opioid medicine with another person, especially someone with a history of drug abuse or addiction. MISUSE CAN CAUSE ADDICTION, OVERDOSE, OR DEATH. Keep the medication in a place where others cannot get to it. Selling or giving away opioid medicine is against the law.<\/div>\n<div style=\"text-align: left;\">Your dose needs may be different if you have recently used a similar opioid pain medicine and your body is tolerant to it. Talk with your doctor if you are not sure you are opioid-tolerant.<\/div>\n<div style=\"text-align: left;\">Do not crush, break, or open an extended-release pill. Swallow it whole to avoid exposure to a potentially fatal dose. Never crush or break a hydrocodone pill to inhale the powder or mix it into a liquid to inject the drug into your vein. This can cause death.<\/div>\n<div style=\"text-align: left;\">Do not stop using this medicine suddenly after long-term use, or you could have serious withdrawal symptoms. Ask your doctor how to safely stop using hydrocodone.<\/div>\n<div style=\"text-align: left;\">Store at room temperature, away from heat, moisture, and light. Keep track of your medicine. You should be aware if anyone is using it improperly or without a prescription.<\/div>\n<div style=\"text-align: left;\">Do not keep leftover opioid medication. Just one dose can cause death in someone using this medicine accidentally or improperly. Ask your pharmacist where to locate a drug take-back disposal program. If there is no take-back program, flush the unused medicine down the toilet.<\/div>\n<div style=\"text-align: left;\"><\/div>\n<div style=\"text-align: left;\"><b>What happens if I miss a dose?<\/b><\/div>\n<div style=\"text-align: left;\">Since hydrocodone is used for pain, you are not likely to miss a dose. Skip any missed dose if it is almost time for your next dose. Do not use two doses at one time.<\/div>\n<div style=\"text-align: left;\"><\/div>\n<div style=\"text-align: left;\"><b>What should I avoid while taking hydrocodone?<\/b><\/div>\n<div style=\"text-align: left;\">Do not drink alcohol. Dangerous side effects or death could occur.<\/div>\n<div style=\"text-align: left;\">Avoid driving or hazardous activity until you know how hydrocodone will affect you. Dizziness or drowsiness can cause falls, accidents, or severe injuries.<\/div>\n<div style=\"text-align: left;\"><\/div>\n<div style=\"text-align: left;\"><b>Hydrocodone side effects<\/b><\/div>\n<div style=\"text-align: left;\">Get emergency medical help if you have signs of an allergic reaction to hydrocodone: hives; difficult breathing; swelling of your face, lips, tongue, or throat.<\/div>\n<div style=\"text-align: left;\">Opioid medicine can slow or stop your breathing, and death may occur. A person caring for you should seek emergency medical attention if you have slow breathing with long pauses, blue colored lips, or if you are hard to wake up.<\/div>\n<div style=\"text-align: left;\">Stop using hydrocodone and call your doctor at once if you have:<\/div>\n<div style=\"text-align: left;\">\u00a0 \u00a0 \u2022 noisy breathing, sighing, shallow breathing, breathing that stops during sleep;<\/div>\n<div style=\"text-align: left;\">\u00a0 \u00a0 \u2022 a low heart rate or weak pulse;<\/div>\n<div style=\"text-align: left;\">\u00a0 \u00a0 \u2022 pain or burning when you urinate;<\/div>\n<div style=\"text-align: left;\">\u00a0 \u00a0 \u2022 confusion, tremors, severe drowsiness;<\/div>\n<div style=\"text-align: left;\">\u00a0 \u00a0 \u2022 a light-headed feeling, like you might pass out; or<\/div>\n<div style=\"text-align: left;\">\u00a0 \u00a0 \u2022 low cortisol levels &#8211; nausea, vomiting, loss of appetite, dizziness, worsening tiredness or weakness.<\/div>\n<div style=\"text-align: left;\">Seek medical attention right away if you have symptoms of serotonin syndrome, such as: agitation, hallucinations, fever, sweating, shivering, fast heart rate, muscle stiffness, twitching, loss of coordination, nausea, vomiting, or diarrhea.<\/div>\n<div style=\"text-align: left;\">Serious side effects may be more likely in older adults and those who are malnourished or debilitated.<\/div>\n<div style=\"text-align: left;\">Long-term use of opioid medication may affect fertility (ability to have children) in men or women. It is not known whether opioid effects on fertility are permanent.<\/div>\n<div style=\"text-align: left;\"><b>\u00a0<\/b><\/div>\n<div style=\"text-align: left;\"><b>Common hydrocodone side effects may include:<\/b><\/div>\n<div style=\"text-align: left;\">\u00a0 \u00a0 \u2022 constipation, nausea, vomiting;<\/div>\n<div style=\"text-align: left;\">\u00a0 \u00a0 \u2022 dizziness, drowsiness, feeling tired;<\/div>\n<div style=\"text-align: left;\">\u00a0 \u00a0 \u2022 headache; or<\/div>\n<div style=\"text-align: left;\">\u00a0 \u00a0 \u2022 cold symptoms such as stuffy nose, sneezing, sore throat.<\/div>\n<div style=\"text-align: left;\"><\/div>\n<div style=\"text-align: left;\"><b>What other drugs will affect hydrocodone?<\/b><\/div>\n<div style=\"text-align: left;\">You may have breathing problems or withdrawal symptoms if you start or stop taking certain other medicines. Tell your doctor if you also use an antibiotic, antifungal medication, heart or blood pressure medication, seizure medication, or medicine to treat HIV or hepatitis C.<\/div>\n<div style=\"text-align: left;\">Opioid medication can interact with many other drugs and cause dangerous side effects or death. Be sure your doctor knows if you also use:<\/div>\n<div style=\"text-align: left;\">\u00a0 \u00a0 \u2022 cold or allergy medicines, bronchodilator asthma\/COPD medication, or a diuretic (&#8222;water pill&#8220;);<\/div>\n<div style=\"text-align: left;\">\u00a0 \u00a0 \u2022 medicines for motion sickness, irritable bowel syndrome, or overactive bladder;<\/div>\n<div style=\"text-align: left;\">\u00a0 \u00a0 \u2022 other narcotic medications &#8211; opioid pain medicine or prescription cough medicine;<\/div>\n<div style=\"text-align: left;\">\u00a0 \u00a0 \u2022 a sedative like Valium &#8211; diazepam, alprazolam, lorazepam, Xanax, Klonopin, Versed, and others;<\/div>\n<div style=\"text-align: left;\">\u00a0 \u00a0 \u2022 drugs that make you sleepy or slow your breathing &#8211; a sleeping pill, muscle relaxer, medicine to treat mood disorders or mental illness; or<\/div>\n<div style=\"text-align: left;\">\u00a0 \u00a0 \u2022 drugs that affect serotonin levels in your body &#8211; a stimulant, or medicine for depression, Parkinson&#8217;s disease, migraine headaches, serious infections, or nausea and vomiting.<\/div>\n<div style=\"text-align: left;\"><\/div>\n<div style=\"text-align: left;\">This list is not complete. Other drugs may interact with hydrocodone, including prescription and over-the-counter medicines, vitamins, and herbal products. Not all possible interactions are listed here.<\/div>\n<\/div>\n<div class=\"pro-description_comment\">\n<div class=\"pro-description_comment_img\"><\/div>\n<\/div>\n","protected":false},"excerpt":{"rendered":"<div><b>Commercial Name:<\/b>\u00a0Hydrocodone<\/div>\n<div><b>Active Ingredient:\u00a0<\/b>hydrocodone\/acetaminophen<\/div>\n<div><b>Production form:\u00a0<\/b>pills<\/div>\n<div><b>Utilization:<\/b>\u00a0pain reliever<\/div>\n<div><b>Available Dosages:<\/b>\u00a010mg\/540mg<\/div>\n","protected":false},"featured_media":933,"comment_status":"open","ping_status":"closed","template":"","meta":[],"product_cat":[36],"product_tag":[],"class_list":{"0":"post-932","1":"product","2":"type-product","3":"status-publish","4":"has-post-thumbnail","6":"product_cat-pain-management","8":"first","9":"instock","10":"shipping-taxable","11":"product-type-grouped"},"yoast_head":"<!-- This site is optimized with the Yoast SEO plugin v20.0 - https:\/\/yoast.com\/wordpress\/plugins\/seo\/ -->\n<title>Objednejte Hydrocodone bez receptu za n\u00edzkou cenu | Eurorxdrugs<\/title>\n<meta name=\"description\" content=\"Kupte Hydrocodone nyn\u00ed! Origin\u00e1ln\u00ed l\u00e9ky a rychl\u00e9 doru\u010den\u00ed v cen\u011b. 100% diskr\u00e9tn\u00ed a d\u016fv\u011brn\u00fd servis pro v\u0161echny na\u0161e z\u00e1kazn\u00edky na Eurorxdrugs\" \/>\n<meta name=\"robots\" content=\"index, follow, max-snippet:-1, max-image-preview:large, max-video-preview:-1\" \/>\n<link rel=\"canonical\" href=\"https:\/\/eurorxdrugs.cc\/cs\/product\/hydrocodone\/\" \/>\n<meta property=\"og:locale\" content=\"cs_CZ\" \/>\n<meta property=\"og:type\" content=\"article\" \/>\n<meta property=\"og:title\" content=\"Objednejte Hydrocodone bez receptu za n\u00edzkou cenu | Eurorxdrugs\" \/>\n<meta property=\"og:description\" content=\"Kupte Hydrocodone nyn\u00ed! Origin\u00e1ln\u00ed l\u00e9ky a rychl\u00e9 doru\u010den\u00ed v cen\u011b. 100% diskr\u00e9tn\u00ed a d\u016fv\u011brn\u00fd servis pro v\u0161echny na\u0161e z\u00e1kazn\u00edky na Eurorxdrugs\" \/>\n<meta property=\"og:url\" content=\"https:\/\/eurorxdrugs.cc\/cs\/product\/hydrocodone\/\" \/>\n<meta property=\"og:site_name\" content=\"eurorxdrugs\" \/>\n<meta property=\"article:modified_time\" content=\"2024-09-07T10:18:12+00:00\" \/>\n<meta property=\"og:image\" content=\"https:\/\/eurorxdrugs.cc\/cs\/wp-content\/uploads\/2024\/09\/362-min.jpg\" \/>\n\t<meta property=\"og:image:width\" content=\"270\" \/>\n\t<meta property=\"og:image:height\" content=\"300\" \/>\n\t<meta property=\"og:image:type\" content=\"image\/jpeg\" \/>\n<meta name=\"twitter:card\" content=\"summary_large_image\" \/>\n<meta name=\"twitter:label1\" content=\"Odhadovan\u00e1 doba \u010dten\u00ed\" \/>\n\t<meta name=\"twitter:data1\" content=\"5 minut\" \/>\n<script type=\"application\/ld+json\" class=\"yoast-schema-graph\">{\"@context\":\"https:\/\/schema.org\",\"@graph\":[{\"@type\":\"WebPage\",\"@id\":\"https:\/\/eurorxdrugs.cc\/cs\/product\/hydrocodone\/\",\"url\":\"https:\/\/eurorxdrugs.cc\/cs\/product\/hydrocodone\/\",\"name\":\"Objednejte Hydrocodone bez receptu za n\u00edzkou cenu | Eurorxdrugs\",\"isPartOf\":{\"@id\":\"https:\/\/eurorxdrugs.cc\/cs\/#website\"},\"datePublished\":\"2024-09-07T10:10:40+00:00\",\"dateModified\":\"2024-09-07T10:18:12+00:00\",\"description\":\"Kupte Hydrocodone nyn\u00ed! Origin\u00e1ln\u00ed l\u00e9ky a rychl\u00e9 doru\u010den\u00ed v cen\u011b. 100% diskr\u00e9tn\u00ed a d\u016fv\u011brn\u00fd servis pro v\u0161echny na\u0161e z\u00e1kazn\u00edky na Eurorxdrugs\",\"breadcrumb\":{\"@id\":\"https:\/\/eurorxdrugs.cc\/cs\/product\/hydrocodone\/#breadcrumb\"},\"inLanguage\":\"cs\",\"potentialAction\":[{\"@type\":\"ReadAction\",\"target\":[\"https:\/\/eurorxdrugs.cc\/cs\/product\/hydrocodone\/\"]}]},{\"@type\":\"BreadcrumbList\",\"@id\":\"https:\/\/eurorxdrugs.cc\/cs\/product\/hydrocodone\/#breadcrumb\",\"itemListElement\":[{\"@type\":\"ListItem\",\"position\":1,\"name\":\"Home\",\"item\":\"https:\/\/eurorxdrugs.cc\/cs\/\"},{\"@type\":\"ListItem\",\"position\":2,\"name\":\"Products\",\"item\":\"https:\/\/eurorxdrugs.cc\/cs\/shop\/\"},{\"@type\":\"ListItem\",\"position\":3,\"name\":\"Hydrocodone\"}]},{\"@type\":\"WebSite\",\"@id\":\"https:\/\/eurorxdrugs.cc\/cs\/#website\",\"url\":\"https:\/\/eurorxdrugs.cc\/cs\/\",\"name\":\"eurorxdrugs\",\"description\":\"\",\"publisher\":{\"@id\":\"https:\/\/eurorxdrugs.cc\/cs\/#organization\"},\"potentialAction\":[{\"@type\":\"SearchAction\",\"target\":{\"@type\":\"EntryPoint\",\"urlTemplate\":\"https:\/\/eurorxdrugs.cc\/cs\/?s={search_term_string}\"},\"query-input\":\"required name=search_term_string\"}],\"inLanguage\":\"cs\"},{\"@type\":\"Organization\",\"@id\":\"https:\/\/eurorxdrugs.cc\/cs\/#organization\",\"name\":\"eurorxdrugs\",\"url\":\"https:\/\/eurorxdrugs.cc\/cs\/\",\"logo\":{\"@type\":\"ImageObject\",\"inLanguage\":\"cs\",\"@id\":\"https:\/\/eurorxdrugs.cc\/cs\/#\/schema\/logo\/image\/\",\"url\":\"https:\/\/eurorxdrugs.cc\/cs\/wp-content\/uploads\/2024\/09\/logo-1-1.png\",\"contentUrl\":\"https:\/\/eurorxdrugs.cc\/cs\/wp-content\/uploads\/2024\/09\/logo-1-1.png\",\"width\":233,\"height\":54,\"caption\":\"eurorxdrugs\"},\"image\":{\"@id\":\"https:\/\/eurorxdrugs.cc\/cs\/#\/schema\/logo\/image\/\"}}]}<\/script>\n<!-- \/ Yoast SEO plugin. -->","yoast_head_json":{"title":"Objednejte Hydrocodone bez receptu za n\u00edzkou cenu | Eurorxdrugs","description":"Kupte Hydrocodone nyn\u00ed! Origin\u00e1ln\u00ed l\u00e9ky a rychl\u00e9 doru\u010den\u00ed v cen\u011b. 100% diskr\u00e9tn\u00ed a d\u016fv\u011brn\u00fd servis pro v\u0161echny na\u0161e z\u00e1kazn\u00edky na Eurorxdrugs","robots":{"index":"index","follow":"follow","max-snippet":"max-snippet:-1","max-image-preview":"max-image-preview:large","max-video-preview":"max-video-preview:-1"},"canonical":"https:\/\/eurorxdrugs.cc\/cs\/product\/hydrocodone\/","og_locale":"cs_CZ","og_type":"article","og_title":"Objednejte Hydrocodone bez receptu za n\u00edzkou cenu | Eurorxdrugs","og_description":"Kupte Hydrocodone nyn\u00ed! Origin\u00e1ln\u00ed l\u00e9ky a rychl\u00e9 doru\u010den\u00ed v cen\u011b. 100% diskr\u00e9tn\u00ed a d\u016fv\u011brn\u00fd servis pro v\u0161echny na\u0161e z\u00e1kazn\u00edky na Eurorxdrugs","og_url":"https:\/\/eurorxdrugs.cc\/cs\/product\/hydrocodone\/","og_site_name":"eurorxdrugs","article_modified_time":"2024-09-07T10:18:12+00:00","og_image":[{"width":270,"height":300,"url":"https:\/\/eurorxdrugs.cc\/cs\/wp-content\/uploads\/2024\/09\/362-min.jpg","type":"image\/jpeg"}],"twitter_card":"summary_large_image","twitter_misc":{"Odhadovan\u00e1 doba \u010dten\u00ed":"5 minut"},"schema":{"@context":"https:\/\/schema.org","@graph":[{"@type":"WebPage","@id":"https:\/\/eurorxdrugs.cc\/cs\/product\/hydrocodone\/","url":"https:\/\/eurorxdrugs.cc\/cs\/product\/hydrocodone\/","name":"Objednejte Hydrocodone bez receptu za n\u00edzkou cenu | Eurorxdrugs","isPartOf":{"@id":"https:\/\/eurorxdrugs.cc\/cs\/#website"},"datePublished":"2024-09-07T10:10:40+00:00","dateModified":"2024-09-07T10:18:12+00:00","description":"Kupte Hydrocodone nyn\u00ed! Origin\u00e1ln\u00ed l\u00e9ky a rychl\u00e9 doru\u010den\u00ed v cen\u011b. 100% diskr\u00e9tn\u00ed a d\u016fv\u011brn\u00fd servis pro v\u0161echny na\u0161e z\u00e1kazn\u00edky na Eurorxdrugs","breadcrumb":{"@id":"https:\/\/eurorxdrugs.cc\/cs\/product\/hydrocodone\/#breadcrumb"},"inLanguage":"cs","potentialAction":[{"@type":"ReadAction","target":["https:\/\/eurorxdrugs.cc\/cs\/product\/hydrocodone\/"]}]},{"@type":"BreadcrumbList","@id":"https:\/\/eurorxdrugs.cc\/cs\/product\/hydrocodone\/#breadcrumb","itemListElement":[{"@type":"ListItem","position":1,"name":"Home","item":"https:\/\/eurorxdrugs.cc\/cs\/"},{"@type":"ListItem","position":2,"name":"Products","item":"https:\/\/eurorxdrugs.cc\/cs\/shop\/"},{"@type":"ListItem","position":3,"name":"Hydrocodone"}]},{"@type":"WebSite","@id":"https:\/\/eurorxdrugs.cc\/cs\/#website","url":"https:\/\/eurorxdrugs.cc\/cs\/","name":"eurorxdrugs","description":"","publisher":{"@id":"https:\/\/eurorxdrugs.cc\/cs\/#organization"},"potentialAction":[{"@type":"SearchAction","target":{"@type":"EntryPoint","urlTemplate":"https:\/\/eurorxdrugs.cc\/cs\/?s={search_term_string}"},"query-input":"required name=search_term_string"}],"inLanguage":"cs"},{"@type":"Organization","@id":"https:\/\/eurorxdrugs.cc\/cs\/#organization","name":"eurorxdrugs","url":"https:\/\/eurorxdrugs.cc\/cs\/","logo":{"@type":"ImageObject","inLanguage":"cs","@id":"https:\/\/eurorxdrugs.cc\/cs\/#\/schema\/logo\/image\/","url":"https:\/\/eurorxdrugs.cc\/cs\/wp-content\/uploads\/2024\/09\/logo-1-1.png","contentUrl":"https:\/\/eurorxdrugs.cc\/cs\/wp-content\/uploads\/2024\/09\/logo-1-1.png","width":233,"height":54,"caption":"eurorxdrugs"},"image":{"@id":"https:\/\/eurorxdrugs.cc\/cs\/#\/schema\/logo\/image\/"}}]}},"_links":{"self":[{"href":"https:\/\/eurorxdrugs.cc\/cs\/wp-json\/wp\/v2\/product\/932","targetHints":{"allow":["GET"]}}],"collection":[{"href":"https:\/\/eurorxdrugs.cc\/cs\/wp-json\/wp\/v2\/product"}],"about":[{"href":"https:\/\/eurorxdrugs.cc\/cs\/wp-json\/wp\/v2\/types\/product"}],"replies":[{"embeddable":true,"href":"https:\/\/eurorxdrugs.cc\/cs\/wp-json\/wp\/v2\/comments?post=932"}],"wp:featuredmedia":[{"embeddable":true,"href":"https:\/\/eurorxdrugs.cc\/cs\/wp-json\/wp\/v2\/media\/933"}],"wp:attachment":[{"href":"https:\/\/eurorxdrugs.cc\/cs\/wp-json\/wp\/v2\/media?parent=932"}],"wp:term":[{"taxonomy":"product_cat","embeddable":true,"href":"https:\/\/eurorxdrugs.cc\/cs\/wp-json\/wp\/v2\/product_cat?post=932"},{"taxonomy":"product_tag","embeddable":true,"href":"https:\/\/eurorxdrugs.cc\/cs\/wp-json\/wp\/v2\/product_tag?post=932"}],"curies":[{"name":"wp","href":"https:\/\/api.w.org\/{rel}","templated":true}]}}