{"id":4824,"date":"2024-10-31T09:15:15","date_gmt":"2024-10-31T09:15:15","guid":{"rendered":"https:\/\/eurorxdrugs.cc\/en\/?post_type=product&#038;p=4824"},"modified":"2024-10-31T09:25:08","modified_gmt":"2024-10-31T09:25:08","slug":"plavix-clopidogrel","status":"publish","type":"product","link":"https:\/\/eurorxdrugs.cc\/en\/product\/plavix-clopidogrel\/","title":{"rendered":"Plavix (Clopidogrel)"},"content":{"rendered":"<div class=\"pro-description_name\">Beschreibung<\/div>\n<div class=\"pro-description_content\">\n<div><b>Allgemeine Anwendung<\/b><\/div>\n<div>\u00a0\u00a0\u00a0\u00a0\u00a0\u00a0\u00a0\u00a0Plavix Generika ist ein Antithrombozytenmittel, welches abwendet Man, als Thrombozytenfunktionshemmer. Das Wirkstoff diesem Mittel ist Clopidogrelbisulfat.<\/div>\n<div>\u00a0\u00a0\u00a0\u00a0\u00a0\u00a0\u00a0\u00a0Blutgerinnsel k\u00f6nnen im Blut aufGrund einer bestimmten Herz- oder Blutgef\u00e4\u00dfkrankheit aufsteigen. Das Pr\u00e4parat wird auch vorgeschrieben, um Schlaganf\u00e4lle und Herzinfarkte zu verhindern.<\/div>\n<div>\u00a0\u00a0\u00a0\u00a0\u00a0\u00a0\u00a0\u00a0In Kombination mit Aspirin kann Plavix Generic wirksamer gegen Schlaganf\u00e4lle eingesetzt werden. Aber es kann jedoch zu Blutungen kommen, deshalb in diesem Fall, sollten Sie einen Arzt geraten. Im Fall, wenn Sie Magengeschw\u00fcr oder bei Verletzungen mit einem Kopf haben Sie, vermeiden Sie die Verwendung von Plavix Generic, da sonst Blutungen auftreten k\u00f6nnen. Wenn Sie schwanger sind oder schwanger werden planen, sollten Sie den Rat Ihres Mediziner zur Dosierung und Wirksamkeit der Behandlung im Allgemeinen einholen.<\/div>\n<div><\/div>\n<div><b>M\u00f6gliche Nebenwirkungen<\/b><\/div>\n<div>\u00a0Einige Nebenwirkungen k\u00f6nnen von Plavix Generika auftreten. Es handelt sich um folgendes Symptomen:<\/div>\n<div>\u2022 blutige oder teerartige Hocker<\/div>\n<div>\u2022 Blut im Urin<\/div>\n<div>\u2022 Husten mit Blut<\/div>\n<div>\u2022 Erbrechen als Kaffeefarbe<\/div>\n<div>\u2022 enorm Brustschmerzen, die sich in verschiedenen K\u00f6rperregionen entwickeln k\u00f6nnen<\/div>\n<div>\u2022 die Schw\u00e4che<\/div>\n<div>\u2022 Kopfschmerzen<\/div>\n<div>\u2022 Best\u00fcrzung<\/div>\n<div>\u2022 Fieber usw.<\/div>\n<div>\u00a0\u00a0\u00a0\u00a0\u00a0\u00a0\u00a0\u00a0Wenn durch der Einnahme von Plavix Generika solche Probleme auftreten, sollten Sie es sofort abbrechen und sich an Ihren Arzt wenden.<\/div>\n<\/div>\n","protected":false},"excerpt":{"rendered":"<div><b>Handelsname:<\/b> Plavix<\/div>\n<div><b>Hauptbestandteil: <\/b>Clopidogrel<\/div>\n<div><b>Produktionsform: <\/b>Pillen<\/div>\n<div><b>Anwendung: <\/b>Behandelt und verhindert Herzkrankheiten, AVC \/ Sanguine-Gerinnsel \/ Akutes Koronarsyndrom<\/div>\n<div><b>Verf\u00fcgbare Dosierung:\u00a0<\/b>75mg, 150mg<\/div>\n","protected":false},"featured_media":4825,"comment_status":"open","ping_status":"closed","template":"","meta":[],"product_cat":[49],"product_tag":[],"class_list":{"0":"post-4824","1":"product","2":"type-product","3":"status-publish","4":"has-post-thumbnail","6":"product_cat-heart-cholesterol","8":"first","9":"instock","10":"shipping-taxable","11":"product-type-grouped"},"yoast_head":"<!-- This site is optimized with the Yoast SEO plugin v20.0 - https:\/\/yoast.com\/wordpress\/plugins\/seo\/ -->\n<title>Plavix (Clopidogrel) without prescription with low price | Eurorxdrugs<\/title>\n<meta name=\"description\" content=\"Plavix (Clopidogrel) now! Genuine medication and, fast delivery included. 100% discreet and confidential service for all our customers Eurorxdrugs\" \/>\n<meta name=\"robots\" content=\"index, follow, max-snippet:-1, max-image-preview:large, max-video-preview:-1\" \/>\n<link rel=\"canonical\" href=\"https:\/\/eurorxdrugs.cc\/en\/product\/plavix-clopidogrel\/\" \/>\n<meta property=\"og:locale\" content=\"en_US\" \/>\n<meta property=\"og:type\" content=\"article\" \/>\n<meta property=\"og:title\" content=\"Plavix (Clopidogrel) without prescription with low price | Eurorxdrugs\" \/>\n<meta property=\"og:description\" content=\"Plavix (Clopidogrel) now! Genuine medication and, fast delivery included. 100% discreet and confidential service for all our customers Eurorxdrugs\" \/>\n<meta property=\"og:url\" content=\"https:\/\/eurorxdrugs.cc\/en\/product\/plavix-clopidogrel\/\" \/>\n<meta property=\"og:site_name\" content=\"eurorxdrugs\" \/>\n<meta property=\"article:modified_time\" content=\"2024-10-31T09:25:08+00:00\" \/>\n<meta property=\"og:image\" content=\"https:\/\/eurorxdrugs.cc\/en\/wp-content\/uploads\/2024\/10\/49-min.jpg\" \/>\n\t<meta property=\"og:image:width\" content=\"270\" \/>\n\t<meta property=\"og:image:height\" content=\"300\" \/>\n\t<meta property=\"og:image:type\" content=\"image\/jpeg\" \/>\n<meta name=\"twitter:card\" content=\"summary_large_image\" \/>\n<meta name=\"twitter:label1\" content=\"Est. reading time\" \/>\n\t<meta name=\"twitter:data1\" content=\"2 minutes\" \/>\n<script type=\"application\/ld+json\" class=\"yoast-schema-graph\">{\"@context\":\"https:\/\/schema.org\",\"@graph\":[{\"@type\":\"WebPage\",\"@id\":\"https:\/\/eurorxdrugs.cc\/en\/product\/plavix-clopidogrel\/\",\"url\":\"https:\/\/eurorxdrugs.cc\/en\/product\/plavix-clopidogrel\/\",\"name\":\"Plavix (Clopidogrel) without prescription with low price | Eurorxdrugs\",\"isPartOf\":{\"@id\":\"https:\/\/eurorxdrugs.cc\/en\/#website\"},\"datePublished\":\"2024-10-31T09:15:15+00:00\",\"dateModified\":\"2024-10-31T09:25:08+00:00\",\"description\":\"Plavix (Clopidogrel) now! Genuine medication and, fast delivery included. 100% discreet and confidential service for all our customers Eurorxdrugs\",\"breadcrumb\":{\"@id\":\"https:\/\/eurorxdrugs.cc\/en\/product\/plavix-clopidogrel\/#breadcrumb\"},\"inLanguage\":\"en-US\",\"potentialAction\":[{\"@type\":\"ReadAction\",\"target\":[\"https:\/\/eurorxdrugs.cc\/en\/product\/plavix-clopidogrel\/\"]}]},{\"@type\":\"BreadcrumbList\",\"@id\":\"https:\/\/eurorxdrugs.cc\/en\/product\/plavix-clopidogrel\/#breadcrumb\",\"itemListElement\":[{\"@type\":\"ListItem\",\"position\":1,\"name\":\"Home\",\"item\":\"https:\/\/eurorxdrugs.cc\/en\/\"},{\"@type\":\"ListItem\",\"position\":2,\"name\":\"Products\",\"item\":\"https:\/\/eurorxdrugs.cc\/en\/shop\/\"},{\"@type\":\"ListItem\",\"position\":3,\"name\":\"Plavix (Clopidogrel)\"}]},{\"@type\":\"WebSite\",\"@id\":\"https:\/\/eurorxdrugs.cc\/en\/#website\",\"url\":\"https:\/\/eurorxdrugs.cc\/en\/\",\"name\":\"eurorxdrugs\",\"description\":\"\",\"publisher\":{\"@id\":\"https:\/\/eurorxdrugs.cc\/en\/#organization\"},\"potentialAction\":[{\"@type\":\"SearchAction\",\"target\":{\"@type\":\"EntryPoint\",\"urlTemplate\":\"https:\/\/eurorxdrugs.cc\/en\/?s={search_term_string}\"},\"query-input\":\"required name=search_term_string\"}],\"inLanguage\":\"en-US\"},{\"@type\":\"Organization\",\"@id\":\"https:\/\/eurorxdrugs.cc\/en\/#organization\",\"name\":\"eurorxdrugs\",\"url\":\"https:\/\/eurorxdrugs.cc\/en\/\",\"logo\":{\"@type\":\"ImageObject\",\"inLanguage\":\"en-US\",\"@id\":\"https:\/\/eurorxdrugs.cc\/en\/#\/schema\/logo\/image\/\",\"url\":\"https:\/\/eurorxdrugs.cc\/en\/wp-content\/uploads\/2024\/09\/logo-1-1.png\",\"contentUrl\":\"https:\/\/eurorxdrugs.cc\/en\/wp-content\/uploads\/2024\/09\/logo-1-1.png\",\"width\":233,\"height\":54,\"caption\":\"eurorxdrugs\"},\"image\":{\"@id\":\"https:\/\/eurorxdrugs.cc\/en\/#\/schema\/logo\/image\/\"}}]}<\/script>\n<!-- \/ Yoast SEO plugin. -->","yoast_head_json":{"title":"Plavix (Clopidogrel) without prescription with low price | Eurorxdrugs","description":"Plavix (Clopidogrel) now! Genuine medication and, fast delivery included. 100% discreet and confidential service for all our customers Eurorxdrugs","robots":{"index":"index","follow":"follow","max-snippet":"max-snippet:-1","max-image-preview":"max-image-preview:large","max-video-preview":"max-video-preview:-1"},"canonical":"https:\/\/eurorxdrugs.cc\/en\/product\/plavix-clopidogrel\/","og_locale":"en_US","og_type":"article","og_title":"Plavix (Clopidogrel) without prescription with low price | Eurorxdrugs","og_description":"Plavix (Clopidogrel) now! Genuine medication and, fast delivery included. 100% discreet and confidential service for all our customers Eurorxdrugs","og_url":"https:\/\/eurorxdrugs.cc\/en\/product\/plavix-clopidogrel\/","og_site_name":"eurorxdrugs","article_modified_time":"2024-10-31T09:25:08+00:00","og_image":[{"width":270,"height":300,"url":"https:\/\/eurorxdrugs.cc\/en\/wp-content\/uploads\/2024\/10\/49-min.jpg","type":"image\/jpeg"}],"twitter_card":"summary_large_image","twitter_misc":{"Est. reading time":"2 minutes"},"schema":{"@context":"https:\/\/schema.org","@graph":[{"@type":"WebPage","@id":"https:\/\/eurorxdrugs.cc\/en\/product\/plavix-clopidogrel\/","url":"https:\/\/eurorxdrugs.cc\/en\/product\/plavix-clopidogrel\/","name":"Plavix (Clopidogrel) without prescription with low price | Eurorxdrugs","isPartOf":{"@id":"https:\/\/eurorxdrugs.cc\/en\/#website"},"datePublished":"2024-10-31T09:15:15+00:00","dateModified":"2024-10-31T09:25:08+00:00","description":"Plavix (Clopidogrel) now! Genuine medication and, fast delivery included. 100% discreet and confidential service for all our customers Eurorxdrugs","breadcrumb":{"@id":"https:\/\/eurorxdrugs.cc\/en\/product\/plavix-clopidogrel\/#breadcrumb"},"inLanguage":"en-US","potentialAction":[{"@type":"ReadAction","target":["https:\/\/eurorxdrugs.cc\/en\/product\/plavix-clopidogrel\/"]}]},{"@type":"BreadcrumbList","@id":"https:\/\/eurorxdrugs.cc\/en\/product\/plavix-clopidogrel\/#breadcrumb","itemListElement":[{"@type":"ListItem","position":1,"name":"Home","item":"https:\/\/eurorxdrugs.cc\/en\/"},{"@type":"ListItem","position":2,"name":"Products","item":"https:\/\/eurorxdrugs.cc\/en\/shop\/"},{"@type":"ListItem","position":3,"name":"Plavix (Clopidogrel)"}]},{"@type":"WebSite","@id":"https:\/\/eurorxdrugs.cc\/en\/#website","url":"https:\/\/eurorxdrugs.cc\/en\/","name":"eurorxdrugs","description":"","publisher":{"@id":"https:\/\/eurorxdrugs.cc\/en\/#organization"},"potentialAction":[{"@type":"SearchAction","target":{"@type":"EntryPoint","urlTemplate":"https:\/\/eurorxdrugs.cc\/en\/?s={search_term_string}"},"query-input":"required name=search_term_string"}],"inLanguage":"en-US"},{"@type":"Organization","@id":"https:\/\/eurorxdrugs.cc\/en\/#organization","name":"eurorxdrugs","url":"https:\/\/eurorxdrugs.cc\/en\/","logo":{"@type":"ImageObject","inLanguage":"en-US","@id":"https:\/\/eurorxdrugs.cc\/en\/#\/schema\/logo\/image\/","url":"https:\/\/eurorxdrugs.cc\/en\/wp-content\/uploads\/2024\/09\/logo-1-1.png","contentUrl":"https:\/\/eurorxdrugs.cc\/en\/wp-content\/uploads\/2024\/09\/logo-1-1.png","width":233,"height":54,"caption":"eurorxdrugs"},"image":{"@id":"https:\/\/eurorxdrugs.cc\/en\/#\/schema\/logo\/image\/"}}]}},"_links":{"self":[{"href":"https:\/\/eurorxdrugs.cc\/en\/wp-json\/wp\/v2\/product\/4824","targetHints":{"allow":["GET"]}}],"collection":[{"href":"https:\/\/eurorxdrugs.cc\/en\/wp-json\/wp\/v2\/product"}],"about":[{"href":"https:\/\/eurorxdrugs.cc\/en\/wp-json\/wp\/v2\/types\/product"}],"replies":[{"embeddable":true,"href":"https:\/\/eurorxdrugs.cc\/en\/wp-json\/wp\/v2\/comments?post=4824"}],"wp:featuredmedia":[{"embeddable":true,"href":"https:\/\/eurorxdrugs.cc\/en\/wp-json\/wp\/v2\/media\/4825"}],"wp:attachment":[{"href":"https:\/\/eurorxdrugs.cc\/en\/wp-json\/wp\/v2\/media?parent=4824"}],"wp:term":[{"taxonomy":"product_cat","embeddable":true,"href":"https:\/\/eurorxdrugs.cc\/en\/wp-json\/wp\/v2\/product_cat?post=4824"},{"taxonomy":"product_tag","embeddable":true,"href":"https:\/\/eurorxdrugs.cc\/en\/wp-json\/wp\/v2\/product_tag?post=4824"}],"curies":[{"name":"wp","href":"https:\/\/api.w.org\/{rel}","templated":true}]}}