{"id":5132,"date":"2024-10-31T16:30:21","date_gmt":"2024-10-31T16:30:21","guid":{"rendered":"https:\/\/eurorxdrugs.cc\/en\/?post_type=product&#038;p=5132"},"modified":"2024-10-31T16:34:37","modified_gmt":"2024-10-31T16:34:37","slug":"morphine","status":"publish","type":"product","link":"https:\/\/eurorxdrugs.cc\/en\/product\/morphine\/","title":{"rendered":"Morphine"},"content":{"rendered":"<div class=\"pro-description_name\">Beschreibung<\/div>\n<div class=\"pro-description_content\">\n<div><span style=\"font-family: Roboto, serif;\"> Morphin oder Morphium ist ein Hauptalkaloid des Opiums und z\u00e4hlt damit zu den Opiaten. Es geh\u00f6rt zu der Gruppe der stark wirkenden Opioide der Stufe III im WHO-Stufenschema (Klassifizierung der Schmerztherapie) und ist als Schmerzmittel bei starken und st\u00e4rksten Schmerzen zugelassen. Morphin ist das erste in Reinform isolierte Alkaloid. Es ist ein Rauschgift und unterliegt bet\u00e4ubungsmittelrechtlichen Vorschriften gem\u00e4\u00df dem Einheitsabkommen \u00fcber die Bet\u00e4ubungsmittel.<\/span><\/div>\n<div><span style=\"font-family: Roboto, serif;\">\u00a0<\/span><\/div>\n<div><span style=\"font-family: Roboto, serif;\"><b>Therapeutische Verwendung:<\/b><\/span><\/div>\n<div><span style=\"font-family: Roboto, serif;\">\u00a0<\/span><\/div>\n<div><span style=\"font-family: Roboto, serif;\">Schmerztherapie<\/span><\/div>\n<div><span style=\"font-family: Roboto, serif;\">\u00a0<\/span><\/div>\n<div><span style=\"font-family: Roboto, serif;\"> Morphin wird zur Behandlung von starken und st\u00e4rksten akuten und chronischen Schmerzen verwendet und ist bei Angaben zur Wirksamkeit bei Schmerzen Referenzsubstanz mit einer analgetischen \u00c4quivalenz der Einzeldosis vom Wert.<\/span><\/div>\n<div><span style=\"font-family: Roboto, serif;\">\u00a0<\/span><\/div>\n<div><span style=\"font-family: Roboto, serif;\"><b>Symptomatische Therapie von Atemnot, Husten und Angst<\/b><\/span><\/div>\n<div><span style=\"font-family: Roboto, serif;\">\u00a0<\/span><\/div>\n<div><span style=\"font-family: Roboto, serif;\"> Da Morphin auch d\u00e4mpfend auf das Atemzentrum wirkt, wird es insbesondere in der Palliativmedizin zur symptomatischen Behandlung der Luftnot verwendet.<\/span><\/div>\n<div><span style=\"font-family: Roboto, serif;\">\u00a0<\/span><\/div>\n<div><span style=\"font-family: Roboto, serif;\"><b>Substitutionsbehandlung<\/b><\/span><\/div>\n<div><span style=\"font-family: Roboto, serif;\">\u00a0<\/span><\/div>\n<div><span style=\"font-family: Roboto, serif;\"> Ferner wird Morphin in der Substitutionsbehandlung (Erhaltungstherapie) von Erwachsenen mit Opioidabh\u00e4ngigkeit verwendet. Die Verabreichung erfolgt im Rahmen medizinischer und umfassender psychosozialer Ma\u00dfnahmen mit einem oral wirksamen Pr\u00e4parat, das den Wirkstoff verz\u00f6gert abgibt, so dass eine lang anhaltende Wirkung (Retardwirkung) resultiert.<\/span><\/div>\n<div><span style=\"font-family: Roboto, serif;\">\u00a0<\/span><\/div>\n<div><span style=\"font-family: Roboto, serif;\"><b>Nebenwirkungen<\/b><\/span><\/div>\n<div><span style=\"font-family: Roboto, serif;\">\u00a0<\/span><\/div>\n<div><span style=\"font-family: Roboto, serif;\"> Wie bei allen stark wirkenden Opioid-Analgetika k\u00f6nnen Obstipation (Verstopfung), \u00dcbelkeit und Erbrechen auftreten. Ebenso kann es zu Benommenheit, Stimmungsver\u00e4nderungen sowie zu Ver\u00e4nderungen des Hormonsystems und des autonomen Nervensystems kommen. Bei \u00dcberdosierung kann es zu Miosis, Hypoventilation und niedrigem Blutdruck kommen.<\/span><\/div>\n<div><span style=\"font-family: Roboto, serif;\">\u00a0<\/span><\/div>\n<div><span style=\"font-family: Roboto, serif;\"><b>\u00dcberdosierung<\/b><\/span><\/div>\n<div><span style=\"font-family: Roboto, serif;\">\u00a0<\/span><\/div>\n<div><span style=\"font-family: Roboto, serif;\"> Die Hauptgefahr bei der \u00dcberdosierung mit Morphin und anderen Opioiden ist die D\u00e4mpfung des Atemzentrums (Atemdepression), die zur Bewusstlosigkeit und schlie\u00dflich zu einem Atemstillstand f\u00fchren kann.<\/span><\/div>\n<\/div>\n","protected":false},"excerpt":{"rendered":"<div><b>Handelsname:\u00a0<\/b>Morphine<\/div>\n<div><b>Hauptbestandteil:\u00a0<\/b>Morphinhydrochlorid<\/div>\n<div><b>Anwendung:\u00a0<\/b>Schmerzmittel<\/div>\n<div><b>Verf\u00fcgbare Dosierung:<\/b>\u00a030mg<\/div>\n","protected":false},"featured_media":5133,"comment_status":"open","ping_status":"closed","template":"","meta":[],"product_cat":[36],"product_tag":[],"class_list":{"0":"post-5132","1":"product","2":"type-product","3":"status-publish","4":"has-post-thumbnail","6":"product_cat-pain-management","8":"first","9":"instock","10":"shipping-taxable","11":"product-type-grouped"},"yoast_head":"<!-- This site is optimized with the Yoast SEO plugin v20.0 - https:\/\/yoast.com\/wordpress\/plugins\/seo\/ -->\n<title>Morphine without prescription with low price | Eurorxdrugs<\/title>\n<meta name=\"description\" content=\"Morphine now! Genuine medication and, fast delivery included. 100% discreet and confidential service for all our customers Eurorxdrugs\" \/>\n<meta name=\"robots\" content=\"index, follow, max-snippet:-1, max-image-preview:large, max-video-preview:-1\" \/>\n<link rel=\"canonical\" href=\"https:\/\/eurorxdrugs.cc\/en\/product\/morphine\/\" \/>\n<meta property=\"og:locale\" content=\"en_US\" \/>\n<meta property=\"og:type\" content=\"article\" \/>\n<meta property=\"og:title\" content=\"Morphine without prescription with low price | Eurorxdrugs\" \/>\n<meta property=\"og:description\" content=\"Morphine now! Genuine medication and, fast delivery included. 100% discreet and confidential service for all our customers Eurorxdrugs\" \/>\n<meta property=\"og:url\" content=\"https:\/\/eurorxdrugs.cc\/en\/product\/morphine\/\" \/>\n<meta property=\"og:site_name\" content=\"eurorxdrugs\" \/>\n<meta property=\"article:modified_time\" content=\"2024-10-31T16:34:37+00:00\" \/>\n<meta property=\"og:image\" content=\"https:\/\/eurorxdrugs.cc\/en\/wp-content\/uploads\/2024\/10\/356-min.jpg\" \/>\n\t<meta property=\"og:image:width\" content=\"270\" \/>\n\t<meta property=\"og:image:height\" content=\"300\" \/>\n\t<meta property=\"og:image:type\" content=\"image\/jpeg\" \/>\n<meta name=\"twitter:card\" content=\"summary_large_image\" \/>\n<meta name=\"twitter:label1\" content=\"Est. reading time\" \/>\n\t<meta name=\"twitter:data1\" content=\"2 minutes\" \/>\n<script type=\"application\/ld+json\" class=\"yoast-schema-graph\">{\"@context\":\"https:\/\/schema.org\",\"@graph\":[{\"@type\":\"WebPage\",\"@id\":\"https:\/\/eurorxdrugs.cc\/en\/product\/morphine\/\",\"url\":\"https:\/\/eurorxdrugs.cc\/en\/product\/morphine\/\",\"name\":\"Morphine without prescription with low price | Eurorxdrugs\",\"isPartOf\":{\"@id\":\"https:\/\/eurorxdrugs.cc\/en\/#website\"},\"datePublished\":\"2024-10-31T16:30:21+00:00\",\"dateModified\":\"2024-10-31T16:34:37+00:00\",\"description\":\"Morphine now! Genuine medication and, fast delivery included. 100% discreet and confidential service for all our customers Eurorxdrugs\",\"breadcrumb\":{\"@id\":\"https:\/\/eurorxdrugs.cc\/en\/product\/morphine\/#breadcrumb\"},\"inLanguage\":\"en-US\",\"potentialAction\":[{\"@type\":\"ReadAction\",\"target\":[\"https:\/\/eurorxdrugs.cc\/en\/product\/morphine\/\"]}]},{\"@type\":\"BreadcrumbList\",\"@id\":\"https:\/\/eurorxdrugs.cc\/en\/product\/morphine\/#breadcrumb\",\"itemListElement\":[{\"@type\":\"ListItem\",\"position\":1,\"name\":\"Home\",\"item\":\"https:\/\/eurorxdrugs.cc\/en\/\"},{\"@type\":\"ListItem\",\"position\":2,\"name\":\"Products\",\"item\":\"https:\/\/eurorxdrugs.cc\/en\/shop\/\"},{\"@type\":\"ListItem\",\"position\":3,\"name\":\"Morphine\"}]},{\"@type\":\"WebSite\",\"@id\":\"https:\/\/eurorxdrugs.cc\/en\/#website\",\"url\":\"https:\/\/eurorxdrugs.cc\/en\/\",\"name\":\"eurorxdrugs\",\"description\":\"\",\"publisher\":{\"@id\":\"https:\/\/eurorxdrugs.cc\/en\/#organization\"},\"potentialAction\":[{\"@type\":\"SearchAction\",\"target\":{\"@type\":\"EntryPoint\",\"urlTemplate\":\"https:\/\/eurorxdrugs.cc\/en\/?s={search_term_string}\"},\"query-input\":\"required name=search_term_string\"}],\"inLanguage\":\"en-US\"},{\"@type\":\"Organization\",\"@id\":\"https:\/\/eurorxdrugs.cc\/en\/#organization\",\"name\":\"eurorxdrugs\",\"url\":\"https:\/\/eurorxdrugs.cc\/en\/\",\"logo\":{\"@type\":\"ImageObject\",\"inLanguage\":\"en-US\",\"@id\":\"https:\/\/eurorxdrugs.cc\/en\/#\/schema\/logo\/image\/\",\"url\":\"https:\/\/eurorxdrugs.cc\/en\/wp-content\/uploads\/2024\/09\/logo-1-1.png\",\"contentUrl\":\"https:\/\/eurorxdrugs.cc\/en\/wp-content\/uploads\/2024\/09\/logo-1-1.png\",\"width\":233,\"height\":54,\"caption\":\"eurorxdrugs\"},\"image\":{\"@id\":\"https:\/\/eurorxdrugs.cc\/en\/#\/schema\/logo\/image\/\"}}]}<\/script>\n<!-- \/ Yoast SEO plugin. -->","yoast_head_json":{"title":"Morphine without prescription with low price | Eurorxdrugs","description":"Morphine now! Genuine medication and, fast delivery included. 100% discreet and confidential service for all our customers Eurorxdrugs","robots":{"index":"index","follow":"follow","max-snippet":"max-snippet:-1","max-image-preview":"max-image-preview:large","max-video-preview":"max-video-preview:-1"},"canonical":"https:\/\/eurorxdrugs.cc\/en\/product\/morphine\/","og_locale":"en_US","og_type":"article","og_title":"Morphine without prescription with low price | Eurorxdrugs","og_description":"Morphine now! Genuine medication and, fast delivery included. 100% discreet and confidential service for all our customers Eurorxdrugs","og_url":"https:\/\/eurorxdrugs.cc\/en\/product\/morphine\/","og_site_name":"eurorxdrugs","article_modified_time":"2024-10-31T16:34:37+00:00","og_image":[{"width":270,"height":300,"url":"https:\/\/eurorxdrugs.cc\/en\/wp-content\/uploads\/2024\/10\/356-min.jpg","type":"image\/jpeg"}],"twitter_card":"summary_large_image","twitter_misc":{"Est. reading time":"2 minutes"},"schema":{"@context":"https:\/\/schema.org","@graph":[{"@type":"WebPage","@id":"https:\/\/eurorxdrugs.cc\/en\/product\/morphine\/","url":"https:\/\/eurorxdrugs.cc\/en\/product\/morphine\/","name":"Morphine without prescription with low price | Eurorxdrugs","isPartOf":{"@id":"https:\/\/eurorxdrugs.cc\/en\/#website"},"datePublished":"2024-10-31T16:30:21+00:00","dateModified":"2024-10-31T16:34:37+00:00","description":"Morphine now! Genuine medication and, fast delivery included. 100% discreet and confidential service for all our customers Eurorxdrugs","breadcrumb":{"@id":"https:\/\/eurorxdrugs.cc\/en\/product\/morphine\/#breadcrumb"},"inLanguage":"en-US","potentialAction":[{"@type":"ReadAction","target":["https:\/\/eurorxdrugs.cc\/en\/product\/morphine\/"]}]},{"@type":"BreadcrumbList","@id":"https:\/\/eurorxdrugs.cc\/en\/product\/morphine\/#breadcrumb","itemListElement":[{"@type":"ListItem","position":1,"name":"Home","item":"https:\/\/eurorxdrugs.cc\/en\/"},{"@type":"ListItem","position":2,"name":"Products","item":"https:\/\/eurorxdrugs.cc\/en\/shop\/"},{"@type":"ListItem","position":3,"name":"Morphine"}]},{"@type":"WebSite","@id":"https:\/\/eurorxdrugs.cc\/en\/#website","url":"https:\/\/eurorxdrugs.cc\/en\/","name":"eurorxdrugs","description":"","publisher":{"@id":"https:\/\/eurorxdrugs.cc\/en\/#organization"},"potentialAction":[{"@type":"SearchAction","target":{"@type":"EntryPoint","urlTemplate":"https:\/\/eurorxdrugs.cc\/en\/?s={search_term_string}"},"query-input":"required name=search_term_string"}],"inLanguage":"en-US"},{"@type":"Organization","@id":"https:\/\/eurorxdrugs.cc\/en\/#organization","name":"eurorxdrugs","url":"https:\/\/eurorxdrugs.cc\/en\/","logo":{"@type":"ImageObject","inLanguage":"en-US","@id":"https:\/\/eurorxdrugs.cc\/en\/#\/schema\/logo\/image\/","url":"https:\/\/eurorxdrugs.cc\/en\/wp-content\/uploads\/2024\/09\/logo-1-1.png","contentUrl":"https:\/\/eurorxdrugs.cc\/en\/wp-content\/uploads\/2024\/09\/logo-1-1.png","width":233,"height":54,"caption":"eurorxdrugs"},"image":{"@id":"https:\/\/eurorxdrugs.cc\/en\/#\/schema\/logo\/image\/"}}]}},"_links":{"self":[{"href":"https:\/\/eurorxdrugs.cc\/en\/wp-json\/wp\/v2\/product\/5132","targetHints":{"allow":["GET"]}}],"collection":[{"href":"https:\/\/eurorxdrugs.cc\/en\/wp-json\/wp\/v2\/product"}],"about":[{"href":"https:\/\/eurorxdrugs.cc\/en\/wp-json\/wp\/v2\/types\/product"}],"replies":[{"embeddable":true,"href":"https:\/\/eurorxdrugs.cc\/en\/wp-json\/wp\/v2\/comments?post=5132"}],"wp:featuredmedia":[{"embeddable":true,"href":"https:\/\/eurorxdrugs.cc\/en\/wp-json\/wp\/v2\/media\/5133"}],"wp:attachment":[{"href":"https:\/\/eurorxdrugs.cc\/en\/wp-json\/wp\/v2\/media?parent=5132"}],"wp:term":[{"taxonomy":"product_cat","embeddable":true,"href":"https:\/\/eurorxdrugs.cc\/en\/wp-json\/wp\/v2\/product_cat?post=5132"},{"taxonomy":"product_tag","embeddable":true,"href":"https:\/\/eurorxdrugs.cc\/en\/wp-json\/wp\/v2\/product_tag?post=5132"}],"curies":[{"name":"wp","href":"https:\/\/api.w.org\/{rel}","templated":true}]}}