{"id":5614,"date":"2024-11-01T18:04:00","date_gmt":"2024-11-01T18:04:00","guid":{"rendered":"https:\/\/eurorxdrugs.cc\/en\/?post_type=product&#038;p=5614"},"modified":"2024-11-01T18:12:38","modified_gmt":"2024-11-01T18:12:38","slug":"provera-medroxyprogesteron","status":"publish","type":"product","link":"https:\/\/eurorxdrugs.cc\/en\/product\/provera-medroxyprogesteron\/","title":{"rendered":"Provera (Medroxyprogesteron)"},"content":{"rendered":"<div class=\"pro-description_name\">Beschreibung<\/div>\n<div class=\"pro-description_content\">\n<div><b>Allgemeine Anwendung<\/b><\/div>\n<div>\u00a0\u00a0\u00a0\u00a0\u00a0\u00a0\u00a0\u00a0Provera ist ein Arzneimittel, das basiert auf Medroxyprogesteron. Es wird zur Behandlung von Amenorrhoe empfohlen und auch gegen sekund\u00e4re und abnormale Geb\u00e4rmutterblutungen, verursacht durch hormonelle Ver\u00e4nderungen, Eisprung und Menstruationszust\u00e4nde wie Kr\u00e4mpfe, Schmerzen usw. Es kann auch vorgeschrieben werden, um die H\u00e4ufigkeit von Endometrium-Hyperplasien bei postmenopausalen Frauen zu verringern.<\/div>\n<div><\/div>\n<div><b>Nebenwirkungen von Provera:<\/b><\/div>\n<div>\u2022 allergische Reaktionen, z.B. Atemnot, Nesselsucht, Hautausschlag, geschwollenes Gesicht;<\/div>\n<div>\u2022 \u00dcbelkeit, Bauchschmerzen;<\/div>\n<div>\u2022 Schwindel, Schl\u00e4frigkeit, M\u00fcdigkeit;<\/div>\n<div>\u2022 Schlaflosigkeit;<\/div>\n<div>\u2022 Reizbarkeit, Depression;<\/div>\n<div>\u2022 Kopfschmerzen;<\/div>\n<div>\u2022 \u00c4nderungen des K\u00f6rpergewichts;<\/div>\n<div>\u2022 Mondgesichtssyndrom;<\/div>\n<div>\u2022 Alopezie;<\/div>\n<div>\u2022 Akne;<\/div>\n<div>\u2022 Brustwarzen \u00dcberempfindlichkeit;<\/div>\n<div>\u2022 Thrombophlebitis;<\/div>\n<div>\u2022 Hyperthermie;<\/div>\n<div>\u2022 Dysmenorrhoe;<\/div>\n<div>\u2022 Galaktorrhoe;<\/div>\n<div>\u2022 Hirsutismus;<\/div>\n<div>\u2022 Erosion des Geb\u00e4rmutterhalses;<\/div>\n<div>\u2022 zerebrovaskul\u00e4re St\u00f6rungen.<\/div>\n<div><\/div>\n<div><b>Um das Risiko der Entwicklung von Nebenwirkungen zu verringern, muss Ihr Arzt die Behandlung mit Provera genehmigt haben, wenn Sie:<\/b><\/div>\n<div>\u2022 allergisch oder \u00fcberempfindlich gegen seine Bestandteile sind;<\/div>\n<div>\u2022 schwanger sind oder stillen;<\/div>\n<div>\u2022 sind ein Raucher<\/div>\n<div>\u2022 Hormonbedingter Krebs der Genitalien oder der Brustdr\u00fcse, Asthma, Epilepsie, Diabetes, Depressionen, Herz- \/ Gef\u00e4\u00df- \/ Leber- \/ Schilddr\u00fcsenerkrankungen, Lupus, Hypercalcin\u00e4mie, schwere Beckenschmerzen, abnorme Vaginalblutungen, Migr\u00e4ne, hoher Cholesterinspiegel oder haben oder vor kurzem eine Fehlgeburt \/ Abtreibung hatten;<\/div>\n<div>\u2022 Medikamente einnehmen, die Aminoglutethimid oder andere verschriebene oder nicht verordnete Mittel, pflanzliche und di\u00e4tetische Erg\u00e4nzungen oder Vitamine enthalten.<\/div>\n<div>\u00a0\u00a0\u00a0\u00a0\u00a0\u00a0\u00a0\u00a0Die Symptome einer \u00dcberdosierung von Provera k\u00f6nnen sich ausdrucken im folgendes Wege: schwere Schl\u00e4frigkeit oder Benommenheit, \u00dcbelkeit, Erbrechen, Bauchschmerzen, Brustschmerzen, Vaginalblutungen. Wenn die M\u00f6glichkeit besteht, dass Sie eine zus\u00e4tzliche oder doppelte Dosis eingenommen haben, suchen Sie sofort einen Arzt auf.<\/div>\n<\/div>\n","protected":false},"excerpt":{"rendered":"<div><b>Handelsname:<\/b> Provera<\/div>\n<div><b>Hauptbestandteil: <\/b>Medroxyprogesteronacetat<\/div>\n<div><b>Anwendung: <\/b>Behandelt unregelm\u00e4\u00dfige Menstruationen und anormale Geb\u00e4rmutterblutungen<\/div>\n<div><b>Verf\u00fcgbare Dosierung:\u00a0<\/b>2.5mg, 5mg, 10mg<\/div>\n","protected":false},"featured_media":5615,"comment_status":"open","ping_status":"closed","template":"","meta":[],"product_cat":[40],"product_tag":[],"class_list":{"0":"post-5614","1":"product","2":"type-product","3":"status-publish","4":"has-post-thumbnail","6":"product_cat-womens-health","8":"first","9":"instock","10":"shipping-taxable","11":"product-type-grouped"},"yoast_head":"<!-- This site is optimized with the Yoast SEO plugin v20.0 - https:\/\/yoast.com\/wordpress\/plugins\/seo\/ -->\n<title>Provera (Medroxyprogesteron) without prescription with low price | Eurorxdrugs<\/title>\n<meta name=\"description\" content=\"Provera (Medroxyprogesteron) now! Genuine medication and, fast delivery included. 100% discreet and confidential service for all our customers Eurorxdrugs\" \/>\n<meta name=\"robots\" content=\"index, follow, max-snippet:-1, max-image-preview:large, max-video-preview:-1\" \/>\n<link rel=\"canonical\" href=\"https:\/\/eurorxdrugs.cc\/en\/product\/provera-medroxyprogesteron\/\" \/>\n<meta property=\"og:locale\" content=\"en_US\" \/>\n<meta property=\"og:type\" content=\"article\" \/>\n<meta property=\"og:title\" content=\"Provera (Medroxyprogesteron) without prescription with low price | Eurorxdrugs\" \/>\n<meta property=\"og:description\" content=\"Provera (Medroxyprogesteron) now! Genuine medication and, fast delivery included. 100% discreet and confidential service for all our customers Eurorxdrugs\" \/>\n<meta property=\"og:url\" content=\"https:\/\/eurorxdrugs.cc\/en\/product\/provera-medroxyprogesteron\/\" \/>\n<meta property=\"og:site_name\" content=\"eurorxdrugs\" \/>\n<meta property=\"article:modified_time\" content=\"2024-11-01T18:12:38+00:00\" \/>\n<meta property=\"og:image\" content=\"https:\/\/eurorxdrugs.cc\/en\/wp-content\/uploads\/2024\/11\/126-min.jpg\" \/>\n\t<meta property=\"og:image:width\" content=\"270\" \/>\n\t<meta property=\"og:image:height\" content=\"300\" \/>\n\t<meta property=\"og:image:type\" content=\"image\/jpeg\" \/>\n<meta name=\"twitter:card\" content=\"summary_large_image\" \/>\n<meta name=\"twitter:label1\" content=\"Est. reading time\" \/>\n\t<meta name=\"twitter:data1\" content=\"2 minutes\" \/>\n<script type=\"application\/ld+json\" class=\"yoast-schema-graph\">{\"@context\":\"https:\/\/schema.org\",\"@graph\":[{\"@type\":\"WebPage\",\"@id\":\"https:\/\/eurorxdrugs.cc\/en\/product\/provera-medroxyprogesteron\/\",\"url\":\"https:\/\/eurorxdrugs.cc\/en\/product\/provera-medroxyprogesteron\/\",\"name\":\"Provera (Medroxyprogesteron) without prescription with low price | Eurorxdrugs\",\"isPartOf\":{\"@id\":\"https:\/\/eurorxdrugs.cc\/en\/#website\"},\"datePublished\":\"2024-11-01T18:04:00+00:00\",\"dateModified\":\"2024-11-01T18:12:38+00:00\",\"description\":\"Provera (Medroxyprogesteron) now! Genuine medication and, fast delivery included. 100% discreet and confidential service for all our customers Eurorxdrugs\",\"breadcrumb\":{\"@id\":\"https:\/\/eurorxdrugs.cc\/en\/product\/provera-medroxyprogesteron\/#breadcrumb\"},\"inLanguage\":\"en-US\",\"potentialAction\":[{\"@type\":\"ReadAction\",\"target\":[\"https:\/\/eurorxdrugs.cc\/en\/product\/provera-medroxyprogesteron\/\"]}]},{\"@type\":\"BreadcrumbList\",\"@id\":\"https:\/\/eurorxdrugs.cc\/en\/product\/provera-medroxyprogesteron\/#breadcrumb\",\"itemListElement\":[{\"@type\":\"ListItem\",\"position\":1,\"name\":\"Home\",\"item\":\"https:\/\/eurorxdrugs.cc\/en\/\"},{\"@type\":\"ListItem\",\"position\":2,\"name\":\"Products\",\"item\":\"https:\/\/eurorxdrugs.cc\/en\/shop\/\"},{\"@type\":\"ListItem\",\"position\":3,\"name\":\"Provera (Medroxyprogesteron)\"}]},{\"@type\":\"WebSite\",\"@id\":\"https:\/\/eurorxdrugs.cc\/en\/#website\",\"url\":\"https:\/\/eurorxdrugs.cc\/en\/\",\"name\":\"eurorxdrugs\",\"description\":\"\",\"publisher\":{\"@id\":\"https:\/\/eurorxdrugs.cc\/en\/#organization\"},\"potentialAction\":[{\"@type\":\"SearchAction\",\"target\":{\"@type\":\"EntryPoint\",\"urlTemplate\":\"https:\/\/eurorxdrugs.cc\/en\/?s={search_term_string}\"},\"query-input\":\"required name=search_term_string\"}],\"inLanguage\":\"en-US\"},{\"@type\":\"Organization\",\"@id\":\"https:\/\/eurorxdrugs.cc\/en\/#organization\",\"name\":\"eurorxdrugs\",\"url\":\"https:\/\/eurorxdrugs.cc\/en\/\",\"logo\":{\"@type\":\"ImageObject\",\"inLanguage\":\"en-US\",\"@id\":\"https:\/\/eurorxdrugs.cc\/en\/#\/schema\/logo\/image\/\",\"url\":\"https:\/\/eurorxdrugs.cc\/en\/wp-content\/uploads\/2024\/09\/logo-1-1.png\",\"contentUrl\":\"https:\/\/eurorxdrugs.cc\/en\/wp-content\/uploads\/2024\/09\/logo-1-1.png\",\"width\":233,\"height\":54,\"caption\":\"eurorxdrugs\"},\"image\":{\"@id\":\"https:\/\/eurorxdrugs.cc\/en\/#\/schema\/logo\/image\/\"}}]}<\/script>\n<!-- \/ Yoast SEO plugin. -->","yoast_head_json":{"title":"Provera (Medroxyprogesteron) without prescription with low price | Eurorxdrugs","description":"Provera (Medroxyprogesteron) now! Genuine medication and, fast delivery included. 100% discreet and confidential service for all our customers Eurorxdrugs","robots":{"index":"index","follow":"follow","max-snippet":"max-snippet:-1","max-image-preview":"max-image-preview:large","max-video-preview":"max-video-preview:-1"},"canonical":"https:\/\/eurorxdrugs.cc\/en\/product\/provera-medroxyprogesteron\/","og_locale":"en_US","og_type":"article","og_title":"Provera (Medroxyprogesteron) without prescription with low price | Eurorxdrugs","og_description":"Provera (Medroxyprogesteron) now! Genuine medication and, fast delivery included. 100% discreet and confidential service for all our customers Eurorxdrugs","og_url":"https:\/\/eurorxdrugs.cc\/en\/product\/provera-medroxyprogesteron\/","og_site_name":"eurorxdrugs","article_modified_time":"2024-11-01T18:12:38+00:00","og_image":[{"width":270,"height":300,"url":"https:\/\/eurorxdrugs.cc\/en\/wp-content\/uploads\/2024\/11\/126-min.jpg","type":"image\/jpeg"}],"twitter_card":"summary_large_image","twitter_misc":{"Est. reading time":"2 minutes"},"schema":{"@context":"https:\/\/schema.org","@graph":[{"@type":"WebPage","@id":"https:\/\/eurorxdrugs.cc\/en\/product\/provera-medroxyprogesteron\/","url":"https:\/\/eurorxdrugs.cc\/en\/product\/provera-medroxyprogesteron\/","name":"Provera (Medroxyprogesteron) without prescription with low price | Eurorxdrugs","isPartOf":{"@id":"https:\/\/eurorxdrugs.cc\/en\/#website"},"datePublished":"2024-11-01T18:04:00+00:00","dateModified":"2024-11-01T18:12:38+00:00","description":"Provera (Medroxyprogesteron) now! Genuine medication and, fast delivery included. 100% discreet and confidential service for all our customers Eurorxdrugs","breadcrumb":{"@id":"https:\/\/eurorxdrugs.cc\/en\/product\/provera-medroxyprogesteron\/#breadcrumb"},"inLanguage":"en-US","potentialAction":[{"@type":"ReadAction","target":["https:\/\/eurorxdrugs.cc\/en\/product\/provera-medroxyprogesteron\/"]}]},{"@type":"BreadcrumbList","@id":"https:\/\/eurorxdrugs.cc\/en\/product\/provera-medroxyprogesteron\/#breadcrumb","itemListElement":[{"@type":"ListItem","position":1,"name":"Home","item":"https:\/\/eurorxdrugs.cc\/en\/"},{"@type":"ListItem","position":2,"name":"Products","item":"https:\/\/eurorxdrugs.cc\/en\/shop\/"},{"@type":"ListItem","position":3,"name":"Provera (Medroxyprogesteron)"}]},{"@type":"WebSite","@id":"https:\/\/eurorxdrugs.cc\/en\/#website","url":"https:\/\/eurorxdrugs.cc\/en\/","name":"eurorxdrugs","description":"","publisher":{"@id":"https:\/\/eurorxdrugs.cc\/en\/#organization"},"potentialAction":[{"@type":"SearchAction","target":{"@type":"EntryPoint","urlTemplate":"https:\/\/eurorxdrugs.cc\/en\/?s={search_term_string}"},"query-input":"required name=search_term_string"}],"inLanguage":"en-US"},{"@type":"Organization","@id":"https:\/\/eurorxdrugs.cc\/en\/#organization","name":"eurorxdrugs","url":"https:\/\/eurorxdrugs.cc\/en\/","logo":{"@type":"ImageObject","inLanguage":"en-US","@id":"https:\/\/eurorxdrugs.cc\/en\/#\/schema\/logo\/image\/","url":"https:\/\/eurorxdrugs.cc\/en\/wp-content\/uploads\/2024\/09\/logo-1-1.png","contentUrl":"https:\/\/eurorxdrugs.cc\/en\/wp-content\/uploads\/2024\/09\/logo-1-1.png","width":233,"height":54,"caption":"eurorxdrugs"},"image":{"@id":"https:\/\/eurorxdrugs.cc\/en\/#\/schema\/logo\/image\/"}}]}},"_links":{"self":[{"href":"https:\/\/eurorxdrugs.cc\/en\/wp-json\/wp\/v2\/product\/5614","targetHints":{"allow":["GET"]}}],"collection":[{"href":"https:\/\/eurorxdrugs.cc\/en\/wp-json\/wp\/v2\/product"}],"about":[{"href":"https:\/\/eurorxdrugs.cc\/en\/wp-json\/wp\/v2\/types\/product"}],"replies":[{"embeddable":true,"href":"https:\/\/eurorxdrugs.cc\/en\/wp-json\/wp\/v2\/comments?post=5614"}],"wp:featuredmedia":[{"embeddable":true,"href":"https:\/\/eurorxdrugs.cc\/en\/wp-json\/wp\/v2\/media\/5615"}],"wp:attachment":[{"href":"https:\/\/eurorxdrugs.cc\/en\/wp-json\/wp\/v2\/media?parent=5614"}],"wp:term":[{"taxonomy":"product_cat","embeddable":true,"href":"https:\/\/eurorxdrugs.cc\/en\/wp-json\/wp\/v2\/product_cat?post=5614"},{"taxonomy":"product_tag","embeddable":true,"href":"https:\/\/eurorxdrugs.cc\/en\/wp-json\/wp\/v2\/product_tag?post=5614"}],"curies":[{"name":"wp","href":"https:\/\/api.w.org\/{rel}","templated":true}]}}