{"id":5643,"date":"2024-11-01T18:15:24","date_gmt":"2024-11-01T18:15:24","guid":{"rendered":"https:\/\/eurorxdrugs.cc\/en\/?post_type=product&#038;p=5643"},"modified":"2024-11-01T18:20:16","modified_gmt":"2024-11-01T18:20:16","slug":"arimidex-anastrozol","status":"publish","type":"product","link":"https:\/\/eurorxdrugs.cc\/en\/product\/arimidex-anastrozol\/","title":{"rendered":"Arimidex (Anastrozol)"},"content":{"rendered":"<div class=\"pro-description_name\">Beschreibung<\/div>\n<div class=\"pro-description_content\">\n<div>Arimidex wird zur Behandlung von fortgeschrittenem Brustkrebs bei Frauen nach der Menopause angewendet.<\/div>\n<div><\/div>\n<div><b>Gegenanzeigen<\/b><\/div>\n<div>&#8211; bei Unvertr\u00e4glichkeit gegen\u00fcber Anastrozol Nebenkomponenten;<\/div>\n<div>&#8211; w\u00e4hrend der Schwangerschaft Stillen;<\/div>\n<div>&#8211; Kinder<\/div>\n<div>-Verwenden Sie w\u00e4hrend der Schwangerschaft und Stillzeit<\/div>\n<div><\/div>\n<div>\u00a0\u00a0\u00a0\u00a0\u00a0\u00a0\u00a0\u00a0Arimidex gilt innen. Die empfohlene Dosis betr\u00e4gt 1 mg (eine Tablette) einmal t\u00e4glich.<\/div>\n<div>\u00a0\u00a0\u00a0\u00a0\u00a0\u00a0\u00a0\u00a0In den fr\u00fchen Stadien von invasivem Brustkrebs (mit positiven Hormonrezeptorwerten) bei Patienten nach der Menopause betr\u00e4gt die Standarddauer der adjuvanten endokrinen Therapie f\u00fcnf Jahre.<\/div>\n<div>\u00a0\u00a0\u00a0\u00a0\u00a0\u00a0\u00a0\u00a0Patienten mit leichter \/ m\u00e4\u00dfiger Nieren- und Leberfunktionsst\u00f6rung ben\u00f6tigen keine Dosisanpassung.<\/div>\n<div>\u00a0\u00a0\u00a0\u00a0\u00a0\u00a0\u00a0\u00a0Bei einer \u00dcberdosierung wird eine symptomatische unterst\u00fctzende Therapie durchgef\u00fchrt. Es ist eine sorgf\u00e4ltige \u00dcberwachung des Patienten erforderlich. Dialyse ist m\u00f6glich.<\/div>\n<div><\/div>\n<div><b>Nebenwirkungen<\/b><\/div>\n<div>Verdauungsst\u00f6rungen:<\/div>\n<ul>\n<li>Anorexie,<\/li>\n<li>\u00dcbelkeit,<\/li>\n<li>Durchfall.<\/li>\n<\/ul>\n<div>Neurologische St\u00f6rungen:<\/div>\n<ul>\n<li>Kopfschmerzen,<\/li>\n<li>Karpaltunnelsyndrom,<\/li>\n<li>Benommenheit,<\/li>\n<li>Sensibilit\u00e4tsst\u00f6rungen.<\/li>\n<\/ul>\n<div><\/div>\n<div>Allergische Reaktionen:<\/div>\n<ul>\n<li>Manifestationen einer Allergie (Sch\u00fcttelfrost, Brustschmerzen,<\/li>\n<li>Zittern,<\/li>\n<li>Urtikaria,<\/li>\n<li>Hautausschlag),<\/li>\n<li>Anaphylaxie, Dermatitis.<\/li>\n<\/ul>\n<div><\/div>\n<div>Dermatologische Erkrankungen:<\/div>\n<ul>\n<li>Hautausschlag,<\/li>\n<li>d\u00fcnnes Haar,<\/li>\n<li>Alopezie,<\/li>\n<li>polymorphes Erythem, Hautvaskulitis.<\/li>\n<\/ul>\n<div>Erkrankungen des Bewegungsapparates:<\/div>\n<ul>\n<li>Arthralgie,<\/li>\n<li>Arthritis,<\/li>\n<li>beeintr\u00e4chtigte Gelenkbeweglichkeit,<\/li>\n<li>Osteoporose,<\/li>\n<li>Knochenschmerzen,<\/li>\n<li>Myalgie.<\/li>\n<\/ul>\n<div>Urogenitale St\u00f6rungen:<\/div>\n<ul>\n<li>vaginale Blutungen,<\/li>\n<li>vaginale Trockenheit.<\/li>\n<\/ul>\n<\/div>\n","protected":false},"excerpt":{"rendered":"<div>Handelsname:\u00a0Arimidex<\/div>\n<div>Hauptbestandteil:\u00a0Anastrozole<\/div>\n<div>Erleichtert:\u00a0Behandelt das Problem der Frauengesundheit<\/div>\n<div>Verf\u00fcgbare Dosierung:\u00a01mg<\/div>\n","protected":false},"featured_media":5644,"comment_status":"open","ping_status":"closed","template":"","meta":[],"product_cat":[40],"product_tag":[],"class_list":{"0":"post-5643","1":"product","2":"type-product","3":"status-publish","4":"has-post-thumbnail","6":"product_cat-womens-health","8":"first","9":"instock","10":"shipping-taxable","11":"product-type-grouped"},"yoast_head":"<!-- This site is optimized with the Yoast SEO plugin v20.0 - https:\/\/yoast.com\/wordpress\/plugins\/seo\/ -->\n<title>Arimidex (Anastrozol) without prescription with low price | Eurorxdrugs<\/title>\n<meta name=\"description\" content=\"Arimidex (Anastrozol) now! Genuine medication and, fast delivery included. 100% discreet and confidential service for all our customers Eurorxdrugs\" \/>\n<meta name=\"robots\" content=\"index, follow, max-snippet:-1, max-image-preview:large, max-video-preview:-1\" \/>\n<link rel=\"canonical\" href=\"https:\/\/eurorxdrugs.cc\/en\/product\/arimidex-anastrozol\/\" \/>\n<meta property=\"og:locale\" content=\"en_US\" \/>\n<meta property=\"og:type\" content=\"article\" \/>\n<meta property=\"og:title\" content=\"Arimidex (Anastrozol) without prescription with low price | Eurorxdrugs\" \/>\n<meta property=\"og:description\" content=\"Arimidex (Anastrozol) now! Genuine medication and, fast delivery included. 100% discreet and confidential service for all our customers Eurorxdrugs\" \/>\n<meta property=\"og:url\" content=\"https:\/\/eurorxdrugs.cc\/en\/product\/arimidex-anastrozol\/\" \/>\n<meta property=\"og:site_name\" content=\"eurorxdrugs\" \/>\n<meta property=\"article:modified_time\" content=\"2024-11-01T18:20:16+00:00\" \/>\n<meta property=\"og:image\" content=\"https:\/\/eurorxdrugs.cc\/en\/wp-content\/uploads\/2024\/11\/164-min.jpg\" \/>\n\t<meta property=\"og:image:width\" content=\"270\" \/>\n\t<meta property=\"og:image:height\" content=\"300\" \/>\n\t<meta property=\"og:image:type\" content=\"image\/jpeg\" \/>\n<meta name=\"twitter:card\" content=\"summary_large_image\" \/>\n<meta name=\"twitter:label1\" content=\"Est. reading time\" \/>\n\t<meta name=\"twitter:data1\" content=\"1 minute\" \/>\n<script type=\"application\/ld+json\" class=\"yoast-schema-graph\">{\"@context\":\"https:\/\/schema.org\",\"@graph\":[{\"@type\":\"WebPage\",\"@id\":\"https:\/\/eurorxdrugs.cc\/en\/product\/arimidex-anastrozol\/\",\"url\":\"https:\/\/eurorxdrugs.cc\/en\/product\/arimidex-anastrozol\/\",\"name\":\"Arimidex (Anastrozol) without prescription with low price | Eurorxdrugs\",\"isPartOf\":{\"@id\":\"https:\/\/eurorxdrugs.cc\/en\/#website\"},\"datePublished\":\"2024-11-01T18:15:24+00:00\",\"dateModified\":\"2024-11-01T18:20:16+00:00\",\"description\":\"Arimidex (Anastrozol) now! Genuine medication and, fast delivery included. 100% discreet and confidential service for all our customers Eurorxdrugs\",\"breadcrumb\":{\"@id\":\"https:\/\/eurorxdrugs.cc\/en\/product\/arimidex-anastrozol\/#breadcrumb\"},\"inLanguage\":\"en-US\",\"potentialAction\":[{\"@type\":\"ReadAction\",\"target\":[\"https:\/\/eurorxdrugs.cc\/en\/product\/arimidex-anastrozol\/\"]}]},{\"@type\":\"BreadcrumbList\",\"@id\":\"https:\/\/eurorxdrugs.cc\/en\/product\/arimidex-anastrozol\/#breadcrumb\",\"itemListElement\":[{\"@type\":\"ListItem\",\"position\":1,\"name\":\"Home\",\"item\":\"https:\/\/eurorxdrugs.cc\/en\/\"},{\"@type\":\"ListItem\",\"position\":2,\"name\":\"Products\",\"item\":\"https:\/\/eurorxdrugs.cc\/en\/shop\/\"},{\"@type\":\"ListItem\",\"position\":3,\"name\":\"Arimidex (Anastrozol)\"}]},{\"@type\":\"WebSite\",\"@id\":\"https:\/\/eurorxdrugs.cc\/en\/#website\",\"url\":\"https:\/\/eurorxdrugs.cc\/en\/\",\"name\":\"eurorxdrugs\",\"description\":\"\",\"publisher\":{\"@id\":\"https:\/\/eurorxdrugs.cc\/en\/#organization\"},\"potentialAction\":[{\"@type\":\"SearchAction\",\"target\":{\"@type\":\"EntryPoint\",\"urlTemplate\":\"https:\/\/eurorxdrugs.cc\/en\/?s={search_term_string}\"},\"query-input\":\"required name=search_term_string\"}],\"inLanguage\":\"en-US\"},{\"@type\":\"Organization\",\"@id\":\"https:\/\/eurorxdrugs.cc\/en\/#organization\",\"name\":\"eurorxdrugs\",\"url\":\"https:\/\/eurorxdrugs.cc\/en\/\",\"logo\":{\"@type\":\"ImageObject\",\"inLanguage\":\"en-US\",\"@id\":\"https:\/\/eurorxdrugs.cc\/en\/#\/schema\/logo\/image\/\",\"url\":\"https:\/\/eurorxdrugs.cc\/en\/wp-content\/uploads\/2024\/09\/logo-1-1.png\",\"contentUrl\":\"https:\/\/eurorxdrugs.cc\/en\/wp-content\/uploads\/2024\/09\/logo-1-1.png\",\"width\":233,\"height\":54,\"caption\":\"eurorxdrugs\"},\"image\":{\"@id\":\"https:\/\/eurorxdrugs.cc\/en\/#\/schema\/logo\/image\/\"}}]}<\/script>\n<!-- \/ Yoast SEO plugin. -->","yoast_head_json":{"title":"Arimidex (Anastrozol) without prescription with low price | Eurorxdrugs","description":"Arimidex (Anastrozol) now! Genuine medication and, fast delivery included. 100% discreet and confidential service for all our customers Eurorxdrugs","robots":{"index":"index","follow":"follow","max-snippet":"max-snippet:-1","max-image-preview":"max-image-preview:large","max-video-preview":"max-video-preview:-1"},"canonical":"https:\/\/eurorxdrugs.cc\/en\/product\/arimidex-anastrozol\/","og_locale":"en_US","og_type":"article","og_title":"Arimidex (Anastrozol) without prescription with low price | Eurorxdrugs","og_description":"Arimidex (Anastrozol) now! Genuine medication and, fast delivery included. 100% discreet and confidential service for all our customers Eurorxdrugs","og_url":"https:\/\/eurorxdrugs.cc\/en\/product\/arimidex-anastrozol\/","og_site_name":"eurorxdrugs","article_modified_time":"2024-11-01T18:20:16+00:00","og_image":[{"width":270,"height":300,"url":"https:\/\/eurorxdrugs.cc\/en\/wp-content\/uploads\/2024\/11\/164-min.jpg","type":"image\/jpeg"}],"twitter_card":"summary_large_image","twitter_misc":{"Est. reading time":"1 minute"},"schema":{"@context":"https:\/\/schema.org","@graph":[{"@type":"WebPage","@id":"https:\/\/eurorxdrugs.cc\/en\/product\/arimidex-anastrozol\/","url":"https:\/\/eurorxdrugs.cc\/en\/product\/arimidex-anastrozol\/","name":"Arimidex (Anastrozol) without prescription with low price | Eurorxdrugs","isPartOf":{"@id":"https:\/\/eurorxdrugs.cc\/en\/#website"},"datePublished":"2024-11-01T18:15:24+00:00","dateModified":"2024-11-01T18:20:16+00:00","description":"Arimidex (Anastrozol) now! Genuine medication and, fast delivery included. 100% discreet and confidential service for all our customers Eurorxdrugs","breadcrumb":{"@id":"https:\/\/eurorxdrugs.cc\/en\/product\/arimidex-anastrozol\/#breadcrumb"},"inLanguage":"en-US","potentialAction":[{"@type":"ReadAction","target":["https:\/\/eurorxdrugs.cc\/en\/product\/arimidex-anastrozol\/"]}]},{"@type":"BreadcrumbList","@id":"https:\/\/eurorxdrugs.cc\/en\/product\/arimidex-anastrozol\/#breadcrumb","itemListElement":[{"@type":"ListItem","position":1,"name":"Home","item":"https:\/\/eurorxdrugs.cc\/en\/"},{"@type":"ListItem","position":2,"name":"Products","item":"https:\/\/eurorxdrugs.cc\/en\/shop\/"},{"@type":"ListItem","position":3,"name":"Arimidex (Anastrozol)"}]},{"@type":"WebSite","@id":"https:\/\/eurorxdrugs.cc\/en\/#website","url":"https:\/\/eurorxdrugs.cc\/en\/","name":"eurorxdrugs","description":"","publisher":{"@id":"https:\/\/eurorxdrugs.cc\/en\/#organization"},"potentialAction":[{"@type":"SearchAction","target":{"@type":"EntryPoint","urlTemplate":"https:\/\/eurorxdrugs.cc\/en\/?s={search_term_string}"},"query-input":"required name=search_term_string"}],"inLanguage":"en-US"},{"@type":"Organization","@id":"https:\/\/eurorxdrugs.cc\/en\/#organization","name":"eurorxdrugs","url":"https:\/\/eurorxdrugs.cc\/en\/","logo":{"@type":"ImageObject","inLanguage":"en-US","@id":"https:\/\/eurorxdrugs.cc\/en\/#\/schema\/logo\/image\/","url":"https:\/\/eurorxdrugs.cc\/en\/wp-content\/uploads\/2024\/09\/logo-1-1.png","contentUrl":"https:\/\/eurorxdrugs.cc\/en\/wp-content\/uploads\/2024\/09\/logo-1-1.png","width":233,"height":54,"caption":"eurorxdrugs"},"image":{"@id":"https:\/\/eurorxdrugs.cc\/en\/#\/schema\/logo\/image\/"}}]}},"_links":{"self":[{"href":"https:\/\/eurorxdrugs.cc\/en\/wp-json\/wp\/v2\/product\/5643","targetHints":{"allow":["GET"]}}],"collection":[{"href":"https:\/\/eurorxdrugs.cc\/en\/wp-json\/wp\/v2\/product"}],"about":[{"href":"https:\/\/eurorxdrugs.cc\/en\/wp-json\/wp\/v2\/types\/product"}],"replies":[{"embeddable":true,"href":"https:\/\/eurorxdrugs.cc\/en\/wp-json\/wp\/v2\/comments?post=5643"}],"wp:featuredmedia":[{"embeddable":true,"href":"https:\/\/eurorxdrugs.cc\/en\/wp-json\/wp\/v2\/media\/5644"}],"wp:attachment":[{"href":"https:\/\/eurorxdrugs.cc\/en\/wp-json\/wp\/v2\/media?parent=5643"}],"wp:term":[{"taxonomy":"product_cat","embeddable":true,"href":"https:\/\/eurorxdrugs.cc\/en\/wp-json\/wp\/v2\/product_cat?post=5643"},{"taxonomy":"product_tag","embeddable":true,"href":"https:\/\/eurorxdrugs.cc\/en\/wp-json\/wp\/v2\/product_tag?post=5643"}],"curies":[{"name":"wp","href":"https:\/\/api.w.org\/{rel}","templated":true}]}}