{"id":4775,"date":"2024-10-31T08:41:08","date_gmt":"2024-10-31T08:41:08","guid":{"rendered":"https:\/\/eurorxdrugs.cc\/it\/?post_type=product&#038;p=4775"},"modified":"2024-10-31T08:47:36","modified_gmt":"2024-10-31T08:47:36","slug":"rivotril-klonopin-by-martin-dow","status":"publish","type":"product","link":"https:\/\/eurorxdrugs.cc\/it\/product\/rivotril-klonopin-by-martin-dow\/","title":{"rendered":"Rivotril (Klonopin) By Martin Dow"},"content":{"rendered":"<div class=\"pro-description_name\">Beschreibung<\/div>\n<div class=\"pro-description_content\">\n<p><b>Rivotril <\/b>ist allein oder als Zusatz bei der Behandlung des Lennox-Gastaut-Syndroms (Petit-mal-Variante), Akinetik und myoklonischer Anf\u00e4lle n\u00fctzlich. Bei Patienten mit Fehlanf\u00e4llen (petit mal), die auf Succinimide nicht angesprochen haben, kann Rivotril von Nutzen sein.<\/p>\n<p><b>NEBENWIRKUNGEN<\/b><\/p>\n<p>Die Nebenwirkungen von Rivotril werden separat f\u00fcr Patienten mit Anfallsleiden und Panikst\u00f6rungen angegeben.<\/p>\n<p><b>Anfallsleiden<\/b><\/p>\n<p>Die am h\u00e4ufigsten auftretenden Nebenwirkungen von Rivotril beziehen sich auf eine Depression des ZNS. Erfahrungen in der Behandlung von Anf\u00e4llen haben gezeigt, dass bei etwa 50% der Patienten Schl\u00e4frigkeit und bei etwa 30% Ataxie aufgetreten ist. In einigen F\u00e4llen k\u00f6nnen diese mit der Zeit abnehmen; Verhaltensprobleme wurden bei etwa 25% der Patienten festgestellt. Andere, nach System aufgelistete, einschlie\u00dflich derjenigen, die w\u00e4hrend der Anwendung von Rivotril nach der Genehmigung identifiziert wurden, sind:<\/p>\n<p>&nbsp;<\/p>\n<p>&nbsp;<\/p>\n<p>&nbsp;<\/p>\n<p>&nbsp;<\/p>\n<p>&nbsp;<\/p>\n<p>\u2022 Herz-Kreislauf: Herzklopfen<\/p>\n<p>\u2022 Dermatologisch: Haarausfall, Hirsutismus, Hautausschlag, Kn\u00f6chel und Gesichts\u00f6dem<\/p>\n<p>\u2022 Gastrointestinal: Anorexie, beschichtete Zunge, Verstopfung, Durchfall, Mundtrockenheit, Enzepresie, Gastritis, erh\u00f6hter Appetit, \u00dcbelkeit, Zahnschmerzen<\/p>\n<p>\u2022 Urogenital: Dysurie, Enuresis, Nykturie, Harnverhalt<\/p>\n<p>\u2022 H\u00e4matopoese: An\u00e4mie, Leukopenie, Thrombozytopenie, Eosinophilie<\/p>\n<p>\u2022 Leber: Hepatomegalie, vor\u00fcbergehende Erh\u00f6hungen der Serumtransaminasen und alkalische Phosphatase<\/p>\n<p>\u2022 Muskuloskelett: Muskelschw\u00e4che, Schmerzen<\/p>\n<p>\u2022 Sonstiges: Dehydratation, allgemeiner Verfall, Fieber, Lymphadenopathie, Gewichtsverlust oder Gewichtszunahme<\/p>\n<p>\u2022 Neurologisch: Abnormale Augenbewegungen, Aphonie, choreiforme Bewegungen, Koma, Diplopie, Dysarthrie, Dysdiadochokinese, &#8220;glasige Augen&#8221;, Kopfschmerz, Hemiparese, Hypotonie, Nystagmus, Atemdepression, Tremor, Schwindel<\/p>\n<p>\u2022 Psychiatrie: Verwirrung, Depression, Amnesie, Hysterie, erh\u00f6hte Libido, Schlaflosigkeit, Psychose (die Verhaltensweisen treten bei Patienten mit psychiatrischen St\u00f6rungen in der Vorgeschichte h\u00e4ufiger auf).<\/p>\n<p>\u2022 Folgende paradoxe Reaktionen wurden beobachtet: Reizbarkeit, Aggression, Erregung, Nervosit\u00e4t, Feindseligkeit, Angstzust\u00e4nde, Schlafst\u00f6rungen, Alptr\u00e4ume, abnorme Tr\u00e4ume, Halluzinationen.<\/p>\n<p>\u2022 Atemwege: Verstopfung der Brust, Rhinorrhoe, Atemnot, Hypersekretion in den oberen Atemwegen<\/p>\n<div><\/div>\n<p><b>Panikst\u00f6rung<\/b><\/p>\n<p>Unerw\u00fcnschte Ereignisse w\u00e4hrend der Exposition mit Rivotril wurden durch spontanen Bericht erhalten und von klinischen Pr\u00fcfern mit einer Terminologie ihrer Wahl aufgezeichnet. Folglich ist es nicht m\u00f6glich, eine aussagekr\u00e4ftige Sch\u00e4tzung des Anteils von Individuen vorzunehmen, die unerw\u00fcnschte Ereignisse erleben, ohne zuvor \u00e4hnliche Arten von Ereignissen in einer kleineren Anzahl standardisierter Ereigniskategorien zusammenzufassen. In den folgenden Tabellen und Tabellen wurde die Terminologie des CIGY-W\u00f6rterbuchs zur Klassifizierung gemeldeter unerw\u00fcnschter Ereignisse verwendet, au\u00dfer in bestimmten F\u00e4llen, in denen redundante Ausdr\u00fccke in aussagekr\u00e4ftigere Ausdr\u00fccke zusammengefasst wurden, wie unten angegeben.<\/p>\n<p>Die angegebenen H\u00e4ufigkeiten unerw\u00fcnschter Ereignisse stellen den Anteil der Personen dar, die mindestens einmal ein behandlungsbedingt auftretendes unerw\u00fcnschtes Ereignis des aufgef\u00fchrten Typs erlebt haben. Ein Ereignis wurde als behandlungsbedingt angesehen, wenn es zum ersten Mal auftrat oder sich w\u00e4hrend der Behandlung nach der Ausgangsbeurteilung verschlechterte.<\/p>\n<p>In kurzzeitigen, placebokontrollierten Versuchen beobachtete negative Befunde<\/p>\n<p>Unerw\u00fcnschte Ereignisse im Zusammenhang mit dem Abbruch der Behandlung<\/p>\n<p>Insgesamt lag die Inzidenz von Absetzen aufgrund von Nebenwirkungen bei Rivotril bei 17% gegen\u00fcber 9% bei Placebo in den kombinierten Daten von zwei 6- bis 9-w\u00f6chigen Studien.<\/p>\n<\/div>\n","protected":false},"excerpt":{"rendered":"<div>Handelsname:\u00a0Klonopin,\u00a0Rivotril<\/div>\n<div>Hauptbestandteil:\u00a0Clonazepam<\/div>\n<div>Verwendung:\u00a0Anti-Angst<\/div>\n<div>Verf\u00fcgbare Dosierung:\u00a02 mg<\/div>\n","protected":false},"featured_media":4776,"comment_status":"open","ping_status":"closed","template":"","meta":[],"product_cat":[28],"product_tag":[],"class_list":{"0":"post-4775","1":"product","2":"type-product","3":"status-publish","4":"has-post-thumbnail","6":"product_cat-anti-anxiety","8":"first","9":"instock","10":"shipping-taxable","11":"product-type-grouped"},"yoast_head":"<!-- This site is optimized with the Yoast SEO plugin v20.0 - https:\/\/yoast.com\/wordpress\/plugins\/seo\/ -->\n<title>Ordina Rivotril (Klonopin) By Martin Dow senza ricetta a basso prezzo | Eurorxdrugs<\/title>\n<meta name=\"description\" content=\"Acquista Rivotril (Klonopin) By Martin Dow ora! Farmaco genuino e consegna veloce inclusi. Servizio 100% discreto e riservato per tutti i nostri clienti su Eurorxdrugs\" \/>\n<meta name=\"robots\" content=\"index, follow, max-snippet:-1, max-image-preview:large, max-video-preview:-1\" \/>\n<link rel=\"canonical\" href=\"https:\/\/eurorxdrugs.cc\/it\/product\/rivotril-klonopin-by-martin-dow\/\" \/>\n<meta property=\"og:locale\" content=\"it_IT\" \/>\n<meta property=\"og:type\" content=\"article\" \/>\n<meta property=\"og:title\" content=\"Ordina Rivotril (Klonopin) By Martin Dow senza ricetta a basso prezzo | Eurorxdrugs\" \/>\n<meta property=\"og:description\" content=\"Acquista Rivotril (Klonopin) By Martin Dow ora! Farmaco genuino e consegna veloce inclusi. Servizio 100% discreto e riservato per tutti i nostri clienti su Eurorxdrugs\" \/>\n<meta property=\"og:url\" content=\"https:\/\/eurorxdrugs.cc\/it\/product\/rivotril-klonopin-by-martin-dow\/\" \/>\n<meta property=\"og:site_name\" content=\"eurorxdrugs\" \/>\n<meta property=\"article:modified_time\" content=\"2024-10-31T08:47:36+00:00\" \/>\n<meta property=\"og:image\" content=\"https:\/\/eurorxdrugs.cc\/it\/wp-content\/uploads\/2024\/10\/359-min.jpg\" \/>\n\t<meta property=\"og:image:width\" content=\"270\" \/>\n\t<meta property=\"og:image:height\" content=\"300\" \/>\n\t<meta property=\"og:image:type\" content=\"image\/jpeg\" \/>\n<meta name=\"twitter:card\" content=\"summary_large_image\" \/>\n<meta name=\"twitter:label1\" content=\"Tempo di lettura stimato\" \/>\n\t<meta name=\"twitter:data1\" content=\"3 minuti\" \/>\n<script type=\"application\/ld+json\" class=\"yoast-schema-graph\">{\"@context\":\"https:\/\/schema.org\",\"@graph\":[{\"@type\":\"WebPage\",\"@id\":\"https:\/\/eurorxdrugs.cc\/it\/product\/rivotril-klonopin-by-martin-dow\/\",\"url\":\"https:\/\/eurorxdrugs.cc\/it\/product\/rivotril-klonopin-by-martin-dow\/\",\"name\":\"Ordina Rivotril (Klonopin) By Martin Dow senza ricetta a basso prezzo | Eurorxdrugs\",\"isPartOf\":{\"@id\":\"https:\/\/eurorxdrugs.cc\/it\/#website\"},\"datePublished\":\"2024-10-31T08:41:08+00:00\",\"dateModified\":\"2024-10-31T08:47:36+00:00\",\"description\":\"Acquista Rivotril (Klonopin) By Martin Dow ora! Farmaco genuino e consegna veloce inclusi. Servizio 100% discreto e riservato per tutti i nostri clienti su Eurorxdrugs\",\"breadcrumb\":{\"@id\":\"https:\/\/eurorxdrugs.cc\/it\/product\/rivotril-klonopin-by-martin-dow\/#breadcrumb\"},\"inLanguage\":\"it-IT\",\"potentialAction\":[{\"@type\":\"ReadAction\",\"target\":[\"https:\/\/eurorxdrugs.cc\/it\/product\/rivotril-klonopin-by-martin-dow\/\"]}]},{\"@type\":\"BreadcrumbList\",\"@id\":\"https:\/\/eurorxdrugs.cc\/it\/product\/rivotril-klonopin-by-martin-dow\/#breadcrumb\",\"itemListElement\":[{\"@type\":\"ListItem\",\"position\":1,\"name\":\"Home\",\"item\":\"https:\/\/eurorxdrugs.cc\/it\/\"},{\"@type\":\"ListItem\",\"position\":2,\"name\":\"Products\",\"item\":\"https:\/\/eurorxdrugs.cc\/it\/shop\/\"},{\"@type\":\"ListItem\",\"position\":3,\"name\":\"Rivotril (Klonopin) By Martin Dow\"}]},{\"@type\":\"WebSite\",\"@id\":\"https:\/\/eurorxdrugs.cc\/it\/#website\",\"url\":\"https:\/\/eurorxdrugs.cc\/it\/\",\"name\":\"eurorxdrugs\",\"description\":\"\",\"publisher\":{\"@id\":\"https:\/\/eurorxdrugs.cc\/it\/#organization\"},\"potentialAction\":[{\"@type\":\"SearchAction\",\"target\":{\"@type\":\"EntryPoint\",\"urlTemplate\":\"https:\/\/eurorxdrugs.cc\/it\/?s={search_term_string}\"},\"query-input\":\"required name=search_term_string\"}],\"inLanguage\":\"it-IT\"},{\"@type\":\"Organization\",\"@id\":\"https:\/\/eurorxdrugs.cc\/it\/#organization\",\"name\":\"eurorxdrugs\",\"url\":\"https:\/\/eurorxdrugs.cc\/it\/\",\"logo\":{\"@type\":\"ImageObject\",\"inLanguage\":\"it-IT\",\"@id\":\"https:\/\/eurorxdrugs.cc\/it\/#\/schema\/logo\/image\/\",\"url\":\"https:\/\/eurorxdrugs.cc\/it\/wp-content\/uploads\/2024\/09\/logo-1-1.png\",\"contentUrl\":\"https:\/\/eurorxdrugs.cc\/it\/wp-content\/uploads\/2024\/09\/logo-1-1.png\",\"width\":233,\"height\":54,\"caption\":\"eurorxdrugs\"},\"image\":{\"@id\":\"https:\/\/eurorxdrugs.cc\/it\/#\/schema\/logo\/image\/\"}}]}<\/script>\n<!-- \/ Yoast SEO plugin. -->","yoast_head_json":{"title":"Ordina Rivotril (Klonopin) By Martin Dow senza ricetta a basso prezzo | Eurorxdrugs","description":"Acquista Rivotril (Klonopin) By Martin Dow ora! Farmaco genuino e consegna veloce inclusi. Servizio 100% discreto e riservato per tutti i nostri clienti su Eurorxdrugs","robots":{"index":"index","follow":"follow","max-snippet":"max-snippet:-1","max-image-preview":"max-image-preview:large","max-video-preview":"max-video-preview:-1"},"canonical":"https:\/\/eurorxdrugs.cc\/it\/product\/rivotril-klonopin-by-martin-dow\/","og_locale":"it_IT","og_type":"article","og_title":"Ordina Rivotril (Klonopin) By Martin Dow senza ricetta a basso prezzo | Eurorxdrugs","og_description":"Acquista Rivotril (Klonopin) By Martin Dow ora! Farmaco genuino e consegna veloce inclusi. Servizio 100% discreto e riservato per tutti i nostri clienti su Eurorxdrugs","og_url":"https:\/\/eurorxdrugs.cc\/it\/product\/rivotril-klonopin-by-martin-dow\/","og_site_name":"eurorxdrugs","article_modified_time":"2024-10-31T08:47:36+00:00","og_image":[{"width":270,"height":300,"url":"https:\/\/eurorxdrugs.cc\/it\/wp-content\/uploads\/2024\/10\/359-min.jpg","type":"image\/jpeg"}],"twitter_card":"summary_large_image","twitter_misc":{"Tempo di lettura stimato":"3 minuti"},"schema":{"@context":"https:\/\/schema.org","@graph":[{"@type":"WebPage","@id":"https:\/\/eurorxdrugs.cc\/it\/product\/rivotril-klonopin-by-martin-dow\/","url":"https:\/\/eurorxdrugs.cc\/it\/product\/rivotril-klonopin-by-martin-dow\/","name":"Ordina Rivotril (Klonopin) By Martin Dow senza ricetta a basso prezzo | Eurorxdrugs","isPartOf":{"@id":"https:\/\/eurorxdrugs.cc\/it\/#website"},"datePublished":"2024-10-31T08:41:08+00:00","dateModified":"2024-10-31T08:47:36+00:00","description":"Acquista Rivotril (Klonopin) By Martin Dow ora! Farmaco genuino e consegna veloce inclusi. Servizio 100% discreto e riservato per tutti i nostri clienti su Eurorxdrugs","breadcrumb":{"@id":"https:\/\/eurorxdrugs.cc\/it\/product\/rivotril-klonopin-by-martin-dow\/#breadcrumb"},"inLanguage":"it-IT","potentialAction":[{"@type":"ReadAction","target":["https:\/\/eurorxdrugs.cc\/it\/product\/rivotril-klonopin-by-martin-dow\/"]}]},{"@type":"BreadcrumbList","@id":"https:\/\/eurorxdrugs.cc\/it\/product\/rivotril-klonopin-by-martin-dow\/#breadcrumb","itemListElement":[{"@type":"ListItem","position":1,"name":"Home","item":"https:\/\/eurorxdrugs.cc\/it\/"},{"@type":"ListItem","position":2,"name":"Products","item":"https:\/\/eurorxdrugs.cc\/it\/shop\/"},{"@type":"ListItem","position":3,"name":"Rivotril (Klonopin) By Martin Dow"}]},{"@type":"WebSite","@id":"https:\/\/eurorxdrugs.cc\/it\/#website","url":"https:\/\/eurorxdrugs.cc\/it\/","name":"eurorxdrugs","description":"","publisher":{"@id":"https:\/\/eurorxdrugs.cc\/it\/#organization"},"potentialAction":[{"@type":"SearchAction","target":{"@type":"EntryPoint","urlTemplate":"https:\/\/eurorxdrugs.cc\/it\/?s={search_term_string}"},"query-input":"required name=search_term_string"}],"inLanguage":"it-IT"},{"@type":"Organization","@id":"https:\/\/eurorxdrugs.cc\/it\/#organization","name":"eurorxdrugs","url":"https:\/\/eurorxdrugs.cc\/it\/","logo":{"@type":"ImageObject","inLanguage":"it-IT","@id":"https:\/\/eurorxdrugs.cc\/it\/#\/schema\/logo\/image\/","url":"https:\/\/eurorxdrugs.cc\/it\/wp-content\/uploads\/2024\/09\/logo-1-1.png","contentUrl":"https:\/\/eurorxdrugs.cc\/it\/wp-content\/uploads\/2024\/09\/logo-1-1.png","width":233,"height":54,"caption":"eurorxdrugs"},"image":{"@id":"https:\/\/eurorxdrugs.cc\/it\/#\/schema\/logo\/image\/"}}]}},"_links":{"self":[{"href":"https:\/\/eurorxdrugs.cc\/it\/wp-json\/wp\/v2\/product\/4775","targetHints":{"allow":["GET"]}}],"collection":[{"href":"https:\/\/eurorxdrugs.cc\/it\/wp-json\/wp\/v2\/product"}],"about":[{"href":"https:\/\/eurorxdrugs.cc\/it\/wp-json\/wp\/v2\/types\/product"}],"replies":[{"embeddable":true,"href":"https:\/\/eurorxdrugs.cc\/it\/wp-json\/wp\/v2\/comments?post=4775"}],"wp:featuredmedia":[{"embeddable":true,"href":"https:\/\/eurorxdrugs.cc\/it\/wp-json\/wp\/v2\/media\/4776"}],"wp:attachment":[{"href":"https:\/\/eurorxdrugs.cc\/it\/wp-json\/wp\/v2\/media?parent=4775"}],"wp:term":[{"taxonomy":"product_cat","embeddable":true,"href":"https:\/\/eurorxdrugs.cc\/it\/wp-json\/wp\/v2\/product_cat?post=4775"},{"taxonomy":"product_tag","embeddable":true,"href":"https:\/\/eurorxdrugs.cc\/it\/wp-json\/wp\/v2\/product_tag?post=4775"}],"curies":[{"name":"wp","href":"https:\/\/api.w.org\/{rel}","templated":true}]}}