{"id":4743,"date":"2024-10-31T08:35:20","date_gmt":"2024-10-31T08:35:20","guid":{"rendered":"https:\/\/eurorxdrugs.cc\/nl\/?post_type=product&#038;p=4743"},"modified":"2024-10-31T08:38:32","modified_gmt":"2024-10-31T08:38:32","slug":"lexotanil-bromazepam-2","status":"publish","type":"product","link":"https:\/\/eurorxdrugs.cc\/nl\/product\/lexotanil-bromazepam-2\/","title":{"rendered":"Lexotanil (Bromazepam)"},"content":{"rendered":"<p>Beschreibung<br \/>\nBromazepam (Lexotanil) 3 mg: Anwendung und Informationen<br \/>\nBromazepam (auch bekannt als Lexotan\u00ae) ist ein Benzodiazepin. Es wird haupts\u00e4chlich zur Behandlung der Symptome von Angstzust\u00e4nden eingesetzt. Es kann auch zur Linderung von Panik- und sozialen Angstst\u00f6rungen verwendet werden. Es ist in Tablettenform erh\u00e4ltlich.<\/p>\n<p>Wie lautet die \u00fcbliche Dosierung von Bromazepam?<\/p>\n<p>Die \u00fcbliche Dosierung von Bromazepam bei Erwachsenen zur Behandlung von Angstzust\u00e4nden betr\u00e4gt 3-18 mg pro Tag, normalerweise aufgeteilt \u00fcber den Tag. Bei \u00e4lteren Menschen sollte die Dosis etwas niedriger sein, z.B. die H\u00e4lfte der Erwachsenendosis.<\/p>\n<p>Wie und wann sollte ich Lexotanil 3 mg einnehmen?<\/p>\n<p>Schlucken Sie die Tabletten mit mindestens einem halben Glas Wasser, w\u00e4hrend Sie sitzen oder stehen. Dies stellt sicher, dass die Tablette den Magen erreicht und nicht in Ihrem Hals stecken bleibt. Es ist kein Problem, Bromazepam vor, mit oder nach dem Essen einzunehmen.<\/p>\n<p>Wie lange dauert es, bis Bromazepam wirkt?<\/p>\n<p>Bromazepam beginnt normalerweise innerhalb von etwa einer Stunde zu wirken. Die Wirkung kann sich dann \u00fcber mehrere Tage oder Wochen aufbauen.<\/p>\n<p>Wie lange muss ich Lexotanil 3 mg einnehmen?<\/p>\n<p>Dies h\u00e4ngt davon ab, wof\u00fcr Sie es einnehmen. Besprechen Sie dies mit Ihrem Verschreiber, Arzt, Ihrer Krankenschwester oder Ihrem Apotheker.<\/p>\n<p>Kann ich die Einnahme von Bromazepam pl\u00f6tzlich stoppen?<\/p>\n<p>Sie k\u00f6nnten von Bromazepam abh\u00e4ngig werden, wenn Sie es regelm\u00e4\u00dfig jeden Tag f\u00fcr mehr als etwa 4 bis 6 Wochen einnehmen, obwohl dies bei der Einnahme wegen Epilepsie weniger problematisch ist. Wenn Sie es regelm\u00e4\u00dfig eingenommen haben, ist es m\u00f6glicherweise am besten, die Dosis langsam \u00fcber einige Tage oder Wochen zu reduzieren. Besprechen Sie dies ausf\u00fchrlich mit Ihrem Verschreiber, Arzt, Ihrer Krankenschwester oder Ihrem Apotheker. Wenn Sie es \u201ebei Bedarf\u201c alle paar Tage einnehmen, sollten Sie in der Lage sein, die Einnahme zu beenden, wenn Sie das Gef\u00fchl haben, es nicht mehr zu ben\u00f6tigen.<\/p>\n<p>Was soll ich tun, wenn ich eine Dosis Lexotanil vergesse?<\/p>\n<p>Nehmen Sie die vers\u00e4umte Dosis so bald wie m\u00f6glich ein, es sei denn, es ist innerhalb von etwa 4 Stunden vor der n\u00e4chsten Dosis. Wenn Sie sich nach dieser Zeit erinnern, nehmen Sie einfach die n\u00e4chste Dosis wie gewohnt ein. Versuchen Sie nicht, aufzuholen, indem Sie zwei Dosen auf einmal einnehmen, da dies zu mehr Nebenwirkungen f\u00fchren kann.<\/p>\n<p>Kann ich Alkohol trinken, w\u00e4hrend ich Bromazepam einnehme?<\/p>\n<p>Wenn Sie Alkohol trinken, w\u00e4hrend Sie Lexotanil einnehmen, kann dies dazu f\u00fchren, dass Sie sich schl\u00e4friger f\u00fchlen. Dies ist besonders wichtig, wenn Sie fahren oder Maschinen bedienen m\u00fcssen. Sie sollten sich dazu beraten lassen.<\/p>\n<p>Welche Nebenwirkungen k\u00f6nnte ich bei der Einnahme von Bromazepam haben?<\/p>\n<p>H\u00e4ufige Nebenwirkungen: Schwindel, Schl\u00e4frigkeit, Gef\u00fchl der Unsicherheit auf den Beinen am n\u00e4chsten Tag<br \/>\nWeniger h\u00e4ufige Nebenwirkungen: Kopfschmerzen, Verwirrung<br \/>\nSeltene Nebenwirkungen: Amnesie (Ged\u00e4chtnisverlust)<br \/>\nSeien Sie nicht besorgt \u00fcber diese Liste von Nebenwirkungen. Einige Menschen haben keine Nebenwirkungen und andere k\u00f6nnen einige der hier nicht aufgef\u00fchrten Nebenwirkungen erleben. Wenn Sie glauben, dass Sie eine Nebenwirkung von Ihrem Medikament haben, sollten Sie Ihren Arzt, Ihre Krankenschwester oder Ihren Apotheker fragen.<\/p>\n<p>Kann ich fahren oder Rad fahren, w\u00e4hrend ich Lexotanil einnehme?<\/p>\n<p>Bromazepam kann Ihre F\u00e4higkeit zu fahren beeintr\u00e4chtigen und Schwindel sowie Benommenheit verursachen. Bis Sie wissen, wie Bromazepam auf Sie wirkt, seien Sie vorsichtig beim Fahren oder Bedienen von Maschinen. Es kann Ihre Reaktionszeiten verlangsamen.<\/p>\n","protected":false},"excerpt":{"rendered":"<p>Handelsname: Lexotanil<br \/>\nWirkstoff: Bromazepam<br \/>\nAnwendungsgebiet: Zur Behandlung von Angstzust\u00e4nden oder Panikzust\u00e4nden<br \/>\nVerf\u00fcgbare Dosierungen: 1.5mg, 3mg, 6mg<\/p>\n","protected":false},"featured_media":4742,"comment_status":"open","ping_status":"closed","template":"","meta":[],"product_cat":[28],"product_tag":[],"class_list":{"0":"post-4743","1":"product","2":"type-product","3":"status-publish","4":"has-post-thumbnail","6":"product_cat-anti-anxiety","8":"first","9":"instock","10":"shipping-taxable","11":"product-type-grouped"},"yoast_head":"<!-- This site is optimized with the Yoast SEO plugin v24.1 - https:\/\/yoast.com\/wordpress\/plugins\/seo\/ -->\n<title>Bestellen Sie Lexotanil (Bromazepam) ohne Rezept zum niedrigen Preis | Eurorxdrugs<\/title>\n<meta name=\"description\" content=\"Kaufen Sie Lexotanil (Bromazepam) jetzt! Echtes Medikament und schnelle Lieferung inklusive. 100% diskreter und vertraulicher Service f\u00fcr alle unsere Kunden bei Eurorxdrugs\" \/>\n<meta name=\"robots\" content=\"index, follow, max-snippet:-1, max-image-preview:large, max-video-preview:-1\" \/>\n<link rel=\"canonical\" href=\"https:\/\/eurorxdrugs.cc\/nl\/product\/lexotanil-bromazepam-2\/\" \/>\n<meta property=\"og:locale\" content=\"nl_NL\" \/>\n<meta property=\"og:type\" content=\"article\" \/>\n<meta property=\"og:title\" content=\"Bestellen Sie Lexotanil (Bromazepam) ohne Rezept zum niedrigen Preis | Eurorxdrugs\" \/>\n<meta property=\"og:description\" content=\"Kaufen Sie Lexotanil (Bromazepam) jetzt! Echtes Medikament und schnelle Lieferung inklusive. 100% diskreter und vertraulicher Service f\u00fcr alle unsere Kunden bei Eurorxdrugs\" \/>\n<meta property=\"og:url\" content=\"https:\/\/eurorxdrugs.cc\/nl\/product\/lexotanil-bromazepam-2\/\" \/>\n<meta property=\"og:site_name\" content=\"eurorxdrugs\" \/>\n<meta property=\"article:modified_time\" content=\"2024-10-31T08:38:32+00:00\" \/>\n<meta property=\"og:image\" content=\"https:\/\/eurorxdrugs.cc\/nl\/wp-content\/uploads\/2024\/10\/308-min.jpg\" \/>\n\t<meta property=\"og:image:width\" content=\"270\" \/>\n\t<meta property=\"og:image:height\" content=\"300\" \/>\n\t<meta property=\"og:image:type\" content=\"image\/jpeg\" \/>\n<meta name=\"twitter:card\" content=\"summary_large_image\" \/>\n<meta name=\"twitter:label1\" content=\"Geschatte leestijd\" \/>\n\t<meta name=\"twitter:data1\" content=\"3 minuten\" \/>\n<script type=\"application\/ld+json\" class=\"yoast-schema-graph\">{\"@context\":\"https:\/\/schema.org\",\"@graph\":[{\"@type\":\"WebPage\",\"@id\":\"https:\/\/eurorxdrugs.cc\/nl\/product\/lexotanil-bromazepam-2\/\",\"url\":\"https:\/\/eurorxdrugs.cc\/nl\/product\/lexotanil-bromazepam-2\/\",\"name\":\"Bestellen Sie Lexotanil (Bromazepam) ohne Rezept zum niedrigen Preis | Eurorxdrugs\",\"isPartOf\":{\"@id\":\"https:\/\/eurorxdrugs.cc\/nl\/#website\"},\"primaryImageOfPage\":{\"@id\":\"https:\/\/eurorxdrugs.cc\/nl\/product\/lexotanil-bromazepam-2\/#primaryimage\"},\"image\":{\"@id\":\"https:\/\/eurorxdrugs.cc\/nl\/product\/lexotanil-bromazepam-2\/#primaryimage\"},\"thumbnailUrl\":\"https:\/\/eurorxdrugs.cc\/nl\/wp-content\/uploads\/2024\/10\/308-min.jpg\",\"datePublished\":\"2024-10-31T08:35:20+00:00\",\"dateModified\":\"2024-10-31T08:38:32+00:00\",\"description\":\"Kaufen Sie Lexotanil (Bromazepam) jetzt! Echtes Medikament und schnelle Lieferung inklusive. 100% diskreter und vertraulicher Service f\u00fcr alle unsere Kunden bei Eurorxdrugs\",\"breadcrumb\":{\"@id\":\"https:\/\/eurorxdrugs.cc\/nl\/product\/lexotanil-bromazepam-2\/#breadcrumb\"},\"inLanguage\":\"nl-NL\",\"potentialAction\":[{\"@type\":\"ReadAction\",\"target\":[\"https:\/\/eurorxdrugs.cc\/nl\/product\/lexotanil-bromazepam-2\/\"]}]},{\"@type\":\"ImageObject\",\"inLanguage\":\"nl-NL\",\"@id\":\"https:\/\/eurorxdrugs.cc\/nl\/product\/lexotanil-bromazepam-2\/#primaryimage\",\"url\":\"https:\/\/eurorxdrugs.cc\/nl\/wp-content\/uploads\/2024\/10\/308-min.jpg\",\"contentUrl\":\"https:\/\/eurorxdrugs.cc\/nl\/wp-content\/uploads\/2024\/10\/308-min.jpg\",\"width\":270,\"height\":300},{\"@type\":\"BreadcrumbList\",\"@id\":\"https:\/\/eurorxdrugs.cc\/nl\/product\/lexotanil-bromazepam-2\/#breadcrumb\",\"itemListElement\":[{\"@type\":\"ListItem\",\"position\":1,\"name\":\"Home\",\"item\":\"https:\/\/eurorxdrugs.cc\/nl\/\"},{\"@type\":\"ListItem\",\"position\":2,\"name\":\"Products\",\"item\":\"https:\/\/eurorxdrugs.cc\/nl\/shop\/\"},{\"@type\":\"ListItem\",\"position\":3,\"name\":\"Lexotanil (Bromazepam)\"}]},{\"@type\":\"WebSite\",\"@id\":\"https:\/\/eurorxdrugs.cc\/nl\/#website\",\"url\":\"https:\/\/eurorxdrugs.cc\/nl\/\",\"name\":\"eurorxdrugs\",\"description\":\"\",\"publisher\":{\"@id\":\"https:\/\/eurorxdrugs.cc\/nl\/#organization\"},\"potentialAction\":[{\"@type\":\"SearchAction\",\"target\":{\"@type\":\"EntryPoint\",\"urlTemplate\":\"https:\/\/eurorxdrugs.cc\/nl\/?s={search_term_string}\"},\"query-input\":{\"@type\":\"PropertyValueSpecification\",\"valueRequired\":true,\"valueName\":\"search_term_string\"}}],\"inLanguage\":\"nl-NL\"},{\"@type\":\"Organization\",\"@id\":\"https:\/\/eurorxdrugs.cc\/nl\/#organization\",\"name\":\"eurorxdrugs\",\"url\":\"https:\/\/eurorxdrugs.cc\/nl\/\",\"logo\":{\"@type\":\"ImageObject\",\"inLanguage\":\"nl-NL\",\"@id\":\"https:\/\/eurorxdrugs.cc\/nl\/#\/schema\/logo\/image\/\",\"url\":\"https:\/\/eurorxdrugs.cc\/nl\/wp-content\/uploads\/2024\/09\/logo-1-1.png\",\"contentUrl\":\"https:\/\/eurorxdrugs.cc\/nl\/wp-content\/uploads\/2024\/09\/logo-1-1.png\",\"width\":233,\"height\":54,\"caption\":\"eurorxdrugs\"},\"image\":{\"@id\":\"https:\/\/eurorxdrugs.cc\/nl\/#\/schema\/logo\/image\/\"}}]}<\/script>\n<!-- \/ Yoast SEO plugin. -->","yoast_head_json":{"title":"Bestellen Sie Lexotanil (Bromazepam) ohne Rezept zum niedrigen Preis | Eurorxdrugs","description":"Kaufen Sie Lexotanil (Bromazepam) jetzt! Echtes Medikament und schnelle Lieferung inklusive. 100% diskreter und vertraulicher Service f\u00fcr alle unsere Kunden bei Eurorxdrugs","robots":{"index":"index","follow":"follow","max-snippet":"max-snippet:-1","max-image-preview":"max-image-preview:large","max-video-preview":"max-video-preview:-1"},"canonical":"https:\/\/eurorxdrugs.cc\/nl\/product\/lexotanil-bromazepam-2\/","og_locale":"nl_NL","og_type":"article","og_title":"Bestellen Sie Lexotanil (Bromazepam) ohne Rezept zum niedrigen Preis | Eurorxdrugs","og_description":"Kaufen Sie Lexotanil (Bromazepam) jetzt! Echtes Medikament und schnelle Lieferung inklusive. 100% diskreter und vertraulicher Service f\u00fcr alle unsere Kunden bei Eurorxdrugs","og_url":"https:\/\/eurorxdrugs.cc\/nl\/product\/lexotanil-bromazepam-2\/","og_site_name":"eurorxdrugs","article_modified_time":"2024-10-31T08:38:32+00:00","og_image":[{"width":270,"height":300,"url":"https:\/\/eurorxdrugs.cc\/nl\/wp-content\/uploads\/2024\/10\/308-min.jpg","type":"image\/jpeg"}],"twitter_card":"summary_large_image","twitter_misc":{"Geschatte leestijd":"3 minuten"},"schema":{"@context":"https:\/\/schema.org","@graph":[{"@type":"WebPage","@id":"https:\/\/eurorxdrugs.cc\/nl\/product\/lexotanil-bromazepam-2\/","url":"https:\/\/eurorxdrugs.cc\/nl\/product\/lexotanil-bromazepam-2\/","name":"Bestellen Sie Lexotanil (Bromazepam) ohne Rezept zum niedrigen Preis | Eurorxdrugs","isPartOf":{"@id":"https:\/\/eurorxdrugs.cc\/nl\/#website"},"primaryImageOfPage":{"@id":"https:\/\/eurorxdrugs.cc\/nl\/product\/lexotanil-bromazepam-2\/#primaryimage"},"image":{"@id":"https:\/\/eurorxdrugs.cc\/nl\/product\/lexotanil-bromazepam-2\/#primaryimage"},"thumbnailUrl":"https:\/\/eurorxdrugs.cc\/nl\/wp-content\/uploads\/2024\/10\/308-min.jpg","datePublished":"2024-10-31T08:35:20+00:00","dateModified":"2024-10-31T08:38:32+00:00","description":"Kaufen Sie Lexotanil (Bromazepam) jetzt! Echtes Medikament und schnelle Lieferung inklusive. 100% diskreter und vertraulicher Service f\u00fcr alle unsere Kunden bei Eurorxdrugs","breadcrumb":{"@id":"https:\/\/eurorxdrugs.cc\/nl\/product\/lexotanil-bromazepam-2\/#breadcrumb"},"inLanguage":"nl-NL","potentialAction":[{"@type":"ReadAction","target":["https:\/\/eurorxdrugs.cc\/nl\/product\/lexotanil-bromazepam-2\/"]}]},{"@type":"ImageObject","inLanguage":"nl-NL","@id":"https:\/\/eurorxdrugs.cc\/nl\/product\/lexotanil-bromazepam-2\/#primaryimage","url":"https:\/\/eurorxdrugs.cc\/nl\/wp-content\/uploads\/2024\/10\/308-min.jpg","contentUrl":"https:\/\/eurorxdrugs.cc\/nl\/wp-content\/uploads\/2024\/10\/308-min.jpg","width":270,"height":300},{"@type":"BreadcrumbList","@id":"https:\/\/eurorxdrugs.cc\/nl\/product\/lexotanil-bromazepam-2\/#breadcrumb","itemListElement":[{"@type":"ListItem","position":1,"name":"Home","item":"https:\/\/eurorxdrugs.cc\/nl\/"},{"@type":"ListItem","position":2,"name":"Products","item":"https:\/\/eurorxdrugs.cc\/nl\/shop\/"},{"@type":"ListItem","position":3,"name":"Lexotanil (Bromazepam)"}]},{"@type":"WebSite","@id":"https:\/\/eurorxdrugs.cc\/nl\/#website","url":"https:\/\/eurorxdrugs.cc\/nl\/","name":"eurorxdrugs","description":"","publisher":{"@id":"https:\/\/eurorxdrugs.cc\/nl\/#organization"},"potentialAction":[{"@type":"SearchAction","target":{"@type":"EntryPoint","urlTemplate":"https:\/\/eurorxdrugs.cc\/nl\/?s={search_term_string}"},"query-input":{"@type":"PropertyValueSpecification","valueRequired":true,"valueName":"search_term_string"}}],"inLanguage":"nl-NL"},{"@type":"Organization","@id":"https:\/\/eurorxdrugs.cc\/nl\/#organization","name":"eurorxdrugs","url":"https:\/\/eurorxdrugs.cc\/nl\/","logo":{"@type":"ImageObject","inLanguage":"nl-NL","@id":"https:\/\/eurorxdrugs.cc\/nl\/#\/schema\/logo\/image\/","url":"https:\/\/eurorxdrugs.cc\/nl\/wp-content\/uploads\/2024\/09\/logo-1-1.png","contentUrl":"https:\/\/eurorxdrugs.cc\/nl\/wp-content\/uploads\/2024\/09\/logo-1-1.png","width":233,"height":54,"caption":"eurorxdrugs"},"image":{"@id":"https:\/\/eurorxdrugs.cc\/nl\/#\/schema\/logo\/image\/"}}]}},"_links":{"self":[{"href":"https:\/\/eurorxdrugs.cc\/nl\/wp-json\/wp\/v2\/product\/4743","targetHints":{"allow":["GET"]}}],"collection":[{"href":"https:\/\/eurorxdrugs.cc\/nl\/wp-json\/wp\/v2\/product"}],"about":[{"href":"https:\/\/eurorxdrugs.cc\/nl\/wp-json\/wp\/v2\/types\/product"}],"replies":[{"embeddable":true,"href":"https:\/\/eurorxdrugs.cc\/nl\/wp-json\/wp\/v2\/comments?post=4743"}],"wp:featuredmedia":[{"embeddable":true,"href":"https:\/\/eurorxdrugs.cc\/nl\/wp-json\/wp\/v2\/media\/4742"}],"wp:attachment":[{"href":"https:\/\/eurorxdrugs.cc\/nl\/wp-json\/wp\/v2\/media?parent=4743"}],"wp:term":[{"taxonomy":"product_cat","embeddable":true,"href":"https:\/\/eurorxdrugs.cc\/nl\/wp-json\/wp\/v2\/product_cat?post=4743"},{"taxonomy":"product_tag","embeddable":true,"href":"https:\/\/eurorxdrugs.cc\/nl\/wp-json\/wp\/v2\/product_tag?post=4743"}],"curies":[{"name":"wp","href":"https:\/\/api.w.org\/{rel}","templated":true}]}}