{"id":4844,"date":"2024-10-31T09:31:14","date_gmt":"2024-10-31T09:31:14","guid":{"rendered":"https:\/\/eurorxdrugs.cc\/nl\/?post_type=product&#038;p=4844"},"modified":"2024-10-31T09:48:10","modified_gmt":"2024-10-31T09:48:10","slug":"tenormin-atenolol","status":"publish","type":"product","link":"https:\/\/eurorxdrugs.cc\/nl\/product\/tenormin-atenolol\/","title":{"rendered":"Tenormin (Atenolol)"},"content":{"rendered":"<div class=\"pro-description_name\">Beschreibung<\/div>\n<div class=\"pro-description_content\">\n<div><b>Allgemeine Anwendung<\/b><\/div>\n<div>\u00a0\u00a0\u00a0\u00a0\u00a0\u00a0\u00a0\u00a0Tenormin ist ein Blockieren-Agens des Betas-adrenergic. Seine Rolle ist zu Bl\u00f6cken die Effekten von adrenergic Rauschgiften, wie Adrenalin oder epinephrine auf Nerven des mitf\u00fchlenden Nervensystems. Tenormin reduziert die Herzrate und verwendete sie Behandlung anomal schneller Herzrhythmen, arterieller Hypertonie, Angina, akuter myocardial \u00dcbertretung, Tachykardie (verschiedene Typen), ventrikul\u00e4re fibrill\u00e4re Zuckung und andere.<\/div>\n<div><\/div>\n<div><b>Dosierung und Anwendungsgebiet<\/b><\/div>\n<div>\u00a0\u00a0\u00a0\u00a0\u00a0\u00a0\u00a0\u00a0Nehmen Sie Tenormin vor Mahlzeiten oder in der Schlafenszeit. Ihre Dosis h\u00e4ngt von Ihrer Bedingung ab und sollte von Ihrem Arzt verabreicht werden. Nehmen Sie das Medikament, genau wie vorgeschrieben. \u00c4ndern Sie die Dosis nicht und h\u00f6ren Sie pl\u00f6tzlich Behandlung nicht auf, selbst wenn Sie sich besser f\u00fchlen, weil Hypertonie h\u00e4ufig keine Symptome hat. Vermeiden Sie, Alkohol zu trinken. Teilen Sie Ihrem Chirurgen mit, wenn Sie Tenormin nehmen, wenn Sie planen, bedient zu werden.<\/div>\n<div><\/div>\n<div><b>Vorsichtsma\u00dfnahmen<\/b><\/div>\n<div>\u00a0\u00a0\u00a0\u00a0\u00a0\u00a0\u00a0\u00a0Nehmen Sie Tenormin nicht, wenn es nicht war, sollte Tenormin mit einem Glas von Wasser einmal t\u00e4glich zur gleichen Zeit genommen werden. H\u00f6ren Sie nicht auf, das Medikament pl\u00f6tzlich zu nehmen, weil es Ihre Bedingung schlechter machen kann. Setzen Sie fort, das Medikament zu nehmen, selbst wenn Sie sich fein als Hypertonie und Krankheiten eines Herzens vielleicht ein Leben lange Krankheit f\u00fchlen. Informieren Sie Ihren Chirurgen, wenn Sie Tenormin nehmen, wenn Sie bedient werden m\u00fcssen.<\/div>\n<div><\/div>\n<div><b>Kontraindikationen<\/b><\/div>\n<div>\u00a0\u00a0\u00a0\u00a0\u00a0\u00a0\u00a0\u00a0\u00dcberempfindlichkeit, krankes Sinus-Syndrom, Sinus-Bradykardie (Rate langsamer als 50 pro Minute), atrioventricular Block (Grad II und III), arterielle Hypotension, akutes oder chronisches Herzversagen, periphere Blutfluss-St\u00f6rungen, Stillen. Umsicht sollte in Patienten mit Diabetes, hypopotassemia, Lungenemphysem, Asthma, Leber und Nierekrankheitsschwangerschaft und mit anderen Bedingungen ausge\u00fcbt werden.<\/div>\n<div><\/div>\n<div><b>M\u00f6gliche Nebenwirkungen<\/b><\/div>\n<div>Nebenwirkungen sind selten und verg\u00e4nglich, wenn vorkommen. Sie k\u00f6nnen:<\/div>\n<div>\u2022 Schw\u00e4che;<\/div>\n<div>\u2022 Ersch\u00f6pfung;<\/div>\n<div>\u2022 Schwindel;<\/div>\n<div>\u2022 Kopfschmerz;<\/div>\n<div>\u2022 Depression;<\/div>\n<div>\u2022 das Tr\u00e4umen;<\/div>\n<div>\u2022 die Schlaflosigkeit;<\/div>\n<div>\u2022 den Ged\u00e4chtnisschwund;<\/div>\n<div>\u2022 die Unterleibskrampen;<\/div>\n<div>\u2022 die Diarrh\u00f6e, die Konstipation;<\/div>\n<div>\u2022 den Brechreiz;<\/div>\n<div>\u2022 das Fieber;<\/div>\n<div>\u2022 die Machtlosigkeit;<\/div>\n<div>\u2022 den Schwindel;<\/div>\n<div>\u2022 die langsame Herzrate;<\/div>\n<div>\u2022 den niedrigen Blutdruck;<\/div>\n<div>\u2022 die Erstarrung;<\/div>\n<div>\u2022 das Prickeln, die kalten Extremit\u00e4ten, und die Angina und auch die Allergie einschlie\u00dfen.<\/div>\n<div><\/div>\n<div><b>Wechselwirkung<\/b><\/div>\n<div>\u00a0\u00a0\u00a0\u00a0\u00a0\u00a0\u00a0\u00a0Tenormin kann Bedingungen von Patienten mit Asthma, chronischer Bronchitis, oder Emphysem erschweren. In Patienten mit vorhandenen langsamen Herzraten und Herzbl\u00f6cken kann Tenormin Herzraten betr\u00e4chtlich verlangsamen. Tenormin reduziert die Kraft der Herzmuskelzusammenziehung und macht Bedingungen von Patienten mit dem Herzversagen schlechter. Non-steroidal Antientz\u00fcndungsrauschgifte, Oestrogen, sympathomimetics, xanthines schw\u00e4chen hypotensive Wirkung von Tenormin.<\/div>\n<div><\/div>\n<div><b>Verpasste Dosis<\/b><\/div>\n<div>\u00a0\u00a0\u00a0\u00a0Nehmen\u00a0Sie nie eine doppelte Dosis dieses Medikaments. Wenn es fast Zeit der folgenden Dosis ist, gerade lassen den verpassten Teil aus und setzen fort, die Medizin gem\u00e4\u00df der Liste zu nehmen.<\/div>\n<div><\/div>\n<div><b>\u00dcberdosierung<\/b><\/div>\n<div>\u00a0\u00a0\u00a0\u00a0\u00a0\u00a0\u00a0\u00a0Symptome von einer \u00dcberdosis sind unebene Herzschl\u00e4ge, Atemnot, Schwindel, Schw\u00e4che, bl\u00e4ulich gef\u00e4rbt Fingern\u00e4gel, Konvulsionen schwach zu werden. Wenn Sie diesen Anruf Ihr Arzt sofort erfahren.<\/div>\n<div><\/div>\n<div><b>Lagerung<\/b><\/div>\n<div>\u00a0\u00a0\u00a0\u00a0\u00a0\u00a0\u00a0\u00a0Bl\u00f6cke sollten bei der Raumtemperatur zwischen 25-25 C (68-70 F) weg vom Licht und der Feuchtigkeit gelagert werden.<\/div>\n<\/div>\n","protected":false},"excerpt":{"rendered":"<div><b>Handelsname:<\/b> Tenormin<\/div>\n<div><b>Wirkstoff: <\/b>Atenolol<\/div>\n<div><b>Produktionsform:<\/b> Pillen<\/div>\n<div><b>Anwendungsgebiet:\u00a0<\/b> Zur Behandlung von Bluthochdruck, Senkung der Herzfrequenz, Behandlung von Angina<\/div>\n<div><b>Verf\u00fcgbare Dosierungen: <\/b>25mg, 50mg und 100mg<\/div>\n","protected":false},"featured_media":4845,"comment_status":"open","ping_status":"closed","template":"","meta":[],"product_cat":[49],"product_tag":[],"class_list":{"0":"post-4844","1":"product","2":"type-product","3":"status-publish","4":"has-post-thumbnail","6":"product_cat-heart-cholesterol","8":"first","9":"instock","10":"shipping-taxable","11":"product-type-grouped"},"yoast_head":"<!-- This site is optimized with the Yoast SEO plugin v24.1 - https:\/\/yoast.com\/wordpress\/plugins\/seo\/ -->\n<title>Bestellen Sie Tenormin (Atenolol) ohne Rezept zum niedrigen Preis | Eurorxdrugs<\/title>\n<meta name=\"description\" content=\"Kaufen Sie Tenormin (Atenolol) jetzt! Echtes Medikament und schnelle Lieferung inklusive. 100% diskreter und vertraulicher Service f\u00fcr alle unsere Kunden bei Eurorxdrugs\" \/>\n<meta name=\"robots\" content=\"index, follow, max-snippet:-1, max-image-preview:large, max-video-preview:-1\" \/>\n<link rel=\"canonical\" href=\"https:\/\/eurorxdrugs.cc\/nl\/product\/tenormin-atenolol\/\" \/>\n<meta property=\"og:locale\" content=\"nl_NL\" \/>\n<meta property=\"og:type\" content=\"article\" \/>\n<meta property=\"og:title\" content=\"Bestellen Sie Tenormin (Atenolol) ohne Rezept zum niedrigen Preis | Eurorxdrugs\" \/>\n<meta property=\"og:description\" content=\"Kaufen Sie Tenormin (Atenolol) jetzt! Echtes Medikament und schnelle Lieferung inklusive. 100% diskreter und vertraulicher Service f\u00fcr alle unsere Kunden bei Eurorxdrugs\" \/>\n<meta property=\"og:url\" content=\"https:\/\/eurorxdrugs.cc\/nl\/product\/tenormin-atenolol\/\" \/>\n<meta property=\"og:site_name\" content=\"eurorxdrugs\" \/>\n<meta property=\"article:modified_time\" content=\"2024-10-31T09:48:10+00:00\" \/>\n<meta property=\"og:image\" content=\"https:\/\/eurorxdrugs.cc\/nl\/wp-content\/uploads\/2024\/10\/260-min.jpg\" \/>\n\t<meta property=\"og:image:width\" content=\"270\" \/>\n\t<meta property=\"og:image:height\" content=\"300\" \/>\n\t<meta property=\"og:image:type\" content=\"image\/jpeg\" \/>\n<meta name=\"twitter:card\" content=\"summary_large_image\" \/>\n<meta name=\"twitter:label1\" content=\"Geschatte leestijd\" \/>\n\t<meta name=\"twitter:data1\" content=\"3 minuten\" \/>\n<script type=\"application\/ld+json\" class=\"yoast-schema-graph\">{\"@context\":\"https:\/\/schema.org\",\"@graph\":[{\"@type\":\"WebPage\",\"@id\":\"https:\/\/eurorxdrugs.cc\/nl\/product\/tenormin-atenolol\/\",\"url\":\"https:\/\/eurorxdrugs.cc\/nl\/product\/tenormin-atenolol\/\",\"name\":\"Bestellen Sie Tenormin (Atenolol) ohne Rezept zum niedrigen Preis | Eurorxdrugs\",\"isPartOf\":{\"@id\":\"https:\/\/eurorxdrugs.cc\/nl\/#website\"},\"primaryImageOfPage\":{\"@id\":\"https:\/\/eurorxdrugs.cc\/nl\/product\/tenormin-atenolol\/#primaryimage\"},\"image\":{\"@id\":\"https:\/\/eurorxdrugs.cc\/nl\/product\/tenormin-atenolol\/#primaryimage\"},\"thumbnailUrl\":\"https:\/\/eurorxdrugs.cc\/nl\/wp-content\/uploads\/2024\/10\/260-min.jpg\",\"datePublished\":\"2024-10-31T09:31:14+00:00\",\"dateModified\":\"2024-10-31T09:48:10+00:00\",\"description\":\"Kaufen Sie Tenormin (Atenolol) jetzt! Echtes Medikament und schnelle Lieferung inklusive. 100% diskreter und vertraulicher Service f\u00fcr alle unsere Kunden bei Eurorxdrugs\",\"breadcrumb\":{\"@id\":\"https:\/\/eurorxdrugs.cc\/nl\/product\/tenormin-atenolol\/#breadcrumb\"},\"inLanguage\":\"nl-NL\",\"potentialAction\":[{\"@type\":\"ReadAction\",\"target\":[\"https:\/\/eurorxdrugs.cc\/nl\/product\/tenormin-atenolol\/\"]}]},{\"@type\":\"ImageObject\",\"inLanguage\":\"nl-NL\",\"@id\":\"https:\/\/eurorxdrugs.cc\/nl\/product\/tenormin-atenolol\/#primaryimage\",\"url\":\"https:\/\/eurorxdrugs.cc\/nl\/wp-content\/uploads\/2024\/10\/260-min.jpg\",\"contentUrl\":\"https:\/\/eurorxdrugs.cc\/nl\/wp-content\/uploads\/2024\/10\/260-min.jpg\",\"width\":270,\"height\":300},{\"@type\":\"BreadcrumbList\",\"@id\":\"https:\/\/eurorxdrugs.cc\/nl\/product\/tenormin-atenolol\/#breadcrumb\",\"itemListElement\":[{\"@type\":\"ListItem\",\"position\":1,\"name\":\"Home\",\"item\":\"https:\/\/eurorxdrugs.cc\/nl\/\"},{\"@type\":\"ListItem\",\"position\":2,\"name\":\"Products\",\"item\":\"https:\/\/eurorxdrugs.cc\/nl\/shop\/\"},{\"@type\":\"ListItem\",\"position\":3,\"name\":\"Tenormin (Atenolol)\"}]},{\"@type\":\"WebSite\",\"@id\":\"https:\/\/eurorxdrugs.cc\/nl\/#website\",\"url\":\"https:\/\/eurorxdrugs.cc\/nl\/\",\"name\":\"eurorxdrugs\",\"description\":\"\",\"publisher\":{\"@id\":\"https:\/\/eurorxdrugs.cc\/nl\/#organization\"},\"potentialAction\":[{\"@type\":\"SearchAction\",\"target\":{\"@type\":\"EntryPoint\",\"urlTemplate\":\"https:\/\/eurorxdrugs.cc\/nl\/?s={search_term_string}\"},\"query-input\":{\"@type\":\"PropertyValueSpecification\",\"valueRequired\":true,\"valueName\":\"search_term_string\"}}],\"inLanguage\":\"nl-NL\"},{\"@type\":\"Organization\",\"@id\":\"https:\/\/eurorxdrugs.cc\/nl\/#organization\",\"name\":\"eurorxdrugs\",\"url\":\"https:\/\/eurorxdrugs.cc\/nl\/\",\"logo\":{\"@type\":\"ImageObject\",\"inLanguage\":\"nl-NL\",\"@id\":\"https:\/\/eurorxdrugs.cc\/nl\/#\/schema\/logo\/image\/\",\"url\":\"https:\/\/eurorxdrugs.cc\/nl\/wp-content\/uploads\/2024\/09\/logo-1-1.png\",\"contentUrl\":\"https:\/\/eurorxdrugs.cc\/nl\/wp-content\/uploads\/2024\/09\/logo-1-1.png\",\"width\":233,\"height\":54,\"caption\":\"eurorxdrugs\"},\"image\":{\"@id\":\"https:\/\/eurorxdrugs.cc\/nl\/#\/schema\/logo\/image\/\"}}]}<\/script>\n<!-- \/ Yoast SEO plugin. -->","yoast_head_json":{"title":"Bestellen Sie Tenormin (Atenolol) ohne Rezept zum niedrigen Preis | Eurorxdrugs","description":"Kaufen Sie Tenormin (Atenolol) jetzt! Echtes Medikament und schnelle Lieferung inklusive. 100% diskreter und vertraulicher Service f\u00fcr alle unsere Kunden bei Eurorxdrugs","robots":{"index":"index","follow":"follow","max-snippet":"max-snippet:-1","max-image-preview":"max-image-preview:large","max-video-preview":"max-video-preview:-1"},"canonical":"https:\/\/eurorxdrugs.cc\/nl\/product\/tenormin-atenolol\/","og_locale":"nl_NL","og_type":"article","og_title":"Bestellen Sie Tenormin (Atenolol) ohne Rezept zum niedrigen Preis | Eurorxdrugs","og_description":"Kaufen Sie Tenormin (Atenolol) jetzt! Echtes Medikament und schnelle Lieferung inklusive. 100% diskreter und vertraulicher Service f\u00fcr alle unsere Kunden bei Eurorxdrugs","og_url":"https:\/\/eurorxdrugs.cc\/nl\/product\/tenormin-atenolol\/","og_site_name":"eurorxdrugs","article_modified_time":"2024-10-31T09:48:10+00:00","og_image":[{"width":270,"height":300,"url":"https:\/\/eurorxdrugs.cc\/nl\/wp-content\/uploads\/2024\/10\/260-min.jpg","type":"image\/jpeg"}],"twitter_card":"summary_large_image","twitter_misc":{"Geschatte leestijd":"3 minuten"},"schema":{"@context":"https:\/\/schema.org","@graph":[{"@type":"WebPage","@id":"https:\/\/eurorxdrugs.cc\/nl\/product\/tenormin-atenolol\/","url":"https:\/\/eurorxdrugs.cc\/nl\/product\/tenormin-atenolol\/","name":"Bestellen Sie Tenormin (Atenolol) ohne Rezept zum niedrigen Preis | Eurorxdrugs","isPartOf":{"@id":"https:\/\/eurorxdrugs.cc\/nl\/#website"},"primaryImageOfPage":{"@id":"https:\/\/eurorxdrugs.cc\/nl\/product\/tenormin-atenolol\/#primaryimage"},"image":{"@id":"https:\/\/eurorxdrugs.cc\/nl\/product\/tenormin-atenolol\/#primaryimage"},"thumbnailUrl":"https:\/\/eurorxdrugs.cc\/nl\/wp-content\/uploads\/2024\/10\/260-min.jpg","datePublished":"2024-10-31T09:31:14+00:00","dateModified":"2024-10-31T09:48:10+00:00","description":"Kaufen Sie Tenormin (Atenolol) jetzt! Echtes Medikament und schnelle Lieferung inklusive. 100% diskreter und vertraulicher Service f\u00fcr alle unsere Kunden bei Eurorxdrugs","breadcrumb":{"@id":"https:\/\/eurorxdrugs.cc\/nl\/product\/tenormin-atenolol\/#breadcrumb"},"inLanguage":"nl-NL","potentialAction":[{"@type":"ReadAction","target":["https:\/\/eurorxdrugs.cc\/nl\/product\/tenormin-atenolol\/"]}]},{"@type":"ImageObject","inLanguage":"nl-NL","@id":"https:\/\/eurorxdrugs.cc\/nl\/product\/tenormin-atenolol\/#primaryimage","url":"https:\/\/eurorxdrugs.cc\/nl\/wp-content\/uploads\/2024\/10\/260-min.jpg","contentUrl":"https:\/\/eurorxdrugs.cc\/nl\/wp-content\/uploads\/2024\/10\/260-min.jpg","width":270,"height":300},{"@type":"BreadcrumbList","@id":"https:\/\/eurorxdrugs.cc\/nl\/product\/tenormin-atenolol\/#breadcrumb","itemListElement":[{"@type":"ListItem","position":1,"name":"Home","item":"https:\/\/eurorxdrugs.cc\/nl\/"},{"@type":"ListItem","position":2,"name":"Products","item":"https:\/\/eurorxdrugs.cc\/nl\/shop\/"},{"@type":"ListItem","position":3,"name":"Tenormin (Atenolol)"}]},{"@type":"WebSite","@id":"https:\/\/eurorxdrugs.cc\/nl\/#website","url":"https:\/\/eurorxdrugs.cc\/nl\/","name":"eurorxdrugs","description":"","publisher":{"@id":"https:\/\/eurorxdrugs.cc\/nl\/#organization"},"potentialAction":[{"@type":"SearchAction","target":{"@type":"EntryPoint","urlTemplate":"https:\/\/eurorxdrugs.cc\/nl\/?s={search_term_string}"},"query-input":{"@type":"PropertyValueSpecification","valueRequired":true,"valueName":"search_term_string"}}],"inLanguage":"nl-NL"},{"@type":"Organization","@id":"https:\/\/eurorxdrugs.cc\/nl\/#organization","name":"eurorxdrugs","url":"https:\/\/eurorxdrugs.cc\/nl\/","logo":{"@type":"ImageObject","inLanguage":"nl-NL","@id":"https:\/\/eurorxdrugs.cc\/nl\/#\/schema\/logo\/image\/","url":"https:\/\/eurorxdrugs.cc\/nl\/wp-content\/uploads\/2024\/09\/logo-1-1.png","contentUrl":"https:\/\/eurorxdrugs.cc\/nl\/wp-content\/uploads\/2024\/09\/logo-1-1.png","width":233,"height":54,"caption":"eurorxdrugs"},"image":{"@id":"https:\/\/eurorxdrugs.cc\/nl\/#\/schema\/logo\/image\/"}}]}},"_links":{"self":[{"href":"https:\/\/eurorxdrugs.cc\/nl\/wp-json\/wp\/v2\/product\/4844","targetHints":{"allow":["GET"]}}],"collection":[{"href":"https:\/\/eurorxdrugs.cc\/nl\/wp-json\/wp\/v2\/product"}],"about":[{"href":"https:\/\/eurorxdrugs.cc\/nl\/wp-json\/wp\/v2\/types\/product"}],"replies":[{"embeddable":true,"href":"https:\/\/eurorxdrugs.cc\/nl\/wp-json\/wp\/v2\/comments?post=4844"}],"wp:featuredmedia":[{"embeddable":true,"href":"https:\/\/eurorxdrugs.cc\/nl\/wp-json\/wp\/v2\/media\/4845"}],"wp:attachment":[{"href":"https:\/\/eurorxdrugs.cc\/nl\/wp-json\/wp\/v2\/media?parent=4844"}],"wp:term":[{"taxonomy":"product_cat","embeddable":true,"href":"https:\/\/eurorxdrugs.cc\/nl\/wp-json\/wp\/v2\/product_cat?post=4844"},{"taxonomy":"product_tag","embeddable":true,"href":"https:\/\/eurorxdrugs.cc\/nl\/wp-json\/wp\/v2\/product_tag?post=4844"}],"curies":[{"name":"wp","href":"https:\/\/api.w.org\/{rel}","templated":true}]}}