{"id":5091,"date":"2024-10-31T16:05:56","date_gmt":"2024-10-31T16:05:56","guid":{"rendered":"https:\/\/eurorxdrugs.cc\/nl\/?post_type=product&#038;p=5091"},"modified":"2024-10-31T16:17:22","modified_gmt":"2024-10-31T16:17:22","slug":"codeine","status":"publish","type":"product","link":"https:\/\/eurorxdrugs.cc\/nl\/product\/codeine\/","title":{"rendered":"Codeine"},"content":{"rendered":"<div class=\"pro-description_name\">Beschreibung<\/div>\n<div class=\"pro-description_content\">\n<div><b>Allgemeine Anwendung<\/b><\/div>\n<div>\u00a0\u00a0\u00a0\u00a0\u00a0\u00a0\u00a0\u00a0Codein ist ein Alkaloid, das in Schlafmohn enthalten ist. Die Wirkung auf den K\u00f6rper ist in der N\u00e4he von Morphin, aber durch die St\u00e4rke der Hemmwirkung auf das zentrale Nervensystem ist es signifikant nachteilig; Die F\u00e4higkeit, den Hustenreflex zu unterdr\u00fccken, wird in Codein st\u00e4rker zum Ausdruck gebracht. Langfristig kann die Verwendung von Codein eine Drogensucht entwickeln.<\/div>\n<div>\u00a0\u00a0\u00a0\u00a0\u00a0\u00a0\u00a0\u00a0Durch die Natur der Wirkung ist Codein dem Morphium nahe; ausgepr\u00e4gte F\u00e4higkeit, die Erregbarkeit des Hustenzentrums zu reduzieren.<\/div>\n<div><\/div>\n<div><b>L\u00e4ngerer Gebrauch von Codein kann sehr gef\u00e4hrlich und manchmal t\u00f6dlich sein. Bei l\u00e4ngerem Gebrauch von Codein k\u00f6nnen auftreten:\u00a0<\/b><\/div>\n<div>\u2022 Schlaflosigkeit;<\/div>\n<div>\u2022 Angriffe der Nacht ersticken Schmerzen w\u00e4hrend des Drogenentzugs;<\/div>\n<div>\u2022 Leberschaden;<\/div>\n<div>\u2022 Kr\u00e4mpfe.<\/div>\n<div><\/div>\n<div><b>Auswirkungen auf die Gesundheit und Risiken<\/b><\/div>\n<div>\u00a0\u00a0\u00a0\u00a0\u00a0\u00a0\u00a0\u00a0Eine \u00dcberdosierung von Codein kann zu Bewusstlosigkeit, Herzstillstand oder Atemdepression f\u00fchren. Wenn Codein verbraucht wird, verlangsamt sich die Atmung, was zu einer Verringerung des Sauerstoffgehalts in Blut und Organen f\u00fchrt. Dies kann verheerende Auswirkungen auf Organsysteme haben.<\/div>\n<div><\/div>\n<div><b>Hauptnebenwirkungen von Codein:\u00a0<\/b><\/div>\n<div>\u2022 Schwindel;<\/div>\n<div>\u2022 \u00dcbelkeit, Appetitlosigkeit;<\/div>\n<div>\u2022 Verdauungsst\u00f6rungen;<\/div>\n<div>\u2022 Halluzinationen;<\/div>\n<div>\u2022 Tremor;<\/div>\n<div>\u2022 Depression;<\/div>\n<div>\u2022 Inkontinenz oder Unf\u00e4higkeit zu urinieren;<\/div>\n<div>\u2022 langsames Atmen;<\/div>\n<div>\u2022 langsamer Herzschlag;<\/div>\n<div>\u2022 niedriger Blutdruck.<\/div>\n<div><b>\u00a0<\/b><\/div>\n<div><b>\u00dcberdosierung<\/b><\/div>\n<div>\u00a0Eine \u00dcberdosis Codein kann zu anhaltenden Gesundheitsproblemen und zum Tod f\u00fchren.<\/div>\n<\/div>\n","protected":false},"excerpt":{"rendered":"<div>Handelsname: Codeine (Codeine Phosphate &amp; Paracetamol)<\/div>\n<div>Hauptbestandteil: Codeine<\/div>\n<div><b>Produktionsform: <\/b>Pillen<\/div>\n<div>Anwendung:\u00a0Behandelt Allergien, Schwellungen und Hautkrankheiten<\/div>\n<div>Verf\u00fcgbare Dosierung:\u00a015mg,\u00a028.7mg,\u00a0 30mg<\/div>\n","protected":false},"featured_media":5092,"comment_status":"open","ping_status":"closed","template":"","meta":[],"product_cat":[36],"product_tag":[],"class_list":{"0":"post-5091","1":"product","2":"type-product","3":"status-publish","4":"has-post-thumbnail","6":"product_cat-pain-management","8":"first","9":"instock","10":"shipping-taxable","11":"product-type-grouped"},"yoast_head":"<!-- This site is optimized with the Yoast SEO plugin v24.1 - https:\/\/yoast.com\/wordpress\/plugins\/seo\/ -->\n<title>Bestellen Sie Codeine ohne Rezept zum niedrigen Preis | Eurorxdrugs<\/title>\n<meta name=\"description\" content=\"Kaufen Sie Codeine jetzt! Echtes Medikament und schnelle Lieferung inklusive. 100% diskreter und vertraulicher Service f\u00fcr alle unsere Kunden bei Eurorxdrugs\" \/>\n<meta name=\"robots\" content=\"index, follow, max-snippet:-1, max-image-preview:large, max-video-preview:-1\" \/>\n<link rel=\"canonical\" href=\"https:\/\/eurorxdrugs.cc\/nl\/product\/codeine\/\" \/>\n<meta property=\"og:locale\" content=\"nl_NL\" \/>\n<meta property=\"og:type\" content=\"article\" \/>\n<meta property=\"og:title\" content=\"Bestellen Sie Codeine ohne Rezept zum niedrigen Preis | Eurorxdrugs\" \/>\n<meta property=\"og:description\" content=\"Kaufen Sie Codeine jetzt! Echtes Medikament und schnelle Lieferung inklusive. 100% diskreter und vertraulicher Service f\u00fcr alle unsere Kunden bei Eurorxdrugs\" \/>\n<meta property=\"og:url\" content=\"https:\/\/eurorxdrugs.cc\/nl\/product\/codeine\/\" \/>\n<meta property=\"og:site_name\" content=\"eurorxdrugs\" \/>\n<meta property=\"article:modified_time\" content=\"2024-10-31T16:17:22+00:00\" \/>\n<meta property=\"og:image\" content=\"https:\/\/eurorxdrugs.cc\/nl\/wp-content\/uploads\/2024\/10\/138-min.jpg\" \/>\n\t<meta property=\"og:image:width\" content=\"270\" \/>\n\t<meta property=\"og:image:height\" content=\"300\" \/>\n\t<meta property=\"og:image:type\" content=\"image\/jpeg\" \/>\n<meta name=\"twitter:card\" content=\"summary_large_image\" \/>\n<meta name=\"twitter:label1\" content=\"Geschatte leestijd\" \/>\n\t<meta name=\"twitter:data1\" content=\"2 minuten\" \/>\n<script type=\"application\/ld+json\" class=\"yoast-schema-graph\">{\"@context\":\"https:\/\/schema.org\",\"@graph\":[{\"@type\":\"WebPage\",\"@id\":\"https:\/\/eurorxdrugs.cc\/nl\/product\/codeine\/\",\"url\":\"https:\/\/eurorxdrugs.cc\/nl\/product\/codeine\/\",\"name\":\"Bestellen Sie Codeine ohne Rezept zum niedrigen Preis | Eurorxdrugs\",\"isPartOf\":{\"@id\":\"https:\/\/eurorxdrugs.cc\/nl\/#website\"},\"primaryImageOfPage\":{\"@id\":\"https:\/\/eurorxdrugs.cc\/nl\/product\/codeine\/#primaryimage\"},\"image\":{\"@id\":\"https:\/\/eurorxdrugs.cc\/nl\/product\/codeine\/#primaryimage\"},\"thumbnailUrl\":\"https:\/\/eurorxdrugs.cc\/nl\/wp-content\/uploads\/2024\/10\/138-min.jpg\",\"datePublished\":\"2024-10-31T16:05:56+00:00\",\"dateModified\":\"2024-10-31T16:17:22+00:00\",\"description\":\"Kaufen Sie Codeine jetzt! Echtes Medikament und schnelle Lieferung inklusive. 100% diskreter und vertraulicher Service f\u00fcr alle unsere Kunden bei Eurorxdrugs\",\"breadcrumb\":{\"@id\":\"https:\/\/eurorxdrugs.cc\/nl\/product\/codeine\/#breadcrumb\"},\"inLanguage\":\"nl-NL\",\"potentialAction\":[{\"@type\":\"ReadAction\",\"target\":[\"https:\/\/eurorxdrugs.cc\/nl\/product\/codeine\/\"]}]},{\"@type\":\"ImageObject\",\"inLanguage\":\"nl-NL\",\"@id\":\"https:\/\/eurorxdrugs.cc\/nl\/product\/codeine\/#primaryimage\",\"url\":\"https:\/\/eurorxdrugs.cc\/nl\/wp-content\/uploads\/2024\/10\/138-min.jpg\",\"contentUrl\":\"https:\/\/eurorxdrugs.cc\/nl\/wp-content\/uploads\/2024\/10\/138-min.jpg\",\"width\":270,\"height\":300},{\"@type\":\"BreadcrumbList\",\"@id\":\"https:\/\/eurorxdrugs.cc\/nl\/product\/codeine\/#breadcrumb\",\"itemListElement\":[{\"@type\":\"ListItem\",\"position\":1,\"name\":\"Home\",\"item\":\"https:\/\/eurorxdrugs.cc\/nl\/\"},{\"@type\":\"ListItem\",\"position\":2,\"name\":\"Products\",\"item\":\"https:\/\/eurorxdrugs.cc\/nl\/shop\/\"},{\"@type\":\"ListItem\",\"position\":3,\"name\":\"Codeine\"}]},{\"@type\":\"WebSite\",\"@id\":\"https:\/\/eurorxdrugs.cc\/nl\/#website\",\"url\":\"https:\/\/eurorxdrugs.cc\/nl\/\",\"name\":\"eurorxdrugs\",\"description\":\"\",\"publisher\":{\"@id\":\"https:\/\/eurorxdrugs.cc\/nl\/#organization\"},\"potentialAction\":[{\"@type\":\"SearchAction\",\"target\":{\"@type\":\"EntryPoint\",\"urlTemplate\":\"https:\/\/eurorxdrugs.cc\/nl\/?s={search_term_string}\"},\"query-input\":{\"@type\":\"PropertyValueSpecification\",\"valueRequired\":true,\"valueName\":\"search_term_string\"}}],\"inLanguage\":\"nl-NL\"},{\"@type\":\"Organization\",\"@id\":\"https:\/\/eurorxdrugs.cc\/nl\/#organization\",\"name\":\"eurorxdrugs\",\"url\":\"https:\/\/eurorxdrugs.cc\/nl\/\",\"logo\":{\"@type\":\"ImageObject\",\"inLanguage\":\"nl-NL\",\"@id\":\"https:\/\/eurorxdrugs.cc\/nl\/#\/schema\/logo\/image\/\",\"url\":\"https:\/\/eurorxdrugs.cc\/nl\/wp-content\/uploads\/2024\/09\/logo-1-1.png\",\"contentUrl\":\"https:\/\/eurorxdrugs.cc\/nl\/wp-content\/uploads\/2024\/09\/logo-1-1.png\",\"width\":233,\"height\":54,\"caption\":\"eurorxdrugs\"},\"image\":{\"@id\":\"https:\/\/eurorxdrugs.cc\/nl\/#\/schema\/logo\/image\/\"}}]}<\/script>\n<!-- \/ Yoast SEO plugin. -->","yoast_head_json":{"title":"Bestellen Sie Codeine ohne Rezept zum niedrigen Preis | Eurorxdrugs","description":"Kaufen Sie Codeine jetzt! Echtes Medikament und schnelle Lieferung inklusive. 100% diskreter und vertraulicher Service f\u00fcr alle unsere Kunden bei Eurorxdrugs","robots":{"index":"index","follow":"follow","max-snippet":"max-snippet:-1","max-image-preview":"max-image-preview:large","max-video-preview":"max-video-preview:-1"},"canonical":"https:\/\/eurorxdrugs.cc\/nl\/product\/codeine\/","og_locale":"nl_NL","og_type":"article","og_title":"Bestellen Sie Codeine ohne Rezept zum niedrigen Preis | Eurorxdrugs","og_description":"Kaufen Sie Codeine jetzt! Echtes Medikament und schnelle Lieferung inklusive. 100% diskreter und vertraulicher Service f\u00fcr alle unsere Kunden bei Eurorxdrugs","og_url":"https:\/\/eurorxdrugs.cc\/nl\/product\/codeine\/","og_site_name":"eurorxdrugs","article_modified_time":"2024-10-31T16:17:22+00:00","og_image":[{"width":270,"height":300,"url":"https:\/\/eurorxdrugs.cc\/nl\/wp-content\/uploads\/2024\/10\/138-min.jpg","type":"image\/jpeg"}],"twitter_card":"summary_large_image","twitter_misc":{"Geschatte leestijd":"2 minuten"},"schema":{"@context":"https:\/\/schema.org","@graph":[{"@type":"WebPage","@id":"https:\/\/eurorxdrugs.cc\/nl\/product\/codeine\/","url":"https:\/\/eurorxdrugs.cc\/nl\/product\/codeine\/","name":"Bestellen Sie Codeine ohne Rezept zum niedrigen Preis | Eurorxdrugs","isPartOf":{"@id":"https:\/\/eurorxdrugs.cc\/nl\/#website"},"primaryImageOfPage":{"@id":"https:\/\/eurorxdrugs.cc\/nl\/product\/codeine\/#primaryimage"},"image":{"@id":"https:\/\/eurorxdrugs.cc\/nl\/product\/codeine\/#primaryimage"},"thumbnailUrl":"https:\/\/eurorxdrugs.cc\/nl\/wp-content\/uploads\/2024\/10\/138-min.jpg","datePublished":"2024-10-31T16:05:56+00:00","dateModified":"2024-10-31T16:17:22+00:00","description":"Kaufen Sie Codeine jetzt! Echtes Medikament und schnelle Lieferung inklusive. 100% diskreter und vertraulicher Service f\u00fcr alle unsere Kunden bei Eurorxdrugs","breadcrumb":{"@id":"https:\/\/eurorxdrugs.cc\/nl\/product\/codeine\/#breadcrumb"},"inLanguage":"nl-NL","potentialAction":[{"@type":"ReadAction","target":["https:\/\/eurorxdrugs.cc\/nl\/product\/codeine\/"]}]},{"@type":"ImageObject","inLanguage":"nl-NL","@id":"https:\/\/eurorxdrugs.cc\/nl\/product\/codeine\/#primaryimage","url":"https:\/\/eurorxdrugs.cc\/nl\/wp-content\/uploads\/2024\/10\/138-min.jpg","contentUrl":"https:\/\/eurorxdrugs.cc\/nl\/wp-content\/uploads\/2024\/10\/138-min.jpg","width":270,"height":300},{"@type":"BreadcrumbList","@id":"https:\/\/eurorxdrugs.cc\/nl\/product\/codeine\/#breadcrumb","itemListElement":[{"@type":"ListItem","position":1,"name":"Home","item":"https:\/\/eurorxdrugs.cc\/nl\/"},{"@type":"ListItem","position":2,"name":"Products","item":"https:\/\/eurorxdrugs.cc\/nl\/shop\/"},{"@type":"ListItem","position":3,"name":"Codeine"}]},{"@type":"WebSite","@id":"https:\/\/eurorxdrugs.cc\/nl\/#website","url":"https:\/\/eurorxdrugs.cc\/nl\/","name":"eurorxdrugs","description":"","publisher":{"@id":"https:\/\/eurorxdrugs.cc\/nl\/#organization"},"potentialAction":[{"@type":"SearchAction","target":{"@type":"EntryPoint","urlTemplate":"https:\/\/eurorxdrugs.cc\/nl\/?s={search_term_string}"},"query-input":{"@type":"PropertyValueSpecification","valueRequired":true,"valueName":"search_term_string"}}],"inLanguage":"nl-NL"},{"@type":"Organization","@id":"https:\/\/eurorxdrugs.cc\/nl\/#organization","name":"eurorxdrugs","url":"https:\/\/eurorxdrugs.cc\/nl\/","logo":{"@type":"ImageObject","inLanguage":"nl-NL","@id":"https:\/\/eurorxdrugs.cc\/nl\/#\/schema\/logo\/image\/","url":"https:\/\/eurorxdrugs.cc\/nl\/wp-content\/uploads\/2024\/09\/logo-1-1.png","contentUrl":"https:\/\/eurorxdrugs.cc\/nl\/wp-content\/uploads\/2024\/09\/logo-1-1.png","width":233,"height":54,"caption":"eurorxdrugs"},"image":{"@id":"https:\/\/eurorxdrugs.cc\/nl\/#\/schema\/logo\/image\/"}}]}},"_links":{"self":[{"href":"https:\/\/eurorxdrugs.cc\/nl\/wp-json\/wp\/v2\/product\/5091","targetHints":{"allow":["GET"]}}],"collection":[{"href":"https:\/\/eurorxdrugs.cc\/nl\/wp-json\/wp\/v2\/product"}],"about":[{"href":"https:\/\/eurorxdrugs.cc\/nl\/wp-json\/wp\/v2\/types\/product"}],"replies":[{"embeddable":true,"href":"https:\/\/eurorxdrugs.cc\/nl\/wp-json\/wp\/v2\/comments?post=5091"}],"wp:featuredmedia":[{"embeddable":true,"href":"https:\/\/eurorxdrugs.cc\/nl\/wp-json\/wp\/v2\/media\/5092"}],"wp:attachment":[{"href":"https:\/\/eurorxdrugs.cc\/nl\/wp-json\/wp\/v2\/media?parent=5091"}],"wp:term":[{"taxonomy":"product_cat","embeddable":true,"href":"https:\/\/eurorxdrugs.cc\/nl\/wp-json\/wp\/v2\/product_cat?post=5091"},{"taxonomy":"product_tag","embeddable":true,"href":"https:\/\/eurorxdrugs.cc\/nl\/wp-json\/wp\/v2\/product_tag?post=5091"}],"curies":[{"name":"wp","href":"https:\/\/api.w.org\/{rel}","templated":true}]}}