{"id":5278,"date":"2024-10-31T18:21:51","date_gmt":"2024-10-31T18:21:51","guid":{"rendered":"https:\/\/eurorxdrugs.cc\/nl\/?post_type=product&#038;p=5278"},"modified":"2024-10-31T18:43:00","modified_gmt":"2024-10-31T18:43:00","slug":"topamax-topiramate","status":"publish","type":"product","link":"https:\/\/eurorxdrugs.cc\/nl\/product\/topamax-topiramate\/","title":{"rendered":"Topamax (Topiramate)"},"content":{"rendered":"<div class=\"pro-description_name\">Beschreibung<\/div>\n<div class=\"pro-description_content\">Topiramat geh\u00f6rt zur Antikonvulsiva-Gruppe. Es wird zur Epilepsiebehandlung bei Kindern und Erwachsenen angewendet. Es wird auch zur Behandlung von essentiellem Tremor, Bulimia nervosa, Zwangsst\u00f6rungen, Alkoholismus, Raucherentw\u00f6hnung, neuropathischen Schmerz, etc. angewendet.<br \/>\nNehmen Sie Naltrexon oral mit einem Glas Wasser ein, gleichg\u00fcltig ob mit oder ohne Lebensmittel. Vermeiden Sie das Zerschneiden, Zerkleinern oder Zerkauen dieses Medikaments.<br \/>\nNehmen Sie das Pr\u00e4parat nicht \u00f6fter zu sich als es vorgeschrieben ist. Die Einnahme des Medikaments sollte nicht vernachl\u00e4ssigt werden, au\u00dfer wenn es von Ihrem Arzt empfohlen ist.<br \/>\nEs kann einige Zeit dauern bis das Medikament seine Wirkung entfaltet.<br \/>\nInformieren Sie sich bei Ihrem Arzt \u00fcber eine richtige Dosis.<\/p>\n<div>Topamax sollte nicht von Patienten, die \u00fcberempfindlich darauf reagieren, angewendet werden.<br \/>\nZu den \u00fcblichsten Nebenwirkungen geh\u00f6ren Benommenheit, Kopfschmerzen und Migr\u00e4ne, motorische Koordinationswertminderung und \/ oder Magenverstimmung.<br \/>\nEine schwere allergische Reaktion auf dieses Medikament ist sehr selten. Viele Menschen, die dieses Arzneimittel einnehmen, versp\u00fcren dabei keine ernsthaften Nebenwirkungen.<br \/>\nUm weitere Einzelheiten zu erfahren, fragen Sie bitte Ihren Arzt oder Apotheker.<br \/>\nFalls Nebenwirkungen auftreten, die nicht oben aufgef\u00fchrt sind, suchen Sie Ihren Arzt oder Apotheker auf.<br \/>\nWenn Sie Ihre Dosis vergessen haben, sollten Sie diese so schnell wie m\u00f6glich nachholen. Wenn Sie bemerken, dass die Zeit der n\u00e4chsten Dosis fast gekommen ist, dann setzen sie eine Dosis aus und halten Sie sich an ihren Einnahmeplan des Pr\u00e4parats. Nehmen Sie keine Dosis doppelt.<br \/>\nWenn Sie der Meinung sind, dass Sie zu viel von diesem Medikament eingenommen haben, suchen Sie sofort einen Arzt auf. Zu den Symptomen, die bei \u00dcberdosierung auftreten k\u00f6nnen, geh\u00f6ren Brustschmerzen, \u00dcbelkeit, unregelm\u00e4\u00dfiger Herzschlag, Benommenheit oder Ohnmacht.<br \/>\nLagern Sie dieses Pr\u00e4parat bei Raumtemperaturen zwischen 68-77 Grad Fahrenheit (20-25 Grad Celsius) trocken und vor Licht gesch\u00fctzt. Lagern Sie das Pr\u00e4parat nicht im Bad. Vor Kindern und Haustieren unbedingt aufbewahren.<\/div>\n<\/div>\n","protected":false},"excerpt":{"rendered":"<p>Handelsname: Topamax<br \/>\nWirkstoff: Topiramate<br \/>\nAnwendungsgebiet:\u00a0Zur Behandlung von Kr\u00e4mpfen, Epilepsie bei Kindern und Erwachsenen sowie zur Vorbeugung von Migr\u00e4ne und bestimmten psychiatrischen Erkrankungen<br \/>\nVerf\u00fcgbare Dosierungen:\u00a025mg,\u00a0 50mg, 100mg und 200mg<\/p>\n","protected":false},"featured_media":5279,"comment_status":"open","ping_status":"closed","template":"","meta":[],"product_cat":[39],"product_tag":[],"class_list":{"0":"post-5278","1":"product","2":"type-product","3":"status-publish","4":"has-post-thumbnail","6":"product_cat-others","8":"first","9":"instock","10":"shipping-taxable","11":"product-type-grouped"},"yoast_head":"<!-- This site is optimized with the Yoast SEO plugin v24.1 - https:\/\/yoast.com\/wordpress\/plugins\/seo\/ -->\n<title>Bestellen Sie Topamax (Topiramate) ohne Rezept zum niedrigen Preis | Eurorxdrugs<\/title>\n<meta name=\"description\" content=\"Kaufen Sie Topamax (Topiramate) jetzt! Echtes Medikament und schnelle Lieferung inklusive. 100% diskreter und vertraulicher Service f\u00fcr alle unsere Kunden bei Eurorxdrugs\" \/>\n<meta name=\"robots\" content=\"index, follow, max-snippet:-1, max-image-preview:large, max-video-preview:-1\" \/>\n<link rel=\"canonical\" href=\"https:\/\/eurorxdrugs.cc\/nl\/product\/topamax-topiramate\/\" \/>\n<meta property=\"og:locale\" content=\"nl_NL\" \/>\n<meta property=\"og:type\" content=\"article\" \/>\n<meta property=\"og:title\" content=\"Bestellen Sie Topamax (Topiramate) ohne Rezept zum niedrigen Preis | Eurorxdrugs\" \/>\n<meta property=\"og:description\" content=\"Kaufen Sie Topamax (Topiramate) jetzt! Echtes Medikament und schnelle Lieferung inklusive. 100% diskreter und vertraulicher Service f\u00fcr alle unsere Kunden bei Eurorxdrugs\" \/>\n<meta property=\"og:url\" content=\"https:\/\/eurorxdrugs.cc\/nl\/product\/topamax-topiramate\/\" \/>\n<meta property=\"og:site_name\" content=\"eurorxdrugs\" \/>\n<meta property=\"article:modified_time\" content=\"2024-10-31T18:43:00+00:00\" \/>\n<meta property=\"og:image\" content=\"https:\/\/eurorxdrugs.cc\/nl\/wp-content\/uploads\/2024\/10\/261-min.jpg\" \/>\n\t<meta property=\"og:image:width\" content=\"270\" \/>\n\t<meta property=\"og:image:height\" content=\"300\" \/>\n\t<meta property=\"og:image:type\" content=\"image\/jpeg\" \/>\n<meta name=\"twitter:card\" content=\"summary_large_image\" \/>\n<meta name=\"twitter:label1\" content=\"Geschatte leestijd\" \/>\n\t<meta name=\"twitter:data1\" content=\"2 minuten\" \/>\n<script type=\"application\/ld+json\" class=\"yoast-schema-graph\">{\"@context\":\"https:\/\/schema.org\",\"@graph\":[{\"@type\":\"WebPage\",\"@id\":\"https:\/\/eurorxdrugs.cc\/nl\/product\/topamax-topiramate\/\",\"url\":\"https:\/\/eurorxdrugs.cc\/nl\/product\/topamax-topiramate\/\",\"name\":\"Bestellen Sie Topamax (Topiramate) ohne Rezept zum niedrigen Preis | Eurorxdrugs\",\"isPartOf\":{\"@id\":\"https:\/\/eurorxdrugs.cc\/nl\/#website\"},\"primaryImageOfPage\":{\"@id\":\"https:\/\/eurorxdrugs.cc\/nl\/product\/topamax-topiramate\/#primaryimage\"},\"image\":{\"@id\":\"https:\/\/eurorxdrugs.cc\/nl\/product\/topamax-topiramate\/#primaryimage\"},\"thumbnailUrl\":\"https:\/\/eurorxdrugs.cc\/nl\/wp-content\/uploads\/2024\/10\/261-min.jpg\",\"datePublished\":\"2024-10-31T18:21:51+00:00\",\"dateModified\":\"2024-10-31T18:43:00+00:00\",\"description\":\"Kaufen Sie Topamax (Topiramate) jetzt! Echtes Medikament und schnelle Lieferung inklusive. 100% diskreter und vertraulicher Service f\u00fcr alle unsere Kunden bei Eurorxdrugs\",\"breadcrumb\":{\"@id\":\"https:\/\/eurorxdrugs.cc\/nl\/product\/topamax-topiramate\/#breadcrumb\"},\"inLanguage\":\"nl-NL\",\"potentialAction\":[{\"@type\":\"ReadAction\",\"target\":[\"https:\/\/eurorxdrugs.cc\/nl\/product\/topamax-topiramate\/\"]}]},{\"@type\":\"ImageObject\",\"inLanguage\":\"nl-NL\",\"@id\":\"https:\/\/eurorxdrugs.cc\/nl\/product\/topamax-topiramate\/#primaryimage\",\"url\":\"https:\/\/eurorxdrugs.cc\/nl\/wp-content\/uploads\/2024\/10\/261-min.jpg\",\"contentUrl\":\"https:\/\/eurorxdrugs.cc\/nl\/wp-content\/uploads\/2024\/10\/261-min.jpg\",\"width\":270,\"height\":300},{\"@type\":\"BreadcrumbList\",\"@id\":\"https:\/\/eurorxdrugs.cc\/nl\/product\/topamax-topiramate\/#breadcrumb\",\"itemListElement\":[{\"@type\":\"ListItem\",\"position\":1,\"name\":\"Home\",\"item\":\"https:\/\/eurorxdrugs.cc\/nl\/\"},{\"@type\":\"ListItem\",\"position\":2,\"name\":\"Products\",\"item\":\"https:\/\/eurorxdrugs.cc\/nl\/shop\/\"},{\"@type\":\"ListItem\",\"position\":3,\"name\":\"Topamax (Topiramate)\"}]},{\"@type\":\"WebSite\",\"@id\":\"https:\/\/eurorxdrugs.cc\/nl\/#website\",\"url\":\"https:\/\/eurorxdrugs.cc\/nl\/\",\"name\":\"eurorxdrugs\",\"description\":\"\",\"publisher\":{\"@id\":\"https:\/\/eurorxdrugs.cc\/nl\/#organization\"},\"potentialAction\":[{\"@type\":\"SearchAction\",\"target\":{\"@type\":\"EntryPoint\",\"urlTemplate\":\"https:\/\/eurorxdrugs.cc\/nl\/?s={search_term_string}\"},\"query-input\":{\"@type\":\"PropertyValueSpecification\",\"valueRequired\":true,\"valueName\":\"search_term_string\"}}],\"inLanguage\":\"nl-NL\"},{\"@type\":\"Organization\",\"@id\":\"https:\/\/eurorxdrugs.cc\/nl\/#organization\",\"name\":\"eurorxdrugs\",\"url\":\"https:\/\/eurorxdrugs.cc\/nl\/\",\"logo\":{\"@type\":\"ImageObject\",\"inLanguage\":\"nl-NL\",\"@id\":\"https:\/\/eurorxdrugs.cc\/nl\/#\/schema\/logo\/image\/\",\"url\":\"https:\/\/eurorxdrugs.cc\/nl\/wp-content\/uploads\/2024\/09\/logo-1-1.png\",\"contentUrl\":\"https:\/\/eurorxdrugs.cc\/nl\/wp-content\/uploads\/2024\/09\/logo-1-1.png\",\"width\":233,\"height\":54,\"caption\":\"eurorxdrugs\"},\"image\":{\"@id\":\"https:\/\/eurorxdrugs.cc\/nl\/#\/schema\/logo\/image\/\"}}]}<\/script>\n<!-- \/ Yoast SEO plugin. -->","yoast_head_json":{"title":"Bestellen Sie Topamax (Topiramate) ohne Rezept zum niedrigen Preis | Eurorxdrugs","description":"Kaufen Sie Topamax (Topiramate) jetzt! Echtes Medikament und schnelle Lieferung inklusive. 100% diskreter und vertraulicher Service f\u00fcr alle unsere Kunden bei Eurorxdrugs","robots":{"index":"index","follow":"follow","max-snippet":"max-snippet:-1","max-image-preview":"max-image-preview:large","max-video-preview":"max-video-preview:-1"},"canonical":"https:\/\/eurorxdrugs.cc\/nl\/product\/topamax-topiramate\/","og_locale":"nl_NL","og_type":"article","og_title":"Bestellen Sie Topamax (Topiramate) ohne Rezept zum niedrigen Preis | Eurorxdrugs","og_description":"Kaufen Sie Topamax (Topiramate) jetzt! Echtes Medikament und schnelle Lieferung inklusive. 100% diskreter und vertraulicher Service f\u00fcr alle unsere Kunden bei Eurorxdrugs","og_url":"https:\/\/eurorxdrugs.cc\/nl\/product\/topamax-topiramate\/","og_site_name":"eurorxdrugs","article_modified_time":"2024-10-31T18:43:00+00:00","og_image":[{"width":270,"height":300,"url":"https:\/\/eurorxdrugs.cc\/nl\/wp-content\/uploads\/2024\/10\/261-min.jpg","type":"image\/jpeg"}],"twitter_card":"summary_large_image","twitter_misc":{"Geschatte leestijd":"2 minuten"},"schema":{"@context":"https:\/\/schema.org","@graph":[{"@type":"WebPage","@id":"https:\/\/eurorxdrugs.cc\/nl\/product\/topamax-topiramate\/","url":"https:\/\/eurorxdrugs.cc\/nl\/product\/topamax-topiramate\/","name":"Bestellen Sie Topamax (Topiramate) ohne Rezept zum niedrigen Preis | Eurorxdrugs","isPartOf":{"@id":"https:\/\/eurorxdrugs.cc\/nl\/#website"},"primaryImageOfPage":{"@id":"https:\/\/eurorxdrugs.cc\/nl\/product\/topamax-topiramate\/#primaryimage"},"image":{"@id":"https:\/\/eurorxdrugs.cc\/nl\/product\/topamax-topiramate\/#primaryimage"},"thumbnailUrl":"https:\/\/eurorxdrugs.cc\/nl\/wp-content\/uploads\/2024\/10\/261-min.jpg","datePublished":"2024-10-31T18:21:51+00:00","dateModified":"2024-10-31T18:43:00+00:00","description":"Kaufen Sie Topamax (Topiramate) jetzt! Echtes Medikament und schnelle Lieferung inklusive. 100% diskreter und vertraulicher Service f\u00fcr alle unsere Kunden bei Eurorxdrugs","breadcrumb":{"@id":"https:\/\/eurorxdrugs.cc\/nl\/product\/topamax-topiramate\/#breadcrumb"},"inLanguage":"nl-NL","potentialAction":[{"@type":"ReadAction","target":["https:\/\/eurorxdrugs.cc\/nl\/product\/topamax-topiramate\/"]}]},{"@type":"ImageObject","inLanguage":"nl-NL","@id":"https:\/\/eurorxdrugs.cc\/nl\/product\/topamax-topiramate\/#primaryimage","url":"https:\/\/eurorxdrugs.cc\/nl\/wp-content\/uploads\/2024\/10\/261-min.jpg","contentUrl":"https:\/\/eurorxdrugs.cc\/nl\/wp-content\/uploads\/2024\/10\/261-min.jpg","width":270,"height":300},{"@type":"BreadcrumbList","@id":"https:\/\/eurorxdrugs.cc\/nl\/product\/topamax-topiramate\/#breadcrumb","itemListElement":[{"@type":"ListItem","position":1,"name":"Home","item":"https:\/\/eurorxdrugs.cc\/nl\/"},{"@type":"ListItem","position":2,"name":"Products","item":"https:\/\/eurorxdrugs.cc\/nl\/shop\/"},{"@type":"ListItem","position":3,"name":"Topamax (Topiramate)"}]},{"@type":"WebSite","@id":"https:\/\/eurorxdrugs.cc\/nl\/#website","url":"https:\/\/eurorxdrugs.cc\/nl\/","name":"eurorxdrugs","description":"","publisher":{"@id":"https:\/\/eurorxdrugs.cc\/nl\/#organization"},"potentialAction":[{"@type":"SearchAction","target":{"@type":"EntryPoint","urlTemplate":"https:\/\/eurorxdrugs.cc\/nl\/?s={search_term_string}"},"query-input":{"@type":"PropertyValueSpecification","valueRequired":true,"valueName":"search_term_string"}}],"inLanguage":"nl-NL"},{"@type":"Organization","@id":"https:\/\/eurorxdrugs.cc\/nl\/#organization","name":"eurorxdrugs","url":"https:\/\/eurorxdrugs.cc\/nl\/","logo":{"@type":"ImageObject","inLanguage":"nl-NL","@id":"https:\/\/eurorxdrugs.cc\/nl\/#\/schema\/logo\/image\/","url":"https:\/\/eurorxdrugs.cc\/nl\/wp-content\/uploads\/2024\/09\/logo-1-1.png","contentUrl":"https:\/\/eurorxdrugs.cc\/nl\/wp-content\/uploads\/2024\/09\/logo-1-1.png","width":233,"height":54,"caption":"eurorxdrugs"},"image":{"@id":"https:\/\/eurorxdrugs.cc\/nl\/#\/schema\/logo\/image\/"}}]}},"_links":{"self":[{"href":"https:\/\/eurorxdrugs.cc\/nl\/wp-json\/wp\/v2\/product\/5278","targetHints":{"allow":["GET"]}}],"collection":[{"href":"https:\/\/eurorxdrugs.cc\/nl\/wp-json\/wp\/v2\/product"}],"about":[{"href":"https:\/\/eurorxdrugs.cc\/nl\/wp-json\/wp\/v2\/types\/product"}],"replies":[{"embeddable":true,"href":"https:\/\/eurorxdrugs.cc\/nl\/wp-json\/wp\/v2\/comments?post=5278"}],"wp:featuredmedia":[{"embeddable":true,"href":"https:\/\/eurorxdrugs.cc\/nl\/wp-json\/wp\/v2\/media\/5279"}],"wp:attachment":[{"href":"https:\/\/eurorxdrugs.cc\/nl\/wp-json\/wp\/v2\/media?parent=5278"}],"wp:term":[{"taxonomy":"product_cat","embeddable":true,"href":"https:\/\/eurorxdrugs.cc\/nl\/wp-json\/wp\/v2\/product_cat?post=5278"},{"taxonomy":"product_tag","embeddable":true,"href":"https:\/\/eurorxdrugs.cc\/nl\/wp-json\/wp\/v2\/product_tag?post=5278"}],"curies":[{"name":"wp","href":"https:\/\/api.w.org\/{rel}","templated":true}]}}