{"id":5764,"date":"2024-11-01T19:14:04","date_gmt":"2024-11-01T19:14:04","guid":{"rendered":"https:\/\/eurorxdrugs.cc\/nl\/?post_type=product&#038;p=5764"},"modified":"2024-11-01T19:29:57","modified_gmt":"2024-11-01T19:29:57","slug":"prednisolonehandelsname-prednisolon-hauptbestandteil-prednisolon-produktionsform-pillen-verwendung-allergien-blutkrankheiten-hautkrankheiten-infektionen-einige-arten-von-krebs-verfugbare-dosi","status":"publish","type":"product","link":"https:\/\/eurorxdrugs.cc\/nl\/product\/prednisolonehandelsname-prednisolon-hauptbestandteil-prednisolon-produktionsform-pillen-verwendung-allergien-blutkrankheiten-hautkrankheiten-infektionen-einige-arten-von-krebs-verfugbare-dosi\/","title":{"rendered":"Prednisolone"},"content":{"rendered":"<div class=\"pro-description_name\">Beschreibung<\/div>\n<div class=\"pro-description_content\">\n<h2><b>Informationen zu Prednisolon<\/b><\/h2>\n<h3><b>H\u00e4ufige Anwendung<\/b><\/h3>\n<p><b>Prednisolon<\/b> ist ein synthetisches Analogon der Hormone Cortison und Hydrocortison. Das Medikament hat signifikante entz\u00fcndungshemmende, antiallergische, anti-exsudative, antischockartige und antitoxische Wirkungen. Die entz\u00fcndungshemmende Wirkung von Prednisolon wird haupts\u00e4chlich durch zytosolische Glucocorticosteroid-Rezeptoren vermittelt. Der Hormon-Rezeptor-Komplex dringt in den Zellkern der Zielzelle ein und f\u00f6rdert die Expression von Genen, die f\u00fcr die Synthese von Lipoproteinen kodieren, Substanzen, die Phospholipase A2 hemmen und die Synthese von Metaboliten der Arachidons\u00e4ure reduzieren, die an entz\u00fcndlichen Reaktionen beteiligt sind. Die antiallergische Wirkung des Medikaments erkl\u00e4rt sich durch die F\u00e4higkeit, die Anzahl der Basophile zu verringern und die Synthese und Sekretion biologisch aktiver Substanzen zu hemmen. Prednisolon wird zur Behandlung verschiedener Erkrankungen eingesetzt, darunter allergische St\u00f6rungen, Kollagenosen (Hauterkrankungen), infekti\u00f6se unspezifische Polyarthritis, Psoriasis, Lupus, Colitis ulcerosa, Asthma bronchiale, akute lymphoblastische und myeloische Leuk\u00e4mie, Neurodermitis, Ekzeme, Addison-Krankheit (verminderte Nebennierenfunktion) und viele andere.<\/p>\n<h3><b>Dosierung und Anwendung<\/b><\/h3>\n<p>Die Dosierung muss f\u00fcr jede Erkrankung individuell festgelegt werden. Akute Erkrankungen beginnen normalerweise mit einer Dosis von <b>5-60 mg pro Tag<\/b>. Die Erhaltungsdosis betr\u00e4gt in der Regel <b>5-10 mg pro Tag<\/b>. Nehmen Sie Prednisolon nicht in h\u00f6herer Dosis als verschrieben ein. Befolgen Sie alle Empfehlungen Ihres Arztes.<\/p>\n<h3><b>Vorsichtsma\u00dfnahmen<\/b><\/h3>\n<p>Informieren Sie Ihren Arzt \u00fcber alle Erkrankungen, die Sie haben, insbesondere \u00fcber <b>Leber- oder Nierenerkrankungen<\/b>, <b>Schilddr\u00fcsenerkrankungen<\/b>, <b>Diabetes<\/b>, <b>Tuberkulose<\/b>, <b>Malaria<\/b>, <b>Myasthenia gravis<\/b>, <b>Magenulzera<\/b>, <b>Glaukom<\/b> und <b>psychische Erkrankungen<\/b>, da die Verwendung von Steroiden diese Zust\u00e4nde beeinflussen kann. Steroidmedikamente k\u00f6nnen das Immunsystem schw\u00e4chen, was es einfacher machen kann, neue Infektionen zu bekommen oder bestehende Infektionen zu verschlimmern. Informieren Sie Ihren Arzt, wenn Sie k\u00fcrzlich an einer Infektion erkrankt sind. Vermeiden Sie den Kontakt mit kranken Menschen. Informieren Sie Ihren Arzt, wenn Sie Kontakt mit Personen hatten, die <b>Windpocken<\/b> oder <b>Masern<\/b> haben, da diese Krankheiten f\u00fcr Menschen, die Steroide einnehmen, gef\u00e4hrlich sein k\u00f6nnen. Lassen Sie sich w\u00e4hrend der Behandlung mit Prednisolon nicht mit <b>Lebendimpfstoffen<\/b> impfen. Beenden Sie die Behandlung mit Prednisolon nicht pl\u00f6tzlich, um Entzugserscheinungen zu vermeiden. Informieren Sie Ihren Arzt, wenn Sie <b>schwanger<\/b> sind.<\/p>\n<h3><b>Gegenanzeigen<\/b><\/h3>\n<p>Dieses Medikament sollte nicht bei Patienten mit <b>schwerer Hypertonie<\/b>, <b>Diabetes<\/b>, <b>Cushing-Syndrom<\/b>, <b>schwangeren Frauen<\/b>, <b>schwerer Kreislaufinsuffizienz<\/b>, <b>akuter Endokarditis<\/b> (Entz\u00fcndung der inneren Herzh\u00f6hlen), <b>Psychose<\/b>, <b>Nephritis<\/b>, <b>Osteoporose<\/b>, <b>Magen- und Zw\u00f6lffingerdarmgeschw\u00fcren<\/b>, <b>k\u00fcrzlich durchgef\u00fchrter Operation<\/b>, <b>Syphilis<\/b>, <b>aktiver Tuberkulose<\/b> oder bei <b>\u00e4lteren Patienten<\/b> angewendet werden.<\/p>\n<h3><b>Nebenwirkungen<\/b><\/h3>\n<p>Dieses Medikament kann <b>Adipositas<\/b>, <b>Hirsutismus<\/b> (exzessives K\u00f6rperhaarwachstum bei Frauen), <b>Akne<\/b>, <b>Menstruationsst\u00f6rungen<\/b>, <b>Osteoporose<\/b>, <b>Cushing-Syndrom<\/b> (Adipositas, verringerte sexuelle Funktion, Knochenbr\u00fcchigkeit), <b>gastrointestinale Ulzerationen<\/b>, <b>Ulzerperforation<\/b>, <b>h\u00e4morrhagische Pankreatitis<\/b>, <b>Hyperglyk\u00e4mie<\/b> (erh\u00f6hter Blutzuckerspiegel), <b>erh\u00f6hte Blutgerinnung<\/b> und <b>psychische St\u00f6rungen<\/b> verursachen. Entzugserscheinungen sind m\u00f6glich, insbesondere nach langfristiger Behandlung. Andere Nebenwirkungen, die Sie Ihrem Arzt melden sollten, wenn sie sich verschlimmern, sind <b>Seh\u00e4nderungen<\/b>, <b>Depressionen<\/b>, <b>Krampfanf\u00e4lle<\/b>, <b>blutiger oder teeriger Stuhl<\/b>, <b>niedriges Kalium<\/b> (erh\u00f6hte Urinmenge, extreme Durst, unregelm\u00e4\u00dfiger Herzschlag) und <b>Hypertonie<\/b>.<\/p>\n<h3><b>Wechselwirkungen<\/b><\/h3>\n<p>Wechselwirkungen mit Prednisolon umfassen:<\/p>\n<ul>\n<li><b>Acetazolamid<\/b><\/li>\n<li><b>Anti-entz\u00fcndliche Medikamente<\/b> (NSAIDs, wie Ibuprofen)<\/li>\n<li><b>Barbiturate<\/b> zur Schlafinduktion oder Behandlung von Krampfanf\u00e4llen<\/li>\n<li><b>Bosentan<\/b><\/li>\n<li><b>Calciumpr\u00e4parate<\/b><\/li>\n<li><b>Bestimmte Herzmedikamente<\/b><\/li>\n<li><b>Weibliche Hormone<\/b>, einschlie\u00dflich Verh\u00fctungsmittel oder <b>Antibabypillen<\/b><\/li>\n<li><b>Lebendvirusimpfstoffe<\/b> und andere Toxoide und Impfstoffe<\/li>\n<li><b>Diabetesmedikamente<\/b><\/li>\n<li><b>Mifepriston<\/b><\/li>\n<li><b>Phenytoin<\/b><\/li>\n<li><b>Rifabutin<\/b><\/li>\n<li><b>Rifampin<\/b><\/li>\n<li><b>Diuretika<\/b><\/li>\n<li><b>Warfarin<\/b><\/li>\n<\/ul>\n<p>Informieren Sie Ihren Arzt oder Ihre medizinische Fachkraft \u00fcber alle anderen Medikamente, die Sie einnehmen, einschlie\u00dflich rezeptfreier Medikamente, Nahrungserg\u00e4nzungsmittel oder pflanzlicher Mittel. Informieren Sie auch Ihren \u00fcberweisenden Arzt oder Ihre medizinische Fachkraft, wenn Sie regelm\u00e4\u00dfig koffeinhaltige Getr\u00e4nke oder Alkohol konsumieren, rauchen oder illegale Drogen verwenden. Diese k\u00f6nnen die Wirkung Ihres Medikaments beeinflussen. Konsultieren Sie Ihren Arzt, bevor Sie ein Medikament absetzen oder ein neues beginnen.<\/p>\n<h3><b>Fehlende Dosis<\/b><\/h3>\n<p>Wenn Sie eine Dosis vergessen haben, nehmen Sie diese so schnell wie m\u00f6glich ein. Wenn es fast Zeit f\u00fcr die n\u00e4chste Dosis ist, wenden Sie sich an Ihren Verschreiber oder Ihre medizinische Fachkraft. Je nach Ihrem Zustand und Ihrer Behandlung m\u00fcssen Sie m\u00f6glicherweise eine Dosis auslassen oder eine doppelte Dosis einnehmen. Nehmen Sie keine doppelten oder zus\u00e4tzlichen Dosen ohne R\u00fccksprache.<\/p>\n<h3><b>\u00dcberdosierung<\/b><\/h3>\n<p>Dieses Medikament verursacht in der Regel keine lebensbedrohlichen Symptome. Gef\u00e4hrliche Zust\u00e4nde k\u00f6nnen durch langfristige Anwendung des Medikaments entstehen: leichte Bluterg\u00fcsse, d\u00fcnne Haut, K\u00f6rperfettansammlungen im R\u00fccken, Gesicht, Nacken und in der Taille, Akne oder Gesichtsbehaarung, Impotenz, Menstruationsprobleme.<\/p>\n<h3><b>Aufbewahrung<\/b><\/h3>\n<p>Lagern Sie bei Raumtemperatur zwischen <b>20-25 \u00b0C<\/b> (68-77 \u00b0F). Vor Feuchtigkeit, W\u00e4rme und Sonnenlicht sch\u00fctzen. Nicht im Badezimmer oder an f\u00fcr Kinder erreichbaren Orten aufbewahren.<\/p>\n<\/div>\n","protected":false},"excerpt":{"rendered":"<div><b>Handelsname:<\/b> Prednisolon<\/div>\n<div><b>Hauptbestandteil:\u00a0<\/b>Prednisolon<\/div>\n<div><b>Produktionsform: <\/b>Pillen<\/div>\n<div><b>Verwendung:<\/b> Allergien, Blutkrankheiten, Hautkrankheiten, Infektionen, einige Arten von Krebs.<\/div>\n<div><b>Verf\u00fcgbare Dosierung:\u00a0<\/b>5mg, 10mg, 20mg, 40mg<\/div>\n","protected":false},"featured_media":5765,"comment_status":"open","ping_status":"closed","template":"","meta":[],"product_cat":[21],"product_tag":[],"class_list":{"0":"post-5764","1":"product","2":"type-product","3":"status-publish","4":"has-post-thumbnail","6":"product_cat-skin-care-dermatology","8":"first","9":"instock","10":"shipping-taxable","11":"product-type-grouped"},"yoast_head":"<!-- This site is optimized with the Yoast SEO plugin v24.1 - https:\/\/yoast.com\/wordpress\/plugins\/seo\/ -->\n<title>Bestellen Sie Prednisolone ohne Rezept zum niedrigen Preis | Eurorxdrugs<\/title>\n<meta name=\"description\" content=\"Kaufen Sie Prednisolone jetzt! Echtes Medikament und schnelle Lieferung inklusive. 100% diskreter und vertraulicher Service f\u00fcr alle unsere Kunden bei Eurorxdrugs\" \/>\n<meta name=\"robots\" content=\"index, follow, max-snippet:-1, max-image-preview:large, max-video-preview:-1\" \/>\n<link rel=\"canonical\" href=\"https:\/\/eurorxdrugs.cc\/nl\/product\/prednisolonehandelsname-prednisolon-hauptbestandteil-prednisolon-produktionsform-pillen-verwendung-allergien-blutkrankheiten-hautkrankheiten-infektionen-einige-arten-von-krebs-verfugbare-dosi\/\" \/>\n<meta property=\"og:locale\" content=\"nl_NL\" \/>\n<meta property=\"og:type\" content=\"article\" \/>\n<meta property=\"og:title\" content=\"Bestellen Sie Prednisolone ohne Rezept zum niedrigen Preis | Eurorxdrugs\" \/>\n<meta property=\"og:description\" content=\"Kaufen Sie Prednisolone jetzt! Echtes Medikament und schnelle Lieferung inklusive. 100% diskreter und vertraulicher Service f\u00fcr alle unsere Kunden bei Eurorxdrugs\" \/>\n<meta property=\"og:url\" content=\"https:\/\/eurorxdrugs.cc\/nl\/product\/prednisolonehandelsname-prednisolon-hauptbestandteil-prednisolon-produktionsform-pillen-verwendung-allergien-blutkrankheiten-hautkrankheiten-infektionen-einige-arten-von-krebs-verfugbare-dosi\/\" \/>\n<meta property=\"og:site_name\" content=\"eurorxdrugs\" \/>\n<meta property=\"article:modified_time\" content=\"2024-11-01T19:29:57+00:00\" \/>\n<meta property=\"og:image\" content=\"https:\/\/eurorxdrugs.cc\/nl\/wp-content\/uploads\/2024\/11\/255-min.jpg\" \/>\n\t<meta property=\"og:image:width\" content=\"270\" \/>\n\t<meta property=\"og:image:height\" content=\"300\" \/>\n\t<meta property=\"og:image:type\" content=\"image\/jpeg\" \/>\n<meta name=\"twitter:card\" content=\"summary_large_image\" \/>\n<meta name=\"twitter:label1\" content=\"Geschatte leestijd\" \/>\n\t<meta name=\"twitter:data1\" content=\"4 minuten\" \/>\n<script type=\"application\/ld+json\" class=\"yoast-schema-graph\">{\"@context\":\"https:\/\/schema.org\",\"@graph\":[{\"@type\":\"WebPage\",\"@id\":\"https:\/\/eurorxdrugs.cc\/nl\/product\/prednisolonehandelsname-prednisolon-hauptbestandteil-prednisolon-produktionsform-pillen-verwendung-allergien-blutkrankheiten-hautkrankheiten-infektionen-einige-arten-von-krebs-verfugbare-dosi\/\",\"url\":\"https:\/\/eurorxdrugs.cc\/nl\/product\/prednisolonehandelsname-prednisolon-hauptbestandteil-prednisolon-produktionsform-pillen-verwendung-allergien-blutkrankheiten-hautkrankheiten-infektionen-einige-arten-von-krebs-verfugbare-dosi\/\",\"name\":\"Bestellen Sie Prednisolone ohne Rezept zum niedrigen Preis | Eurorxdrugs\",\"isPartOf\":{\"@id\":\"https:\/\/eurorxdrugs.cc\/nl\/#website\"},\"primaryImageOfPage\":{\"@id\":\"https:\/\/eurorxdrugs.cc\/nl\/product\/prednisolonehandelsname-prednisolon-hauptbestandteil-prednisolon-produktionsform-pillen-verwendung-allergien-blutkrankheiten-hautkrankheiten-infektionen-einige-arten-von-krebs-verfugbare-dosi\/#primaryimage\"},\"image\":{\"@id\":\"https:\/\/eurorxdrugs.cc\/nl\/product\/prednisolonehandelsname-prednisolon-hauptbestandteil-prednisolon-produktionsform-pillen-verwendung-allergien-blutkrankheiten-hautkrankheiten-infektionen-einige-arten-von-krebs-verfugbare-dosi\/#primaryimage\"},\"thumbnailUrl\":\"https:\/\/eurorxdrugs.cc\/nl\/wp-content\/uploads\/2024\/11\/255-min.jpg\",\"datePublished\":\"2024-11-01T19:14:04+00:00\",\"dateModified\":\"2024-11-01T19:29:57+00:00\",\"description\":\"Kaufen Sie Prednisolone jetzt! Echtes Medikament und schnelle Lieferung inklusive. 100% diskreter und vertraulicher Service f\u00fcr alle unsere Kunden bei Eurorxdrugs\",\"breadcrumb\":{\"@id\":\"https:\/\/eurorxdrugs.cc\/nl\/product\/prednisolonehandelsname-prednisolon-hauptbestandteil-prednisolon-produktionsform-pillen-verwendung-allergien-blutkrankheiten-hautkrankheiten-infektionen-einige-arten-von-krebs-verfugbare-dosi\/#breadcrumb\"},\"inLanguage\":\"nl-NL\",\"potentialAction\":[{\"@type\":\"ReadAction\",\"target\":[\"https:\/\/eurorxdrugs.cc\/nl\/product\/prednisolonehandelsname-prednisolon-hauptbestandteil-prednisolon-produktionsform-pillen-verwendung-allergien-blutkrankheiten-hautkrankheiten-infektionen-einige-arten-von-krebs-verfugbare-dosi\/\"]}]},{\"@type\":\"ImageObject\",\"inLanguage\":\"nl-NL\",\"@id\":\"https:\/\/eurorxdrugs.cc\/nl\/product\/prednisolonehandelsname-prednisolon-hauptbestandteil-prednisolon-produktionsform-pillen-verwendung-allergien-blutkrankheiten-hautkrankheiten-infektionen-einige-arten-von-krebs-verfugbare-dosi\/#primaryimage\",\"url\":\"https:\/\/eurorxdrugs.cc\/nl\/wp-content\/uploads\/2024\/11\/255-min.jpg\",\"contentUrl\":\"https:\/\/eurorxdrugs.cc\/nl\/wp-content\/uploads\/2024\/11\/255-min.jpg\",\"width\":270,\"height\":300},{\"@type\":\"BreadcrumbList\",\"@id\":\"https:\/\/eurorxdrugs.cc\/nl\/product\/prednisolonehandelsname-prednisolon-hauptbestandteil-prednisolon-produktionsform-pillen-verwendung-allergien-blutkrankheiten-hautkrankheiten-infektionen-einige-arten-von-krebs-verfugbare-dosi\/#breadcrumb\",\"itemListElement\":[{\"@type\":\"ListItem\",\"position\":1,\"name\":\"Home\",\"item\":\"https:\/\/eurorxdrugs.cc\/nl\/\"},{\"@type\":\"ListItem\",\"position\":2,\"name\":\"Products\",\"item\":\"https:\/\/eurorxdrugs.cc\/nl\/shop\/\"},{\"@type\":\"ListItem\",\"position\":3,\"name\":\"Prednisolone\"}]},{\"@type\":\"WebSite\",\"@id\":\"https:\/\/eurorxdrugs.cc\/nl\/#website\",\"url\":\"https:\/\/eurorxdrugs.cc\/nl\/\",\"name\":\"eurorxdrugs\",\"description\":\"\",\"publisher\":{\"@id\":\"https:\/\/eurorxdrugs.cc\/nl\/#organization\"},\"potentialAction\":[{\"@type\":\"SearchAction\",\"target\":{\"@type\":\"EntryPoint\",\"urlTemplate\":\"https:\/\/eurorxdrugs.cc\/nl\/?s={search_term_string}\"},\"query-input\":{\"@type\":\"PropertyValueSpecification\",\"valueRequired\":true,\"valueName\":\"search_term_string\"}}],\"inLanguage\":\"nl-NL\"},{\"@type\":\"Organization\",\"@id\":\"https:\/\/eurorxdrugs.cc\/nl\/#organization\",\"name\":\"eurorxdrugs\",\"url\":\"https:\/\/eurorxdrugs.cc\/nl\/\",\"logo\":{\"@type\":\"ImageObject\",\"inLanguage\":\"nl-NL\",\"@id\":\"https:\/\/eurorxdrugs.cc\/nl\/#\/schema\/logo\/image\/\",\"url\":\"https:\/\/eurorxdrugs.cc\/nl\/wp-content\/uploads\/2024\/09\/logo-1-1.png\",\"contentUrl\":\"https:\/\/eurorxdrugs.cc\/nl\/wp-content\/uploads\/2024\/09\/logo-1-1.png\",\"width\":233,\"height\":54,\"caption\":\"eurorxdrugs\"},\"image\":{\"@id\":\"https:\/\/eurorxdrugs.cc\/nl\/#\/schema\/logo\/image\/\"}}]}<\/script>\n<!-- \/ Yoast SEO plugin. -->","yoast_head_json":{"title":"Bestellen Sie Prednisolone ohne Rezept zum niedrigen Preis | Eurorxdrugs","description":"Kaufen Sie Prednisolone jetzt! Echtes Medikament und schnelle Lieferung inklusive. 100% diskreter und vertraulicher Service f\u00fcr alle unsere Kunden bei Eurorxdrugs","robots":{"index":"index","follow":"follow","max-snippet":"max-snippet:-1","max-image-preview":"max-image-preview:large","max-video-preview":"max-video-preview:-1"},"canonical":"https:\/\/eurorxdrugs.cc\/nl\/product\/prednisolonehandelsname-prednisolon-hauptbestandteil-prednisolon-produktionsform-pillen-verwendung-allergien-blutkrankheiten-hautkrankheiten-infektionen-einige-arten-von-krebs-verfugbare-dosi\/","og_locale":"nl_NL","og_type":"article","og_title":"Bestellen Sie Prednisolone ohne Rezept zum niedrigen Preis | Eurorxdrugs","og_description":"Kaufen Sie Prednisolone jetzt! Echtes Medikament und schnelle Lieferung inklusive. 100% diskreter und vertraulicher Service f\u00fcr alle unsere Kunden bei Eurorxdrugs","og_url":"https:\/\/eurorxdrugs.cc\/nl\/product\/prednisolonehandelsname-prednisolon-hauptbestandteil-prednisolon-produktionsform-pillen-verwendung-allergien-blutkrankheiten-hautkrankheiten-infektionen-einige-arten-von-krebs-verfugbare-dosi\/","og_site_name":"eurorxdrugs","article_modified_time":"2024-11-01T19:29:57+00:00","og_image":[{"width":270,"height":300,"url":"https:\/\/eurorxdrugs.cc\/nl\/wp-content\/uploads\/2024\/11\/255-min.jpg","type":"image\/jpeg"}],"twitter_card":"summary_large_image","twitter_misc":{"Geschatte leestijd":"4 minuten"},"schema":{"@context":"https:\/\/schema.org","@graph":[{"@type":"WebPage","@id":"https:\/\/eurorxdrugs.cc\/nl\/product\/prednisolonehandelsname-prednisolon-hauptbestandteil-prednisolon-produktionsform-pillen-verwendung-allergien-blutkrankheiten-hautkrankheiten-infektionen-einige-arten-von-krebs-verfugbare-dosi\/","url":"https:\/\/eurorxdrugs.cc\/nl\/product\/prednisolonehandelsname-prednisolon-hauptbestandteil-prednisolon-produktionsform-pillen-verwendung-allergien-blutkrankheiten-hautkrankheiten-infektionen-einige-arten-von-krebs-verfugbare-dosi\/","name":"Bestellen Sie Prednisolone ohne Rezept zum niedrigen Preis | Eurorxdrugs","isPartOf":{"@id":"https:\/\/eurorxdrugs.cc\/nl\/#website"},"primaryImageOfPage":{"@id":"https:\/\/eurorxdrugs.cc\/nl\/product\/prednisolonehandelsname-prednisolon-hauptbestandteil-prednisolon-produktionsform-pillen-verwendung-allergien-blutkrankheiten-hautkrankheiten-infektionen-einige-arten-von-krebs-verfugbare-dosi\/#primaryimage"},"image":{"@id":"https:\/\/eurorxdrugs.cc\/nl\/product\/prednisolonehandelsname-prednisolon-hauptbestandteil-prednisolon-produktionsform-pillen-verwendung-allergien-blutkrankheiten-hautkrankheiten-infektionen-einige-arten-von-krebs-verfugbare-dosi\/#primaryimage"},"thumbnailUrl":"https:\/\/eurorxdrugs.cc\/nl\/wp-content\/uploads\/2024\/11\/255-min.jpg","datePublished":"2024-11-01T19:14:04+00:00","dateModified":"2024-11-01T19:29:57+00:00","description":"Kaufen Sie Prednisolone jetzt! Echtes Medikament und schnelle Lieferung inklusive. 100% diskreter und vertraulicher Service f\u00fcr alle unsere Kunden bei Eurorxdrugs","breadcrumb":{"@id":"https:\/\/eurorxdrugs.cc\/nl\/product\/prednisolonehandelsname-prednisolon-hauptbestandteil-prednisolon-produktionsform-pillen-verwendung-allergien-blutkrankheiten-hautkrankheiten-infektionen-einige-arten-von-krebs-verfugbare-dosi\/#breadcrumb"},"inLanguage":"nl-NL","potentialAction":[{"@type":"ReadAction","target":["https:\/\/eurorxdrugs.cc\/nl\/product\/prednisolonehandelsname-prednisolon-hauptbestandteil-prednisolon-produktionsform-pillen-verwendung-allergien-blutkrankheiten-hautkrankheiten-infektionen-einige-arten-von-krebs-verfugbare-dosi\/"]}]},{"@type":"ImageObject","inLanguage":"nl-NL","@id":"https:\/\/eurorxdrugs.cc\/nl\/product\/prednisolonehandelsname-prednisolon-hauptbestandteil-prednisolon-produktionsform-pillen-verwendung-allergien-blutkrankheiten-hautkrankheiten-infektionen-einige-arten-von-krebs-verfugbare-dosi\/#primaryimage","url":"https:\/\/eurorxdrugs.cc\/nl\/wp-content\/uploads\/2024\/11\/255-min.jpg","contentUrl":"https:\/\/eurorxdrugs.cc\/nl\/wp-content\/uploads\/2024\/11\/255-min.jpg","width":270,"height":300},{"@type":"BreadcrumbList","@id":"https:\/\/eurorxdrugs.cc\/nl\/product\/prednisolonehandelsname-prednisolon-hauptbestandteil-prednisolon-produktionsform-pillen-verwendung-allergien-blutkrankheiten-hautkrankheiten-infektionen-einige-arten-von-krebs-verfugbare-dosi\/#breadcrumb","itemListElement":[{"@type":"ListItem","position":1,"name":"Home","item":"https:\/\/eurorxdrugs.cc\/nl\/"},{"@type":"ListItem","position":2,"name":"Products","item":"https:\/\/eurorxdrugs.cc\/nl\/shop\/"},{"@type":"ListItem","position":3,"name":"Prednisolone"}]},{"@type":"WebSite","@id":"https:\/\/eurorxdrugs.cc\/nl\/#website","url":"https:\/\/eurorxdrugs.cc\/nl\/","name":"eurorxdrugs","description":"","publisher":{"@id":"https:\/\/eurorxdrugs.cc\/nl\/#organization"},"potentialAction":[{"@type":"SearchAction","target":{"@type":"EntryPoint","urlTemplate":"https:\/\/eurorxdrugs.cc\/nl\/?s={search_term_string}"},"query-input":{"@type":"PropertyValueSpecification","valueRequired":true,"valueName":"search_term_string"}}],"inLanguage":"nl-NL"},{"@type":"Organization","@id":"https:\/\/eurorxdrugs.cc\/nl\/#organization","name":"eurorxdrugs","url":"https:\/\/eurorxdrugs.cc\/nl\/","logo":{"@type":"ImageObject","inLanguage":"nl-NL","@id":"https:\/\/eurorxdrugs.cc\/nl\/#\/schema\/logo\/image\/","url":"https:\/\/eurorxdrugs.cc\/nl\/wp-content\/uploads\/2024\/09\/logo-1-1.png","contentUrl":"https:\/\/eurorxdrugs.cc\/nl\/wp-content\/uploads\/2024\/09\/logo-1-1.png","width":233,"height":54,"caption":"eurorxdrugs"},"image":{"@id":"https:\/\/eurorxdrugs.cc\/nl\/#\/schema\/logo\/image\/"}}]}},"_links":{"self":[{"href":"https:\/\/eurorxdrugs.cc\/nl\/wp-json\/wp\/v2\/product\/5764","targetHints":{"allow":["GET"]}}],"collection":[{"href":"https:\/\/eurorxdrugs.cc\/nl\/wp-json\/wp\/v2\/product"}],"about":[{"href":"https:\/\/eurorxdrugs.cc\/nl\/wp-json\/wp\/v2\/types\/product"}],"replies":[{"embeddable":true,"href":"https:\/\/eurorxdrugs.cc\/nl\/wp-json\/wp\/v2\/comments?post=5764"}],"wp:featuredmedia":[{"embeddable":true,"href":"https:\/\/eurorxdrugs.cc\/nl\/wp-json\/wp\/v2\/media\/5765"}],"wp:attachment":[{"href":"https:\/\/eurorxdrugs.cc\/nl\/wp-json\/wp\/v2\/media?parent=5764"}],"wp:term":[{"taxonomy":"product_cat","embeddable":true,"href":"https:\/\/eurorxdrugs.cc\/nl\/wp-json\/wp\/v2\/product_cat?post=5764"},{"taxonomy":"product_tag","embeddable":true,"href":"https:\/\/eurorxdrugs.cc\/nl\/wp-json\/wp\/v2\/product_tag?post=5764"}],"curies":[{"name":"wp","href":"https:\/\/api.w.org\/{rel}","templated":true}]}}